{"id":8793,"date":"2017-05-07T09:18:17","date_gmt":"2017-05-07T09:18:17","guid":{"rendered":"http:\/\/barcelona-sprachschule.de\/?page_id=8793\/"},"modified":"2021-02-17T23:44:31","modified_gmt":"2021-02-17T23:44:31","slug":"kontakt","status":"publish","type":"page","link":"https:\/\/www.academia-barcelona.com\/sq\/kontakt\/","title":{"rendered":"Kontakt"},"content":{"rendered":"<p>[vc_row css=&#8221;.vc_custom_1613605467719{margin-top: 30px !important;padding-bottom: 30px !important;}&#8221;][vc_column][vc_column_text]<\/p>\n<h1>Na kontaktoni dhe t\u00eb m\u00ebsojn\u00eb spanjisht n\u00eb Barcelon\u00eb<\/h1>\n<p>Nevoj\u00eb p\u00ebr ndihm\u00eb? Kontakt.[\/vc_column_text][\/vc_column][\/vc_row][vc_row full_width=&#8221;stretch_row&#8221; css=&#8221;.vc_custom_1493993804155{padding-top: 30px !important;padding-bottom: 30px !important;background-color: #f9f9f9 !important;}&#8221;][vc_column][vc_column_text]\n<div class=\"wpcf7 no-js\" id=\"wpcf7-f8797-o1\" lang=\"es-ES\" dir=\"ltr\" data-wpcf7-id=\"8797\">\n<div class=\"screen-reader-response\"><p role=\"status\" aria-live=\"polite\" aria-atomic=\"true\"><\/p> <ul><\/ul><\/div>\n<form action=\"\/sq\/wp-json\/wp\/v2\/pages\/8793#wpcf7-f8797-o1\" method=\"post\" class=\"wpcf7-form init\" aria-label=\"Formulario de contacto\" novalidate=\"novalidate\" data-status=\"init\">\n<fieldset class=\"hidden-fields-container\"><input type=\"hidden\" name=\"_wpcf7\" value=\"8797\" \/><input type=\"hidden\" name=\"_wpcf7_version\" value=\"6.1.5\" \/><input type=\"hidden\" name=\"_wpcf7_locale\" value=\"es_ES\" \/><input type=\"hidden\" name=\"_wpcf7_unit_tag\" value=\"wpcf7-f8797-o1\" \/><input type=\"hidden\" name=\"_wpcf7_container_post\" value=\"0\" \/><input type=\"hidden\" name=\"_wpcf7_posted_data_hash\" value=\"\" \/><input type=\"hidden\" name=\"_wpcf7cf_hidden_group_fields\" value=\"[]\" \/><input type=\"hidden\" name=\"_wpcf7cf_hidden_groups\" value=\"[]\" \/><input type=\"hidden\" name=\"_wpcf7cf_visible_groups\" value=\"[]\" \/><input type=\"hidden\" name=\"_wpcf7cf_repeaters\" value=\"[]\" \/><input type=\"hidden\" name=\"_wpcf7cf_steps\" value=\"{}\" \/><input type=\"hidden\" name=\"_wpcf7cf_options\" value=\"{&quot;form_id&quot;:8797,&quot;conditions&quot;:[],&quot;settings&quot;:{&quot;animation&quot;:&quot;yes&quot;,&quot;animation_intime&quot;:200,&quot;animation_outtime&quot;:200,&quot;conditions_ui&quot;:&quot;normal&quot;,&quot;notice_dismissed&quot;:false}}\" \/><input type=\"hidden\" name=\"_wpcf7_recaptcha_response\" value=\"\" \/>\n<\/fieldset>\n<p>Emri Jot (e domosdoshme)\n<\/p>\n<p><span class=\"wpcf7-form-control-wrap\" data-name=\"your-name\"><input size=\"40\" maxlength=\"400\" class=\"wpcf7-form-control wpcf7-text wpcf7-validates-as-required\" aria-required=\"true\" aria-invalid=\"false\" value=\"\" type=\"text\" name=\"your-name\" \/><\/span>\n<\/p>\n<p>Adresa Jote (e domosdoshme)\n<\/p>\n<p><span class=\"wpcf7-form-control-wrap\" data-name=\"your-email\"><input size=\"40\" maxlength=\"400\" class=\"wpcf7-form-control wpcf7-email wpcf7-validates-as-required wpcf7-text wpcf7-validates-as-email\" aria-required=\"true\" aria-invalid=\"false\" value=\"\" type=\"email\" name=\"your-email\" \/><\/span>\n<\/p>\n<p>Subjekti\n<\/p>\n<p><span class=\"wpcf7-form-control-wrap\" data-name=\"your-subject\"><input size=\"40\" maxlength=\"400\" class=\"wpcf7-form-control wpcf7-text\" aria-invalid=\"false\" value=\"\" type=\"text\" name=\"your-subject\" \/><\/span>\n<\/p>\n<p>Mesazhi Juaj\n<\/p>\n<p><span class=\"wpcf7-form-control-wrap\" data-name=\"your-message\"><textarea cols=\"40\" rows=\"10\" maxlength=\"2000\" class=\"wpcf7-form-control wpcf7-textarea\" aria-invalid=\"false\" name=\"your-message\"><\/textarea><\/span>\n<\/p>\n<p><input class=\"wpcf7-form-control wpcf7-submit has-spinner\" type=\"submit\" value=\"Dergo\" \/>\n<\/p><div class=\"wpcf7-response-output\" aria-hidden=\"true\"><\/div>\n<\/form>\n<\/div>\n[\/vc_column_text][\/vc_column][\/vc_row]<\/p>\n","protected":false},"excerpt":{"rendered":"<p>[vc_row css=&#8221;.vc_custom_1613605467719{margin-top: 30px !important;padding-bottom: 30px !important;}&#8221;][vc_column][vc_column_text] Na kontaktoni dhe t\u00eb m\u00ebsojn\u00eb spanjisht n\u00eb Barcelon\u00eb Nevoj\u00eb p\u00ebr ndihm\u00eb? Kontakt.[\/vc_column_text][\/vc_column][\/vc_row][vc_row full_width=&#8221;stretch_row&#8221; css=&#8221;.vc_custom_1493993804155{padding-top: 30px !important;padding-bottom: 30px !important;background-color: #f9f9f9 !important;}&#8221;][vc_column][vc_column_text][\/vc_column_text][\/vc_column][\/vc_row]<\/p>\n","protected":false},"author":3,"featured_media":0,"parent":0,"menu_order":0,"comment_status":"closed","ping_status":"closed","template":"","meta":{"footnotes":""},"class_list":["post-8793","page","type-page","status-publish","hentry"],"yoast_head":"<!-- This site is optimized with the Yoast SEO plugin v27.1.1 - https:\/\/yoast.com\/product\/yoast-seo-wordpress\/ -->\n<title>Na kontaktoni dhe t\u00eb m\u00ebsojn\u00eb spanjisht n\u00eb Barcelon\u00eb.<\/title>\n<meta name=\"description\" content=\"Na kontaktoni dhe t\u00eb m\u00ebsojn\u00eb spanjisht n\u00eb Barcelon\u00eb. Kurse p\u00ebr t\u00eb gjitha nivelet. m\u00ebsues t\u00eb kualifikuar vendas.\" \/>\n<meta name=\"robots\" content=\"index, follow, max-snippet:-1, max-image-preview:large, max-video-preview:-1\" \/>\n<link rel=\"canonical\" href=\"https:\/\/www.academia-barcelona.com\/sq\/kontakt\/\" \/>\n<meta property=\"og:locale\" content=\"sq_AL\" \/>\n<meta property=\"og:type\" content=\"article\" \/>\n<meta property=\"og:title\" content=\"Na kontaktoni dhe t\u00eb m\u00ebsojn\u00eb spanjisht n\u00eb Barcelon\u00eb.\" \/>\n<meta property=\"og:description\" content=\"Na kontaktoni dhe t\u00eb m\u00ebsojn\u00eb spanjisht n\u00eb Barcelon\u00eb. Kurse p\u00ebr t\u00eb gjitha nivelet. m\u00ebsues t\u00eb kualifikuar vendas.\" \/>\n<meta property=\"og:url\" content=\"https:\/\/www.academia-barcelona.com\/sq\/kontakt\/\" \/>\n<meta property=\"article:modified_time\" content=\"2021-02-17T23:44:31+00:00\" \/>\n<meta name=\"twitter:card\" content=\"summary_large_image\" \/>\n<meta name=\"twitter:label1\" content=\"Est. reading time\" \/>\n\t<meta name=\"twitter:data1\" content=\"1 minut\u00eb\" \/>\n<script type=\"application\/ld+json\" class=\"yoast-schema-graph\">{\"@context\":\"https:\/\/schema.org\",\"@graph\":[{\"@type\":\"WebPage\",\"@id\":\"https:\/\/www.academia-barcelona.com\/sq\/kontakt\/\",\"url\":\"https:\/\/www.academia-barcelona.com\/sq\/kontakt\/\",\"name\":\"Na kontaktoni dhe t\u00eb m\u00ebsojn\u00eb spanjisht n\u00eb Barcelon\u00eb.\",\"isPartOf\":{\"@id\":\"https:\/\/www.academia-barcelona.com\/#website\"},\"datePublished\":\"2017-05-07T09:18:17+00:00\",\"dateModified\":\"2021-02-17T23:44:31+00:00\",\"description\":\"Na kontaktoni dhe t\u00eb m\u00ebsojn\u00eb spanjisht n\u00eb Barcelon\u00eb. Kurse p\u00ebr t\u00eb gjitha nivelet. m\u00ebsues t\u00eb kualifikuar vendas.\",\"inLanguage\":\"sq\",\"potentialAction\":[{\"@type\":\"ReadAction\",\"target\":[\"https:\/\/www.academia-barcelona.com\/sq\/kontakt\/\"]}]},{\"@type\":\"WebSite\",\"@id\":\"https:\/\/www.academia-barcelona.com\/#website\",\"url\":\"https:\/\/www.academia-barcelona.com\/\",\"name\":\"\",\"description\":\"\",\"potentialAction\":[{\"@type\":\"SearchAction\",\"target\":{\"@type\":\"EntryPoint\",\"urlTemplate\":\"https:\/\/www.academia-barcelona.com\/?s={search_term_string}\"},\"query-input\":{\"@type\":\"PropertyValueSpecification\",\"valueRequired\":true,\"valueName\":\"search_term_string\"}}],\"inLanguage\":\"sq\"}]}<\/script>\n<!-- \/ Yoast SEO plugin. -->","yoast_head_json":{"title":"Na kontaktoni dhe t\u00eb m\u00ebsojn\u00eb spanjisht n\u00eb Barcelon\u00eb.","description":"Na kontaktoni dhe t\u00eb m\u00ebsojn\u00eb spanjisht n\u00eb Barcelon\u00eb. Kurse p\u00ebr t\u00eb gjitha nivelet. m\u00ebsues t\u00eb kualifikuar vendas.","robots":{"index":"index","follow":"follow","max-snippet":"max-snippet:-1","max-image-preview":"max-image-preview:large","max-video-preview":"max-video-preview:-1"},"canonical":"https:\/\/www.academia-barcelona.com\/sq\/kontakt\/","og_locale":"sq_AL","og_type":"article","og_title":"Na kontaktoni dhe t\u00eb m\u00ebsojn\u00eb spanjisht n\u00eb Barcelon\u00eb.","og_description":"Na kontaktoni dhe t\u00eb m\u00ebsojn\u00eb spanjisht n\u00eb Barcelon\u00eb. Kurse p\u00ebr t\u00eb gjitha nivelet. m\u00ebsues t\u00eb kualifikuar vendas.","og_url":"https:\/\/www.academia-barcelona.com\/sq\/kontakt\/","article_modified_time":"2021-02-17T23:44:31+00:00","twitter_card":"summary_large_image","twitter_misc":{"Est. reading time":"1 minut\u00eb"},"schema":{"@context":"https:\/\/schema.org","@graph":[{"@type":"WebPage","@id":"https:\/\/www.academia-barcelona.com\/sq\/kontakt\/","url":"https:\/\/www.academia-barcelona.com\/sq\/kontakt\/","name":"Na kontaktoni dhe t\u00eb m\u00ebsojn\u00eb spanjisht n\u00eb Barcelon\u00eb.","isPartOf":{"@id":"https:\/\/www.academia-barcelona.com\/#website"},"datePublished":"2017-05-07T09:18:17+00:00","dateModified":"2021-02-17T23:44:31+00:00","description":"Na kontaktoni dhe t\u00eb m\u00ebsojn\u00eb spanjisht n\u00eb Barcelon\u00eb. Kurse p\u00ebr t\u00eb gjitha nivelet. m\u00ebsues t\u00eb kualifikuar vendas.","inLanguage":"sq","potentialAction":[{"@type":"ReadAction","target":["https:\/\/www.academia-barcelona.com\/sq\/kontakt\/"]}]},{"@type":"WebSite","@id":"https:\/\/www.academia-barcelona.com\/#website","url":"https:\/\/www.academia-barcelona.com\/","name":"","description":"","potentialAction":[{"@type":"SearchAction","target":{"@type":"EntryPoint","urlTemplate":"https:\/\/www.academia-barcelona.com\/?s={search_term_string}"},"query-input":{"@type":"PropertyValueSpecification","valueRequired":true,"valueName":"search_term_string"}}],"inLanguage":"sq"}]}},"_links":{"self":[{"href":"https:\/\/www.academia-barcelona.com\/sq\/wp-json\/wp\/v2\/pages\/8793","targetHints":{"allow":["GET"]}}],"collection":[{"href":"https:\/\/www.academia-barcelona.com\/sq\/wp-json\/wp\/v2\/pages"}],"about":[{"href":"https:\/\/www.academia-barcelona.com\/sq\/wp-json\/wp\/v2\/types\/page"}],"author":[{"embeddable":true,"href":"https:\/\/www.academia-barcelona.com\/sq\/wp-json\/wp\/v2\/users\/3"}],"replies":[{"embeddable":true,"href":"https:\/\/www.academia-barcelona.com\/sq\/wp-json\/wp\/v2\/comments?post=8793"}],"version-history":[{"count":6,"href":"https:\/\/www.academia-barcelona.com\/sq\/wp-json\/wp\/v2\/pages\/8793\/revisions"}],"predecessor-version":[{"id":13025,"href":"https:\/\/www.academia-barcelona.com\/sq\/wp-json\/wp\/v2\/pages\/8793\/revisions\/13025"}],"wp:attachment":[{"href":"https:\/\/www.academia-barcelona.com\/sq\/wp-json\/wp\/v2\/media?parent=8793"}],"curies":[{"name":"wp","href":"https:\/\/api.w.org\/{rel}","templated":true}]}}