{"id":8774,"date":"2017-05-03T18:17:03","date_gmt":"2017-05-03T18:17:03","guid":{"rendered":"http:\/\/barcelona-sprachschule.de\/home-de\/"},"modified":"2021-11-03T08:28:38","modified_gmt":"2021-11-03T08:28:38","slug":"home-sq","status":"publish","type":"page","link":"https:\/\/www.academia-barcelona.com\/sq\/","title":{"rendered":"Home (sq)"},"content":{"rendered":"<p>[vc_row full_width=&#8221;stretch_row_content_no_spaces&#8221; content_placement=&#8221;middle&#8221; css=&#8221;.vc_custom_1613597349215{background: #d6d5d3 url(https:\/\/www.academia-barcelona.com\/wp-content\/uploads\/2021\/02\/fondo-2.jpg?id=12968) !important;background-position: 0 0 !important;background-repeat: repeat !important;}&#8221;][vc_column width=&#8221;1\/2&#8243;][vc_single_image image=&#8221;12957&#8243; img_size=&#8221;full&#8221; alignment=&#8221;center&#8221;][\/vc_column][vc_column width=&#8221;1\/2&#8243; css=&#8221;.vc_custom_1609834442227{background-position: center !important;background-repeat: no-repeat !important;background-size: contain !important;}&#8221;][vc_column_text]<\/p>\n<div class=\"slidetitel\">Mire se erdhet<\/div>\n<p>[\/vc_column_text][vc_column_text]<\/p>\n<p style=\"text-align: center; font-size: 40px; margin-top: 15px;\">ne Sprachschule Aktiv<\/p>\n<p>[\/vc_column_text][vc_row_inner css=&#8221;.vc_custom_1613598094270{margin-top: 10px !important;}&#8221;][vc_column_inner]\t<div class=\"vc_btn3-container vc_btn3-center\">\n\t\t<a href=\"https:\/\/www.academia-barcelona.com\/sq\/kontakt\/\" class=\"pgs_btn pgs_btn_style_1 pgs_btn_xl\">\n\t\t\t<span>\n\t\t\t\tNA KONTAKTONI\t\t\t<\/span>\n\t\t\t\t\t\t<i class=\"fas fa-angle-double-right\"><\/i>\n\t\t\t\t\t<\/a>\n\t<\/div>\n\t\t<div class=\"vc_btn3-container vc_btn3-center\">\n\t\t<a href=\"https:\/\/www.academia-barcelona.com\/sq\/\" class=\"pgs_btn pgs_btn_style_1 pgs_btn_xl\">\n\t\t\t<span>\n\t\t\t\tM LESONI SHQIP\t\t\t<\/span>\n\t\t\t\t\t\t<i class=\"fas fa-angle-double-right\"><\/i>\n\t\t\t\t\t<\/a>\n\t<\/div>\n\t[\/vc_column_inner][\/vc_row_inner][\/vc_column][\/vc_row][vc_row top=&#8221;30px&#8221; bottom=&#8221;20px&#8221; css=&#8221;.vc_custom_1493833927981{padding-top: 30px !important;padding-bottom: 30px !important;}&#8221;][vc_column][vc_column_text]<\/p>\n<h1>M\u00ebso spanjisht n\u00eb Barcelon\u00eb &#8211; Spanjisht Kurset e gjuh\u00ebs Shkolla<\/h1>\n<p>[\/vc_column_text][vc_column_text]Nj\u00eb nga m\u00ebnyrat m\u00eb t\u00eb mira p\u00ebr t\u00eb flasin gjuh\u00ebn spanjolle n\u00eb nj\u00eb koh\u00eb t\u00eb shkurt\u00ebr t\u00eb p\u00ebrsosur, nj\u00eb kurs gjuhe n\u00eb vend p\u00ebr t\u00eb vizituar. Pse nuk kombinohen nj\u00eb kurs spanjisht me nj\u00eb vizit\u00eb n\u00eb Barcelon\u00eb. N\u00eb shkoll\u00ebn ton\u00eb gjuh\u00ebs n\u00eb Barcelon\u00eb p\u00ebr t\u00eb m\u00ebsuar spanjisht me m\u00ebsues t\u00eb mir\u00eb t\u00eb gjuh\u00ebs i cili p\u00ebrgjigjet p\u00ebr problemet tuaja dhe mb\u00ebshtetje individuale.<\/p>\n<h2>M\u00ebso spanjisht n\u00eb Barcelon\u00eb me fol\u00ebsit profesionale native<\/h2>\n<p>Shkolla gjuh\u00ebn tuaj p\u00ebr kurset spanjolle ka qen\u00eb e njohur n\u00eb fush\u00ebn e aktive dhe si nj\u00eb shkoll\u00eb e njohur gjuh\u00ebn n\u00eb Barcelon\u00eb p\u00ebr m\u00eb shum\u00eb se 11 vjet.[\/vc_column_text][\/vc_column][\/vc_row][vc_row full_width=&#8221;stretch_row&#8221; top=&#8221;30px&#8221; bottom=&#8221;20px&#8221; css=&#8221;.vc_custom_1493834070618{padding-top: 30px !important;padding-bottom: 30px !important;background-color: #f9f9f9 !important;}&#8221;][vc_column width=&#8221;1\/2&#8243;][vc_single_image image=&#8221;8780&#8243; img_size=&#8221;full&#8221; alignment=&#8221;center&#8221; style=&#8221;vc_box_outline&#8221;][\/vc_column][vc_column width=&#8221;1\/2&#8243;][vc_column_text]<\/p>\n<h2>Ne ofrojm\u00eb kurse spanjisht p\u00ebr fillestar dhe t\u00eb avancuar<\/h2>\n<p>N\u00eb shkoll\u00ebn ton\u00eb gjuh\u00ebs n\u00eb Barcelon\u00eb m\u00ebsojm\u00eb t\u00eb gjitha nivelet nga A1 n\u00eb C2. Para se ju mund t\u00eb filloni duke p\u00ebrdorur kursin e k\u00ebmbimit t\u00eb b\u00ebr\u00eb n\u00eb faqen ton\u00eb t\u00eb internetit ose n\u00eb shkoll\u00ebn ton\u00eb nj\u00eb test t\u00eb lir\u00eb vendosje. Sepse k\u00ebtij testi mund t\u00eb vler\u00ebsoj\u00eb aft\u00ebsit\u00eb e tyre dhe t\u00eb caktoj\u00eb ata n\u00eb grupin e duhur t\u00eb m\u00ebsuarit. Kursi at\u00ebher\u00eb bazohet n\u00eb njohurit\u00eb tuaja. K\u00ebshtu, q\u00eb nga l\u00ebnda nuk \u00ebsht\u00eb trajtuar dy her\u00eb p\u00ebr t\u00eb p\u00ebrshpejtuar progresin.[\/vc_column_text][\/vc_column][\/vc_row][vc_row full_width=&#8221;stretch_row&#8221; top=&#8221;30px&#8221; bottom=&#8221;20px&#8221; css=&#8221;.vc_custom_1493837889250{padding-top: 30px !important;padding-bottom: 30px !important;}&#8221;][vc_column][vc_column_text]<\/p>\n<h2>Kurse intensive spanjolle n\u00eb Barcelon\u00eb &#8211; \u00c7mimet dhe datat<\/h2>\n<p>Koh\u00ebzgjatja: 1 n\u00eb 4 jav\u00eb apo p\u00ebr disa muaj.<br \/>\nDuke filluar nga datat: \u00c7do h\u00ebn\u00ebn!<br \/>\nDatat: E h\u00ebn\u00eb deri t\u00eb premten 9:00 deri n\u00eb or\u00ebn 12:00.<\/p>\n<p><strong>\u00e7mimet:<\/strong><\/p>\n<ul>\n<li>1 jav\u00eb: 149 \u20ac<\/li>\n<li>2 jav\u00eb: 279 \u20ac<\/li>\n<li>3 jav\u00eb: 339 \u20ac<\/li>\n<li>4 jav\u00eb (\u00e7mimi n\u00eb muaj): 399 \u20ac<\/li>\n<\/ul>\n<p>[\/vc_column_text][\/vc_column][\/vc_row][vc_row full_width=&#8221;stretch_row&#8221; top=&#8221;30px&#8221; bottom=&#8221;20px&#8221; css=&#8221;.vc_custom_1493834070618{padding-top: 30px !important;padding-bottom: 30px !important;background-color: #f9f9f9 !important;}&#8221;][vc_column][vc_column_text]<\/p>\n<h2>Ju nuk merrni asnje rrezik,<\/h2>\n<p>Kurset tona gjithmon\u00eb fillojn\u00eb me nj\u00eb klas\u00eb gjykim t\u00eb lir\u00eb. Ti e di se n\u00eb k\u00ebt\u00eb or\u00eb m\u00ebsuesi dhe m\u00ebsimet e tij. M\u00ebsuesit tan\u00eb jan\u00eb fol\u00ebs t\u00eb k\u00ebndsh\u00ebm amtare. Ata m\u00ebsojn\u00eb gjuh\u00ebn n\u00eb p\u00ebrputhje me parimet e njohura t\u00eb arsimit. N\u00ebse ju nuk m\u00eb p\u00eblqen konceptin ton\u00eb ose m\u00ebsuesin, vet\u00ebm le t\u00eb na njohin. at\u00ebher\u00eb Nuk ka asnj\u00eb pages\u00eb p\u00ebr ju.<\/p>\n<h2>Shkolla Jon\u00eb spanjisht gjuhes n\u00eb Barcelone Eshte e njohur nd\u00ebrkomb\u00ebtarisht,<\/h2>\n<p>Nese Ju studioni me ne n\u00eb Barcelona spanjisht ju jeni n\u00eb duar t\u00eb mira. Shkolla jon\u00eb nuk \u00ebsht\u00eb vetem n\u00eb sht\u00ebpi n\u00eb Spanje. Ne Kemi Shkolla T\u00eb gjuh\u00ebs, duke p\u00ebrfshir\u00eb Mynih, Berlin, Frankfurt, Freising dhe Ingolstadt. Deri tani, tashm\u00eb m\u00eb shum\u00eb se 10.000 pjes\u00ebmarr\u00ebs t\u00eb k\u00ebnaqur kan\u00eb marr\u00eb pjese n\u00eb kurset tona. Me ne ju b\u00ebni t\u00eb m\u00ebsojn\u00eb spanjisht dhe opinione nga redaktor\u00ebt p\u00ebrjetojn\u00eb m\u00ebnyr\u00eb n\u00eb fund t\u00eb p\u00ebrsosur magjepsje n\u00eb Barcelona.<\/p>\n<h2>Lidheni kurs spanjisht me nj\u00eb stazh<\/h2>\n<p>Ata duan t\u00eb punojn\u00eb p\u00ebr nj\u00eb kurs spanjolle n\u00eb Barcelon\u00eb ose t\u00eb kryej\u00eb nj\u00eb stazh. Shkolla jon\u00eb klas\u00eb Barcelona School Gjuha (CBLS) \u00ebsht\u00eb i gatsh\u00ebm p\u00ebr t\u00eb ndihmuar n\u00eb gjetjen e nj\u00eb vendosje t\u00eb p\u00ebrshtatshme. Vet\u00ebm bisedoni me ne.[\/vc_column_text][\/vc_column][\/vc_row][vc_row full_width=&#8221;stretch_row&#8221; top=&#8221;30px&#8221; bottom=&#8221;20px&#8221; css=&#8221;.vc_custom_1493837889250{padding-top: 30px !important;padding-bottom: 30px !important;}&#8221;][vc_column][vc_column_text]<\/p>\n<h2>Me neve m\u00ebsojn\u00eb m\u00ebsuesit e kualifikuar spanjoll\u00eb.<\/h2>\n<p>P\u00ebr m\u00ebsimin e nj\u00eb gjuhe t\u00eb re, m\u00ebsuesi \u00ebsht\u00eb vendimtare. P\u00ebr k\u00ebt\u00eb arsye, ne zgjedhim m\u00ebsuesit tuaj me shum\u00eb kujdes. K\u00ebto jan\u00eb, pa p\u00ebrjashtim, njer\u00ebz native t\u00eb cil\u00ebt m\u00ebsojn\u00eb ata gjuh\u00ebn n\u00eb nj\u00eb m\u00ebnyr\u00eb t\u00eb k\u00ebndshme. N\u00eb p\u00ebrzgjedhjen e m\u00ebsuesve dhe cil\u00ebsit\u00eb e njeriut luajn\u00eb nj\u00eb rol. M\u00ebsimi duhet t\u00eb jet\u00eb k\u00ebnaq\u00ebsi dhe gjithashtu nj\u00eb m\u00ebsues simpatik \u00ebsht\u00eb e nevojshme.[\/vc_column_text][\/vc_column][\/vc_row][vc_row full_width=&#8221;stretch_row&#8221; top=&#8221;30px&#8221; bottom=&#8221;20px&#8221; css=&#8221;.vc_custom_1493834070618{padding-top: 30px !important;padding-bottom: 30px !important;background-color: #f9f9f9 !important;}&#8221;][vc_column][vc_column_text]<\/p>\n<h2>Gjuha Barcelona &#8211; M\u00ebso spanjisht me garanci para-mbrapa<\/h2>\n<p>N\u00ebse ju vini n\u00eb kurs me ne, ju nuk do t\u00eb merrni ndonj\u00eb rrezik. Provoni rrjedh\u00ebn e nj\u00eb dit\u00eb. Ju tregon se si \u00ebsht\u00eb n\u00eb klas\u00eb dhe m\u00ebsuesi, q\u00eb ju mund t\u00eb merrni parat\u00eb mbrapa n\u00ebse nuk jeni t\u00eb k\u00ebnaqur.<\/p>\n<h2>Rezervoni banes\u00ebn tuaj rreth nesh.<\/h2>\n<p>Ju mund t\u00eb beni kurset e zgjedhjes me ne, ne ju japim mund\u00ebsi m\u00eb t\u00eb mir\u00eb. Nga dhoma private n\u00eb hotel luksoz ju mund t\u00eb merrni nga ne \u00e7do kategori. Vet\u00ebm na tregoni se \u00e7far\u00eb lloji i akomodimit ju d\u00ebshironi, ne do t\u00eb kujdesmi p\u00ebr pjes\u00ebn tjet\u00ebr.<\/p>\n<p>[\/vc_column_text][\/vc_column][\/vc_row][vc_row full_width=&#8221;stretch_row&#8221; top=&#8221;30px&#8221; bottom=&#8221;20px&#8221; css=&#8221;.vc_custom_1493838680898{padding-top: 30px !important;padding-bottom: 30px !important;}&#8221;][vc_column][vc_column_text]<\/p>\n<h2>Ne m\u00ebsojm\u00eb n\u00eb grupe t\u00eb vogla<\/h2>\n<p>Klasat tona jan\u00eb t\u00eb mbahen n\u00eb grupe t\u00eb vogla. Kjo ka avantazhin q\u00eb ju mund t\u00eb merrni pjes\u00eb n\u00eb klas\u00eb n\u00eb m\u00ebnyr\u00eb aktive. M\u00ebsuesit shkojn\u00eb pik\u00ebrisht p\u00ebr nevojat e tyre. Ata m\u00ebsojn\u00eb gjuh\u00ebn e re n\u00eb nj\u00eb koh\u00eb t\u00eb shkurt\u00ebr.<\/p>\n<p>Shkolla jon\u00eb \u00ebsht\u00eb e vendosur n\u00eb qendra n\u00eb Barcelon\u00eb:<br \/>\nC \/ Pau Claris 108 1 \/ 1a<br \/>\n08009 Barcelona \u2013 Spain<\/p>\n<ul>\n<li>P\u00ebrfitimet tuaja n\u00eb nj\u00eb shikim<\/li>\n<li>Grupet e An\u00ebtar\u00ebve T\u00eb Vogla<\/li>\n<li>Qendra n\u00eb Barcelon\u00eb<\/li>\n<li>M\u00ebsuesit e gjuh\u00ebs kualifikuar<\/li>\n<li>Lek\u00ebt mbrapsht dhe garanci<\/li>\n<li>testi Vendosja<\/li>\n<li>Certifikata e gjuhes<\/li>\n<\/ul>\n<p>[\/vc_column_text][vc_gmaps link=&#8221;#E-8_JTNDaWZyYW1lJTIwc3JjJTNEJTIyaHR0cHMlM0ElMkYlMkZ3d3cuZ29vZ2xlLmNvbSUyRm1hcHMlMkZlbWJlZCUzRnBiJTNEJTIxMW0xOCUyMTFtMTIlMjExbTMlMjExZDI5OTMuMTk2OTMyNTkzOTY2JTIxMmQyLjE2NjgxOTQxNTcyNzA3MDQlMjEzZDQxLjM5MTUyOTQwMzcwMDY0NSUyMTJtMyUyMTFmMCUyMTJmMCUyMTNmMCUyMTNtMiUyMTFpMTAyNCUyMTJpNzY4JTIxNGYxMy4xJTIxM20zJTIxMW0yJTIxMXMweDEyYTRhMmVkZWU3N2Q2MTclMjUzQTB4YzM3MWViOGNjMWZhZWEwYyUyMTJzQ0JMUyUyQi0lMkJDbGFzZSUyQkJhcmNlbG9uYSUyQkxhbmd1YWdlJTJCU2Nob29sJTIxNWUwJTIxM20yJTIxMXNkZSUyMTJzZXMlMjE0djE0OTM4MDU4NTcyMTIlMjIlMjBzdHlsZSUzRCUyMmJvcmRlciUzQSUyMDBweCUyMG5vbmUlM0IlMjBwb2ludGVyLWV2ZW50cyUzQSUyMG5vbmUlM0IlMjIlMjBhbGxvd2Z1bGxzY3JlZW4lM0QlMjIlMjIlMjB3aWR0aCUzRCUyMjEwMCUyNSUyMiUyMGhlaWdodCUzRCUyMjI1MCUyMiUyMGZyYW1lYm9yZGVyJTNEJTIyMCUyMiUzRSUzQyUyRmlmcmFtZSUzRQ==&#8221;][\/vc_column][\/vc_row][vc_row full_width=&#8221;stretch_row&#8221; top=&#8221;30px&#8221; bottom=&#8221;20px&#8221; css=&#8221;.vc_custom_1494148326546{padding-top: 30px !important;padding-bottom: 30px !important;background-color: #f9f9f9 !important;}&#8221;][vc_column][vc_column_text]<\/p>\n<h2>Njohuri kjo \u00ebsht\u00eb arsyeja pse ju duhet t\u00eb m\u00ebsoni spanjisht n\u00eb Spanj\u00eb<\/h2>\n<p>Ata jan\u00eb n\u00eb fshat rrethuar nga gjuha. Ju blej njohurit\u00eb e tyre t\u00eb re n\u00eb shkollat tona dhe jan\u00eb n\u00eb gjendje t\u00eb aplikojn\u00eb menj\u00ebher\u00eb. Ju do t\u00eb shihni se sa shpejt ju p\u00ebrparim. G\u00ebzojn\u00eb koh\u00ebn tuaj n\u00eb Spanj\u00eb dhe t\u00eb fitojn\u00eb n\u00eb t\u00eb nj\u00ebjt\u00ebn koh\u00eb aft\u00ebsit\u00eb gjuh\u00ebsore t\u00eb vlefshme.<\/p>\n<h2>Shkolla jon\u00eb<\/h2>\n<p>[\/vc_column_text][vc_column_text]<iframe src=\"https:\/\/maps.google.com\/maps?q=&amp;layer=c&amp;sll=41.391525,2.169008&amp;cid=14083296499546647052&amp;panoid=tvKu_zCmJ0sAAAQIt7eiIA&amp;cbp=13,35.96,,0,0&amp;gl=US&amp;hl=es&amp;ie=UTF8&amp;hq=&amp;hnear=&amp;ll=41.391525,2.169008&amp;spn=0.006295,0.006295&amp;t=m&amp;cbll=41.391424,2.168953&amp;source=embed&amp;output=svembed\" width=\"100%\" height=\"400\" frameborder=\"0\" marginwidth=\"0\" marginheight=\"0\" scrolling=\"no\"><\/iframe>[\/vc_column_text][vc_single_image image=&#8221;8479&#8243; img_size=&#8221;full&#8221; alignment=&#8221;center&#8221;][\/vc_column][\/vc_row]<\/p>\n","protected":false},"excerpt":{"rendered":"<p>[vc_row full_width=&#8221;stretch_row_content_no_spaces&#8221; content_placement=&#8221;middle&#8221; css=&#8221;.vc_custom_1613597349215{background: #d6d5d3 url(https:\/\/www.academia-barcelona.com\/wp-content\/uploads\/2021\/02\/fondo-2.jpg?id=12968) !important;background-position: 0 0 !important;background-repeat: repeat !important;}&#8221;][vc_column width=&#8221;1\/2&#8243;][vc_single_image image=&#8221;12957&#8243; img_size=&#8221;full&#8221; alignment=&#8221;center&#8221;][\/vc_column][vc_column width=&#8221;1\/2&#8243; css=&#8221;.vc_custom_1609834442227{background-position: center !important;background-repeat: no-repeat !important;background-size: contain !important;}&#8221;][vc_column_text] Mire se erdhet [\/vc_column_text][vc_column_text] ne Sprachschule Aktiv [\/vc_column_text][vc_row_inner css=&#8221;.vc_custom_1613598094270{margin-top: 10px !important;}&#8221;][vc_column_inner][\/vc_column_inner][\/vc_row_inner][\/vc_column][\/vc_row][vc_row top=&#8221;30px&#8221; bottom=&#8221;20px&#8221; css=&#8221;.vc_custom_1493833927981{padding-top: 30px !important;padding-bottom: 30px !important;}&#8221;][vc_column][vc_column_text] M\u00ebso spanjisht n\u00eb Barcelon\u00eb &#8211; Spanjisht Kurset e gjuh\u00ebs Shkolla [\/vc_column_text][vc_column_text]Nj\u00eb nga m\u00ebnyrat&hellip; <a class=\"read-more\" href=\"https:\/\/www.academia-barcelona.com\/sq\/\" title=\"Read Home (sq)\">Read more &raquo;<\/a><\/p>\n","protected":false},"author":3,"featured_media":0,"parent":0,"menu_order":0,"comment_status":"closed","ping_status":"closed","template":"","meta":{"footnotes":""},"class_list":["post-8774","page","type-page","status-publish","hentry"],"yoast_head":"<!-- This site is optimized with the Yoast SEO plugin v27.1.1 - https:\/\/yoast.com\/product\/yoast-seo-wordpress\/ -->\n<title>M\u00ebso spanjisht n\u00eb Barcelon\u00eb - Spanjisht Kurset e gjuh\u00ebs Shkolla<\/title>\n<meta name=\"description\" content=\"Nj\u00eb nga m\u00ebnyrat m\u00eb t\u00eb mira p\u00ebr t\u00eb flasin gjuh\u00ebn spanjolle n\u00eb nj\u00eb koh\u00eb t\u00eb shkurt\u00ebr t\u00eb p\u00ebrsosur, nj\u00eb kurs gjuhe n\u00eb vend p\u00ebr t\u00eb vizituar.\" \/>\n<meta name=\"robots\" content=\"index, follow, max-snippet:-1, max-image-preview:large, max-video-preview:-1\" \/>\n<link rel=\"canonical\" href=\"https:\/\/www.academia-barcelona.com\/sq\/\" \/>\n<meta property=\"og:locale\" content=\"sq_AL\" \/>\n<meta property=\"og:type\" content=\"article\" \/>\n<meta property=\"og:title\" content=\"M\u00ebso spanjisht n\u00eb Barcelon\u00eb - Spanjisht Kurset e gjuh\u00ebs Shkolla\" \/>\n<meta property=\"og:description\" content=\"Nj\u00eb nga m\u00ebnyrat m\u00eb t\u00eb mira p\u00ebr t\u00eb flasin gjuh\u00ebn spanjolle n\u00eb nj\u00eb koh\u00eb t\u00eb shkurt\u00ebr t\u00eb p\u00ebrsosur, nj\u00eb kurs gjuhe n\u00eb vend p\u00ebr t\u00eb vizituar.\" \/>\n<meta property=\"og:url\" content=\"https:\/\/www.academia-barcelona.com\/sq\/\" \/>\n<meta property=\"article:modified_time\" content=\"2021-11-03T08:28:38+00:00\" \/>\n<meta name=\"twitter:card\" content=\"summary_large_image\" \/>\n<meta name=\"twitter:label1\" content=\"Est. reading time\" \/>\n\t<meta name=\"twitter:data1\" content=\"4 minuta\" \/>\n<script type=\"application\/ld+json\" class=\"yoast-schema-graph\">{\"@context\":\"https:\/\/schema.org\",\"@graph\":[{\"@type\":\"WebPage\",\"@id\":\"https:\/\/www.academia-barcelona.com\/sq\/\",\"url\":\"https:\/\/www.academia-barcelona.com\/sq\/\",\"name\":\"M\u00ebso spanjisht n\u00eb Barcelon\u00eb - Spanjisht Kurset e gjuh\u00ebs Shkolla\",\"isPartOf\":{\"@id\":\"https:\/\/www.academia-barcelona.com\/#website\"},\"datePublished\":\"2017-05-03T18:17:03+00:00\",\"dateModified\":\"2021-11-03T08:28:38+00:00\",\"description\":\"Nj\u00eb nga m\u00ebnyrat m\u00eb t\u00eb mira p\u00ebr t\u00eb flasin gjuh\u00ebn spanjolle n\u00eb nj\u00eb koh\u00eb t\u00eb shkurt\u00ebr t\u00eb p\u00ebrsosur, nj\u00eb kurs gjuhe n\u00eb vend p\u00ebr t\u00eb vizituar.\",\"inLanguage\":\"sq\",\"potentialAction\":[{\"@type\":\"ReadAction\",\"target\":[\"https:\/\/www.academia-barcelona.com\/sq\/\"]}]},{\"@type\":\"WebSite\",\"@id\":\"https:\/\/www.academia-barcelona.com\/#website\",\"url\":\"https:\/\/www.academia-barcelona.com\/\",\"name\":\"\",\"description\":\"\",\"potentialAction\":[{\"@type\":\"SearchAction\",\"target\":{\"@type\":\"EntryPoint\",\"urlTemplate\":\"https:\/\/www.academia-barcelona.com\/?s={search_term_string}\"},\"query-input\":{\"@type\":\"PropertyValueSpecification\",\"valueRequired\":true,\"valueName\":\"search_term_string\"}}],\"inLanguage\":\"sq\"}]}<\/script>\n<!-- \/ Yoast SEO plugin. -->","yoast_head_json":{"title":"M\u00ebso spanjisht n\u00eb Barcelon\u00eb - Spanjisht Kurset e gjuh\u00ebs Shkolla","description":"Nj\u00eb nga m\u00ebnyrat m\u00eb t\u00eb mira p\u00ebr t\u00eb flasin gjuh\u00ebn spanjolle n\u00eb nj\u00eb koh\u00eb t\u00eb shkurt\u00ebr t\u00eb p\u00ebrsosur, nj\u00eb kurs gjuhe n\u00eb vend p\u00ebr t\u00eb vizituar.","robots":{"index":"index","follow":"follow","max-snippet":"max-snippet:-1","max-image-preview":"max-image-preview:large","max-video-preview":"max-video-preview:-1"},"canonical":"https:\/\/www.academia-barcelona.com\/sq\/","og_locale":"sq_AL","og_type":"article","og_title":"M\u00ebso spanjisht n\u00eb Barcelon\u00eb - Spanjisht Kurset e gjuh\u00ebs Shkolla","og_description":"Nj\u00eb nga m\u00ebnyrat m\u00eb t\u00eb mira p\u00ebr t\u00eb flasin gjuh\u00ebn spanjolle n\u00eb nj\u00eb koh\u00eb t\u00eb shkurt\u00ebr t\u00eb p\u00ebrsosur, nj\u00eb kurs gjuhe n\u00eb vend p\u00ebr t\u00eb vizituar.","og_url":"https:\/\/www.academia-barcelona.com\/sq\/","article_modified_time":"2021-11-03T08:28:38+00:00","twitter_card":"summary_large_image","twitter_misc":{"Est. reading time":"4 minuta"},"schema":{"@context":"https:\/\/schema.org","@graph":[{"@type":"WebPage","@id":"https:\/\/www.academia-barcelona.com\/sq\/","url":"https:\/\/www.academia-barcelona.com\/sq\/","name":"M\u00ebso spanjisht n\u00eb Barcelon\u00eb - Spanjisht Kurset e gjuh\u00ebs Shkolla","isPartOf":{"@id":"https:\/\/www.academia-barcelona.com\/#website"},"datePublished":"2017-05-03T18:17:03+00:00","dateModified":"2021-11-03T08:28:38+00:00","description":"Nj\u00eb nga m\u00ebnyrat m\u00eb t\u00eb mira p\u00ebr t\u00eb flasin gjuh\u00ebn spanjolle n\u00eb nj\u00eb koh\u00eb t\u00eb shkurt\u00ebr t\u00eb p\u00ebrsosur, nj\u00eb kurs gjuhe n\u00eb vend p\u00ebr t\u00eb vizituar.","inLanguage":"sq","potentialAction":[{"@type":"ReadAction","target":["https:\/\/www.academia-barcelona.com\/sq\/"]}]},{"@type":"WebSite","@id":"https:\/\/www.academia-barcelona.com\/#website","url":"https:\/\/www.academia-barcelona.com\/","name":"","description":"","potentialAction":[{"@type":"SearchAction","target":{"@type":"EntryPoint","urlTemplate":"https:\/\/www.academia-barcelona.com\/?s={search_term_string}"},"query-input":{"@type":"PropertyValueSpecification","valueRequired":true,"valueName":"search_term_string"}}],"inLanguage":"sq"}]}},"_links":{"self":[{"href":"https:\/\/www.academia-barcelona.com\/sq\/wp-json\/wp\/v2\/pages\/8774","targetHints":{"allow":["GET"]}}],"collection":[{"href":"https:\/\/www.academia-barcelona.com\/sq\/wp-json\/wp\/v2\/pages"}],"about":[{"href":"https:\/\/www.academia-barcelona.com\/sq\/wp-json\/wp\/v2\/types\/page"}],"author":[{"embeddable":true,"href":"https:\/\/www.academia-barcelona.com\/sq\/wp-json\/wp\/v2\/users\/3"}],"replies":[{"embeddable":true,"href":"https:\/\/www.academia-barcelona.com\/sq\/wp-json\/wp\/v2\/comments?post=8774"}],"version-history":[{"count":9,"href":"https:\/\/www.academia-barcelona.com\/sq\/wp-json\/wp\/v2\/pages\/8774\/revisions"}],"predecessor-version":[{"id":13676,"href":"https:\/\/www.academia-barcelona.com\/sq\/wp-json\/wp\/v2\/pages\/8774\/revisions\/13676"}],"wp:attachment":[{"href":"https:\/\/www.academia-barcelona.com\/sq\/wp-json\/wp\/v2\/media?parent=8774"}],"curies":[{"name":"wp","href":"https:\/\/api.w.org\/{rel}","templated":true}]}}