{"id":8799,"date":"2017-05-03T18:17:03","date_gmt":"2017-05-03T18:17:03","guid":{"rendered":"http:\/\/barcelona-sprachschule.de\/home-de\/"},"modified":"2021-11-03T08:28:59","modified_gmt":"2021-11-03T08:28:59","slug":"home-pl","status":"publish","type":"page","link":"https:\/\/www.academia-barcelona.com\/pl\/","title":{"rendered":"Home (pl)"},"content":{"rendered":"<p>[vc_row full_width=&#8221;stretch_row_content_no_spaces&#8221; content_placement=&#8221;middle&#8221; css=&#8221;.vc_custom_1613597349215{background: #d6d5d3 url(https:\/\/www.academia-barcelona.com\/wp-content\/uploads\/2021\/02\/fondo-2.jpg?id=12968) !important;background-position: 0 0 !important;background-repeat: repeat !important;}&#8221;][vc_column width=&#8221;1\/2&#8243;][vc_single_image image=&#8221;12965&#8243; img_size=&#8221;full&#8221; alignment=&#8221;center&#8221;][\/vc_column][vc_column width=&#8221;1\/2&#8243; css=&#8221;.vc_custom_1609834442227{background-position: center !important;background-repeat: no-repeat !important;background-size: contain !important;}&#8221;][vc_column_text]<\/p>\n<div class=\"slidetitel\">Witamy<\/div>\n<p>[\/vc_column_text][vc_column_text]<\/p>\n<p style=\"text-align: center; font-size: 40px; margin-top: 15px;\">w Sprachschule Aktiv<\/p>\n<p>[\/vc_column_text][vc_row_inner css=&#8221;.vc_custom_1613598094270{margin-top: 10px !important;}&#8221;][vc_column_inner]\t<div class=\"vc_btn3-container vc_btn3-center\">\n\t\t<a href=\"https:\/\/www.academia-barcelona.com\/pl\/kontakt\/\" class=\"pgs_btn pgs_btn_style_1 pgs_btn_xl\">\n\t\t\t<span>\n\t\t\t\tSKONTAKTUJ SI\u0118 Z NAMI\t\t\t<\/span>\n\t\t\t\t\t\t<i class=\"fas fa-angle-double-right\"><\/i>\n\t\t\t\t\t<\/a>\n\t<\/div>\n\t\t<div class=\"vc_btn3-container vc_btn3-center\">\n\t\t<a href=\"https:\/\/www.academia-barcelona.com\/pl\/\" class=\"pgs_btn pgs_btn_style_1 pgs_btn_xl\">\n\t\t\t<span>\n\t\t\t\tUCZY\u0106 SI\u0118 HISZPA\u0143SKIEGO\t\t\t<\/span>\n\t\t\t\t\t\t<i class=\"fas fa-angle-double-right\"><\/i>\n\t\t\t\t\t<\/a>\n\t<\/div>\n\t[\/vc_column_inner][\/vc_row_inner][\/vc_column][\/vc_row][vc_row top=&#8221;30px&#8221; bottom=&#8221;20px&#8221; css=&#8221;.vc_custom_1493833927981{padding-top: 30px !important;padding-bottom: 30px !important;}&#8221;][vc_column][vc_column_text]<\/p>\n<h1>Nauka hiszpa\u0144skiego w Bercelonie \u2013 Pa\u0144ska szko\u0142a j\u0119zykowa nauki hiszpa\u0144skiego<\/h1>\n<p>[\/vc_column_text][vc_column_text]Jedn\u0105 z najlepszych metod nauki j\u0119zyka hiszpa\u0144skiego w kr\u00f3tkim czasie jest nauka j\u0119zyka w danym kraju. Ucz\u0105 si\u0119 Panstwo jednocze\u015bnie j\u0119yzka obcego oraz poznaj\u0105 Barcelon\u0119. W naszej szkole j\u0119zykowej towarzysz\u0105 Pa\u0144stwu sympatyczni i wykwalifikowani dydaktycy. Nasz szko\u0142a w Barcelinie, jako zertifikowana szkola j\u0119zykowa, oferuje Pa\u0144stwu ju\u017c ponad 11 lat nauke j\u0119zyka hiszpa\u0144skiego.<br \/>\n[\/vc_column_text][\/vc_column][\/vc_row][vc_row full_width=&#8221;stretch_row&#8221; top=&#8221;30px&#8221; bottom=&#8221;20px&#8221; css=&#8221;.vc_custom_1493834070618{padding-top: 30px !important;padding-bottom: 30px !important;background-color: #f9f9f9 !important;}&#8221;][vc_column width=&#8221;1\/2&#8243;][vc_single_image image=&#8221;8808&#8243; img_size=&#8221;full&#8221; alignment=&#8221;center&#8221; style=&#8221;vc_box_outline&#8221;][\/vc_column][vc_column width=&#8221;1\/2&#8243;][vc_column_text]<\/p>\n<h2>Oferujemy Pa\u0144stwu kursy hiszpa\u0144skiego dla pocz\u0105tkuj\u0105cych oraz zaanwansowanych<\/h2>\n<p>Nasza szkola oferuje kursy dla pocz\u0105tkuj\u0105cych, \u015bredniozaawansowanych i zaawansowanych na poziomach j\u0119zykowych: A1, A2, B1, B2, C1 und C2.<\/p>\n<p>Je\u017celi maj\u0105 Pa\u0144stwo podstawowe umieje\u0119tnosci j\u0119zyka, nasz test poziomu j\u0119zykowego odgrywa szczeg\u00f3ln\u0105 role. Przeprowadzenie tego testu jest mo\u017cliwe zar\u00f3wno w naszej szkole jak i online w domu. Na podstawie osi\u0105gni\u0119tego wyniku okre\u015blamy Pa\u0144stwa umiej\u0119tno\u015bci j\u0119zykowe i przydzielamy odpowiedni kurs. W ten spos\u00f3b ucz\u0105 si\u0119 Pa\u0144stwo szybciej i efektywniej.<br \/>\n[\/vc_column_text][\/vc_column][\/vc_row][vc_row full_width=&#8221;stretch_row&#8221; top=&#8221;30px&#8221; bottom=&#8221;20px&#8221; css=&#8221;.vc_custom_1493837889250{padding-top: 30px !important;padding-bottom: 30px !important;}&#8221;][vc_column][vc_column_text]<\/p>\n<h2>Intensywny kurs hiszpa\u0144skiego w Barcelonie \u2013 ceny oraz terminy<\/h2>\n<p><strong>Czas trwania kursu<\/strong>: 1 do 4 tygodni, r\u00f3wnie\u017c kilka miesi\u0119cy<br \/>\n<strong>Terminy rozpocz\u0119cia<\/strong>: ka\u017cdy poniedzia\u0142ek<br \/>\n<strong>Plan zaje\u0107<\/strong>: od poniedzia\u0142ku do pi\u0105tku w godzinach 9:00 \u2013 12:00<br \/>\n<strong>Ceny<\/strong>:<\/p>\n<ul>\n<li>1 tydzie\u0144: 149<\/li>\n<li>2 tydzie\u0144: 279<\/li>\n<li>3 tydzie\u0144: 339<\/li>\n<li>4 tydzie\u0144 (cena za miesi\u0105c): 399<\/li>\n<\/ul>\n<p>[\/vc_column_text][\/vc_column][\/vc_row][vc_row full_width=&#8221;stretch_row&#8221; top=&#8221;30px&#8221; bottom=&#8221;20px&#8221; css=&#8221;.vc_custom_1493834070618{padding-top: 30px !important;padding-bottom: 30px !important;background-color: #f9f9f9 !important;}&#8221;][vc_column][vc_column_text]<\/p>\n<h2>Bez \u017cadnego ryzyka<\/h2>\n<p>U nas maj\u0105 Pa\u0144stwo mo\u017cliwo\u015b\u0107 odbycia pr\u00f3bnej lekcji. Jest to wspania\u0142a mo\u017cliwo\u015b\u0107 poznania naszych sympatycynych wykwalifikowanzch nauczycieli oraz ich uznanych metod nauczania. Podczas pr\u00f3bnej lekcji warto zwr\u00f3ci\u0107 uwag\u0119 nie tylko na jako\u015b\u0107 pedagogiczn\u0105 prowadzonych zaj\u0119c, lecz tak\u017ce na sympatyczn\u0105 atmosfer\u0119. Swobodne samopoczucie na zaj\u0119ciach odgrywa wa\u017cn\u0105 rol\u0119 w efektywno\u015bci nauki. Je\u017celi nie s\u0105 Pa\u0144stwo zadowoleni z zaj\u0119\u0107, wystarcz nas powiadomi\u0107. Nie ponosz\u0105 Pa\u0144stwo przy tym \u017cadnego ryzyka.<\/p>\n<h2>Nasza szko\u0142a j\u0119zykowa w Barcelonie jest miedzynarodow\u0105 uznan\u0105 szko\u0142\u0105<\/h2>\n<p>Je\u017celi chc\u0105 Pa\u0144stwo uczy\u0107 si\u0119 hiszpa\u0144skiego, w naszej szkole s\u0105 Pa\u0144stwo w dobrych r\u0119kach. Nasza szko\u0142a znajduje si\u0119 nie tylko w Hiszpanii, lecz tak\u017ce w Monachium, Berlinie, Frankfurcie, Freising i Ingolstadt. Do dzi\u015b wzie\u0142o udzia\u0142 w naszych kursach ponad 10 000 uczestnik\u00f3w. U nas ucz\u0105 si\u0119 Pa\u0144stwo efektywnie hiszpa\u0144skiego oraz dodatkowo do\u015bwiadczaj\u0105 fascynacje Barcelony.<\/p>\n<h2>Kurs hiszpa\u0144skiego w po\u0142\u0105czeniu z praktyk\u0105<\/h2>\n<p>Je\u017celi planuj\u0105 Pa\u0144stwo pracowa\u0107 albo podj\u0105\u0107 praktyk\u0119, po odbyciu kursu hiszpa\u0144skiego w Barcelonie, nasza szko\u0142a Clase Barcelona Language School (CBLS) ch\u0119tnie pomo\u017ce Pa\u0144stwu w poszukiwaniu odpowiedniego miejsca praktyki. Wystarczy nas o tym powiadomi\u0107.[\/vc_column_text][\/vc_column][\/vc_row][vc_row full_width=&#8221;stretch_row&#8221; top=&#8221;30px&#8221; bottom=&#8221;20px&#8221; css=&#8221;.vc_custom_1493837889250{padding-top: 30px !important;padding-bottom: 30px !important;}&#8221;][vc_column][vc_column_text]<\/p>\n<h2>W naszej szkole ucz\u0105 wykwalifikowani nauczyciele hiszpa\u0144skiego<\/h2>\n<p>Podczas nauki j\u0119zyka obcego, bardzo wa\u017cn\u0105 rol\u0119 odgrywa sam nauczyciel. Z tego wzg\u0119du bardzo skrupulatnie dobieramy Pa\u0144stwu odpowiedniego dydaktyka. Nasi dydaktycy nauczaj\u0105 w j\u0119zyku ojczystym. Przy wyborze nauczyciela bardzo wa\u017cn\u0105 rol\u0119 odgrywaj\u0105 r\u00f3wnie\u017c socjalne kompetencje, dzieki kt\u00f3rym nauka j\u0119zyka obcego odbywa si\u0119 w przyjemnej atmosferze.<\/p>\n<h2>Nauka hiszpa\u0144skiego w Barcelonie \u2013 Gwarancja zwrotu pieni\u0119dzy<\/h2>\n<p>Wybieraj\u0105c kurs w naszej szkole, nie ponosz\u0105 Pa\u0144stwo \u017cadnego ryzyka. U nas maj\u0105 Pa\u0144stwo mo\u017cliwo\u015b\u0107 odbycia darmowej pr\u00f3bnej lekcji. Je\u017celi nie s\u0105 Pa\u0144stwo zadowoleni z metod prowadzonych zaj\u0119\u0107, lub nie odpowiada Pa\u0144stwu nauczyciel, gwarantujemy zwrot koszt\u00f3w.<\/p>\n<p>[\/vc_column_text][\/vc_column][\/vc_row][vc_row full_width=&#8221;stretch_row&#8221; top=&#8221;30px&#8221; bottom=&#8221;20px&#8221; css=&#8221;.vc_custom_1493834070618{padding-top: 30px !important;padding-bottom: 30px !important;background-color: #f9f9f9 !important;}&#8221;][vc_column][vc_column_text]<\/p>\n<h2>Nauka j\u0119zyka hiszpa\u0144skiego z miejscem zamieszkania<\/h2>\n<p>Je\u017celi chc\u0105 Pa\u0144stwo podj\u0105\u0107 nauk\u0119 j\u0119zyka niemieckiego w Barcelonie, ale nie maj\u0105 Pa\u0144stwo noclegu, pomagamy r\u00f3wnie\u017c w tej kwestji. U nas maj\u0105 Pa\u0144stwo mo\u017cliwo\u015b\u0107 zatrzymania si\u0119 w prywatnym pokoju, jak r\u00f3wnie\u017c w luksusownym hotelu. Wystarczy nas o tym powiadomi\u0107, a my si\u0119 o to zatroszczymy.<\/p>\n<h2>Nauczamy w ma\u0142ych grupach<\/h2>\n<p>Nauka j\u0119zyka hiszpa\u0144skiego odbywa si\u0119 w ma\u0142ych grupach. To niesie ze sob\u0105 wiele zalet. Z jednej strony zaj\u0119cia w kilkuosobowej grupie daj\u0105 mo\u017cliwo\u015b\u0107 intensywngo udzia\u0142u w lekcji, a tym samym efektywniejsz\u0105 nauk\u0119. Z drugiej strony nauczyciele dostosowuj\u0105 lekcj\u0119, tak aby intensywniej skoncentrowa\u0107 si\u0119 na Pa\u0144skich potrzebach.[\/vc_column_text][\/vc_column][\/vc_row][vc_row full_width=&#8221;stretch_row&#8221; top=&#8221;30px&#8221; bottom=&#8221;20px&#8221; css=&#8221;.vc_custom_1493838680898{padding-top: 30px !important;padding-bottom: 30px !important;}&#8221;][vc_column][vc_column_text]<\/p>\n<h2>Nasza szko\u0142a znajduje si\u0119 w centrum Barcelony<\/h2>\n<p>Nasz\u0105 szko\u0142\u0119 j\u0119zykow\u0105 znajd\u0105 Pa\u0144stwo w centrum Barcelony przy ulicy:<br \/>\nC \/ Pau Claris 108 1 \/ 1a<br \/>\n08009 Barcelona \u2013 Spain<\/p>\n<h2>Pa\u0144skie zalety<\/h2>\n<ul>\n<li>Ma\u0142e grupy<\/li>\n<li>Centralne po\u0142o\u017cenie szko\u0142y<\/li>\n<li>Wykwalifikowani nauczyciele<\/li>\n<li>Gwarancja zwrotu pieniedzy<\/li>\n<li>Darmowy test poziomu j\u0119zykowego<\/li>\n<li>Uznany certyfikat j\u0119zykowy<\/li>\n<\/ul>\n<p>[\/vc_column_text][vc_gmaps link=&#8221;#E-8_JTNDaWZyYW1lJTIwc3JjJTNEJTIyaHR0cHMlM0ElMkYlMkZ3d3cuZ29vZ2xlLmNvbSUyRm1hcHMlMkZlbWJlZCUzRnBiJTNEJTIxMW0xOCUyMTFtMTIlMjExbTMlMjExZDI5OTMuMTk2OTMyNTkzOTY2JTIxMmQyLjE2NjgxOTQxNTcyNzA3MDQlMjEzZDQxLjM5MTUyOTQwMzcwMDY0NSUyMTJtMyUyMTFmMCUyMTJmMCUyMTNmMCUyMTNtMiUyMTFpMTAyNCUyMTJpNzY4JTIxNGYxMy4xJTIxM20zJTIxMW0yJTIxMXMweDEyYTRhMmVkZWU3N2Q2MTclMjUzQTB4YzM3MWViOGNjMWZhZWEwYyUyMTJzQ0JMUyUyQi0lMkJDbGFzZSUyQkJhcmNlbG9uYSUyQkxhbmd1YWdlJTJCU2Nob29sJTIxNWUwJTIxM20yJTIxMXNkZSUyMTJzZXMlMjE0djE0OTM4MDU4NTcyMTIlMjIlMjBzdHlsZSUzRCUyMmJvcmRlciUzQSUyMDBweCUyMG5vbmUlM0IlMjBwb2ludGVyLWV2ZW50cyUzQSUyMG5vbmUlM0IlMjIlMjBhbGxvd2Z1bGxzY3JlZW4lM0QlMjIlMjIlMjB3aWR0aCUzRCUyMjEwMCUyNSUyMiUyMGhlaWdodCUzRCUyMjI1MCUyMiUyMGZyYW1lYm9yZGVyJTNEJTIyMCUyMiUzRSUzQyUyRmlmcmFtZSUzRQ==&#8221;][\/vc_column][\/vc_row][vc_row full_width=&#8221;stretch_row&#8221; top=&#8221;30px&#8221; bottom=&#8221;20px&#8221; css=&#8221;.vc_custom_1494151975174{padding-top: 30px !important;padding-bottom: 30px !important;background-color: #f9f9f9 !important;}&#8221;][vc_column][vc_column_text]<\/p>\n<h2>Z tego wzgl\u0119du powinni Pa\u0144stwo podj\u0105\u0107 nauk\u0119 j\u0119zyka hiszpa\u0144skiego w Hiszpanii<\/h2>\n<p>W Hiszpanii s\u0105 Pa\u0144stwo w ci\u0105g\u0142ej konfrontacji z j\u0119zykiem. W naszej szkole nabywaj\u0105 Pa\u0144stwo nowe umiej\u0119tno\u015bci j\u0119zykowe, kt\u00f3rymi mog\u0105 si\u0119 Pa\u0144stwo natychmiast pos\u0142ugiwa\u0107 i doskonali\u0107. Nauka hiszpa\u0144skiego w Hiszpanii daje Pa\u0144stwu mo\u017cliwo\u015b\u0107 poznania kultury narodowej oraz jednoczen\u015bnie nabycia warto\u015bciowych umiej\u0119tno\u015bci j\u0119zykowych.<\/p>\n<h2>Nasza szko\u0142a<\/h2>\n<p>[\/vc_column_text][vc_column_text]<iframe src=\"https:\/\/maps.google.com\/maps?q=&amp;layer=c&amp;sll=41.391525,2.169008&amp;cid=14083296499546647052&amp;panoid=tvKu_zCmJ0sAAAQIt7eiIA&amp;cbp=13,35.96,,0,0&amp;gl=US&amp;hl=es&amp;ie=UTF8&amp;hq=&amp;hnear=&amp;ll=41.391525,2.169008&amp;spn=0.006295,0.006295&amp;t=m&amp;cbll=41.391424,2.168953&amp;source=embed&amp;output=svembed\" width=\"100%\" height=\"400\" frameborder=\"0\" marginwidth=\"0\" marginheight=\"0\" scrolling=\"no\"><\/iframe>[\/vc_column_text][vc_single_image image=&#8221;8479&#8243; img_size=&#8221;full&#8221; alignment=&#8221;center&#8221;][\/vc_column][\/vc_row]<\/p>\n","protected":false},"excerpt":{"rendered":"<p>[vc_row full_width=&#8221;stretch_row_content_no_spaces&#8221; content_placement=&#8221;middle&#8221; css=&#8221;.vc_custom_1613597349215{background: #d6d5d3 url(https:\/\/www.academia-barcelona.com\/wp-content\/uploads\/2021\/02\/fondo-2.jpg?id=12968) !important;background-position: 0 0 !important;background-repeat: repeat !important;}&#8221;][vc_column width=&#8221;1\/2&#8243;][vc_single_image image=&#8221;12965&#8243; img_size=&#8221;full&#8221; alignment=&#8221;center&#8221;][\/vc_column][vc_column width=&#8221;1\/2&#8243; css=&#8221;.vc_custom_1609834442227{background-position: center !important;background-repeat: no-repeat !important;background-size: contain !important;}&#8221;][vc_column_text] Witamy [\/vc_column_text][vc_column_text] w Sprachschule Aktiv [\/vc_column_text][vc_row_inner css=&#8221;.vc_custom_1613598094270{margin-top: 10px !important;}&#8221;][vc_column_inner][\/vc_column_inner][\/vc_row_inner][\/vc_column][\/vc_row][vc_row top=&#8221;30px&#8221; bottom=&#8221;20px&#8221; css=&#8221;.vc_custom_1493833927981{padding-top: 30px !important;padding-bottom: 30px !important;}&#8221;][vc_column][vc_column_text] Nauka hiszpa\u0144skiego w Bercelonie \u2013 Pa\u0144ska szko\u0142a j\u0119zykowa nauki hiszpa\u0144skiego [\/vc_column_text][vc_column_text]Jedn\u0105 z najlepszych metod nauki&hellip; <a class=\"read-more\" href=\"https:\/\/www.academia-barcelona.com\/pl\/\" title=\"Read Home (pl)\">Read more &raquo;<\/a><\/p>\n","protected":false},"author":3,"featured_media":0,"parent":0,"menu_order":0,"comment_status":"closed","ping_status":"closed","template":"","meta":{"footnotes":""},"class_list":["post-8799","page","type-page","status-publish","hentry"],"yoast_head":"<!-- This site is optimized with the Yoast SEO plugin v27.1.1 - https:\/\/yoast.com\/product\/yoast-seo-wordpress\/ -->\n<title>Nauka hiszpa\u0144skiego w Bercelonie - Clase Barcelona language school<\/title>\n<meta name=\"description\" content=\"Jedn\u0105 z najlepszych metod nauki j\u0119zyka hiszpa\u0144skiego w kr\u00f3tkim czasie jest nauka j\u0119zyka w danym kraju. Clase Barcelona language school\" \/>\n<meta name=\"robots\" content=\"index, follow, max-snippet:-1, max-image-preview:large, max-video-preview:-1\" \/>\n<link rel=\"canonical\" href=\"https:\/\/www.academia-barcelona.com\/pl\/\" \/>\n<meta property=\"og:locale\" content=\"pl_PL\" \/>\n<meta property=\"og:type\" content=\"article\" \/>\n<meta property=\"og:title\" content=\"Nauka hiszpa\u0144skiego w Bercelonie - Clase Barcelona language school\" \/>\n<meta property=\"og:description\" content=\"Jedn\u0105 z najlepszych metod nauki j\u0119zyka hiszpa\u0144skiego w kr\u00f3tkim czasie jest nauka j\u0119zyka w danym kraju. Clase Barcelona language school\" \/>\n<meta property=\"og:url\" content=\"https:\/\/www.academia-barcelona.com\/pl\/\" \/>\n<meta property=\"article:modified_time\" content=\"2021-11-03T08:28:59+00:00\" \/>\n<meta name=\"twitter:card\" content=\"summary_large_image\" \/>\n<meta name=\"twitter:label1\" content=\"Szacowany czas czytania\" \/>\n\t<meta name=\"twitter:data1\" content=\"4 minuty\" \/>\n<script type=\"application\/ld+json\" class=\"yoast-schema-graph\">{\"@context\":\"https:\/\/schema.org\",\"@graph\":[{\"@type\":\"WebPage\",\"@id\":\"https:\/\/www.academia-barcelona.com\/pl\/\",\"url\":\"https:\/\/www.academia-barcelona.com\/pl\/\",\"name\":\"Nauka hiszpa\u0144skiego w Bercelonie - Clase Barcelona language school\",\"isPartOf\":{\"@id\":\"https:\/\/www.academia-barcelona.com\/#website\"},\"datePublished\":\"2017-05-03T18:17:03+00:00\",\"dateModified\":\"2021-11-03T08:28:59+00:00\",\"description\":\"Jedn\u0105 z najlepszych metod nauki j\u0119zyka hiszpa\u0144skiego w kr\u00f3tkim czasie jest nauka j\u0119zyka w danym kraju. Clase Barcelona language school\",\"inLanguage\":\"pl-PL\",\"potentialAction\":[{\"@type\":\"ReadAction\",\"target\":[\"https:\/\/www.academia-barcelona.com\/pl\/\"]}]},{\"@type\":\"WebSite\",\"@id\":\"https:\/\/www.academia-barcelona.com\/#website\",\"url\":\"https:\/\/www.academia-barcelona.com\/\",\"name\":\"\",\"description\":\"\",\"potentialAction\":[{\"@type\":\"SearchAction\",\"target\":{\"@type\":\"EntryPoint\",\"urlTemplate\":\"https:\/\/www.academia-barcelona.com\/?s={search_term_string}\"},\"query-input\":{\"@type\":\"PropertyValueSpecification\",\"valueRequired\":true,\"valueName\":\"search_term_string\"}}],\"inLanguage\":\"pl-PL\"}]}<\/script>\n<!-- \/ Yoast SEO plugin. -->","yoast_head_json":{"title":"Nauka hiszpa\u0144skiego w Bercelonie - Clase Barcelona language school","description":"Jedn\u0105 z najlepszych metod nauki j\u0119zyka hiszpa\u0144skiego w kr\u00f3tkim czasie jest nauka j\u0119zyka w danym kraju. Clase Barcelona language school","robots":{"index":"index","follow":"follow","max-snippet":"max-snippet:-1","max-image-preview":"max-image-preview:large","max-video-preview":"max-video-preview:-1"},"canonical":"https:\/\/www.academia-barcelona.com\/pl\/","og_locale":"pl_PL","og_type":"article","og_title":"Nauka hiszpa\u0144skiego w Bercelonie - Clase Barcelona language school","og_description":"Jedn\u0105 z najlepszych metod nauki j\u0119zyka hiszpa\u0144skiego w kr\u00f3tkim czasie jest nauka j\u0119zyka w danym kraju. Clase Barcelona language school","og_url":"https:\/\/www.academia-barcelona.com\/pl\/","article_modified_time":"2021-11-03T08:28:59+00:00","twitter_card":"summary_large_image","twitter_misc":{"Szacowany czas czytania":"4 minuty"},"schema":{"@context":"https:\/\/schema.org","@graph":[{"@type":"WebPage","@id":"https:\/\/www.academia-barcelona.com\/pl\/","url":"https:\/\/www.academia-barcelona.com\/pl\/","name":"Nauka hiszpa\u0144skiego w Bercelonie - Clase Barcelona language school","isPartOf":{"@id":"https:\/\/www.academia-barcelona.com\/#website"},"datePublished":"2017-05-03T18:17:03+00:00","dateModified":"2021-11-03T08:28:59+00:00","description":"Jedn\u0105 z najlepszych metod nauki j\u0119zyka hiszpa\u0144skiego w kr\u00f3tkim czasie jest nauka j\u0119zyka w danym kraju. Clase Barcelona language school","inLanguage":"pl-PL","potentialAction":[{"@type":"ReadAction","target":["https:\/\/www.academia-barcelona.com\/pl\/"]}]},{"@type":"WebSite","@id":"https:\/\/www.academia-barcelona.com\/#website","url":"https:\/\/www.academia-barcelona.com\/","name":"","description":"","potentialAction":[{"@type":"SearchAction","target":{"@type":"EntryPoint","urlTemplate":"https:\/\/www.academia-barcelona.com\/?s={search_term_string}"},"query-input":{"@type":"PropertyValueSpecification","valueRequired":true,"valueName":"search_term_string"}}],"inLanguage":"pl-PL"}]}},"_links":{"self":[{"href":"https:\/\/www.academia-barcelona.com\/pl\/wp-json\/wp\/v2\/pages\/8799","targetHints":{"allow":["GET"]}}],"collection":[{"href":"https:\/\/www.academia-barcelona.com\/pl\/wp-json\/wp\/v2\/pages"}],"about":[{"href":"https:\/\/www.academia-barcelona.com\/pl\/wp-json\/wp\/v2\/types\/page"}],"author":[{"embeddable":true,"href":"https:\/\/www.academia-barcelona.com\/pl\/wp-json\/wp\/v2\/users\/3"}],"replies":[{"embeddable":true,"href":"https:\/\/www.academia-barcelona.com\/pl\/wp-json\/wp\/v2\/comments?post=8799"}],"version-history":[{"count":9,"href":"https:\/\/www.academia-barcelona.com\/pl\/wp-json\/wp\/v2\/pages\/8799\/revisions"}],"predecessor-version":[{"id":13677,"href":"https:\/\/www.academia-barcelona.com\/pl\/wp-json\/wp\/v2\/pages\/8799\/revisions\/13677"}],"wp:attachment":[{"href":"https:\/\/www.academia-barcelona.com\/pl\/wp-json\/wp\/v2\/media?parent=8799"}],"curies":[{"name":"wp","href":"https:\/\/api.w.org\/{rel}","templated":true}]}}