{"id":9395,"date":"2017-05-09T09:59:43","date_gmt":"2017-05-09T09:59:43","guid":{"rendered":"http:\/\/barcelona-sprachschule.de\/?page_id=9395\/"},"modified":"2021-11-08T07:18:45","modified_gmt":"2021-11-08T07:18:45","slug":"corsi-privati-di-spagnolo","status":"publish","type":"page","link":"https:\/\/www.academia-barcelona.com\/it\/corsi-di-spagnolo\/corsi-privati-di-spagnolo\/","title":{"rendered":"Corsi privati di spagnolo"},"content":{"rendered":"<p>[vc_row css=&#8221;.vc_custom_1494323481481{padding-bottom: 30px !important;}&#8221;][vc_column][vc_column_text]<\/p>\n<h1>Corsi privati di spagnolo alla CBLS (Clase Barcelona Language School)<\/h1>\n<p>Corsi privati di spagnolo alla CBLS. Sprachschule Barcelona. Desiderate imparare lo spagnolo a Barcellona o migliorare le vostre conoscenze? Siete alla ricerca di <strong>orari flessibili<\/strong> adatti alle vostre esigenze? Allora un <strong>corso privato di spagnolo<\/strong> alla CBLS (Clase Barcelona Language School) \u00e8 la scelta giusta per voi, poich\u00e9 ci possiamo adeguare senza difficolt\u00e0 ai vostri orari e impegni.<\/p>\n<p>Nei nostri corsi privati potete decidere gli orari che pi\u00f9 vi aggradano in completa autonomia, in questo modo vi assicurerete lezioni di alta qualit\u00e0, adatte ai vostri desideri e accompagnate da un\u00b4atmosfera personale. Nella vostra iscrizione scrivete semplicemente le date che desiderate, la durata del corso e il livello linguistico![\/vc_column_text][\/vc_column][\/vc_row][vc_row full_width=&#8221;stretch_row&#8221; css=&#8221;.vc_custom_1494323515921{padding-top: 30px !important;padding-bottom: 30px !important;background-color: #f9f9f9 !important;}&#8221;][vc_column][vc_column_text]<\/p>\n<h2>Panoramica sui Corsi Privati di Spagnolo<\/h2>\n<ul>\n<li>Durata: minimo 1 ora<\/li>\n<li>Quando: qualsiasi giorno della settimana Luned\u00ec-Domenica<\/li>\n<li>Livello linguistico: A1 &#8211; C2<\/li>\n<\/ul>\n<p>[\/vc_column_text][vc_column_text]Abbiamo offerte speciali per i corsi di spagnolo, progettati in modo che si adattino alle vostre esigenze e ai vostri programmi.<\/p>\n<p>Su richiesta teniamo anche lezioni presso la vostra abitazione! Possibili contenuti del corso: corso per principianti in spagnolo, spagnolo per la vacanza, corsi di conversazione, corsi per scuole superiori, \u2026<\/p>\n<p>In seguito al vostro corso di spagnolo alla scuola CBLS (Clase Barcelona Language School) a Barcellona, otterrete un certificato di partecipazione secondo il quadro di riferimento linguistico della Comunit\u00e0 Europea.[\/vc_column_text][\/vc_column][\/vc_row][vc_row css=&#8221;.vc_custom_1494323573981{padding-top: 30px !important;padding-bottom: 30px !important;}&#8221;][vc_column][vc_column_text]<\/p>\n<h2>Data di Inizio:<\/h2>\n<p><strong>Scegliete individualmente!<\/strong><\/p>\n<p><strong>Ci adeguiamo al vostro calendario e ai vostri impegni! <\/strong><\/p>\n<p><strong>Risparmiate in maniera intelligente!<\/strong><\/p>\n<p>Pi\u00f9 ore di lezione prenoterete, pi\u00f9 conveniente sar\u00e0 per voi!<\/p>\n<ul>\n<li>Fino a 10 ore -&gt; 40 \u20ac a ora di lezione<\/li>\n<li>Da 10 ore -&gt; 35 \u20ac a ora di lezione<\/li>\n<li>Da 20 ore -&gt; solo 32,50 \u20ac a ora di lezione<\/li>\n<\/ul>\n<p>(incl. Materiale)[\/vc_column_text]\t<div class=\"vc_btn3-container vc_btn3-inline\">\n\t\t<a href=\"https:\/\/www.academia-barcelona.com\/it\/iscrizione\/\" class=\"pgs_btn pgs_btn_style_1 pgs_btn_lg\">\n\t\t\t<span>\n\t\t\t\tIscrivetevi ora!\t\t\t<\/span>\n\t\t\t\t\t<\/a>\n\t<\/div>\n\t[\/vc_column][\/vc_row]<\/p>\n","protected":false},"excerpt":{"rendered":"<p>[vc_row css=&#8221;.vc_custom_1494323481481{padding-bottom: 30px !important;}&#8221;][vc_column][vc_column_text] Corsi privati di spagnolo alla CBLS (Clase Barcelona Language School) Corsi privati di spagnolo alla CBLS. Sprachschule Barcelona. Desiderate imparare lo spagnolo a Barcellona o migliorare le vostre conoscenze? Siete alla ricerca di orari flessibili adatti alle vostre esigenze? Allora un corso privato di spagnolo alla CBLS (Clase Barcelona Language School)&hellip; <a class=\"read-more\" href=\"https:\/\/www.academia-barcelona.com\/it\/corsi-di-spagnolo\/corsi-privati-di-spagnolo\/\" title=\"Read Corsi privati di spagnolo\">Read more &raquo;<\/a><\/p>\n","protected":false},"author":3,"featured_media":0,"parent":9430,"menu_order":0,"comment_status":"closed","ping_status":"closed","template":"","meta":{"footnotes":""},"class_list":["post-9395","page","type-page","status-publish","hentry"],"yoast_head":"<!-- This site is optimized with the Yoast SEO plugin v27.1.1 - https:\/\/yoast.com\/product\/yoast-seo-wordpress\/ -->\n<title>Corsi privati di spagnolo alla CBLS. Sprachschule Barcelona<\/title>\n<meta name=\"description\" content=\"Desiderate imparare lo spagnolo a Barcellona o migliorare le vostre conoscenze? Siete alla ricerca di orari flessibili adatti alle vostre esigenze?\" \/>\n<meta name=\"robots\" content=\"index, follow, max-snippet:-1, max-image-preview:large, max-video-preview:-1\" \/>\n<link rel=\"canonical\" href=\"https:\/\/www.academia-barcelona.com\/it\/corsi-di-spagnolo\/corsi-privati-di-spagnolo\/\" \/>\n<meta property=\"og:locale\" content=\"it_IT\" \/>\n<meta property=\"og:type\" content=\"article\" \/>\n<meta property=\"og:title\" content=\"Corsi privati di spagnolo alla CBLS. Sprachschule Barcelona\" \/>\n<meta property=\"og:description\" content=\"Desiderate imparare lo spagnolo a Barcellona o migliorare le vostre conoscenze? Siete alla ricerca di orari flessibili adatti alle vostre esigenze?\" \/>\n<meta property=\"og:url\" content=\"https:\/\/www.academia-barcelona.com\/it\/corsi-di-spagnolo\/corsi-privati-di-spagnolo\/\" \/>\n<meta property=\"article:modified_time\" content=\"2021-11-08T07:18:45+00:00\" \/>\n<meta name=\"twitter:card\" content=\"summary_large_image\" \/>\n<meta name=\"twitter:label1\" content=\"Tempo di lettura stimato\" \/>\n\t<meta name=\"twitter:data1\" content=\"2 minuti\" \/>\n<script type=\"application\/ld+json\" class=\"yoast-schema-graph\">{\"@context\":\"https:\/\/schema.org\",\"@graph\":[{\"@type\":\"WebPage\",\"@id\":\"https:\/\/www.academia-barcelona.com\/it\/corsi-di-spagnolo\/corsi-privati-di-spagnolo\/\",\"url\":\"https:\/\/www.academia-barcelona.com\/it\/corsi-di-spagnolo\/corsi-privati-di-spagnolo\/\",\"name\":\"Corsi privati di spagnolo alla CBLS. Sprachschule Barcelona\",\"isPartOf\":{\"@id\":\"https:\/\/www.academia-barcelona.com\/#website\"},\"datePublished\":\"2017-05-09T09:59:43+00:00\",\"dateModified\":\"2021-11-08T07:18:45+00:00\",\"description\":\"Desiderate imparare lo spagnolo a Barcellona o migliorare le vostre conoscenze? Siete alla ricerca di orari flessibili adatti alle vostre esigenze?\",\"breadcrumb\":{\"@id\":\"https:\/\/www.academia-barcelona.com\/it\/corsi-di-spagnolo\/corsi-privati-di-spagnolo\/#breadcrumb\"},\"inLanguage\":\"it-IT\",\"potentialAction\":[{\"@type\":\"ReadAction\",\"target\":[\"https:\/\/www.academia-barcelona.com\/it\/corsi-di-spagnolo\/corsi-privati-di-spagnolo\/\"]}]},{\"@type\":\"BreadcrumbList\",\"@id\":\"https:\/\/www.academia-barcelona.com\/it\/corsi-di-spagnolo\/corsi-privati-di-spagnolo\/#breadcrumb\",\"itemListElement\":[{\"@type\":\"ListItem\",\"position\":1,\"name\":\"CORSI DI SPAGNOLO\",\"item\":\"https:\/\/www.academia-barcelona.com\/it\/corsi-di-spagnolo\/\"},{\"@type\":\"ListItem\",\"position\":2,\"name\":\"Corsi privati di spagnolo\"}]},{\"@type\":\"WebSite\",\"@id\":\"https:\/\/www.academia-barcelona.com\/#website\",\"url\":\"https:\/\/www.academia-barcelona.com\/\",\"name\":\"\",\"description\":\"\",\"potentialAction\":[{\"@type\":\"SearchAction\",\"target\":{\"@type\":\"EntryPoint\",\"urlTemplate\":\"https:\/\/www.academia-barcelona.com\/?s={search_term_string}\"},\"query-input\":{\"@type\":\"PropertyValueSpecification\",\"valueRequired\":true,\"valueName\":\"search_term_string\"}}],\"inLanguage\":\"it-IT\"}]}<\/script>\n<!-- \/ Yoast SEO plugin. -->","yoast_head_json":{"title":"Corsi privati di spagnolo alla CBLS. Sprachschule Barcelona","description":"Desiderate imparare lo spagnolo a Barcellona o migliorare le vostre conoscenze? Siete alla ricerca di orari flessibili adatti alle vostre esigenze?","robots":{"index":"index","follow":"follow","max-snippet":"max-snippet:-1","max-image-preview":"max-image-preview:large","max-video-preview":"max-video-preview:-1"},"canonical":"https:\/\/www.academia-barcelona.com\/it\/corsi-di-spagnolo\/corsi-privati-di-spagnolo\/","og_locale":"it_IT","og_type":"article","og_title":"Corsi privati di spagnolo alla CBLS. Sprachschule Barcelona","og_description":"Desiderate imparare lo spagnolo a Barcellona o migliorare le vostre conoscenze? Siete alla ricerca di orari flessibili adatti alle vostre esigenze?","og_url":"https:\/\/www.academia-barcelona.com\/it\/corsi-di-spagnolo\/corsi-privati-di-spagnolo\/","article_modified_time":"2021-11-08T07:18:45+00:00","twitter_card":"summary_large_image","twitter_misc":{"Tempo di lettura stimato":"2 minuti"},"schema":{"@context":"https:\/\/schema.org","@graph":[{"@type":"WebPage","@id":"https:\/\/www.academia-barcelona.com\/it\/corsi-di-spagnolo\/corsi-privati-di-spagnolo\/","url":"https:\/\/www.academia-barcelona.com\/it\/corsi-di-spagnolo\/corsi-privati-di-spagnolo\/","name":"Corsi privati di spagnolo alla CBLS. Sprachschule Barcelona","isPartOf":{"@id":"https:\/\/www.academia-barcelona.com\/#website"},"datePublished":"2017-05-09T09:59:43+00:00","dateModified":"2021-11-08T07:18:45+00:00","description":"Desiderate imparare lo spagnolo a Barcellona o migliorare le vostre conoscenze? Siete alla ricerca di orari flessibili adatti alle vostre esigenze?","breadcrumb":{"@id":"https:\/\/www.academia-barcelona.com\/it\/corsi-di-spagnolo\/corsi-privati-di-spagnolo\/#breadcrumb"},"inLanguage":"it-IT","potentialAction":[{"@type":"ReadAction","target":["https:\/\/www.academia-barcelona.com\/it\/corsi-di-spagnolo\/corsi-privati-di-spagnolo\/"]}]},{"@type":"BreadcrumbList","@id":"https:\/\/www.academia-barcelona.com\/it\/corsi-di-spagnolo\/corsi-privati-di-spagnolo\/#breadcrumb","itemListElement":[{"@type":"ListItem","position":1,"name":"CORSI DI SPAGNOLO","item":"https:\/\/www.academia-barcelona.com\/it\/corsi-di-spagnolo\/"},{"@type":"ListItem","position":2,"name":"Corsi privati di spagnolo"}]},{"@type":"WebSite","@id":"https:\/\/www.academia-barcelona.com\/#website","url":"https:\/\/www.academia-barcelona.com\/","name":"","description":"","potentialAction":[{"@type":"SearchAction","target":{"@type":"EntryPoint","urlTemplate":"https:\/\/www.academia-barcelona.com\/?s={search_term_string}"},"query-input":{"@type":"PropertyValueSpecification","valueRequired":true,"valueName":"search_term_string"}}],"inLanguage":"it-IT"}]}},"_links":{"self":[{"href":"https:\/\/www.academia-barcelona.com\/it\/wp-json\/wp\/v2\/pages\/9395","targetHints":{"allow":["GET"]}}],"collection":[{"href":"https:\/\/www.academia-barcelona.com\/it\/wp-json\/wp\/v2\/pages"}],"about":[{"href":"https:\/\/www.academia-barcelona.com\/it\/wp-json\/wp\/v2\/types\/page"}],"author":[{"embeddable":true,"href":"https:\/\/www.academia-barcelona.com\/it\/wp-json\/wp\/v2\/users\/3"}],"replies":[{"embeddable":true,"href":"https:\/\/www.academia-barcelona.com\/it\/wp-json\/wp\/v2\/comments?post=9395"}],"version-history":[{"count":6,"href":"https:\/\/www.academia-barcelona.com\/it\/wp-json\/wp\/v2\/pages\/9395\/revisions"}],"predecessor-version":[{"id":9397,"href":"https:\/\/www.academia-barcelona.com\/it\/wp-json\/wp\/v2\/pages\/9395\/revisions\/9397"}],"up":[{"embeddable":true,"href":"https:\/\/www.academia-barcelona.com\/it\/wp-json\/wp\/v2\/pages\/9430"}],"wp:attachment":[{"href":"https:\/\/www.academia-barcelona.com\/it\/wp-json\/wp\/v2\/media?parent=9395"}],"curies":[{"name":"wp","href":"https:\/\/api.w.org\/{rel}","templated":true}]}}