{"id":9329,"date":"2017-05-09T08:30:34","date_gmt":"2017-05-09T08:30:34","guid":{"rendered":"http:\/\/barcelona-sprachschule.de\/?page_id=9329\/"},"modified":"2017-05-09T08:30:34","modified_gmt":"2017-05-09T08:30:34","slug":"storia-della-cbls","status":"publish","type":"page","link":"https:\/\/www.academia-barcelona.com\/it\/su-di-noi\/storia-della-cbls\/","title":{"rendered":"Storia della CBLS"},"content":{"rendered":"<p>[vc_row css=&#8221;.vc_custom_1494308977881{padding-bottom: 30px !important;}&#8221;][vc_column][vc_column_text]<\/p>\n<h1>Storia dell\u00b4azienda. Scuola di lingue<\/h1>\n<p>Storia dell\u00b4azienda &#8211; <strong>Sprachschule<\/strong> Barcelona: Storia dell\u00b4azienda. Scuola di lingue. All\u00b4inizio del 2012, Emre Ko\u00e7ak e Clare Billig decidono di lasciarsi alle spalle la Germania e di aprire una scuola nel cuore di Barcellona. Cos\u00ec il Signor Ko\u00e7ak ha portato con s\u00e9 le sue esperienze nel campo dell\u00b4interpretazione di conferenza per numerose aziende, mentre la Signora Billig si \u00e8 avvalsa delle sue conoscenze ormai lunghe anni, acquisite nel campo del lavoro sociale nelle scuole professionali e nella direzione di progetti abh.<\/p>\n<p>Poich\u00e8 l\u00b4interesse risiedeva in un primo momento nella direzione di una scuola di lingue classica, pensata per persone che si interessassero privatamente ai corsi, nel corso del tempo sono aumentate le richieste, dalla Germania e dalla Spagna, di collaborazione a diversi progetti.<\/p>\n<p>Per questo motivo si presenta al momento un bilancio di grande successo, in continuo aumento. La CBLS si configura sempre pi\u00f9 come punto di contatto fra Spagna e Germania, sia attraverso la collaborazione a progetti sociali e culturali, sia nella mediazione fra lavoro e istruzione. A causa della crisi in Spagna, \u00e8 sempre pi\u00f9 grande il desiderio di orientarsi professionalmente verso l`Europa, e per questo molti giovani cercano fortuna in Germania. Ed \u00e8 proprio qui che gioca un ruolo fondamentale la CLSB, cercando la strada giusta per ogni singolo studente, sia a livello pedagogico, ma soprattutto individuale.[\/vc_column_text][\/vc_column][\/vc_row][vc_row full_width=&#8221;stretch_row&#8221; css=&#8221;.vc_custom_1494309120674{padding-top: 30px !important;padding-bottom: 30px !important;background-color: #f9f9f9 !important;}&#8221;][vc_column][vc_column_text]<\/p>\n<h2>La nostra filosofia<\/h2>\n<p>La nostra scuola a Barcellona si \u00e8 data il compito di non insegnare lo spagnolo solo attraverso pure lezioni di lingua. Una esperienza lunga anni nel lavoro sociale, e in quello con adulti e giovani, ci hanno reso possibile aiutare i nostri studenti ad utilizzare le conoscenze acquisite nel contesto giusto. Un concetto che non prevede solo l\u00b4insegnamento della lingua, ma anche la pratica necessaria, e prevede inoltre una mediazione complessiva della lingua e, grazie al team qualificato, tiene conto delle propriet\u00e0 socioculturali di ogni gruppo.<\/p>\n<h2>Le nostre importanti pietre miliari, progetti promossi dall\u00b4UE<br \/>\n<strong>Aprile 2012<\/strong>  Fondazione della Clase Barcelona Language School<\/h2>\n<ul>\n<li><strong>Ottobre 2013 \u2013 Luglio 2014<\/strong> Primo Flow MobiPro-EU in collaborazione con ZAV<\/li>\n<li><strong>Febbraio 2015 \u2013 Luglio 2015<\/strong> Secondo Flow MobiPro-EU in Collaborazione con FARE Spa<\/li>\n<li><strong>Marzo 2015 \u2013 Luglio 2015<\/strong> Terzo Flow MobiPro-EU in Collaborazione con FARE Spa<\/li>\n<li><strong>Settembre 2016 \u2013 Dicembre 2016<\/strong> Primo Flow del Progetto \u201ctake off take in \u2013 Aufbruch Wirtschaft Kreativ\u201d in collaborazione con l\u00b4associazione registrata Kontrapunkt di Monaco di Baviera<\/li>\n<\/ul>\n<p>[\/vc_column_text][\/vc_column][\/vc_row]<\/p>\n","protected":false},"excerpt":{"rendered":"<p>[vc_row css=&#8221;.vc_custom_1494308977881{padding-bottom: 30px !important;}&#8221;][vc_column][vc_column_text] Storia dell\u00b4azienda. Scuola di lingue Storia dell\u00b4azienda &#8211; Sprachschule Barcelona: Storia dell\u00b4azienda. Scuola di lingue. All\u00b4inizio del 2012, Emre Ko\u00e7ak e Clare Billig decidono di lasciarsi alle spalle la Germania e di aprire una scuola nel cuore di Barcellona. Cos\u00ec il Signor Ko\u00e7ak ha portato con s\u00e9 le sue esperienze nel&hellip; <a class=\"read-more\" href=\"https:\/\/www.academia-barcelona.com\/it\/su-di-noi\/storia-della-cbls\/\" title=\"Read Storia della CBLS\">Read more &raquo;<\/a><\/p>\n","protected":false},"author":3,"featured_media":0,"parent":2732,"menu_order":0,"comment_status":"closed","ping_status":"closed","template":"","meta":{"footnotes":""},"class_list":["post-9329","page","type-page","status-publish","hentry"],"yoast_head":"<!-- This site is optimized with the Yoast SEO plugin v27.1.1 - https:\/\/yoast.com\/product\/yoast-seo-wordpress\/ -->\n<title>Storia dell\u00b4azienda. Scuola di lingue.<\/title>\n<meta name=\"description\" content=\"All\u00b4inizio del 2012, Emre Ko\u00e7ak e Clare Billig decidono di lasciarsi alle spalle la Germania e di aprire una scuola nel cuore di Barcellona.\" \/>\n<meta name=\"robots\" content=\"index, follow, max-snippet:-1, max-image-preview:large, max-video-preview:-1\" \/>\n<link rel=\"canonical\" href=\"https:\/\/www.academia-barcelona.com\/it\/su-di-noi\/storia-della-cbls\/\" \/>\n<meta property=\"og:locale\" content=\"it_IT\" \/>\n<meta property=\"og:type\" content=\"article\" \/>\n<meta property=\"og:title\" content=\"Storia dell\u00b4azienda. Scuola di lingue.\" \/>\n<meta property=\"og:description\" content=\"All\u00b4inizio del 2012, Emre Ko\u00e7ak e Clare Billig decidono di lasciarsi alle spalle la Germania e di aprire una scuola nel cuore di Barcellona.\" \/>\n<meta property=\"og:url\" content=\"https:\/\/www.academia-barcelona.com\/it\/su-di-noi\/storia-della-cbls\/\" \/>\n<meta name=\"twitter:card\" content=\"summary_large_image\" \/>\n<meta name=\"twitter:label1\" content=\"Tempo di lettura stimato\" \/>\n\t<meta name=\"twitter:data1\" content=\"2 minuti\" \/>\n<script type=\"application\/ld+json\" class=\"yoast-schema-graph\">{\"@context\":\"https:\/\/schema.org\",\"@graph\":[{\"@type\":\"WebPage\",\"@id\":\"https:\/\/www.academia-barcelona.com\/it\/su-di-noi\/storia-della-cbls\/\",\"url\":\"https:\/\/www.academia-barcelona.com\/it\/su-di-noi\/storia-della-cbls\/\",\"name\":\"Storia dell\u00b4azienda. Scuola di lingue.\",\"isPartOf\":{\"@id\":\"https:\/\/www.academia-barcelona.com\/#website\"},\"datePublished\":\"2017-05-09T08:30:34+00:00\",\"description\":\"All\u00b4inizio del 2012, Emre Ko\u00e7ak e Clare Billig decidono di lasciarsi alle spalle la Germania e di aprire una scuola nel cuore di Barcellona.\",\"breadcrumb\":{\"@id\":\"https:\/\/www.academia-barcelona.com\/it\/su-di-noi\/storia-della-cbls\/#breadcrumb\"},\"inLanguage\":\"it-IT\",\"potentialAction\":[{\"@type\":\"ReadAction\",\"target\":[\"https:\/\/www.academia-barcelona.com\/it\/su-di-noi\/storia-della-cbls\/\"]}]},{\"@type\":\"BreadcrumbList\",\"@id\":\"https:\/\/www.academia-barcelona.com\/it\/su-di-noi\/storia-della-cbls\/#breadcrumb\",\"itemListElement\":[{\"@type\":\"ListItem\",\"position\":1,\"name\":\"Su di noi\",\"item\":\"https:\/\/www.academia-barcelona.com\/it\/su-di-noi\/\"},{\"@type\":\"ListItem\",\"position\":2,\"name\":\"Storia della CBLS\"}]},{\"@type\":\"WebSite\",\"@id\":\"https:\/\/www.academia-barcelona.com\/#website\",\"url\":\"https:\/\/www.academia-barcelona.com\/\",\"name\":\"\",\"description\":\"\",\"potentialAction\":[{\"@type\":\"SearchAction\",\"target\":{\"@type\":\"EntryPoint\",\"urlTemplate\":\"https:\/\/www.academia-barcelona.com\/?s={search_term_string}\"},\"query-input\":{\"@type\":\"PropertyValueSpecification\",\"valueRequired\":true,\"valueName\":\"search_term_string\"}}],\"inLanguage\":\"it-IT\"}]}<\/script>\n<!-- \/ Yoast SEO plugin. -->","yoast_head_json":{"title":"Storia dell\u00b4azienda. Scuola di lingue.","description":"All\u00b4inizio del 2012, Emre Ko\u00e7ak e Clare Billig decidono di lasciarsi alle spalle la Germania e di aprire una scuola nel cuore di Barcellona.","robots":{"index":"index","follow":"follow","max-snippet":"max-snippet:-1","max-image-preview":"max-image-preview:large","max-video-preview":"max-video-preview:-1"},"canonical":"https:\/\/www.academia-barcelona.com\/it\/su-di-noi\/storia-della-cbls\/","og_locale":"it_IT","og_type":"article","og_title":"Storia dell\u00b4azienda. Scuola di lingue.","og_description":"All\u00b4inizio del 2012, Emre Ko\u00e7ak e Clare Billig decidono di lasciarsi alle spalle la Germania e di aprire una scuola nel cuore di Barcellona.","og_url":"https:\/\/www.academia-barcelona.com\/it\/su-di-noi\/storia-della-cbls\/","twitter_card":"summary_large_image","twitter_misc":{"Tempo di lettura stimato":"2 minuti"},"schema":{"@context":"https:\/\/schema.org","@graph":[{"@type":"WebPage","@id":"https:\/\/www.academia-barcelona.com\/it\/su-di-noi\/storia-della-cbls\/","url":"https:\/\/www.academia-barcelona.com\/it\/su-di-noi\/storia-della-cbls\/","name":"Storia dell\u00b4azienda. Scuola di lingue.","isPartOf":{"@id":"https:\/\/www.academia-barcelona.com\/#website"},"datePublished":"2017-05-09T08:30:34+00:00","description":"All\u00b4inizio del 2012, Emre Ko\u00e7ak e Clare Billig decidono di lasciarsi alle spalle la Germania e di aprire una scuola nel cuore di Barcellona.","breadcrumb":{"@id":"https:\/\/www.academia-barcelona.com\/it\/su-di-noi\/storia-della-cbls\/#breadcrumb"},"inLanguage":"it-IT","potentialAction":[{"@type":"ReadAction","target":["https:\/\/www.academia-barcelona.com\/it\/su-di-noi\/storia-della-cbls\/"]}]},{"@type":"BreadcrumbList","@id":"https:\/\/www.academia-barcelona.com\/it\/su-di-noi\/storia-della-cbls\/#breadcrumb","itemListElement":[{"@type":"ListItem","position":1,"name":"Su di noi","item":"https:\/\/www.academia-barcelona.com\/it\/su-di-noi\/"},{"@type":"ListItem","position":2,"name":"Storia della CBLS"}]},{"@type":"WebSite","@id":"https:\/\/www.academia-barcelona.com\/#website","url":"https:\/\/www.academia-barcelona.com\/","name":"","description":"","potentialAction":[{"@type":"SearchAction","target":{"@type":"EntryPoint","urlTemplate":"https:\/\/www.academia-barcelona.com\/?s={search_term_string}"},"query-input":{"@type":"PropertyValueSpecification","valueRequired":true,"valueName":"search_term_string"}}],"inLanguage":"it-IT"}]}},"_links":{"self":[{"href":"https:\/\/www.academia-barcelona.com\/it\/wp-json\/wp\/v2\/pages\/9329","targetHints":{"allow":["GET"]}}],"collection":[{"href":"https:\/\/www.academia-barcelona.com\/it\/wp-json\/wp\/v2\/pages"}],"about":[{"href":"https:\/\/www.academia-barcelona.com\/it\/wp-json\/wp\/v2\/types\/page"}],"author":[{"embeddable":true,"href":"https:\/\/www.academia-barcelona.com\/it\/wp-json\/wp\/v2\/users\/3"}],"replies":[{"embeddable":true,"href":"https:\/\/www.academia-barcelona.com\/it\/wp-json\/wp\/v2\/comments?post=9329"}],"version-history":[{"count":1,"href":"https:\/\/www.academia-barcelona.com\/it\/wp-json\/wp\/v2\/pages\/9329\/revisions"}],"predecessor-version":[{"id":9330,"href":"https:\/\/www.academia-barcelona.com\/it\/wp-json\/wp\/v2\/pages\/9329\/revisions\/9330"}],"up":[{"embeddable":true,"href":"https:\/\/www.academia-barcelona.com\/it\/wp-json\/wp\/v2\/pages\/2732"}],"wp:attachment":[{"href":"https:\/\/www.academia-barcelona.com\/it\/wp-json\/wp\/v2\/media?parent=9329"}],"curies":[{"name":"wp","href":"https:\/\/api.w.org\/{rel}","templated":true}]}}