{"id":8532,"date":"2017-05-03T19:27:53","date_gmt":"2017-05-03T19:27:53","guid":{"rendered":"http:\/\/barcelona-sprachschule.de\/?page_id=8532\/"},"modified":"2021-11-08T07:32:25","modified_gmt":"2021-11-08T07:32:25","slug":"home-it","status":"publish","type":"page","link":"https:\/\/www.academia-barcelona.com\/it\/","title":{"rendered":"Home (it)"},"content":{"rendered":"<p>[vc_row full_width=&#8221;stretch_row_content_no_spaces&#8221; content_placement=&#8221;middle&#8221; css=&#8221;.vc_custom_1613597349215{background: #d6d5d3 url(https:\/\/www.academia-barcelona.com\/wp-content\/uploads\/2021\/02\/fondo-2.jpg?id=12968) !important;background-position: 0 0 !important;background-repeat: repeat !important;}&#8221;][vc_column width=&#8221;1\/2&#8243;][vc_single_image image=&#8221;12963&#8243; img_size=&#8221;full&#8221; alignment=&#8221;center&#8221;][\/vc_column][vc_column width=&#8221;1\/2&#8243; css=&#8221;.vc_custom_1609834442227{background-position: center !important;background-repeat: no-repeat !important;background-size: contain !important;}&#8221;][vc_column_text]<\/p>\n<div class=\"slidetitel\">Benvenuto<\/div>\n<p>[\/vc_column_text][vc_column_text]<\/p>\n<p style=\"text-align: center; font-size: 40px; margin-top: 15px;\">a Sprachschule Aktiv<\/p>\n<p>[\/vc_column_text][vc_row_inner css=&#8221;.vc_custom_1613598094270{margin-top: 10px !important;}&#8221;][vc_column_inner]\t<div class=\"vc_btn3-container vc_btn3-center\">\n\t\t<a href=\"https:\/\/www.academia-barcelona.com\/it\/corsi-di-spagnolo\/\" class=\"pgs_btn pgs_btn_style_1 pgs_btn_xl\">\n\t\t\t<span>\n\t\t\t\tCORSI DI SPAGNOLO\t\t\t<\/span>\n\t\t\t\t\t\t<i class=\"fas fa-angle-double-right\"><\/i>\n\t\t\t\t\t<\/a>\n\t<\/div>\n\t\t<div class=\"vc_btn3-container vc_btn3-center\">\n\t\t<a href=\"https:\/\/www.academia-barcelona.com\/it\/iscrizione\/\" class=\"pgs_btn pgs_btn_style_1 pgs_btn_xl\">\n\t\t\t<span>\n\t\t\t\tISCRIVITI ORA\t\t\t<\/span>\n\t\t\t\t\t\t<i class=\"fas fa-angle-double-right\"><\/i>\n\t\t\t\t\t<\/a>\n\t<\/div>\n\t[\/vc_column_inner][\/vc_row_inner][\/vc_column][\/vc_row][vc_row top=&#8221;30px&#8221; bottom=&#8221;20px&#8221; css=&#8221;.vc_custom_1493833927981{padding-top: 30px !important;padding-bottom: 30px !important;}&#8221;][vc_column][vc_column_text]<\/p>\n<h1>Imparare lo spagnolo a barcellona con simpatici insegnanti<\/h1>\n<p>[\/vc_column_text][vc_column_text]Imparare lo spagnolo in modo rapido con la nostra scuola a Barcellona CON SIMPATICI INSEGNANTI. Il nostro motto \u201cImparare lo spagnolo a Barcellona\u201d si basa sul fatto che lo spagnolo \u00e8 una delle tre lingue pi\u00f9 diffuse al mondo e viene parlato da pi\u00f9 di 450 milioni di persone. Se volete visitare uno dei 20 Paesi di lingua spagnola o avete bisogno dei nostri corsi di lingua a Barcellona, oppure pensate di trasferirvi, siete nel posto giusto.[\/vc_column_text][\/vc_column][\/vc_row][vc_row full_width=&#8221;stretch_row&#8221; top=&#8221;30px&#8221; bottom=&#8221;20px&#8221; css=&#8221;.vc_custom_1493834070618{padding-top: 30px !important;padding-bottom: 30px !important;background-color: #f9f9f9 !important;}&#8221;][vc_column][vc_column_text]<\/p>\n<h2>Viaggi di lingua a barcellona: imparare lo spagnolo divertendosi<\/h2>\n<p>Imparare lo spagnolo a Barcellona \u00e8 qualcosa di pi\u00f9 che puro studio. Per voi organizziamo diversi eventi, ci assicuriamo che i nostri studenti costruiscano insieme un gruppo dinamico e rendiamo totalmente piacevole il vostro soggiorno in una delle citt\u00e0 pi\u00f9 eccitanti della Spagna. Fuori dalle lezioni, troverete abbastanza tempo per rivivere personalmente la storia di Barcellona, dalle conquiste romane fino ai tempi moderni. Grazie alla nostra posizione centrale, potrete dirigervi verso il mare per una rinfrescata o raggiungere le mete turistiche pi\u00f9 significative direttamente a piedi.[\/vc_column_text][\/vc_column][\/vc_row][vc_row full_width=&#8221;stretch_row&#8221; top=&#8221;30px&#8221; bottom=&#8221;20px&#8221; css=&#8221;.vc_custom_1493834164371{padding-top: 30px !important;padding-bottom: 30px !important;}&#8221;][vc_column width=&#8221;1\/3&#8243;][vc_single_image image=&#8221;3452&#8243; img_size=&#8221;300&#215;200&#8243; alignment=&#8221;center&#8221; style=&#8221;vc_box_circle_2&#8243; onclick=&#8221;custom_link&#8221; link=&#8221;https:\/\/www.academia-barcelona.com\/it\/corsi-di-spagnolo\/&#8221;][vc_column_text]<\/p>\n<h2 style=\"text-align: center;\">Corsi di spagnolo a Barcellona<\/h2>\n<p>Imparate lo spagnolo a Barcellona con la nostra scuola targata CBLS (Clase Barcelona Language School)! Da noi imparerete lo spagnolo, ovviamente nel modo che pi\u00f9 vi aggrada! Vi offriamo una vasta gamma di corsi di spagnolo a Barcellona per tutto l\u00b4anno.[\/vc_column_text][\/vc_column][vc_column width=&#8221;1\/3&#8243;][vc_single_image image=&#8221;3976&#8243; img_size=&#8221;300&#215;200&#8243; alignment=&#8221;center&#8221; style=&#8221;vc_box_circle_2&#8243; onclick=&#8221;custom_link&#8221; link=&#8221;https:\/\/www.academia-barcelona.com\/it\/su-di-noi\/&#8221;][vc_column_text]<\/p>\n<h2 style=\"text-align: center;\">Su di noi. Scuola di lingua<\/h2>\n<p>La nostra catena di scuole di lingua conta pi\u00f9 di 10.000 partecipanti soddisfatti ed \u00e8 presente anche in Germania: Monaco, Berlino, Francoforte, Frisinga e Ingolstadt. Imparate lo spagnolo e scoprite Barcellona![\/vc_column_text][\/vc_column][vc_column width=&#8221;1\/3&#8243;][vc_single_image image=&#8221;3495&#8243; img_size=&#8221;200&#215;300&#8243; alignment=&#8221;center&#8221; style=&#8221;vc_box_circle_2&#8243;][vc_column_text]<\/p>\n<h2 style=\"text-align: center;\">Tirocini e lavoro in spagna<\/h2>\n<p>State cercando un tirocinio in Spagna o un lavoro dopo il corso di spagnolo a Barcellona? Allora siete nel posto giusto! La nostra scuola di lingue CBLS (Clase Barcelona Language School) offre ogni mese nuovi tirocini.[\/vc_column_text][\/vc_column][\/vc_row][vc_row full_width=&#8221;stretch_row&#8221; top=&#8221;30px&#8221; bottom=&#8221;20px&#8221; css=&#8221;.vc_custom_1493834249762{padding-top: 30px !important;padding-bottom: 30px !important;background-color: #f9f9f9 !important;}&#8221;][vc_column width=&#8221;1\/2&#8243;][vc_video link=&#8221;https:\/\/www.youtube.com\/watch?v=7G7QD6mq7dU&#8221;][\/vc_column][vc_column width=&#8221;1\/2&#8243;][vc_column_text]<\/p>\n<h2>Corsi intensivi di spagnolo: imparare lo spagnolo velocemente<\/h2>\n<p>I nostri <a href=\"https:\/\/www.academia-barcelona.com\/it\/corsi-di-spagnolo\/\">corsi intensivi di spagnolo<\/a> a Barcellona comprendono diversi corsi da 1- 4 settimane. Il corso di spagnolo perfetto se volete imparare la lingua velocemente. Potete sostenere test, per esaminare le vostre conoscenze, in maniera gratuita. I nostri corsi iniziano ogni luned\u00ec.[\/vc_column_text][\/vc_column][\/vc_row][vc_row css=&#8221;.vc_custom_1493834787241{padding-top: 30px !important;padding-bottom: 30px !important;}&#8221;][vc_column][vc_column_text]<\/p>\n<h2>La nostra scuola<\/h2>\n<p>[\/vc_column_text][vc_column_text]<iframe src=\"https:\/\/maps.google.com\/maps?q=&amp;layer=c&amp;sll=41.391525,2.169008&amp;cid=14083296499546647052&amp;panoid=tvKu_zCmJ0sAAAQIt7eiIA&amp;cbp=13,35.96,,0,0&amp;gl=US&amp;hl=es&amp;ie=UTF8&amp;hq=&amp;hnear=&amp;ll=41.391525,2.169008&amp;spn=0.006295,0.006295&amp;t=m&amp;cbll=41.391424,2.168953&amp;source=embed&amp;output=svembed\" width=\"100%\" height=\"400\" frameborder=\"0\" marginwidth=\"0\" marginheight=\"0\" scrolling=\"no\"><\/iframe>[\/vc_column_text][vc_single_image image=&#8221;8476&#8243; img_size=&#8221;full&#8221; alignment=&#8221;center&#8221;][\/vc_column][\/vc_row]<\/p>\n","protected":false},"excerpt":{"rendered":"<p>[vc_row full_width=&#8221;stretch_row_content_no_spaces&#8221; content_placement=&#8221;middle&#8221; css=&#8221;.vc_custom_1613597349215{background: #d6d5d3 url(https:\/\/www.academia-barcelona.com\/wp-content\/uploads\/2021\/02\/fondo-2.jpg?id=12968) !important;background-position: 0 0 !important;background-repeat: repeat !important;}&#8221;][vc_column width=&#8221;1\/2&#8243;][vc_single_image image=&#8221;12963&#8243; img_size=&#8221;full&#8221; alignment=&#8221;center&#8221;][\/vc_column][vc_column width=&#8221;1\/2&#8243; css=&#8221;.vc_custom_1609834442227{background-position: center !important;background-repeat: no-repeat !important;background-size: contain !important;}&#8221;][vc_column_text] Benvenuto [\/vc_column_text][vc_column_text] a Sprachschule Aktiv [\/vc_column_text][vc_row_inner css=&#8221;.vc_custom_1613598094270{margin-top: 10px !important;}&#8221;][vc_column_inner][\/vc_column_inner][\/vc_row_inner][\/vc_column][\/vc_row][vc_row top=&#8221;30px&#8221; bottom=&#8221;20px&#8221; css=&#8221;.vc_custom_1493833927981{padding-top: 30px !important;padding-bottom: 30px !important;}&#8221;][vc_column][vc_column_text] Imparare lo spagnolo a barcellona con simpatici insegnanti [\/vc_column_text][vc_column_text]Imparare lo spagnolo in modo rapido con&hellip; <a class=\"read-more\" href=\"https:\/\/www.academia-barcelona.com\/it\/\" title=\"Read Home (it)\">Read more &raquo;<\/a><\/p>\n","protected":false},"author":3,"featured_media":0,"parent":0,"menu_order":0,"comment_status":"closed","ping_status":"closed","template":"","meta":{"footnotes":""},"class_list":["post-8532","page","type-page","status-publish","hentry"],"yoast_head":"<!-- This site is optimized with the Yoast SEO plugin v27.1.1 - https:\/\/yoast.com\/product\/yoast-seo-wordpress\/ -->\n<title>Imparare lo spagnolo in modo rapido con la nostra scuola a Barcellona<\/title>\n<meta name=\"description\" content=\"Il nostro motto \u201cImparare lo spagnolo a Barcellona\u201d si basa sul fatto che lo spagnolo \u00e8 una delle tre lingue pi\u00f9 diffuse al mondo.\" \/>\n<meta name=\"robots\" content=\"index, follow, max-snippet:-1, max-image-preview:large, max-video-preview:-1\" \/>\n<link rel=\"canonical\" href=\"https:\/\/www.academia-barcelona.com\/it\/\" \/>\n<meta property=\"og:locale\" content=\"it_IT\" \/>\n<meta property=\"og:type\" content=\"article\" \/>\n<meta property=\"og:title\" content=\"Imparare lo spagnolo in modo rapido con la nostra scuola a Barcellona\" \/>\n<meta property=\"og:description\" content=\"Il nostro motto \u201cImparare lo spagnolo a Barcellona\u201d si basa sul fatto che lo spagnolo \u00e8 una delle tre lingue pi\u00f9 diffuse al mondo.\" \/>\n<meta property=\"og:url\" content=\"https:\/\/www.academia-barcelona.com\/it\/\" \/>\n<meta property=\"article:modified_time\" content=\"2021-11-08T07:32:25+00:00\" \/>\n<meta name=\"twitter:card\" content=\"summary_large_image\" \/>\n<meta name=\"twitter:label1\" content=\"Tempo di lettura stimato\" \/>\n\t<meta name=\"twitter:data1\" content=\"3 minuti\" \/>\n<script type=\"application\/ld+json\" class=\"yoast-schema-graph\">{\"@context\":\"https:\/\/schema.org\",\"@graph\":[{\"@type\":\"WebPage\",\"@id\":\"https:\/\/www.academia-barcelona.com\/it\/\",\"url\":\"https:\/\/www.academia-barcelona.com\/it\/\",\"name\":\"Imparare lo spagnolo in modo rapido con la nostra scuola a Barcellona\",\"isPartOf\":{\"@id\":\"https:\/\/www.academia-barcelona.com\/#website\"},\"datePublished\":\"2017-05-03T19:27:53+00:00\",\"dateModified\":\"2021-11-08T07:32:25+00:00\",\"description\":\"Il nostro motto \u201cImparare lo spagnolo a Barcellona\u201d si basa sul fatto che lo spagnolo \u00e8 una delle tre lingue pi\u00f9 diffuse al mondo.\",\"inLanguage\":\"it-IT\",\"potentialAction\":[{\"@type\":\"ReadAction\",\"target\":[\"https:\/\/www.academia-barcelona.com\/it\/\"]}]},{\"@type\":\"WebSite\",\"@id\":\"https:\/\/www.academia-barcelona.com\/#website\",\"url\":\"https:\/\/www.academia-barcelona.com\/\",\"name\":\"\",\"description\":\"\",\"potentialAction\":[{\"@type\":\"SearchAction\",\"target\":{\"@type\":\"EntryPoint\",\"urlTemplate\":\"https:\/\/www.academia-barcelona.com\/?s={search_term_string}\"},\"query-input\":{\"@type\":\"PropertyValueSpecification\",\"valueRequired\":true,\"valueName\":\"search_term_string\"}}],\"inLanguage\":\"it-IT\"}]}<\/script>\n<!-- \/ Yoast SEO plugin. -->","yoast_head_json":{"title":"Imparare lo spagnolo in modo rapido con la nostra scuola a Barcellona","description":"Il nostro motto \u201cImparare lo spagnolo a Barcellona\u201d si basa sul fatto che lo spagnolo \u00e8 una delle tre lingue pi\u00f9 diffuse al mondo.","robots":{"index":"index","follow":"follow","max-snippet":"max-snippet:-1","max-image-preview":"max-image-preview:large","max-video-preview":"max-video-preview:-1"},"canonical":"https:\/\/www.academia-barcelona.com\/it\/","og_locale":"it_IT","og_type":"article","og_title":"Imparare lo spagnolo in modo rapido con la nostra scuola a Barcellona","og_description":"Il nostro motto \u201cImparare lo spagnolo a Barcellona\u201d si basa sul fatto che lo spagnolo \u00e8 una delle tre lingue pi\u00f9 diffuse al mondo.","og_url":"https:\/\/www.academia-barcelona.com\/it\/","article_modified_time":"2021-11-08T07:32:25+00:00","twitter_card":"summary_large_image","twitter_misc":{"Tempo di lettura stimato":"3 minuti"},"schema":{"@context":"https:\/\/schema.org","@graph":[{"@type":"WebPage","@id":"https:\/\/www.academia-barcelona.com\/it\/","url":"https:\/\/www.academia-barcelona.com\/it\/","name":"Imparare lo spagnolo in modo rapido con la nostra scuola a Barcellona","isPartOf":{"@id":"https:\/\/www.academia-barcelona.com\/#website"},"datePublished":"2017-05-03T19:27:53+00:00","dateModified":"2021-11-08T07:32:25+00:00","description":"Il nostro motto \u201cImparare lo spagnolo a Barcellona\u201d si basa sul fatto che lo spagnolo \u00e8 una delle tre lingue pi\u00f9 diffuse al mondo.","inLanguage":"it-IT","potentialAction":[{"@type":"ReadAction","target":["https:\/\/www.academia-barcelona.com\/it\/"]}]},{"@type":"WebSite","@id":"https:\/\/www.academia-barcelona.com\/#website","url":"https:\/\/www.academia-barcelona.com\/","name":"","description":"","potentialAction":[{"@type":"SearchAction","target":{"@type":"EntryPoint","urlTemplate":"https:\/\/www.academia-barcelona.com\/?s={search_term_string}"},"query-input":{"@type":"PropertyValueSpecification","valueRequired":true,"valueName":"search_term_string"}}],"inLanguage":"it-IT"}]}},"_links":{"self":[{"href":"https:\/\/www.academia-barcelona.com\/it\/wp-json\/wp\/v2\/pages\/8532","targetHints":{"allow":["GET"]}}],"collection":[{"href":"https:\/\/www.academia-barcelona.com\/it\/wp-json\/wp\/v2\/pages"}],"about":[{"href":"https:\/\/www.academia-barcelona.com\/it\/wp-json\/wp\/v2\/types\/page"}],"author":[{"embeddable":true,"href":"https:\/\/www.academia-barcelona.com\/it\/wp-json\/wp\/v2\/users\/3"}],"replies":[{"embeddable":true,"href":"https:\/\/www.academia-barcelona.com\/it\/wp-json\/wp\/v2\/comments?post=8532"}],"version-history":[{"count":23,"href":"https:\/\/www.academia-barcelona.com\/it\/wp-json\/wp\/v2\/pages\/8532\/revisions"}],"predecessor-version":[{"id":13812,"href":"https:\/\/www.academia-barcelona.com\/it\/wp-json\/wp\/v2\/pages\/8532\/revisions\/13812"}],"wp:attachment":[{"href":"https:\/\/www.academia-barcelona.com\/it\/wp-json\/wp\/v2\/media?parent=8532"}],"curies":[{"name":"wp","href":"https:\/\/api.w.org\/{rel}","templated":true}]}}