{"id":2750,"date":"2016-05-30T11:26:55","date_gmt":"2016-05-30T11:26:55","guid":{"rendered":"http:\/\/www.barcelona-sprachschule.de\/it\/?page_id=2750"},"modified":"2017-05-09T09:17:59","modified_gmt":"2017-05-09T09:17:59","slug":"i-nostri-metodi","status":"publish","type":"page","link":"https:\/\/www.academia-barcelona.com\/it\/i-nostri-metodi\/","title":{"rendered":"I nostri metodi"},"content":{"rendered":"<p>[vc_row css=&#8221;.vc_custom_1494321447766{padding-bottom: 30px !important;}&#8221;][vc_column][vc_column_text]<\/p>\n<h1>Il nostro metodo di apprendimento delle lingue<\/h1>\n<p>I nostri metodi in Sprachschule Barcelona. Il nostro metodo di apprendimento delle lingue. Al giorno d\u00b4oggi non basta pi\u00f9 soltanto imparare una lingua, per comprendere le persone che provengono da un\u00b4altra cultura. Per una comunicazione di successo \u00e8 sempre pi\u00f9 importante conoscere anche la rispettiva cultura di un Paese. I nostri <strong>corsi a Barcellona<\/strong> forniscono pertanto i retroscena culturali e sono concepiti in modo moderno, vivo e sempre vicino alla realt\u00e0.<\/p>\n<p>Nei <strong>nostri corsi<\/strong> prestiamo sempre attenzione ai tuoi interessi personali, ai tuoi obbiettivi, ai tuoi desideri e al tuo tempo di apprendimento. Inoltre, in quanto partecipante ai nostri corsi, prenderai attivamente parte al training linguistico. I nostri corsi di lingua a Barcellona, cos\u00ec come i corsi a distanza, si orientano tutti sul quadro comune europeo di riferimento per le lingue.<\/p>\n<p>L\u00b4obbiettivo die nostri corsi di lingua a Barcellona e dei nostri corsi di spagnolo a distanza \u00e8 quello di insegnare la lingua spagnola, con la grammatica necessaria, e di sensibilizzare i nostri studenti alle differenze tra la propria cultura e quella straniera.\u00a0 Coloro che partecipano ai nostri corsi possono ottenere, grazie al corso, una comprensione di ci\u00f2 che \u00e8 estraneo e, cos\u00ec, riuscire a valutare meglio le differenze e gli influssi culturali. In questo modo sviluppano, per esempio, la capacit\u00e0 di trattare con soci d\u00b4affari, colleghi, clienti o amici stranieri.<\/p>\n<p>Con la nostra vasta conoscenza di base, gli esempi scelti, gli eventi culturali, i consigli concreti, gli studi di casi o i lavori di gruppo, riusciamo a preparare i nostri studenti agli incontri interculturali (privati o professionali) con la Spagna e anche, perch\u00e9 no, con l\u00b4America Latina.<\/p>\n<p>Con i <strong>nostri corsi di lingua a Barcellona<\/strong> e le nostre lezioni di spagnolo a distanza, puntiamo ai seguenti obbiettivi:<\/p>\n<p>Obbiettivi del corso adattati individualmente alle richieste, agli orari e ai desideri del gruppo<\/p>\n<ul>\n<li>Lezioni progettate in modo da essere attive<\/li>\n<li>Un\u00b4atmosfera che permetta di imparare senza stress<\/li>\n<li>Apprendimento della grammatica, in linea coi bisogni particolari dello studente. Per esempio, conoscenze approfondite di grammatica risultano pi\u00f9 importanti nella vita professionale che in vacanza.<\/li>\n<li>Sensibilizzazione e aumento della tolleranza verso le altre culture e agli incontri interculturali.<\/li>\n<li>Apprendimento di importanti e note locuzioni con la corrispettiva mimica.<\/li>\n<li>Imparare a comprendere in modo corretto la comunicazione non verbale, al fine di interpretare correttamente le azioni e i comportamenti dei locali e, quando possibile, di prevederli<\/li>\n<li>Sviluppo di strategie per una comunicazione senza problemi<\/li>\n<li>Imparare a notare e rispettare le differenze tra la propria cultura e quella straniera<\/li>\n<li>Fornire le strategie per saper affrontare una tipica situazione di conflitto<\/li>\n<li>Appropriazione di competenze culturali<\/li>\n<li>Preparazione ad una efficace collaborazione in lavori di gruppo interculturali<\/li>\n<\/ul>\n<p>[\/vc_column_text][\/vc_column][\/vc_row]<\/p>\n","protected":false},"excerpt":{"rendered":"<p>[vc_row css=&#8221;.vc_custom_1494321447766{padding-bottom: 30px !important;}&#8221;][vc_column][vc_column_text] Il nostro metodo di apprendimento delle lingue I nostri metodi in Sprachschule Barcelona. Il nostro metodo di apprendimento delle lingue. Al giorno d\u00b4oggi non basta pi\u00f9 soltanto imparare una lingua, per comprendere le persone che provengono da un\u00b4altra cultura. Per una comunicazione di successo \u00e8 sempre pi\u00f9 importante conoscere anche la&hellip; <a class=\"read-more\" href=\"https:\/\/www.academia-barcelona.com\/it\/i-nostri-metodi\/\" title=\"Read I nostri metodi\">Read more &raquo;<\/a><\/p>\n","protected":false},"author":3,"featured_media":0,"parent":0,"menu_order":0,"comment_status":"closed","ping_status":"closed","template":"","meta":{"footnotes":""},"class_list":["post-2750","page","type-page","status-publish","hentry"],"yoast_head":"<!-- This site is optimized with the Yoast SEO plugin v27.1.1 - https:\/\/yoast.com\/product\/yoast-seo-wordpress\/ -->\n<title>I nostri metodi in Sprachschule Barcelona<\/title>\n<meta name=\"description\" content=\"Al giorno d\u00b4oggi non basta pi\u00f9 soltanto imparare una lingua, per comprendere le persone che provengono da un\u00b4altra cultura.\" \/>\n<meta name=\"robots\" content=\"index, follow, max-snippet:-1, max-image-preview:large, max-video-preview:-1\" \/>\n<link rel=\"canonical\" href=\"https:\/\/www.academia-barcelona.com\/it\/i-nostri-metodi\/\" \/>\n<meta property=\"og:locale\" content=\"it_IT\" \/>\n<meta property=\"og:type\" content=\"article\" \/>\n<meta property=\"og:title\" content=\"I nostri metodi in Sprachschule Barcelona\" \/>\n<meta property=\"og:description\" content=\"Al giorno d\u00b4oggi non basta pi\u00f9 soltanto imparare una lingua, per comprendere le persone che provengono da un\u00b4altra cultura.\" \/>\n<meta property=\"og:url\" content=\"https:\/\/www.academia-barcelona.com\/it\/i-nostri-metodi\/\" \/>\n<meta property=\"article:modified_time\" content=\"2017-05-09T09:17:59+00:00\" \/>\n<meta name=\"twitter:card\" content=\"summary_large_image\" \/>\n<meta name=\"twitter:label1\" content=\"Tempo di lettura stimato\" \/>\n\t<meta name=\"twitter:data1\" content=\"2 minuti\" \/>\n<script type=\"application\/ld+json\" class=\"yoast-schema-graph\">{\"@context\":\"https:\/\/schema.org\",\"@graph\":[{\"@type\":\"WebPage\",\"@id\":\"https:\/\/www.academia-barcelona.com\/it\/i-nostri-metodi\/\",\"url\":\"https:\/\/www.academia-barcelona.com\/it\/i-nostri-metodi\/\",\"name\":\"I nostri metodi in Sprachschule Barcelona\",\"isPartOf\":{\"@id\":\"https:\/\/www.academia-barcelona.com\/#website\"},\"datePublished\":\"2016-05-30T11:26:55+00:00\",\"dateModified\":\"2017-05-09T09:17:59+00:00\",\"description\":\"Al giorno d\u00b4oggi non basta pi\u00f9 soltanto imparare una lingua, per comprendere le persone che provengono da un\u00b4altra cultura.\",\"inLanguage\":\"it-IT\",\"potentialAction\":[{\"@type\":\"ReadAction\",\"target\":[\"https:\/\/www.academia-barcelona.com\/it\/i-nostri-metodi\/\"]}]},{\"@type\":\"WebSite\",\"@id\":\"https:\/\/www.academia-barcelona.com\/#website\",\"url\":\"https:\/\/www.academia-barcelona.com\/\",\"name\":\"\",\"description\":\"\",\"potentialAction\":[{\"@type\":\"SearchAction\",\"target\":{\"@type\":\"EntryPoint\",\"urlTemplate\":\"https:\/\/www.academia-barcelona.com\/?s={search_term_string}\"},\"query-input\":{\"@type\":\"PropertyValueSpecification\",\"valueRequired\":true,\"valueName\":\"search_term_string\"}}],\"inLanguage\":\"it-IT\"}]}<\/script>\n<!-- \/ Yoast SEO plugin. -->","yoast_head_json":{"title":"I nostri metodi in Sprachschule Barcelona","description":"Al giorno d\u00b4oggi non basta pi\u00f9 soltanto imparare una lingua, per comprendere le persone che provengono da un\u00b4altra cultura.","robots":{"index":"index","follow":"follow","max-snippet":"max-snippet:-1","max-image-preview":"max-image-preview:large","max-video-preview":"max-video-preview:-1"},"canonical":"https:\/\/www.academia-barcelona.com\/it\/i-nostri-metodi\/","og_locale":"it_IT","og_type":"article","og_title":"I nostri metodi in Sprachschule Barcelona","og_description":"Al giorno d\u00b4oggi non basta pi\u00f9 soltanto imparare una lingua, per comprendere le persone che provengono da un\u00b4altra cultura.","og_url":"https:\/\/www.academia-barcelona.com\/it\/i-nostri-metodi\/","article_modified_time":"2017-05-09T09:17:59+00:00","twitter_card":"summary_large_image","twitter_misc":{"Tempo di lettura stimato":"2 minuti"},"schema":{"@context":"https:\/\/schema.org","@graph":[{"@type":"WebPage","@id":"https:\/\/www.academia-barcelona.com\/it\/i-nostri-metodi\/","url":"https:\/\/www.academia-barcelona.com\/it\/i-nostri-metodi\/","name":"I nostri metodi in Sprachschule Barcelona","isPartOf":{"@id":"https:\/\/www.academia-barcelona.com\/#website"},"datePublished":"2016-05-30T11:26:55+00:00","dateModified":"2017-05-09T09:17:59+00:00","description":"Al giorno d\u00b4oggi non basta pi\u00f9 soltanto imparare una lingua, per comprendere le persone che provengono da un\u00b4altra cultura.","inLanguage":"it-IT","potentialAction":[{"@type":"ReadAction","target":["https:\/\/www.academia-barcelona.com\/it\/i-nostri-metodi\/"]}]},{"@type":"WebSite","@id":"https:\/\/www.academia-barcelona.com\/#website","url":"https:\/\/www.academia-barcelona.com\/","name":"","description":"","potentialAction":[{"@type":"SearchAction","target":{"@type":"EntryPoint","urlTemplate":"https:\/\/www.academia-barcelona.com\/?s={search_term_string}"},"query-input":{"@type":"PropertyValueSpecification","valueRequired":true,"valueName":"search_term_string"}}],"inLanguage":"it-IT"}]}},"_links":{"self":[{"href":"https:\/\/www.academia-barcelona.com\/it\/wp-json\/wp\/v2\/pages\/2750","targetHints":{"allow":["GET"]}}],"collection":[{"href":"https:\/\/www.academia-barcelona.com\/it\/wp-json\/wp\/v2\/pages"}],"about":[{"href":"https:\/\/www.academia-barcelona.com\/it\/wp-json\/wp\/v2\/types\/page"}],"author":[{"embeddable":true,"href":"https:\/\/www.academia-barcelona.com\/it\/wp-json\/wp\/v2\/users\/3"}],"replies":[{"embeddable":true,"href":"https:\/\/www.academia-barcelona.com\/it\/wp-json\/wp\/v2\/comments?post=2750"}],"version-history":[{"count":6,"href":"https:\/\/www.academia-barcelona.com\/it\/wp-json\/wp\/v2\/pages\/2750\/revisions"}],"predecessor-version":[{"id":9371,"href":"https:\/\/www.academia-barcelona.com\/it\/wp-json\/wp\/v2\/pages\/2750\/revisions\/9371"}],"wp:attachment":[{"href":"https:\/\/www.academia-barcelona.com\/it\/wp-json\/wp\/v2\/media?parent=2750"}],"curies":[{"name":"wp","href":"https:\/\/api.w.org\/{rel}","templated":true}]}}