{"id":2732,"date":"2016-05-30T09:52:56","date_gmt":"2016-05-30T09:52:56","guid":{"rendered":"http:\/\/www.barcelona-sprachschule.de\/it\/?page_id=2732"},"modified":"2021-11-04T22:08:12","modified_gmt":"2021-11-04T22:08:12","slug":"su-di-noi","status":"publish","type":"page","link":"https:\/\/www.academia-barcelona.com\/it\/su-di-noi\/","title":{"rendered":"Su di noi"},"content":{"rendered":"<p>[vc_row css=&#8221;.vc_custom_1494319760483{padding-bottom: 30px !important;}&#8221;][vc_column][vc_column_text]<\/p>\n<h1>La nostra filosofia come una scuola di lingue<\/h1>\n<p>La nostra filosofia in Sprachschule Barcelona. Una fresca aria di mare, caldi raggi di sole nelle ore serali, persone amichevoli da tutto il mondo, spagnoli pieni di voglia di vivere e in pi\u00f9 un corso di spagnolo adattato alle tue esigenze e col nostro ormai collaudato ed efficace metodo. Puoi trovare tutto questo nella nostra scuola di lingue a Barcellona. La nostra <strong>filosofia<\/strong> come una scuola di lingue.[\/vc_column_text][vc_row_inner][vc_column_inner width=&#8221;1\/2&#8243;][vc_single_image image=&#8221;9342&#8243; img_size=&#8221;full&#8221; alignment=&#8221;center&#8221; style=&#8221;vc_box_outline&#8221;][\/vc_column_inner][vc_column_inner width=&#8221;1\/2&#8243;][vc_column_text]La nostra scuola a Barcellona si \u00e8 data il compito di non insegnare lo spagnolo solo attraverso pure lezioni di lingua. Una esperienza lunga anni nel lavoro sociale, e in quello con adulti e giovani, ci hanno reso possibile aiutare i nostri studenti ad utilizzare le conoscenze acquisite nel contesto giusto. Un concetto che non prevede solo l\u00b4insegnamento della lingua, ma anche la pratica necessaria. Per ogni gruppo d\u00b4et\u00e0 abbiamo il corso adatto nella nostra scuola di lingue a Barcellona.<\/p>\n<p>Il corso \u201espagnolo per la professione, per l\u00b4universit\u00e0 o per la scuola\u201d \u00e8 adatto per chiunque desideri aumentare le proprie opportunit\u00e0 lavorative sul mercato internazionale. Alla fine di ogni corso, tutti i partecipanti riceveranno un certificato di partecipazione. Se vuoi imparare lo spagnolo con noi a Barcellona, offriamo corsi conformi al quadro comune europeo di riferimento per la conoscenza delle lingue. Con questo certificato riconosciuto in campo internazionale, ti verr\u00e0 aperta la strada verso un mondo che parla spagnolo.<\/p>\n<p>Con noi impari lo spagnolo in un contesto professionale. Il nostro team \u00e8 composto esclusivamente da laureati con un titolo di studio valido e diversi anni di esperienza nell\u00b4insegnamento della lingua spagnola. Questo assicura maggiormente le condizioni ottimali per l\u00b4apprendimento della lingua spagnola.<\/p>\n<p>A partire dalle competenze linguistiche, il nostro obbiettivo \u00e8 quello di fornirvi anche conoscenze culturali. Ti aiuteremo a familiarizzare con la cultura spagnola, fatto che ti aiuter\u00e0, tra l\u00b4altro, dal punto di vista professionale. Saprai valutare meglio colleghi, partner lavorativi e clienti nel contesto multiculturale della globalizzazione.[\/vc_column_text][\/vc_column_inner][\/vc_row_inner][vc_column_text css=&#8221;.vc_custom_1494320006105{padding-top: 10px !important;}&#8221;]Le conoscenze linguistic he sono la chiave d\u00b4accesso ad una cultura straniera.<\/p>\n<p>Apprendere una lingua non significa soltanto studiarne la grammatica e i vocaboli, ma anche conoscere la storia del Paese, le tradizioni tipiche e culturali e l\u00b4acquisizione di nuove esperienze. Nella nostra <strong>scuola di lingue CBLS (Clase Barcelona Language School)<\/strong> ti verr\u00e0 data dagli insegnanti la chiave per aprire insieme le porte della cultura spagnola. La lingua spagnola \u00e8 una delle pi\u00f9 parlate al mondo; con i nostri corsi a Barcellona avrai la possibilit\u00e0 di impararla e di conoscere e capire la Spagna. Il nostro team \u00e8 composto da insegnanti giovani, motivati e dinamici, motivo per cui i nostri studenti possono imparare lo spagnolo in un\u00b4atmosfera familiare.[\/vc_column_text][\/vc_column][\/vc_row]<\/p>\n","protected":false},"excerpt":{"rendered":"<p>[vc_row css=&#8221;.vc_custom_1494319760483{padding-bottom: 30px !important;}&#8221;][vc_column][vc_column_text] La nostra filosofia come una scuola di lingue La nostra filosofia in Sprachschule Barcelona. Una fresca aria di mare, caldi raggi di sole nelle ore serali, persone amichevoli da tutto il mondo, spagnoli pieni di voglia di vivere e in pi\u00f9 un corso di spagnolo adattato alle tue esigenze e col&hellip; <a class=\"read-more\" href=\"https:\/\/www.academia-barcelona.com\/it\/su-di-noi\/\" title=\"Read Su di noi\">Read more &raquo;<\/a><\/p>\n","protected":false},"author":3,"featured_media":0,"parent":0,"menu_order":0,"comment_status":"closed","ping_status":"closed","template":"","meta":{"footnotes":""},"class_list":["post-2732","page","type-page","status-publish","hentry"],"yoast_head":"<!-- This site is optimized with the Yoast SEO plugin v27.1.1 - https:\/\/yoast.com\/product\/yoast-seo-wordpress\/ -->\n<title>La nostra filosofia in Sprachschule Barcelona<\/title>\n<meta name=\"description\" content=\"Una fresca aria di mare, caldi raggi di sole nelle ore serali, persone amichevoli da tutto il mondo. Sprachchule Barcelona\" \/>\n<meta name=\"robots\" content=\"index, follow, max-snippet:-1, max-image-preview:large, max-video-preview:-1\" \/>\n<link rel=\"canonical\" href=\"https:\/\/www.academia-barcelona.com\/it\/su-di-noi\/\" \/>\n<meta property=\"og:locale\" content=\"it_IT\" \/>\n<meta property=\"og:type\" content=\"article\" \/>\n<meta property=\"og:title\" content=\"La nostra filosofia in Sprachschule Barcelona\" \/>\n<meta property=\"og:description\" content=\"Una fresca aria di mare, caldi raggi di sole nelle ore serali, persone amichevoli da tutto il mondo. Sprachchule Barcelona\" \/>\n<meta property=\"og:url\" content=\"https:\/\/www.academia-barcelona.com\/it\/su-di-noi\/\" \/>\n<meta property=\"article:modified_time\" content=\"2021-11-04T22:08:12+00:00\" \/>\n<meta name=\"twitter:card\" content=\"summary_large_image\" \/>\n<meta name=\"twitter:label1\" content=\"Tempo di lettura stimato\" \/>\n\t<meta name=\"twitter:data1\" content=\"3 minuti\" \/>\n<script type=\"application\/ld+json\" class=\"yoast-schema-graph\">{\"@context\":\"https:\/\/schema.org\",\"@graph\":[{\"@type\":\"WebPage\",\"@id\":\"https:\/\/www.academia-barcelona.com\/it\/su-di-noi\/\",\"url\":\"https:\/\/www.academia-barcelona.com\/it\/su-di-noi\/\",\"name\":\"La nostra filosofia in Sprachschule Barcelona\",\"isPartOf\":{\"@id\":\"https:\/\/www.academia-barcelona.com\/#website\"},\"datePublished\":\"2016-05-30T09:52:56+00:00\",\"dateModified\":\"2021-11-04T22:08:12+00:00\",\"description\":\"Una fresca aria di mare, caldi raggi di sole nelle ore serali, persone amichevoli da tutto il mondo. Sprachchule Barcelona\",\"inLanguage\":\"it-IT\",\"potentialAction\":[{\"@type\":\"ReadAction\",\"target\":[\"https:\/\/www.academia-barcelona.com\/it\/su-di-noi\/\"]}]},{\"@type\":\"WebSite\",\"@id\":\"https:\/\/www.academia-barcelona.com\/#website\",\"url\":\"https:\/\/www.academia-barcelona.com\/\",\"name\":\"\",\"description\":\"\",\"potentialAction\":[{\"@type\":\"SearchAction\",\"target\":{\"@type\":\"EntryPoint\",\"urlTemplate\":\"https:\/\/www.academia-barcelona.com\/?s={search_term_string}\"},\"query-input\":{\"@type\":\"PropertyValueSpecification\",\"valueRequired\":true,\"valueName\":\"search_term_string\"}}],\"inLanguage\":\"it-IT\"}]}<\/script>\n<!-- \/ Yoast SEO plugin. -->","yoast_head_json":{"title":"La nostra filosofia in Sprachschule Barcelona","description":"Una fresca aria di mare, caldi raggi di sole nelle ore serali, persone amichevoli da tutto il mondo. Sprachchule Barcelona","robots":{"index":"index","follow":"follow","max-snippet":"max-snippet:-1","max-image-preview":"max-image-preview:large","max-video-preview":"max-video-preview:-1"},"canonical":"https:\/\/www.academia-barcelona.com\/it\/su-di-noi\/","og_locale":"it_IT","og_type":"article","og_title":"La nostra filosofia in Sprachschule Barcelona","og_description":"Una fresca aria di mare, caldi raggi di sole nelle ore serali, persone amichevoli da tutto il mondo. Sprachchule Barcelona","og_url":"https:\/\/www.academia-barcelona.com\/it\/su-di-noi\/","article_modified_time":"2021-11-04T22:08:12+00:00","twitter_card":"summary_large_image","twitter_misc":{"Tempo di lettura stimato":"3 minuti"},"schema":{"@context":"https:\/\/schema.org","@graph":[{"@type":"WebPage","@id":"https:\/\/www.academia-barcelona.com\/it\/su-di-noi\/","url":"https:\/\/www.academia-barcelona.com\/it\/su-di-noi\/","name":"La nostra filosofia in Sprachschule Barcelona","isPartOf":{"@id":"https:\/\/www.academia-barcelona.com\/#website"},"datePublished":"2016-05-30T09:52:56+00:00","dateModified":"2021-11-04T22:08:12+00:00","description":"Una fresca aria di mare, caldi raggi di sole nelle ore serali, persone amichevoli da tutto il mondo. Sprachchule Barcelona","inLanguage":"it-IT","potentialAction":[{"@type":"ReadAction","target":["https:\/\/www.academia-barcelona.com\/it\/su-di-noi\/"]}]},{"@type":"WebSite","@id":"https:\/\/www.academia-barcelona.com\/#website","url":"https:\/\/www.academia-barcelona.com\/","name":"","description":"","potentialAction":[{"@type":"SearchAction","target":{"@type":"EntryPoint","urlTemplate":"https:\/\/www.academia-barcelona.com\/?s={search_term_string}"},"query-input":{"@type":"PropertyValueSpecification","valueRequired":true,"valueName":"search_term_string"}}],"inLanguage":"it-IT"}]}},"_links":{"self":[{"href":"https:\/\/www.academia-barcelona.com\/it\/wp-json\/wp\/v2\/pages\/2732","targetHints":{"allow":["GET"]}}],"collection":[{"href":"https:\/\/www.academia-barcelona.com\/it\/wp-json\/wp\/v2\/pages"}],"about":[{"href":"https:\/\/www.academia-barcelona.com\/it\/wp-json\/wp\/v2\/types\/page"}],"author":[{"embeddable":true,"href":"https:\/\/www.academia-barcelona.com\/it\/wp-json\/wp\/v2\/users\/3"}],"replies":[{"embeddable":true,"href":"https:\/\/www.academia-barcelona.com\/it\/wp-json\/wp\/v2\/comments?post=2732"}],"version-history":[{"count":10,"href":"https:\/\/www.academia-barcelona.com\/it\/wp-json\/wp\/v2\/pages\/2732\/revisions"}],"predecessor-version":[{"id":9341,"href":"https:\/\/www.academia-barcelona.com\/it\/wp-json\/wp\/v2\/pages\/2732\/revisions\/9341"}],"wp:attachment":[{"href":"https:\/\/www.academia-barcelona.com\/it\/wp-json\/wp\/v2\/media?parent=2732"}],"curies":[{"name":"wp","href":"https:\/\/api.w.org\/{rel}","templated":true}]}}