{"id":9903,"date":"2017-12-20T20:30:14","date_gmt":"2017-12-20T20:30:14","guid":{"rendered":"https:\/\/www.academia-barcelona.com\/?page_id=9903"},"modified":"2021-02-28T10:59:42","modified_gmt":"2021-02-28T10:59:42","slug":"blog","status":"publish","type":"page","link":"https:\/\/www.academia-barcelona.com\/de\/blog\/","title":{"rendered":"Blog"},"content":{"rendered":"<p>[vc_row css=&#8221;.vc_custom_1614509978222{margin-top: 30px !important;}&#8221;][vc_column][vc_column_text]<\/p>\n<h1>Blog &#8211; Spanisch Lernen, Spanische Grammatik, \u00dcber Barcelona, Spanien und Deutschland<\/h1>\n<p>In unserem Blog der Clase Barcelona Language School informieren wir \u00fcber Aktuelles in Barcelona, Sehensw\u00fcrdigkeiten und Tipps um die Stadt zu erkunden. Sowie Spanisch \u00dcbungen, Spanisch Einstufungstest und vieles mehr.[\/vc_column_text][\/vc_column][\/vc_row][vc_row][vc_column][vc_basic_grid post_type=&#8221;post&#8221; max_items=&#8221;10&#8243; grid_id=&#8221;vc_gid:1614509972915-2ea95813-aa54-5&#8243;][\/vc_column][\/vc_row]<\/p>\n","protected":false},"excerpt":{"rendered":"<p>[vc_row css=&#8221;.vc_custom_1614509978222{margin-top: 30px !important;}&#8221;][vc_column][vc_column_text] Blog &#8211; Spanisch Lernen, Spanische Grammatik, \u00dcber Barcelona, Spanien und Deutschland In unserem Blog der Clase Barcelona Language School informieren wir \u00fcber Aktuelles in Barcelona, Sehensw\u00fcrdigkeiten und Tipps um die Stadt zu erkunden. Sowie Spanisch \u00dcbungen, Spanisch Einstufungstest und vieles mehr.[\/vc_column_text][\/vc_column][\/vc_row][vc_row][vc_column][vc_basic_grid post_type=&#8221;post&#8221; max_items=&#8221;10&#8243; grid_id=&#8221;vc_gid:1614509972915-2ea95813-aa54-5&#8243;][\/vc_column][\/vc_row]<\/p>\n","protected":false},"author":3,"featured_media":0,"parent":0,"menu_order":0,"comment_status":"closed","ping_status":"closed","template":"","meta":{"footnotes":""},"class_list":["post-9903","page","type-page","status-publish","hentry"],"yoast_head":"<!-- This site is optimized with the Yoast SEO plugin v27.1.1 - https:\/\/yoast.com\/product\/yoast-seo-wordpress\/ -->\n<title>Blog - Spanisch Lernen, Spanische Grammatik, \u00dcber Barcelona<\/title>\n<meta name=\"description\" content=\"In unserem Blog der Clase Barcelona Language School informieren wir \u00fcber Aktuelles in Barcelona, Sehensw\u00fcrdigkeiten und Tipps um die Stadt zu erkunden. Sowie Spanisch \u00dcbungen, Spanisch Einstufungstest und vieles mehr.\" \/>\n<meta name=\"robots\" content=\"index, follow, max-snippet:-1, max-image-preview:large, max-video-preview:-1\" \/>\n<link rel=\"canonical\" href=\"https:\/\/www.academia-barcelona.com\/de\/blog\/\" \/>\n<meta property=\"og:locale\" content=\"de_DE\" \/>\n<meta property=\"og:type\" content=\"article\" \/>\n<meta property=\"og:title\" content=\"Blog - Spanisch Lernen, Spanische Grammatik, \u00dcber Barcelona\" \/>\n<meta property=\"og:description\" content=\"In unserem Blog der Clase Barcelona Language School informieren wir \u00fcber Aktuelles in Barcelona, Sehensw\u00fcrdigkeiten und Tipps um die Stadt zu erkunden. Sowie Spanisch \u00dcbungen, Spanisch Einstufungstest und vieles mehr.\" \/>\n<meta property=\"og:url\" content=\"https:\/\/www.academia-barcelona.com\/de\/blog\/\" \/>\n<meta property=\"article:modified_time\" content=\"2021-02-28T10:59:42+00:00\" \/>\n<meta name=\"twitter:card\" content=\"summary_large_image\" \/>\n<meta name=\"twitter:label1\" content=\"Gesch\u00e4tzte Lesezeit\" \/>\n\t<meta name=\"twitter:data1\" content=\"1\u00a0Minute\" \/>\n<script type=\"application\/ld+json\" class=\"yoast-schema-graph\">{\"@context\":\"https:\/\/schema.org\",\"@graph\":[{\"@type\":\"WebPage\",\"@id\":\"https:\/\/www.academia-barcelona.com\/de\/blog\/\",\"url\":\"https:\/\/www.academia-barcelona.com\/de\/blog\/\",\"name\":\"Blog - Spanisch Lernen, Spanische Grammatik, \u00dcber Barcelona\",\"isPartOf\":{\"@id\":\"https:\/\/www.academia-barcelona.com\/#website\"},\"datePublished\":\"2017-12-20T20:30:14+00:00\",\"dateModified\":\"2021-02-28T10:59:42+00:00\",\"description\":\"In unserem Blog der Clase Barcelona Language School informieren wir \u00fcber Aktuelles in Barcelona, Sehensw\u00fcrdigkeiten und Tipps um die Stadt zu erkunden. Sowie Spanisch \u00dcbungen, Spanisch Einstufungstest und vieles mehr.\",\"inLanguage\":\"de\",\"potentialAction\":[{\"@type\":\"ReadAction\",\"target\":[\"https:\/\/www.academia-barcelona.com\/de\/blog\/\"]}]},{\"@type\":\"WebSite\",\"@id\":\"https:\/\/www.academia-barcelona.com\/#website\",\"url\":\"https:\/\/www.academia-barcelona.com\/\",\"name\":\"\",\"description\":\"\",\"potentialAction\":[{\"@type\":\"SearchAction\",\"target\":{\"@type\":\"EntryPoint\",\"urlTemplate\":\"https:\/\/www.academia-barcelona.com\/?s={search_term_string}\"},\"query-input\":{\"@type\":\"PropertyValueSpecification\",\"valueRequired\":true,\"valueName\":\"search_term_string\"}}],\"inLanguage\":\"de\"}]}<\/script>\n<!-- \/ Yoast SEO plugin. -->","yoast_head_json":{"title":"Blog - Spanisch Lernen, Spanische Grammatik, \u00dcber Barcelona","description":"In unserem Blog der Clase Barcelona Language School informieren wir \u00fcber Aktuelles in Barcelona, Sehensw\u00fcrdigkeiten und Tipps um die Stadt zu erkunden. Sowie Spanisch \u00dcbungen, Spanisch Einstufungstest und vieles mehr.","robots":{"index":"index","follow":"follow","max-snippet":"max-snippet:-1","max-image-preview":"max-image-preview:large","max-video-preview":"max-video-preview:-1"},"canonical":"https:\/\/www.academia-barcelona.com\/de\/blog\/","og_locale":"de_DE","og_type":"article","og_title":"Blog - Spanisch Lernen, Spanische Grammatik, \u00dcber Barcelona","og_description":"In unserem Blog der Clase Barcelona Language School informieren wir \u00fcber Aktuelles in Barcelona, Sehensw\u00fcrdigkeiten und Tipps um die Stadt zu erkunden. Sowie Spanisch \u00dcbungen, Spanisch Einstufungstest und vieles mehr.","og_url":"https:\/\/www.academia-barcelona.com\/de\/blog\/","article_modified_time":"2021-02-28T10:59:42+00:00","twitter_card":"summary_large_image","twitter_misc":{"Gesch\u00e4tzte Lesezeit":"1\u00a0Minute"},"schema":{"@context":"https:\/\/schema.org","@graph":[{"@type":"WebPage","@id":"https:\/\/www.academia-barcelona.com\/de\/blog\/","url":"https:\/\/www.academia-barcelona.com\/de\/blog\/","name":"Blog - Spanisch Lernen, Spanische Grammatik, \u00dcber Barcelona","isPartOf":{"@id":"https:\/\/www.academia-barcelona.com\/#website"},"datePublished":"2017-12-20T20:30:14+00:00","dateModified":"2021-02-28T10:59:42+00:00","description":"In unserem Blog der Clase Barcelona Language School informieren wir \u00fcber Aktuelles in Barcelona, Sehensw\u00fcrdigkeiten und Tipps um die Stadt zu erkunden. Sowie Spanisch \u00dcbungen, Spanisch Einstufungstest und vieles mehr.","inLanguage":"de","potentialAction":[{"@type":"ReadAction","target":["https:\/\/www.academia-barcelona.com\/de\/blog\/"]}]},{"@type":"WebSite","@id":"https:\/\/www.academia-barcelona.com\/#website","url":"https:\/\/www.academia-barcelona.com\/","name":"","description":"","potentialAction":[{"@type":"SearchAction","target":{"@type":"EntryPoint","urlTemplate":"https:\/\/www.academia-barcelona.com\/?s={search_term_string}"},"query-input":{"@type":"PropertyValueSpecification","valueRequired":true,"valueName":"search_term_string"}}],"inLanguage":"de"}]}},"_links":{"self":[{"href":"https:\/\/www.academia-barcelona.com\/de\/wp-json\/wp\/v2\/pages\/9903","targetHints":{"allow":["GET"]}}],"collection":[{"href":"https:\/\/www.academia-barcelona.com\/de\/wp-json\/wp\/v2\/pages"}],"about":[{"href":"https:\/\/www.academia-barcelona.com\/de\/wp-json\/wp\/v2\/types\/page"}],"author":[{"embeddable":true,"href":"https:\/\/www.academia-barcelona.com\/de\/wp-json\/wp\/v2\/users\/3"}],"replies":[{"embeddable":true,"href":"https:\/\/www.academia-barcelona.com\/de\/wp-json\/wp\/v2\/comments?post=9903"}],"version-history":[{"count":13,"href":"https:\/\/www.academia-barcelona.com\/de\/wp-json\/wp\/v2\/pages\/9903\/revisions"}],"predecessor-version":[{"id":13043,"href":"https:\/\/www.academia-barcelona.com\/de\/wp-json\/wp\/v2\/pages\/9903\/revisions\/13043"}],"wp:attachment":[{"href":"https:\/\/www.academia-barcelona.com\/de\/wp-json\/wp\/v2\/media?parent=9903"}],"curies":[{"name":"wp","href":"https:\/\/api.w.org\/{rel}","templated":true}]}}