{"id":912,"date":"2015-12-10T17:31:41","date_gmt":"2015-12-10T17:31:41","guid":{"rendered":"http:\/\/www.barcelona-sprachschule.de\/?page_id=912"},"modified":"2020-02-26T13:19:31","modified_gmt":"2020-02-26T13:19:31","slug":"allgemeine-geschaeftsbedingungen","status":"publish","type":"page","link":"https:\/\/www.academia-barcelona.com\/de\/allgemeine-geschaeftsbedingungen\/","title":{"rendered":"Allgemeine Gesch\u00e4ftsbedingungen"},"content":{"rendered":"<h1>Allgemeine Gesch\u00e4ftsbedingungen (AGBs)<\/h1>\n<p><strong>1<\/strong> <strong>Vertragsabschluss des Kurses<\/strong><\/p>\n<div class=\"textItem\">\n<p><span style=\"font-weight: 400;\">1.1 Die Allgemeinen Gesch\u00e4ftsbedingungen sind verbindlich und f\u00fcr alle <\/span><span style=\"font-weight: 400;\">KursteilnehmerInnen g\u00fcltig.<\/span><\/p>\n<p><span style=\"font-weight: 400;\">1.2 Mit der Einschreibung in einen der Kurse erkennt der TeilnehmerIn die Allgemeinen Gesch\u00e4ftsbedingungen (AGB) an.<\/span><\/p>\n<p><span style=\"font-weight: 400;\">1.3 Mit der Bezahlung des Kurses (im Voraus oder monatlich<\/span><i><span style=\"font-weight: 400;\">)<\/span><\/i><span style=\"font-weight: 400;\"> wird der TeilnehmerIn als eingeschrieben betrachtet.<\/span><\/p>\n<p><strong>2 Kurse und Bedingungen<\/strong><\/p>\n<p><span style=\"font-weight: 400;\">2.1\u00a0 CLASE BARCELONA LANGUAGE SCHOOL (abgek\u00fcrzt, CBLS)<\/span><\/p>\n<p><span style=\"font-weight: 400;\">beh\u00e4lt sich das Recht vor, einen Gruppenkurs innerhalb von 24 Stunden vor Beginn desselben zu annullieren, wenn die Anzahl der eingeschriebenen TeilnehmerInnen weniger als f\u00fcnf ist.<\/span><\/p>\n<p><span style=\"font-weight: 400;\">2.2 Die Einw\u00e4nde bez\u00fcglich der Vertragsbedingungen, des Kurses oder eines anderen angebotenen Services, den CBLS zur Verf\u00fcgung stellt, m\u00fcssen direkt der verantwortlichen Person oder dem Sekretariat der Schule mitgeteilt werden.<\/span><\/p>\n<p><span style=\"font-weight: 400;\">2.3 An den offiziellen Feiertagen (gemeint sind lokale, autonome und nationale)\u00a0 findet weder Unterricht statt noch ist CBLS dazu verpflichtet die Stunden nachzuholen.<\/span><\/p>\n<p><span style=\"font-weight: 400;\">2.3 Eine Unterrichtsstunde (1 Std.) entspricht 60 min. Die Intensiv- und Extensivgruppenkurse entsprechen einer Dauer von 1,5 Stunden (90 min), es sei denn es wird explizit etwas Anderes angegeben.<\/span><\/p>\n<p><span style=\"font-weight: 400;\">2.5 Die Schule CBLS arbeitet haupts\u00e4chlich mit muttersprachlichen LehrerInnen zusammen. Die LehrerInnen halten ihren Unterricht mehrheitlich in der Zielsprache, nicht alle sprechen zwingend fl\u00fcssig Deutsch oder sind mehrsprachig. Der Sch\u00fclerIn hat\u00a0 weder das Vorrecht auf einen muttersprachlichen LehrerIn noch auf eine spezifische Unterrichtsmethode.\u00a0<\/span><\/p>\n<p><span style=\"font-weight: 400;\">2.6 Die CBLS beh\u00e4lt sich das Recht vor, zu jeder Zeit den LehrerIn eines Kurse zu wechseln.<\/span><\/p>\n<p><span style=\"font-weight: 400;\">2.7 Die Kursniveaus und die Vorhersage, ein bestimmtes Sprachniveau am Ende des Kurses zu erreichen, sind orientativ und nicht verbindlich. Die Schule verpflichtet sich nicht dazu, ein Niveau am Ende des Kurses abgeschlossen zu haben.<\/span><\/p>\n<p><span style=\"font-weight: 400;\">2.8 Innerhalb der Sprachpakete (Privatstunden) ist es nicht erlaubt, die Sprache des Paketes zu wechseln, nachdem es reserviert und bezahlt wurde, gleicherma\u00dfen ist es nicht gestattet, den Sch\u00fclerIn zu wechseln oder die gebuchten Stunden an einen anderen Sch\u00fclerIn zu \u00fcbertragen. Die Stundenpakete sind personenbezogen und nicht \u00fcbertragbar.<\/span><\/p>\n<p><span style=\"font-weight: 400;\">3 <strong>Verpflichtungen der Sch\u00fclerInnen<\/strong><\/span><\/p>\n<p><span style=\"font-weight: 400;\">3.1 Der Sch\u00fclerIn ist dazu verpflichtet, die Kursgeb\u00fchr (Einschreibgeb\u00fchr und Kursgeb\u00fchr) vor Beginn des Kurses zu entrichten. Sollte eine Unterkunft zu dem Sprachkurs gebucht werden, muss der Gesamtbetrag mindestens 2 Wochen vor Kursantritt beglichen werden.\u00a0<\/span><\/p>\n<p><span style=\"font-weight: 400;\">3.2 Der Sch\u00fclerIn sollte p\u00fcnktlich zum Unterricht erscheinen und f\u00fcr den Fall, dass er\/sie sich um mehr als 10 Minute versp\u00e4tet, der Sprachschule Bescheid geben. Zu sp\u00e4t begonnener Unterricht auf Grund von Versp\u00e4tung seitens Sch\u00fclerIn muss nicht verl\u00e4ngert oder nachgeholt werden.<\/span><\/p>\n<p><span style=\"font-weight: 400;\">3.3. Falls ein Sch\u00fclerIn in seinem Gruppenkurs fehlt, wird dieser Unterricht nicht nachgeholt.<\/span><\/p>\n<p><span style=\"font-weight: 400;\">3.4. Die Einzelstunden k\u00f6nnen vom Sch\u00fclerIn bis zu 24 Stunden vorher abgesagt werden, ohne die Stunde zu verlieren. Ist dieses nicht der Fall, verfallen die Einzelstunden f\u00fcr den jeweiligen Tag.<\/span><\/p>\n<p><span style=\"font-weight: 400;\">3.5<\/span><span style=\"font-weight: 400;\"> Die Einzelstunden m\u00fcssen innerhalb von zwei Monaten in Anspruch genommen werden. Der Unterricht, der innerhalb dieses Zeitraumes nicht genutzt wurde, wird weder nachgeholt noch zur\u00fcckerstattet.<\/span><\/p>\n<p><span style=\"font-weight: 400;\">3.6 Falls der Sch\u00fclerIn w\u00fcnscht, den Kurs aufgrund von Unzufriedenheit zu beenden, muss er dies unverz\u00fcglich nach dem ersten Unterrichtstag tun und dies dem Personal sowie dem Sekretariat der Schule pers\u00f6nlich und schriftlich mitteilen. Sollte sich der Sch\u00fclerIn aus pers\u00f6nlichen Gr\u00fcnden dazu entscheiden, den Kurs zu beenden, wird ihm ab dem zweiten Unterrichtstag <\/span><span style=\"font-weight: 400;\">unter keinen Umst\u00e4nden<\/span><span style=\"font-weight: 400;\">\u00a0 weder das Kursgeld noch die Einschreibgeb\u00fchr zur\u00fcckerstattet.<\/span><\/p>\n<p>3.7 Bei Buchung einer Unterkunft (Gastfamilie, WG, Apartment) kann der Sch\u00fcler keine \u00c4nderungen oder Wechsel nach Ankunft verlangen. Gerne versucht unsere Schule jeder Zeit die Zufriedenheit der Sch\u00fcler zu erf\u00fcllen doch ist ein Wohnungs- oder Unterkunftswechsel manchmal sehr schwer m\u00f6glich.<br \/>\nDem (der) Sch\u00fclerIn wird im Vorfeld genaue Information zu Lage, Ausstattung und Konditionen der Unterkunft mitgeteilt.<\/p>\n<p><strong>4 Zahlungsbedingungen<\/strong><\/p>\n<p><span style=\"font-weight: 400;\">4.1\u00a0 Der Sch\u00fclerIn muss die Einschreibgeb\u00fchr und den Kursbetrag (monatlich, dreiviertelj\u00e4hrilich\u00a0 oder im Stundenpaket) im Voraus, zu Beginn des Kurses bezahlen.<\/span><\/p>\n<p><span style=\"font-weight: 400;\">4.2. Die Verl\u00e4ngerung\/Wiederaufnahme der monatlichen Kurse wird abh\u00e4ngig von den Sch\u00fclerInnen mitgeteilt und im Voraus bezahlt.<\/span><\/p>\n<p><span style=\"font-weight: 400;\">4.3. Wenn der Sch\u00fclerIn den Kurs nicht bis sp\u00e4testens 7 Tage vor Beginn des Kurses bezahlt hat, beh\u00e4lt sich die Schule das Recht vor, die Kursteilnahme aufzuheben. F\u00fcr Buchung einer Unterkunft gilt Punkt 3.1<\/span><\/p>\n<p><strong>5 Verantwortung der Schule<\/strong><\/p>\n<p><span style=\"font-weight: 400;\">5.1 CBLS\u00a0 \u00fcbernimmt weder Verantwortung f\u00fcr das Verhalten anderer Sch\u00fcler noch f\u00fcr Unf\u00e4lle, die sich innerhalb der Einrichtungen der Schule ereignen k\u00f6nnten. CBLS ist zudem nicht verantwortlich f\u00fcr Inhalte von genutzten Medien im Unterricht (B\u00fccher, Musik, Videos etc.)<\/span><\/p>\n<p>5.2 Bei Kursunterricht au\u00dferhalb der Unterrichtsr\u00e4ume ist CBLS nicht verpflichtet Aufsicht zu f\u00fchren noch kann sie f\u00fcr Unf\u00e4lle oder andere Geschehnisse verantwortlich oder haftbar gemacht werden. Bei Unterricht mit minderj\u00e4hrigen ist eine Erlaubnis der Eltern erforderlich.<\/p>\n<p>5.3 Im unwahrscheinlichen Fall von Ereignissen au\u00dferhalb des Einflussbereiches der CBSL wie Naturkatastrophen, Kriege oder Ausbr\u00fcche von Pandemien kann die CBLS nicht f\u00fcr Unterrichtsaufall haftbar gemacht werden. Bei Absagen von Kursen seitens der Sch\u00fcler ist die CBLS nicht verfplichtet Ersatz anzubieten oder die Kursgeb\u00fchren zur\u00fcckzuzahlen.<\/p>\n<p>&nbsp;<\/p>\n<p>Stand: 06.08.2019<\/p>\n<\/div>\n","protected":false},"excerpt":{"rendered":"<p>Allgemeine Gesch\u00e4ftsbedingungen (AGBs) 1 Vertragsabschluss des Kurses 1.1 Die Allgemeinen Gesch\u00e4ftsbedingungen sind verbindlich und f\u00fcr alle KursteilnehmerInnen g\u00fcltig. 1.2 Mit der Einschreibung in einen der Kurse erkennt der TeilnehmerIn die Allgemeinen Gesch\u00e4ftsbedingungen (AGB) an. 1.3 Mit der Bezahlung des Kurses (im Voraus oder monatlich) wird der TeilnehmerIn als eingeschrieben betrachtet. 2 Kurse und Bedingungen 2.1\u00a0&hellip; <a class=\"read-more\" href=\"https:\/\/www.academia-barcelona.com\/de\/allgemeine-geschaeftsbedingungen\/\" title=\"Read Allgemeine Gesch\u00e4ftsbedingungen\">Read more &raquo;<\/a><\/p>\n","protected":false},"author":3,"featured_media":0,"parent":0,"menu_order":0,"comment_status":"closed","ping_status":"closed","template":"","meta":{"footnotes":""},"class_list":["post-912","page","type-page","status-publish","hentry"],"yoast_head":"<!-- This site is optimized with the Yoast SEO plugin v27.1.1 - https:\/\/yoast.com\/product\/yoast-seo-wordpress\/ -->\n<title>Allgemeine Gesch\u00e4ftsbedingungen der Sprachschule CBLS<\/title>\n<meta name=\"description\" content=\"Unsere AGB \/ Allgemeine Gesch\u00e4ftsbedingungen Zufriedenheitsgarantie: Sollten Sie nach Ihrer ersten Unterrichtsstunde nicht zu 100% mit dem Unterricht...\" \/>\n<meta name=\"robots\" content=\"index, follow, max-snippet:-1, max-image-preview:large, max-video-preview:-1\" \/>\n<link rel=\"canonical\" href=\"https:\/\/www.academia-barcelona.com\/de\/allgemeine-geschaeftsbedingungen\/\" \/>\n<meta property=\"og:locale\" content=\"de_DE\" \/>\n<meta property=\"og:type\" content=\"article\" \/>\n<meta property=\"og:title\" content=\"Allgemeine Gesch\u00e4ftsbedingungen der Sprachschule CBLS\" \/>\n<meta property=\"og:description\" content=\"Unsere AGB \/ Allgemeine Gesch\u00e4ftsbedingungen Zufriedenheitsgarantie: Sollten Sie nach Ihrer ersten Unterrichtsstunde nicht zu 100% mit dem Unterricht...\" \/>\n<meta property=\"og:url\" content=\"https:\/\/www.academia-barcelona.com\/de\/allgemeine-geschaeftsbedingungen\/\" \/>\n<meta property=\"article:modified_time\" content=\"2020-02-26T13:19:31+00:00\" \/>\n<meta name=\"twitter:card\" content=\"summary_large_image\" \/>\n<meta name=\"twitter:label1\" content=\"Gesch\u00e4tzte Lesezeit\" \/>\n\t<meta name=\"twitter:data1\" content=\"4\u00a0Minuten\" \/>\n<script type=\"application\/ld+json\" class=\"yoast-schema-graph\">{\"@context\":\"https:\/\/schema.org\",\"@graph\":[{\"@type\":\"WebPage\",\"@id\":\"https:\/\/www.academia-barcelona.com\/de\/allgemeine-geschaeftsbedingungen\/\",\"url\":\"https:\/\/www.academia-barcelona.com\/de\/allgemeine-geschaeftsbedingungen\/\",\"name\":\"Allgemeine Gesch\u00e4ftsbedingungen der Sprachschule CBLS\",\"isPartOf\":{\"@id\":\"https:\/\/www.academia-barcelona.com\/#website\"},\"datePublished\":\"2015-12-10T17:31:41+00:00\",\"dateModified\":\"2020-02-26T13:19:31+00:00\",\"description\":\"Unsere AGB \/ Allgemeine Gesch\u00e4ftsbedingungen Zufriedenheitsgarantie: Sollten Sie nach Ihrer ersten Unterrichtsstunde nicht zu 100% mit dem Unterricht...\",\"inLanguage\":\"de\",\"potentialAction\":[{\"@type\":\"ReadAction\",\"target\":[\"https:\/\/www.academia-barcelona.com\/de\/allgemeine-geschaeftsbedingungen\/\"]}]},{\"@type\":\"WebSite\",\"@id\":\"https:\/\/www.academia-barcelona.com\/#website\",\"url\":\"https:\/\/www.academia-barcelona.com\/\",\"name\":\"\",\"description\":\"\",\"potentialAction\":[{\"@type\":\"SearchAction\",\"target\":{\"@type\":\"EntryPoint\",\"urlTemplate\":\"https:\/\/www.academia-barcelona.com\/?s={search_term_string}\"},\"query-input\":{\"@type\":\"PropertyValueSpecification\",\"valueRequired\":true,\"valueName\":\"search_term_string\"}}],\"inLanguage\":\"de\"}]}<\/script>\n<!-- \/ Yoast SEO plugin. -->","yoast_head_json":{"title":"Allgemeine Gesch\u00e4ftsbedingungen der Sprachschule CBLS","description":"Unsere AGB \/ Allgemeine Gesch\u00e4ftsbedingungen Zufriedenheitsgarantie: Sollten Sie nach Ihrer ersten Unterrichtsstunde nicht zu 100% mit dem Unterricht...","robots":{"index":"index","follow":"follow","max-snippet":"max-snippet:-1","max-image-preview":"max-image-preview:large","max-video-preview":"max-video-preview:-1"},"canonical":"https:\/\/www.academia-barcelona.com\/de\/allgemeine-geschaeftsbedingungen\/","og_locale":"de_DE","og_type":"article","og_title":"Allgemeine Gesch\u00e4ftsbedingungen der Sprachschule CBLS","og_description":"Unsere AGB \/ Allgemeine Gesch\u00e4ftsbedingungen Zufriedenheitsgarantie: Sollten Sie nach Ihrer ersten Unterrichtsstunde nicht zu 100% mit dem Unterricht...","og_url":"https:\/\/www.academia-barcelona.com\/de\/allgemeine-geschaeftsbedingungen\/","article_modified_time":"2020-02-26T13:19:31+00:00","twitter_card":"summary_large_image","twitter_misc":{"Gesch\u00e4tzte Lesezeit":"4\u00a0Minuten"},"schema":{"@context":"https:\/\/schema.org","@graph":[{"@type":"WebPage","@id":"https:\/\/www.academia-barcelona.com\/de\/allgemeine-geschaeftsbedingungen\/","url":"https:\/\/www.academia-barcelona.com\/de\/allgemeine-geschaeftsbedingungen\/","name":"Allgemeine Gesch\u00e4ftsbedingungen der Sprachschule CBLS","isPartOf":{"@id":"https:\/\/www.academia-barcelona.com\/#website"},"datePublished":"2015-12-10T17:31:41+00:00","dateModified":"2020-02-26T13:19:31+00:00","description":"Unsere AGB \/ Allgemeine Gesch\u00e4ftsbedingungen Zufriedenheitsgarantie: Sollten Sie nach Ihrer ersten Unterrichtsstunde nicht zu 100% mit dem Unterricht...","inLanguage":"de","potentialAction":[{"@type":"ReadAction","target":["https:\/\/www.academia-barcelona.com\/de\/allgemeine-geschaeftsbedingungen\/"]}]},{"@type":"WebSite","@id":"https:\/\/www.academia-barcelona.com\/#website","url":"https:\/\/www.academia-barcelona.com\/","name":"","description":"","potentialAction":[{"@type":"SearchAction","target":{"@type":"EntryPoint","urlTemplate":"https:\/\/www.academia-barcelona.com\/?s={search_term_string}"},"query-input":{"@type":"PropertyValueSpecification","valueRequired":true,"valueName":"search_term_string"}}],"inLanguage":"de"}]}},"_links":{"self":[{"href":"https:\/\/www.academia-barcelona.com\/de\/wp-json\/wp\/v2\/pages\/912","targetHints":{"allow":["GET"]}}],"collection":[{"href":"https:\/\/www.academia-barcelona.com\/de\/wp-json\/wp\/v2\/pages"}],"about":[{"href":"https:\/\/www.academia-barcelona.com\/de\/wp-json\/wp\/v2\/types\/page"}],"author":[{"embeddable":true,"href":"https:\/\/www.academia-barcelona.com\/de\/wp-json\/wp\/v2\/users\/3"}],"replies":[{"embeddable":true,"href":"https:\/\/www.academia-barcelona.com\/de\/wp-json\/wp\/v2\/comments?post=912"}],"version-history":[{"count":18,"href":"https:\/\/www.academia-barcelona.com\/de\/wp-json\/wp\/v2\/pages\/912\/revisions"}],"predecessor-version":[{"id":12343,"href":"https:\/\/www.academia-barcelona.com\/de\/wp-json\/wp\/v2\/pages\/912\/revisions\/12343"}],"wp:attachment":[{"href":"https:\/\/www.academia-barcelona.com\/de\/wp-json\/wp\/v2\/media?parent=912"}],"curies":[{"name":"wp","href":"https:\/\/api.w.org\/{rel}","templated":true}]}}