{"id":884,"date":"2015-12-08T17:57:50","date_gmt":"2015-12-08T17:57:50","guid":{"rendered":"http:\/\/www.barcelona-sprachschule.de\/?page_id=884"},"modified":"2020-02-12T09:29:15","modified_gmt":"2020-02-12T09:29:15","slug":"praktikum-und-job-spanien","status":"publish","type":"page","link":"https:\/\/www.academia-barcelona.com\/de\/sprachschule-barcelona\/praktikum-und-job-spanien\/","title":{"rendered":"Praktikum und Job in Spanien"},"content":{"rendered":"<p>[vc_row css=&#8221;.vc_custom_1493986399985{padding-bottom: 30px !important;}&#8221;][vc_column][vc_column_text]<\/p>\n<h1>Praktika und Jobs in Spanien<\/h1>\n<p>&#8220;Praktikum und Job Spanien&#8221; ist unser Motto und eine ideale M\u00f6glichkeit, um das Land und neue Leute kennen zu lernen. Spanien ist eines der sch\u00f6nsten, abwechslungsreichsten und lebenswertesten L\u00e4nder Europas. Au\u00dferdem kannst du die spanische Sprache schneller lernen oder die eigenen Sprachkenntnisse verbessern.<strong> Praktika und Jobs in Spanien &#8211; Jetzt informieren!<\/strong><\/p>\n<p>Sie sind an einem Praktikum in Spanien interessiert oder m\u00f6chten gerne in Spanien arbeiten? Unsere <strong>Sprachschule CBLS (Clase Barcelona Language School)<\/strong> verf\u00fcgt \u00fcber ein gro\u00dfes Netzwerk an Kontakten in verschiedenen Unternehmen und hilft Ihnen, einen passenden <strong>Praktikumsplatz<\/strong> oder einem geeigneten <strong>Job in Spanien<\/strong> zu finden![\/vc_column_text][\/vc_column][\/vc_row][vc_row full_width=&#8221;stretch_row&#8221; css=&#8221;.vc_custom_1493986474601{padding-top: 30px !important;padding-bottom: 30px !important;background-color: #f9f9f9 !important;}&#8221;][vc_column][vc_column_text]<\/p>\n<h2>AKTUELL: 2 Praktikumspl\u00e4tze in unserer Sprachschule CBLS (Clase Barcelona Language School) ab Juni\/Juli 2020 zu vergeben<\/h2>\n<p>Voraussetzungen.[\/vc_column_text][vc_row_inner][vc_column_inner width=&#8221;1\/2&#8243;]\t<ul class=\"pgs_list pgs_list_style_2\">\n\t\t\t\t\t\t<li>\n\t\t\t\t\t\t\t\t\t<i class=\"fa fa-angle-double-right\"><\/i> <span>Je nach T\u00e4tigkeitsbereich Spanisch Sprachniveau B2\/ C1 (nicht immer zwingend erforderlich)<\/span><\/li>\n\t\t\t\t\t\t\t\t<li>\n\t\t\t\t\t\t\t\t\t<i class=\"fa fa-angle-double-right\"><\/i> <span>Sehr gute Kenntnisse der deutschen Sprache (schriftlich &amp; grammatikalisch)<\/span><\/li>\n\t\t\t\t\t\t\t\t<li>\n\t\t\t\t\t\t\t\t\t<i class=\"fa fa-angle-double-right\"><\/i> <span>Bevorzugt: Lehramtsstudenten\/ Romanistikstudenten \/ Studenten mit Ausbildung zu DaF\/ \u00dcbersetzer &amp; Dolmetscher (Absolventen der jeweiligen Studienrichtungen werden ebenfalls gerne in das Auswahlverfahren aufgenommen)<\/span><\/li>\n\t\t\t\t\t\t\t\t<li>\n\t\t\t\t\t\t\t\t\t<i class=\"fa fa-angle-double-right\"><\/i> <span>F\u00fcr Praktikum im PR-Bereich der Schule: Sehr gute Kenntnisse in WordPress<\/span><\/li>\n\t\t\t\t\t\t\t\t<li>\n\t\t\t\t\t\t\t\t\t<i class=\"fa fa-angle-double-right\"><\/i> <span>Praktikumsdauer: Mindestdauer des Praktikums 6 Wochen, bevorzugt 3-6 Monate<\/span><\/li>\n\t\t\t\t\t<\/ul>\n\t[\/vc_column_inner][vc_column_inner width=&#8221;1\/2&#8243;][vc_single_image image=&#8221;3975&#8243; img_size=&#8221;full&#8221; alignment=&#8221;center&#8221; style=&#8221;vc_box_outline&#8221;][\/vc_column_inner][\/vc_row_inner][vc_column_text css=&#8221;.vc_custom_1493986697043{padding-top: 20px !important;}&#8221;]Es besteht sowohl f\u00fcr immatrikulierte Studierende sowie f\u00fcr Absolventen die M\u00f6glichkeit einer finanziellen F\u00f6rderung aus dem Erasmus- oder Leonardo-Da-Vinci-Programm (es k\u00f6nnen F\u00f6rderungen bis zu 6 Monaten bewilligt werden!). Das Praktikum wird in unserer Sprachschule angeleitet und betreut.<\/p>\n<p>Bei Interesse bitte Bewerbung mit\u00a0aussagekr\u00e4ftigem\u00a0Lebenslauf an: <a href=\"mailto:info@clase-barcelona.com\">info@clase-barcelona.com<\/a><\/p>\n<p><a href=\"mailto:info@barcelona-sprachschule.com\" target=\"_parent\" rel=\"noopener noreferrer\">Bei weiteren Fragen kann jederzeit unsere Praktikumsbetreuerin Frau Clare Billig kontaktiert werden.<\/a>[\/vc_column_text][\/vc_column][\/vc_row][vc_row full_width=&#8221;stretch_row&#8221; css=&#8221;.vc_custom_1493987237661{padding-top: 30px !important;padding-bottom: 30px !important;}&#8221;][vc_column][vc_column_text]Die Praktikums- und Jobvermittlung der CBLS (Clase Barcelona Language School) richtet sich an:[\/vc_column_text]\t<ul class=\"pgs_list pgs_list_style_2\">\n\t\t\t\t\t\t<li>\n\t\t\t\t\t\t\t\t\t<i class=\"fa fa-angle-double-right\"><\/i> <span>Schulabg\u00e4nger, die vor Beginn ihres Studiums oder ihrer Ausbildung erste berufliche Erfahrungen im Ausland sammeln m\u00f6chten<\/span><\/li>\n\t\t\t\t\t\t\t\t<li>\n\t\t\t\t\t\t\t\t\t<i class=\"fa fa-angle-double-right\"><\/i> <span>Studenten, die im Rahmen ihres Studiums ein Pflichtpraktikum im Ausland absolvieren m\u00fcssen<\/span><\/li>\n\t\t\t\t\t\t\t\t<li>\n\t\t\t\t\t\t\t\t\t<i class=\"fa fa-angle-double-right\"><\/i> <span>Berufst\u00e4tige, die sich weiterqualifizieren m\u00f6chten, indem sie ihr Spanisch verbessern<\/span><\/li>\n\t\t\t\t\t\t\t\t<li>\n\t\t\t\t\t\t\t\t\t<i class=\"fa fa-angle-double-right\"><\/i> <span>Interessierte, die durch internationale Berufserfahrung ihre Chancen auf dem Arbeitsmarkt verbessern m\u00f6chten<\/span><\/li>\n\t\t\t\t\t<\/ul>\n\t[vc_column_text css=&#8221;.vc_custom_1493986910460{padding-top: 20px !important;}&#8221;]<strong>Leistungen unserer Praktikumsorganisation<\/strong>[\/vc_column_text]\t<ul class=\"pgs_list pgs_list_style_2\">\n\t\t\t\t\t\t<li>\n\t\t\t\t\t\t\t\t\t<i class=\"fa fa-angle-double-right\"><\/i> <span>Organisation eines Praktikumsplatzes oder eines Jobs nach Ihren W\u00fcnschen<\/span><\/li>\n\t\t\t\t\t\t\t\t<li>\n\t\t\t\t\t\t\t\t\t<i class=\"fa fa-angle-double-right\"><\/i> <span>Hilfe bei Bewerbungsunterlagen (auch auf Spanisch)<\/span><\/li>\n\t\t\t\t\t\t\t\t<li>\n\t\t\t\t\t\t\t\t\t<i class=\"fa fa-angle-double-right\"><\/i> <span>Suche nach dem geeigneten Spanischkurs in unserer Sprachschule CBLS<\/span><\/li>\n\t\t\t\t\t\t\t\t<li>\n\t\t\t\t\t\t\t\t\t<i class=\"fa fa-angle-double-right\"><\/i> <span>Unterst\u00fctzung bei der Vorbereitung, w\u00e4hrend des Praktikums\/ Jobs und auch in der Nachbereitung<\/span><\/li>\n\t\t\t\t\t<\/ul>\n\t[\/vc_column][\/vc_row][vc_row full_width=&#8221;stretch_row&#8221; css=&#8221;.vc_custom_1493987245040{padding-top: 30px !important;padding-bottom: 30px !important;background-color: #f9f9f9 !important;}&#8221;][vc_column][vc_column_text]<strong>Ihre Vorteile<\/strong>[\/vc_column_text]\t<ul class=\"pgs_list pgs_list_style_2\">\n\t\t\t\t\t\t<li>\n\t\t\t\t\t\t\t\t\t<i class=\"fa fa-angle-double-right\"><\/i> <span>Langj\u00e4hrige Erfahrung im Bereich der Praktikums- und Jobvermittlung, gro\u00dfes Netzwerk in ganz Spanien<\/span><\/li>\n\t\t\t\t\t\t\t\t<li>\n\t\t\t\t\t\t\t\t\t<i class=\"fa fa-angle-double-right\"><\/i> <span>Kostenlose Organisation eines Praktikums f\u00fcr unsere Kursteilnehmer<\/span><\/li>\n\t\t\t\t\t<\/ul>\n\t[vc_column_text]Viele der zu vergebenden Stellen verlangen f\u00fcr ein Praktikum das Sprachniveau B1. Wenn Sie Ihre Spanischkenntnisse noch verbessern m\u00f6chten, bevor Ihr Praktikum oder Ihre Arbeit in Spanien beginnt, k\u00f6nnen Sie einen Kurs in unserer Sprachschule in Barcelona besuchen!\u00a0Die Organisation eines Praktikums ist f\u00fcr unsere Kursteilnehmer kostenlos![\/vc_column_text][\/vc_column][\/vc_row]<\/p>\n","protected":false},"excerpt":{"rendered":"<p>[vc_row css=&#8221;.vc_custom_1493986399985{padding-bottom: 30px !important;}&#8221;][vc_column][vc_column_text] Praktika und Jobs in Spanien &#8220;Praktikum und Job Spanien&#8221; ist unser Motto und eine ideale M\u00f6glichkeit, um das Land und neue Leute kennen zu lernen. Spanien ist eines der sch\u00f6nsten, abwechslungsreichsten und lebenswertesten L\u00e4nder Europas. Au\u00dferdem kannst du die spanische Sprache schneller lernen oder die eigenen Sprachkenntnisse verbessern. Praktika und Jobs&hellip; <a class=\"read-more\" href=\"https:\/\/www.academia-barcelona.com\/de\/sprachschule-barcelona\/praktikum-und-job-spanien\/\" title=\"Read Praktikum und Job in Spanien\">Read more &raquo;<\/a><\/p>\n","protected":false},"author":3,"featured_media":0,"parent":1482,"menu_order":0,"comment_status":"closed","ping_status":"closed","template":"","meta":{"footnotes":""},"class_list":["post-884","page","type-page","status-publish","hentry"],"yoast_head":"<!-- This site is optimized with the Yoast SEO plugin v27.1.1 - https:\/\/yoast.com\/product\/yoast-seo-wordpress\/ -->\n<title>Praktikum und Job Spanien Sprachschule Barcelona<\/title>\n<meta name=\"description\" content=\"Praktikum und Job Spanien: Ein Praktikum oder Job in Spanien ist eine gute M\u00f6glichkeit, das Land und neue Leute kennen zu lernen und die Sprache zu lernen.\" \/>\n<meta name=\"robots\" content=\"index, follow, max-snippet:-1, max-image-preview:large, max-video-preview:-1\" \/>\n<link rel=\"canonical\" href=\"https:\/\/www.academia-barcelona.com\/de\/sprachschule-barcelona\/praktikum-und-job-spanien\/\" \/>\n<meta property=\"og:locale\" content=\"de_DE\" \/>\n<meta property=\"og:type\" content=\"article\" \/>\n<meta property=\"og:title\" content=\"Praktikum und Job Spanien Sprachschule Barcelona\" \/>\n<meta property=\"og:description\" content=\"Praktikum und Job Spanien: Ein Praktikum oder Job in Spanien ist eine gute M\u00f6glichkeit, das Land und neue Leute kennen zu lernen und die Sprache zu lernen.\" \/>\n<meta property=\"og:url\" content=\"https:\/\/www.academia-barcelona.com\/de\/sprachschule-barcelona\/praktikum-und-job-spanien\/\" \/>\n<meta property=\"article:modified_time\" content=\"2020-02-12T09:29:15+00:00\" \/>\n<meta name=\"twitter:card\" content=\"summary_large_image\" \/>\n<meta name=\"twitter:label1\" content=\"Gesch\u00e4tzte Lesezeit\" \/>\n\t<meta name=\"twitter:data1\" content=\"4\u00a0Minuten\" \/>\n<script type=\"application\/ld+json\" class=\"yoast-schema-graph\">{\"@context\":\"https:\/\/schema.org\",\"@graph\":[{\"@type\":\"WebPage\",\"@id\":\"https:\/\/www.academia-barcelona.com\/de\/sprachschule-barcelona\/praktikum-und-job-spanien\/\",\"url\":\"https:\/\/www.academia-barcelona.com\/de\/sprachschule-barcelona\/praktikum-und-job-spanien\/\",\"name\":\"Praktikum und Job Spanien Sprachschule Barcelona\",\"isPartOf\":{\"@id\":\"https:\/\/www.academia-barcelona.com\/#website\"},\"datePublished\":\"2015-12-08T17:57:50+00:00\",\"dateModified\":\"2020-02-12T09:29:15+00:00\",\"description\":\"Praktikum und Job Spanien: Ein Praktikum oder Job in Spanien ist eine gute M\u00f6glichkeit, das Land und neue Leute kennen zu lernen und die Sprache zu lernen.\",\"breadcrumb\":{\"@id\":\"https:\/\/www.academia-barcelona.com\/de\/sprachschule-barcelona\/praktikum-und-job-spanien\/#breadcrumb\"},\"inLanguage\":\"de\",\"potentialAction\":[{\"@type\":\"ReadAction\",\"target\":[\"https:\/\/www.academia-barcelona.com\/de\/sprachschule-barcelona\/praktikum-und-job-spanien\/\"]}]},{\"@type\":\"BreadcrumbList\",\"@id\":\"https:\/\/www.academia-barcelona.com\/de\/sprachschule-barcelona\/praktikum-und-job-spanien\/#breadcrumb\",\"itemListElement\":[{\"@type\":\"ListItem\",\"position\":1,\"name\":\"Unsere Sprachschule in Barcelona\",\"item\":\"https:\/\/www.academia-barcelona.com\/de\/sprachschule-barcelona\/\"},{\"@type\":\"ListItem\",\"position\":2,\"name\":\"Praktikum und Job in Spanien\"}]},{\"@type\":\"WebSite\",\"@id\":\"https:\/\/www.academia-barcelona.com\/#website\",\"url\":\"https:\/\/www.academia-barcelona.com\/\",\"name\":\"\",\"description\":\"\",\"potentialAction\":[{\"@type\":\"SearchAction\",\"target\":{\"@type\":\"EntryPoint\",\"urlTemplate\":\"https:\/\/www.academia-barcelona.com\/?s={search_term_string}\"},\"query-input\":{\"@type\":\"PropertyValueSpecification\",\"valueRequired\":true,\"valueName\":\"search_term_string\"}}],\"inLanguage\":\"de\"}]}<\/script>\n<!-- \/ Yoast SEO plugin. -->","yoast_head_json":{"title":"Praktikum und Job Spanien Sprachschule Barcelona","description":"Praktikum und Job Spanien: Ein Praktikum oder Job in Spanien ist eine gute M\u00f6glichkeit, das Land und neue Leute kennen zu lernen und die Sprache zu lernen.","robots":{"index":"index","follow":"follow","max-snippet":"max-snippet:-1","max-image-preview":"max-image-preview:large","max-video-preview":"max-video-preview:-1"},"canonical":"https:\/\/www.academia-barcelona.com\/de\/sprachschule-barcelona\/praktikum-und-job-spanien\/","og_locale":"de_DE","og_type":"article","og_title":"Praktikum und Job Spanien Sprachschule Barcelona","og_description":"Praktikum und Job Spanien: Ein Praktikum oder Job in Spanien ist eine gute M\u00f6glichkeit, das Land und neue Leute kennen zu lernen und die Sprache zu lernen.","og_url":"https:\/\/www.academia-barcelona.com\/de\/sprachschule-barcelona\/praktikum-und-job-spanien\/","article_modified_time":"2020-02-12T09:29:15+00:00","twitter_card":"summary_large_image","twitter_misc":{"Gesch\u00e4tzte Lesezeit":"4\u00a0Minuten"},"schema":{"@context":"https:\/\/schema.org","@graph":[{"@type":"WebPage","@id":"https:\/\/www.academia-barcelona.com\/de\/sprachschule-barcelona\/praktikum-und-job-spanien\/","url":"https:\/\/www.academia-barcelona.com\/de\/sprachschule-barcelona\/praktikum-und-job-spanien\/","name":"Praktikum und Job Spanien Sprachschule Barcelona","isPartOf":{"@id":"https:\/\/www.academia-barcelona.com\/#website"},"datePublished":"2015-12-08T17:57:50+00:00","dateModified":"2020-02-12T09:29:15+00:00","description":"Praktikum und Job Spanien: Ein Praktikum oder Job in Spanien ist eine gute M\u00f6glichkeit, das Land und neue Leute kennen zu lernen und die Sprache zu lernen.","breadcrumb":{"@id":"https:\/\/www.academia-barcelona.com\/de\/sprachschule-barcelona\/praktikum-und-job-spanien\/#breadcrumb"},"inLanguage":"de","potentialAction":[{"@type":"ReadAction","target":["https:\/\/www.academia-barcelona.com\/de\/sprachschule-barcelona\/praktikum-und-job-spanien\/"]}]},{"@type":"BreadcrumbList","@id":"https:\/\/www.academia-barcelona.com\/de\/sprachschule-barcelona\/praktikum-und-job-spanien\/#breadcrumb","itemListElement":[{"@type":"ListItem","position":1,"name":"Unsere Sprachschule in Barcelona","item":"https:\/\/www.academia-barcelona.com\/de\/sprachschule-barcelona\/"},{"@type":"ListItem","position":2,"name":"Praktikum und Job in Spanien"}]},{"@type":"WebSite","@id":"https:\/\/www.academia-barcelona.com\/#website","url":"https:\/\/www.academia-barcelona.com\/","name":"","description":"","potentialAction":[{"@type":"SearchAction","target":{"@type":"EntryPoint","urlTemplate":"https:\/\/www.academia-barcelona.com\/?s={search_term_string}"},"query-input":{"@type":"PropertyValueSpecification","valueRequired":true,"valueName":"search_term_string"}}],"inLanguage":"de"}]}},"_links":{"self":[{"href":"https:\/\/www.academia-barcelona.com\/de\/wp-json\/wp\/v2\/pages\/884","targetHints":{"allow":["GET"]}}],"collection":[{"href":"https:\/\/www.academia-barcelona.com\/de\/wp-json\/wp\/v2\/pages"}],"about":[{"href":"https:\/\/www.academia-barcelona.com\/de\/wp-json\/wp\/v2\/types\/page"}],"author":[{"embeddable":true,"href":"https:\/\/www.academia-barcelona.com\/de\/wp-json\/wp\/v2\/users\/3"}],"replies":[{"embeddable":true,"href":"https:\/\/www.academia-barcelona.com\/de\/wp-json\/wp\/v2\/comments?post=884"}],"version-history":[{"count":29,"href":"https:\/\/www.academia-barcelona.com\/de\/wp-json\/wp\/v2\/pages\/884\/revisions"}],"predecessor-version":[{"id":12271,"href":"https:\/\/www.academia-barcelona.com\/de\/wp-json\/wp\/v2\/pages\/884\/revisions\/12271"}],"up":[{"embeddable":true,"href":"https:\/\/www.academia-barcelona.com\/de\/wp-json\/wp\/v2\/pages\/1482"}],"wp:attachment":[{"href":"https:\/\/www.academia-barcelona.com\/de\/wp-json\/wp\/v2\/media?parent=884"}],"curies":[{"name":"wp","href":"https:\/\/api.w.org\/{rel}","templated":true}]}}