{"id":870,"date":"2015-12-08T17:39:44","date_gmt":"2015-12-08T17:39:44","guid":{"rendered":"http:\/\/www.barcelona-sprachschule.de\/?page_id=870"},"modified":"2021-11-08T06:29:16","modified_gmt":"2021-11-08T06:29:16","slug":"kostenloses-lehrmaterial-fur-ihren-spanischkurs","status":"publish","type":"page","link":"https:\/\/www.academia-barcelona.com\/de\/spanischkurse\/kostenloses-lehrmaterial-fur-ihren-spanischkurs\/","title":{"rendered":"Kostenloses Lehrmaterial f\u00fcr Ihren Spanischkurs"},"content":{"rendered":"<p>[vc_row css=&#8221;.vc_custom_1493990225213{padding-bottom: 30px !important;}&#8221;][vc_column][vc_column_text]<\/p>\n<h1>Kostenloses Lehrmaterial f\u00fcr Ihren Spanischkurs<\/h1>\n<p>In unseren Sprachkursen in Barcelona an der CBLS (Clase Barcelona Language School) ist s\u00e4mtliches Lehrmaterial bereits im Preis inbegriffen. Zus\u00e4tzlich stellen wir unseren Kunden ein kostenloses Spanisch-Lehrbuch zum Herunterladen zur Verf\u00fcgung.<br \/>\n[\/vc_column_text][\/vc_column][\/vc_row]<\/p>\n","protected":false},"excerpt":{"rendered":"<p>[vc_row css=&#8221;.vc_custom_1493990225213{padding-bottom: 30px !important;}&#8221;][vc_column][vc_column_text] Kostenloses Lehrmaterial f\u00fcr Ihren Spanischkurs In unseren Sprachkursen in Barcelona an der CBLS (Clase Barcelona Language School) ist s\u00e4mtliches Lehrmaterial bereits im Preis inbegriffen. Zus\u00e4tzlich stellen wir unseren Kunden ein kostenloses Spanisch-Lehrbuch zum Herunterladen zur Verf\u00fcgung. [\/vc_column_text][\/vc_column][\/vc_row]<\/p>\n","protected":false},"author":3,"featured_media":0,"parent":818,"menu_order":0,"comment_status":"closed","ping_status":"closed","template":"","meta":{"footnotes":""},"class_list":["post-870","page","type-page","status-publish","hentry"],"yoast_head":"<!-- This site is optimized with the Yoast SEO plugin v27.1.1 - https:\/\/yoast.com\/product\/yoast-seo-wordpress\/ -->\n<title>Kostenloses Lehrmaterial f\u00fcr Ihren Spanischkurs in Barcelona<\/title>\n<meta name=\"description\" content=\"Kostenloses Lehrmaterial f\u00fcr ihren Spanischkurs in Barcelona. In den Sprachkursen an der CBLS ist s\u00e4mtliches Lehrmaterial bereits im Preis inbegriffen.\" \/>\n<meta name=\"robots\" content=\"index, follow, max-snippet:-1, max-image-preview:large, max-video-preview:-1\" \/>\n<link rel=\"canonical\" href=\"https:\/\/www.academia-barcelona.com\/de\/spanischkurse\/kostenloses-lehrmaterial-fur-ihren-spanischkurs\/\" \/>\n<meta property=\"og:locale\" content=\"de_DE\" \/>\n<meta property=\"og:type\" content=\"article\" \/>\n<meta property=\"og:title\" content=\"Kostenloses Lehrmaterial f\u00fcr Ihren Spanischkurs in Barcelona\" \/>\n<meta property=\"og:description\" content=\"Kostenloses Lehrmaterial f\u00fcr ihren Spanischkurs in Barcelona. In den Sprachkursen an der CBLS ist s\u00e4mtliches Lehrmaterial bereits im Preis inbegriffen.\" \/>\n<meta property=\"og:url\" content=\"https:\/\/www.academia-barcelona.com\/de\/spanischkurse\/kostenloses-lehrmaterial-fur-ihren-spanischkurs\/\" \/>\n<meta property=\"article:modified_time\" content=\"2021-11-08T06:29:16+00:00\" \/>\n<meta name=\"twitter:card\" content=\"summary_large_image\" \/>\n<script type=\"application\/ld+json\" class=\"yoast-schema-graph\">{\"@context\":\"https:\/\/schema.org\",\"@graph\":[{\"@type\":\"WebPage\",\"@id\":\"https:\/\/www.academia-barcelona.com\/de\/spanischkurse\/kostenloses-lehrmaterial-fur-ihren-spanischkurs\/\",\"url\":\"https:\/\/www.academia-barcelona.com\/de\/spanischkurse\/kostenloses-lehrmaterial-fur-ihren-spanischkurs\/\",\"name\":\"Kostenloses Lehrmaterial f\u00fcr Ihren Spanischkurs in Barcelona\",\"isPartOf\":{\"@id\":\"https:\/\/www.academia-barcelona.com\/#website\"},\"datePublished\":\"2015-12-08T17:39:44+00:00\",\"dateModified\":\"2021-11-08T06:29:16+00:00\",\"description\":\"Kostenloses Lehrmaterial f\u00fcr ihren Spanischkurs in Barcelona. In den Sprachkursen an der CBLS ist s\u00e4mtliches Lehrmaterial bereits im Preis inbegriffen.\",\"breadcrumb\":{\"@id\":\"https:\/\/www.academia-barcelona.com\/de\/spanischkurse\/kostenloses-lehrmaterial-fur-ihren-spanischkurs\/#breadcrumb\"},\"inLanguage\":\"de\",\"potentialAction\":[{\"@type\":\"ReadAction\",\"target\":[\"https:\/\/www.academia-barcelona.com\/de\/spanischkurse\/kostenloses-lehrmaterial-fur-ihren-spanischkurs\/\"]}]},{\"@type\":\"BreadcrumbList\",\"@id\":\"https:\/\/www.academia-barcelona.com\/de\/spanischkurse\/kostenloses-lehrmaterial-fur-ihren-spanischkurs\/#breadcrumb\",\"itemListElement\":[{\"@type\":\"ListItem\",\"position\":1,\"name\":\"Spanischkurse\",\"item\":\"https:\/\/www.academia-barcelona.com\/de\/spanischkurse\/\"},{\"@type\":\"ListItem\",\"position\":2,\"name\":\"Kostenloses Lehrmaterial f\u00fcr Ihren Spanischkurs\"}]},{\"@type\":\"WebSite\",\"@id\":\"https:\/\/www.academia-barcelona.com\/#website\",\"url\":\"https:\/\/www.academia-barcelona.com\/\",\"name\":\"\",\"description\":\"\",\"potentialAction\":[{\"@type\":\"SearchAction\",\"target\":{\"@type\":\"EntryPoint\",\"urlTemplate\":\"https:\/\/www.academia-barcelona.com\/?s={search_term_string}\"},\"query-input\":{\"@type\":\"PropertyValueSpecification\",\"valueRequired\":true,\"valueName\":\"search_term_string\"}}],\"inLanguage\":\"de\"}]}<\/script>\n<!-- \/ Yoast SEO plugin. -->","yoast_head_json":{"title":"Kostenloses Lehrmaterial f\u00fcr Ihren Spanischkurs in Barcelona","description":"Kostenloses Lehrmaterial f\u00fcr ihren Spanischkurs in Barcelona. In den Sprachkursen an der CBLS ist s\u00e4mtliches Lehrmaterial bereits im Preis inbegriffen.","robots":{"index":"index","follow":"follow","max-snippet":"max-snippet:-1","max-image-preview":"max-image-preview:large","max-video-preview":"max-video-preview:-1"},"canonical":"https:\/\/www.academia-barcelona.com\/de\/spanischkurse\/kostenloses-lehrmaterial-fur-ihren-spanischkurs\/","og_locale":"de_DE","og_type":"article","og_title":"Kostenloses Lehrmaterial f\u00fcr Ihren Spanischkurs in Barcelona","og_description":"Kostenloses Lehrmaterial f\u00fcr ihren Spanischkurs in Barcelona. In den Sprachkursen an der CBLS ist s\u00e4mtliches Lehrmaterial bereits im Preis inbegriffen.","og_url":"https:\/\/www.academia-barcelona.com\/de\/spanischkurse\/kostenloses-lehrmaterial-fur-ihren-spanischkurs\/","article_modified_time":"2021-11-08T06:29:16+00:00","twitter_card":"summary_large_image","schema":{"@context":"https:\/\/schema.org","@graph":[{"@type":"WebPage","@id":"https:\/\/www.academia-barcelona.com\/de\/spanischkurse\/kostenloses-lehrmaterial-fur-ihren-spanischkurs\/","url":"https:\/\/www.academia-barcelona.com\/de\/spanischkurse\/kostenloses-lehrmaterial-fur-ihren-spanischkurs\/","name":"Kostenloses Lehrmaterial f\u00fcr Ihren Spanischkurs in Barcelona","isPartOf":{"@id":"https:\/\/www.academia-barcelona.com\/#website"},"datePublished":"2015-12-08T17:39:44+00:00","dateModified":"2021-11-08T06:29:16+00:00","description":"Kostenloses Lehrmaterial f\u00fcr ihren Spanischkurs in Barcelona. In den Sprachkursen an der CBLS ist s\u00e4mtliches Lehrmaterial bereits im Preis inbegriffen.","breadcrumb":{"@id":"https:\/\/www.academia-barcelona.com\/de\/spanischkurse\/kostenloses-lehrmaterial-fur-ihren-spanischkurs\/#breadcrumb"},"inLanguage":"de","potentialAction":[{"@type":"ReadAction","target":["https:\/\/www.academia-barcelona.com\/de\/spanischkurse\/kostenloses-lehrmaterial-fur-ihren-spanischkurs\/"]}]},{"@type":"BreadcrumbList","@id":"https:\/\/www.academia-barcelona.com\/de\/spanischkurse\/kostenloses-lehrmaterial-fur-ihren-spanischkurs\/#breadcrumb","itemListElement":[{"@type":"ListItem","position":1,"name":"Spanischkurse","item":"https:\/\/www.academia-barcelona.com\/de\/spanischkurse\/"},{"@type":"ListItem","position":2,"name":"Kostenloses Lehrmaterial f\u00fcr Ihren Spanischkurs"}]},{"@type":"WebSite","@id":"https:\/\/www.academia-barcelona.com\/#website","url":"https:\/\/www.academia-barcelona.com\/","name":"","description":"","potentialAction":[{"@type":"SearchAction","target":{"@type":"EntryPoint","urlTemplate":"https:\/\/www.academia-barcelona.com\/?s={search_term_string}"},"query-input":{"@type":"PropertyValueSpecification","valueRequired":true,"valueName":"search_term_string"}}],"inLanguage":"de"}]}},"_links":{"self":[{"href":"https:\/\/www.academia-barcelona.com\/de\/wp-json\/wp\/v2\/pages\/870","targetHints":{"allow":["GET"]}}],"collection":[{"href":"https:\/\/www.academia-barcelona.com\/de\/wp-json\/wp\/v2\/pages"}],"about":[{"href":"https:\/\/www.academia-barcelona.com\/de\/wp-json\/wp\/v2\/types\/page"}],"author":[{"embeddable":true,"href":"https:\/\/www.academia-barcelona.com\/de\/wp-json\/wp\/v2\/users\/3"}],"replies":[{"embeddable":true,"href":"https:\/\/www.academia-barcelona.com\/de\/wp-json\/wp\/v2\/comments?post=870"}],"version-history":[{"count":9,"href":"https:\/\/www.academia-barcelona.com\/de\/wp-json\/wp\/v2\/pages\/870\/revisions"}],"predecessor-version":[{"id":13790,"href":"https:\/\/www.academia-barcelona.com\/de\/wp-json\/wp\/v2\/pages\/870\/revisions\/13790"}],"up":[{"embeddable":true,"href":"https:\/\/www.academia-barcelona.com\/de\/wp-json\/wp\/v2\/pages\/818"}],"wp:attachment":[{"href":"https:\/\/www.academia-barcelona.com\/de\/wp-json\/wp\/v2\/media?parent=870"}],"curies":[{"name":"wp","href":"https:\/\/api.w.org\/{rel}","templated":true}]}}