{"id":867,"date":"2015-12-07T20:43:44","date_gmt":"2015-12-07T20:43:44","guid":{"rendered":"http:\/\/www.barcelona-sprachschule.de\/?page_id=867"},"modified":"2017-05-05T19:11:35","modified_gmt":"2017-05-05T19:11:35","slug":"geschlossene-gruppen-schueler-oder-studentengruppen","status":"publish","type":"page","link":"https:\/\/www.academia-barcelona.com\/de\/geschlossene-gruppen-schueler-oder-studentengruppen\/","title":{"rendered":"Spanisch lernen in geschlossenen Gruppen, Schueler oder Studentengruppen"},"content":{"rendered":"<p>[vc_row css=&#8221;.vc_custom_1494010828291{padding-bottom: 30px !important;}&#8221;][vc_column][vc_column_text]<\/p>\n<h1>Spanisch f\u00fcr geschlossene Gruppen an der CBLS (Clase Barcelona Language School)<\/h1>\n<p>Sie m\u00f6chten mit Freunden und Bekannten, einer Sch\u00fclergruppe oder Ihren Kommilitonen einen Spanisch-Sprachkurs in Barcelona besuchen? Im Spanisch-Sprachkurs f\u00fcr geschlossene Gruppen an der CBLS (Clase Barcelona Language School) k\u00f6nnen Sie gemeinsam einen Einsteiger-Crash-Kurs belegen oder sich auf eine gemeinsame Pr\u00fcfung vorbereiten.<\/p>\n<p>Dieser Sprachkurs eignet sich insbesondere f\u00fcr geschlossene Gruppen, deren Mitglieder \u00e4hnliche Vorkenntnisse und eine gemeinsame Zielsetzung haben. Unser Spanisch-Sprachkurs f\u00fcr geschlossene Gruppen wird speziell auf Ihre Gruppe zugeschnitten. Die Kurstermine k\u00f6nnen individuell vereinbart werden. Gerne planen wir f\u00fcr Schulklassen einen Aufenthalt in Barcelona!<\/p>\n<p>Geschlossene Gruppen Schueler oder Studentengruppen.[\/vc_column_text][\/vc_column][\/vc_row][vc_row full_width=&#8221;stretch_row&#8221; css=&#8221;.vc_custom_1494010869607{padding-top: 30px !important;padding-bottom: 30px !important;background-color: #f9f9f9 !important;}&#8221;][vc_column][vc_column_text]<\/p>\n<h2>Spanisch f\u00fcr geschlossene Gruppen im \u00dcberblick<\/h2>\n<ul>\n<li>Montag bis Feitag<\/li>\n<li>Stundenanzahl nach Wunsch<\/li>\n<li>Dauer: ab 1 Woche<\/li>\n<li>Kursstufen: A1 &#8211; C2<\/li>\n<\/ul>\n<p>[\/vc_column_text][\/vc_column][\/vc_row][vc_row css=&#8221;.vc_custom_1494011024251{padding-top: 30px !important;padding-bottom: 30px !important;}&#8221;][vc_column][vc_column_text]Spanisch-Intensivkurse f\u00fcr geschlossene Gruppen in Barcelona (auf Wunsch auch mit Unterkunft) Schnelles Vorgehen! Alle unsere Spanisch-Sprachlehrer sind qualifizierte Muttersprachler. Lernen Sie unsere Sprachlehrer kennen und besuchen Sie unsere <a href=\"https:\/\/www.academia-barcelona.com\/de\/wir-uber-uns\/bildergalerie\/\">Fotogalerie<\/a>!<\/p>\n<hr \/>\n<p>Termine. Der Spanisch-Sprachkurs in Barcelona findet von Montag bis Freitag im Zeitraum zwischen 9:00 Uhr und 19:00 Uhr statt. Anfangstermine: individuell vereinbar Mindestteilnehmerzahl: 6 Personen<\/p>\n<hr \/>\n<p>Stunden \u00e0 60 Minuten. Stundenzahl frei w\u00e4hlbar.<\/p>\n<hr \/>\n<p>Preise von Teilnehmerzahl abh\u00e4ngig! Wir beraten Sie gerne! <a href=\"mailto:info@barcelona-sprachschule.com\">Hier k\u00f6nnen Sie uns eine unverbindliche Preisanfrage stellen!<\/a>[\/vc_column_text][\/vc_column][\/vc_row]<\/p>\n","protected":false},"excerpt":{"rendered":"<p>[vc_row css=&#8221;.vc_custom_1494010828291{padding-bottom: 30px !important;}&#8221;][vc_column][vc_column_text] Spanisch f\u00fcr geschlossene Gruppen an der CBLS (Clase Barcelona Language School) Sie m\u00f6chten mit Freunden und Bekannten, einer Sch\u00fclergruppe oder Ihren Kommilitonen einen Spanisch-Sprachkurs in Barcelona besuchen? Im Spanisch-Sprachkurs f\u00fcr geschlossene Gruppen an der CBLS (Clase Barcelona Language School) k\u00f6nnen Sie gemeinsam einen Einsteiger-Crash-Kurs belegen oder sich auf eine gemeinsame Pr\u00fcfung&hellip; <a class=\"read-more\" href=\"https:\/\/www.academia-barcelona.com\/de\/geschlossene-gruppen-schueler-oder-studentengruppen\/\" title=\"Read Spanisch lernen in geschlossenen Gruppen, Schueler oder Studentengruppen\">Read more &raquo;<\/a><\/p>\n","protected":false},"author":3,"featured_media":0,"parent":0,"menu_order":0,"comment_status":"closed","ping_status":"closed","template":"","meta":{"footnotes":""},"class_list":["post-867","page","type-page","status-publish","hentry"],"yoast_head":"<!-- This site is optimized with the Yoast SEO plugin v27.1.1 - https:\/\/yoast.com\/product\/yoast-seo-wordpress\/ -->\n<title>Geschlossene Gruppen Schueler oder Studentengruppen<\/title>\n<meta name=\"description\" content=\"Geschlossene Gruppen Schueler oder Studentengruppen: Dieser Sprachkurs eignet sich insbesondere f\u00fcr geschlossene Gruppen.\" \/>\n<meta name=\"robots\" content=\"index, follow, max-snippet:-1, max-image-preview:large, max-video-preview:-1\" \/>\n<link rel=\"canonical\" href=\"https:\/\/www.academia-barcelona.com\/de\/geschlossene-gruppen-schueler-oder-studentengruppen\/\" \/>\n<meta property=\"og:locale\" content=\"de_DE\" \/>\n<meta property=\"og:type\" content=\"article\" \/>\n<meta property=\"og:title\" content=\"Geschlossene Gruppen Schueler oder Studentengruppen\" \/>\n<meta property=\"og:description\" content=\"Geschlossene Gruppen Schueler oder Studentengruppen: Dieser Sprachkurs eignet sich insbesondere f\u00fcr geschlossene Gruppen.\" \/>\n<meta property=\"og:url\" content=\"https:\/\/www.academia-barcelona.com\/de\/geschlossene-gruppen-schueler-oder-studentengruppen\/\" \/>\n<meta property=\"article:modified_time\" content=\"2017-05-05T19:11:35+00:00\" \/>\n<meta name=\"twitter:card\" content=\"summary_large_image\" \/>\n<meta name=\"twitter:label1\" content=\"Gesch\u00e4tzte Lesezeit\" \/>\n\t<meta name=\"twitter:data1\" content=\"1\u00a0Minute\" \/>\n<script type=\"application\/ld+json\" class=\"yoast-schema-graph\">{\"@context\":\"https:\/\/schema.org\",\"@graph\":[{\"@type\":\"WebPage\",\"@id\":\"https:\/\/www.academia-barcelona.com\/de\/geschlossene-gruppen-schueler-oder-studentengruppen\/\",\"url\":\"https:\/\/www.academia-barcelona.com\/de\/geschlossene-gruppen-schueler-oder-studentengruppen\/\",\"name\":\"Geschlossene Gruppen Schueler oder Studentengruppen\",\"isPartOf\":{\"@id\":\"https:\/\/www.academia-barcelona.com\/#website\"},\"datePublished\":\"2015-12-07T20:43:44+00:00\",\"dateModified\":\"2017-05-05T19:11:35+00:00\",\"description\":\"Geschlossene Gruppen Schueler oder Studentengruppen: Dieser Sprachkurs eignet sich insbesondere f\u00fcr geschlossene Gruppen.\",\"inLanguage\":\"de\",\"potentialAction\":[{\"@type\":\"ReadAction\",\"target\":[\"https:\/\/www.academia-barcelona.com\/de\/geschlossene-gruppen-schueler-oder-studentengruppen\/\"]}]},{\"@type\":\"WebSite\",\"@id\":\"https:\/\/www.academia-barcelona.com\/#website\",\"url\":\"https:\/\/www.academia-barcelona.com\/\",\"name\":\"\",\"description\":\"\",\"potentialAction\":[{\"@type\":\"SearchAction\",\"target\":{\"@type\":\"EntryPoint\",\"urlTemplate\":\"https:\/\/www.academia-barcelona.com\/?s={search_term_string}\"},\"query-input\":{\"@type\":\"PropertyValueSpecification\",\"valueRequired\":true,\"valueName\":\"search_term_string\"}}],\"inLanguage\":\"de\"}]}<\/script>\n<!-- \/ Yoast SEO plugin. -->","yoast_head_json":{"title":"Geschlossene Gruppen Schueler oder Studentengruppen","description":"Geschlossene Gruppen Schueler oder Studentengruppen: Dieser Sprachkurs eignet sich insbesondere f\u00fcr geschlossene Gruppen.","robots":{"index":"index","follow":"follow","max-snippet":"max-snippet:-1","max-image-preview":"max-image-preview:large","max-video-preview":"max-video-preview:-1"},"canonical":"https:\/\/www.academia-barcelona.com\/de\/geschlossene-gruppen-schueler-oder-studentengruppen\/","og_locale":"de_DE","og_type":"article","og_title":"Geschlossene Gruppen Schueler oder Studentengruppen","og_description":"Geschlossene Gruppen Schueler oder Studentengruppen: Dieser Sprachkurs eignet sich insbesondere f\u00fcr geschlossene Gruppen.","og_url":"https:\/\/www.academia-barcelona.com\/de\/geschlossene-gruppen-schueler-oder-studentengruppen\/","article_modified_time":"2017-05-05T19:11:35+00:00","twitter_card":"summary_large_image","twitter_misc":{"Gesch\u00e4tzte Lesezeit":"1\u00a0Minute"},"schema":{"@context":"https:\/\/schema.org","@graph":[{"@type":"WebPage","@id":"https:\/\/www.academia-barcelona.com\/de\/geschlossene-gruppen-schueler-oder-studentengruppen\/","url":"https:\/\/www.academia-barcelona.com\/de\/geschlossene-gruppen-schueler-oder-studentengruppen\/","name":"Geschlossene Gruppen Schueler oder Studentengruppen","isPartOf":{"@id":"https:\/\/www.academia-barcelona.com\/#website"},"datePublished":"2015-12-07T20:43:44+00:00","dateModified":"2017-05-05T19:11:35+00:00","description":"Geschlossene Gruppen Schueler oder Studentengruppen: Dieser Sprachkurs eignet sich insbesondere f\u00fcr geschlossene Gruppen.","inLanguage":"de","potentialAction":[{"@type":"ReadAction","target":["https:\/\/www.academia-barcelona.com\/de\/geschlossene-gruppen-schueler-oder-studentengruppen\/"]}]},{"@type":"WebSite","@id":"https:\/\/www.academia-barcelona.com\/#website","url":"https:\/\/www.academia-barcelona.com\/","name":"","description":"","potentialAction":[{"@type":"SearchAction","target":{"@type":"EntryPoint","urlTemplate":"https:\/\/www.academia-barcelona.com\/?s={search_term_string}"},"query-input":{"@type":"PropertyValueSpecification","valueRequired":true,"valueName":"search_term_string"}}],"inLanguage":"de"}]}},"_links":{"self":[{"href":"https:\/\/www.academia-barcelona.com\/de\/wp-json\/wp\/v2\/pages\/867","targetHints":{"allow":["GET"]}}],"collection":[{"href":"https:\/\/www.academia-barcelona.com\/de\/wp-json\/wp\/v2\/pages"}],"about":[{"href":"https:\/\/www.academia-barcelona.com\/de\/wp-json\/wp\/v2\/types\/page"}],"author":[{"embeddable":true,"href":"https:\/\/www.academia-barcelona.com\/de\/wp-json\/wp\/v2\/users\/3"}],"replies":[{"embeddable":true,"href":"https:\/\/www.academia-barcelona.com\/de\/wp-json\/wp\/v2\/comments?post=867"}],"version-history":[{"count":27,"href":"https:\/\/www.academia-barcelona.com\/de\/wp-json\/wp\/v2\/pages\/867\/revisions"}],"predecessor-version":[{"id":8766,"href":"https:\/\/www.academia-barcelona.com\/de\/wp-json\/wp\/v2\/pages\/867\/revisions\/8766"}],"wp:attachment":[{"href":"https:\/\/www.academia-barcelona.com\/de\/wp-json\/wp\/v2\/media?parent=867"}],"curies":[{"name":"wp","href":"https:\/\/api.w.org\/{rel}","templated":true}]}}