{"id":863,"date":"2015-12-07T18:15:15","date_gmt":"2015-12-07T18:15:15","guid":{"rendered":"http:\/\/www.barcelona-sprachschule.de\/?page_id=863"},"modified":"2021-11-08T07:25:59","modified_gmt":"2021-11-08T07:25:59","slug":"spanisch-am-abend","status":"publish","type":"page","link":"https:\/\/www.academia-barcelona.com\/de\/spanischkurse\/spanisch-am-abend\/","title":{"rendered":"Spanisch am Abend"},"content":{"rendered":"<p>[vc_row css=&#8221;.vc_custom_1494011534461{padding-bottom: 30px !important;}&#8221;][vc_column][vc_column_text]<\/p>\n<h1>Spanischkurse am Abend an der CBLS (Clase Barcelona Language School)<\/h1>\n<p>Sie leben in Barcelona und arbeiten tags\u00fcber? Lernen oder verbessern Sie ihr Spanisch in den Sprachkursen &#8220;Spanisch am Abend&#8221;! Der Sprachkurs am Abend findet zwischen 19:00Uhr und 22:00Uhr statt und wird zeitlich und inhaltlich individuell auf die Lerngruppe zugeschnitten.<\/p>\n<h2>Spanisch am Abend im \u00dcberblick<\/h2>\n<ul>\n<li>Montag bis Feitag zwischen 19:00Uhr und 22:00Uhr<\/li>\n<li>Stundenanzahl nach Wunsch<\/li>\n<li>Dauer: ab 1 Woche<\/li>\n<li>Kursstufe: alle Niveaus<\/li>\n<\/ul>\n<p>[\/vc_column_text][\/vc_column][\/vc_row][vc_row full_width=&#8221;stretch_row&#8221; css=&#8221;.vc_custom_1494012493381{padding-top: 30px !important;padding-bottom: 30px !important;background-color: #f9f9f9 !important;}&#8221;][vc_column][vc_column_text]<\/p>\n<h2>Spanisch am Abend f\u00fcr Anf\u00e4nger, Mittelstufe und Fortgeschrittene<\/h2>\n<p><strong>Spanisch am Abend in Barcelona ohne Unterkunft<\/strong><\/p>\n<p>1 Woche Spanisch am Abend f\u00fcr Anf\u00e4nger, Mittelstufe und Fortgeschrittene. Inhalte individuell vereinbar. Alle unsere Spanisch-Sprachlehrer sind qualifizierte Muttersprachler.<\/p>\n<hr \/>\n<p><strong>Termine<\/strong><br \/>\nDer Kurs findet von Montag bis Freitag im Zeitraum zwischen 19:00 Uhr und 22:00 Uhr statt. Die Termine k\u00f6nnen frei vereinbart werden!<\/p>\n<p><strong>Mindestteilnehmerzahl:<\/strong> 3 Personen<br \/>\n[\/vc_column_text]\t<div class=\"vc_btn3-container vc_btn3-inline\">\n\t\t<a href=\"mailto:info@barcelona-sprachschule.com\" class=\"pgs_btn pgs_btn_style_1 pgs_btn_lg\">\n\t\t\t<span>\n\t\t\t\tjetzt nachfragen\t\t\t<\/span>\n\t\t\t\t\t\t<i class=\"fa fa-angle-double-right\"><\/i>\n\t\t\t\t\t<\/a>\n\t<\/div>\n\t[vc_column_text]<\/p>\n<hr \/>\n<p>Stunden \u00e0 60 Minuten. 4 Stunden pro Woche.<\/p>\n<hr \/>\n<p>6 Wochen 299,-\u20ac<\/p>\n<p>[\/vc_column_text]\t<div class=\"vc_btn3-container vc_btn3-inline\">\n\t\t<a href=\"https:\/\/www.academia-barcelona.com\/de\/anmeldung\/\" class=\"pgs_btn pgs_btn_style_1 pgs_btn_lg\">\n\t\t\t<span>\n\t\t\t\tjetzt anmelden!\t\t\t<\/span>\n\t\t\t\t\t\t<i class=\"\"><\/i>\n\t\t\t\t\t<\/a>\n\t<\/div>\n\t[\/vc_column][\/vc_row][vc_row css=&#8221;.vc_custom_1494012395009{padding-top: 30px !important;padding-bottom: 30px !important;}&#8221;][vc_column][vc_column_text]<\/p>\n<h2>Spanisch lernen in Barcelona: interkulturell, kommunikativ und mit viel Spa\u00df!<\/h2>\n<p>Wir bieten Ihnen professionelle Sprachkurse in einer pers\u00f6nlichen, angenehmen Atmosph\u00e4re! In unserer Sprachschule CBLS (Clase Barcelona Language School) im <a title=\"Standort Sprachschule CBLS\" href=\"https:\/\/www.google.de\/maps\/place\/CBLS+-+Clase+Barcelona+Language+School\/@41.391525,2.169008,687m\/data=!3m2!1e3!4b1!4m2!3m1!1s0x0:0xc371eb8cc1faea0c?hl=en\" target=\"_blank\" rel=\"noopener noreferrer\">Zentrum Barcelonas<\/a> finden das ganze Jahr \u00fcber Spanisch-Sprachkurse f\u00fcr Anf\u00e4nger bis Fortgeschrittene statt.<\/p>\n<p>Unsere <a title=\"Unsere Zufriedenheitsgarantie\" href=\"https:\/\/www.academia-barcelona.com\/de\/allgemeine-geschaeftsbedingungen\/\" target=\"_blank\" rel=\"noopener noreferrer\">Zufriedenheitsgarantie<\/a>: Sollten Sie nach Ihrem ersten Spanisch-Unterrichtstag nicht mit uns zufrieden sein, so finden wir gemeinsam eine L\u00f6sung oder stornieren Ihre Anmeldung ohne finanziellen Aufwand.<\/p>\n<p>Vereinbaren Sie ein unverbindliches Beratungsgespr\u00e4ch mit uns unter <a href=\"mailto:info@clase-barcelona.com\">info@clase-barcelona.com<\/a>. Wir freuen uns auf Sie![\/vc_column_text][vc_single_image image=&#8221;2908&#8243; img_size=&#8221;full&#8221; alignment=&#8221;center&#8221; style=&#8221;vc_box_outline&#8221;][\/vc_column][\/vc_row]<\/p>\n","protected":false},"excerpt":{"rendered":"<p>[vc_row css=&#8221;.vc_custom_1494011534461{padding-bottom: 30px !important;}&#8221;][vc_column][vc_column_text] Spanischkurse am Abend an der CBLS (Clase Barcelona Language School) Sie leben in Barcelona und arbeiten tags\u00fcber? Lernen oder verbessern Sie ihr Spanisch in den Sprachkursen &#8220;Spanisch am Abend&#8221;! Der Sprachkurs am Abend findet zwischen 19:00Uhr und 22:00Uhr statt und wird zeitlich und inhaltlich individuell auf die Lerngruppe zugeschnitten. Spanisch am&hellip; <a class=\"read-more\" href=\"https:\/\/www.academia-barcelona.com\/de\/spanischkurse\/spanisch-am-abend\/\" title=\"Read Spanisch am Abend\">Read more &raquo;<\/a><\/p>\n","protected":false},"author":3,"featured_media":0,"parent":818,"menu_order":0,"comment_status":"closed","ping_status":"closed","template":"","meta":{"footnotes":""},"class_list":["post-863","page","type-page","status-publish","hentry"],"yoast_head":"<!-- This site is optimized with the Yoast SEO plugin v27.1.1 - https:\/\/yoast.com\/product\/yoast-seo-wordpress\/ -->\n<title>Spanisch am Abend Sprachkurs Barcelona<\/title>\n<meta name=\"description\" content=\"Spanisch am Abend: Lernen Sie oder verbessern Sie ihr Spanisch in den Spanischkursen der CBLS (Clase Barcelona Language School) am Abend ab 19 Uhr...\" \/>\n<meta name=\"robots\" content=\"index, follow, max-snippet:-1, max-image-preview:large, max-video-preview:-1\" \/>\n<link rel=\"canonical\" href=\"https:\/\/www.academia-barcelona.com\/de\/spanischkurse\/spanisch-am-abend\/\" \/>\n<meta property=\"og:locale\" content=\"de_DE\" \/>\n<meta property=\"og:type\" content=\"article\" \/>\n<meta property=\"og:title\" content=\"Spanisch am Abend Sprachkurs Barcelona\" \/>\n<meta property=\"og:description\" content=\"Spanisch am Abend: Lernen Sie oder verbessern Sie ihr Spanisch in den Spanischkursen der CBLS (Clase Barcelona Language School) am Abend ab 19 Uhr...\" \/>\n<meta property=\"og:url\" content=\"https:\/\/www.academia-barcelona.com\/de\/spanischkurse\/spanisch-am-abend\/\" \/>\n<meta property=\"article:modified_time\" content=\"2021-11-08T07:25:59+00:00\" \/>\n<meta name=\"twitter:card\" content=\"summary_large_image\" \/>\n<meta name=\"twitter:label1\" content=\"Gesch\u00e4tzte Lesezeit\" \/>\n\t<meta name=\"twitter:data1\" content=\"2\u00a0Minuten\" \/>\n<script type=\"application\/ld+json\" class=\"yoast-schema-graph\">{\"@context\":\"https:\/\/schema.org\",\"@graph\":[{\"@type\":\"WebPage\",\"@id\":\"https:\/\/www.academia-barcelona.com\/de\/spanischkurse\/spanisch-am-abend\/\",\"url\":\"https:\/\/www.academia-barcelona.com\/de\/spanischkurse\/spanisch-am-abend\/\",\"name\":\"Spanisch am Abend Sprachkurs Barcelona\",\"isPartOf\":{\"@id\":\"https:\/\/www.academia-barcelona.com\/#website\"},\"datePublished\":\"2015-12-07T18:15:15+00:00\",\"dateModified\":\"2021-11-08T07:25:59+00:00\",\"description\":\"Spanisch am Abend: Lernen Sie oder verbessern Sie ihr Spanisch in den Spanischkursen der CBLS (Clase Barcelona Language School) am Abend ab 19 Uhr...\",\"breadcrumb\":{\"@id\":\"https:\/\/www.academia-barcelona.com\/de\/spanischkurse\/spanisch-am-abend\/#breadcrumb\"},\"inLanguage\":\"de\",\"potentialAction\":[{\"@type\":\"ReadAction\",\"target\":[\"https:\/\/www.academia-barcelona.com\/de\/spanischkurse\/spanisch-am-abend\/\"]}]},{\"@type\":\"BreadcrumbList\",\"@id\":\"https:\/\/www.academia-barcelona.com\/de\/spanischkurse\/spanisch-am-abend\/#breadcrumb\",\"itemListElement\":[{\"@type\":\"ListItem\",\"position\":1,\"name\":\"Spanischkurse\",\"item\":\"https:\/\/www.academia-barcelona.com\/de\/spanischkurse\/\"},{\"@type\":\"ListItem\",\"position\":2,\"name\":\"Spanisch am Abend\"}]},{\"@type\":\"WebSite\",\"@id\":\"https:\/\/www.academia-barcelona.com\/#website\",\"url\":\"https:\/\/www.academia-barcelona.com\/\",\"name\":\"\",\"description\":\"\",\"potentialAction\":[{\"@type\":\"SearchAction\",\"target\":{\"@type\":\"EntryPoint\",\"urlTemplate\":\"https:\/\/www.academia-barcelona.com\/?s={search_term_string}\"},\"query-input\":{\"@type\":\"PropertyValueSpecification\",\"valueRequired\":true,\"valueName\":\"search_term_string\"}}],\"inLanguage\":\"de\"}]}<\/script>\n<!-- \/ Yoast SEO plugin. -->","yoast_head_json":{"title":"Spanisch am Abend Sprachkurs Barcelona","description":"Spanisch am Abend: Lernen Sie oder verbessern Sie ihr Spanisch in den Spanischkursen der CBLS (Clase Barcelona Language School) am Abend ab 19 Uhr...","robots":{"index":"index","follow":"follow","max-snippet":"max-snippet:-1","max-image-preview":"max-image-preview:large","max-video-preview":"max-video-preview:-1"},"canonical":"https:\/\/www.academia-barcelona.com\/de\/spanischkurse\/spanisch-am-abend\/","og_locale":"de_DE","og_type":"article","og_title":"Spanisch am Abend Sprachkurs Barcelona","og_description":"Spanisch am Abend: Lernen Sie oder verbessern Sie ihr Spanisch in den Spanischkursen der CBLS (Clase Barcelona Language School) am Abend ab 19 Uhr...","og_url":"https:\/\/www.academia-barcelona.com\/de\/spanischkurse\/spanisch-am-abend\/","article_modified_time":"2021-11-08T07:25:59+00:00","twitter_card":"summary_large_image","twitter_misc":{"Gesch\u00e4tzte Lesezeit":"2\u00a0Minuten"},"schema":{"@context":"https:\/\/schema.org","@graph":[{"@type":"WebPage","@id":"https:\/\/www.academia-barcelona.com\/de\/spanischkurse\/spanisch-am-abend\/","url":"https:\/\/www.academia-barcelona.com\/de\/spanischkurse\/spanisch-am-abend\/","name":"Spanisch am Abend Sprachkurs Barcelona","isPartOf":{"@id":"https:\/\/www.academia-barcelona.com\/#website"},"datePublished":"2015-12-07T18:15:15+00:00","dateModified":"2021-11-08T07:25:59+00:00","description":"Spanisch am Abend: Lernen Sie oder verbessern Sie ihr Spanisch in den Spanischkursen der CBLS (Clase Barcelona Language School) am Abend ab 19 Uhr...","breadcrumb":{"@id":"https:\/\/www.academia-barcelona.com\/de\/spanischkurse\/spanisch-am-abend\/#breadcrumb"},"inLanguage":"de","potentialAction":[{"@type":"ReadAction","target":["https:\/\/www.academia-barcelona.com\/de\/spanischkurse\/spanisch-am-abend\/"]}]},{"@type":"BreadcrumbList","@id":"https:\/\/www.academia-barcelona.com\/de\/spanischkurse\/spanisch-am-abend\/#breadcrumb","itemListElement":[{"@type":"ListItem","position":1,"name":"Spanischkurse","item":"https:\/\/www.academia-barcelona.com\/de\/spanischkurse\/"},{"@type":"ListItem","position":2,"name":"Spanisch am Abend"}]},{"@type":"WebSite","@id":"https:\/\/www.academia-barcelona.com\/#website","url":"https:\/\/www.academia-barcelona.com\/","name":"","description":"","potentialAction":[{"@type":"SearchAction","target":{"@type":"EntryPoint","urlTemplate":"https:\/\/www.academia-barcelona.com\/?s={search_term_string}"},"query-input":{"@type":"PropertyValueSpecification","valueRequired":true,"valueName":"search_term_string"}}],"inLanguage":"de"}]}},"_links":{"self":[{"href":"https:\/\/www.academia-barcelona.com\/de\/wp-json\/wp\/v2\/pages\/863","targetHints":{"allow":["GET"]}}],"collection":[{"href":"https:\/\/www.academia-barcelona.com\/de\/wp-json\/wp\/v2\/pages"}],"about":[{"href":"https:\/\/www.academia-barcelona.com\/de\/wp-json\/wp\/v2\/types\/page"}],"author":[{"embeddable":true,"href":"https:\/\/www.academia-barcelona.com\/de\/wp-json\/wp\/v2\/users\/3"}],"replies":[{"embeddable":true,"href":"https:\/\/www.academia-barcelona.com\/de\/wp-json\/wp\/v2\/comments?post=863"}],"version-history":[{"count":8,"href":"https:\/\/www.academia-barcelona.com\/de\/wp-json\/wp\/v2\/pages\/863\/revisions"}],"predecessor-version":[{"id":13804,"href":"https:\/\/www.academia-barcelona.com\/de\/wp-json\/wp\/v2\/pages\/863\/revisions\/13804"}],"up":[{"embeddable":true,"href":"https:\/\/www.academia-barcelona.com\/de\/wp-json\/wp\/v2\/pages\/818"}],"wp:attachment":[{"href":"https:\/\/www.academia-barcelona.com\/de\/wp-json\/wp\/v2\/media?parent=863"}],"curies":[{"name":"wp","href":"https:\/\/api.w.org\/{rel}","templated":true}]}}