{"id":861,"date":"2015-12-07T18:12:22","date_gmt":"2015-12-07T18:12:22","guid":{"rendered":"http:\/\/www.barcelona-sprachschule.de\/?page_id=861"},"modified":"2022-05-19T04:02:38","modified_gmt":"2022-05-19T04:02:38","slug":"spanisch-privatunterricht","status":"publish","type":"page","link":"https:\/\/www.academia-barcelona.com\/de\/spanischkurse\/spanisch-privatunterricht\/","title":{"rendered":"Spanisch Einzelunterricht"},"content":{"rendered":"<p>[vc_row css=&#8221;.vc_custom_1619208329773{margin-top: 30px !important;padding-bottom: 30px !important;}&#8221;][vc_column][vc_column_text]<\/p>\n<h1>Spanisch Privatunterricht in Barcelona &#8211; bei Ihnen zu Hause!<\/h1>\n<h2>Einzelunterricht Spanisch von A1 bis C2 &#8211; vor Ort oder Online<\/h2>\n<p>Unser Spanisch Privatunterricht in Barcelona ist passgenau auf Ihre Bed\u00fcrfnisse und W\u00fcnsche zugeschnitten. Sie teilen uns Ihre Terminw\u00fcnsche mit und entscheiden, ob Sie in unserer Schule, bei sich zu Hause oder online lernen m\u00f6chten. Der Unterricht findet in einer pers\u00f6nlichen Atmosph\u00e4re statt, mit einer sympathischen hochprofessionellen Lehrkraft, die Sie individuell f\u00f6rdert.<\/p>\n<p><a href=\"https:\/\/www.academia-barcelona.com\/de\/kontakt\/\"><img decoding=\"async\" class=\"alignnone size-full wp-image-10292\" src=\"https:\/\/www.academia-barcelona.com\/wp-content\/uploads\/2018\/05\/Anfrage-Spanisch-lernen-Barcelona.png\" alt=\"Spanisch Einzelunterricht\" width=\"291\" height=\"70\" \/><\/a>[\/vc_column_text][\/vc_column][\/vc_row][vc_row full_width=&#8221;stretch_row&#8221; css=&#8221;.vc_custom_1493920535018{padding-top: 30px !important;padding-bottom: 30px !important;background-color: #f9f9f9 !important;}&#8221;][vc_column width=&#8221;1\/2&#8243;][vc_single_image image=&#8221;13316&#8243; img_size=&#8221;full&#8221; alignment=&#8221;center&#8221; style=&#8221;vc_box_outline&#8221;][\/vc_column][vc_column width=&#8221;1\/2&#8243;][vc_column_text]<\/p>\n<h2>Spanisch Einzelunterricht mit Erfolgsgarantie<\/h2>\n<p>Sie haben wenig Zeit und m\u00f6chten trotzdem schnell und intensiv Spanisch lernen bzw. ihr Spanisch verbessern? Dann ist Einzelunterricht ideal f\u00fcr Sie. Einzelunterricht ist eine Erfolgsgarantie, weil Ihr Sprachtrainer sich voll und ganz auf Sie konzentrieren und Ihnen helfen kann, gezielt Ihre Wissensl\u00fccken zu schlie\u00dfen.[\/vc_column_text][\/vc_column][\/vc_row][vc_row css=&#8221;.vc_custom_1493920541620{padding-top: 30px !important;padding-bottom: 30px !important;}&#8221;][vc_column][vc_column_text]<\/p>\n<h2>Spanisch Einzelunterricht \u2013 flexibel und g\u00fcnstig<\/h2>\n<p>In der &#8220;Academia de idiomas Barcelona&#8221; sind Spanisch Privatstunden preisg\u00fcnstig und bieten Ihnen volle Flexibilit\u00e4t. M\u00f6chten Sie Ihren Sprachlehrer bei Ihnen zuhause, in Ihrer Firma oder doch lieber online treffen? M\u00f6chten Sie Spanisch Einzelunterricht am Samstag oder Sonntag? F\u00fcr uns ist das kein Problem. Wir passen uns gern Ihrem Terminkalender und Ihren W\u00fcnschen an.[\/vc_column_text][vc_column_text]<\/p>\n<h2>Spanisch Privatunterricht \u2013 Preise<\/h2>\n<ul>\n<li>Dauer: wie gew\u00fcnscht<\/li>\n<li>Kurzeiten: frei w\u00e4hlbar zwischen Montag und Sonntag<\/li>\n<li>Kursstufen: A1 \u2013 C2<\/li>\n<\/ul>\n<p><strong>Preise:<\/strong> <strong>Je mehr Unterrichtseinheiten Sie buchen, desto g\u00fcnstiger der Preis!<\/strong><\/p>\n<ul>\n<li>Ab 10 Unterrichtseinheiten: 40 Euro pro UE<\/li>\n<li>Ab 20 Unterrichtseinheiten: 38 Euro pro UE<\/li>\n<li>Ab 30 Unterrichtseinheiten: 36 Euro pro UE<\/li>\n<\/ul>\n<p>[\/vc_column_text][\/vc_column][\/vc_row][vc_row full_width=&#8221;stretch_row&#8221; css=&#8221;.vc_custom_1493920547445{padding-top: 30px !important;padding-bottom: 30px !important;background-color: #f9f9f9 !important;}&#8221;][vc_column][vc_column_text]<\/p>\n<h2>Ma\u00dfgeschneiderter Unterricht mit einem Spanisch Privatlehrer<\/h2>\n<p>[\/vc_column_text][vc_single_image image=&#8221;13329&#8243; img_size=&#8221;full&#8221; alignment=&#8221;center&#8221; style=&#8221;vc_box_outline&#8221;][vc_column_text]Wenn Sie bei uns einen Spanisch-Privatkurs buchen, ist der Unterricht speziell f\u00fcr Sie konzipiert, damit Sie so schnell wie m\u00f6glich Ihr pers\u00f6nliches Lernziel erreichen. M\u00f6chten Sie Spanisch f\u00fcr den Urlaub oder Spanisch f\u00fcr den Beruf lernen? Vielleicht haben Sie einen Beruf, f\u00fcr den man ganz spezielles Vokabular braucht? Oder m\u00f6chten Sie einfach Spanisch Sprechen \u00fcben? Auch einen privaten Vorbereitungskurs f\u00fcr die Sprachpr\u00fcfungen DELE oder telc bieten wir Ihnen gern an. Teilen Sie uns Ihre W\u00fcnsche, Erwartungen und am besten auch Ihr Niveau bei der Anmeldung mit! Ihr Spanisch-Privatlehrer wird Ihnen dann Unterrichtsmaterial und Texte mitbringen, die Ihren Interessen entsprechen.[\/vc_column_text][vc_column_text css=&#8221;.vc_custom_1625574483858{padding-top: 20px !important;}&#8221;]<\/p>\n<h2>Spanisch Einzelunterricht \u2013 auch online oder bei Ihnen zuhause<\/h2>\n<p>M\u00f6chten Sie, dass Ihr Spanisch Privatlehrer zu Ihnen nach Hause oder in die Firma kommt? Kein Problem. Wenn Sie im Stadtgebiet von Barcelona leben, ist das ohne Aufpreis m\u00f6glich, anderenfalls machen wir Ihnen ein faires Angebot f\u00fcr die Transferkosten. Falls Sie weiter weg wohnen oder sehr wenig Zeit haben, k\u00f6nnte aber auch ein Spanisch Online-Einzelkurs die richtige Wahl f\u00fcr Sie sein. Treffen Sie Ihren Spanisch-Trainer im Chatroom (z.B. \u00fcber Skype, googlemeet oder Microsoft Teams) und lassen Sie sich die Hausaufgaben einfach per E-Mail senden.[\/vc_column_text]\t<div class=\"vc_btn3-container vc_btn3-inline\">\n\t\t<a href=\"https:\/\/www.academia-barcelona.com\/de\/anmeldung\/\" class=\"pgs_btn pgs_btn_style_1 pgs_btn_lg\">\n\t\t\t<span>\n\t\t\t\tJetzt anmelden!\t\t\t<\/span>\n\t\t\t\t\t<\/a>\n\t<\/div>\n\t[\/vc_column][\/vc_row][vc_row css=&#8221;.vc_custom_1493920556402{padding-top: 30px !important;padding-bottom: 30px !important;}&#8221;][vc_column][vc_column_text]<\/p>\n<h2>Spanisch Privatunterricht mit kostenloser Probestunde<\/h2>\n<p>Sie m\u00f6chten in unserer &#8220;Academia de idiomas Barcelona&#8221; ein Paket von Spanisch Privatstunden buchen, aber Sie sind noch nicht 100%ig sicher? Wir bieten Ihnen eine kostenlose Probestunde an. So k\u00f6nnen Sie die Lehrkraft und ihre Methoden kennenlernen.\u00a0\u00dcberzeugen Sie sich vom Engagement unserer Lehrkr\u00e4fte und von der Qualit\u00e4t ihres Unterrichts!<\/p>\n<p>Vereinbaren Sie ein unverbindliches Beratungsgespr\u00e4ch und eine kostenlose Probestunde unter <a href=\"mailto:barcelona@sprachschule-aktiv.de\">barcelona@sprachschule-aktiv.de<\/a> oder rufen Sie uns einfach per WhatsApp an:+ 49 &#8211; 15123982453<\/p>\n<p>Wir freuen uns auf Sie![\/vc_column_text][\/vc_column][\/vc_row]<\/p>\n","protected":false},"excerpt":{"rendered":"<p>[vc_row css=&#8221;.vc_custom_1619208329773{margin-top: 30px !important;padding-bottom: 30px !important;}&#8221;][vc_column][vc_column_text] Spanisch Privatunterricht in Barcelona &#8211; bei Ihnen zu Hause! Einzelunterricht Spanisch von A1 bis C2 &#8211; vor Ort oder Online Unser Spanisch Privatunterricht in Barcelona ist passgenau auf Ihre Bed\u00fcrfnisse und W\u00fcnsche zugeschnitten. Sie teilen uns Ihre Terminw\u00fcnsche mit und entscheiden, ob Sie in unserer Schule, bei sich zu&hellip; <a class=\"read-more\" href=\"https:\/\/www.academia-barcelona.com\/de\/spanischkurse\/spanisch-privatunterricht\/\" title=\"Read Spanisch Einzelunterricht\">Read more &raquo;<\/a><\/p>\n","protected":false},"author":3,"featured_media":0,"parent":818,"menu_order":0,"comment_status":"closed","ping_status":"closed","template":"","meta":{"footnotes":""},"class_list":["post-861","page","type-page","status-publish","hentry"],"yoast_head":"<!-- This site is optimized with the Yoast SEO plugin v27.1.1 - https:\/\/yoast.com\/product\/yoast-seo-wordpress\/ -->\n<title>Spanisch Privatunterricht in Barcelona - A1 bis C2<\/title>\n<meta name=\"description\" content=\"Spanisch Privatunterricht f\u00fcr Anf\u00e4nger &amp; Fortgeschrittene A1 bis C2. Einzelunterricht bei Ihnen zu Hause oder vor Ort. Auch Onlinekurse!\" \/>\n<meta name=\"robots\" content=\"index, follow, max-snippet:-1, max-image-preview:large, max-video-preview:-1\" \/>\n<link rel=\"canonical\" href=\"https:\/\/www.academia-barcelona.com\/de\/spanischkurse\/spanisch-privatunterricht\/\" \/>\n<meta property=\"og:locale\" content=\"de_DE\" \/>\n<meta property=\"og:type\" content=\"article\" \/>\n<meta property=\"og:title\" content=\"Spanisch Privatunterricht in Barcelona - A1 bis C2\" \/>\n<meta property=\"og:description\" content=\"Spanisch Privatunterricht f\u00fcr Anf\u00e4nger &amp; Fortgeschrittene A1 bis C2. Einzelunterricht bei Ihnen zu Hause oder vor Ort. Auch Onlinekurse!\" \/>\n<meta property=\"og:url\" content=\"https:\/\/www.academia-barcelona.com\/de\/spanischkurse\/spanisch-privatunterricht\/\" \/>\n<meta property=\"article:modified_time\" content=\"2022-05-19T04:02:38+00:00\" \/>\n<meta property=\"og:image\" content=\"https:\/\/www.academia-barcelona.com\/wp-content\/uploads\/2018\/05\/Anfrage-Spanisch-lernen-Barcelona.png\" \/>\n<meta name=\"twitter:card\" content=\"summary_large_image\" \/>\n<meta name=\"twitter:label1\" content=\"Gesch\u00e4tzte Lesezeit\" \/>\n\t<meta name=\"twitter:data1\" content=\"3\u00a0Minuten\" \/>\n<script type=\"application\/ld+json\" class=\"yoast-schema-graph\">{\"@context\":\"https:\/\/schema.org\",\"@graph\":[{\"@type\":\"WebPage\",\"@id\":\"https:\/\/www.academia-barcelona.com\/de\/spanischkurse\/spanisch-privatunterricht\/\",\"url\":\"https:\/\/www.academia-barcelona.com\/de\/spanischkurse\/spanisch-privatunterricht\/\",\"name\":\"Spanisch Privatunterricht in Barcelona - A1 bis C2\",\"isPartOf\":{\"@id\":\"https:\/\/www.academia-barcelona.com\/#website\"},\"primaryImageOfPage\":{\"@id\":\"https:\/\/www.academia-barcelona.com\/de\/spanischkurse\/spanisch-privatunterricht\/#primaryimage\"},\"image\":{\"@id\":\"https:\/\/www.academia-barcelona.com\/de\/spanischkurse\/spanisch-privatunterricht\/#primaryimage\"},\"thumbnailUrl\":\"https:\/\/www.academia-barcelona.com\/wp-content\/uploads\/2018\/05\/Anfrage-Spanisch-lernen-Barcelona.png\",\"datePublished\":\"2015-12-07T18:12:22+00:00\",\"dateModified\":\"2022-05-19T04:02:38+00:00\",\"description\":\"Spanisch Privatunterricht f\u00fcr Anf\u00e4nger & Fortgeschrittene A1 bis C2. Einzelunterricht bei Ihnen zu Hause oder vor Ort. Auch Onlinekurse!\",\"breadcrumb\":{\"@id\":\"https:\/\/www.academia-barcelona.com\/de\/spanischkurse\/spanisch-privatunterricht\/#breadcrumb\"},\"inLanguage\":\"de\",\"potentialAction\":[{\"@type\":\"ReadAction\",\"target\":[\"https:\/\/www.academia-barcelona.com\/de\/spanischkurse\/spanisch-privatunterricht\/\"]}]},{\"@type\":\"ImageObject\",\"inLanguage\":\"de\",\"@id\":\"https:\/\/www.academia-barcelona.com\/de\/spanischkurse\/spanisch-privatunterricht\/#primaryimage\",\"url\":\"https:\/\/www.academia-barcelona.com\/wp-content\/uploads\/2018\/05\/Anfrage-Spanisch-lernen-Barcelona.png\",\"contentUrl\":\"https:\/\/www.academia-barcelona.com\/wp-content\/uploads\/2018\/05\/Anfrage-Spanisch-lernen-Barcelona.png\"},{\"@type\":\"BreadcrumbList\",\"@id\":\"https:\/\/www.academia-barcelona.com\/de\/spanischkurse\/spanisch-privatunterricht\/#breadcrumb\",\"itemListElement\":[{\"@type\":\"ListItem\",\"position\":1,\"name\":\"Spanischkurse\",\"item\":\"https:\/\/www.academia-barcelona.com\/de\/spanischkurse\/\"},{\"@type\":\"ListItem\",\"position\":2,\"name\":\"Spanisch Einzelunterricht\"}]},{\"@type\":\"WebSite\",\"@id\":\"https:\/\/www.academia-barcelona.com\/#website\",\"url\":\"https:\/\/www.academia-barcelona.com\/\",\"name\":\"\",\"description\":\"\",\"potentialAction\":[{\"@type\":\"SearchAction\",\"target\":{\"@type\":\"EntryPoint\",\"urlTemplate\":\"https:\/\/www.academia-barcelona.com\/?s={search_term_string}\"},\"query-input\":{\"@type\":\"PropertyValueSpecification\",\"valueRequired\":true,\"valueName\":\"search_term_string\"}}],\"inLanguage\":\"de\"}]}<\/script>\n<!-- \/ Yoast SEO plugin. -->","yoast_head_json":{"title":"Spanisch Privatunterricht in Barcelona - A1 bis C2","description":"Spanisch Privatunterricht f\u00fcr Anf\u00e4nger & Fortgeschrittene A1 bis C2. Einzelunterricht bei Ihnen zu Hause oder vor Ort. Auch Onlinekurse!","robots":{"index":"index","follow":"follow","max-snippet":"max-snippet:-1","max-image-preview":"max-image-preview:large","max-video-preview":"max-video-preview:-1"},"canonical":"https:\/\/www.academia-barcelona.com\/de\/spanischkurse\/spanisch-privatunterricht\/","og_locale":"de_DE","og_type":"article","og_title":"Spanisch Privatunterricht in Barcelona - A1 bis C2","og_description":"Spanisch Privatunterricht f\u00fcr Anf\u00e4nger & Fortgeschrittene A1 bis C2. Einzelunterricht bei Ihnen zu Hause oder vor Ort. Auch Onlinekurse!","og_url":"https:\/\/www.academia-barcelona.com\/de\/spanischkurse\/spanisch-privatunterricht\/","article_modified_time":"2022-05-19T04:02:38+00:00","og_image":[{"url":"https:\/\/www.academia-barcelona.com\/wp-content\/uploads\/2018\/05\/Anfrage-Spanisch-lernen-Barcelona.png","type":"","width":"","height":""}],"twitter_card":"summary_large_image","twitter_misc":{"Gesch\u00e4tzte Lesezeit":"3\u00a0Minuten"},"schema":{"@context":"https:\/\/schema.org","@graph":[{"@type":"WebPage","@id":"https:\/\/www.academia-barcelona.com\/de\/spanischkurse\/spanisch-privatunterricht\/","url":"https:\/\/www.academia-barcelona.com\/de\/spanischkurse\/spanisch-privatunterricht\/","name":"Spanisch Privatunterricht in Barcelona - A1 bis C2","isPartOf":{"@id":"https:\/\/www.academia-barcelona.com\/#website"},"primaryImageOfPage":{"@id":"https:\/\/www.academia-barcelona.com\/de\/spanischkurse\/spanisch-privatunterricht\/#primaryimage"},"image":{"@id":"https:\/\/www.academia-barcelona.com\/de\/spanischkurse\/spanisch-privatunterricht\/#primaryimage"},"thumbnailUrl":"https:\/\/www.academia-barcelona.com\/wp-content\/uploads\/2018\/05\/Anfrage-Spanisch-lernen-Barcelona.png","datePublished":"2015-12-07T18:12:22+00:00","dateModified":"2022-05-19T04:02:38+00:00","description":"Spanisch Privatunterricht f\u00fcr Anf\u00e4nger & Fortgeschrittene A1 bis C2. Einzelunterricht bei Ihnen zu Hause oder vor Ort. Auch Onlinekurse!","breadcrumb":{"@id":"https:\/\/www.academia-barcelona.com\/de\/spanischkurse\/spanisch-privatunterricht\/#breadcrumb"},"inLanguage":"de","potentialAction":[{"@type":"ReadAction","target":["https:\/\/www.academia-barcelona.com\/de\/spanischkurse\/spanisch-privatunterricht\/"]}]},{"@type":"ImageObject","inLanguage":"de","@id":"https:\/\/www.academia-barcelona.com\/de\/spanischkurse\/spanisch-privatunterricht\/#primaryimage","url":"https:\/\/www.academia-barcelona.com\/wp-content\/uploads\/2018\/05\/Anfrage-Spanisch-lernen-Barcelona.png","contentUrl":"https:\/\/www.academia-barcelona.com\/wp-content\/uploads\/2018\/05\/Anfrage-Spanisch-lernen-Barcelona.png"},{"@type":"BreadcrumbList","@id":"https:\/\/www.academia-barcelona.com\/de\/spanischkurse\/spanisch-privatunterricht\/#breadcrumb","itemListElement":[{"@type":"ListItem","position":1,"name":"Spanischkurse","item":"https:\/\/www.academia-barcelona.com\/de\/spanischkurse\/"},{"@type":"ListItem","position":2,"name":"Spanisch Einzelunterricht"}]},{"@type":"WebSite","@id":"https:\/\/www.academia-barcelona.com\/#website","url":"https:\/\/www.academia-barcelona.com\/","name":"","description":"","potentialAction":[{"@type":"SearchAction","target":{"@type":"EntryPoint","urlTemplate":"https:\/\/www.academia-barcelona.com\/?s={search_term_string}"},"query-input":{"@type":"PropertyValueSpecification","valueRequired":true,"valueName":"search_term_string"}}],"inLanguage":"de"}]}},"_links":{"self":[{"href":"https:\/\/www.academia-barcelona.com\/de\/wp-json\/wp\/v2\/pages\/861","targetHints":{"allow":["GET"]}}],"collection":[{"href":"https:\/\/www.academia-barcelona.com\/de\/wp-json\/wp\/v2\/pages"}],"about":[{"href":"https:\/\/www.academia-barcelona.com\/de\/wp-json\/wp\/v2\/types\/page"}],"author":[{"embeddable":true,"href":"https:\/\/www.academia-barcelona.com\/de\/wp-json\/wp\/v2\/users\/3"}],"replies":[{"embeddable":true,"href":"https:\/\/www.academia-barcelona.com\/de\/wp-json\/wp\/v2\/comments?post=861"}],"version-history":[{"count":64,"href":"https:\/\/www.academia-barcelona.com\/de\/wp-json\/wp\/v2\/pages\/861\/revisions"}],"predecessor-version":[{"id":14849,"href":"https:\/\/www.academia-barcelona.com\/de\/wp-json\/wp\/v2\/pages\/861\/revisions\/14849"}],"up":[{"embeddable":true,"href":"https:\/\/www.academia-barcelona.com\/de\/wp-json\/wp\/v2\/pages\/818"}],"wp:attachment":[{"href":"https:\/\/www.academia-barcelona.com\/de\/wp-json\/wp\/v2\/media?parent=861"}],"curies":[{"name":"wp","href":"https:\/\/api.w.org\/{rel}","templated":true}]}}