{"id":859,"date":"2015-12-07T18:10:29","date_gmt":"2015-12-07T18:10:29","guid":{"rendered":"http:\/\/www.barcelona-sprachschule.de\/?page_id=859"},"modified":"2021-11-08T07:24:51","modified_gmt":"2021-11-08T07:24:51","slug":"spanisch-paarunterricht","status":"publish","type":"page","link":"https:\/\/www.academia-barcelona.com\/de\/spanischkurse\/spanisch-paarunterricht\/","title":{"rendered":"Spanisch Paarkurse"},"content":{"rendered":"<p>[vc_row css=&#8221;.vc_custom_1493920776540{padding-bottom: 30px !important;}&#8221;][vc_column][vc_column_text]<\/p>\n<h1>Spanisch Privatkurs zu zweit an der Academia Barcelona<\/h1>\n<p>Unsere Paarkurse in Barcelona sind ein Geheimtipp f\u00fcr alle, die intensiv Spanisch lernen und dabei sparen m\u00f6chten. In der &#8220;Academia de idiomas Barcelona&#8221; k\u00f6nnen Sie sich einen Spanisch Privatlehrer zu zweit teilen. Sie k\u00f6nnen also einen Paarkurs gemeinsam mit Ihrem Partner, einem Freund oder Kollegen besuchen \u2013 online oder als Pr\u00e4senzkurs in Barcelona. Die Unterrichtszeiten legen Sie flexibel fest, die Unterrichtsinhalte passen wir Ihrem Sprachniveau und Ihrem Terminkalender an.<\/p>\n<a href=\"https:\/\/www.academia-barcelona.com\/de\/kontakt\/\"><img decoding=\"async\" class=\"alignnone size-full wp-image-10292\" src=\"https:\/\/www.academia-barcelona.com\/wp-content\/uploads\/2018\/05\/Anfrage-Spanisch-lernen-Barcelona.png\" alt=\"Spanisch Privatkurs zu zweit an der Academia Barcelona\" width=\"291\" height=\"70\" \/><\/a>\n<p>Sie m\u00f6chten zu zweit Spanisch in Barcelona lernen, aber haben keinen Partner? Schreiben Sie uns eine E-Mail an <a href=\"mailto:barcelona@sprachschule-aktiv.de\">barcelona@sprachschule-aktiv.de<\/a> und wir suchen kostenlos nach einem geeigneten Sprachkurs-Partner f\u00fcr Sie![\/vc_column_text][\/vc_column][\/vc_row][vc_row full_width=&#8221;stretch_row&#8221; css=&#8221;.vc_custom_1493920843637{padding-top: 30px !important;padding-bottom: 30px !important;background-color: #f9f9f9 !important;}&#8221;][vc_column][vc_column_text]<\/p>\n<h2>Spanisch Privatunterricht f\u00fcr zwei Personen \u2013 die Vorteile<\/h2>\n<p>Ein Spanisch Privatkurs zu zweit an der &#8220;Academia Barcelona&#8221;, vereint die Vorteile von Einzelunterricht mit denen eines Gruppenkurses. Wie beim Einzelunterricht genie\u00dfen die volle Flexibilit\u00e4t: Sie nennen uns Ihre Terminw\u00fcnsche, sie bestimmen die Kursdauer und den Kursort, z.B. bei Ihnen zuhause oder online. Zugleich profitieren Sie \u2013 \u00e4hnlich wie bei einem Gruppenkurs \u2013 von einem \u00a0g\u00fcnstigen Preis und von der Dynamik, die sich ergibt, wenn zwei Kursteilnehmer interagieren und gemeinsam Dialoge \u00fcben k\u00f6nnen.<\/p>\n<p>Haben Sie bestimmte Vorstellungen, was die Kursinhalte betrifft? M\u00f6chten Sie z.B. Spanisch f\u00fcr den Urlaub oder Spanisch f\u00fcr den Beruf lernen? M\u00f6chten Sie einen Konversationskurs oder einen Kurs zur Vorbereitung auf die DELE oder telc Pr\u00fcfung? \u00a0Teilen Sie uns das einfach bei der Anmeldung mit! Im Spanisch Paarkurs richten wir uns ganz nach Ihren W\u00fcnschen.[\/vc_column_text][\/vc_column][\/vc_row][vc_row full_width=&#8221;stretch_row&#8221; css=&#8221;.vc_custom_1493920939714{padding-top: 30px !important;padding-bottom: 30px !important;}&#8221;][vc_column][vc_column_text]<strong>Spanisch mit Partner \u2013 Termine und Preise<\/strong><\/p>\n<p><strong>Termine:<\/strong> flexibel, zwischen Montag und Sonntag<\/p>\n<p><strong>Dauer:<\/strong>\u00a0flexibel, nach Wunsch<\/p>\n<p><strong>Preise:<\/strong><\/p>\n<p>Je mehr Unterrichtseinheiten Sie buchen, desto g\u00fcnstiger der Preis!<\/p>\n<ul>\n<li>Ab 10 Unterrichtseinheiten: 40 Euro pro UE<\/li>\n<li>Ab 20 Unterrichtseinheiten: 38 Euro pro UE<\/li>\n<li>Ab 30 Unterrichtseinheiten: 36 Euro pro UE<\/li>\n<\/ul>\n<p>[\/vc_column_text][vc_column_text]<\/p>\n<h2>Spanischkurs mit Muttersprachlern f\u00fcr alle Niveaus<\/h2>\n<p>Die Spanischlehrer der &#8220;Academia de idiomas Barcelona&#8221; sind sympathische, qualifizierte Spanisch Muttersprachler. Sie schaffen eine angenehme Unterrichtsatmosph\u00e4re, stellen sich auf Ihr bisheriges Sprachniveau ein und helfen Ihnen, Ihr Spanisch auf das n\u00e4chste Level zu bringen.<\/p>\n<p>Sprachniveaus werden nach dem Gemeinsamen Europ\u00e4ischen Referenzrahmen f\u00fcr Sprachen unterteilt in A1 (Anf\u00e4nger), A2, B1, B2, C1 und C2 (fortgeschrittenes akademisches Niveau). Wir bieten Kurse f\u00fcr alle Niveaus an.<\/p>\n<p>Sie haben bereits Vorkenntnisse, wissen aber nicht genau, wie gut Ihr Spanisch ist? Dann machen Sie den <a href=\"https:\/\/www.academia-barcelona.com\/prueba-de-nivel-espanol\/\">kostenlosen Einstufungstest<\/a> auf unserer Webseite und teilen Sie uns das Resultat bei Ihrer Anmeldung gleich mit![\/vc_column_text][vc_column_text]<\/p>\n<h2>Spanisch-Paarunterricht: Preise<\/h2>\n<p>[\/vc_column_text]\t<div class=\"vc_btn3-container vc_btn3-inline\">\n\t\t<a href=\"https:\/\/www.academia-barcelona.com\/precio\/\" class=\"pgs_btn pgs_btn_style_1 pgs_btn_lg\">\n\t\t\t<span>\n\t\t\t\tHier finden Sie die \u00dcbersicht unserer Preise\t\t\t<\/span>\n\t\t\t\t\t\t<i class=\"\"><\/i>\n\t\t\t\t\t<\/a>\n\t<\/div>\n\t[vc_column_text css=&#8221;.vc_custom_1625575509913{padding-top: 20px !important;}&#8221;]<\/p>\n<h2>Spanisch-Partnerkurs \u2013 mit Zufriedenheitsgarantie und Zertifikat<\/h2>\n<p>Egal ob Spanisch Anf\u00e4ngerkurs, Mittelstufe oder Spanisch f\u00fcr Fortgeschrittene \u2013 am Ende des Kurses erhalten Sie von uns stets ein Zertifikat, auf dem das Kursniveau angegeben ist.<\/p>\n<p>Lernen Sie zusammen mit Ihrem Partner, Ihrer Freundin oder Ihrem Kollegen Spanisch in einer authentisch spanischen Atmosph\u00e4re im wundersch\u00f6nen Barcelona! Genie\u00dfen Sie die volle Aufmerksamkeit eines Spanisch Privatlehrers, der nur f\u00fcr Sie beide da ist!<\/p>\n<p>Damit Sie ganz sicher sein k\u00f6nnen, bei uns den richtigen Kurs zu bekommen, gilt unsere Zufriedenheitsgarantie: Sollten Sie nach Ihrem ersten Spanisch-Unterrichtstag nicht mit uns zufrieden sein, so finden gemeinsam mit Ihnen eine L\u00f6sung oder stornieren Ihre Anmeldung ohne finanziellen Aufwand.<\/p>\n<p>Vereinbaren Sie ein unverbindliches Beratungsgespr\u00e4ch mit uns unter <a href=\"mailto:barcelona@sprachschule-aktiv.de\">barcelona@sprachschule-aktiv.de<\/a> oder rufen Sie uns einfach an: +49 151 16474670.<\/p>\n<p>Wir freuen uns auf Sie![\/vc_column_text][\/vc_column][\/vc_row]<\/p>\n","protected":false},"excerpt":{"rendered":"<p>[vc_row css=&#8221;.vc_custom_1493920776540{padding-bottom: 30px !important;}&#8221;][vc_column][vc_column_text] Spanisch Privatkurs zu zweit an der Academia Barcelona Unsere Paarkurse in Barcelona sind ein Geheimtipp f\u00fcr alle, die intensiv Spanisch lernen und dabei sparen m\u00f6chten. In der &#8220;Academia de idiomas Barcelona&#8221; k\u00f6nnen Sie sich einen Spanisch Privatlehrer zu zweit teilen. Sie k\u00f6nnen also einen Paarkurs gemeinsam mit Ihrem Partner, einem Freund&hellip; <a class=\"read-more\" href=\"https:\/\/www.academia-barcelona.com\/de\/spanischkurse\/spanisch-paarunterricht\/\" title=\"Read Spanisch Paarkurse\">Read more &raquo;<\/a><\/p>\n","protected":false},"author":3,"featured_media":0,"parent":818,"menu_order":0,"comment_status":"closed","ping_status":"closed","template":"","meta":{"footnotes":""},"class_list":["post-859","page","type-page","status-publish","hentry"],"yoast_head":"<!-- This site is optimized with the Yoast SEO plugin v27.1.1 - https:\/\/yoast.com\/product\/yoast-seo-wordpress\/ -->\n<title>Spanisch Paarunterricht Sprachkurs Barcelona<\/title>\n<meta name=\"description\" content=\"Individuell auf Ihre Bed\u00fcrfnisse ausgerichteter Spanisch Paarunterricht in Barcelona f\u00fcr vollste Flexibilit\u00e4t\" \/>\n<meta name=\"robots\" content=\"index, follow, max-snippet:-1, max-image-preview:large, max-video-preview:-1\" \/>\n<link rel=\"canonical\" href=\"https:\/\/www.academia-barcelona.com\/de\/spanischkurse\/spanisch-paarunterricht\/\" \/>\n<meta property=\"og:locale\" content=\"de_DE\" \/>\n<meta property=\"og:type\" content=\"article\" \/>\n<meta property=\"og:title\" content=\"Spanisch Paarunterricht Sprachkurs Barcelona\" \/>\n<meta property=\"og:description\" content=\"Individuell auf Ihre Bed\u00fcrfnisse ausgerichteter Spanisch Paarunterricht in Barcelona f\u00fcr vollste Flexibilit\u00e4t\" \/>\n<meta property=\"og:url\" content=\"https:\/\/www.academia-barcelona.com\/de\/spanischkurse\/spanisch-paarunterricht\/\" \/>\n<meta property=\"article:modified_time\" content=\"2021-11-08T07:24:51+00:00\" \/>\n<meta property=\"og:image\" content=\"https:\/\/www.academia-barcelona.com\/wp-content\/uploads\/2018\/05\/Anfrage-Spanisch-lernen-Barcelona.png\" \/>\n<meta name=\"twitter:card\" content=\"summary_large_image\" \/>\n<meta name=\"twitter:label1\" content=\"Gesch\u00e4tzte Lesezeit\" \/>\n\t<meta name=\"twitter:data1\" content=\"3\u00a0Minuten\" \/>\n<script type=\"application\/ld+json\" class=\"yoast-schema-graph\">{\"@context\":\"https:\/\/schema.org\",\"@graph\":[{\"@type\":\"WebPage\",\"@id\":\"https:\/\/www.academia-barcelona.com\/de\/spanischkurse\/spanisch-paarunterricht\/\",\"url\":\"https:\/\/www.academia-barcelona.com\/de\/spanischkurse\/spanisch-paarunterricht\/\",\"name\":\"Spanisch Paarunterricht Sprachkurs Barcelona\",\"isPartOf\":{\"@id\":\"https:\/\/www.academia-barcelona.com\/#website\"},\"primaryImageOfPage\":{\"@id\":\"https:\/\/www.academia-barcelona.com\/de\/spanischkurse\/spanisch-paarunterricht\/#primaryimage\"},\"image\":{\"@id\":\"https:\/\/www.academia-barcelona.com\/de\/spanischkurse\/spanisch-paarunterricht\/#primaryimage\"},\"thumbnailUrl\":\"https:\/\/www.academia-barcelona.com\/wp-content\/uploads\/2018\/05\/Anfrage-Spanisch-lernen-Barcelona.png\",\"datePublished\":\"2015-12-07T18:10:29+00:00\",\"dateModified\":\"2021-11-08T07:24:51+00:00\",\"description\":\"Individuell auf Ihre Bed\u00fcrfnisse ausgerichteter Spanisch Paarunterricht in Barcelona f\u00fcr vollste Flexibilit\u00e4t\",\"breadcrumb\":{\"@id\":\"https:\/\/www.academia-barcelona.com\/de\/spanischkurse\/spanisch-paarunterricht\/#breadcrumb\"},\"inLanguage\":\"de\",\"potentialAction\":[{\"@type\":\"ReadAction\",\"target\":[\"https:\/\/www.academia-barcelona.com\/de\/spanischkurse\/spanisch-paarunterricht\/\"]}]},{\"@type\":\"ImageObject\",\"inLanguage\":\"de\",\"@id\":\"https:\/\/www.academia-barcelona.com\/de\/spanischkurse\/spanisch-paarunterricht\/#primaryimage\",\"url\":\"https:\/\/www.academia-barcelona.com\/wp-content\/uploads\/2018\/05\/Anfrage-Spanisch-lernen-Barcelona.png\",\"contentUrl\":\"https:\/\/www.academia-barcelona.com\/wp-content\/uploads\/2018\/05\/Anfrage-Spanisch-lernen-Barcelona.png\"},{\"@type\":\"BreadcrumbList\",\"@id\":\"https:\/\/www.academia-barcelona.com\/de\/spanischkurse\/spanisch-paarunterricht\/#breadcrumb\",\"itemListElement\":[{\"@type\":\"ListItem\",\"position\":1,\"name\":\"Spanischkurse\",\"item\":\"https:\/\/www.academia-barcelona.com\/de\/spanischkurse\/\"},{\"@type\":\"ListItem\",\"position\":2,\"name\":\"Spanisch Paarkurse\"}]},{\"@type\":\"WebSite\",\"@id\":\"https:\/\/www.academia-barcelona.com\/#website\",\"url\":\"https:\/\/www.academia-barcelona.com\/\",\"name\":\"\",\"description\":\"\",\"potentialAction\":[{\"@type\":\"SearchAction\",\"target\":{\"@type\":\"EntryPoint\",\"urlTemplate\":\"https:\/\/www.academia-barcelona.com\/?s={search_term_string}\"},\"query-input\":{\"@type\":\"PropertyValueSpecification\",\"valueRequired\":true,\"valueName\":\"search_term_string\"}}],\"inLanguage\":\"de\"}]}<\/script>\n<!-- \/ Yoast SEO plugin. -->","yoast_head_json":{"title":"Spanisch Paarunterricht Sprachkurs Barcelona","description":"Individuell auf Ihre Bed\u00fcrfnisse ausgerichteter Spanisch Paarunterricht in Barcelona f\u00fcr vollste Flexibilit\u00e4t","robots":{"index":"index","follow":"follow","max-snippet":"max-snippet:-1","max-image-preview":"max-image-preview:large","max-video-preview":"max-video-preview:-1"},"canonical":"https:\/\/www.academia-barcelona.com\/de\/spanischkurse\/spanisch-paarunterricht\/","og_locale":"de_DE","og_type":"article","og_title":"Spanisch Paarunterricht Sprachkurs Barcelona","og_description":"Individuell auf Ihre Bed\u00fcrfnisse ausgerichteter Spanisch Paarunterricht in Barcelona f\u00fcr vollste Flexibilit\u00e4t","og_url":"https:\/\/www.academia-barcelona.com\/de\/spanischkurse\/spanisch-paarunterricht\/","article_modified_time":"2021-11-08T07:24:51+00:00","og_image":[{"url":"https:\/\/www.academia-barcelona.com\/wp-content\/uploads\/2018\/05\/Anfrage-Spanisch-lernen-Barcelona.png","type":"","width":"","height":""}],"twitter_card":"summary_large_image","twitter_misc":{"Gesch\u00e4tzte Lesezeit":"3\u00a0Minuten"},"schema":{"@context":"https:\/\/schema.org","@graph":[{"@type":"WebPage","@id":"https:\/\/www.academia-barcelona.com\/de\/spanischkurse\/spanisch-paarunterricht\/","url":"https:\/\/www.academia-barcelona.com\/de\/spanischkurse\/spanisch-paarunterricht\/","name":"Spanisch Paarunterricht Sprachkurs Barcelona","isPartOf":{"@id":"https:\/\/www.academia-barcelona.com\/#website"},"primaryImageOfPage":{"@id":"https:\/\/www.academia-barcelona.com\/de\/spanischkurse\/spanisch-paarunterricht\/#primaryimage"},"image":{"@id":"https:\/\/www.academia-barcelona.com\/de\/spanischkurse\/spanisch-paarunterricht\/#primaryimage"},"thumbnailUrl":"https:\/\/www.academia-barcelona.com\/wp-content\/uploads\/2018\/05\/Anfrage-Spanisch-lernen-Barcelona.png","datePublished":"2015-12-07T18:10:29+00:00","dateModified":"2021-11-08T07:24:51+00:00","description":"Individuell auf Ihre Bed\u00fcrfnisse ausgerichteter Spanisch Paarunterricht in Barcelona f\u00fcr vollste Flexibilit\u00e4t","breadcrumb":{"@id":"https:\/\/www.academia-barcelona.com\/de\/spanischkurse\/spanisch-paarunterricht\/#breadcrumb"},"inLanguage":"de","potentialAction":[{"@type":"ReadAction","target":["https:\/\/www.academia-barcelona.com\/de\/spanischkurse\/spanisch-paarunterricht\/"]}]},{"@type":"ImageObject","inLanguage":"de","@id":"https:\/\/www.academia-barcelona.com\/de\/spanischkurse\/spanisch-paarunterricht\/#primaryimage","url":"https:\/\/www.academia-barcelona.com\/wp-content\/uploads\/2018\/05\/Anfrage-Spanisch-lernen-Barcelona.png","contentUrl":"https:\/\/www.academia-barcelona.com\/wp-content\/uploads\/2018\/05\/Anfrage-Spanisch-lernen-Barcelona.png"},{"@type":"BreadcrumbList","@id":"https:\/\/www.academia-barcelona.com\/de\/spanischkurse\/spanisch-paarunterricht\/#breadcrumb","itemListElement":[{"@type":"ListItem","position":1,"name":"Spanischkurse","item":"https:\/\/www.academia-barcelona.com\/de\/spanischkurse\/"},{"@type":"ListItem","position":2,"name":"Spanisch Paarkurse"}]},{"@type":"WebSite","@id":"https:\/\/www.academia-barcelona.com\/#website","url":"https:\/\/www.academia-barcelona.com\/","name":"","description":"","potentialAction":[{"@type":"SearchAction","target":{"@type":"EntryPoint","urlTemplate":"https:\/\/www.academia-barcelona.com\/?s={search_term_string}"},"query-input":{"@type":"PropertyValueSpecification","valueRequired":true,"valueName":"search_term_string"}}],"inLanguage":"de"}]}},"_links":{"self":[{"href":"https:\/\/www.academia-barcelona.com\/de\/wp-json\/wp\/v2\/pages\/859","targetHints":{"allow":["GET"]}}],"collection":[{"href":"https:\/\/www.academia-barcelona.com\/de\/wp-json\/wp\/v2\/pages"}],"about":[{"href":"https:\/\/www.academia-barcelona.com\/de\/wp-json\/wp\/v2\/types\/page"}],"author":[{"embeddable":true,"href":"https:\/\/www.academia-barcelona.com\/de\/wp-json\/wp\/v2\/users\/3"}],"replies":[{"embeddable":true,"href":"https:\/\/www.academia-barcelona.com\/de\/wp-json\/wp\/v2\/comments?post=859"}],"version-history":[{"count":35,"href":"https:\/\/www.academia-barcelona.com\/de\/wp-json\/wp\/v2\/pages\/859\/revisions"}],"predecessor-version":[{"id":13802,"href":"https:\/\/www.academia-barcelona.com\/de\/wp-json\/wp\/v2\/pages\/859\/revisions\/13802"}],"up":[{"embeddable":true,"href":"https:\/\/www.academia-barcelona.com\/de\/wp-json\/wp\/v2\/pages\/818"}],"wp:attachment":[{"href":"https:\/\/www.academia-barcelona.com\/de\/wp-json\/wp\/v2\/media?parent=859"}],"curies":[{"name":"wp","href":"https:\/\/api.w.org\/{rel}","templated":true}]}}