{"id":857,"date":"2015-12-07T18:07:51","date_gmt":"2015-12-07T18:07:51","guid":{"rendered":"http:\/\/www.barcelona-sprachschule.de\/?page_id=857"},"modified":"2021-11-04T21:53:02","modified_gmt":"2021-11-04T21:53:02","slug":"spanisch-intensivkurs","status":"publish","type":"page","link":"https:\/\/www.academia-barcelona.com\/de\/spanischkurse\/spanisch-intensivkurs\/","title":{"rendered":"Spanisch Intensivkurs in Barcelona"},"content":{"rendered":"<p>[vc_row css=&#8221;.vc_custom_1636056618188{margin-top: 25px !important;padding-bottom: 30px !important;}&#8221;][vc_column][vc_column_text]<\/p>\n<h1>Spanisch Intensivkurse in Barcelona &#8211; Spanischkurs intensiv<\/h1>\n<p>Unsere Spanisch-Intensivkurse sind die beliebtesten und am meisten gebuchten Kurse der \u201eAcademia Barcelona\u201c. Im Intensivkurs lernen Sie innerhalb weniger Wochen die Grundlagen des Spanischen oder verbessern Ihr Spanisch signifikant. Und dabei haben Sie auch noch Spa\u00df, denn der Unterricht ist dynamisch und interaktiv, dank kleiner Gruppen und sympathischer muttersprachlicher Lehrkr\u00e4fte.<\/p>\n<p>Sie m\u00f6chten eine Barcelona Sprachreise machen? Auch dann ist ein Intensivkurs ideal f\u00fcr Sie.<\/p>\n<a href=\"https:\/\/www.academia-barcelona.com\/de\/kontakt\/\"><img decoding=\"async\" class=\"alignnone size-full wp-image-10292\" src=\"https:\/\/www.academia-barcelona.com\/wp-content\/uploads\/2018\/05\/Anfrage-Spanisch-lernen-Barcelona.png\" alt=\"Spanisch Intensivkurs in Barcelona\" width=\"291\" height=\"70\" \/><\/a>\n<h2>Spanisch Intensivkurs in Barcelona f\u00fcr Anf\u00e4nger und Fortgeschrittene mit Zertifikat<\/h2>\n<p>Unsere Kurseinteilung richtet sich nach dem Europ\u00e4ischen Referenzrahmen f\u00fcr Sprachen (GER). Das bedeutet, dass wir Kurse von Sprachniveau A1 f\u00fcr Anf\u00e4nger \u00fcber A2, B1, B2, C1 bis hin zum quasi-muttersprachlichen, akademischen Niveau C2 anbieten. Nach Abschluss Ihres Kurses erhalten sie ein Zertifikat, auf dem das Kursniveau vermerkt ist.<\/p>\n<a href=\"https:\/\/www.academia-barcelona.com\/wp-content\/uploads\/2021\/04\/spanisch-intensivkurse-barcelona.jpg\"><img decoding=\"async\" class=\"alignnone wp-image-13206 size-full\" src=\"https:\/\/www.academia-barcelona.com\/wp-content\/uploads\/2021\/04\/spanisch-intensivkurse-barcelona.jpg\" alt=\"Spanisch Intensivkurse in Barcelona - Spanischkurs Intensiv\" width=\"1024\" height=\"373\" srcset=\"https:\/\/www.academia-barcelona.com\/wp-content\/uploads\/2021\/04\/spanisch-intensivkurse-barcelona.jpg 1024w, https:\/\/www.academia-barcelona.com\/wp-content\/uploads\/2021\/04\/spanisch-intensivkurse-barcelona-300x109.jpg 300w, https:\/\/www.academia-barcelona.com\/wp-content\/uploads\/2021\/04\/spanisch-intensivkurse-barcelona-768x280.jpg 768w\" sizes=\"(max-width: 1024px) 100vw, 1024px\" \/><\/a>\n<h2>Die Inhalte Ihres Intensivkurses Spanisch<\/h2>\n<p>In unseren Spanisch-Intensivkursen f\u00fcr Anf\u00e4nger und die Mittelstufe m\u00f6chten wir Sie bef\u00e4higen, Gespr\u00e4che rund um Alltag und Arbeit zu verstehen und daran teilzunehmen. Au\u00dferdem m\u00f6chten wir Ihnen solide Grundkenntnisse der Grammatik vermitteln. Da unsere Intensivkurse in kleinen Gruppen von maximal sechs Teilnehmern stattfinden, kann sich jeder aktiv am Unterricht beteiligen und die Lehrkraft kann Sie gezielt f\u00f6rdern. Freuen Sie sich auf vielseitiges Unterrichtsmaterial, einpr\u00e4gsame Erkl\u00e4rungen, viel Spa\u00df und schnelle Lernerfolge!<\/p>\n<h2>Wie lange dauert ein Spanischkurs Intensiv in Barcelona?<\/h2>\n<p>Sie k\u00f6nnen einen Spanisch-Intensivkurs so lange belegen, wie Sie Zeit haben: eine Woche, zwei Wochen oder mehr. Falls Sie es sich zum Ziel gesetzt haben, das n\u00e4chsth\u00f6here Sprachniveau abzuschlie\u00dfen, um z.B. das DELE-Sprachzertifikat zu erwerben, dann dauert Ihr Intensivkurs in der \u201eAcademia Barcelona\u201c 4 Wochen f\u00fcr Niveau.<\/p>\n<h2>Termine und Preise unserer Intensivkurse<\/h2>\n<p>Neue Intensivkurse starten bei uns immer am Monatsanfang. In vielen F\u00e4llen k\u00f6nnen Sie aber auch kurzfristig in einen Kurs einsteigen. Schreiben Sie uns einfach eine E-Mail an <a href=\"mailto:barcelona@sprachschule-aktiv.de\">barcelona@sprachschule-aktiv.de<\/a>! Wir teilen Ihnen dann mit, wann Sie mit Ihrem Kurs beginnen k\u00f6nnen.<\/p>\n<h2>Termine und Preise<\/h2>\n<p><strong>Intensivkurs:<\/strong> 4 Unterrichtseinheiten (\u00e0 45 Minuten) pro Tag.<\/p>\n<p><strong>Kurszeiten: <\/strong>Montag bis Freitag 9.00 bis 12.00 Uhr<\/p>\n<p><strong>Preise:<\/strong><\/p>\n<ul>\n<li>1 Woche 149\u20ac<\/li>\n<li>2 Wochen 269\u20ac<\/li>\n<li>3 Wochen 359\u20ac<\/li>\n<li>4 Wochen 449\u20ac<\/li>\n<\/ul>\n<p><strong>Kursdauer: <\/strong>4 Wochen f\u00fcr ein Sprachniveau<\/p>\n<a href=\"https:\/\/www.academia-barcelona.com\/de\/anmeldung\/\"><img decoding=\"async\" class=\"alignnone size-medium wp-image-12626\" src=\"https:\/\/www.academia-barcelona.com\/wp-content\/uploads\/2020\/10\/anmeldung-sprachkurs-barcelona-300x76.png\" alt=\"Anmeldung Sprachkurs Barcelona\" width=\"300\" height=\"76\" srcset=\"https:\/\/www.academia-barcelona.com\/wp-content\/uploads\/2020\/10\/anmeldung-sprachkurs-barcelona-300x76.png 300w, https:\/\/www.academia-barcelona.com\/wp-content\/uploads\/2020\/10\/anmeldung-sprachkurs-barcelona.png 306w\" sizes=\"(max-width: 300px) 100vw, 300px\" \/><\/a>\n<h2>Intensivkurs mit unverbindlichem Einstufungstest und Gratis-Probestunde<\/h2>\n<p>Sie haben bereits Spanischkenntnisse, wissen aber nicht genau, auf welcher Stufe der \u201eSprachen-Leiter\u201c Sie stehen? Kein Problem! <a href=\"https:\/\/www.academia-barcelona.com\/prueba-de-nivel-espanol\/\">Hier<\/a> k\u00f6nnen Sie unseren kostenlosen Online-Einstufungstest machen. Das Ergebnis hilft uns, den richtigen Kurs f\u00fcr Sie zu finden. Und um ganz sicher zu gehen, dass Sie mit Kurs und Lehrkraft zufrieden sind, bieten wir Ihnen au\u00dferdem eine kostenlose Probestunde an.<br \/>\n<iframe title=\"YouTube video player\" src=\"https:\/\/www.youtube.com\/embed\/Hfo9SlxeZr0\" width=\"560\" height=\"315\" frameborder=\"0\" allowfullscreen=\"allowfullscreen\"><\/iframe>[\/vc_column_text][\/vc_column][\/vc_row]<\/p>\n","protected":false},"excerpt":{"rendered":"<p>[vc_row css=&#8221;.vc_custom_1636056618188{margin-top: 25px !important;padding-bottom: 30px !important;}&#8221;][vc_column][vc_column_text] Spanisch Intensivkurse in Barcelona &#8211; Spanischkurs intensiv Unsere Spanisch-Intensivkurse sind die beliebtesten und am meisten gebuchten Kurse der \u201eAcademia Barcelona\u201c. Im Intensivkurs lernen Sie innerhalb weniger Wochen die Grundlagen des Spanischen oder verbessern Ihr Spanisch signifikant. Und dabei haben Sie auch noch Spa\u00df, denn der Unterricht ist dynamisch und&hellip; <a class=\"read-more\" href=\"https:\/\/www.academia-barcelona.com\/de\/spanischkurse\/spanisch-intensivkurs\/\" title=\"Read Spanisch Intensivkurs in Barcelona\">Read more &raquo;<\/a><\/p>\n","protected":false},"author":3,"featured_media":0,"parent":818,"menu_order":0,"comment_status":"closed","ping_status":"closed","template":"","meta":{"footnotes":""},"class_list":["post-857","page","type-page","status-publish","hentry"],"yoast_head":"<!-- This site is optimized with the Yoast SEO plugin v27.1.1 - https:\/\/yoast.com\/product\/yoast-seo-wordpress\/ -->\n<title>Spanisch Intensivkurse in Barcelona - Spanischkurs Intensiv<\/title>\n<meta name=\"description\" content=\"Spanisch Intensivkurse in Barcelona f\u00fcr Anf\u00e4nger und Fortgeschrittene. Spanisch Crashkurse A1, A2, B1, B2, C1 und C2.\" \/>\n<meta name=\"robots\" content=\"index, follow, max-snippet:-1, max-image-preview:large, max-video-preview:-1\" \/>\n<link rel=\"canonical\" href=\"https:\/\/www.academia-barcelona.com\/de\/spanischkurse\/spanisch-intensivkurs\/\" \/>\n<meta property=\"og:locale\" content=\"de_DE\" \/>\n<meta property=\"og:type\" content=\"article\" \/>\n<meta property=\"og:title\" content=\"Spanisch Intensivkurse in Barcelona - Spanischkurs Intensiv\" \/>\n<meta property=\"og:description\" content=\"Spanisch Intensivkurse in Barcelona f\u00fcr Anf\u00e4nger und Fortgeschrittene. Spanisch Crashkurse A1, A2, B1, B2, C1 und C2.\" \/>\n<meta property=\"og:url\" content=\"https:\/\/www.academia-barcelona.com\/de\/spanischkurse\/spanisch-intensivkurs\/\" \/>\n<meta property=\"article:modified_time\" content=\"2021-11-04T21:53:02+00:00\" \/>\n<meta property=\"og:image\" content=\"https:\/\/www.academia-barcelona.com\/wp-content\/uploads\/2018\/05\/Anfrage-Spanisch-lernen-Barcelona.png\" \/>\n<meta name=\"twitter:card\" content=\"summary_large_image\" \/>\n<meta name=\"twitter:label1\" content=\"Gesch\u00e4tzte Lesezeit\" \/>\n\t<meta name=\"twitter:data1\" content=\"3\u00a0Minuten\" \/>\n<script type=\"application\/ld+json\" class=\"yoast-schema-graph\">{\"@context\":\"https:\/\/schema.org\",\"@graph\":[{\"@type\":\"WebPage\",\"@id\":\"https:\/\/www.academia-barcelona.com\/de\/spanischkurse\/spanisch-intensivkurs\/\",\"url\":\"https:\/\/www.academia-barcelona.com\/de\/spanischkurse\/spanisch-intensivkurs\/\",\"name\":\"Spanisch Intensivkurse in Barcelona - Spanischkurs Intensiv\",\"isPartOf\":{\"@id\":\"https:\/\/www.academia-barcelona.com\/#website\"},\"primaryImageOfPage\":{\"@id\":\"https:\/\/www.academia-barcelona.com\/de\/spanischkurse\/spanisch-intensivkurs\/#primaryimage\"},\"image\":{\"@id\":\"https:\/\/www.academia-barcelona.com\/de\/spanischkurse\/spanisch-intensivkurs\/#primaryimage\"},\"thumbnailUrl\":\"https:\/\/www.academia-barcelona.com\/wp-content\/uploads\/2018\/05\/Anfrage-Spanisch-lernen-Barcelona.png\",\"datePublished\":\"2015-12-07T18:07:51+00:00\",\"dateModified\":\"2021-11-04T21:53:02+00:00\",\"description\":\"Spanisch Intensivkurse in Barcelona f\u00fcr Anf\u00e4nger und Fortgeschrittene. Spanisch Crashkurse A1, A2, B1, B2, C1 und C2.\",\"breadcrumb\":{\"@id\":\"https:\/\/www.academia-barcelona.com\/de\/spanischkurse\/spanisch-intensivkurs\/#breadcrumb\"},\"inLanguage\":\"de\",\"potentialAction\":[{\"@type\":\"ReadAction\",\"target\":[\"https:\/\/www.academia-barcelona.com\/de\/spanischkurse\/spanisch-intensivkurs\/\"]}]},{\"@type\":\"ImageObject\",\"inLanguage\":\"de\",\"@id\":\"https:\/\/www.academia-barcelona.com\/de\/spanischkurse\/spanisch-intensivkurs\/#primaryimage\",\"url\":\"https:\/\/www.academia-barcelona.com\/wp-content\/uploads\/2018\/05\/Anfrage-Spanisch-lernen-Barcelona.png\",\"contentUrl\":\"https:\/\/www.academia-barcelona.com\/wp-content\/uploads\/2018\/05\/Anfrage-Spanisch-lernen-Barcelona.png\"},{\"@type\":\"BreadcrumbList\",\"@id\":\"https:\/\/www.academia-barcelona.com\/de\/spanischkurse\/spanisch-intensivkurs\/#breadcrumb\",\"itemListElement\":[{\"@type\":\"ListItem\",\"position\":1,\"name\":\"Spanischkurse\",\"item\":\"https:\/\/www.academia-barcelona.com\/de\/spanischkurse\/\"},{\"@type\":\"ListItem\",\"position\":2,\"name\":\"Spanisch Intensivkurs in Barcelona\"}]},{\"@type\":\"WebSite\",\"@id\":\"https:\/\/www.academia-barcelona.com\/#website\",\"url\":\"https:\/\/www.academia-barcelona.com\/\",\"name\":\"\",\"description\":\"\",\"potentialAction\":[{\"@type\":\"SearchAction\",\"target\":{\"@type\":\"EntryPoint\",\"urlTemplate\":\"https:\/\/www.academia-barcelona.com\/?s={search_term_string}\"},\"query-input\":{\"@type\":\"PropertyValueSpecification\",\"valueRequired\":true,\"valueName\":\"search_term_string\"}}],\"inLanguage\":\"de\"}]}<\/script>\n<!-- \/ Yoast SEO plugin. -->","yoast_head_json":{"title":"Spanisch Intensivkurse in Barcelona - Spanischkurs Intensiv","description":"Spanisch Intensivkurse in Barcelona f\u00fcr Anf\u00e4nger und Fortgeschrittene. Spanisch Crashkurse A1, A2, B1, B2, C1 und C2.","robots":{"index":"index","follow":"follow","max-snippet":"max-snippet:-1","max-image-preview":"max-image-preview:large","max-video-preview":"max-video-preview:-1"},"canonical":"https:\/\/www.academia-barcelona.com\/de\/spanischkurse\/spanisch-intensivkurs\/","og_locale":"de_DE","og_type":"article","og_title":"Spanisch Intensivkurse in Barcelona - Spanischkurs Intensiv","og_description":"Spanisch Intensivkurse in Barcelona f\u00fcr Anf\u00e4nger und Fortgeschrittene. Spanisch Crashkurse A1, A2, B1, B2, C1 und C2.","og_url":"https:\/\/www.academia-barcelona.com\/de\/spanischkurse\/spanisch-intensivkurs\/","article_modified_time":"2021-11-04T21:53:02+00:00","og_image":[{"url":"https:\/\/www.academia-barcelona.com\/wp-content\/uploads\/2018\/05\/Anfrage-Spanisch-lernen-Barcelona.png","type":"","width":"","height":""}],"twitter_card":"summary_large_image","twitter_misc":{"Gesch\u00e4tzte Lesezeit":"3\u00a0Minuten"},"schema":{"@context":"https:\/\/schema.org","@graph":[{"@type":"WebPage","@id":"https:\/\/www.academia-barcelona.com\/de\/spanischkurse\/spanisch-intensivkurs\/","url":"https:\/\/www.academia-barcelona.com\/de\/spanischkurse\/spanisch-intensivkurs\/","name":"Spanisch Intensivkurse in Barcelona - Spanischkurs Intensiv","isPartOf":{"@id":"https:\/\/www.academia-barcelona.com\/#website"},"primaryImageOfPage":{"@id":"https:\/\/www.academia-barcelona.com\/de\/spanischkurse\/spanisch-intensivkurs\/#primaryimage"},"image":{"@id":"https:\/\/www.academia-barcelona.com\/de\/spanischkurse\/spanisch-intensivkurs\/#primaryimage"},"thumbnailUrl":"https:\/\/www.academia-barcelona.com\/wp-content\/uploads\/2018\/05\/Anfrage-Spanisch-lernen-Barcelona.png","datePublished":"2015-12-07T18:07:51+00:00","dateModified":"2021-11-04T21:53:02+00:00","description":"Spanisch Intensivkurse in Barcelona f\u00fcr Anf\u00e4nger und Fortgeschrittene. Spanisch Crashkurse A1, A2, B1, B2, C1 und C2.","breadcrumb":{"@id":"https:\/\/www.academia-barcelona.com\/de\/spanischkurse\/spanisch-intensivkurs\/#breadcrumb"},"inLanguage":"de","potentialAction":[{"@type":"ReadAction","target":["https:\/\/www.academia-barcelona.com\/de\/spanischkurse\/spanisch-intensivkurs\/"]}]},{"@type":"ImageObject","inLanguage":"de","@id":"https:\/\/www.academia-barcelona.com\/de\/spanischkurse\/spanisch-intensivkurs\/#primaryimage","url":"https:\/\/www.academia-barcelona.com\/wp-content\/uploads\/2018\/05\/Anfrage-Spanisch-lernen-Barcelona.png","contentUrl":"https:\/\/www.academia-barcelona.com\/wp-content\/uploads\/2018\/05\/Anfrage-Spanisch-lernen-Barcelona.png"},{"@type":"BreadcrumbList","@id":"https:\/\/www.academia-barcelona.com\/de\/spanischkurse\/spanisch-intensivkurs\/#breadcrumb","itemListElement":[{"@type":"ListItem","position":1,"name":"Spanischkurse","item":"https:\/\/www.academia-barcelona.com\/de\/spanischkurse\/"},{"@type":"ListItem","position":2,"name":"Spanisch Intensivkurs in Barcelona"}]},{"@type":"WebSite","@id":"https:\/\/www.academia-barcelona.com\/#website","url":"https:\/\/www.academia-barcelona.com\/","name":"","description":"","potentialAction":[{"@type":"SearchAction","target":{"@type":"EntryPoint","urlTemplate":"https:\/\/www.academia-barcelona.com\/?s={search_term_string}"},"query-input":{"@type":"PropertyValueSpecification","valueRequired":true,"valueName":"search_term_string"}}],"inLanguage":"de"}]}},"_links":{"self":[{"href":"https:\/\/www.academia-barcelona.com\/de\/wp-json\/wp\/v2\/pages\/857","targetHints":{"allow":["GET"]}}],"collection":[{"href":"https:\/\/www.academia-barcelona.com\/de\/wp-json\/wp\/v2\/pages"}],"about":[{"href":"https:\/\/www.academia-barcelona.com\/de\/wp-json\/wp\/v2\/types\/page"}],"author":[{"embeddable":true,"href":"https:\/\/www.academia-barcelona.com\/de\/wp-json\/wp\/v2\/users\/3"}],"replies":[{"embeddable":true,"href":"https:\/\/www.academia-barcelona.com\/de\/wp-json\/wp\/v2\/comments?post=857"}],"version-history":[{"count":45,"href":"https:\/\/www.academia-barcelona.com\/de\/wp-json\/wp\/v2\/pages\/857\/revisions"}],"predecessor-version":[{"id":13763,"href":"https:\/\/www.academia-barcelona.com\/de\/wp-json\/wp\/v2\/pages\/857\/revisions\/13763"}],"up":[{"embeddable":true,"href":"https:\/\/www.academia-barcelona.com\/de\/wp-json\/wp\/v2\/pages\/818"}],"wp:attachment":[{"href":"https:\/\/www.academia-barcelona.com\/de\/wp-json\/wp\/v2\/media?parent=857"}],"curies":[{"name":"wp","href":"https:\/\/api.w.org\/{rel}","templated":true}]}}