{"id":854,"date":"2015-12-07T17:41:36","date_gmt":"2015-12-07T17:41:36","guid":{"rendered":"http:\/\/www.barcelona-sprachschule.de\/?page_id=854"},"modified":"2019-03-28T11:54:31","modified_gmt":"2019-03-28T11:54:31","slug":"spanisch-intensivkurse-barcelona","status":"publish","type":"page","link":"https:\/\/www.academia-barcelona.com\/de\/spanischkurse\/spanisch-intensivkurse-barcelona\/","title":{"rendered":"Spanisch-Intensivkurse in Barcelona"},"content":{"rendered":"<h1>Spanisch-Intensivkurse an der CBLS (Clase Barcelona Language School)<\/h1>\n<p>Sie m\u00f6chten <strong>Spanisch lernen<\/strong> oder ihre <strong>Sprachkenntnisse verbessern<\/strong>? Wir haben den passenden Spanisch-Intensivkurs in Barcelona f\u00fcr Sie!<\/p>\n<p>Unsere<strong> Spanisch-Intensivkurse f\u00fcr Anf\u00e4nger, Mittelstufe und Fortgeschrittene <\/strong>sind die beliebtesten und am meisten gebuchte Sprachkurse in unserer Sprachschule CBLS (Clase Barcelona Language School). Bei uns lernen Sie spanische Sprache mit viel Spa\u00df und in einem typisch spanischen Umfeld. Unsere Spanisch-Intensivkurse finden in <strong>Kleingruppen <\/strong>mit max. 8 TeilnehmerInnen statt. Die Spanisch-Intensivkurse finden in der Regel am Vormittag statt. So haben Sie danach Zeit, Barcelona zu erkunden und das erlernte Spanisch gleich praktisch umzusetzen. Gerne buchen wir Ihnen auch eine <strong>Unterkunft <\/strong>(z.B. in einer Gastfamilie\/ Einzelzimmer) zum Kurs. Vereinbaren Sie eine <strong>kostenlose und unverbindliche Probestunde!<\/strong><\/p>\n<h2><strong>Unsere Spanisch-Intensivkurse in Barcelona <strong>\u00a0<\/strong><\/strong><strong><strong>f\u00fcr alle Kursstufen<\/strong> im \u00dcberblick<\/strong><\/h2>\n<table border=\"0\" width=\"1040\">\n<tbody>\n<tr>\n<td class=\"teaserkopf\"><strong>Spanisch-Intensivkurse in Barcelona<br \/>\n<\/strong><\/td>\n<td class=\"teaserkopf\"><strong>Spanisch-Intensivkurse: Termine<br \/>\n<\/strong><\/td>\n<\/tr>\n<tr>\n<td rowspan=\"2\"><strong>Spanisch-Intensivkurs f\u00fcr Anf\u00e4nger, Mittelstufe und Fortgeschrittene<\/strong><\/p>\n<p>Schnelles Vorgehen!<\/p>\n<p>Speziell f\u00fcr TeilnehmerInnen, die sich in kurzer Zeit die Grundkenntnisse der\u00a0spanischen Sprache aneignen wollen.<\/p>\n<p>Ziel unserer Spanisch-Intensivkurse in Barcelona ist es, Dialoge, Alltagsgespr\u00e4che und Arbeitssituationen in z\u00fcgigem Sprechtempo zu verstehen und an diesen Situationen kommunikativ teilnehmen zu k\u00f6nnen.<\/p>\n<p>Alle unsere Spanisch-Sprachlehrer sind qualifizierte Muttersprachler.<\/p>\n<p>Lernen Sie unsere\u00a0Spanischlehrer\u00a0kennen und besuchen Sie unsere\u00a0<strong><a title=\"Sprachlehrer in Barcelona\" href=\"https:\/\/www.academia-barcelona.com\/de\/wir-uber-uns\/bildergalerie\/\" target=\"_blank\" rel=\"noopener noreferrer\">Fotogalerie<\/a>!<\/strong><\/td>\n<td>Der Spanisch-Sprachkurs in Barcelona findet von Montag bis Freitag im Zeitraum zwischen 9:00 Uhr und 19:00 Uhr statt (abh\u00e4ngig von Sprachniveau).<\/p>\n<p>Der Spanisch-Intensivkurs umfasst 15 Stunden \u00e0 60 Minuten pro Woche (3 Stunden pro Tag).<\/p>\n<p><strong>Anfangster<strong>m<\/strong>ine:<\/strong> jeden Montag<\/p>\n<p><strong>Dauer:<\/strong> ab 1 Woche<\/p>\n<p>Kostenlose und unverbindliche Probestunde!<\/td>\n<\/tr>\n<tr>\n<td><strong>Anmeldung:<\/strong><\/p>\n<p><a class=\"fancybox\" href=\"https:\/\/www.academia-barcelona.com\/de\/anmeldung\/\"><span class=\"fancybox\">Jetzt anmelden!<\/span><\/a><\/td>\n<\/tr>\n<tr>\n<td>\n<h3><strong>Spanisch-Intensivkurse: Preise<\/strong><\/h3>\n<\/td>\n<td rowspan=\"2\"><\/td>\n<\/tr>\n<tr>\n<td><strong>Preise f\u00fcr unsere Spanisch-Sprachkurse:<\/strong><\/p>\n<p>s. <a title=\"Kurse und Preise\" href=\"https:\/\/www.academia-barcelona.com\/de\/preise-auf-einen-blick\/\" target=\"_blank\" rel=\"noopener noreferrer\">Preis\u00fcbersicht<\/a><\/p>\n<p><strong>Preise f\u00fcr Sprachkurs &amp; Unterkunft in Barcelona:<\/strong><\/p>\n<p>bitte direkt erfragen unter <a href=\"mailto:info@clase-barcelona.com\">info@clase-barcelona.com<\/a> oder unter Tel. 0034 93 30 19 260<\/td>\n<\/tr>\n<\/tbody>\n<\/table>\n<p>&nbsp;<\/p>\n<p><strong>Spanisch lernen in Barcelona: interkulturell, kommunikativ und mit viel Spa\u00df!<\/strong><\/p>\n<p>Wir bieten Ihnen professionelle Sprachkurse in einer pers\u00f6nlichen, angenehmen Atmosph\u00e4re! In unserer Sprachschule CBLS (Clase Barcelona Language School) im <a title=\"Standort Sprachschule CBLS\" href=\"https:\/\/www.google.de\/maps\/place\/CBLS+-+Clase+Barcelona+Language+School\/@41.391525,2.169008,609m\/data=!3m2!1e3!4b1!4m2!3m1!1s0x0:0xc371eb8cc1faea0c?hl=en\" target=\"_blank\" rel=\"noopener noreferrer\">Zentrum Barcelonas <\/a> finden das ganze Jahr \u00fcber <a title=\"Unsere Sprachkurse im \u00dcberblick\" href=\"https:\/\/www.academia-barcelona.com\/de\/spanischkurse\/\" target=\"_blank\" rel=\"noopener noreferrer\">Spanisch-Sprachkurse f\u00fcr Anf\u00e4nger bis Fortgeschrittene<\/a> statt.<\/p>\n<p>Unsere Zufriedenheitsgarantie: Sollten Sie nach Ihrem ersten Spanisch-Unterrichtstag nicht mit uns zufrieden sein, so finden wir gemeinsam eine L\u00f6sung oder stornieren Ihre Anmeldung ohne finanziellen Aufwand.<\/p>\n<p>Vereinbaren Sie ein unverbindliches Beratungsgespr\u00e4ch mit uns unter <a href=\"mailto:info@clase-barcelona.com\">info@clase-barcelona.com<\/a>. Wir freuen uns auf Sie!<\/p>\n","protected":false},"excerpt":{"rendered":"<p>Spanisch-Intensivkurse an der CBLS (Clase Barcelona Language School) Sie m\u00f6chten Spanisch lernen oder ihre Sprachkenntnisse verbessern? Wir haben den passenden Spanisch-Intensivkurs in Barcelona f\u00fcr Sie! Unsere Spanisch-Intensivkurse f\u00fcr Anf\u00e4nger, Mittelstufe und Fortgeschrittene sind die beliebtesten und am meisten gebuchte Sprachkurse in unserer Sprachschule CBLS (Clase Barcelona Language School). Bei uns lernen Sie spanische Sprache mit&hellip; <a class=\"read-more\" href=\"https:\/\/www.academia-barcelona.com\/de\/spanischkurse\/spanisch-intensivkurse-barcelona\/\" title=\"Read Spanisch-Intensivkurse in Barcelona\">Read more &raquo;<\/a><\/p>\n","protected":false},"author":3,"featured_media":0,"parent":818,"menu_order":0,"comment_status":"closed","ping_status":"closed","template":"","meta":{"footnotes":""},"class_list":["post-854","page","type-page","status-publish","hentry"],"yoast_head":"<!-- This site is optimized with the Yoast SEO plugin v27.1.1 - https:\/\/yoast.com\/product\/yoast-seo-wordpress\/ -->\n<title>Spanisch Intensivkurse Barcelona CBLS Sprachschule<\/title>\n<meta name=\"description\" content=\"Spanisch Intensivkurse Barcelona: Zu den beliebtesten und am meisten gebuchten Sprachkursen geh\u00f6ren unsere Spanisch-Intensivkurse.\" \/>\n<meta name=\"robots\" content=\"index, follow, max-snippet:-1, max-image-preview:large, max-video-preview:-1\" \/>\n<link rel=\"canonical\" href=\"https:\/\/www.academia-barcelona.com\/de\/spanischkurse\/spanisch-intensivkurse-barcelona\/\" \/>\n<meta property=\"og:locale\" content=\"de_DE\" \/>\n<meta property=\"og:type\" content=\"article\" \/>\n<meta property=\"og:title\" content=\"Spanisch Intensivkurse Barcelona CBLS Sprachschule\" \/>\n<meta property=\"og:description\" content=\"Spanisch Intensivkurse Barcelona: Zu den beliebtesten und am meisten gebuchten Sprachkursen geh\u00f6ren unsere Spanisch-Intensivkurse.\" \/>\n<meta property=\"og:url\" content=\"https:\/\/www.academia-barcelona.com\/de\/spanischkurse\/spanisch-intensivkurse-barcelona\/\" \/>\n<meta property=\"article:modified_time\" content=\"2019-03-28T11:54:31+00:00\" \/>\n<meta name=\"twitter:card\" content=\"summary_large_image\" \/>\n<meta name=\"twitter:label1\" content=\"Gesch\u00e4tzte Lesezeit\" \/>\n\t<meta name=\"twitter:data1\" content=\"2\u00a0Minuten\" \/>\n<script type=\"application\/ld+json\" class=\"yoast-schema-graph\">{\"@context\":\"https:\/\/schema.org\",\"@graph\":[{\"@type\":\"WebPage\",\"@id\":\"https:\/\/www.academia-barcelona.com\/de\/spanischkurse\/spanisch-intensivkurse-barcelona\/\",\"url\":\"https:\/\/www.academia-barcelona.com\/de\/spanischkurse\/spanisch-intensivkurse-barcelona\/\",\"name\":\"Spanisch Intensivkurse Barcelona CBLS Sprachschule\",\"isPartOf\":{\"@id\":\"https:\/\/www.academia-barcelona.com\/#website\"},\"datePublished\":\"2015-12-07T17:41:36+00:00\",\"dateModified\":\"2019-03-28T11:54:31+00:00\",\"description\":\"Spanisch Intensivkurse Barcelona: Zu den beliebtesten und am meisten gebuchten Sprachkursen geh\u00f6ren unsere Spanisch-Intensivkurse.\",\"breadcrumb\":{\"@id\":\"https:\/\/www.academia-barcelona.com\/de\/spanischkurse\/spanisch-intensivkurse-barcelona\/#breadcrumb\"},\"inLanguage\":\"de\",\"potentialAction\":[{\"@type\":\"ReadAction\",\"target\":[\"https:\/\/www.academia-barcelona.com\/de\/spanischkurse\/spanisch-intensivkurse-barcelona\/\"]}]},{\"@type\":\"BreadcrumbList\",\"@id\":\"https:\/\/www.academia-barcelona.com\/de\/spanischkurse\/spanisch-intensivkurse-barcelona\/#breadcrumb\",\"itemListElement\":[{\"@type\":\"ListItem\",\"position\":1,\"name\":\"Spanischkurse\",\"item\":\"https:\/\/www.academia-barcelona.com\/de\/spanischkurse\/\"},{\"@type\":\"ListItem\",\"position\":2,\"name\":\"Spanisch-Intensivkurse in Barcelona\"}]},{\"@type\":\"WebSite\",\"@id\":\"https:\/\/www.academia-barcelona.com\/#website\",\"url\":\"https:\/\/www.academia-barcelona.com\/\",\"name\":\"\",\"description\":\"\",\"potentialAction\":[{\"@type\":\"SearchAction\",\"target\":{\"@type\":\"EntryPoint\",\"urlTemplate\":\"https:\/\/www.academia-barcelona.com\/?s={search_term_string}\"},\"query-input\":{\"@type\":\"PropertyValueSpecification\",\"valueRequired\":true,\"valueName\":\"search_term_string\"}}],\"inLanguage\":\"de\"}]}<\/script>\n<!-- \/ Yoast SEO plugin. -->","yoast_head_json":{"title":"Spanisch Intensivkurse Barcelona CBLS Sprachschule","description":"Spanisch Intensivkurse Barcelona: Zu den beliebtesten und am meisten gebuchten Sprachkursen geh\u00f6ren unsere Spanisch-Intensivkurse.","robots":{"index":"index","follow":"follow","max-snippet":"max-snippet:-1","max-image-preview":"max-image-preview:large","max-video-preview":"max-video-preview:-1"},"canonical":"https:\/\/www.academia-barcelona.com\/de\/spanischkurse\/spanisch-intensivkurse-barcelona\/","og_locale":"de_DE","og_type":"article","og_title":"Spanisch Intensivkurse Barcelona CBLS Sprachschule","og_description":"Spanisch Intensivkurse Barcelona: Zu den beliebtesten und am meisten gebuchten Sprachkursen geh\u00f6ren unsere Spanisch-Intensivkurse.","og_url":"https:\/\/www.academia-barcelona.com\/de\/spanischkurse\/spanisch-intensivkurse-barcelona\/","article_modified_time":"2019-03-28T11:54:31+00:00","twitter_card":"summary_large_image","twitter_misc":{"Gesch\u00e4tzte Lesezeit":"2\u00a0Minuten"},"schema":{"@context":"https:\/\/schema.org","@graph":[{"@type":"WebPage","@id":"https:\/\/www.academia-barcelona.com\/de\/spanischkurse\/spanisch-intensivkurse-barcelona\/","url":"https:\/\/www.academia-barcelona.com\/de\/spanischkurse\/spanisch-intensivkurse-barcelona\/","name":"Spanisch Intensivkurse Barcelona CBLS Sprachschule","isPartOf":{"@id":"https:\/\/www.academia-barcelona.com\/#website"},"datePublished":"2015-12-07T17:41:36+00:00","dateModified":"2019-03-28T11:54:31+00:00","description":"Spanisch Intensivkurse Barcelona: Zu den beliebtesten und am meisten gebuchten Sprachkursen geh\u00f6ren unsere Spanisch-Intensivkurse.","breadcrumb":{"@id":"https:\/\/www.academia-barcelona.com\/de\/spanischkurse\/spanisch-intensivkurse-barcelona\/#breadcrumb"},"inLanguage":"de","potentialAction":[{"@type":"ReadAction","target":["https:\/\/www.academia-barcelona.com\/de\/spanischkurse\/spanisch-intensivkurse-barcelona\/"]}]},{"@type":"BreadcrumbList","@id":"https:\/\/www.academia-barcelona.com\/de\/spanischkurse\/spanisch-intensivkurse-barcelona\/#breadcrumb","itemListElement":[{"@type":"ListItem","position":1,"name":"Spanischkurse","item":"https:\/\/www.academia-barcelona.com\/de\/spanischkurse\/"},{"@type":"ListItem","position":2,"name":"Spanisch-Intensivkurse in Barcelona"}]},{"@type":"WebSite","@id":"https:\/\/www.academia-barcelona.com\/#website","url":"https:\/\/www.academia-barcelona.com\/","name":"","description":"","potentialAction":[{"@type":"SearchAction","target":{"@type":"EntryPoint","urlTemplate":"https:\/\/www.academia-barcelona.com\/?s={search_term_string}"},"query-input":{"@type":"PropertyValueSpecification","valueRequired":true,"valueName":"search_term_string"}}],"inLanguage":"de"}]}},"_links":{"self":[{"href":"https:\/\/www.academia-barcelona.com\/de\/wp-json\/wp\/v2\/pages\/854","targetHints":{"allow":["GET"]}}],"collection":[{"href":"https:\/\/www.academia-barcelona.com\/de\/wp-json\/wp\/v2\/pages"}],"about":[{"href":"https:\/\/www.academia-barcelona.com\/de\/wp-json\/wp\/v2\/types\/page"}],"author":[{"embeddable":true,"href":"https:\/\/www.academia-barcelona.com\/de\/wp-json\/wp\/v2\/users\/3"}],"replies":[{"embeddable":true,"href":"https:\/\/www.academia-barcelona.com\/de\/wp-json\/wp\/v2\/comments?post=854"}],"version-history":[{"count":13,"href":"https:\/\/www.academia-barcelona.com\/de\/wp-json\/wp\/v2\/pages\/854\/revisions"}],"predecessor-version":[{"id":11226,"href":"https:\/\/www.academia-barcelona.com\/de\/wp-json\/wp\/v2\/pages\/854\/revisions\/11226"}],"up":[{"embeddable":true,"href":"https:\/\/www.academia-barcelona.com\/de\/wp-json\/wp\/v2\/pages\/818"}],"wp:attachment":[{"href":"https:\/\/www.academia-barcelona.com\/de\/wp-json\/wp\/v2\/media?parent=854"}],"curies":[{"name":"wp","href":"https:\/\/api.w.org\/{rel}","templated":true}]}}