{"id":8505,"date":"2017-05-03T18:17:03","date_gmt":"2017-05-03T18:17:03","guid":{"rendered":"http:\/\/barcelona-sprachschule.de\/?page_id=8505\/"},"modified":"2021-11-04T21:38:18","modified_gmt":"2021-11-04T21:38:18","slug":"home-de","status":"publish","type":"page","link":"https:\/\/www.academia-barcelona.com\/de\/","title":{"rendered":"Home (de)"},"content":{"rendered":"<p>[vc_row full_width=&#8221;stretch_row_content_no_spaces&#8221; content_placement=&#8221;middle&#8221; css=&#8221;.vc_custom_1613597349215{background: #d6d5d3 url(https:\/\/www.academia-barcelona.com\/wp-content\/uploads\/2021\/02\/fondo-2.jpg?id=12968) !important;background-position: 0 0 !important;background-repeat: repeat !important;}&#8221;][vc_column width=&#8221;1\/2&#8243;][vc_single_image image=&#8221;12961&#8243; img_size=&#8221;full&#8221; alignment=&#8221;center&#8221;][\/vc_column][vc_column width=&#8221;1\/2&#8243; css=&#8221;.vc_custom_1609834442227{background-position: center !important;background-repeat: no-repeat !important;background-size: contain !important;}&#8221;][vc_column_text]<\/p>\n<div class=\"slidetitel\">Willkommen<\/div>\n<p>[\/vc_column_text][vc_column_text]<\/p>\n<p style=\"text-align: center; font-size: 40px; margin-top: 15px;\">in der Sprachschule Aktiv<\/p>\n<p>[\/vc_column_text][vc_row_inner css=&#8221;.vc_custom_1613598094270{margin-top: 10px !important;}&#8221;][vc_column_inner]\t<div class=\"vc_btn3-container vc_btn3-center\">\n\t\t<a href=\"https:\/\/www.academia-barcelona.com\/de\/kontakt\/\" class=\"pgs_btn pgs_btn_style_1 pgs_btn_xl\">\n\t\t\t<span>\n\t\t\t\tKONTAKTIEREN SIE UNS\t\t\t<\/span>\n\t\t\t\t\t\t<i class=\"fas fa-angle-double-right\"><\/i>\n\t\t\t\t\t<\/a>\n\t<\/div>\n\t\t<div class=\"vc_btn3-container vc_btn3-center\">\n\t\t<a href=\"https:\/\/www.academia-barcelona.com\/de\/anmeldung\/\" class=\"pgs_btn pgs_btn_style_1 pgs_btn_xl\">\n\t\t\t<span>\n\t\t\t\tJETZT BUCHEN!\t\t\t<\/span>\n\t\t\t\t\t\t<i class=\"fas fa-angle-double-right\"><\/i>\n\t\t\t\t\t<\/a>\n\t<\/div>\n\t[\/vc_column_inner][\/vc_row_inner][\/vc_column][\/vc_row][vc_row top=&#8221;30px&#8221; bottom=&#8221;20px&#8221; css=&#8221;.vc_custom_1493833927981{padding-top: 30px !important;padding-bottom: 30px !important;}&#8221;][vc_column][vc_column_text]<\/p>\n<h1>Spanisch lernen in Barcelona \u2013 Spanischkurse &#8211; Sprachschule Barcelona<\/h1>\n<p>[\/vc_column_text][vc_column_text]Spanisch lernen in Barcelona in Kleingruppen (max. 6 Teilnehmer), zentral und preisg\u00fcnstig. Unsere Sprachschule bietet Spanischkurse in Barcelona f\u00fcr Anf\u00e4nger und Fortgeschrittene (A1, A2, B1, B2, C1, C2) an. Profitieren sie von einer kostenlosen Probestunde und der langj\u00e4hrigen Erfahrung unserer sympathischen Spanischlehrer.<\/p>\n<p>Ein Sprachkurs in Spanien ist die beste Methode, um innerhalb k\u00fcrzester Zeit Spanisch zu lernen.\u00a0Verbinden Sie doch Ihren Spanischkurs mit einem Besuch der faszinierenden Stadt Barcelona![\/vc_column_text][\/vc_column][\/vc_row][vc_row full_width=&#8221;stretch_row&#8221; top=&#8221;30px&#8221; bottom=&#8221;20px&#8221; css=&#8221;.vc_custom_1493834070618{padding-top: 30px !important;padding-bottom: 30px !important;background-color: #f9f9f9 !important;}&#8221;][vc_column width=&#8221;1\/2&#8243;][vc_single_image image=&#8221;8426&#8243; img_size=&#8221;full&#8221; alignment=&#8221;center&#8221; style=&#8221;vc_box_outline&#8221;][\/vc_column][vc_column width=&#8221;1\/2&#8243;][vc_column_text]<\/p>\n<h2>Spanischkurse in Barcelona f\u00fcr Anf\u00e4nger und Fortgeschrittene<\/h2>\n<p>In unserer Sprachschule in Barcelona unterrichten wir alle Leistungsstufen des Gemeinsamen Europ\u00e4ischen Referenzrahmens f\u00fcr Sprachen, von A1 bis C2. Als Anf\u00e4nger starten Sie im A1 Kurs. Wenn Sie bereits Vorkenntnisse im Spanischen haben, empfehlen wir Ihnen, unseren kostenlosen Einstufungstest zu machen\u00a0<a href=\"https:\/\/www.sprachschule-aktiv-muenchen.de\/spanisch-einstufungstest\/\">https:\/\/www.sprachschule-aktiv-muenchen.de\/spanisch-einstufungstest\/<\/a>. Aufgrund dieses Tests k\u00f6nnen wir ihre F\u00e4higkeiten einsch\u00e4tzen und Sie einem Kurs zuordnen, der auf Ihren Vorkenntnisse aufbaut.[\/vc_column_text][\/vc_column][\/vc_row][vc_row full_width=&#8221;stretch_row&#8221; top=&#8221;30px&#8221; bottom=&#8221;20px&#8221; css=&#8221;.vc_custom_1493837889250{padding-top: 30px !important;padding-bottom: 30px !important;}&#8221;][vc_column][vc_column_text]<\/p>\n<h2>Spanisch lernen mit gratis Probestunde<\/h2>\n<p>Unsere Sprachkurse starten immer mit einer kostenlosen Probestunde bzw. mit einem Probetag, wenn es sich um einen Gruppenkurs handelt. Dabei lernen Sie die Lehrkraft und ihren Unterricht kennen. Sollten Sie nach dem ersten Tag mit dem Kurs nicht zufrieden sein, fallen keine Kosten f\u00fcr Sie an. Wenn Sie m\u00f6chten, bem\u00fchen wir uns auch, einen anderen, passenderen Kurs f\u00fcr Sie zu finden.<\/p>\n<p><a href=\"https:\/\/www.academia-barcelona.com\/de\/kontakt\/\"><img decoding=\"async\" class=\"alignnone size-full wp-image-10292\" src=\"https:\/\/www.academia-barcelona.com\/wp-content\/uploads\/2018\/05\/Anfrage-Spanisch-lernen-Barcelona.png\" alt=\"Spanisch lernen mit gratis Probestunde\" width=\"291\" height=\"70\" \/><\/a>[\/vc_column_text][\/vc_column][\/vc_row][vc_row full_width=&#8221;stretch_row&#8221; top=&#8221;30px&#8221; bottom=&#8221;20px&#8221; css=&#8221;.vc_custom_1493834070618{padding-top: 30px !important;padding-bottom: 30px !important;background-color: #f9f9f9 !important;}&#8221;][vc_column width=&#8221;1\/2&#8243;][vc_column_text]<\/p>\n<h2>Unsere Spanisch\u00a0Sprachschule in Barcelona ist international anerkannt<\/h2>\n<p>Wenn Sie bei uns in Barcelona Spanisch lernen sind Sie in guten H\u00e4nden. Unsere &#8220;Academia Barcelona&#8221; geh\u00f6rt zu der erfolgreichen deutschen Kette &#8220;Sprachschule Aktiv&#8221;. Wir haben Sprachschulen in M\u00fcnchen, Berlin, Hamburg, Frankfurt, Regensburg, vielen anderen deutschen St\u00e4dten und nat\u00fcrlich auch in <a href=\"https:\/\/www.sprachschule-aktiv-passau.de\">Passau<\/a>. Bisher haben schon \u00fcber 10.000 zufriedene Teilnehmer an unseren Kursen teilgenommen.[\/vc_column_text][\/vc_column][vc_column width=&#8221;1\/2&#8243;][vc_single_image image=&#8221;8435&#8243; img_size=&#8221;full&#8221; alignment=&#8221;center&#8221; style=&#8221;vc_box_outline&#8221;][\/vc_column][\/vc_row][vc_row full_width=&#8221;stretch_row&#8221; top=&#8221;30px&#8221; bottom=&#8221;20px&#8221; css=&#8221;.vc_custom_1493837889250{padding-top: 30px !important;padding-bottom: 30px !important;}&#8221;][vc_column][vc_column_text]<\/p>\n<h2>Den Spanischkurs mit einem Praktikum in Barcelona verbinden<\/h2>\n<p>Sie wollen nach einem Spanischkurs in Barcelona arbeiten oder ein Praktikum absolvieren. Unsere Sprachschule Academia de Idiomas Barcelona ist Ihnen gerne bei der Suche nach einem passenden <a href=\"https:\/\/www.academia-barcelona.com\/de\/sprachschule-barcelona\/praktikum-und-job-spanien\/\">Praktikumsplatz<\/a> behilflich. Sprechen Sie uns einfach an.[\/vc_column_text][\/vc_column][\/vc_row][vc_row full_width=&#8221;stretch_row&#8221; top=&#8221;30px&#8221; bottom=&#8221;20px&#8221; css=&#8221;.vc_custom_1493834070618{padding-top: 30px !important;padding-bottom: 30px !important;background-color: #f9f9f9 !important;}&#8221;][vc_column width=&#8221;1\/2&#8243;][vc_single_image image=&#8221;8444&#8243; img_size=&#8221;full&#8221; alignment=&#8221;center&#8221; style=&#8221;vc_box_outline&#8221;][\/vc_column][vc_column width=&#8221;1\/2&#8243;][vc_column_text]<\/p>\n<h2>Bei uns unterrichten qualifizierte Spanischlehrer<\/h2>\n<p>Schneller Erfolg beim Lernen einer Sprache ist garantiert, wenn Ihnen der Unterricht Spa\u00df macht. Damit Ihnen der Unterricht Spa\u00df macht, brauchen Sie eine Lehrerkraft, die kompetent und sympathisch ist. Wir w\u00e4hlen unsere Lehrer sehr sorgf\u00e4ltig aus: Sie m\u00fcssen Erfahrung und eine Qualifikation als Sprachlehrer haben und au\u00dferdem Muttersprachler in der Sprache sein, die sie bei uns unterrichten. Aber auch die menschlichen Qualit\u00e4ten spielen eine Rolle: Unsere Lehrkr\u00e4fte sind freundliche Menschen, die stets gute Ideen haben und eine angenehme Unterrichtsatmosph\u00e4re schaffen. \u00a0<a href=\"https:\/\/www.academia-barcelona.com\/de\/wir-uber-uns\/\">Mehr \u00fcber uns finden Sie hier!<\/a>[\/vc_column_text][\/vc_column][\/vc_row][vc_row full_width=&#8221;stretch_row&#8221; top=&#8221;30px&#8221; bottom=&#8221;20px&#8221; css=&#8221;.vc_custom_1493838576888{padding-top: 30px !important;padding-bottom: 30px !important;}&#8221;][vc_column][vc_column_text][\/vc_column_text][\/vc_column][\/vc_row][vc_row full_width=&#8221;stretch_row&#8221; top=&#8221;30px&#8221; bottom=&#8221;20px&#8221; css=&#8221;.vc_custom_1493834070618{padding-top: 30px !important;padding-bottom: 30px !important;background-color: #f9f9f9 !important;}&#8221;][vc_column width=&#8221;1\/2&#8243;][vc_column_text]<\/p>\n<h2>Unterkunft plus Spanischkurs in Barcelona gesucht?<\/h2>\n<p>Sie k\u00f6nnen bei uns nicht nur den Sprachkurs ihrer Wahl buchen, sondern wir vermitteln Ihnen auch die passende Unterkunft. Vom Privatzimmer bis zum Luxushotel k\u00f6nnen Sie von uns jede Kategorie bekommen. Sagen Sie uns einfach, welche Art von Unterkunft Sie w\u00fcnschen, wir k\u00fcmmern uns um den Rest. Weitere Informationen und Preise f\u00fcr Ihre <a href=\"https:\/\/www.academia-barcelona.com\/de\/spanischkurs-mit-unterkunft-in-barcelona\/\">Unterkunft finden Sie hier!<\/a>[\/vc_column_text][\/vc_column][vc_column width=&#8221;1\/2&#8243;][vc_single_image image=&#8221;8453&#8243; img_size=&#8221;full&#8221; alignment=&#8221;center&#8221; style=&#8221;vc_box_outline&#8221;][\/vc_column][\/vc_row][vc_row full_width=&#8221;stretch_row&#8221; top=&#8221;30px&#8221; bottom=&#8221;20px&#8221; css=&#8221;.vc_custom_1493838680898{padding-top: 30px !important;padding-bottom: 30px !important;}&#8221;][vc_column][vc_column_text]<\/p>\n<h2>Wir unterrichten in Kleingruppen<\/h2>\n<p>Unser Unterricht findet in Kleingruppen statt. Das hat den Vorteil, dass Sie sich aktiv am Unterricht beteiligen k\u00f6nnen. Die Lehrer gehen genau auf ihre Bed\u00fcrfnisse ein. So lernen sie die neue Sprache innerhalb k\u00fcrzester Zeit.[\/vc_column_text][vc_gmaps link=&#8221;#E-8_JTNDaWZyYW1lJTIwc3JjJTNEJTIyaHR0cHMlM0ElMkYlMkZ3d3cuZ29vZ2xlLmNvbSUyRm1hcHMlMkZlbWJlZCUzRnBiJTNEJTIxMW0xOCUyMTFtMTIlMjExbTMlMjExZDI5OTMuMTk2OTMyNTkzOTY2JTIxMmQyLjE2NjgxOTQxNTcyNzA3MDQlMjEzZDQxLjM5MTUyOTQwMzcwMDY0NSUyMTJtMyUyMTFmMCUyMTJmMCUyMTNmMCUyMTNtMiUyMTFpMTAyNCUyMTJpNzY4JTIxNGYxMy4xJTIxM20zJTIxMW0yJTIxMXMweDEyYTRhMmVkZWU3N2Q2MTclMjUzQTB4YzM3MWViOGNjMWZhZWEwYyUyMTJzQ0JMUyUyQi0lMkJDbGFzZSUyQkJhcmNlbG9uYSUyQkxhbmd1YWdlJTJCU2Nob29sJTIxNWUwJTIxM20yJTIxMXNkZSUyMTJzZXMlMjE0djE0OTM4MDU4NTcyMTIlMjIlMjBzdHlsZSUzRCUyMmJvcmRlciUzQSUyMDBweCUyMG5vbmUlM0IlMjBwb2ludGVyLWV2ZW50cyUzQSUyMG5vbmUlM0IlMjIlMjBhbGxvd2Z1bGxzY3JlZW4lM0QlMjIlMjIlMjB3aWR0aCUzRCUyMjEwMCUyNSUyMiUyMGhlaWdodCUzRCUyMjI1MCUyMiUyMGZyYW1lYm9yZGVyJTNEJTIyMCUyMiUzRSUzQyUyRmlmcmFtZSUzRQ==&#8221;][\/vc_column][\/vc_row][vc_row full_width=&#8221;stretch_row&#8221; top=&#8221;30px&#8221; bottom=&#8221;20px&#8221; css=&#8221;.vc_custom_1493834070618{padding-top: 30px !important;padding-bottom: 30px !important;background-color: #f9f9f9 !important;}&#8221;][vc_column width=&#8221;1\/2&#8243;][vc_single_image image=&#8221;8463&#8243; img_size=&#8221;full&#8221; alignment=&#8221;center&#8221; style=&#8221;vc_box_outline&#8221;][\/vc_column][vc_column width=&#8221;1\/2&#8243;][vc_column_text]<\/p>\n<h2>Ihre Vorteile auf einen Blick:<\/h2>\n<p>[\/vc_column_text]\t<ul class=\"pgs_list pgs_list_style_1\">\n\t\t\t\t\t\t<li>\n\t\t\t\t\t\t\t\t\t<i class=\"fa fa-angle-double-right\"><\/i> <span> Kleingruppen<\/span><\/li>\n\t\t\t\t\t\t\t\t<li>\n\t\t\t\t\t\t\t\t\t<i class=\"fa fa-angle-double-right\"><\/i> <span>Zentrale Lage in Barcelona<\/span><\/li>\n\t\t\t\t\t\t\t\t<li>\n\t\t\t\t\t\t\t\t\t<i class=\"fa fa-angle-double-right\"><\/i> <span>Qualifizierte Sprachlehrer<\/span><\/li>\n\t\t\t\t\t\t\t\t<li>\n\t\t\t\t\t\t\t\t\t<i class=\"fa fa-angle-double-right\"><\/i> <span>Geld-Zur\u00fcck-Garantie<\/span><\/li>\n\t\t\t\t\t\t\t\t<li>\n\t\t\t\t\t\t\t\t\t<i class=\"fa fa-angle-double-right\"><\/i> <span>Unverbindlicher Einstufungstest<\/span><\/li>\n\t\t\t\t\t\t\t\t<li>\n\t\t\t\t\t\t\t\t\t<i class=\"fa fa-angle-double-right\"><\/i> <span>Anerkanntes Sprachzertifikat<\/span><\/li>\n\t\t\t\t\t<\/ul>\n\t[\/vc_column][\/vc_row][vc_row full_width=&#8221;stretch_row&#8221; top=&#8221;30px&#8221; bottom=&#8221;20px&#8221; css=&#8221;.vc_custom_1493838680898{padding-top: 30px !important;padding-bottom: 30px !important;}&#8221;][vc_column][vc_single_image image=&#8221;8472&#8243; img_size=&#8221;full&#8221; alignment=&#8221;center&#8221;][\/vc_column][\/vc_row]<\/p>\n","protected":false},"excerpt":{"rendered":"<p>[vc_row full_width=&#8221;stretch_row_content_no_spaces&#8221; content_placement=&#8221;middle&#8221; css=&#8221;.vc_custom_1613597349215{background: #d6d5d3 url(https:\/\/www.academia-barcelona.com\/wp-content\/uploads\/2021\/02\/fondo-2.jpg?id=12968) !important;background-position: 0 0 !important;background-repeat: repeat !important;}&#8221;][vc_column width=&#8221;1\/2&#8243;][vc_single_image image=&#8221;12961&#8243; img_size=&#8221;full&#8221; alignment=&#8221;center&#8221;][\/vc_column][vc_column width=&#8221;1\/2&#8243; css=&#8221;.vc_custom_1609834442227{background-position: center !important;background-repeat: no-repeat !important;background-size: contain !important;}&#8221;][vc_column_text] Willkommen [\/vc_column_text][vc_column_text] in der Sprachschule Aktiv [\/vc_column_text][vc_row_inner css=&#8221;.vc_custom_1613598094270{margin-top: 10px !important;}&#8221;][vc_column_inner][\/vc_column_inner][\/vc_row_inner][\/vc_column][\/vc_row][vc_row top=&#8221;30px&#8221; bottom=&#8221;20px&#8221; css=&#8221;.vc_custom_1493833927981{padding-top: 30px !important;padding-bottom: 30px !important;}&#8221;][vc_column][vc_column_text] Spanisch lernen in Barcelona \u2013 Spanischkurse &#8211; Sprachschule Barcelona [\/vc_column_text][vc_column_text]Spanisch lernen in Barcelona in&hellip; <a class=\"read-more\" href=\"https:\/\/www.academia-barcelona.com\/de\/\" title=\"Read Home (de)\">Read more &raquo;<\/a><\/p>\n","protected":false},"author":3,"featured_media":0,"parent":0,"menu_order":0,"comment_status":"closed","ping_status":"closed","template":"","meta":{"footnotes":""},"class_list":["post-8505","page","type-page","status-publish","hentry"],"yoast_head":"<!-- This site is optimized with the Yoast SEO plugin v27.1.1 - https:\/\/yoast.com\/product\/yoast-seo-wordpress\/ -->\n<title>Spanisch lernen in Barcelona - Sprachschule - Spanischkurse<\/title>\n<meta name=\"description\" content=\"Spanisch lernen in Barcelona in Kleingruppen, zentral &amp; preisg\u00fcnstig. Spanischkurse in Barcelona f\u00fcr Anf\u00e4nger &amp; Fortgeschrittene.\" \/>\n<meta name=\"robots\" content=\"index, follow, max-snippet:-1, max-image-preview:large, max-video-preview:-1\" \/>\n<link rel=\"canonical\" href=\"https:\/\/www.academia-barcelona.com\/de\/\" \/>\n<meta property=\"og:locale\" content=\"de_DE\" \/>\n<meta property=\"og:type\" content=\"article\" \/>\n<meta property=\"og:title\" content=\"Spanisch lernen in Barcelona - Sprachschule - Spanischkurse\" \/>\n<meta property=\"og:description\" content=\"Spanisch lernen in Barcelona in Kleingruppen, zentral &amp; preisg\u00fcnstig. Spanischkurse in Barcelona f\u00fcr Anf\u00e4nger &amp; Fortgeschrittene.\" \/>\n<meta property=\"og:url\" content=\"https:\/\/www.academia-barcelona.com\/de\/\" \/>\n<meta property=\"article:modified_time\" content=\"2021-11-04T21:38:18+00:00\" \/>\n<meta property=\"og:image\" content=\"https:\/\/www.academia-barcelona.com\/wp-content\/uploads\/2018\/05\/Anfrage-Spanisch-lernen-Barcelona.png\" \/>\n<meta name=\"twitter:card\" content=\"summary_large_image\" \/>\n<meta name=\"twitter:label1\" content=\"Gesch\u00e4tzte Lesezeit\" \/>\n\t<meta name=\"twitter:data1\" content=\"4\u00a0Minuten\" \/>\n<script type=\"application\/ld+json\" class=\"yoast-schema-graph\">{\"@context\":\"https:\/\/schema.org\",\"@graph\":[{\"@type\":\"WebPage\",\"@id\":\"https:\/\/www.academia-barcelona.com\/de\/\",\"url\":\"https:\/\/www.academia-barcelona.com\/de\/\",\"name\":\"Spanisch lernen in Barcelona - Sprachschule - Spanischkurse\",\"isPartOf\":{\"@id\":\"https:\/\/www.academia-barcelona.com\/#website\"},\"primaryImageOfPage\":{\"@id\":\"https:\/\/www.academia-barcelona.com\/de\/#primaryimage\"},\"image\":{\"@id\":\"https:\/\/www.academia-barcelona.com\/de\/#primaryimage\"},\"thumbnailUrl\":\"https:\/\/www.academia-barcelona.com\/wp-content\/uploads\/2018\/05\/Anfrage-Spanisch-lernen-Barcelona.png\",\"datePublished\":\"2017-05-03T18:17:03+00:00\",\"dateModified\":\"2021-11-04T21:38:18+00:00\",\"description\":\"Spanisch lernen in Barcelona in Kleingruppen, zentral & preisg\u00fcnstig. Spanischkurse in Barcelona f\u00fcr Anf\u00e4nger & Fortgeschrittene.\",\"inLanguage\":\"de\",\"potentialAction\":[{\"@type\":\"ReadAction\",\"target\":[\"https:\/\/www.academia-barcelona.com\/de\/\"]}]},{\"@type\":\"ImageObject\",\"inLanguage\":\"de\",\"@id\":\"https:\/\/www.academia-barcelona.com\/de\/#primaryimage\",\"url\":\"https:\/\/www.academia-barcelona.com\/wp-content\/uploads\/2018\/05\/Anfrage-Spanisch-lernen-Barcelona.png\",\"contentUrl\":\"https:\/\/www.academia-barcelona.com\/wp-content\/uploads\/2018\/05\/Anfrage-Spanisch-lernen-Barcelona.png\"},{\"@type\":\"WebSite\",\"@id\":\"https:\/\/www.academia-barcelona.com\/#website\",\"url\":\"https:\/\/www.academia-barcelona.com\/\",\"name\":\"\",\"description\":\"\",\"potentialAction\":[{\"@type\":\"SearchAction\",\"target\":{\"@type\":\"EntryPoint\",\"urlTemplate\":\"https:\/\/www.academia-barcelona.com\/?s={search_term_string}\"},\"query-input\":{\"@type\":\"PropertyValueSpecification\",\"valueRequired\":true,\"valueName\":\"search_term_string\"}}],\"inLanguage\":\"de\"}]}<\/script>\n<!-- \/ Yoast SEO plugin. -->","yoast_head_json":{"title":"Spanisch lernen in Barcelona - Sprachschule - Spanischkurse","description":"Spanisch lernen in Barcelona in Kleingruppen, zentral & preisg\u00fcnstig. Spanischkurse in Barcelona f\u00fcr Anf\u00e4nger & Fortgeschrittene.","robots":{"index":"index","follow":"follow","max-snippet":"max-snippet:-1","max-image-preview":"max-image-preview:large","max-video-preview":"max-video-preview:-1"},"canonical":"https:\/\/www.academia-barcelona.com\/de\/","og_locale":"de_DE","og_type":"article","og_title":"Spanisch lernen in Barcelona - Sprachschule - Spanischkurse","og_description":"Spanisch lernen in Barcelona in Kleingruppen, zentral & preisg\u00fcnstig. Spanischkurse in Barcelona f\u00fcr Anf\u00e4nger & Fortgeschrittene.","og_url":"https:\/\/www.academia-barcelona.com\/de\/","article_modified_time":"2021-11-04T21:38:18+00:00","og_image":[{"url":"https:\/\/www.academia-barcelona.com\/wp-content\/uploads\/2018\/05\/Anfrage-Spanisch-lernen-Barcelona.png","type":"","width":"","height":""}],"twitter_card":"summary_large_image","twitter_misc":{"Gesch\u00e4tzte Lesezeit":"4\u00a0Minuten"},"schema":{"@context":"https:\/\/schema.org","@graph":[{"@type":"WebPage","@id":"https:\/\/www.academia-barcelona.com\/de\/","url":"https:\/\/www.academia-barcelona.com\/de\/","name":"Spanisch lernen in Barcelona - Sprachschule - Spanischkurse","isPartOf":{"@id":"https:\/\/www.academia-barcelona.com\/#website"},"primaryImageOfPage":{"@id":"https:\/\/www.academia-barcelona.com\/de\/#primaryimage"},"image":{"@id":"https:\/\/www.academia-barcelona.com\/de\/#primaryimage"},"thumbnailUrl":"https:\/\/www.academia-barcelona.com\/wp-content\/uploads\/2018\/05\/Anfrage-Spanisch-lernen-Barcelona.png","datePublished":"2017-05-03T18:17:03+00:00","dateModified":"2021-11-04T21:38:18+00:00","description":"Spanisch lernen in Barcelona in Kleingruppen, zentral & preisg\u00fcnstig. Spanischkurse in Barcelona f\u00fcr Anf\u00e4nger & Fortgeschrittene.","inLanguage":"de","potentialAction":[{"@type":"ReadAction","target":["https:\/\/www.academia-barcelona.com\/de\/"]}]},{"@type":"ImageObject","inLanguage":"de","@id":"https:\/\/www.academia-barcelona.com\/de\/#primaryimage","url":"https:\/\/www.academia-barcelona.com\/wp-content\/uploads\/2018\/05\/Anfrage-Spanisch-lernen-Barcelona.png","contentUrl":"https:\/\/www.academia-barcelona.com\/wp-content\/uploads\/2018\/05\/Anfrage-Spanisch-lernen-Barcelona.png"},{"@type":"WebSite","@id":"https:\/\/www.academia-barcelona.com\/#website","url":"https:\/\/www.academia-barcelona.com\/","name":"","description":"","potentialAction":[{"@type":"SearchAction","target":{"@type":"EntryPoint","urlTemplate":"https:\/\/www.academia-barcelona.com\/?s={search_term_string}"},"query-input":{"@type":"PropertyValueSpecification","valueRequired":true,"valueName":"search_term_string"}}],"inLanguage":"de"}]}},"_links":{"self":[{"href":"https:\/\/www.academia-barcelona.com\/de\/wp-json\/wp\/v2\/pages\/8505","targetHints":{"allow":["GET"]}}],"collection":[{"href":"https:\/\/www.academia-barcelona.com\/de\/wp-json\/wp\/v2\/pages"}],"about":[{"href":"https:\/\/www.academia-barcelona.com\/de\/wp-json\/wp\/v2\/types\/page"}],"author":[{"embeddable":true,"href":"https:\/\/www.academia-barcelona.com\/de\/wp-json\/wp\/v2\/users\/3"}],"replies":[{"embeddable":true,"href":"https:\/\/www.academia-barcelona.com\/de\/wp-json\/wp\/v2\/comments?post=8505"}],"version-history":[{"count":54,"href":"https:\/\/www.academia-barcelona.com\/de\/wp-json\/wp\/v2\/pages\/8505\/revisions"}],"predecessor-version":[{"id":13745,"href":"https:\/\/www.academia-barcelona.com\/de\/wp-json\/wp\/v2\/pages\/8505\/revisions\/13745"}],"wp:attachment":[{"href":"https:\/\/www.academia-barcelona.com\/de\/wp-json\/wp\/v2\/media?parent=8505"}],"curies":[{"name":"wp","href":"https:\/\/api.w.org\/{rel}","templated":true}]}}