{"id":842,"date":"2015-12-07T17:16:02","date_gmt":"2015-12-07T17:16:02","guid":{"rendered":"http:\/\/www.barcelona-sprachschule.de\/?page_id=842"},"modified":"2021-02-17T22:57:30","modified_gmt":"2021-02-17T22:57:30","slug":"anmeldung","status":"publish","type":"page","link":"https:\/\/www.academia-barcelona.com\/de\/anmeldung\/","title":{"rendered":"Anmeldung"},"content":{"rendered":"<p>[vc_row css=&#8221;.vc_custom_1613602646886{margin-top: 20px !important;padding-bottom: 30px !important;}&#8221;][vc_column][vc_column_text]<\/p>\n<h1>Anmeldung in unserer Sprachschule<\/h1>\n<p>Hier k\u00f6nnen Sie sich verbindlich f\u00fcr einen unserer Kurse anmelden! Jetzt anmelden in unserer Sprachschule![\/vc_column_text][\/vc_column][\/vc_row][vc_row full_width=&#8221;stretch_row&#8221; css=&#8221;.vc_custom_1493991688327{padding-top: 30px !important;padding-bottom: 30px !important;background-color: #f9f9f9 !important;}&#8221;][vc_column][vc_column_text]\n<div class=\"wpcf7 no-js\" id=\"wpcf7-f2203-o1\" lang=\"es-ES\" dir=\"ltr\" data-wpcf7-id=\"2203\">\n<div class=\"screen-reader-response\"><p role=\"status\" aria-live=\"polite\" aria-atomic=\"true\"><\/p> <ul><\/ul><\/div>\n<form action=\"\/de\/wp-json\/wp\/v2\/pages\/842#wpcf7-f2203-o1\" method=\"post\" class=\"wpcf7-form init wpcf7-acceptance-as-validation\" aria-label=\"Formulario de contacto\" novalidate=\"novalidate\" data-status=\"init\">\n<fieldset class=\"hidden-fields-container\"><input type=\"hidden\" name=\"_wpcf7\" value=\"2203\" \/><input type=\"hidden\" name=\"_wpcf7_version\" value=\"6.1.5\" \/><input type=\"hidden\" name=\"_wpcf7_locale\" value=\"es_ES\" \/><input type=\"hidden\" name=\"_wpcf7_unit_tag\" value=\"wpcf7-f2203-o1\" \/><input type=\"hidden\" name=\"_wpcf7_container_post\" value=\"0\" \/><input type=\"hidden\" name=\"_wpcf7_posted_data_hash\" value=\"\" \/><input type=\"hidden\" name=\"_wpcf7cf_hidden_group_fields\" value=\"[]\" \/><input type=\"hidden\" name=\"_wpcf7cf_hidden_groups\" value=\"[]\" \/><input type=\"hidden\" name=\"_wpcf7cf_visible_groups\" value=\"[]\" \/><input type=\"hidden\" name=\"_wpcf7cf_repeaters\" value=\"[]\" \/><input type=\"hidden\" name=\"_wpcf7cf_steps\" value=\"{}\" \/><input type=\"hidden\" name=\"_wpcf7cf_options\" value=\"{&quot;form_id&quot;:2203,&quot;conditions&quot;:[{&quot;then_field&quot;:&quot;kursart2&quot;,&quot;and_rules&quot;:[{&quot;if_field&quot;:&quot;Kursart&quot;,&quot;operator&quot;:&quot;equals&quot;,&quot;if_value&quot;:&quot;andere Kursart&quot;},{&quot;if_field&quot;:&quot;kursart22&quot;,&quot;operator&quot;:&quot;not equals&quot;,&quot;if_value&quot;:&quot;Kursart&quot;}]},{&quot;then_field&quot;:&quot;kursartintensiv&quot;,&quot;and_rules&quot;:[{&quot;if_field&quot;:&quot;Kursart&quot;,&quot;operator&quot;:&quot;equals&quot;,&quot;if_value&quot;:&quot;Intensivkurs&quot;}]},{&quot;then_field&quot;:&quot;kursartprivatfirmen&quot;,&quot;and_rules&quot;:[{&quot;if_field&quot;:&quot;Kursart&quot;,&quot;operator&quot;:&quot;equals&quot;,&quot;if_value&quot;:&quot;Privatkurs&quot;}]},{&quot;then_field&quot;:&quot;kursartprivatfirmen&quot;,&quot;and_rules&quot;:[{&quot;if_field&quot;:&quot;Kursart&quot;,&quot;operator&quot;:&quot;equals&quot;,&quot;if_value&quot;:&quot;Firmenkurs&quot;}]}],&quot;settings&quot;:{&quot;animation&quot;:&quot;yes&quot;,&quot;animation_intime&quot;:200,&quot;animation_outtime&quot;:200,&quot;conditions_ui&quot;:&quot;normal&quot;,&quot;notice_dismissed&quot;:false}}\" \/><input type=\"hidden\" name=\"_wpcf7_recaptcha_response\" value=\"\" \/>\n<\/fieldset>\n<p>Anrede*\n<\/p>\n<p><span class=\"wpcf7-form-control-wrap\" data-name=\"anrede\"><select class=\"wpcf7-form-control wpcf7-select\" aria-invalid=\"false\" name=\"anrede\"><option value=\"\">&#8212;Por favor, elige una opci\u00f3n&#8212;<\/option><option value=\"Frau\">Frau<\/option><option value=\"Herr\">Herr<\/option><\/select><\/span>\n<\/p>\n<p>Firma: <span class=\"wpcf7-form-control-wrap\" data-name=\"Firma\"><input size=\"40\" maxlength=\"400\" class=\"wpcf7-form-control wpcf7-text\" aria-invalid=\"false\" value=\"\" type=\"text\" name=\"Firma\" \/><\/span>\n<\/p>\n<p>Vorname*: <span class=\"wpcf7-form-control-wrap\" data-name=\"Vorname\"><input size=\"40\" maxlength=\"400\" class=\"wpcf7-form-control wpcf7-text wpcf7-validates-as-required\" aria-required=\"true\" aria-invalid=\"false\" value=\"\" type=\"text\" name=\"Vorname\" \/><\/span>\n<\/p>\n<p>Nachname*: <span class=\"wpcf7-form-control-wrap\" data-name=\"Nachname\"><input size=\"40\" maxlength=\"400\" class=\"wpcf7-form-control wpcf7-text wpcf7-validates-as-required\" aria-required=\"true\" aria-invalid=\"false\" value=\"\" type=\"text\" name=\"Nachname\" \/><\/span>\n<\/p>\n<p>Stra&szlig;e*: <span class=\"wpcf7-form-control-wrap\" data-name=\"Strasse\"><input size=\"40\" maxlength=\"400\" class=\"wpcf7-form-control wpcf7-text wpcf7-validates-as-required\" aria-required=\"true\" aria-invalid=\"false\" value=\"\" type=\"text\" name=\"Strasse\" \/><\/span>\n<\/p>\n<p>Hausnummer*: <span class=\"wpcf7-form-control-wrap\" data-name=\"Hausnummer\"><input size=\"40\" maxlength=\"400\" class=\"wpcf7-form-control wpcf7-text wpcf7-validates-as-required\" aria-required=\"true\" aria-invalid=\"false\" value=\"\" type=\"text\" name=\"Hausnummer\" \/><\/span>\n<\/p>\n<p>PLZ*: <span class=\"wpcf7-form-control-wrap\" data-name=\"PLZ\"><input size=\"40\" maxlength=\"400\" class=\"wpcf7-form-control wpcf7-text wpcf7-validates-as-required\" aria-required=\"true\" aria-invalid=\"false\" value=\"\" type=\"text\" name=\"PLZ\" \/><\/span>\n<\/p>\n<p>Ort*: <span class=\"wpcf7-form-control-wrap\" data-name=\"Ort\"><input size=\"40\" maxlength=\"400\" class=\"wpcf7-form-control wpcf7-text wpcf7-validates-as-required\" aria-required=\"true\" aria-invalid=\"false\" value=\"\" type=\"text\" name=\"Ort\" \/><\/span>\n<\/p>\n<p>Land*: <span class=\"wpcf7-form-control-wrap\" data-name=\"Land\"><input size=\"40\" maxlength=\"400\" class=\"wpcf7-form-control wpcf7-text wpcf7-validates-as-required\" aria-required=\"true\" aria-invalid=\"false\" value=\"\" type=\"text\" name=\"Land\" \/><\/span>\n<\/p>\n<p>Telefon*: <span class=\"wpcf7-form-control-wrap\" data-name=\"Telefon\"><input size=\"40\" maxlength=\"400\" class=\"wpcf7-form-control wpcf7-tel wpcf7-validates-as-required wpcf7-text wpcf7-validates-as-tel\" aria-required=\"true\" aria-invalid=\"false\" value=\"\" type=\"tel\" name=\"Telefon\" \/><\/span>\n<\/p>\n<p>E-mail*: <span class=\"wpcf7-form-control-wrap\" data-name=\"Email\"><input size=\"40\" maxlength=\"400\" class=\"wpcf7-form-control wpcf7-email wpcf7-validates-as-required wpcf7-text wpcf7-validates-as-email medium\" aria-required=\"true\" aria-invalid=\"false\" value=\"\" type=\"email\" name=\"Email\" \/><\/span>\n<\/p>\n<p><B>Kursinformationen: <\/b>\n<\/p>\n<p>Welchen Deutschkurs m\u00f6chten Sie belegen?* : <span class=\"wpcf7-form-control-wrap\" data-name=\"Sprache\"><select class=\"wpcf7-form-control wpcf7-select wpcf7-validates-as-required\" aria-required=\"true\" aria-invalid=\"false\" name=\"Sprache\"><option value=\"\">&#8212;Por favor, elige una opci\u00f3n&#8212;<\/option><option value=\"Deutsch Intensivkurs\">Deutsch Intensivkurs<\/option><option value=\"Online-Deutschkurse\">Online-Deutschkurse<\/option><option value=\"Ausf\u00fchrlicher Deutschkurs\">Ausf\u00fchrlicher Deutschkurs<\/option><option value=\"Deutsch-Privatunterricht\">Deutsch-Privatunterricht<\/option><option value=\"Deutschkurs f\u00fcr Paare\">Deutschkurs f\u00fcr Paare<\/option><option value=\"Deutschkurse f\u00fcr die Telc-Pr\u00fcfung\">Deutschkurse f\u00fcr die Telc-Pr\u00fcfung<\/option><option value=\"Deutschkurse f\u00fcr Pflegekr\u00e4fte in Barcelona\">Deutschkurse f\u00fcr Pflegekr\u00e4fte in Barcelona<\/option><option value=\"Deutschkurs f\u00fcr \u00c4rzte und \u00c4rzte\">Deutschkurs f\u00fcr \u00c4rzte und \u00c4rzte<\/option><option value=\"Online-Intensivkurse Deutsch\">Online-Intensivkurse Deutsch<\/option><\/select><\/span>\n<\/p>\n<p>Kursart*: <span class=\"wpcf7-form-control-wrap\" data-name=\"Kursart\"><select class=\"wpcf7-form-control wpcf7-select wpcf7-validates-as-required\" aria-required=\"true\" aria-invalid=\"false\" name=\"Kursart\"><option value=\"Intensivkurs\">Intensivkurs<\/option><option value=\"Abendkurs\">Abendkurs<\/option><option value=\"Privatkurs\">Privatkurs<\/option><option value=\"Firmenkurs\">Firmenkurs<\/option><option value=\"andere Kursart\">andere Kursart<\/option><\/select><\/span>\n<\/p>\n<div data-id=\"kursart2\" data-orig_data_id=\"kursart2\"  class=\"\" data-class=\"wpcf7cf_group\">\n\t<p>Bitte geben Sie hier die gew\u00fcnschte Kursart an*:<br \/>\n<span class=\"wpcf7-form-control-wrap\" data-name=\"kursart22\"><input size=\"40\" maxlength=\"400\" class=\"wpcf7-form-control wpcf7-text wpcf7-validates-as-required\" aria-required=\"true\" aria-invalid=\"false\" value=\"\" type=\"text\" name=\"kursart22\" \/><\/span>\n\t<\/p>\n<\/div>\n<div data-id=\"kursartintensiv\" data-orig_data_id=\"kursartintensiv\"  class=\"\" data-class=\"wpcf7cf_group\">\n\t<p>Deutschkurs - Gew\u00fcnschte Dauer *:<br \/>\n<span class=\"wpcf7-form-control-wrap\" data-name=\"dauerintensiv\"><input class=\"wpcf7-form-control wpcf7-number wpcf7-validates-as-required wpcf7-validates-as-number\" aria-required=\"true\" aria-invalid=\"false\" value=\"\" type=\"number\" name=\"dauerintensiv\" \/><\/span>\n\t<\/p>\n<\/div>\n<div data-id=\"kursartprivatfirmen\" data-orig_data_id=\"kursartprivatfirmen\"  class=\"\" data-class=\"wpcf7cf_group\">\n\t<p>Anzahl der Unterrichtsstunden (\u00e0 45 Min.)*:<br \/>\n<span class=\"wpcf7-form-control-wrap\" data-name=\"dauerprivatfirmen\"><input class=\"wpcf7-form-control wpcf7-number wpcf7-validates-as-required wpcf7-validates-as-number\" aria-required=\"true\" aria-invalid=\"false\" value=\"\" type=\"number\" name=\"dauerprivatfirmen\" \/><\/span>\n\t<\/p>\n<\/div>\n<p>Niveau*: <span class=\"wpcf7-form-control-wrap\" data-name=\"niveau\"><select class=\"wpcf7-form-control wpcf7-select wpcf7-validates-as-required\" aria-required=\"true\" aria-invalid=\"false\" name=\"niveau\"><option value=\"A1 (Einstieg \/ Beginner)\">A1 (Einstieg \/ Beginner)<\/option><option value=\"A2 (Grundlagen \/ Elementary)\">A2 (Grundlagen \/ Elementary)<\/option><option value=\"B1 (Mittelstufe \/ Intermediate)\">B1 (Mittelstufe \/ Intermediate)<\/option><option value=\"B2 (gute Mittelstufe \/ Vantage)\">B2 (gute Mittelstufe \/ Vantage)<\/option><option value=\"C1 (fortgeschrittene Kenntnisse \/ Advanced)\">C1 (fortgeschrittene Kenntnisse \/ Advanced)<\/option><option value=\"C2 (exzellente Kenntnisse \/ Proficiency)\">C2 (exzellente Kenntnisse \/ Proficiency)<\/option><\/select><\/span>\n<\/p>\n<p>Kursbeginn*: <span class=\"wpcf7-form-control-wrap\" data-name=\"Kursbeginn\"><input class=\"wpcf7-form-control wpcf7-date wpcf7-validates-as-required wpcf7-validates-as-date\" aria-required=\"true\" aria-invalid=\"false\" value=\"\" type=\"date\" name=\"Kursbeginn\" \/><\/span>\n<\/p>\n<p><B>Zahlung: <\/b>\n<\/p>\n<p>Zahlungsmethoden: <span class=\"wpcf7-form-control-wrap\" data-name=\"Zahlung\"><select class=\"wpcf7-form-control wpcf7-select wpcf7-validates-as-required\" aria-required=\"true\" aria-invalid=\"false\" name=\"Zahlung\"><option value=\"Bank\u00fcberweisung\">Bank\u00fcberweisung<\/option><option value=\"Paypal: buchhaltung1@sprachscule-aktiv.de\">Paypal: buchhaltung1@sprachscule-aktiv.de<\/option><\/select><\/span>\n<\/p>\n<p><B>Bemerkungen, Hinweise<\/b>\n<\/p>\n<p><span class=\"wpcf7-form-control-wrap\" data-name=\"Bemerkungen\"><textarea cols=\"40\" rows=\"10\" maxlength=\"2000\" class=\"wpcf7-form-control wpcf7-textarea\" aria-invalid=\"false\" name=\"Bemerkungen\"><\/textarea><\/span>\n<\/p>\n<div style=\"\">\n\t<p><span class=\"wpcf7-form-control-wrap\" data-name=\"agb\"><span class=\"wpcf7-form-control wpcf7-acceptance\"><span class=\"wpcf7-list-item\"><input type=\"checkbox\" name=\"agb\" value=\"1\" aria-invalid=\"false\" \/><\/span><\/span><\/span> (*) Ich habe die <a href=\"https:\/\/www.academia-barcelona.com\/condiciones-generales\/\" target=\"_blank\">Allgemeinen Gesch\u00e4ftsbedingungen<\/a> akzeptiert und habe die Hinweise zum <a href=\"https:\/\/www.academia-barcelona.com\/politica-de-privacidad\/\" target=\"_blank\">Datenschutz<\/a> zur Kenntnis genommen.\n\t<\/p>\n<\/div>\n<p><b>Wichtige Information \u2013 Nutzung Ihrer Daten aus diesem Formular<\/b><br \/>\nWichtige Hinweise zum Datenschutz: Ich habe zur Kenntnis genommen, dass ich das Recht auf Auskunft, Korrektur, L\u00f6schung oder Anonymisierung meiner Daten habe. Ihre pers\u00f6nlichen Daten werden in unserer hausinternen Datenbank gespeichert und dienen ausschlie\u00dflich der Bearbeitung Ihrer Anfrage bzw. Anmeldung. Wir geben Ihre pers\u00f6nlichen Daten grunds\u00e4tzlich nicht ohne Ihre Einwilligung an Dritte weiter, sofern dies nicht zur Vertragsdurchf\u00fchrung notwendig ist oder Sie uns dazu auffordern. Weitere Informationen entnehmen Sie bitte unserer <a href=\"https:\/\/www.academia-barcelona.com\/politica-de-privacidad\/\" target=\"_blank\">Datenschutzerkl\u00e4rung<\/a>.\n<\/p>\n\n<p><input class=\"wpcf7-form-control wpcf7-submit has-spinner\" type=\"submit\" value=\"Kostenpflichtig bestellen\" \/>\n<\/p><div class=\"wpcf7-response-output\" aria-hidden=\"true\"><\/div>\n<\/form>\n<\/div>\n[\/vc_column_text][\/vc_column][\/vc_row]<\/p>\n","protected":false},"excerpt":{"rendered":"<p>[vc_row css=&#8221;.vc_custom_1613602646886{margin-top: 20px !important;padding-bottom: 30px !important;}&#8221;][vc_column][vc_column_text] Anmeldung in unserer Sprachschule Hier k\u00f6nnen Sie sich verbindlich f\u00fcr einen unserer Kurse anmelden! Jetzt anmelden in unserer Sprachschule![\/vc_column_text][\/vc_column][\/vc_row][vc_row full_width=&#8221;stretch_row&#8221; css=&#8221;.vc_custom_1493991688327{padding-top: 30px !important;padding-bottom: 30px !important;background-color: #f9f9f9 !important;}&#8221;][vc_column][vc_column_text][\/vc_column_text][\/vc_column][\/vc_row]<\/p>\n","protected":false},"author":3,"featured_media":0,"parent":0,"menu_order":0,"comment_status":"closed","ping_status":"closed","template":"","meta":{"footnotes":""},"class_list":["post-842","page","type-page","status-publish","hentry"],"yoast_head":"<!-- This site is optimized with the Yoast SEO plugin v27.1.1 - https:\/\/yoast.com\/product\/yoast-seo-wordpress\/ -->\n<title>Anmeldung f\u00fcr Sprachkurse - Academia Barcelona<\/title>\n<meta name=\"description\" content=\"Anmeldung - hier melden Sie sich verbindlich f\u00fcr einen unserer Sprachkurse in der Academia Barcelona im Herzen Barcelonas an!\" \/>\n<meta name=\"robots\" content=\"index, follow, max-snippet:-1, max-image-preview:large, max-video-preview:-1\" \/>\n<link rel=\"canonical\" href=\"https:\/\/www.academia-barcelona.com\/de\/anmeldung\/\" \/>\n<meta property=\"og:locale\" content=\"de_DE\" \/>\n<meta property=\"og:type\" content=\"article\" \/>\n<meta property=\"og:title\" content=\"Anmeldung f\u00fcr Sprachkurse - Academia Barcelona\" \/>\n<meta property=\"og:description\" content=\"Anmeldung - hier melden Sie sich verbindlich f\u00fcr einen unserer Sprachkurse in der Academia Barcelona im Herzen Barcelonas an!\" \/>\n<meta property=\"og:url\" content=\"https:\/\/www.academia-barcelona.com\/de\/anmeldung\/\" \/>\n<meta property=\"article:modified_time\" content=\"2021-02-17T22:57:30+00:00\" \/>\n<meta name=\"twitter:card\" content=\"summary_large_image\" \/>\n<script type=\"application\/ld+json\" class=\"yoast-schema-graph\">{\"@context\":\"https:\/\/schema.org\",\"@graph\":[{\"@type\":\"WebPage\",\"@id\":\"https:\/\/www.academia-barcelona.com\/de\/anmeldung\/\",\"url\":\"https:\/\/www.academia-barcelona.com\/de\/anmeldung\/\",\"name\":\"Anmeldung f\u00fcr Sprachkurse - Academia Barcelona\",\"isPartOf\":{\"@id\":\"https:\/\/www.academia-barcelona.com\/#website\"},\"datePublished\":\"2015-12-07T17:16:02+00:00\",\"dateModified\":\"2021-02-17T22:57:30+00:00\",\"description\":\"Anmeldung - hier melden Sie sich verbindlich f\u00fcr einen unserer Sprachkurse in der Academia Barcelona im Herzen Barcelonas an!\",\"inLanguage\":\"de\",\"potentialAction\":[{\"@type\":\"ReadAction\",\"target\":[\"https:\/\/www.academia-barcelona.com\/de\/anmeldung\/\"]}]},{\"@type\":\"WebSite\",\"@id\":\"https:\/\/www.academia-barcelona.com\/#website\",\"url\":\"https:\/\/www.academia-barcelona.com\/\",\"name\":\"\",\"description\":\"\",\"potentialAction\":[{\"@type\":\"SearchAction\",\"target\":{\"@type\":\"EntryPoint\",\"urlTemplate\":\"https:\/\/www.academia-barcelona.com\/?s={search_term_string}\"},\"query-input\":{\"@type\":\"PropertyValueSpecification\",\"valueRequired\":true,\"valueName\":\"search_term_string\"}}],\"inLanguage\":\"de\"}]}<\/script>\n<!-- \/ Yoast SEO plugin. -->","yoast_head_json":{"title":"Anmeldung f\u00fcr Sprachkurse - Academia Barcelona","description":"Anmeldung - hier melden Sie sich verbindlich f\u00fcr einen unserer Sprachkurse in der Academia Barcelona im Herzen Barcelonas an!","robots":{"index":"index","follow":"follow","max-snippet":"max-snippet:-1","max-image-preview":"max-image-preview:large","max-video-preview":"max-video-preview:-1"},"canonical":"https:\/\/www.academia-barcelona.com\/de\/anmeldung\/","og_locale":"de_DE","og_type":"article","og_title":"Anmeldung f\u00fcr Sprachkurse - Academia Barcelona","og_description":"Anmeldung - hier melden Sie sich verbindlich f\u00fcr einen unserer Sprachkurse in der Academia Barcelona im Herzen Barcelonas an!","og_url":"https:\/\/www.academia-barcelona.com\/de\/anmeldung\/","article_modified_time":"2021-02-17T22:57:30+00:00","twitter_card":"summary_large_image","schema":{"@context":"https:\/\/schema.org","@graph":[{"@type":"WebPage","@id":"https:\/\/www.academia-barcelona.com\/de\/anmeldung\/","url":"https:\/\/www.academia-barcelona.com\/de\/anmeldung\/","name":"Anmeldung f\u00fcr Sprachkurse - Academia Barcelona","isPartOf":{"@id":"https:\/\/www.academia-barcelona.com\/#website"},"datePublished":"2015-12-07T17:16:02+00:00","dateModified":"2021-02-17T22:57:30+00:00","description":"Anmeldung - hier melden Sie sich verbindlich f\u00fcr einen unserer Sprachkurse in der Academia Barcelona im Herzen Barcelonas an!","inLanguage":"de","potentialAction":[{"@type":"ReadAction","target":["https:\/\/www.academia-barcelona.com\/de\/anmeldung\/"]}]},{"@type":"WebSite","@id":"https:\/\/www.academia-barcelona.com\/#website","url":"https:\/\/www.academia-barcelona.com\/","name":"","description":"","potentialAction":[{"@type":"SearchAction","target":{"@type":"EntryPoint","urlTemplate":"https:\/\/www.academia-barcelona.com\/?s={search_term_string}"},"query-input":{"@type":"PropertyValueSpecification","valueRequired":true,"valueName":"search_term_string"}}],"inLanguage":"de"}]}},"_links":{"self":[{"href":"https:\/\/www.academia-barcelona.com\/de\/wp-json\/wp\/v2\/pages\/842","targetHints":{"allow":["GET"]}}],"collection":[{"href":"https:\/\/www.academia-barcelona.com\/de\/wp-json\/wp\/v2\/pages"}],"about":[{"href":"https:\/\/www.academia-barcelona.com\/de\/wp-json\/wp\/v2\/types\/page"}],"author":[{"embeddable":true,"href":"https:\/\/www.academia-barcelona.com\/de\/wp-json\/wp\/v2\/users\/3"}],"replies":[{"embeddable":true,"href":"https:\/\/www.academia-barcelona.com\/de\/wp-json\/wp\/v2\/comments?post=842"}],"version-history":[{"count":9,"href":"https:\/\/www.academia-barcelona.com\/de\/wp-json\/wp\/v2\/pages\/842\/revisions"}],"predecessor-version":[{"id":12997,"href":"https:\/\/www.academia-barcelona.com\/de\/wp-json\/wp\/v2\/pages\/842\/revisions\/12997"}],"wp:attachment":[{"href":"https:\/\/www.academia-barcelona.com\/de\/wp-json\/wp\/v2\/media?parent=842"}],"curies":[{"name":"wp","href":"https:\/\/api.w.org\/{rel}","templated":true}]}}