{"id":832,"date":"2015-12-07T17:03:46","date_gmt":"2015-12-07T17:03:46","guid":{"rendered":"http:\/\/www.barcelona-sprachschule.de\/?page_id=832"},"modified":"2019-10-11T10:20:36","modified_gmt":"2019-10-11T10:20:36","slug":"preise-auf-einen-blick","status":"publish","type":"page","link":"https:\/\/www.academia-barcelona.com\/de\/preise-auf-einen-blick\/","title":{"rendered":"Unsere Preise auf einen Blick"},"content":{"rendered":"<p>[vc_row css=&#8221;.vc_custom_1493988380730{padding-bottom: 30px !important;}&#8221;][vc_column][vc_column_text]<\/p>\n<h1>Unsere Preise f\u00fcr Sprachkurse ohne Unterkunft (in Euro)<\/h1>\n<p>Bei Bedarf vermitteln wir Ihnen gerne zu dem von Ihnen gew\u00e4hlten Kurs eine Unterkunft (Gastfamilie, WG-Zimmer, Hotel, Hostal). Bitte erfragen Sie die Preise hierf\u00fcr unter <a href=\"mailto:info@clase-barcelona.com\">info@clase-barcelona.com<\/a>.<\/p>\n<p>Unsere Preise f\u00fcr Sprachkurse ohne Unterkunft (in Euro) auf einen Blick Sprachschule CBLS \u2013<strong> Preisg\u00fcnstig Spanisch lernen!<\/strong>[\/vc_column_text][\/vc_column][\/vc_row][vc_row full_width=&#8221;stretch_row&#8221; css=&#8221;.vc_custom_1493988460900{padding-top: 30px !important;padding-bottom: 30px !important;background-color: #f9f9f9 !important;}&#8221;][vc_column][vc_column_text]<\/p>\n<table style=\"width: 100%;\">\n<tbody>\n<tr>\n<td>KURS<\/td>\n<td>1 Woche<\/td>\n<td>2 Wochen<\/td>\n<td>3 Wochen<\/td>\n<td>4 Wochen<\/td>\n<\/tr>\n<tr>\n<td><a href=\"https:\/\/www.academia-barcelona.com\/de\/spanischkurse\/spanisch-intensivkurs\/\">Intensivkurs<\/a>*<\/td>\n<td>149\u20ac<\/td>\n<td>279\u20ac<\/td>\n<td>339\u20ac<\/td>\n<td>399\u20ac<\/td>\n<\/tr>\n<\/tbody>\n<\/table>\n<p>[\/vc_column_text][vc_column_text]Bitte erfragen Sie die Preise f\u00fcr l\u00e4ngere Kursdauern per E-Mail.[\/vc_column_text][\/vc_column][\/vc_row][vc_row full_width=&#8221;stretch_row&#8221; css=&#8221;.vc_custom_1493988903572{padding-top: 30px !important;padding-bottom: 30px !important;}&#8221;][vc_column][vc_column_text]<\/p>\n<table style=\"width: 100%;\">\n<tbody>\n<tr>\n<td>KURS<\/td>\n<td>20 Stunden (\u00e0 60 Min.)<\/td>\n<td>40 Stunden (\u00e0 60 Min.)<\/td>\n<\/tr>\n<tr>\n<td><a href=\"https:\/\/www.academia-barcelona.com\/de\/spanischkurse\/spanisch-paarunterricht\/\">Paarunterricht<\/a>*<\/td>\n<td>399\u20ac (pro Person)<\/td>\n<td>749\u20ac (pro Person)<\/td>\n<\/tr>\n<tr>\n<td><\/td>\n<td><\/td>\n<td><\/td>\n<\/tr>\n<\/tbody>\n<\/table>\n<p>[\/vc_column_text][\/vc_column][\/vc_row][vc_row full_width=&#8221;stretch_row&#8221; css=&#8221;.vc_custom_1493989111334{padding-top: 30px !important;padding-bottom: 30px !important;background-color: #f9f9f9 !important;}&#8221;][vc_column][vc_column_text]<\/p>\n<table style=\"width: 100%;\">\n<tbody>\n<tr>\n<td>KURS<\/td>\n<td>1 Stunde (\u00e0 60 Min.)<\/td>\n<td>ab 10 Stunden<\/td>\n<td>ab 20 Stunden<\/td>\n<\/tr>\n<tr>\n<td><a href=\"https:\/\/www.academia-barcelona.com\/de\/spanischkurse\/spanisch-privatunterricht\/\">Privatkurs<\/a>*<\/td>\n<td>40<\/td>\n<td>35 (pro Stunde)<\/td>\n<td>32,50 (pro Stunde)<\/td>\n<\/tr>\n<\/tbody>\n<\/table>\n<p>[\/vc_column_text][\/vc_column][\/vc_row][vc_row full_width=&#8221;stretch_row&#8221; css=&#8221;.vc_custom_1493989231542{padding-top: 30px !important;padding-bottom: 30px !important;}&#8221;][vc_column][vc_column_text]<\/p>\n<table style=\"width: 100%;\">\n<tbody>\n<tr>\n<td>KURS<\/td>\n<td>10er-Pack \u00e0 60 Minunten<\/td>\n<td>20er-Pack \u00e0 60 Minunten<\/td>\n<\/tr>\n<tr>\n<td>Spanisch via Skype*<\/td>\n<td>350<\/td>\n<td>650<\/td>\n<\/tr>\n<\/tbody>\n<\/table>\n<p>[\/vc_column_text][\/vc_column][\/vc_row][vc_row full_width=&#8221;stretch_row&#8221; css=&#8221;.vc_custom_1493989293493{padding-top: 30px !important;padding-bottom: 30px !important;background-color: #f9f9f9 !important;}&#8221;][vc_column][vc_column_text]<\/p>\n<table style=\"width: 100%;\">\n<tbody>\n<tr>\n<td>KURS<\/td>\n<td>Ab 15 Stunden<\/td>\n<\/tr>\n<tr>\n<td><a href=\"https:\/\/www.academia-barcelona.com\/de\/geschlossene-gruppen-schueler-oder-studentengruppen\/\">Geschlossene Gruppen<\/a><\/td>\n<td>Preise von Teilnehmerzahl abh\u00e4ngig. Bitte kontaktieren Sie uns f\u00fcr ein Angebot unter <a href=\"mailto:info@clase-barcelona.com\">info@clase-barcelona.com<\/a><\/td>\n<\/tr>\n<\/tbody>\n<\/table>\n<p>[\/vc_column_text][\/vc_column][\/vc_row][vc_row full_width=&#8221;stretch_row&#8221; css=&#8221;.vc_custom_1493989355077{padding-top: 30px !important;padding-bottom: 30px !important;}&#8221;][vc_column][vc_column_text]<\/p>\n<table style=\"width: 100%;\">\n<tbody>\n<tr>\n<td>KURS<\/td>\n<td>20 Stunden (\u00e0 60 Min.)<\/td>\n<\/tr>\n<tr>\n<td><a href=\"https:\/\/www.academia-barcelona.com\/de\/spanischkurse\/dele-vorbereitungskurse\/\">Spanisch DELE<\/a>*<\/td>\n<td>650\u20ac<\/td>\n<\/tr>\n<\/tbody>\n<\/table>\n<p>[\/vc_column_text][vc_column_text]* Anmeldegeb\u00fchr: einmalig 50 \u20ac bzw. 25 \u20ac bei Buchung von Skype Sprachkursen.<\/p>\n<p>WIR BITTEN SIE DARUM SORGF\u00c4LTIG UNSERE <a href=\"https:\/\/www.academia-barcelona.com\/de\/allgemeine-geschaeftsbedingungen\/\">AGB<\/a> ZU LESEN UND WEISEN DARAUF HIN, DASS MIT BUCHUNG UNSERER LEISTUNGEN DEN AGB ZUGESTIMMT WIRD.[\/vc_column_text][\/vc_column][\/vc_row][vc_row full_width=&#8221;stretch_row&#8221; css=&#8221;.vc_custom_1493989458307{padding-top: 30px !important;padding-bottom: 30px !important;background-color: #f9f9f9 !important;}&#8221;][vc_column][vc_column_text]1 Unterrichtsstunde = 60 Minuten. Die Anmeldegeb\u00fchr enth\u00e4lt bereits verschiedene <a href=\"https:\/\/www.academia-barcelona.com\/de\/sprachschule-barcelona\/ihre-vorteile-auf-einen-blick\/\">Leistungen<\/a>. Bei minderj\u00e4hrigen Sch\u00fclern bitten wir um das Mitsenden einer Einverst\u00e4ndniserkl\u00e4rung der Eltern. Bei Unterbringung in einer Gastfamilie sowie in WGs kann bei Beginn des Kurses eine Kaution von 200 \u20ac in bar verlangt werden.[\/vc_column_text][\/vc_column][\/vc_row]<\/p>\n","protected":false},"excerpt":{"rendered":"<p>[vc_row css=&#8221;.vc_custom_1493988380730{padding-bottom: 30px !important;}&#8221;][vc_column][vc_column_text] Unsere Preise f\u00fcr Sprachkurse ohne Unterkunft (in Euro) Bei Bedarf vermitteln wir Ihnen gerne zu dem von Ihnen gew\u00e4hlten Kurs eine Unterkunft (Gastfamilie, WG-Zimmer, Hotel, Hostal). Bitte erfragen Sie die Preise hierf\u00fcr unter info@clase-barcelona.com. Unsere Preise f\u00fcr Sprachkurse ohne Unterkunft (in Euro) auf einen Blick Sprachschule CBLS \u2013 Preisg\u00fcnstig Spanisch lernen![\/vc_column_text][\/vc_column][\/vc_row][vc_row&hellip; <a class=\"read-more\" href=\"https:\/\/www.academia-barcelona.com\/de\/preise-auf-einen-blick\/\" title=\"Read Unsere Preise auf einen Blick\">Read more &raquo;<\/a><\/p>\n","protected":false},"author":3,"featured_media":0,"parent":0,"menu_order":0,"comment_status":"closed","ping_status":"closed","template":"","meta":{"footnotes":""},"class_list":["post-832","page","type-page","status-publish","hentry"],"yoast_head":"<!-- This site is optimized with the Yoast SEO plugin v27.1.1 - https:\/\/yoast.com\/product\/yoast-seo-wordpress\/ -->\n<title>Unsere Preise auf einen Blick Sprachschule CBLS<\/title>\n<meta name=\"description\" content=\"Preise auf einen Blick: Anbei finden Sie unsere Preise f\u00fcr Sprachkurse (ohne Unterkunft) an der Clase Barcelona Language School Sprachschule in Barcelona.\" \/>\n<meta name=\"robots\" content=\"index, follow, max-snippet:-1, max-image-preview:large, max-video-preview:-1\" \/>\n<link rel=\"canonical\" href=\"https:\/\/www.academia-barcelona.com\/de\/preise-auf-einen-blick\/\" \/>\n<meta property=\"og:locale\" content=\"de_DE\" \/>\n<meta property=\"og:type\" content=\"article\" \/>\n<meta property=\"og:title\" content=\"Unsere Preise auf einen Blick Sprachschule CBLS\" \/>\n<meta property=\"og:description\" content=\"Preise auf einen Blick: Anbei finden Sie unsere Preise f\u00fcr Sprachkurse (ohne Unterkunft) an der Clase Barcelona Language School Sprachschule in Barcelona.\" \/>\n<meta property=\"og:url\" content=\"https:\/\/www.academia-barcelona.com\/de\/preise-auf-einen-blick\/\" \/>\n<meta property=\"article:modified_time\" content=\"2019-10-11T10:20:36+00:00\" \/>\n<meta name=\"twitter:card\" content=\"summary_large_image\" \/>\n<meta name=\"twitter:label1\" content=\"Gesch\u00e4tzte Lesezeit\" \/>\n\t<meta name=\"twitter:data1\" content=\"2\u00a0Minuten\" \/>\n<script type=\"application\/ld+json\" class=\"yoast-schema-graph\">{\"@context\":\"https:\/\/schema.org\",\"@graph\":[{\"@type\":\"WebPage\",\"@id\":\"https:\/\/www.academia-barcelona.com\/de\/preise-auf-einen-blick\/\",\"url\":\"https:\/\/www.academia-barcelona.com\/de\/preise-auf-einen-blick\/\",\"name\":\"Unsere Preise auf einen Blick Sprachschule CBLS\",\"isPartOf\":{\"@id\":\"https:\/\/www.academia-barcelona.com\/#website\"},\"datePublished\":\"2015-12-07T17:03:46+00:00\",\"dateModified\":\"2019-10-11T10:20:36+00:00\",\"description\":\"Preise auf einen Blick: Anbei finden Sie unsere Preise f\u00fcr Sprachkurse (ohne Unterkunft) an der Clase Barcelona Language School Sprachschule in Barcelona.\",\"inLanguage\":\"de\",\"potentialAction\":[{\"@type\":\"ReadAction\",\"target\":[\"https:\/\/www.academia-barcelona.com\/de\/preise-auf-einen-blick\/\"]}]},{\"@type\":\"WebSite\",\"@id\":\"https:\/\/www.academia-barcelona.com\/#website\",\"url\":\"https:\/\/www.academia-barcelona.com\/\",\"name\":\"\",\"description\":\"\",\"potentialAction\":[{\"@type\":\"SearchAction\",\"target\":{\"@type\":\"EntryPoint\",\"urlTemplate\":\"https:\/\/www.academia-barcelona.com\/?s={search_term_string}\"},\"query-input\":{\"@type\":\"PropertyValueSpecification\",\"valueRequired\":true,\"valueName\":\"search_term_string\"}}],\"inLanguage\":\"de\"}]}<\/script>\n<!-- \/ Yoast SEO plugin. -->","yoast_head_json":{"title":"Unsere Preise auf einen Blick Sprachschule CBLS","description":"Preise auf einen Blick: Anbei finden Sie unsere Preise f\u00fcr Sprachkurse (ohne Unterkunft) an der Clase Barcelona Language School Sprachschule in Barcelona.","robots":{"index":"index","follow":"follow","max-snippet":"max-snippet:-1","max-image-preview":"max-image-preview:large","max-video-preview":"max-video-preview:-1"},"canonical":"https:\/\/www.academia-barcelona.com\/de\/preise-auf-einen-blick\/","og_locale":"de_DE","og_type":"article","og_title":"Unsere Preise auf einen Blick Sprachschule CBLS","og_description":"Preise auf einen Blick: Anbei finden Sie unsere Preise f\u00fcr Sprachkurse (ohne Unterkunft) an der Clase Barcelona Language School Sprachschule in Barcelona.","og_url":"https:\/\/www.academia-barcelona.com\/de\/preise-auf-einen-blick\/","article_modified_time":"2019-10-11T10:20:36+00:00","twitter_card":"summary_large_image","twitter_misc":{"Gesch\u00e4tzte Lesezeit":"2\u00a0Minuten"},"schema":{"@context":"https:\/\/schema.org","@graph":[{"@type":"WebPage","@id":"https:\/\/www.academia-barcelona.com\/de\/preise-auf-einen-blick\/","url":"https:\/\/www.academia-barcelona.com\/de\/preise-auf-einen-blick\/","name":"Unsere Preise auf einen Blick Sprachschule CBLS","isPartOf":{"@id":"https:\/\/www.academia-barcelona.com\/#website"},"datePublished":"2015-12-07T17:03:46+00:00","dateModified":"2019-10-11T10:20:36+00:00","description":"Preise auf einen Blick: Anbei finden Sie unsere Preise f\u00fcr Sprachkurse (ohne Unterkunft) an der Clase Barcelona Language School Sprachschule in Barcelona.","inLanguage":"de","potentialAction":[{"@type":"ReadAction","target":["https:\/\/www.academia-barcelona.com\/de\/preise-auf-einen-blick\/"]}]},{"@type":"WebSite","@id":"https:\/\/www.academia-barcelona.com\/#website","url":"https:\/\/www.academia-barcelona.com\/","name":"","description":"","potentialAction":[{"@type":"SearchAction","target":{"@type":"EntryPoint","urlTemplate":"https:\/\/www.academia-barcelona.com\/?s={search_term_string}"},"query-input":{"@type":"PropertyValueSpecification","valueRequired":true,"valueName":"search_term_string"}}],"inLanguage":"de"}]}},"_links":{"self":[{"href":"https:\/\/www.academia-barcelona.com\/de\/wp-json\/wp\/v2\/pages\/832","targetHints":{"allow":["GET"]}}],"collection":[{"href":"https:\/\/www.academia-barcelona.com\/de\/wp-json\/wp\/v2\/pages"}],"about":[{"href":"https:\/\/www.academia-barcelona.com\/de\/wp-json\/wp\/v2\/types\/page"}],"author":[{"embeddable":true,"href":"https:\/\/www.academia-barcelona.com\/de\/wp-json\/wp\/v2\/users\/3"}],"replies":[{"embeddable":true,"href":"https:\/\/www.academia-barcelona.com\/de\/wp-json\/wp\/v2\/comments?post=832"}],"version-history":[{"count":33,"href":"https:\/\/www.academia-barcelona.com\/de\/wp-json\/wp\/v2\/pages\/832\/revisions"}],"predecessor-version":[{"id":11900,"href":"https:\/\/www.academia-barcelona.com\/de\/wp-json\/wp\/v2\/pages\/832\/revisions\/11900"}],"wp:attachment":[{"href":"https:\/\/www.academia-barcelona.com\/de\/wp-json\/wp\/v2\/media?parent=832"}],"curies":[{"name":"wp","href":"https:\/\/api.w.org\/{rel}","templated":true}]}}