{"id":830,"date":"2015-12-07T16:32:15","date_gmt":"2015-12-07T16:32:15","guid":{"rendered":"http:\/\/www.barcelona-sprachschule.de\/?page_id=830"},"modified":"2021-11-08T07:31:34","modified_gmt":"2021-11-08T07:31:34","slug":"wir-uber-uns","status":"publish","type":"page","link":"https:\/\/www.academia-barcelona.com\/de\/wir-uber-uns\/","title":{"rendered":"Wir \u00fcber uns"},"content":{"rendered":"<p>[vc_row css=&#8221;.vc_custom_1493962768838{padding-bottom: 30px !important;}&#8221;][vc_column][vc_column_text]<\/p>\n<h1>Unsere Arbeitsmethoden um Sprachen zu lernen<\/h1>\n<p>Ein Hauch von frischer Meeresluft, warme Sonnenstrahlen in den Abendstunden, aufgeschlossene Menschen aus aller Welt, lebensfrohe Spanier und ein dazu passender <a href=\"https:\/\/www.academia-barcelona.com\/de\/spanischkurse\/\">Spanischkurs<\/a> mit unserem bew\u00e4hrten Konzept. Das alles in unserer Sprachschule in Barcelona. Unsere Arbeitsmethoden um Sprachen zu lernen \u2013 Fremdsprachen lernen mit bew\u00e4hrten Lernmethoden.<\/p>\n<p>Unsere Sprachschule in Barcelona hat es sich zur Aufgabe gemacht, nicht nur durch reinen Sprachunterricht die spanische Sprache zu vermitteln. Langj\u00e4hrige Erfahrung in Sozial-, Jugend- und Erwachsenenarbeit erm\u00f6glichen es, Hilfestellungen zu geben, um die erworbenen Sprachkenntnisse in einem ad\u00e4quaten Rahmen zu nutzen. Ein Konzept, das nicht nur vorsieht, die Sprache zu vermitteln, sondern auch den dazu passenden Umgang. F\u00fcr jede Altersgruppe haben wir in unserer Sprachschule in Barcelona den passenden Kurs.[\/vc_column_text][\/vc_column][\/vc_row][vc_row full_width=&#8221;stretch_row&#8221; css=&#8221;.vc_custom_1493963038691{padding-top: 30px !important;padding-bottom: 30px !important;background-color: #f9f9f9 !important;}&#8221;][vc_column][vc_column_text]<\/p>\n<h2>Unsere Direktoren<\/h2>\n<p>Wenn Sie bei uns in Barcelona Spanisch lernen m\u00f6chten, bieten wir Ihnen Spanischkurse gem\u00e4\u00df dem gemeinsamen Europ\u00e4ischen Referenzrahmen f\u00fcr Sprachen an. Am Ende unserer Spanischkurse erh\u00e4lt jeder Teilnehmer ein Teilnahmezertifikat. Mit diesem international anerkannten Zertifikat steht Ihnen der Weg in die spanischsprachige Welt offen.[\/vc_column_text][vc_row_inner][vc_column_inner width=&#8221;1\/2&#8243;][vc_column_text]Bei uns lernen Sie Spanisch in einem professionellen Umfeld. <a href=\"https:\/\/www.academia-barcelona.com\/de\/wir-uber-uns\/unser-team\/\">Unser Team<\/a> besteht ausschlie\u00dflich aus Akademikern mit Studienabschluss und langj\u00e4hriger Erfahrung im Unterrichten der spanischen Sprache. Dies wiederum sichert die optimalen Bedingungen f\u00fcr das Erlernen der spanischen Sprache.<\/p>\n<p>\u00dcber die sprachliche Kompetenz hinaus ist es unser Ziel, Sie auch \u00fcber Kulturelles zu informieren. Sie werden mit der spanischen Kultur vertraut gemacht. Dies kann Ihnen unter anderem beruflich weiterhelfen. Sie werden internationale Kollegen, Gesch\u00e4ftspartner und Kunden im multikulturellen Kontext der Globalisierung besser einsch\u00e4tzen k\u00f6nnen. Sprachkenntnisse gelten als Schl\u00fcssel zu einer fremden Kultur.<\/p>\n<p>Beim Erlernen einer fremden Sprache geht es aber nicht nur um Vokabeln oder Grammatik, sondern auch um das Kennenlernen der Geschichte eines Landes, um kulturspezifische Traditionen und das Sammeln von Erfahrungen.<\/p>\n<p>In unserer <strong>Sprachschule \u2013 Academia Barcelona<\/strong> wird Ihnen dieser Schl\u00fcssel von den Lehrern gereicht, damit Sie gemeinsam die T\u00fcren zur spanischen Kultur \u00f6ffnen k\u00f6nnen. Die spanische Sprache ist eine der meist gesprochenen Sprachen der Welt. Mit unseren <a href=\"https:\/\/www.academia-barcelona.com\/de\/spanischkurse\/\"><strong>Sprachkursen in Barcelona<\/strong><\/a> haben Sie die M\u00f6glichkeit, die spanische Sprache zu erlernen und das Land Spanien zu verstehen.<\/p>\n<p>Unser Team besteht aus jungen, motivierten und dynamischen Lehrern, weshalb unsere Sch\u00fcler in einem famili\u00e4ren Umfeld die spanische Sprache erlernen k\u00f6nnen.[\/vc_column_text][\/vc_column_inner][vc_column_inner width=&#8221;1\/2&#8243;][vc_single_image image=&#8221;4978&#8243; img_size=&#8221;full&#8221; alignment=&#8221;center&#8221; style=&#8221;vc_box_outline&#8221;][\/vc_column_inner][\/vc_row_inner][\/vc_column][\/vc_row][vc_row css=&#8221;.vc_custom_1493962970888{padding-top: 30px !important;padding-bottom: 30px !important;}&#8221;][vc_column][vc_single_image image=&#8221;3891&#8243; img_size=&#8221;full&#8221; alignment=&#8221;center&#8221; style=&#8221;vc_box_outline&#8221;][\/vc_column][\/vc_row]<\/p>\n","protected":false},"excerpt":{"rendered":"<p>[vc_row css=&#8221;.vc_custom_1493962768838{padding-bottom: 30px !important;}&#8221;][vc_column][vc_column_text] Unsere Arbeitsmethoden um Sprachen zu lernen Ein Hauch von frischer Meeresluft, warme Sonnenstrahlen in den Abendstunden, aufgeschlossene Menschen aus aller Welt, lebensfrohe Spanier und ein dazu passender Spanischkurs mit unserem bew\u00e4hrten Konzept. Das alles in unserer Sprachschule in Barcelona. Unsere Arbeitsmethoden um Sprachen zu lernen \u2013 Fremdsprachen lernen mit bew\u00e4hrten Lernmethoden.&hellip; <a class=\"read-more\" href=\"https:\/\/www.academia-barcelona.com\/de\/wir-uber-uns\/\" title=\"Read Wir \u00fcber uns\">Read more &raquo;<\/a><\/p>\n","protected":false},"author":3,"featured_media":0,"parent":0,"menu_order":0,"comment_status":"closed","ping_status":"closed","template":"","meta":{"footnotes":""},"class_list":["post-830","page","type-page","status-publish","hentry"],"yoast_head":"<!-- This site is optimized with the Yoast SEO plugin v27.1.1 - https:\/\/yoast.com\/product\/yoast-seo-wordpress\/ -->\n<title>Wir \u00fcber uns: Arbeitsmethoden um Sprachen zu lernen in Barcelona<\/title>\n<meta name=\"description\" content=\"Wir \u00fcber uns: In der CBLS (Clase Barcelona Language School) Sprachschule lernen Sie Spanisch in einem professionllen Umfeld.\" \/>\n<meta name=\"robots\" content=\"index, follow, max-snippet:-1, max-image-preview:large, max-video-preview:-1\" \/>\n<link rel=\"canonical\" href=\"https:\/\/www.academia-barcelona.com\/de\/wir-uber-uns\/\" \/>\n<meta property=\"og:locale\" content=\"de_DE\" \/>\n<meta property=\"og:type\" content=\"article\" \/>\n<meta property=\"og:title\" content=\"Wir \u00fcber uns: Arbeitsmethoden um Sprachen zu lernen in Barcelona\" \/>\n<meta property=\"og:description\" content=\"Wir \u00fcber uns: In der CBLS (Clase Barcelona Language School) Sprachschule lernen Sie Spanisch in einem professionllen Umfeld.\" \/>\n<meta property=\"og:url\" content=\"https:\/\/www.academia-barcelona.com\/de\/wir-uber-uns\/\" \/>\n<meta property=\"article:modified_time\" content=\"2021-11-08T07:31:34+00:00\" \/>\n<meta name=\"twitter:card\" content=\"summary_large_image\" \/>\n<meta name=\"twitter:label1\" content=\"Gesch\u00e4tzte Lesezeit\" \/>\n\t<meta name=\"twitter:data1\" content=\"2\u00a0Minuten\" \/>\n<script type=\"application\/ld+json\" class=\"yoast-schema-graph\">{\"@context\":\"https:\/\/schema.org\",\"@graph\":[{\"@type\":\"WebPage\",\"@id\":\"https:\/\/www.academia-barcelona.com\/de\/wir-uber-uns\/\",\"url\":\"https:\/\/www.academia-barcelona.com\/de\/wir-uber-uns\/\",\"name\":\"Wir \u00fcber uns: Arbeitsmethoden um Sprachen zu lernen in Barcelona\",\"isPartOf\":{\"@id\":\"https:\/\/www.academia-barcelona.com\/#website\"},\"datePublished\":\"2015-12-07T16:32:15+00:00\",\"dateModified\":\"2021-11-08T07:31:34+00:00\",\"description\":\"Wir \u00fcber uns: In der CBLS (Clase Barcelona Language School) Sprachschule lernen Sie Spanisch in einem professionllen Umfeld.\",\"inLanguage\":\"de\",\"potentialAction\":[{\"@type\":\"ReadAction\",\"target\":[\"https:\/\/www.academia-barcelona.com\/de\/wir-uber-uns\/\"]}]},{\"@type\":\"WebSite\",\"@id\":\"https:\/\/www.academia-barcelona.com\/#website\",\"url\":\"https:\/\/www.academia-barcelona.com\/\",\"name\":\"\",\"description\":\"\",\"potentialAction\":[{\"@type\":\"SearchAction\",\"target\":{\"@type\":\"EntryPoint\",\"urlTemplate\":\"https:\/\/www.academia-barcelona.com\/?s={search_term_string}\"},\"query-input\":{\"@type\":\"PropertyValueSpecification\",\"valueRequired\":true,\"valueName\":\"search_term_string\"}}],\"inLanguage\":\"de\"}]}<\/script>\n<!-- \/ Yoast SEO plugin. -->","yoast_head_json":{"title":"Wir \u00fcber uns: Arbeitsmethoden um Sprachen zu lernen in Barcelona","description":"Wir \u00fcber uns: In der CBLS (Clase Barcelona Language School) Sprachschule lernen Sie Spanisch in einem professionllen Umfeld.","robots":{"index":"index","follow":"follow","max-snippet":"max-snippet:-1","max-image-preview":"max-image-preview:large","max-video-preview":"max-video-preview:-1"},"canonical":"https:\/\/www.academia-barcelona.com\/de\/wir-uber-uns\/","og_locale":"de_DE","og_type":"article","og_title":"Wir \u00fcber uns: Arbeitsmethoden um Sprachen zu lernen in Barcelona","og_description":"Wir \u00fcber uns: In der CBLS (Clase Barcelona Language School) Sprachschule lernen Sie Spanisch in einem professionllen Umfeld.","og_url":"https:\/\/www.academia-barcelona.com\/de\/wir-uber-uns\/","article_modified_time":"2021-11-08T07:31:34+00:00","twitter_card":"summary_large_image","twitter_misc":{"Gesch\u00e4tzte Lesezeit":"2\u00a0Minuten"},"schema":{"@context":"https:\/\/schema.org","@graph":[{"@type":"WebPage","@id":"https:\/\/www.academia-barcelona.com\/de\/wir-uber-uns\/","url":"https:\/\/www.academia-barcelona.com\/de\/wir-uber-uns\/","name":"Wir \u00fcber uns: Arbeitsmethoden um Sprachen zu lernen in Barcelona","isPartOf":{"@id":"https:\/\/www.academia-barcelona.com\/#website"},"datePublished":"2015-12-07T16:32:15+00:00","dateModified":"2021-11-08T07:31:34+00:00","description":"Wir \u00fcber uns: In der CBLS (Clase Barcelona Language School) Sprachschule lernen Sie Spanisch in einem professionllen Umfeld.","inLanguage":"de","potentialAction":[{"@type":"ReadAction","target":["https:\/\/www.academia-barcelona.com\/de\/wir-uber-uns\/"]}]},{"@type":"WebSite","@id":"https:\/\/www.academia-barcelona.com\/#website","url":"https:\/\/www.academia-barcelona.com\/","name":"","description":"","potentialAction":[{"@type":"SearchAction","target":{"@type":"EntryPoint","urlTemplate":"https:\/\/www.academia-barcelona.com\/?s={search_term_string}"},"query-input":{"@type":"PropertyValueSpecification","valueRequired":true,"valueName":"search_term_string"}}],"inLanguage":"de"}]}},"_links":{"self":[{"href":"https:\/\/www.academia-barcelona.com\/de\/wp-json\/wp\/v2\/pages\/830","targetHints":{"allow":["GET"]}}],"collection":[{"href":"https:\/\/www.academia-barcelona.com\/de\/wp-json\/wp\/v2\/pages"}],"about":[{"href":"https:\/\/www.academia-barcelona.com\/de\/wp-json\/wp\/v2\/types\/page"}],"author":[{"embeddable":true,"href":"https:\/\/www.academia-barcelona.com\/de\/wp-json\/wp\/v2\/users\/3"}],"replies":[{"embeddable":true,"href":"https:\/\/www.academia-barcelona.com\/de\/wp-json\/wp\/v2\/comments?post=830"}],"version-history":[{"count":30,"href":"https:\/\/www.academia-barcelona.com\/de\/wp-json\/wp\/v2\/pages\/830\/revisions"}],"predecessor-version":[{"id":13811,"href":"https:\/\/www.academia-barcelona.com\/de\/wp-json\/wp\/v2\/pages\/830\/revisions\/13811"}],"wp:attachment":[{"href":"https:\/\/www.academia-barcelona.com\/de\/wp-json\/wp\/v2\/media?parent=830"}],"curies":[{"name":"wp","href":"https:\/\/api.w.org\/{rel}","templated":true}]}}