{"id":818,"date":"2015-12-03T15:55:52","date_gmt":"2015-12-03T15:55:52","guid":{"rendered":"http:\/\/www.barcelona-sprachschule.de\/?page_id=818"},"modified":"2021-11-08T07:30:08","modified_gmt":"2021-11-08T07:30:08","slug":"spanischkurse","status":"publish","type":"page","link":"https:\/\/www.academia-barcelona.com\/de\/spanischkurse\/","title":{"rendered":"Spanischkurse"},"content":{"rendered":"<p>[vc_row css=&#8221;.vc_custom_1493918378670{padding-bottom: 30px !important;}&#8221;][vc_column width=&#8221;1\/2&#8243;][vc_column_text]<\/p>\n<h1>Spanischkurse in Barcelona f\u00fcr Anf\u00e4nger und Fortgeschrittene<\/h1>\n<p>[\/vc_column_text][vc_column_text]In unserer Sprachschule in Barcelona bieten wir ganzj\u00e4hrig verschiedene Spanischkurse sowohl f\u00fcr Anf\u00e4nger als auch f\u00fcr Fortgeschrittene in allen Stufen A1, A2, B1, B2, C1, C2 an.<\/p>\n<p>Barcelona ist eine Millionenstadt mit einer faszinierenden Kultur und einem pulsierenden Nachtleben. Wenn Sie diese Stadt kennenlernen und gleichzeitig die Sprache lernen wollen, ist ein Sprachkurs in unserer Schule optimal. Bei uns k\u00f6nnen Sie unter verschiedenen Kursen w\u00e4hlen, je nachdem, welches Ziel Sie erreichen wollen. sprachkurs barcelona.<\/p>\n<p><a href=\"https:\/\/www.academia-barcelona.com\/de\/kontakt\/\"><img decoding=\"async\" class=\"alignnone size-full wp-image-10292\" src=\"https:\/\/www.academia-barcelona.com\/wp-content\/uploads\/2018\/05\/Anfrage-Spanisch-lernen-Barcelona.png\" alt=\"Spanischkurse Academia Barcelona\" width=\"291\" height=\"70\" \/><\/a>[\/vc_column_text][\/vc_column][vc_column width=&#8221;1\/2&#8243;][vc_single_image image=&#8221;8587&#8243; img_size=&#8221;full&#8221; alignment=&#8221;center&#8221; style=&#8221;vc_box_outline&#8221;][\/vc_column][\/vc_row][vc_row full_width=&#8221;stretch_row&#8221; css=&#8221;.vc_custom_1493918106867{padding-top: 30px !important;padding-bottom: 30px !important;background-color: #f9f9f9 !important;}&#8221;][vc_column width=&#8221;1\/2&#8243;][vc_single_image image=&#8221;8435&#8243; img_size=&#8221;full&#8221; alignment=&#8221;center&#8221; style=&#8221;vc_box_outline&#8221;][\/vc_column][vc_column width=&#8221;1\/2&#8243;][vc_column_text]<\/p>\n<h2>Intensivkurse in Barcelona erm\u00f6glichen Ihnen einen schnellen Spracherwerb<\/h2>\n<p>F\u00fcr den schnellen und gr\u00fcndlichen Spracherwerb bieten wir Ihnen in <a href=\"https:\/\/www.academia-barcelona.com\/de\/spanischkurse\/spanisch-intensivkurs\/\">Barcelona Intensivkurse<\/a> an. Wir bieten Ihnen Kurse in allen Niveaus an, also von A1 bis C2. Unsere Lehrer achten darauf, dass das Lernen in einer ruhigen und in entspannter Atmosph\u00e4re statt. So lernen Sie zwar schnell Spanisch, haben aber keinen unn\u00f6tigen Stress. Wir bieten Ihnen die Kurse mit Unterkunft und Halbpension an. Falls Sie das nicht w\u00fcnschen, k\u00f6nnen Sie auch Kurse ohne Unterkunft buchen.[\/vc_column_text][\/vc_column][\/vc_row][vc_row full_width=&#8221;stretch_row&#8221; css=&#8221;.vc_custom_1493918163719{padding-top: 30px !important;padding-bottom: 30px !important;}&#8221;][vc_column][vc_column_text]<\/p>\n<h2>Spanischkurse in geschlossenen Gruppen in Barcelona<\/h2>\n<p>Spezielle Spanischkurse f\u00fcr geschlossene Gruppen f\u00fcr Schulen, Universit\u00e4ten oder Vereine. F\u00fcr einen l\u00e4ngeren Aufenthalt sind Gruppenkurse optimal. Wir unterrichten wahlweise am Vormittag oder am Abend. Sie lernen die korrekte spanische Aussprache, denn der Unterricht wird ausnahmslos von Muttersprachlern erteilt. Dar\u00fcber hinaus lernen Sie auch die spanische Kultur kennen.<\/p>\n<h2>Ihr Privatlehrer in Barcelona f\u00fcr Spanisch Privatunterricht<\/h2>\n<p>Der K\u00f6nigsweg Spanisch in Barcelona zu lernen ist nat\u00fcrlich der Privatlehrer. Dieser wird nicht durch andere Sch\u00fcler abgelenkt. Er ist nur f\u00fcr Sie da. Er kann Fehler in der Aussprache sofort korrigieren und Sie \u00fcbernehmen keine falsche Aussprache ihrer Mitsch\u00fcler. Sie gehen kein Risiko ein, da die erste Stunde kostenlos ist. Sollte Ihnen der Lehrer nicht zusagen, dann sagen Sie uns einfach Bescheid. F\u00fcr Sch\u00fcler mit Grundkenntnisse ist eine kostenlose Einstufung m\u00f6glich. So kann sich der Lehrer noch besser auf Ihre Bed\u00fcrfnisse einstellen.<br \/>\nDer Lehrer kommt zu Ihnen und richtet sich dabei voll und ganz nach ihren W\u00fcnschen. \u00dcbrigens k\u00f6nnen Sie bis zu drei Freunde zum Kurs einladen, wodurch sich die Kosten reduzieren lassen.<\/p>\n<p>Preise und weitere Informationen f\u00fcr Ihren <a href=\"https:\/\/www.academia-barcelona.com\/de\/spanischkurse\/spanisch-privatunterricht\/\">Spanisch Privatunterricht finden Sie hier!<\/a>[\/vc_column_text][\/vc_column][\/vc_row][vc_row full_width=&#8221;stretch_row&#8221; css=&#8221;.vc_custom_1493918224767{padding-top: 30px !important;padding-bottom: 30px !important;background-color: #f9f9f9 !important;}&#8221;][vc_column][vc_column_text]<\/p>\n<h2>Spanisch Sprachkurse mit Unterkunft in Barcelona<\/h2>\n<p>Suchen Sie eine Unterkunft in Barcelona f\u00fcr Ihren Spanischkurs? Wir bieten Ihnen preisg\u00fcnstige Unterk\u00fcnfte in Gastfamilien, Wohngemeinschaften oder private Wohnungen.\u00a0Preise und weitere Informationen unserer <a href=\"https:\/\/www.academia-barcelona.com\/de\/spanischkurs-mit-unterkunft-in-barcelona\/\">Unterk\u00fcnfte in Barcelona finden Sie hier!<\/a><\/p>\n<h2>Verbringen Sie einen Bildungsurlaub in Barcelona<\/h2>\n<p>Mit einem Bildungsurlaub in Barcelona verbinden Sie das angenehme mit dem n\u00fctzlichen. Sie werden von Ihrem Arbeitgeber f\u00fcr die Zeit von Ihren Verpflichtungen freigestellt. Unsere Kurse sind selbstverst\u00e4ndlich als Bildungsurlaub anerkannt.<\/p>\n<h2>Wir bieten auch Firmenkurse an<\/h2>\n<p>Falls Sie oder \/ und Ihre Mitarbeiter gr\u00fcndliche Spanischkenntnisse ben\u00f6tigen, dann wenden Sie sich an uns. Gute Sprachkenntnisse sind f\u00fcr Ihren Firmenerfolg in Barcelona unverzichtbar. Sie haben die Wahl zwischen Gruppenunterricht und Einzelunterricht.[\/vc_column_text][\/vc_column][\/vc_row][vc_row full_width=&#8221;stretch_row&#8221; css=&#8221;.vc_custom_1493918300064{padding-top: 30px !important;padding-bottom: 30px !important;}&#8221;][vc_column][vc_column_text]<\/p>\n<h2>Wir bereiten Sie auf die DELE Kurse vor<\/h2>\n<p>Selbstverst\u00e4ndlich erhalten Sie am Ende jedes Kurses ein Zertifikat. Wenn Sie mehr wollen, dann bereiten wir Sie auch auf das Diplom<a href=\"https:\/\/www.academia-barcelona.com\/de\/spanischkurse\/dele-vorbereitungskurse\/\"> Spanisch als Fremdsprache (DELE)<\/a> vor.<\/p>\n<h2>Paarkurse in Spanisch in Barcelona<\/h2>\n<p>Eine Sprache lernen Sie am besten in freundlicher und sympathischer Umgebung. Dabei ist nicht nur der Lehrer wichtig, sondern die anderen Kursteilnehmer. Wenn Sie mit Ihrem Partner einen Urlaub in Barcelona verbringen, dann sind unsere <a href=\"https:\/\/www.academia-barcelona.com\/de\/spanischkurse\/spanisch-paarunterricht\/\">Paarkurse <\/a>genau das Richtige f\u00fcr Sie. Selbstverst\u00e4ndlich k\u00f6nnen Sie unseren Paar- und Privatunterricht auch zusammen mit Freunden oder Arbeitskollegen besuchen.<\/p>\n<h2>Die Atmosph\u00e4re ist entscheidend f\u00fcr den Lernerfolg<\/h2>\n<p>F\u00fcr Ihren Lernerfolg ist der Lehrer entscheidend. Wir lassen uns Zeit bei der Auswahl der Lehrer. Wir achten darauf, dass es sich um freundliche Pers\u00f6nlichkeiten handelt. Sie gestalten den Unterricht nach p\u00e4dagogischen Grunds\u00e4tzen. Damit die Lehrkraft Ihren Kenntnisstand einsch\u00e4tzen kann, bieten wir Ihnen einen kostenlosen Einstufungstest an. Nach dem Ende jedes Kurstages k\u00f6nnen Sie Barcelona erkunden und in den Gesch\u00e4ften sofort Ihre neuen Kenntnisse testen. Sie werden erstaunt sein, wie schnell Sie die Sprache beherrschen.[\/vc_column_text][\/vc_column][\/vc_row]<\/p>\n","protected":false},"excerpt":{"rendered":"<p>[vc_row css=&#8221;.vc_custom_1493918378670{padding-bottom: 30px !important;}&#8221;][vc_column width=&#8221;1\/2&#8243;][vc_column_text] Spanischkurse in Barcelona f\u00fcr Anf\u00e4nger und Fortgeschrittene [\/vc_column_text][vc_column_text]In unserer Sprachschule in Barcelona bieten wir ganzj\u00e4hrig verschiedene Spanischkurse sowohl f\u00fcr Anf\u00e4nger als auch f\u00fcr Fortgeschrittene in allen Stufen A1, A2, B1, B2, C1, C2 an. Barcelona ist eine Millionenstadt mit einer faszinierenden Kultur und einem pulsierenden Nachtleben. Wenn Sie diese Stadt&hellip; <a class=\"read-more\" href=\"https:\/\/www.academia-barcelona.com\/de\/spanischkurse\/\" title=\"Read Spanischkurse\">Read more &raquo;<\/a><\/p>\n","protected":false},"author":3,"featured_media":0,"parent":0,"menu_order":0,"comment_status":"closed","ping_status":"closed","template":"","meta":{"footnotes":""},"class_list":["post-818","page","type-page","status-publish","hentry"],"yoast_head":"<!-- This site is optimized with the Yoast SEO plugin v27.1.1 - https:\/\/yoast.com\/product\/yoast-seo-wordpress\/ -->\n<title>Spanischkurse in Barcelona f\u00fcr Anf\u00e4nger und Fortgeschrittene<\/title>\n<meta name=\"description\" content=\"In unserer Sprachschule im Herzen Barcelonas bieten wir ganzj\u00e4hrig verschiedene Spanischkurse sowohl f\u00fcr Anf\u00e4nger als auch f\u00fcr Fortgeschrittene an.\" \/>\n<meta name=\"robots\" content=\"index, follow, max-snippet:-1, max-image-preview:large, max-video-preview:-1\" \/>\n<link rel=\"canonical\" href=\"https:\/\/www.academia-barcelona.com\/de\/spanischkurse\/\" \/>\n<meta property=\"og:locale\" content=\"de_DE\" \/>\n<meta property=\"og:type\" content=\"article\" \/>\n<meta property=\"og:title\" content=\"Spanischkurse in Barcelona f\u00fcr Anf\u00e4nger und Fortgeschrittene\" \/>\n<meta property=\"og:description\" content=\"In unserer Sprachschule im Herzen Barcelonas bieten wir ganzj\u00e4hrig verschiedene Spanischkurse sowohl f\u00fcr Anf\u00e4nger als auch f\u00fcr Fortgeschrittene an.\" \/>\n<meta property=\"og:url\" content=\"https:\/\/www.academia-barcelona.com\/de\/spanischkurse\/\" \/>\n<meta property=\"article:modified_time\" content=\"2021-11-08T07:30:08+00:00\" \/>\n<meta property=\"og:image\" content=\"https:\/\/www.academia-barcelona.com\/wp-content\/uploads\/2018\/05\/Anfrage-Spanisch-lernen-Barcelona.png\" \/>\n<meta name=\"twitter:card\" content=\"summary_large_image\" \/>\n<meta name=\"twitter:label1\" content=\"Gesch\u00e4tzte Lesezeit\" \/>\n\t<meta name=\"twitter:data1\" content=\"4\u00a0Minuten\" \/>\n<script type=\"application\/ld+json\" class=\"yoast-schema-graph\">{\"@context\":\"https:\/\/schema.org\",\"@graph\":[{\"@type\":\"WebPage\",\"@id\":\"https:\/\/www.academia-barcelona.com\/de\/spanischkurse\/\",\"url\":\"https:\/\/www.academia-barcelona.com\/de\/spanischkurse\/\",\"name\":\"Spanischkurse in Barcelona f\u00fcr Anf\u00e4nger und Fortgeschrittene\",\"isPartOf\":{\"@id\":\"https:\/\/www.academia-barcelona.com\/#website\"},\"primaryImageOfPage\":{\"@id\":\"https:\/\/www.academia-barcelona.com\/de\/spanischkurse\/#primaryimage\"},\"image\":{\"@id\":\"https:\/\/www.academia-barcelona.com\/de\/spanischkurse\/#primaryimage\"},\"thumbnailUrl\":\"https:\/\/www.academia-barcelona.com\/wp-content\/uploads\/2018\/05\/Anfrage-Spanisch-lernen-Barcelona.png\",\"datePublished\":\"2015-12-03T15:55:52+00:00\",\"dateModified\":\"2021-11-08T07:30:08+00:00\",\"description\":\"In unserer Sprachschule im Herzen Barcelonas bieten wir ganzj\u00e4hrig verschiedene Spanischkurse sowohl f\u00fcr Anf\u00e4nger als auch f\u00fcr Fortgeschrittene an.\",\"inLanguage\":\"de\",\"potentialAction\":[{\"@type\":\"ReadAction\",\"target\":[\"https:\/\/www.academia-barcelona.com\/de\/spanischkurse\/\"]}]},{\"@type\":\"ImageObject\",\"inLanguage\":\"de\",\"@id\":\"https:\/\/www.academia-barcelona.com\/de\/spanischkurse\/#primaryimage\",\"url\":\"https:\/\/www.academia-barcelona.com\/wp-content\/uploads\/2018\/05\/Anfrage-Spanisch-lernen-Barcelona.png\",\"contentUrl\":\"https:\/\/www.academia-barcelona.com\/wp-content\/uploads\/2018\/05\/Anfrage-Spanisch-lernen-Barcelona.png\"},{\"@type\":\"WebSite\",\"@id\":\"https:\/\/www.academia-barcelona.com\/#website\",\"url\":\"https:\/\/www.academia-barcelona.com\/\",\"name\":\"\",\"description\":\"\",\"potentialAction\":[{\"@type\":\"SearchAction\",\"target\":{\"@type\":\"EntryPoint\",\"urlTemplate\":\"https:\/\/www.academia-barcelona.com\/?s={search_term_string}\"},\"query-input\":{\"@type\":\"PropertyValueSpecification\",\"valueRequired\":true,\"valueName\":\"search_term_string\"}}],\"inLanguage\":\"de\"}]}<\/script>\n<!-- \/ Yoast SEO plugin. -->","yoast_head_json":{"title":"Spanischkurse in Barcelona f\u00fcr Anf\u00e4nger und Fortgeschrittene","description":"In unserer Sprachschule im Herzen Barcelonas bieten wir ganzj\u00e4hrig verschiedene Spanischkurse sowohl f\u00fcr Anf\u00e4nger als auch f\u00fcr Fortgeschrittene an.","robots":{"index":"index","follow":"follow","max-snippet":"max-snippet:-1","max-image-preview":"max-image-preview:large","max-video-preview":"max-video-preview:-1"},"canonical":"https:\/\/www.academia-barcelona.com\/de\/spanischkurse\/","og_locale":"de_DE","og_type":"article","og_title":"Spanischkurse in Barcelona f\u00fcr Anf\u00e4nger und Fortgeschrittene","og_description":"In unserer Sprachschule im Herzen Barcelonas bieten wir ganzj\u00e4hrig verschiedene Spanischkurse sowohl f\u00fcr Anf\u00e4nger als auch f\u00fcr Fortgeschrittene an.","og_url":"https:\/\/www.academia-barcelona.com\/de\/spanischkurse\/","article_modified_time":"2021-11-08T07:30:08+00:00","og_image":[{"url":"https:\/\/www.academia-barcelona.com\/wp-content\/uploads\/2018\/05\/Anfrage-Spanisch-lernen-Barcelona.png","type":"","width":"","height":""}],"twitter_card":"summary_large_image","twitter_misc":{"Gesch\u00e4tzte Lesezeit":"4\u00a0Minuten"},"schema":{"@context":"https:\/\/schema.org","@graph":[{"@type":"WebPage","@id":"https:\/\/www.academia-barcelona.com\/de\/spanischkurse\/","url":"https:\/\/www.academia-barcelona.com\/de\/spanischkurse\/","name":"Spanischkurse in Barcelona f\u00fcr Anf\u00e4nger und Fortgeschrittene","isPartOf":{"@id":"https:\/\/www.academia-barcelona.com\/#website"},"primaryImageOfPage":{"@id":"https:\/\/www.academia-barcelona.com\/de\/spanischkurse\/#primaryimage"},"image":{"@id":"https:\/\/www.academia-barcelona.com\/de\/spanischkurse\/#primaryimage"},"thumbnailUrl":"https:\/\/www.academia-barcelona.com\/wp-content\/uploads\/2018\/05\/Anfrage-Spanisch-lernen-Barcelona.png","datePublished":"2015-12-03T15:55:52+00:00","dateModified":"2021-11-08T07:30:08+00:00","description":"In unserer Sprachschule im Herzen Barcelonas bieten wir ganzj\u00e4hrig verschiedene Spanischkurse sowohl f\u00fcr Anf\u00e4nger als auch f\u00fcr Fortgeschrittene an.","inLanguage":"de","potentialAction":[{"@type":"ReadAction","target":["https:\/\/www.academia-barcelona.com\/de\/spanischkurse\/"]}]},{"@type":"ImageObject","inLanguage":"de","@id":"https:\/\/www.academia-barcelona.com\/de\/spanischkurse\/#primaryimage","url":"https:\/\/www.academia-barcelona.com\/wp-content\/uploads\/2018\/05\/Anfrage-Spanisch-lernen-Barcelona.png","contentUrl":"https:\/\/www.academia-barcelona.com\/wp-content\/uploads\/2018\/05\/Anfrage-Spanisch-lernen-Barcelona.png"},{"@type":"WebSite","@id":"https:\/\/www.academia-barcelona.com\/#website","url":"https:\/\/www.academia-barcelona.com\/","name":"","description":"","potentialAction":[{"@type":"SearchAction","target":{"@type":"EntryPoint","urlTemplate":"https:\/\/www.academia-barcelona.com\/?s={search_term_string}"},"query-input":{"@type":"PropertyValueSpecification","valueRequired":true,"valueName":"search_term_string"}}],"inLanguage":"de"}]}},"_links":{"self":[{"href":"https:\/\/www.academia-barcelona.com\/de\/wp-json\/wp\/v2\/pages\/818","targetHints":{"allow":["GET"]}}],"collection":[{"href":"https:\/\/www.academia-barcelona.com\/de\/wp-json\/wp\/v2\/pages"}],"about":[{"href":"https:\/\/www.academia-barcelona.com\/de\/wp-json\/wp\/v2\/types\/page"}],"author":[{"embeddable":true,"href":"https:\/\/www.academia-barcelona.com\/de\/wp-json\/wp\/v2\/users\/3"}],"replies":[{"embeddable":true,"href":"https:\/\/www.academia-barcelona.com\/de\/wp-json\/wp\/v2\/comments?post=818"}],"version-history":[{"count":36,"href":"https:\/\/www.academia-barcelona.com\/de\/wp-json\/wp\/v2\/pages\/818\/revisions"}],"predecessor-version":[{"id":13810,"href":"https:\/\/www.academia-barcelona.com\/de\/wp-json\/wp\/v2\/pages\/818\/revisions\/13810"}],"wp:attachment":[{"href":"https:\/\/www.academia-barcelona.com\/de\/wp-json\/wp\/v2\/media?parent=818"}],"curies":[{"name":"wp","href":"https:\/\/api.w.org\/{rel}","templated":true}]}}