{"id":5095,"date":"2017-02-17T05:02:58","date_gmt":"2017-02-17T05:02:58","guid":{"rendered":"http:\/\/www.barcelona-sprachschule.de\/?page_id=5095"},"modified":"2017-09-15T08:25:55","modified_gmt":"2017-09-15T08:25:55","slug":"ueber-barcelona","status":"publish","type":"page","link":"https:\/\/www.academia-barcelona.com\/de\/ueber-barcelona\/","title":{"rendered":"\u00dcber Barcelona"},"content":{"rendered":"<p>[vc_row css=&#8221;.vc_custom_1493989574275{padding-bottom: 30px !important;}&#8221;][vc_column][vc_column_text]<\/p>\n<h1>\u00dcber Barcelona \u2013 warum Spanisch lernen in Barcelona<\/h1>\n<p>Die beste Methode eine Sprache zu lernen ist und bleibt ein l\u00e4ngerer Aufenthalt in dem Land. Wer sich entschlie\u00dft, Spanisch zu lernen hat eine gro\u00dfe Auswahl an interessanten St\u00e4dten. In diesen kann er sich nicht nur erholen, sondern auch die Kultur und die Lebensart der Menschen kennenlernen.<\/p>\n<p>Besonders faszinierend ist die nordspanische Stadt Barcelona. Wer gerne badet findet dort einige sch\u00f6ne Str\u00e4nde und die Altstadt ist mehr als einen Besuch wert. Die Stadt hat im Stadtkern 1,6 Millionen Einwohner und ist damit die zweitgr\u00f6\u00dfte Stadt Spaniens. Frankreich und die Pyren\u00e4en liegen 120 Kilometer n\u00f6rdlich der Metropole.<\/p>\n<p><iframe title=\"Barcelona - A magical city\" width=\"500\" height=\"281\" src=\"https:\/\/www.youtube.com\/embed\/W4YEn3LU1Vk?feature=oembed\" frameborder=\"0\" allow=\"accelerometer; autoplay; clipboard-write; encrypted-media; gyroscope; picture-in-picture; web-share\" referrerpolicy=\"strict-origin-when-cross-origin\" allowfullscreen><\/iframe><\/p>\n<p>[\/vc_column_text][\/vc_column][\/vc_row][vc_row full_width=&#8221;stretch_row&#8221; css=&#8221;.vc_custom_1493989621524{padding-bottom: 30px !important;background-color: #f9f9f9 !important;}&#8221;][vc_column][vc_column_text]<\/p>\n<h2>Ein Spaziergang durch die Altstadt von Barcelona<\/h2>\n<p>Wenn Sie sich mit den Schulungsr\u00e4umen vertraut gemacht und die ersten Kontakte unter den Mitsch\u00fclern geschlossen haben, wird es Zeit, die Altstadt von Barcelona zu besichtigen. Von hier aus sind es zu den bedeutendsten Sehensw\u00fcrdigkeiten zu Fu\u00df nur ein paar Minuten. Das Zentrum der Altstadt ist die Pla\u00e7a de Catalunya. Von hier aus k\u00f6nnen Sie die r\u00f6mischen Ruinen, die mittelalterliche Stadt und die Planstadt Eixample erreichen. Wer die Zeit gerne zu einem Einkaufsbummel nutzen m\u00f6chte, sollte sich die Passeig de Gr\u00e0cia besehen. Hier gibt es eine ganze Reihe von exklusiven Boutiquen.<\/p>\n<p>Im Stadtkern gibt es viele interessante Bauwerke, unter anderem die Kathedrale der Heiligen Eul\u00e0lia und das Rathaus. Von hier aus f\u00fchrt die ber\u00fchmte Flaniermeile La Rambla Richtung Hafen. Verweilen Sie bei Blumenverk\u00e4ufer, sitzen Sie sich in gem\u00fctliche Caf\u00e9s und h\u00f6ren Sie den Stra\u00dfenmusikanten zu. In der Altstadt gibt es noch viel mehr zu entdecken und Sie werden sicherlich w\u00e4hrend Ihres Sprachaufenthalts in Barcelona h\u00e4ufiger die Altstadt besuchen.[\/vc_column_text][vc_gallery type=&#8221;image_grid&#8221; images=&#8221;3884,192,3870,526,527,529&#8243;][\/vc_column][\/vc_row][vc_row full_width=&#8221;stretch_row&#8221; css=&#8221;.vc_custom_1493989900051{padding-bottom: 30px !important;}&#8221;][vc_column][vc_column_text]<\/p>\n<h2>Eintauchen ins k\u00fchle Nass<\/h2>\n<p>Da Barcelona direkt am Mittelmeer liegt, ist es bestens f\u00fcr Badefreunde geeignet. In direkter N\u00e4he der Stadt gibt es mehrere Str\u00e4nde, die zum Baden oder Sonnen einladen. In der Hauptsaison kann es allerdings ein wenig eng werden, denn nicht weniger als sieben Millionen Menschen besuchen Jahr f\u00fcr Jahr die Str\u00e4nde in Barcelona. Insgesamt sind die Str\u00e4nde mehr als 4,5 Kilometer lang. Von der Stadt aus sind sie bequem zu Fu\u00df, mit dem Fahrrad oder mit \u00f6ffentlichen Verkehrsmitteln zu erreichen. Die Str\u00e4nde sind sehr gut ausgestattet. Fast \u00fcberall gibt es Duschen, WCs, Sportanlagen und Bars. Schwimmen ist gefahrlos m\u00f6glich, denn Bademeister \u00fcberwachen s\u00e4mtliche Str\u00e4nde. Wem die Str\u00e4nde in der Hauptsaison zu \u00fcberf\u00fcllt ist, der kann sich auch an einem Wochenende in Richtung Costa Brava oder Costa Dourada auf dem Weg machen. Bekannte Str\u00e4nde in Barcelona sind zum Beispiel der Playa de la Barceloneta oder der Playa de Sant Sabasti\u00e0.<\/p>\n<h2>Eintauchen in die spanische Kultur<\/h2>\n<p>Wenn Sie Spanisch in unserer Sprachschule Aktiv lernen, wollen Sie bald mehr von der spanischen Kultur kennen lernen. Der Aufenthalt in Barcelona bietet ihnen viele Gelegenheiten. Unsere Spanischlehrer sind Ihnen bei der Suche nach passenden Veranstaltungen gerne behilflich. Oft organisieren sie sogar selbst einen typisch spanischen Abend. Sie erleben eine typische spanische Paella und dazu passende Tanzvorf\u00fchrungen. Lassen Sie sich verzaubern von der spanischen Lebensart. Wenn Sie nach Deutschland zur\u00fcckkehren, haben Sie nicht nur Ihre Sprachkenntnisse erweitert. Sie haben Spanisch in sich aufgenommen und f\u00fchlen sich als ein Teil dieser Menschen und ihrer Kultur.<\/p>\n<h2>\u00dcberblick unsere Spanischkurse<\/h2>\n<p>Spanisch Sprachkurse f\u00fcr Anf\u00e4nger und Fortgeschrittene \u2013 <a href=\"https:\/\/www.academia-barcelona.com\/de\/preise-auf-einen-blick\/\">Unsere Preise und Anfangstermine finden Sie hier<\/a>[\/vc_column_text][\/vc_column][\/vc_row]<\/p>\n","protected":false},"excerpt":{"rendered":"<p>[vc_row css=&#8221;.vc_custom_1493989574275{padding-bottom: 30px !important;}&#8221;][vc_column][vc_column_text] \u00dcber Barcelona \u2013 warum Spanisch lernen in Barcelona Die beste Methode eine Sprache zu lernen ist und bleibt ein l\u00e4ngerer Aufenthalt in dem Land. Wer sich entschlie\u00dft, Spanisch zu lernen hat eine gro\u00dfe Auswahl an interessanten St\u00e4dten. In diesen kann er sich nicht nur erholen, sondern auch die Kultur und die&hellip; <a class=\"read-more\" href=\"https:\/\/www.academia-barcelona.com\/de\/ueber-barcelona\/\" title=\"Read \u00dcber Barcelona\">Read more &raquo;<\/a><\/p>\n","protected":false},"author":3,"featured_media":0,"parent":0,"menu_order":0,"comment_status":"closed","ping_status":"closed","template":"","meta":{"footnotes":""},"class_list":["post-5095","page","type-page","status-publish","hentry"],"yoast_head":"<!-- This site is optimized with the Yoast SEO plugin v27.1.1 - https:\/\/yoast.com\/product\/yoast-seo-wordpress\/ -->\n<title>\u00dcber Barcelona - Warum Spanisch lernen in Barcelona<\/title>\n<meta name=\"description\" content=\"\u00dcber Barcelona - Tipps und Freizeitm\u00f6glichkeiten nach dem Spanischkurs. Warum Spanisch lernen in Barcelona - Sehensw\u00fcrdigkeiten, Tours und Kultur\" \/>\n<meta name=\"robots\" content=\"index, follow, max-snippet:-1, max-image-preview:large, max-video-preview:-1\" \/>\n<link rel=\"canonical\" href=\"https:\/\/www.academia-barcelona.com\/de\/ueber-barcelona\/\" \/>\n<meta property=\"og:locale\" content=\"de_DE\" \/>\n<meta property=\"og:type\" content=\"article\" \/>\n<meta property=\"og:title\" content=\"\u00dcber Barcelona - Warum Spanisch lernen in Barcelona\" \/>\n<meta property=\"og:description\" content=\"\u00dcber Barcelona - Tipps und Freizeitm\u00f6glichkeiten nach dem Spanischkurs. Warum Spanisch lernen in Barcelona - Sehensw\u00fcrdigkeiten, Tours und Kultur\" \/>\n<meta property=\"og:url\" content=\"https:\/\/www.academia-barcelona.com\/de\/ueber-barcelona\/\" \/>\n<meta property=\"article:modified_time\" content=\"2017-09-15T08:25:55+00:00\" \/>\n<meta name=\"twitter:card\" content=\"summary_large_image\" \/>\n<meta name=\"twitter:label1\" content=\"Gesch\u00e4tzte Lesezeit\" \/>\n\t<meta name=\"twitter:data1\" content=\"3\u00a0Minuten\" \/>\n<script type=\"application\/ld+json\" class=\"yoast-schema-graph\">{\"@context\":\"https:\/\/schema.org\",\"@graph\":[{\"@type\":\"WebPage\",\"@id\":\"https:\/\/www.academia-barcelona.com\/de\/ueber-barcelona\/\",\"url\":\"https:\/\/www.academia-barcelona.com\/de\/ueber-barcelona\/\",\"name\":\"\u00dcber Barcelona - Warum Spanisch lernen in Barcelona\",\"isPartOf\":{\"@id\":\"https:\/\/www.academia-barcelona.com\/#website\"},\"datePublished\":\"2017-02-17T05:02:58+00:00\",\"dateModified\":\"2017-09-15T08:25:55+00:00\",\"description\":\"\u00dcber Barcelona - Tipps und Freizeitm\u00f6glichkeiten nach dem Spanischkurs. Warum Spanisch lernen in Barcelona - Sehensw\u00fcrdigkeiten, Tours und Kultur\",\"inLanguage\":\"de\",\"potentialAction\":[{\"@type\":\"ReadAction\",\"target\":[\"https:\/\/www.academia-barcelona.com\/de\/ueber-barcelona\/\"]}]},{\"@type\":\"WebSite\",\"@id\":\"https:\/\/www.academia-barcelona.com\/#website\",\"url\":\"https:\/\/www.academia-barcelona.com\/\",\"name\":\"\",\"description\":\"\",\"potentialAction\":[{\"@type\":\"SearchAction\",\"target\":{\"@type\":\"EntryPoint\",\"urlTemplate\":\"https:\/\/www.academia-barcelona.com\/?s={search_term_string}\"},\"query-input\":{\"@type\":\"PropertyValueSpecification\",\"valueRequired\":true,\"valueName\":\"search_term_string\"}}],\"inLanguage\":\"de\"}]}<\/script>\n<!-- \/ Yoast SEO plugin. -->","yoast_head_json":{"title":"\u00dcber Barcelona - Warum Spanisch lernen in Barcelona","description":"\u00dcber Barcelona - Tipps und Freizeitm\u00f6glichkeiten nach dem Spanischkurs. Warum Spanisch lernen in Barcelona - Sehensw\u00fcrdigkeiten, Tours und Kultur","robots":{"index":"index","follow":"follow","max-snippet":"max-snippet:-1","max-image-preview":"max-image-preview:large","max-video-preview":"max-video-preview:-1"},"canonical":"https:\/\/www.academia-barcelona.com\/de\/ueber-barcelona\/","og_locale":"de_DE","og_type":"article","og_title":"\u00dcber Barcelona - Warum Spanisch lernen in Barcelona","og_description":"\u00dcber Barcelona - Tipps und Freizeitm\u00f6glichkeiten nach dem Spanischkurs. Warum Spanisch lernen in Barcelona - Sehensw\u00fcrdigkeiten, Tours und Kultur","og_url":"https:\/\/www.academia-barcelona.com\/de\/ueber-barcelona\/","article_modified_time":"2017-09-15T08:25:55+00:00","twitter_card":"summary_large_image","twitter_misc":{"Gesch\u00e4tzte Lesezeit":"3\u00a0Minuten"},"schema":{"@context":"https:\/\/schema.org","@graph":[{"@type":"WebPage","@id":"https:\/\/www.academia-barcelona.com\/de\/ueber-barcelona\/","url":"https:\/\/www.academia-barcelona.com\/de\/ueber-barcelona\/","name":"\u00dcber Barcelona - Warum Spanisch lernen in Barcelona","isPartOf":{"@id":"https:\/\/www.academia-barcelona.com\/#website"},"datePublished":"2017-02-17T05:02:58+00:00","dateModified":"2017-09-15T08:25:55+00:00","description":"\u00dcber Barcelona - Tipps und Freizeitm\u00f6glichkeiten nach dem Spanischkurs. Warum Spanisch lernen in Barcelona - Sehensw\u00fcrdigkeiten, Tours und Kultur","inLanguage":"de","potentialAction":[{"@type":"ReadAction","target":["https:\/\/www.academia-barcelona.com\/de\/ueber-barcelona\/"]}]},{"@type":"WebSite","@id":"https:\/\/www.academia-barcelona.com\/#website","url":"https:\/\/www.academia-barcelona.com\/","name":"","description":"","potentialAction":[{"@type":"SearchAction","target":{"@type":"EntryPoint","urlTemplate":"https:\/\/www.academia-barcelona.com\/?s={search_term_string}"},"query-input":{"@type":"PropertyValueSpecification","valueRequired":true,"valueName":"search_term_string"}}],"inLanguage":"de"}]}},"_links":{"self":[{"href":"https:\/\/www.academia-barcelona.com\/de\/wp-json\/wp\/v2\/pages\/5095","targetHints":{"allow":["GET"]}}],"collection":[{"href":"https:\/\/www.academia-barcelona.com\/de\/wp-json\/wp\/v2\/pages"}],"about":[{"href":"https:\/\/www.academia-barcelona.com\/de\/wp-json\/wp\/v2\/types\/page"}],"author":[{"embeddable":true,"href":"https:\/\/www.academia-barcelona.com\/de\/wp-json\/wp\/v2\/users\/3"}],"replies":[{"embeddable":true,"href":"https:\/\/www.academia-barcelona.com\/de\/wp-json\/wp\/v2\/comments?post=5095"}],"version-history":[{"count":11,"href":"https:\/\/www.academia-barcelona.com\/de\/wp-json\/wp\/v2\/pages\/5095\/revisions"}],"predecessor-version":[{"id":9664,"href":"https:\/\/www.academia-barcelona.com\/de\/wp-json\/wp\/v2\/pages\/5095\/revisions\/9664"}],"wp:attachment":[{"href":"https:\/\/www.academia-barcelona.com\/de\/wp-json\/wp\/v2\/media?parent=5095"}],"curies":[{"name":"wp","href":"https:\/\/api.w.org\/{rel}","templated":true}]}}