{"id":1635,"date":"2016-03-08T15:32:45","date_gmt":"2016-03-08T15:32:45","guid":{"rendered":"http:\/\/www.barcelona-sprachschule.de\/?page_id=1635"},"modified":"2021-11-08T07:21:38","modified_gmt":"2021-11-08T07:21:38","slug":"gefoerderte-eu-projekte","status":"publish","type":"page","link":"https:\/\/www.academia-barcelona.com\/de\/gefoerderte-eu-projekte\/","title":{"rendered":"Gef\u00f6rderte EU Projekte"},"content":{"rendered":"<p>[vc_row css=&#8221;.vc_custom_1493990673841{padding-bottom: 30px !important;}&#8221;][vc_column][vc_column_text]<\/p>\n<h1>ESF &#8211; Bundesprogramme<\/h1>\n<h2>MobiPro &#8220;The Job of my Life&#8221; und &#8220;Your first EURES job&#8221;<\/h2>\n<p>In Zeiten der Wirtschaftskrise einiger europ\u00e4ischer L\u00e4nder spielen Bildungs- und F\u00f6rderprogramme des Bundes eine immer wichtigere Rolle. So ist auf Grund der wirtschaftlichen Lage Spaniens ein Gro\u00dfteil der jungen Bev\u00f6lkerung von der Arbeits- und Perspektivlosigkeit betroffen. ESF \u2013 Bundesprogramme<\/p>\n<p>Die CBLS &#8211; Clase Barcelona Language School ist Mitglied der <a href=\"http:\/\/www.ahk.es\/\">Deutschen Handelskammer f\u00fcr Spanien (AHK)<\/a>, Mitglied der <a href=\"http:\/\/www.fecei.org\/\">FECEI<\/a> (Federaci\u00f3n Espa\u00f1ola centros de Ense\u00f1anza de Idiomas) und au\u00dferdem <strong>seit 2013 Partner im MobiPro Programm<\/strong>. Dank des Mobility Programms und des ESF konnten mehrere spanische Fachkr\u00e4fte aus den Bereichen P\u00e4dagogik und dem Gesundheitswesen nach Deutschland entsendet werden. Im Jahr 2015 konnten zudem mehr als 20 Jugendliche an gef\u00f6rderten Deutschkursen in der CBLS teilnehmen um dann eine Duale Ausbildung in Deutschland antreten zu k\u00f6nnen.<\/p>\n<p>Die CBLS &#8211; Clase Barcelona Language School hat in mehrmonatigen Vorbereitungsperioden die gesamte sprachliche und kulturelle Vorbereitung der Teilnehmer vom Sprachniveau A1 &#8211; B1 \u00fcbernommen. Alle Teilnehmer haben den Kurs erfolgreich mit B1 Niveau abgeschlossen.<\/p>\n<p>Durch strukturierte Unterrichtsplanung wird den Teilnehmern in der Vorbereitungszeit in Barcelonanicht nur Deutschunterricht erteilt, sondern gezielt darauf geachtet, auch auf kulturelle Unterschiede einzugehen um so auch die Soziokultur Deutschlands n\u00e4her zubringen. Die Schule legt dabei sehr viel Wert darauf die Sch\u00fcler nicht nur sprachlich zu begleiten sondern auch f\u00fcr andere Belange immer zur Seite zu stehen um somit in der Vorbereitungszeit ganzheitlich das Projekt zu betreuen. Im Vordergrund steht dabei auch immer der Informationsaustausch mit den Projekttr\u00e4gern in Deutschland um so bestm\u00f6glich die Qualit\u00e4t des Projekts zu sichern.<\/p>\n<figure id=\"attachment_8453\" class=\"wp-caption alignnone\" ><img decoding=\"async\" class=\"wp-image-8453 size-full\" src=\"https:\/\/www.academia-barcelona.com\/wp-content\/uploads\/2015\/12\/lernen-sie-spanisch-mit-geld-zuruck-garantie.jpg\" alt=\"Sprachreise Barcelona \u2013 Lernen Sie Spanisch mit Geld-Zur\u00fcck-Garantie\" width=\"800\" height=\"554\" srcset=\"https:\/\/www.academia-barcelona.com\/wp-content\/uploads\/2015\/12\/lernen-sie-spanisch-mit-geld-zuruck-garantie.jpg 800w, https:\/\/www.academia-barcelona.com\/wp-content\/uploads\/2015\/12\/lernen-sie-spanisch-mit-geld-zuruck-garantie-300x208.jpg 300w, https:\/\/www.academia-barcelona.com\/wp-content\/uploads\/2015\/12\/lernen-sie-spanisch-mit-geld-zuruck-garantie-768x532.jpg 768w\" sizes=\"(max-width: 800px) 100vw, 800px\" \/><figcaption class=\"wp-caption-text\">Duale Ausbildung Barcelona<\/figcaption><\/figure>\n<p>[\/vc_column_text][\/vc_column][\/vc_row][vc_row full_width=&#8221;stretch_row&#8221; css=&#8221;.vc_custom_1493990729295{padding-top: 30px !important;padding-bottom: 30px !important;background-color: #f9f9f9 !important;}&#8221;][vc_column][vc_column_text]<\/p>\n<h2>Angebot der CBLS &#8211; Clase Barcelona Language School<\/h2>\n<p>[\/vc_column_text]\t<ul class=\"pgs_list pgs_list_style_2\">\n\t\t\t\t\t\t<li>\n\t\t\t\t\t\t\t\t\t<i class=\"fa fa-angle-double-right\"><\/i> <span>Sprachliche- und kulturelle Vorbereitung der TeilnehmerInnen in Kleingruppen vom Sprachniveau A1 \u2013 B1<\/span><\/li>\n\t\t\t\t\t\t\t\t<li>\n\t\t\t\t\t\t\t\t\t<i class=\"fa fa-angle-double-right\"><\/i> <span>Organisatorische Hilfe f\u00fcr Kooperationspartner in Deutschland<\/span><\/li>\n\t\t\t\t\t\t\t\t<li>\n\t\t\t\t\t\t\t\t\t<i class=\"fa fa-angle-double-right\"><\/i> <span>Bewerbungstrainings der TeilnehmerInnen<\/span><\/li>\n\t\t\t\t\t\t\t\t<li>\n\t\t\t\t\t\t\t\t\t<i class=\"fa fa-angle-double-right\"><\/i> <span>Professionelle \u00dcbersetzung der CVs und anderen Titeln der TeilnehmerInnen<\/span><\/li>\n\t\t\t\t\t\t\t\t<li>\n\t\t\t\t\t\t\t\t\t<i class=\"fa fa-angle-double-right\"><\/i> <span>St\u00e4ndiger Informationsaustausch f\u00fcr Partner in Deutschland \u00fcber den Fortschritt der TeilnehmerInnen<\/span><\/li>\n\t\t\t\t\t\t\t\t<li>\n\t\t\t\t\t\t\t\t\t<i class=\"fa fa-angle-double-right\"><\/i> <span>10 Jahre Erfahrung in Jugendarbeit und berufsbegleitenden Ma\u00dfnahmen (BvB, AbH, BaE uvm.)<\/span><\/li>\n\t\t\t\t\t<\/ul>\n\t[vc_column_text css=&#8221;.vc_custom_1493990855588{padding-top: 20px !important;}&#8221;]Wenn Sie auf der Suche nach einem professionellen und erfahrenem Partner sind, der den Deutschunterricht in Barcelona \u00fcbernimmt und bei der Teilnehmerakquise behilflich ist , freuen wir uns auf eine Zusammenarbeit mit Ihnen. Wir \u00fcbernehmen die komplette sprachliche Vorbereitung, damit Jugendliche und junge Erwachsene die M\u00f6glichkeit haben mit fundierter Kenntnis der Deutschen Sprache ihr Duale Ausbildung in Deutschland beginnen und erfolgreich abschlie\u00dfen zu k\u00f6nnen.[\/vc_column_text][vc_single_image image=&#8221;1846&#8243; img_size=&#8221;full&#8221; alignment=&#8221;center&#8221;][\/vc_column][\/vc_row]<\/p>\n","protected":false},"excerpt":{"rendered":"<p>[vc_row css=&#8221;.vc_custom_1493990673841{padding-bottom: 30px !important;}&#8221;][vc_column][vc_column_text] ESF &#8211; Bundesprogramme MobiPro &#8220;The Job of my Life&#8221; und &#8220;Your first EURES job&#8221; In Zeiten der Wirtschaftskrise einiger europ\u00e4ischer L\u00e4nder spielen Bildungs- und F\u00f6rderprogramme des Bundes eine immer wichtigere Rolle. So ist auf Grund der wirtschaftlichen Lage Spaniens ein Gro\u00dfteil der jungen Bev\u00f6lkerung von der Arbeits- und Perspektivlosigkeit betroffen. ESF&hellip; <a class=\"read-more\" href=\"https:\/\/www.academia-barcelona.com\/de\/gefoerderte-eu-projekte\/\" title=\"Read Gef\u00f6rderte EU Projekte\">Read more &raquo;<\/a><\/p>\n","protected":false},"author":3,"featured_media":0,"parent":0,"menu_order":0,"comment_status":"closed","ping_status":"closed","template":"","meta":{"footnotes":""},"class_list":["post-1635","page","type-page","status-publish","hentry"],"yoast_head":"<!-- This site is optimized with the Yoast SEO plugin v27.1.1 - https:\/\/yoast.com\/product\/yoast-seo-wordpress\/ -->\n<title>Gef\u00f6rderte EU Projekte der CBLS in Barcelona<\/title>\n<meta name=\"description\" content=\"Unsere Sprachschule Clase Barcelona Language School nimmt bereits seit 2013 an &quot;gef\u00f6rderte EU Projekte&quot; als ausf\u00fchrender Partner und Organisator teil.\" \/>\n<meta name=\"robots\" content=\"index, follow, max-snippet:-1, max-image-preview:large, max-video-preview:-1\" \/>\n<link rel=\"canonical\" href=\"https:\/\/www.academia-barcelona.com\/de\/gefoerderte-eu-projekte\/\" \/>\n<meta property=\"og:locale\" content=\"de_DE\" \/>\n<meta property=\"og:type\" content=\"article\" \/>\n<meta property=\"og:title\" content=\"Gef\u00f6rderte EU Projekte der CBLS in Barcelona\" \/>\n<meta property=\"og:description\" content=\"Unsere Sprachschule Clase Barcelona Language School nimmt bereits seit 2013 an &quot;gef\u00f6rderte EU Projekte&quot; als ausf\u00fchrender Partner und Organisator teil.\" \/>\n<meta property=\"og:url\" content=\"https:\/\/www.academia-barcelona.com\/de\/gefoerderte-eu-projekte\/\" \/>\n<meta property=\"article:modified_time\" content=\"2021-11-08T07:21:38+00:00\" \/>\n<meta property=\"og:image\" content=\"https:\/\/www.academia-barcelona.com\/wp-content\/uploads\/2015\/12\/lernen-sie-spanisch-mit-geld-zuruck-garantie.jpg\" \/>\n<meta name=\"twitter:card\" content=\"summary_large_image\" \/>\n<meta name=\"twitter:label1\" content=\"Gesch\u00e4tzte Lesezeit\" \/>\n\t<meta name=\"twitter:data1\" content=\"3\u00a0Minuten\" \/>\n<script type=\"application\/ld+json\" class=\"yoast-schema-graph\">{\"@context\":\"https:\/\/schema.org\",\"@graph\":[{\"@type\":\"WebPage\",\"@id\":\"https:\/\/www.academia-barcelona.com\/de\/gefoerderte-eu-projekte\/\",\"url\":\"https:\/\/www.academia-barcelona.com\/de\/gefoerderte-eu-projekte\/\",\"name\":\"Gef\u00f6rderte EU Projekte der CBLS in Barcelona\",\"isPartOf\":{\"@id\":\"https:\/\/www.academia-barcelona.com\/#website\"},\"primaryImageOfPage\":{\"@id\":\"https:\/\/www.academia-barcelona.com\/de\/gefoerderte-eu-projekte\/#primaryimage\"},\"image\":{\"@id\":\"https:\/\/www.academia-barcelona.com\/de\/gefoerderte-eu-projekte\/#primaryimage\"},\"thumbnailUrl\":\"https:\/\/www.academia-barcelona.com\/wp-content\/uploads\/2015\/12\/lernen-sie-spanisch-mit-geld-zuruck-garantie.jpg\",\"datePublished\":\"2016-03-08T15:32:45+00:00\",\"dateModified\":\"2021-11-08T07:21:38+00:00\",\"description\":\"Unsere Sprachschule Clase Barcelona Language School nimmt bereits seit 2013 an \\\"gef\u00f6rderte EU Projekte\\\" als ausf\u00fchrender Partner und Organisator teil.\",\"inLanguage\":\"de\",\"potentialAction\":[{\"@type\":\"ReadAction\",\"target\":[\"https:\/\/www.academia-barcelona.com\/de\/gefoerderte-eu-projekte\/\"]}]},{\"@type\":\"ImageObject\",\"inLanguage\":\"de\",\"@id\":\"https:\/\/www.academia-barcelona.com\/de\/gefoerderte-eu-projekte\/#primaryimage\",\"url\":\"https:\/\/www.academia-barcelona.com\/wp-content\/uploads\/2015\/12\/lernen-sie-spanisch-mit-geld-zuruck-garantie.jpg\",\"contentUrl\":\"https:\/\/www.academia-barcelona.com\/wp-content\/uploads\/2015\/12\/lernen-sie-spanisch-mit-geld-zuruck-garantie.jpg\"},{\"@type\":\"WebSite\",\"@id\":\"https:\/\/www.academia-barcelona.com\/#website\",\"url\":\"https:\/\/www.academia-barcelona.com\/\",\"name\":\"\",\"description\":\"\",\"potentialAction\":[{\"@type\":\"SearchAction\",\"target\":{\"@type\":\"EntryPoint\",\"urlTemplate\":\"https:\/\/www.academia-barcelona.com\/?s={search_term_string}\"},\"query-input\":{\"@type\":\"PropertyValueSpecification\",\"valueRequired\":true,\"valueName\":\"search_term_string\"}}],\"inLanguage\":\"de\"}]}<\/script>\n<!-- \/ Yoast SEO plugin. -->","yoast_head_json":{"title":"Gef\u00f6rderte EU Projekte der CBLS in Barcelona","description":"Unsere Sprachschule Clase Barcelona Language School nimmt bereits seit 2013 an \"gef\u00f6rderte EU Projekte\" als ausf\u00fchrender Partner und Organisator teil.","robots":{"index":"index","follow":"follow","max-snippet":"max-snippet:-1","max-image-preview":"max-image-preview:large","max-video-preview":"max-video-preview:-1"},"canonical":"https:\/\/www.academia-barcelona.com\/de\/gefoerderte-eu-projekte\/","og_locale":"de_DE","og_type":"article","og_title":"Gef\u00f6rderte EU Projekte der CBLS in Barcelona","og_description":"Unsere Sprachschule Clase Barcelona Language School nimmt bereits seit 2013 an \"gef\u00f6rderte EU Projekte\" als ausf\u00fchrender Partner und Organisator teil.","og_url":"https:\/\/www.academia-barcelona.com\/de\/gefoerderte-eu-projekte\/","article_modified_time":"2021-11-08T07:21:38+00:00","og_image":[{"url":"https:\/\/www.academia-barcelona.com\/wp-content\/uploads\/2015\/12\/lernen-sie-spanisch-mit-geld-zuruck-garantie.jpg","type":"","width":"","height":""}],"twitter_card":"summary_large_image","twitter_misc":{"Gesch\u00e4tzte Lesezeit":"3\u00a0Minuten"},"schema":{"@context":"https:\/\/schema.org","@graph":[{"@type":"WebPage","@id":"https:\/\/www.academia-barcelona.com\/de\/gefoerderte-eu-projekte\/","url":"https:\/\/www.academia-barcelona.com\/de\/gefoerderte-eu-projekte\/","name":"Gef\u00f6rderte EU Projekte der CBLS in Barcelona","isPartOf":{"@id":"https:\/\/www.academia-barcelona.com\/#website"},"primaryImageOfPage":{"@id":"https:\/\/www.academia-barcelona.com\/de\/gefoerderte-eu-projekte\/#primaryimage"},"image":{"@id":"https:\/\/www.academia-barcelona.com\/de\/gefoerderte-eu-projekte\/#primaryimage"},"thumbnailUrl":"https:\/\/www.academia-barcelona.com\/wp-content\/uploads\/2015\/12\/lernen-sie-spanisch-mit-geld-zuruck-garantie.jpg","datePublished":"2016-03-08T15:32:45+00:00","dateModified":"2021-11-08T07:21:38+00:00","description":"Unsere Sprachschule Clase Barcelona Language School nimmt bereits seit 2013 an \"gef\u00f6rderte EU Projekte\" als ausf\u00fchrender Partner und Organisator teil.","inLanguage":"de","potentialAction":[{"@type":"ReadAction","target":["https:\/\/www.academia-barcelona.com\/de\/gefoerderte-eu-projekte\/"]}]},{"@type":"ImageObject","inLanguage":"de","@id":"https:\/\/www.academia-barcelona.com\/de\/gefoerderte-eu-projekte\/#primaryimage","url":"https:\/\/www.academia-barcelona.com\/wp-content\/uploads\/2015\/12\/lernen-sie-spanisch-mit-geld-zuruck-garantie.jpg","contentUrl":"https:\/\/www.academia-barcelona.com\/wp-content\/uploads\/2015\/12\/lernen-sie-spanisch-mit-geld-zuruck-garantie.jpg"},{"@type":"WebSite","@id":"https:\/\/www.academia-barcelona.com\/#website","url":"https:\/\/www.academia-barcelona.com\/","name":"","description":"","potentialAction":[{"@type":"SearchAction","target":{"@type":"EntryPoint","urlTemplate":"https:\/\/www.academia-barcelona.com\/?s={search_term_string}"},"query-input":{"@type":"PropertyValueSpecification","valueRequired":true,"valueName":"search_term_string"}}],"inLanguage":"de"}]}},"_links":{"self":[{"href":"https:\/\/www.academia-barcelona.com\/de\/wp-json\/wp\/v2\/pages\/1635","targetHints":{"allow":["GET"]}}],"collection":[{"href":"https:\/\/www.academia-barcelona.com\/de\/wp-json\/wp\/v2\/pages"}],"about":[{"href":"https:\/\/www.academia-barcelona.com\/de\/wp-json\/wp\/v2\/types\/page"}],"author":[{"embeddable":true,"href":"https:\/\/www.academia-barcelona.com\/de\/wp-json\/wp\/v2\/users\/3"}],"replies":[{"embeddable":true,"href":"https:\/\/www.academia-barcelona.com\/de\/wp-json\/wp\/v2\/comments?post=1635"}],"version-history":[{"count":20,"href":"https:\/\/www.academia-barcelona.com\/de\/wp-json\/wp\/v2\/pages\/1635\/revisions"}],"predecessor-version":[{"id":1965,"href":"https:\/\/www.academia-barcelona.com\/de\/wp-json\/wp\/v2\/pages\/1635\/revisions\/1965"}],"wp:attachment":[{"href":"https:\/\/www.academia-barcelona.com\/de\/wp-json\/wp\/v2\/media?parent=1635"}],"curies":[{"name":"wp","href":"https:\/\/api.w.org\/{rel}","templated":true}]}}