{"id":1634,"date":"2016-03-08T15:32:31","date_gmt":"2016-03-08T15:32:31","guid":{"rendered":"http:\/\/www.barcelona-sprachschule.de\/?page_id=1634"},"modified":"2021-11-04T21:52:13","modified_gmt":"2021-11-04T21:52:13","slug":"andere-sprachen","status":"publish","type":"page","link":"https:\/\/www.academia-barcelona.com\/de\/spanischkurse\/andere-sprachen\/","title":{"rendered":"Andere Sprachen"},"content":{"rendered":"<p>[vc_row css=&#8221;.vc_custom_1493927219588{padding-bottom: 30px !important;}&#8221;][vc_column][vc_column_text]<\/p>\n<h1>Sprachkurse in anderen Sprachen<\/h1>\n<p>Kommunikation, vermitteln von Sprachkenntnissen und der kulturelle Austausch mit anderen Menschen ist das Hauptaugenmerk unserer Sprachschule Academia de Idiomas Barcelona.<\/p>\n<p>Wir bieten haupts\u00e4chlich <strong>Sprachkurse in Spanisch, Deutsch, Englisch, Franz\u00f6sisch und Katalanisch<\/strong> an. Durch unseren gro\u00dfen Lehrerstamm und unser weitreichendes Netzwerk, ist es uns aber auch jederzeit m\u00f6glich, Sprachkurse in anderen Sprachen anzubieten.[\/vc_column_text][\/vc_column][\/vc_row][vc_row full_width=&#8221;stretch_row&#8221; css=&#8221;.vc_custom_1493927273741{padding-top: 30px !important;padding-bottom: 30px !important;background-color: #f9f9f9 !important;}&#8221;][vc_column width=&#8221;1\/2&#8243;][vc_single_image image=&#8221;13513&#8243; img_size=&#8221;full&#8221; alignment=&#8221;center&#8221; style=&#8221;vc_box_outline&#8221;][\/vc_column][vc_column width=&#8221;1\/2&#8243;][vc_column_text]Sollten Sie sich zum Beispiel f\u00fcr <strong>Arabisch, Chinesisch, Japanisch, Portugiesisch<\/strong> oder andere Sprachen interessieren, schreiben Sie uns einfach eine <a href=\"mailto:barcelona@sprachschule-aktiv.de\">E-Mail<\/a> mit allen wichtigen Infos zu Kursdauer und Sprachniveau und wir vermitteln Ihnen einen passenden Lehrer \u2013 auf Ihre Bed\u00fcrfnisse abgestimmt!<\/p>\n<p>Sie k\u00f6nnen jederzeit auch Ihren Sprachkurs \u00fcber Skype buchen und somit ortsunabh\u00e4ngig mit uns Ihre Wunschsprache lernen!<\/p>\n<p>Alle Beratungen zu Sprachen, Sprachkursen oder Einstufung sind selbstverst\u00e4ndlich immer kostenfrei und unverbindlich.[\/vc_column_text][\/vc_column][\/vc_row]<\/p>\n","protected":false},"excerpt":{"rendered":"<p>[vc_row css=&#8221;.vc_custom_1493927219588{padding-bottom: 30px !important;}&#8221;][vc_column][vc_column_text] Sprachkurse in anderen Sprachen Kommunikation, vermitteln von Sprachkenntnissen und der kulturelle Austausch mit anderen Menschen ist das Hauptaugenmerk unserer Sprachschule Academia de Idiomas Barcelona. Wir bieten haupts\u00e4chlich Sprachkurse in Spanisch, Deutsch, Englisch, Franz\u00f6sisch und Katalanisch an. Durch unseren gro\u00dfen Lehrerstamm und unser weitreichendes Netzwerk, ist es uns aber auch jederzeit m\u00f6glich,&hellip; <a class=\"read-more\" href=\"https:\/\/www.academia-barcelona.com\/de\/spanischkurse\/andere-sprachen\/\" title=\"Read Andere Sprachen\">Read more &raquo;<\/a><\/p>\n","protected":false},"author":3,"featured_media":0,"parent":818,"menu_order":0,"comment_status":"closed","ping_status":"closed","template":"","meta":{"footnotes":""},"class_list":["post-1634","page","type-page","status-publish","hentry"],"yoast_head":"<!-- This site is optimized with the Yoast SEO plugin v27.1.1 - https:\/\/yoast.com\/product\/yoast-seo-wordpress\/ -->\n<title>Andere Sprachen lernen an Sprachschule Barcelona<\/title>\n<meta name=\"description\" content=\"Andere Sprachen: Die Sprachschule CBLS bietet haupts\u00e4chlich Sprachkurse in Spanisch, Englisch, Franz\u00f6sisch, Deutsch und Katalan an.\" \/>\n<meta name=\"robots\" content=\"index, follow, max-snippet:-1, max-image-preview:large, max-video-preview:-1\" \/>\n<link rel=\"canonical\" href=\"https:\/\/www.academia-barcelona.com\/de\/spanischkurse\/andere-sprachen\/\" \/>\n<meta property=\"og:locale\" content=\"de_DE\" \/>\n<meta property=\"og:type\" content=\"article\" \/>\n<meta property=\"og:title\" content=\"Andere Sprachen lernen an Sprachschule Barcelona\" \/>\n<meta property=\"og:description\" content=\"Andere Sprachen: Die Sprachschule CBLS bietet haupts\u00e4chlich Sprachkurse in Spanisch, Englisch, Franz\u00f6sisch, Deutsch und Katalan an.\" \/>\n<meta property=\"og:url\" content=\"https:\/\/www.academia-barcelona.com\/de\/spanischkurse\/andere-sprachen\/\" \/>\n<meta property=\"article:modified_time\" content=\"2021-11-04T21:52:13+00:00\" \/>\n<meta name=\"twitter:card\" content=\"summary_large_image\" \/>\n<meta name=\"twitter:label1\" content=\"Gesch\u00e4tzte Lesezeit\" \/>\n\t<meta name=\"twitter:data1\" content=\"1\u00a0Minute\" \/>\n<script type=\"application\/ld+json\" class=\"yoast-schema-graph\">{\"@context\":\"https:\/\/schema.org\",\"@graph\":[{\"@type\":\"WebPage\",\"@id\":\"https:\/\/www.academia-barcelona.com\/de\/spanischkurse\/andere-sprachen\/\",\"url\":\"https:\/\/www.academia-barcelona.com\/de\/spanischkurse\/andere-sprachen\/\",\"name\":\"Andere Sprachen lernen an Sprachschule Barcelona\",\"isPartOf\":{\"@id\":\"https:\/\/www.academia-barcelona.com\/#website\"},\"datePublished\":\"2016-03-08T15:32:31+00:00\",\"dateModified\":\"2021-11-04T21:52:13+00:00\",\"description\":\"Andere Sprachen: Die Sprachschule CBLS bietet haupts\u00e4chlich Sprachkurse in Spanisch, Englisch, Franz\u00f6sisch, Deutsch und Katalan an.\",\"breadcrumb\":{\"@id\":\"https:\/\/www.academia-barcelona.com\/de\/spanischkurse\/andere-sprachen\/#breadcrumb\"},\"inLanguage\":\"de\",\"potentialAction\":[{\"@type\":\"ReadAction\",\"target\":[\"https:\/\/www.academia-barcelona.com\/de\/spanischkurse\/andere-sprachen\/\"]}]},{\"@type\":\"BreadcrumbList\",\"@id\":\"https:\/\/www.academia-barcelona.com\/de\/spanischkurse\/andere-sprachen\/#breadcrumb\",\"itemListElement\":[{\"@type\":\"ListItem\",\"position\":1,\"name\":\"Spanischkurse\",\"item\":\"https:\/\/www.academia-barcelona.com\/de\/spanischkurse\/\"},{\"@type\":\"ListItem\",\"position\":2,\"name\":\"Andere Sprachen\"}]},{\"@type\":\"WebSite\",\"@id\":\"https:\/\/www.academia-barcelona.com\/#website\",\"url\":\"https:\/\/www.academia-barcelona.com\/\",\"name\":\"\",\"description\":\"\",\"potentialAction\":[{\"@type\":\"SearchAction\",\"target\":{\"@type\":\"EntryPoint\",\"urlTemplate\":\"https:\/\/www.academia-barcelona.com\/?s={search_term_string}\"},\"query-input\":{\"@type\":\"PropertyValueSpecification\",\"valueRequired\":true,\"valueName\":\"search_term_string\"}}],\"inLanguage\":\"de\"}]}<\/script>\n<!-- \/ Yoast SEO plugin. -->","yoast_head_json":{"title":"Andere Sprachen lernen an Sprachschule Barcelona","description":"Andere Sprachen: Die Sprachschule CBLS bietet haupts\u00e4chlich Sprachkurse in Spanisch, Englisch, Franz\u00f6sisch, Deutsch und Katalan an.","robots":{"index":"index","follow":"follow","max-snippet":"max-snippet:-1","max-image-preview":"max-image-preview:large","max-video-preview":"max-video-preview:-1"},"canonical":"https:\/\/www.academia-barcelona.com\/de\/spanischkurse\/andere-sprachen\/","og_locale":"de_DE","og_type":"article","og_title":"Andere Sprachen lernen an Sprachschule Barcelona","og_description":"Andere Sprachen: Die Sprachschule CBLS bietet haupts\u00e4chlich Sprachkurse in Spanisch, Englisch, Franz\u00f6sisch, Deutsch und Katalan an.","og_url":"https:\/\/www.academia-barcelona.com\/de\/spanischkurse\/andere-sprachen\/","article_modified_time":"2021-11-04T21:52:13+00:00","twitter_card":"summary_large_image","twitter_misc":{"Gesch\u00e4tzte Lesezeit":"1\u00a0Minute"},"schema":{"@context":"https:\/\/schema.org","@graph":[{"@type":"WebPage","@id":"https:\/\/www.academia-barcelona.com\/de\/spanischkurse\/andere-sprachen\/","url":"https:\/\/www.academia-barcelona.com\/de\/spanischkurse\/andere-sprachen\/","name":"Andere Sprachen lernen an Sprachschule Barcelona","isPartOf":{"@id":"https:\/\/www.academia-barcelona.com\/#website"},"datePublished":"2016-03-08T15:32:31+00:00","dateModified":"2021-11-04T21:52:13+00:00","description":"Andere Sprachen: Die Sprachschule CBLS bietet haupts\u00e4chlich Sprachkurse in Spanisch, Englisch, Franz\u00f6sisch, Deutsch und Katalan an.","breadcrumb":{"@id":"https:\/\/www.academia-barcelona.com\/de\/spanischkurse\/andere-sprachen\/#breadcrumb"},"inLanguage":"de","potentialAction":[{"@type":"ReadAction","target":["https:\/\/www.academia-barcelona.com\/de\/spanischkurse\/andere-sprachen\/"]}]},{"@type":"BreadcrumbList","@id":"https:\/\/www.academia-barcelona.com\/de\/spanischkurse\/andere-sprachen\/#breadcrumb","itemListElement":[{"@type":"ListItem","position":1,"name":"Spanischkurse","item":"https:\/\/www.academia-barcelona.com\/de\/spanischkurse\/"},{"@type":"ListItem","position":2,"name":"Andere Sprachen"}]},{"@type":"WebSite","@id":"https:\/\/www.academia-barcelona.com\/#website","url":"https:\/\/www.academia-barcelona.com\/","name":"","description":"","potentialAction":[{"@type":"SearchAction","target":{"@type":"EntryPoint","urlTemplate":"https:\/\/www.academia-barcelona.com\/?s={search_term_string}"},"query-input":{"@type":"PropertyValueSpecification","valueRequired":true,"valueName":"search_term_string"}}],"inLanguage":"de"}]}},"_links":{"self":[{"href":"https:\/\/www.academia-barcelona.com\/de\/wp-json\/wp\/v2\/pages\/1634","targetHints":{"allow":["GET"]}}],"collection":[{"href":"https:\/\/www.academia-barcelona.com\/de\/wp-json\/wp\/v2\/pages"}],"about":[{"href":"https:\/\/www.academia-barcelona.com\/de\/wp-json\/wp\/v2\/types\/page"}],"author":[{"embeddable":true,"href":"https:\/\/www.academia-barcelona.com\/de\/wp-json\/wp\/v2\/users\/3"}],"replies":[{"embeddable":true,"href":"https:\/\/www.academia-barcelona.com\/de\/wp-json\/wp\/v2\/comments?post=1634"}],"version-history":[{"count":19,"href":"https:\/\/www.academia-barcelona.com\/de\/wp-json\/wp\/v2\/pages\/1634\/revisions"}],"predecessor-version":[{"id":13762,"href":"https:\/\/www.academia-barcelona.com\/de\/wp-json\/wp\/v2\/pages\/1634\/revisions\/13762"}],"up":[{"embeddable":true,"href":"https:\/\/www.academia-barcelona.com\/de\/wp-json\/wp\/v2\/pages\/818"}],"wp:attachment":[{"href":"https:\/\/www.academia-barcelona.com\/de\/wp-json\/wp\/v2\/media?parent=1634"}],"curies":[{"name":"wp","href":"https:\/\/api.w.org\/{rel}","templated":true}]}}