{"id":1622,"date":"2016-03-08T15:17:53","date_gmt":"2016-03-08T15:17:53","guid":{"rendered":"http:\/\/www.barcelona-sprachschule.de\/?page_id=1622"},"modified":"2021-11-08T07:24:13","modified_gmt":"2021-11-08T07:24:13","slug":"firmenprofil","status":"publish","type":"page","link":"https:\/\/www.academia-barcelona.com\/de\/wir-uber-uns\/firmenprofil\/","title":{"rendered":"Firmenprofil"},"content":{"rendered":"<p>[vc_row css=&#8221;.vc_custom_1493927783929{padding-bottom: 30px !important;}&#8221;][vc_column][vc_column_text]<\/p>\n<h1>Firmenprofil Clase Barcelona Language School<\/h1>\n<p>Im Jahre 2003 wurde die Sprachschule AKTIV mit ihrem Hauptsitz in M\u00fcnchen und unter der Leitung von Herrn Martin Polo gegr\u00fcndet. Sie unterh\u00e4lt deutschlandweit mehrere Filialen und 2012 kam schlie\u00dflich der erste europ\u00e4ische Ableger in Spanien hinzu. Herr Emre Ko\u00e7ak und Frau Clare Billig gr\u00fcndeten in Barcelona die Sprachschule \u201cClase Barcelona Language School\u201d kurz CBLS genannt. Somit blickt der Verbund der Sprachschulen auf bereits 13 Jahre an Erfahrung und Wachstum zur\u00fcck.<\/p>\n<p>Die CBLS liegt im Herzen Barcelonas, im Stadtteil \u201cEixample\u201d und ist in einem denkmalgesch\u00fctzten Geb\u00e4ude aus dem Jahre 1880 mit Mosaikfu\u00dfb\u00f6den und Stuckdecken untergebracht. Folgende Sprachen werden unterrichtet: Deutsch, Spanisch, Englisch, Italienisch, Franz\u00f6sisch und T\u00fcrkisch. Zudem k\u00f6nnen auf Nachfrage viele andere Sprachen unterricht werden.<\/p>\n<p>Seit dem Jahr 2014 ist es der CBLS m\u00f6glich durch das wachsende Lehrernetzwerk in ganz Spanien Sprachunterricht anzubieten. Durch die Zusammenarbeit mit verschiedenen Bildungszentren k\u00f6nnen R\u00e4umlichkeiten in ganz Spanien bereitgestellt werden.[\/vc_column_text][\/vc_column][\/vc_row][vc_row full_width=&#8221;stretch_row&#8221; css=&#8221;.vc_custom_1493927857436{padding-top: 30px !important;padding-bottom: 30px !important;background-color: #f9f9f9 !important;}&#8221;][vc_column][vc_column_text]<\/p>\n<h2>Geschichte des Unternehmens<\/h2>\n<p>Im Fr\u00fchjahr 2012 entschieden sich Emre Ko\u00e7ak und Clare Billig Deutschland hinter sich zu lassen, um im Herzen Barcelonas eine Sprachschule zu er\u00f6ffnen. So brachte Herr Ko\u00e7ak seine Erfahrungen im Bereich der Sprachen als Konferenzdolmetscher f\u00fcr zahlreiche internationale Firmen mit, und Frau Billig ihre langj\u00e4hrigen Kenntnisse aus der Berufsschulsozialarbeit und als Leiterin von abh-Projekten.<\/p>\n<p>Nachdem der Fokus zun\u00e4chst auf der Leitung einer klassischen Sprachschule mit Gruppenunterricht f\u00fcr private InteressentInnen lag, mehrten sich im Laufe der Zeit die Anfragen aus Deutschland und Spanien f\u00fcr Zusammenarbeit in verschiedenen europ\u00e4ischen Projekten.<\/p>\n<p>Somit l\u00e4sst sich aktuell eine gute und stetig wachsende Erfolgsbilanz vorweisen. Die CBLS versteht sich zunehmend als Dreh-und Angelpunkt zwischen Spanien und Deutschland, sei es durch die Mitwirkung an sozialen und kulturellen Projekten als auch im Bereich der Arbeits- und Ausbildungsvermittlung. Aufgrund der Krise in Spanien ist der Wunsch weiterhin gro\u00df, sich beruflich europaweit zu orientieren und es suchen viele junge Menschen ihr Gl\u00fcck in Deutschland. An diesem Punkt setzt die CBLS an und versucht sowohl p\u00e4dagogisch und vor allem individuell den richtigen Weg f\u00fcr jeden einzelnen Sch\u00fclerIn zu finden.[\/vc_column_text][\/vc_column][\/vc_row][vc_row full_width=&#8221;stretch_row&#8221; css=&#8221;.vc_custom_1493927852117{padding-top: 30px !important;padding-bottom: 30px !important;}&#8221;][vc_column][vc_column_text]<\/p>\n<h2>Unsere Philosophie<\/h2>\n<p>Unsere Sprachschule hat es sich zur Aufgabe gemacht, nicht nur durch reinen Unterricht Sprache zu vermitteln. Vielmehr ist es die langj\u00e4hrige Erfahrung im Sozial-, Jugend- und Bildungsbereich die es erm\u00f6glicht, Hilfestellungen zu geben, um die erworbenen Sprachkenntnisse in einem ad\u00e4quaten Rahmen zu nutzen. Ein Konzept, das eine ganzheitliche Sprachvermittlung vorsieht und durch qualifizierte Begleitung die soziokulturellen Eigenschaften jeder Gruppe ber\u00fccksichtigt.<\/p>\n<h2>Unsere wichtigsten Meilensteine in EU gef\u00f6rderten Projekten<\/h2>\n<p><strong>April 2012<\/strong> Gr\u00fcndung der Sprachschule Clase Barcelona Language School<\/p>\n<p><strong>Oktober 2013 \u2013 Juli 2014<\/strong> Erster Flow MobiPro-EU in Zusammenarbeit mit der ZAV Deutschland<\/p>\n<p><strong>Februar 2015 \u2013 Juli 2015<\/strong> Zweiter Flow MobiPro-EU in Zusammenarbeit mit FARE gGmbH<\/p>\n<p><strong>M\u00e4rz 2015 \u2013 Juli 2015<\/strong> Dritter Flow MobiPro-EU in Zusammenarbeit mit FARE gGmbH<\/p>\n<p><strong>September 2016 \u2013 Dezember 2016<\/strong> Erster Flow des Projekts \u201ctake off take in \u2013 Aufbruch Wirtschaft Kreativ\u201d in Zusammenarbeit mit Kontrapunkt e.V M\u00fcnchen<\/p>\n<p><strong>Februar 2019 &#8211; Aktuell<\/strong> Zusammenarbeit im Projekt &#8220;Live Learning &#8211; Ein Weg nach Europa f\u00fcr alle&#8221; Projektkoordination EUCON e.V Deutschland<\/p>\n<p><strong>Juni 2019 &#8211; Aktuell <\/strong>Zusammenarbeit im Projekt &#8220;LENE +&#8221; &#8211; Projektkoordination Coordi-Nation Schweden[\/vc_column_text][\/vc_column][\/vc_row][vc_row full_width=&#8221;stretch_row&#8221; css=&#8221;.vc_custom_1493927946708{padding-top: 30px !important;padding-bottom: 30px !important;background-color: #f9f9f9 !important;}&#8221;][vc_column][vc_column_text]<\/p>\n<h2>Unsere Partner und Mitgliedschaften<\/h2>\n<h3>DEUTSCHLAND<\/h3>\n<p>[\/vc_column_text][vc_row_inner][vc_column_inner width=&#8221;1\/3&#8243;][vc_single_image image=&#8221;2176&#8243; img_size=&#8221;full&#8221; alignment=&#8221;center&#8221; onclick=&#8221;custom_link&#8221;][\/vc_column_inner][vc_column_inner width=&#8221;1\/3&#8243;][vc_single_image image=&#8221;2187&#8243; img_size=&#8221;full&#8221; alignment=&#8221;center&#8221; onclick=&#8221;custom_link&#8221; link=&#8221;http:\/\/www.fareggmbh.de\/index.php?id=86&#8243;][\/vc_column_inner][vc_column_inner width=&#8221;1\/3&#8243;][vc_single_image image=&#8221;2237&#8243; img_size=&#8221;full&#8221; alignment=&#8221;center&#8221;][\/vc_column_inner][\/vc_row_inner][vc_column_text]<\/p>\n<h3>SPANIEN<\/h3>\n<p>[\/vc_column_text][vc_row_inner][vc_column_inner width=&#8221;1\/4&#8243;][vc_single_image image=&#8221;1836&#8243; img_size=&#8221;full&#8221; alignment=&#8221;center&#8221; onclick=&#8221;custom_link&#8221; link=&#8221;http:\/\/www.fecei.org\/&#8221;][\/vc_column_inner][vc_column_inner width=&#8221;1\/4&#8243;][vc_single_image image=&#8221;2278&#8243; img_size=&#8221;full&#8221; alignment=&#8221;center&#8221; onclick=&#8221;custom_link&#8221; link=&#8221;https:\/\/www.spanienaufdeutsch.com\/cat\/de\/&#8221;][\/vc_column_inner][vc_column_inner width=&#8221;1\/4&#8243;][vc_single_image image=&#8221;2192&#8243; img_size=&#8221;full&#8221; alignment=&#8221;center&#8221; onclick=&#8221;custom_link&#8221; link=&#8221;http:\/\/www.hiddencitytours.com\/&#8221;][\/vc_column_inner][vc_column_inner width=&#8221;1\/4&#8243;][vc_single_image image=&#8221;2396&#8243; img_size=&#8221;full&#8221; alignment=&#8221;center&#8221; onclick=&#8221;custom_link&#8221; link=&#8221;http:\/\/www.teleworldservices.com\/&#8221;][\/vc_column_inner][\/vc_row_inner][\/vc_column][\/vc_row][vc_row full_width=&#8221;stretch_row&#8221; css=&#8221;.vc_custom_1493928631675{padding-top: 30px !important;padding-bottom: 30px !important;}&#8221;][vc_column][vc_column_text]FECEI \u2013 Federaci\u00f3n Espa\u00f1ola de Centros de Ense\u00f1anza de Idiomas (Mitgliedschaft)<br \/>\nKontrapunkt e.V. M\u00fcnchen<br \/>\nEuro Trainings Center e.V. (M\u00fcnchen)<br \/>\nDenk Mit \u2013 Kinderbetreuungseinrichtungen M\u00fcnchen<br \/>\nFARE\/Fortbildungs-Akademie der VHS Reckenberg-Ems (Nordrheinwestfalen)<\/p>\n<p>Hidden City-Tours<br \/>\nTele World Languages<br \/>\nBarcelona f\u00fcr Deutsche \u2013 Webportal<br \/>\nT\u00fcrkisches Generalkonsulat Barcelona<br \/>\nAHK \u2013 Deutsche Handelskammer f\u00fcr Spanien (Mitgliedschaft)<\/p>\n<p><a href=\"https:\/\/www.lmu.de\/de\/index.html\" target=\"_blank\" rel=\"noopener noreferrer\">Ludwig-Maximilian Universit\u00e4t M\u00fcnchen<\/a><br \/>\n<a href=\"http:\/\/www.bspedtour.musin.de\/\" target=\"_blank\" rel=\"noopener noreferrer\">St\u00e4dtische Berufsschule f\u00fcr Spedition und Touristik<\/a><br \/>\n<a href=\"http:\/\/www.fim.musin.de\/\" target=\"_blank\" rel=\"noopener noreferrer\">Fremdpracheninstitut der Landeshauptstadt M\u00fcnchen<\/a><br \/>\n<a href=\"http:\/\/www.bsbkik.musin.de\/\" target=\"_blank\" rel=\"noopener noreferrer\">St\u00e4dtische Berufsschule f\u00fcr B\u00fcrokommunikation und Industriekaufleute M\u00fcnchen<\/a>[\/vc_column_text][\/vc_column][\/vc_row]<\/p>\n","protected":false},"excerpt":{"rendered":"<p>[vc_row css=&#8221;.vc_custom_1493927783929{padding-bottom: 30px !important;}&#8221;][vc_column][vc_column_text] Firmenprofil Clase Barcelona Language School Im Jahre 2003 wurde die Sprachschule AKTIV mit ihrem Hauptsitz in M\u00fcnchen und unter der Leitung von Herrn Martin Polo gegr\u00fcndet. Sie unterh\u00e4lt deutschlandweit mehrere Filialen und 2012 kam schlie\u00dflich der erste europ\u00e4ische Ableger in Spanien hinzu. Herr Emre Ko\u00e7ak und Frau Clare Billig gr\u00fcndeten in&hellip; <a class=\"read-more\" href=\"https:\/\/www.academia-barcelona.com\/de\/wir-uber-uns\/firmenprofil\/\" title=\"Read Firmenprofil\">Read more &raquo;<\/a><\/p>\n","protected":false},"author":3,"featured_media":0,"parent":830,"menu_order":0,"comment_status":"closed","ping_status":"closed","template":"","meta":{"footnotes":""},"class_list":["post-1622","page","type-page","status-publish","hentry"],"yoast_head":"<!-- This site is optimized with the Yoast SEO plugin v27.1.1 - https:\/\/yoast.com\/product\/yoast-seo-wordpress\/ -->\n<title>Firmenprofil CBLS Sprachschule Barcelona<\/title>\n<meta name=\"description\" content=\"Firmenprofil: Die Sprachschule AKTIV mit ihrem Hauptsitz in M\u00fcnchen wurde im Jahre 2003 unter der Leitung von Herrn Martin Polo gegr\u00fcndet.\" \/>\n<meta name=\"robots\" content=\"index, follow, max-snippet:-1, max-image-preview:large, max-video-preview:-1\" \/>\n<link rel=\"canonical\" href=\"https:\/\/www.academia-barcelona.com\/de\/wir-uber-uns\/firmenprofil\/\" \/>\n<meta property=\"og:locale\" content=\"de_DE\" \/>\n<meta property=\"og:type\" content=\"article\" \/>\n<meta property=\"og:title\" content=\"Firmenprofil CBLS Sprachschule Barcelona\" \/>\n<meta property=\"og:description\" content=\"Firmenprofil: Die Sprachschule AKTIV mit ihrem Hauptsitz in M\u00fcnchen wurde im Jahre 2003 unter der Leitung von Herrn Martin Polo gegr\u00fcndet.\" \/>\n<meta property=\"og:url\" content=\"https:\/\/www.academia-barcelona.com\/de\/wir-uber-uns\/firmenprofil\/\" \/>\n<meta property=\"article:modified_time\" content=\"2021-11-08T07:24:13+00:00\" \/>\n<meta name=\"twitter:card\" content=\"summary_large_image\" \/>\n<meta name=\"twitter:label1\" content=\"Gesch\u00e4tzte Lesezeit\" \/>\n\t<meta name=\"twitter:data1\" content=\"5\u00a0Minuten\" \/>\n<script type=\"application\/ld+json\" class=\"yoast-schema-graph\">{\"@context\":\"https:\/\/schema.org\",\"@graph\":[{\"@type\":\"WebPage\",\"@id\":\"https:\/\/www.academia-barcelona.com\/de\/wir-uber-uns\/firmenprofil\/\",\"url\":\"https:\/\/www.academia-barcelona.com\/de\/wir-uber-uns\/firmenprofil\/\",\"name\":\"Firmenprofil CBLS Sprachschule Barcelona\",\"isPartOf\":{\"@id\":\"https:\/\/www.academia-barcelona.com\/#website\"},\"datePublished\":\"2016-03-08T15:17:53+00:00\",\"dateModified\":\"2021-11-08T07:24:13+00:00\",\"description\":\"Firmenprofil: Die Sprachschule AKTIV mit ihrem Hauptsitz in M\u00fcnchen wurde im Jahre 2003 unter der Leitung von Herrn Martin Polo gegr\u00fcndet.\",\"breadcrumb\":{\"@id\":\"https:\/\/www.academia-barcelona.com\/de\/wir-uber-uns\/firmenprofil\/#breadcrumb\"},\"inLanguage\":\"de\",\"potentialAction\":[{\"@type\":\"ReadAction\",\"target\":[\"https:\/\/www.academia-barcelona.com\/de\/wir-uber-uns\/firmenprofil\/\"]}]},{\"@type\":\"BreadcrumbList\",\"@id\":\"https:\/\/www.academia-barcelona.com\/de\/wir-uber-uns\/firmenprofil\/#breadcrumb\",\"itemListElement\":[{\"@type\":\"ListItem\",\"position\":1,\"name\":\"Wir \u00fcber uns\",\"item\":\"https:\/\/www.academia-barcelona.com\/de\/wir-uber-uns\/\"},{\"@type\":\"ListItem\",\"position\":2,\"name\":\"Firmenprofil\"}]},{\"@type\":\"WebSite\",\"@id\":\"https:\/\/www.academia-barcelona.com\/#website\",\"url\":\"https:\/\/www.academia-barcelona.com\/\",\"name\":\"\",\"description\":\"\",\"potentialAction\":[{\"@type\":\"SearchAction\",\"target\":{\"@type\":\"EntryPoint\",\"urlTemplate\":\"https:\/\/www.academia-barcelona.com\/?s={search_term_string}\"},\"query-input\":{\"@type\":\"PropertyValueSpecification\",\"valueRequired\":true,\"valueName\":\"search_term_string\"}}],\"inLanguage\":\"de\"}]}<\/script>\n<!-- \/ Yoast SEO plugin. -->","yoast_head_json":{"title":"Firmenprofil CBLS Sprachschule Barcelona","description":"Firmenprofil: Die Sprachschule AKTIV mit ihrem Hauptsitz in M\u00fcnchen wurde im Jahre 2003 unter der Leitung von Herrn Martin Polo gegr\u00fcndet.","robots":{"index":"index","follow":"follow","max-snippet":"max-snippet:-1","max-image-preview":"max-image-preview:large","max-video-preview":"max-video-preview:-1"},"canonical":"https:\/\/www.academia-barcelona.com\/de\/wir-uber-uns\/firmenprofil\/","og_locale":"de_DE","og_type":"article","og_title":"Firmenprofil CBLS Sprachschule Barcelona","og_description":"Firmenprofil: Die Sprachschule AKTIV mit ihrem Hauptsitz in M\u00fcnchen wurde im Jahre 2003 unter der Leitung von Herrn Martin Polo gegr\u00fcndet.","og_url":"https:\/\/www.academia-barcelona.com\/de\/wir-uber-uns\/firmenprofil\/","article_modified_time":"2021-11-08T07:24:13+00:00","twitter_card":"summary_large_image","twitter_misc":{"Gesch\u00e4tzte Lesezeit":"5\u00a0Minuten"},"schema":{"@context":"https:\/\/schema.org","@graph":[{"@type":"WebPage","@id":"https:\/\/www.academia-barcelona.com\/de\/wir-uber-uns\/firmenprofil\/","url":"https:\/\/www.academia-barcelona.com\/de\/wir-uber-uns\/firmenprofil\/","name":"Firmenprofil CBLS Sprachschule Barcelona","isPartOf":{"@id":"https:\/\/www.academia-barcelona.com\/#website"},"datePublished":"2016-03-08T15:17:53+00:00","dateModified":"2021-11-08T07:24:13+00:00","description":"Firmenprofil: Die Sprachschule AKTIV mit ihrem Hauptsitz in M\u00fcnchen wurde im Jahre 2003 unter der Leitung von Herrn Martin Polo gegr\u00fcndet.","breadcrumb":{"@id":"https:\/\/www.academia-barcelona.com\/de\/wir-uber-uns\/firmenprofil\/#breadcrumb"},"inLanguage":"de","potentialAction":[{"@type":"ReadAction","target":["https:\/\/www.academia-barcelona.com\/de\/wir-uber-uns\/firmenprofil\/"]}]},{"@type":"BreadcrumbList","@id":"https:\/\/www.academia-barcelona.com\/de\/wir-uber-uns\/firmenprofil\/#breadcrumb","itemListElement":[{"@type":"ListItem","position":1,"name":"Wir \u00fcber uns","item":"https:\/\/www.academia-barcelona.com\/de\/wir-uber-uns\/"},{"@type":"ListItem","position":2,"name":"Firmenprofil"}]},{"@type":"WebSite","@id":"https:\/\/www.academia-barcelona.com\/#website","url":"https:\/\/www.academia-barcelona.com\/","name":"","description":"","potentialAction":[{"@type":"SearchAction","target":{"@type":"EntryPoint","urlTemplate":"https:\/\/www.academia-barcelona.com\/?s={search_term_string}"},"query-input":{"@type":"PropertyValueSpecification","valueRequired":true,"valueName":"search_term_string"}}],"inLanguage":"de"}]}},"_links":{"self":[{"href":"https:\/\/www.academia-barcelona.com\/de\/wp-json\/wp\/v2\/pages\/1622","targetHints":{"allow":["GET"]}}],"collection":[{"href":"https:\/\/www.academia-barcelona.com\/de\/wp-json\/wp\/v2\/pages"}],"about":[{"href":"https:\/\/www.academia-barcelona.com\/de\/wp-json\/wp\/v2\/types\/page"}],"author":[{"embeddable":true,"href":"https:\/\/www.academia-barcelona.com\/de\/wp-json\/wp\/v2\/users\/3"}],"replies":[{"embeddable":true,"href":"https:\/\/www.academia-barcelona.com\/de\/wp-json\/wp\/v2\/comments?post=1622"}],"version-history":[{"count":40,"href":"https:\/\/www.academia-barcelona.com\/de\/wp-json\/wp\/v2\/pages\/1622\/revisions"}],"predecessor-version":[{"id":13801,"href":"https:\/\/www.academia-barcelona.com\/de\/wp-json\/wp\/v2\/pages\/1622\/revisions\/13801"}],"up":[{"embeddable":true,"href":"https:\/\/www.academia-barcelona.com\/de\/wp-json\/wp\/v2\/pages\/830"}],"wp:attachment":[{"href":"https:\/\/www.academia-barcelona.com\/de\/wp-json\/wp\/v2\/media?parent=1622"}],"curies":[{"name":"wp","href":"https:\/\/api.w.org\/{rel}","templated":true}]}}