{"id":1485,"date":"2016-03-07T21:41:57","date_gmt":"2016-03-07T21:41:57","guid":{"rendered":"http:\/\/www.barcelona-sprachschule.de\/?page_id=1485"},"modified":"2017-09-25T17:50:09","modified_gmt":"2017-09-25T17:50:09","slug":"unsere-methodik","status":"publish","type":"page","link":"https:\/\/www.academia-barcelona.com\/de\/sprachschule-barcelona\/unsere-methodik\/","title":{"rendered":"Unsere Methodik"},"content":{"rendered":"<h1><span id=\"result_box\" class=\"short_text\" lang=\"de\"><span class=\"\">Unsere Methodik<\/span> f\u00fcr das Lernen von\u00a0<span class=\"\">Sprachen<\/span><\/span><\/h1>\n<p>Unsere Methodik f\u00fcr das Lernen von Sprachen &#8211; Sprachschule Barcelona. Heutzutage reicht es nicht mehr aus, nur eine Sprache zu lernen, um die Menschen aus einer anderen Kultur zu verstehen. F\u00fcr eine erfolgreiche Kommunikation ist es vielmehr von gro\u00dfer Wichtigkeit, auch die jeweilige Kultur eines Landes zu kennen. Unsere <strong>Sprachkurse in Barcelona<\/strong> vermitteln daher auch immer die kulturellen Hintergr\u00fcnde und sind auf moderne, lebendige und realit\u00e4tsnahe Art und Weise konzipiert.<\/p>\n<p>Bei unseren <strong>Sprachkursen<\/strong> gehen wir auf Ihre pers\u00f6nlichen Interessen, Ziele, W\u00fcnsche sowie Ihr Lerntempo ein. Als Teilnehmer an unseren Sprachkursen nehmen Sie au\u00dferdem aktiv am Sprachtraining teil. Unsere Sprachkurse in Barcelona und Fernlehrg\u00e4nge orientieren sich an dem Gemeinsamen Europ\u00e4ischen Referenzrahmen f\u00fcr Sprachen.<\/p>\n<img decoding=\"async\" class=\"alignnone wp-image-2944\" src=\"https:\/\/www.academia-barcelona.com\/wp-content\/uploads\/2016\/03\/claseBCN_100.jpg\" alt=\"unsere methodik Sprachkurs Barcelona \" width=\"374\" height=\"561\" srcset=\"https:\/\/www.academia-barcelona.com\/wp-content\/uploads\/2016\/03\/claseBCN_100.jpg 1181w, https:\/\/www.academia-barcelona.com\/wp-content\/uploads\/2016\/03\/claseBCN_100-200x300.jpg 200w, https:\/\/www.academia-barcelona.com\/wp-content\/uploads\/2016\/03\/claseBCN_100-768x1152.jpg 768w, https:\/\/www.academia-barcelona.com\/wp-content\/uploads\/2016\/03\/claseBCN_100-682x1024.jpg 682w\" sizes=\"(max-width: 374px) 100vw, 374px\" \/>\n<p>Ziel unserer <strong>Spanischkurse in Barcelona<\/strong> ist es, die spanische Sprache mit der notwendigen Grammatik zu lehren und dar\u00fcber hinaus eine Sensibilisierung f\u00fcr kulturelle Unterschiede zwischen der eigenen und der fremden Kultur zu vermitteln. Unsere Teilnehmer k\u00f6nnen mit einem <strong>Sprachkurs<\/strong> ein Verst\u00e4ndnis f\u00fcr das Fremde gewinnen und somit kulturelle Unterschiede und Einfl\u00fcsse besser einsch\u00e4tzen. Somit entwickeln sie die Kompetenz, beispielsweise mit ausl\u00e4ndischen Gesch\u00e4ftspartnern, Kollegen, Kunden oder Freunden umzugehen.<\/p>\n<p>Mit unserem gro\u00dfen Hintergrundwissen, ausgew\u00e4hlten Beispielen, kulturellen Veranstaltungen, konkreten Empfehlungen, Fallstudien oder Gruppenarbeiten k\u00f6nnen wir gezielt auf interkulturelle Begegnungen (privat oder beruflich) in Spanien oder auch Lateinamerika vorbereiten.<\/p>\n<p>Mit unseren<strong> <a href=\"https:\/\/www.academia-barcelona.com\/de\/spanischkurse\/\">Spanisch-Sprachkursen in Barcelona<\/a><\/strong> und unserem Spanisch-Fernunterricht m\u00f6chten wir Folgendes erreichen:<\/p>\n<ul>\n<li>Individuell und je nach Bedarf, Zeit und W\u00fcnschen der Gruppe erarbeitete Kursziele<\/li>\n<li>Aktive Unterrichtsgestaltung<\/li>\n<li>Eine Atmosph\u00e4re, die stressfreies Lernen schafft<\/li>\n<li>Erlernen der Grammatik, ausgerichtet auf die speziellen Bed\u00fcrfnisse der Teilnehmer. So sind z.B. im Berufsleben tiefere Grammatikkenntnisse notwendig als im Urlaub.<\/li>\n<li>Erh\u00f6hung der Sensibilit\u00e4t und Toleranz f\u00fcr andere Kulturen und interkulturelle Begegnungen<\/li>\n<li>Erlernen von notwendigen und bekannten Redewendungen mit entsprechender Gestik<\/li>\n<li>Nonverbale Kommunikation richtig verstehen, um das Vorgehen der Einheimischen richtig zu deuten und, wenn m\u00f6glich, vorauszusehen<\/li>\n<li>Strategien f\u00fcr eine gelungene Kommunikation entwickeln<\/li>\n<li>Unterschiede zwischen der eigenen und der fremden Kultur wahrnehmen<\/li>\n<li>Strategien im Umgang mit typischen Konfliktsituationen vermitteln<\/li>\n<li>Aneignung kultureller Kompetenz<\/li>\n<li>Vorbereitung von Mitarbeitern auf eine effiziente Zusammenarbeit in interkulturellen Arbeitsgruppen<\/li>\n<\/ul>\n<p>&nbsp;<\/p>\n<p>&nbsp;<\/p>\n","protected":false},"excerpt":{"rendered":"<p>Unsere Methodik f\u00fcr das Lernen von\u00a0Sprachen Unsere Methodik f\u00fcr das Lernen von Sprachen &#8211; Sprachschule Barcelona. Heutzutage reicht es nicht mehr aus, nur eine Sprache zu lernen, um die Menschen aus einer anderen Kultur zu verstehen. F\u00fcr eine erfolgreiche Kommunikation ist es vielmehr von gro\u00dfer Wichtigkeit, auch die jeweilige Kultur eines Landes zu kennen. Unsere&hellip; <a class=\"read-more\" href=\"https:\/\/www.academia-barcelona.com\/de\/sprachschule-barcelona\/unsere-methodik\/\" title=\"Read Unsere Methodik\">Read more &raquo;<\/a><\/p>\n","protected":false},"author":3,"featured_media":0,"parent":1482,"menu_order":0,"comment_status":"closed","ping_status":"closed","template":"","meta":{"footnotes":""},"class_list":["post-1485","page","type-page","status-publish","hentry"],"yoast_head":"<!-- This site is optimized with the Yoast SEO plugin v27.1.1 - https:\/\/yoast.com\/product\/yoast-seo-wordpress\/ -->\n<title>Unsere Methodik Sprachschule Barcelona<\/title>\n<meta name=\"description\" content=\"Unsere Methodik: Um die Menschen aus einer anderen Kultur verstehen zu k\u00f6nnen reicht es nicht mehr aus, lediglich eine neue Sprache zu lernen.\" \/>\n<meta name=\"robots\" content=\"index, follow, max-snippet:-1, max-image-preview:large, max-video-preview:-1\" \/>\n<link rel=\"canonical\" href=\"https:\/\/www.academia-barcelona.com\/de\/sprachschule-barcelona\/unsere-methodik\/\" \/>\n<meta property=\"og:locale\" content=\"de_DE\" \/>\n<meta property=\"og:type\" content=\"article\" \/>\n<meta property=\"og:title\" content=\"Unsere Methodik Sprachschule Barcelona\" \/>\n<meta property=\"og:description\" content=\"Unsere Methodik: Um die Menschen aus einer anderen Kultur verstehen zu k\u00f6nnen reicht es nicht mehr aus, lediglich eine neue Sprache zu lernen.\" \/>\n<meta property=\"og:url\" content=\"https:\/\/www.academia-barcelona.com\/de\/sprachschule-barcelona\/unsere-methodik\/\" \/>\n<meta property=\"article:modified_time\" content=\"2017-09-25T17:50:09+00:00\" \/>\n<meta property=\"og:image\" content=\"https:\/\/www.academia-barcelona.com\/wp-content\/uploads\/2016\/03\/claseBCN_100.jpg\" \/>\n<meta name=\"twitter:card\" content=\"summary_large_image\" \/>\n<meta name=\"twitter:label1\" content=\"Gesch\u00e4tzte Lesezeit\" \/>\n\t<meta name=\"twitter:data1\" content=\"2\u00a0Minuten\" \/>\n<script type=\"application\/ld+json\" class=\"yoast-schema-graph\">{\"@context\":\"https:\/\/schema.org\",\"@graph\":[{\"@type\":\"WebPage\",\"@id\":\"https:\/\/www.academia-barcelona.com\/de\/sprachschule-barcelona\/unsere-methodik\/\",\"url\":\"https:\/\/www.academia-barcelona.com\/de\/sprachschule-barcelona\/unsere-methodik\/\",\"name\":\"Unsere Methodik Sprachschule Barcelona\",\"isPartOf\":{\"@id\":\"https:\/\/www.academia-barcelona.com\/#website\"},\"primaryImageOfPage\":{\"@id\":\"https:\/\/www.academia-barcelona.com\/de\/sprachschule-barcelona\/unsere-methodik\/#primaryimage\"},\"image\":{\"@id\":\"https:\/\/www.academia-barcelona.com\/de\/sprachschule-barcelona\/unsere-methodik\/#primaryimage\"},\"thumbnailUrl\":\"https:\/\/www.academia-barcelona.com\/wp-content\/uploads\/2016\/03\/claseBCN_100.jpg\",\"datePublished\":\"2016-03-07T21:41:57+00:00\",\"dateModified\":\"2017-09-25T17:50:09+00:00\",\"description\":\"Unsere Methodik: Um die Menschen aus einer anderen Kultur verstehen zu k\u00f6nnen reicht es nicht mehr aus, lediglich eine neue Sprache zu lernen.\",\"breadcrumb\":{\"@id\":\"https:\/\/www.academia-barcelona.com\/de\/sprachschule-barcelona\/unsere-methodik\/#breadcrumb\"},\"inLanguage\":\"de\",\"potentialAction\":[{\"@type\":\"ReadAction\",\"target\":[\"https:\/\/www.academia-barcelona.com\/de\/sprachschule-barcelona\/unsere-methodik\/\"]}]},{\"@type\":\"ImageObject\",\"inLanguage\":\"de\",\"@id\":\"https:\/\/www.academia-barcelona.com\/de\/sprachschule-barcelona\/unsere-methodik\/#primaryimage\",\"url\":\"https:\/\/www.academia-barcelona.com\/wp-content\/uploads\/2016\/03\/claseBCN_100.jpg\",\"contentUrl\":\"https:\/\/www.academia-barcelona.com\/wp-content\/uploads\/2016\/03\/claseBCN_100.jpg\"},{\"@type\":\"BreadcrumbList\",\"@id\":\"https:\/\/www.academia-barcelona.com\/de\/sprachschule-barcelona\/unsere-methodik\/#breadcrumb\",\"itemListElement\":[{\"@type\":\"ListItem\",\"position\":1,\"name\":\"Unsere Sprachschule in Barcelona\",\"item\":\"https:\/\/www.academia-barcelona.com\/de\/sprachschule-barcelona\/\"},{\"@type\":\"ListItem\",\"position\":2,\"name\":\"Unsere Methodik\"}]},{\"@type\":\"WebSite\",\"@id\":\"https:\/\/www.academia-barcelona.com\/#website\",\"url\":\"https:\/\/www.academia-barcelona.com\/\",\"name\":\"\",\"description\":\"\",\"potentialAction\":[{\"@type\":\"SearchAction\",\"target\":{\"@type\":\"EntryPoint\",\"urlTemplate\":\"https:\/\/www.academia-barcelona.com\/?s={search_term_string}\"},\"query-input\":{\"@type\":\"PropertyValueSpecification\",\"valueRequired\":true,\"valueName\":\"search_term_string\"}}],\"inLanguage\":\"de\"}]}<\/script>\n<!-- \/ Yoast SEO plugin. -->","yoast_head_json":{"title":"Unsere Methodik Sprachschule Barcelona","description":"Unsere Methodik: Um die Menschen aus einer anderen Kultur verstehen zu k\u00f6nnen reicht es nicht mehr aus, lediglich eine neue Sprache zu lernen.","robots":{"index":"index","follow":"follow","max-snippet":"max-snippet:-1","max-image-preview":"max-image-preview:large","max-video-preview":"max-video-preview:-1"},"canonical":"https:\/\/www.academia-barcelona.com\/de\/sprachschule-barcelona\/unsere-methodik\/","og_locale":"de_DE","og_type":"article","og_title":"Unsere Methodik Sprachschule Barcelona","og_description":"Unsere Methodik: Um die Menschen aus einer anderen Kultur verstehen zu k\u00f6nnen reicht es nicht mehr aus, lediglich eine neue Sprache zu lernen.","og_url":"https:\/\/www.academia-barcelona.com\/de\/sprachschule-barcelona\/unsere-methodik\/","article_modified_time":"2017-09-25T17:50:09+00:00","og_image":[{"url":"https:\/\/www.academia-barcelona.com\/wp-content\/uploads\/2016\/03\/claseBCN_100.jpg","type":"","width":"","height":""}],"twitter_card":"summary_large_image","twitter_misc":{"Gesch\u00e4tzte Lesezeit":"2\u00a0Minuten"},"schema":{"@context":"https:\/\/schema.org","@graph":[{"@type":"WebPage","@id":"https:\/\/www.academia-barcelona.com\/de\/sprachschule-barcelona\/unsere-methodik\/","url":"https:\/\/www.academia-barcelona.com\/de\/sprachschule-barcelona\/unsere-methodik\/","name":"Unsere Methodik Sprachschule Barcelona","isPartOf":{"@id":"https:\/\/www.academia-barcelona.com\/#website"},"primaryImageOfPage":{"@id":"https:\/\/www.academia-barcelona.com\/de\/sprachschule-barcelona\/unsere-methodik\/#primaryimage"},"image":{"@id":"https:\/\/www.academia-barcelona.com\/de\/sprachschule-barcelona\/unsere-methodik\/#primaryimage"},"thumbnailUrl":"https:\/\/www.academia-barcelona.com\/wp-content\/uploads\/2016\/03\/claseBCN_100.jpg","datePublished":"2016-03-07T21:41:57+00:00","dateModified":"2017-09-25T17:50:09+00:00","description":"Unsere Methodik: Um die Menschen aus einer anderen Kultur verstehen zu k\u00f6nnen reicht es nicht mehr aus, lediglich eine neue Sprache zu lernen.","breadcrumb":{"@id":"https:\/\/www.academia-barcelona.com\/de\/sprachschule-barcelona\/unsere-methodik\/#breadcrumb"},"inLanguage":"de","potentialAction":[{"@type":"ReadAction","target":["https:\/\/www.academia-barcelona.com\/de\/sprachschule-barcelona\/unsere-methodik\/"]}]},{"@type":"ImageObject","inLanguage":"de","@id":"https:\/\/www.academia-barcelona.com\/de\/sprachschule-barcelona\/unsere-methodik\/#primaryimage","url":"https:\/\/www.academia-barcelona.com\/wp-content\/uploads\/2016\/03\/claseBCN_100.jpg","contentUrl":"https:\/\/www.academia-barcelona.com\/wp-content\/uploads\/2016\/03\/claseBCN_100.jpg"},{"@type":"BreadcrumbList","@id":"https:\/\/www.academia-barcelona.com\/de\/sprachschule-barcelona\/unsere-methodik\/#breadcrumb","itemListElement":[{"@type":"ListItem","position":1,"name":"Unsere Sprachschule in Barcelona","item":"https:\/\/www.academia-barcelona.com\/de\/sprachschule-barcelona\/"},{"@type":"ListItem","position":2,"name":"Unsere Methodik"}]},{"@type":"WebSite","@id":"https:\/\/www.academia-barcelona.com\/#website","url":"https:\/\/www.academia-barcelona.com\/","name":"","description":"","potentialAction":[{"@type":"SearchAction","target":{"@type":"EntryPoint","urlTemplate":"https:\/\/www.academia-barcelona.com\/?s={search_term_string}"},"query-input":{"@type":"PropertyValueSpecification","valueRequired":true,"valueName":"search_term_string"}}],"inLanguage":"de"}]}},"_links":{"self":[{"href":"https:\/\/www.academia-barcelona.com\/de\/wp-json\/wp\/v2\/pages\/1485","targetHints":{"allow":["GET"]}}],"collection":[{"href":"https:\/\/www.academia-barcelona.com\/de\/wp-json\/wp\/v2\/pages"}],"about":[{"href":"https:\/\/www.academia-barcelona.com\/de\/wp-json\/wp\/v2\/types\/page"}],"author":[{"embeddable":true,"href":"https:\/\/www.academia-barcelona.com\/de\/wp-json\/wp\/v2\/users\/3"}],"replies":[{"embeddable":true,"href":"https:\/\/www.academia-barcelona.com\/de\/wp-json\/wp\/v2\/comments?post=1485"}],"version-history":[{"count":13,"href":"https:\/\/www.academia-barcelona.com\/de\/wp-json\/wp\/v2\/pages\/1485\/revisions"}],"predecessor-version":[{"id":9766,"href":"https:\/\/www.academia-barcelona.com\/de\/wp-json\/wp\/v2\/pages\/1485\/revisions\/9766"}],"up":[{"embeddable":true,"href":"https:\/\/www.academia-barcelona.com\/de\/wp-json\/wp\/v2\/pages\/1482"}],"wp:attachment":[{"href":"https:\/\/www.academia-barcelona.com\/de\/wp-json\/wp\/v2\/media?parent=1485"}],"curies":[{"name":"wp","href":"https:\/\/api.w.org\/{rel}","templated":true}]}}