{"id":1484,"date":"2016-03-07T21:40:43","date_gmt":"2016-03-07T21:40:43","guid":{"rendered":"http:\/\/www.barcelona-sprachschule.de\/?page_id=1484"},"modified":"2018-12-04T12:15:47","modified_gmt":"2018-12-04T12:15:47","slug":"ihre-vorteile-auf-einen-blick","status":"publish","type":"page","link":"https:\/\/www.academia-barcelona.com\/de\/sprachschule-barcelona\/ihre-vorteile-auf-einen-blick\/","title":{"rendered":"Ihre Vorteile auf einen Blick"},"content":{"rendered":"<p>[vc_row css=&#8221;.vc_custom_1493987352629{padding-bottom: 30px !important;}&#8221;][vc_column][vc_column_text]<\/p>\n<h1>Vorteile der Clase Barcelona Language School<\/h1>\n<h2>Ihre Vorteile auf einen Blick Sprachschule CBLS Barcelona<\/h2>\n<p>Unsere Schule liegt im <a title=\"Standort Sprachschule CBLS\" href=\"https:\/\/www.google.de\/maps\/place\/CBLS+-+Clase+Barcelona+Language+School\/@41.391525,2.169008,687m\/data=!3m2!1e3!4b1!4m2!3m1!1s0x0:0xc371eb8cc1faea0c?hl=en\" target=\"_blank\" rel=\"noopener noreferrer\">Zentrum Barcelonas<\/a> und bietet Ihnen Sprachkurse in einer pers\u00f6nlichen, angenehmen Atmosph\u00e4re. Ihre Vorteile auf einen Blick: Die Kurse werden von <strong>den Sprachlehrern<\/strong>\u00a0in <strong>kleinen Gruppen<\/strong> unterrichtet. Dar\u00fcber hinaus organisieren wir Filmabende und weitere <strong>Veranstaltungen <\/strong>f\u00fcr unsere Kursteilnehmer.<\/p>\n<p>Alle unsere Angebote sind bei Bedarf zeitlich flexibel anpassbar.<\/p>\n<div class=\"vc_row wpb_row vc_row-fluid vc_custom_1493989355077 row-background-light\" data-vc-full-width=\"true\" data-vc-full-width-init=\"true\">\n<div class=\"wpb_column vc_column_container vc_col-sm-12\">\n<div class=\"vc_column-inner \">\n<div class=\"wpb_wrapper\">\n<div class=\"wpb_text_column wpb_content_element \">\n<div class=\"wpb_wrapper\">\n<p>WIR BITTEN SIE DARUM SORGF\u00c4LTIG UNSERE\u00a0<a href=\"https:\/\/www.academia-barcelona.com\/de\/allgemeine-geschaeftsbedingungen\/\">AGB<\/a>\u00a0ZU LESEN UND WEISEN DARAUF HIN, DASS MIT BUCHUNG UNSERER LEISTUNGEN DEN AGB ZUGESTIMMT WIRD.<\/p>\n<\/div>\n<\/div>\n<\/div>\n<\/div>\n<\/div>\n<\/div>\n<div class=\"vc_row-full-width vc_clearfix\"><\/div>\n<div class=\"vc_row wpb_row vc_row-fluid vc_custom_1493989458307 row-background-light vc_row-has-fill\" data-vc-full-width=\"true\" data-vc-full-width-init=\"true\"><\/div>\n<p>[\/vc_column_text][\/vc_column][\/vc_row][vc_row full_width=&#8221;stretch_row&#8221; css=&#8221;.vc_custom_1493987551309{padding-top: 30px !important;padding-bottom: 30px !important;background-color: #f9f9f9 !important;}&#8221;][vc_column][vc_column_text]<strong>Im Preis inbegriffen<\/strong><\/p>\n<p>[\/vc_column_text]\t<ul class=\"pgs_list pgs_list_style_2\">\n\t\t\t\t\t\t<li>\n\t\t\t\t\t\t\t\t\t<i class=\"fa fa-angle-double-right\"><\/i> <span>Ausf\u00fchrliche Beratung und Einstufung sowie Organisation des Sprachkurses<\/span><\/li>\n\t\t\t\t\t\t\t\t<li>\n\t\t\t\t\t\t\t\t\t<i class=\"fa fa-angle-double-right\"><\/i> <span>Kostenloses Online-Spanischlehrbuch<\/span><\/li>\n\t\t\t\t\t\t\t\t<li>\n\t\t\t\t\t\t\t\t\t<i class=\"fa fa-angle-double-right\"><\/i> <span>Kostenloser Verleih von Literatur, Zeitschriften, Lehrb\u00fcchern, Zeitungen und Musik<\/span><\/li>\n\t\t\t\t\t\t\t\t<li>\n\t\t\t\t\t\t\t\t\t<i class=\"fa fa-angle-double-right\"><\/i> <span>Individuelle Hilfe bei den verschiedenen Anforderungen und b\u00fcrokratischen Aufgaben in einem neuen Land, wie z.B. Haus-, Schul- oder Kindergartensuche, Formalit\u00e4ten, Visum<\/span><\/li>\n\t\t\t\t\t\t\t\t<li>\n\t\t\t\t\t\t\t\t\t<i class=\"fa fa-angle-double-right\"><\/i> <span>Praktische L\u00e4nderinformationen, z.B. zu Versicherung, Krankenh\u00e4usern, \u00c4rzten. Wenden Sie sich einfach an uns!<\/span><\/li>\n\t\t\t\t\t<\/ul>\n\t[\/vc_column][\/vc_row][vc_row full_width=&#8221;stretch_row&#8221; css=&#8221;.vc_custom_1493987673156{padding-top: 30px !important;padding-bottom: 30px !important;}&#8221;][vc_column][vc_column_text]<\/p>\n<h2>Sprachkurs-Zertifikat<\/h2>\n<p>Nach Beendigung Ihres Sprachkurses erhalten Sie ein anerkanntes Sprachzertifikat nach dem Gemeinsamen Europ\u00e4ischen Referenzrahmen f\u00fcr Sprachen.[\/vc_column_text][\/vc_column][\/vc_row]<\/p>\n","protected":false},"excerpt":{"rendered":"<p>[vc_row css=&#8221;.vc_custom_1493987352629{padding-bottom: 30px !important;}&#8221;][vc_column][vc_column_text] Vorteile der Clase Barcelona Language School Ihre Vorteile auf einen Blick Sprachschule CBLS Barcelona Unsere Schule liegt im Zentrum Barcelonas und bietet Ihnen Sprachkurse in einer pers\u00f6nlichen, angenehmen Atmosph\u00e4re. Ihre Vorteile auf einen Blick: Die Kurse werden von den Sprachlehrern\u00a0in kleinen Gruppen unterrichtet. Dar\u00fcber hinaus organisieren wir Filmabende und weitere Veranstaltungen&hellip; <a class=\"read-more\" href=\"https:\/\/www.academia-barcelona.com\/de\/sprachschule-barcelona\/ihre-vorteile-auf-einen-blick\/\" title=\"Read Ihre Vorteile auf einen Blick\">Read more &raquo;<\/a><\/p>\n","protected":false},"author":3,"featured_media":0,"parent":1482,"menu_order":0,"comment_status":"closed","ping_status":"closed","template":"","meta":{"footnotes":""},"class_list":["post-1484","page","type-page","status-publish","hentry"],"yoast_head":"<!-- This site is optimized with the Yoast SEO plugin v27.1.1 - https:\/\/yoast.com\/product\/yoast-seo-wordpress\/ -->\n<title>Ihre Vorteile auf einen Blick Sprachschule CBLS Barcelona<\/title>\n<meta name=\"description\" content=\"Ihre Vorteile auf einen Blick! Die Kurse an der Clase Barcelona Language School werden von qualifizierten Muttersprachlern in kleinen Gruppen unterrichtet.\" \/>\n<meta name=\"robots\" content=\"index, follow, max-snippet:-1, max-image-preview:large, max-video-preview:-1\" \/>\n<link rel=\"canonical\" href=\"https:\/\/www.academia-barcelona.com\/de\/sprachschule-barcelona\/ihre-vorteile-auf-einen-blick\/\" \/>\n<meta property=\"og:locale\" content=\"de_DE\" \/>\n<meta property=\"og:type\" content=\"article\" \/>\n<meta property=\"og:title\" content=\"Ihre Vorteile auf einen Blick Sprachschule CBLS Barcelona\" \/>\n<meta property=\"og:description\" content=\"Ihre Vorteile auf einen Blick! Die Kurse an der Clase Barcelona Language School werden von qualifizierten Muttersprachlern in kleinen Gruppen unterrichtet.\" \/>\n<meta property=\"og:url\" content=\"https:\/\/www.academia-barcelona.com\/de\/sprachschule-barcelona\/ihre-vorteile-auf-einen-blick\/\" \/>\n<meta property=\"article:modified_time\" content=\"2018-12-04T12:15:47+00:00\" \/>\n<meta name=\"twitter:card\" content=\"summary_large_image\" \/>\n<meta name=\"twitter:label1\" content=\"Gesch\u00e4tzte Lesezeit\" \/>\n\t<meta name=\"twitter:data1\" content=\"2\u00a0Minuten\" \/>\n<script type=\"application\/ld+json\" class=\"yoast-schema-graph\">{\"@context\":\"https:\/\/schema.org\",\"@graph\":[{\"@type\":\"WebPage\",\"@id\":\"https:\/\/www.academia-barcelona.com\/de\/sprachschule-barcelona\/ihre-vorteile-auf-einen-blick\/\",\"url\":\"https:\/\/www.academia-barcelona.com\/de\/sprachschule-barcelona\/ihre-vorteile-auf-einen-blick\/\",\"name\":\"Ihre Vorteile auf einen Blick Sprachschule CBLS Barcelona\",\"isPartOf\":{\"@id\":\"https:\/\/www.academia-barcelona.com\/#website\"},\"datePublished\":\"2016-03-07T21:40:43+00:00\",\"dateModified\":\"2018-12-04T12:15:47+00:00\",\"description\":\"Ihre Vorteile auf einen Blick! Die Kurse an der Clase Barcelona Language School werden von qualifizierten Muttersprachlern in kleinen Gruppen unterrichtet.\",\"breadcrumb\":{\"@id\":\"https:\/\/www.academia-barcelona.com\/de\/sprachschule-barcelona\/ihre-vorteile-auf-einen-blick\/#breadcrumb\"},\"inLanguage\":\"de\",\"potentialAction\":[{\"@type\":\"ReadAction\",\"target\":[\"https:\/\/www.academia-barcelona.com\/de\/sprachschule-barcelona\/ihre-vorteile-auf-einen-blick\/\"]}]},{\"@type\":\"BreadcrumbList\",\"@id\":\"https:\/\/www.academia-barcelona.com\/de\/sprachschule-barcelona\/ihre-vorteile-auf-einen-blick\/#breadcrumb\",\"itemListElement\":[{\"@type\":\"ListItem\",\"position\":1,\"name\":\"Unsere Sprachschule in Barcelona\",\"item\":\"https:\/\/www.academia-barcelona.com\/de\/sprachschule-barcelona\/\"},{\"@type\":\"ListItem\",\"position\":2,\"name\":\"Ihre Vorteile auf einen Blick\"}]},{\"@type\":\"WebSite\",\"@id\":\"https:\/\/www.academia-barcelona.com\/#website\",\"url\":\"https:\/\/www.academia-barcelona.com\/\",\"name\":\"\",\"description\":\"\",\"potentialAction\":[{\"@type\":\"SearchAction\",\"target\":{\"@type\":\"EntryPoint\",\"urlTemplate\":\"https:\/\/www.academia-barcelona.com\/?s={search_term_string}\"},\"query-input\":{\"@type\":\"PropertyValueSpecification\",\"valueRequired\":true,\"valueName\":\"search_term_string\"}}],\"inLanguage\":\"de\"}]}<\/script>\n<!-- \/ Yoast SEO plugin. -->","yoast_head_json":{"title":"Ihre Vorteile auf einen Blick Sprachschule CBLS Barcelona","description":"Ihre Vorteile auf einen Blick! Die Kurse an der Clase Barcelona Language School werden von qualifizierten Muttersprachlern in kleinen Gruppen unterrichtet.","robots":{"index":"index","follow":"follow","max-snippet":"max-snippet:-1","max-image-preview":"max-image-preview:large","max-video-preview":"max-video-preview:-1"},"canonical":"https:\/\/www.academia-barcelona.com\/de\/sprachschule-barcelona\/ihre-vorteile-auf-einen-blick\/","og_locale":"de_DE","og_type":"article","og_title":"Ihre Vorteile auf einen Blick Sprachschule CBLS Barcelona","og_description":"Ihre Vorteile auf einen Blick! Die Kurse an der Clase Barcelona Language School werden von qualifizierten Muttersprachlern in kleinen Gruppen unterrichtet.","og_url":"https:\/\/www.academia-barcelona.com\/de\/sprachschule-barcelona\/ihre-vorteile-auf-einen-blick\/","article_modified_time":"2018-12-04T12:15:47+00:00","twitter_card":"summary_large_image","twitter_misc":{"Gesch\u00e4tzte Lesezeit":"2\u00a0Minuten"},"schema":{"@context":"https:\/\/schema.org","@graph":[{"@type":"WebPage","@id":"https:\/\/www.academia-barcelona.com\/de\/sprachschule-barcelona\/ihre-vorteile-auf-einen-blick\/","url":"https:\/\/www.academia-barcelona.com\/de\/sprachschule-barcelona\/ihre-vorteile-auf-einen-blick\/","name":"Ihre Vorteile auf einen Blick Sprachschule CBLS Barcelona","isPartOf":{"@id":"https:\/\/www.academia-barcelona.com\/#website"},"datePublished":"2016-03-07T21:40:43+00:00","dateModified":"2018-12-04T12:15:47+00:00","description":"Ihre Vorteile auf einen Blick! Die Kurse an der Clase Barcelona Language School werden von qualifizierten Muttersprachlern in kleinen Gruppen unterrichtet.","breadcrumb":{"@id":"https:\/\/www.academia-barcelona.com\/de\/sprachschule-barcelona\/ihre-vorteile-auf-einen-blick\/#breadcrumb"},"inLanguage":"de","potentialAction":[{"@type":"ReadAction","target":["https:\/\/www.academia-barcelona.com\/de\/sprachschule-barcelona\/ihre-vorteile-auf-einen-blick\/"]}]},{"@type":"BreadcrumbList","@id":"https:\/\/www.academia-barcelona.com\/de\/sprachschule-barcelona\/ihre-vorteile-auf-einen-blick\/#breadcrumb","itemListElement":[{"@type":"ListItem","position":1,"name":"Unsere Sprachschule in Barcelona","item":"https:\/\/www.academia-barcelona.com\/de\/sprachschule-barcelona\/"},{"@type":"ListItem","position":2,"name":"Ihre Vorteile auf einen Blick"}]},{"@type":"WebSite","@id":"https:\/\/www.academia-barcelona.com\/#website","url":"https:\/\/www.academia-barcelona.com\/","name":"","description":"","potentialAction":[{"@type":"SearchAction","target":{"@type":"EntryPoint","urlTemplate":"https:\/\/www.academia-barcelona.com\/?s={search_term_string}"},"query-input":{"@type":"PropertyValueSpecification","valueRequired":true,"valueName":"search_term_string"}}],"inLanguage":"de"}]}},"_links":{"self":[{"href":"https:\/\/www.academia-barcelona.com\/de\/wp-json\/wp\/v2\/pages\/1484","targetHints":{"allow":["GET"]}}],"collection":[{"href":"https:\/\/www.academia-barcelona.com\/de\/wp-json\/wp\/v2\/pages"}],"about":[{"href":"https:\/\/www.academia-barcelona.com\/de\/wp-json\/wp\/v2\/types\/page"}],"author":[{"embeddable":true,"href":"https:\/\/www.academia-barcelona.com\/de\/wp-json\/wp\/v2\/users\/3"}],"replies":[{"embeddable":true,"href":"https:\/\/www.academia-barcelona.com\/de\/wp-json\/wp\/v2\/comments?post=1484"}],"version-history":[{"count":17,"href":"https:\/\/www.academia-barcelona.com\/de\/wp-json\/wp\/v2\/pages\/1484\/revisions"}],"predecessor-version":[{"id":10953,"href":"https:\/\/www.academia-barcelona.com\/de\/wp-json\/wp\/v2\/pages\/1484\/revisions\/10953"}],"up":[{"embeddable":true,"href":"https:\/\/www.academia-barcelona.com\/de\/wp-json\/wp\/v2\/pages\/1482"}],"wp:attachment":[{"href":"https:\/\/www.academia-barcelona.com\/de\/wp-json\/wp\/v2\/media?parent=1484"}],"curies":[{"name":"wp","href":"https:\/\/api.w.org\/{rel}","templated":true}]}}