{"id":1482,"date":"2016-03-07T21:38:47","date_gmt":"2016-03-07T21:38:47","guid":{"rendered":"http:\/\/www.barcelona-sprachschule.de\/?page_id=1482"},"modified":"2017-09-25T10:00:54","modified_gmt":"2017-09-25T10:00:54","slug":"sprachschule-barcelona","status":"publish","type":"page","link":"https:\/\/www.academia-barcelona.com\/de\/sprachschule-barcelona\/","title":{"rendered":"Unsere Sprachschule in Barcelona"},"content":{"rendered":"<p>[vc_row css=&#8221;.vc_custom_1493987928422{padding-bottom: 30px !important;}&#8221;][vc_column][vc_column_text]<\/p>\n<h1>Spanisch lernen in Barcelona: interkulturell, kommunikativ und mit viel Spa\u00df!<\/h1>\n<p>Unsere Preise auf einen Blick Sprachschule CBLS Barcelona. Spanisch lernen in Barcelona: <strong>interkulturell<\/strong>, <strong>kommunikativ<\/strong> und mit viel <strong>Spa\u00df<\/strong>! Wir bieten Ihnen professionelle Sprachkurse in einer pers\u00f6nlichen, angenehmen Atmosph\u00e4re! In unserer Sprachschule CBLS (Clase Barcelona Language School) im Herzen Barcelonas finden das ganze Jahr \u00fcber verschiedene <a title=\"Unsere Sprachkurse im \u00dcberblick\" target=\"_blank\" rel=\"noopener noreferrer\">Spanisch-Sprachkurse f\u00fcr Anf\u00e4nger bis Fortgeschrittene<\/a> statt. Bei uns erhalten Sie die M\u00f6glichkeit, gezielt Spanisch zu lernen oder Ihre Spanischkenntnisse zu verbessern. Gleichzeitig lernen Sie Barcelona, die spanische Kultur und neue Menschen kennen.<\/p>\n<p>Durch die <a title=\"Standort Sprachschule CBLS\" href=\"https:\/\/www.google.de\/maps\/place\/CBLS+-+Clase+Barcelona+Language+School\/@41.391525,2.169008,687m\/data=!3m2!1e3!4b1!4m2!3m1!1s0x0:0xc371eb8cc1faea0c?hl=en\" target=\"_blank\" rel=\"noopener noreferrer\">Lage im Zentrum Barcelonas<\/a> ist die CBLS leicht zu Fu\u00df oder mit den \u00f6ffentlichen Verkehrsmitteln erreichbar. So haben Sie direkt nach Unterrichtsschluss die M\u00f6glichkeit, die facettenreiche Mittelmeerstadt Barcelona zu erkunden und das erlernte Spanisch praktisch umzusetzen. Zu Fu\u00df gelangen Sie von unserer Sprachschule in weniger als einer Minute zum pr\u00e4chtigen Passeig de Gr\u00e0cia. Die Sagrada Familia, das ber\u00fchmteste Bauwerk Antoni Gaud\u00eds, ist in nur 15 Minuten Fu\u00dfmarsch zu erreichen. Wenn Sie von der Schule aus in Richtung Meer gehen, befinden Sie sich in weniger als f\u00fcnf Minuten am Dreh- und Angelpunkt der Stadt, dem Pla\u00e7a de Catalunya.<\/p>\n<p>Unser <a title=\"Unser Lehrerteam\" href=\"https:\/\/www.academia-barcelona.com\/de\/spanischkurse\/\" target=\"_blank\" rel=\"noopener noreferrer\">junges Lehrerteam<\/a> besteht aus engagierten Muttersprachlern, die auf Spanisch als Fremdsprache spezialisiert sind. Dar\u00fcber hinaus bringen unsere Mitarbeiter und Lehrer ihre Erfahrungen bei der Anwendung verschiedener Lernmethoden aus den Bereichen der Bildung und P\u00e4dagogik in den Sprachunterricht ein, so dass wir Ihnen <b>h\u00f6chste Qualit\u00e4t<\/b> und einen abwechslungsreichen Spanischkurs in Barcelona garantieren k\u00f6nnen! Durch den Unterricht in <b>kleinen Gruppen<\/b> k\u00f6nnen wir optimal auf Ihre <b>individuellen W\u00fcnsche<\/b> eingehen.<\/p>\n<p>Neben unseren regelm\u00e4\u00dfig stattfindenden Sprachkursen in <b>Spanisch, Englisch, Franz\u00f6sisch und Deutsch <\/b>bieten wir auf Anfrage auch <b>Kurse in weiteren Sprachen<\/b> an. Dar\u00fcber hinaus organisieren wir <b>Veranstaltungen<\/b>wie z.B. Filmabende f\u00fcr unsere Kursteilnehmer. Nach Kursabschluss erhalten Sie ein Zertifikat.<\/p>\n<p>Unsere Sprachschule ist <b>international anerkannt und zertifiziert<\/b>. Zus\u00e4tzlich zu unserer Sprachschule in Barcelona sind wir in Deutschland durch das Netzwerk der Sprachschule Aktiv mit unseren Sprachschulen in M\u00fcnchen, Berlin, Frankfurt, Ingolstadt und Freising vertreten.[\/vc_column_text][\/vc_column][\/vc_row][vc_row full_width=&#8221;stretch_row&#8221; css=&#8221;.vc_custom_1493987988319{padding-top: 30px !important;padding-bottom: 30px !important;background-color: #f9f9f9 !important;}&#8221;][vc_column width=&#8221;1\/2&#8243;][vc_single_image image=&#8221;8722&#8243; img_size=&#8221;full&#8221; alignment=&#8221;center&#8221;][\/vc_column][vc_column width=&#8221;1\/2&#8243;][vc_column_text]<\/p>\n<h2>Spanisch lernen in Barcelona an der Sprachschule CBLS (Clase Barcelona Language School)<\/h2>\n<p>Die strukturierten und modernen Sprachkurse sowie die einzigartige Lage unserer Sprachschule bieten unseren Sch\u00fclern genau die richtige Abwechslung, die sie bei einem Sprachaufenthalt ben\u00f6tigen.<\/p>\n<p>Unsere <a title=\"Unsere Zufriedenheitsgarantie\" href=\"https:\/\/www.academia-barcelona.com\/de\/allgemeine-geschaeftsbedingungen\/\" target=\"_blank\" rel=\"noopener noreferrer\">Zufriedenheitsgarantie<\/a>: Sollten Sie nach Ihrem ersten Spanisch-Unterrichtstag nicht mit uns zufrieden sein, so finden wir gemeinsam eine L\u00f6sung oder stornieren Ihre Anmeldung ohne finanziellen Aufwand.<\/p>\n<p>Vereinbaren Sie ein unverbindliches Beratungsgespr\u00e4ch mit uns unter <a href=\"mailto:info@clase-barcelona.com\">info@clase-barcelona.com<\/a>.<\/p>\n<p>Wir freuen uns auf Sie![\/vc_column_text][\/vc_column][\/vc_row]<\/p>\n","protected":false},"excerpt":{"rendered":"<p>[vc_row css=&#8221;.vc_custom_1493987928422{padding-bottom: 30px !important;}&#8221;][vc_column][vc_column_text] Spanisch lernen in Barcelona: interkulturell, kommunikativ und mit viel Spa\u00df! Unsere Preise auf einen Blick Sprachschule CBLS Barcelona. Spanisch lernen in Barcelona: interkulturell, kommunikativ und mit viel Spa\u00df! Wir bieten Ihnen professionelle Sprachkurse in einer pers\u00f6nlichen, angenehmen Atmosph\u00e4re! In unserer Sprachschule CBLS (Clase Barcelona Language School) im Herzen Barcelonas finden das&hellip; <a class=\"read-more\" href=\"https:\/\/www.academia-barcelona.com\/de\/sprachschule-barcelona\/\" title=\"Read Unsere Sprachschule in Barcelona\">Read more &raquo;<\/a><\/p>\n","protected":false},"author":3,"featured_media":0,"parent":0,"menu_order":0,"comment_status":"closed","ping_status":"closed","template":"","meta":{"footnotes":""},"class_list":["post-1482","page","type-page","status-publish","hentry"],"yoast_head":"<!-- This site is optimized with the Yoast SEO plugin v27.1.1 - https:\/\/yoast.com\/product\/yoast-seo-wordpress\/ -->\n<title>Unsere Preise auf einen Blick Sprachschule CBLS Barcelona<\/title>\n<meta name=\"description\" content=\"Unserer Sprachschule Barcelona befindet sich im Herzen der Stadt. Neben unseren regelm\u00e4\u00dfig stattfindenden Sprachkursen in Spanisch, Englisch, Franz\u00f6sisch...\" \/>\n<meta name=\"robots\" content=\"index, follow, max-snippet:-1, max-image-preview:large, max-video-preview:-1\" \/>\n<link rel=\"canonical\" href=\"https:\/\/www.academia-barcelona.com\/de\/sprachschule-barcelona\/\" \/>\n<meta property=\"og:locale\" content=\"de_DE\" \/>\n<meta property=\"og:type\" content=\"article\" \/>\n<meta property=\"og:title\" content=\"Unsere Preise auf einen Blick Sprachschule CBLS Barcelona\" \/>\n<meta property=\"og:description\" content=\"Unserer Sprachschule Barcelona befindet sich im Herzen der Stadt. Neben unseren regelm\u00e4\u00dfig stattfindenden Sprachkursen in Spanisch, Englisch, Franz\u00f6sisch...\" \/>\n<meta property=\"og:url\" content=\"https:\/\/www.academia-barcelona.com\/de\/sprachschule-barcelona\/\" \/>\n<meta property=\"article:modified_time\" content=\"2017-09-25T10:00:54+00:00\" \/>\n<meta name=\"twitter:card\" content=\"summary_large_image\" \/>\n<meta name=\"twitter:label1\" content=\"Gesch\u00e4tzte Lesezeit\" \/>\n\t<meta name=\"twitter:data1\" content=\"2\u00a0Minuten\" \/>\n<script type=\"application\/ld+json\" class=\"yoast-schema-graph\">{\"@context\":\"https:\/\/schema.org\",\"@graph\":[{\"@type\":\"WebPage\",\"@id\":\"https:\/\/www.academia-barcelona.com\/de\/sprachschule-barcelona\/\",\"url\":\"https:\/\/www.academia-barcelona.com\/de\/sprachschule-barcelona\/\",\"name\":\"Unsere Preise auf einen Blick Sprachschule CBLS Barcelona\",\"isPartOf\":{\"@id\":\"https:\/\/www.academia-barcelona.com\/#website\"},\"datePublished\":\"2016-03-07T21:38:47+00:00\",\"dateModified\":\"2017-09-25T10:00:54+00:00\",\"description\":\"Unserer Sprachschule Barcelona befindet sich im Herzen der Stadt. Neben unseren regelm\u00e4\u00dfig stattfindenden Sprachkursen in Spanisch, Englisch, Franz\u00f6sisch...\",\"inLanguage\":\"de\",\"potentialAction\":[{\"@type\":\"ReadAction\",\"target\":[\"https:\/\/www.academia-barcelona.com\/de\/sprachschule-barcelona\/\"]}]},{\"@type\":\"WebSite\",\"@id\":\"https:\/\/www.academia-barcelona.com\/#website\",\"url\":\"https:\/\/www.academia-barcelona.com\/\",\"name\":\"\",\"description\":\"\",\"potentialAction\":[{\"@type\":\"SearchAction\",\"target\":{\"@type\":\"EntryPoint\",\"urlTemplate\":\"https:\/\/www.academia-barcelona.com\/?s={search_term_string}\"},\"query-input\":{\"@type\":\"PropertyValueSpecification\",\"valueRequired\":true,\"valueName\":\"search_term_string\"}}],\"inLanguage\":\"de\"}]}<\/script>\n<!-- \/ Yoast SEO plugin. -->","yoast_head_json":{"title":"Unsere Preise auf einen Blick Sprachschule CBLS Barcelona","description":"Unserer Sprachschule Barcelona befindet sich im Herzen der Stadt. Neben unseren regelm\u00e4\u00dfig stattfindenden Sprachkursen in Spanisch, Englisch, Franz\u00f6sisch...","robots":{"index":"index","follow":"follow","max-snippet":"max-snippet:-1","max-image-preview":"max-image-preview:large","max-video-preview":"max-video-preview:-1"},"canonical":"https:\/\/www.academia-barcelona.com\/de\/sprachschule-barcelona\/","og_locale":"de_DE","og_type":"article","og_title":"Unsere Preise auf einen Blick Sprachschule CBLS Barcelona","og_description":"Unserer Sprachschule Barcelona befindet sich im Herzen der Stadt. Neben unseren regelm\u00e4\u00dfig stattfindenden Sprachkursen in Spanisch, Englisch, Franz\u00f6sisch...","og_url":"https:\/\/www.academia-barcelona.com\/de\/sprachschule-barcelona\/","article_modified_time":"2017-09-25T10:00:54+00:00","twitter_card":"summary_large_image","twitter_misc":{"Gesch\u00e4tzte Lesezeit":"2\u00a0Minuten"},"schema":{"@context":"https:\/\/schema.org","@graph":[{"@type":"WebPage","@id":"https:\/\/www.academia-barcelona.com\/de\/sprachschule-barcelona\/","url":"https:\/\/www.academia-barcelona.com\/de\/sprachschule-barcelona\/","name":"Unsere Preise auf einen Blick Sprachschule CBLS Barcelona","isPartOf":{"@id":"https:\/\/www.academia-barcelona.com\/#website"},"datePublished":"2016-03-07T21:38:47+00:00","dateModified":"2017-09-25T10:00:54+00:00","description":"Unserer Sprachschule Barcelona befindet sich im Herzen der Stadt. Neben unseren regelm\u00e4\u00dfig stattfindenden Sprachkursen in Spanisch, Englisch, Franz\u00f6sisch...","inLanguage":"de","potentialAction":[{"@type":"ReadAction","target":["https:\/\/www.academia-barcelona.com\/de\/sprachschule-barcelona\/"]}]},{"@type":"WebSite","@id":"https:\/\/www.academia-barcelona.com\/#website","url":"https:\/\/www.academia-barcelona.com\/","name":"","description":"","potentialAction":[{"@type":"SearchAction","target":{"@type":"EntryPoint","urlTemplate":"https:\/\/www.academia-barcelona.com\/?s={search_term_string}"},"query-input":{"@type":"PropertyValueSpecification","valueRequired":true,"valueName":"search_term_string"}}],"inLanguage":"de"}]}},"_links":{"self":[{"href":"https:\/\/www.academia-barcelona.com\/de\/wp-json\/wp\/v2\/pages\/1482","targetHints":{"allow":["GET"]}}],"collection":[{"href":"https:\/\/www.academia-barcelona.com\/de\/wp-json\/wp\/v2\/pages"}],"about":[{"href":"https:\/\/www.academia-barcelona.com\/de\/wp-json\/wp\/v2\/types\/page"}],"author":[{"embeddable":true,"href":"https:\/\/www.academia-barcelona.com\/de\/wp-json\/wp\/v2\/users\/3"}],"replies":[{"embeddable":true,"href":"https:\/\/www.academia-barcelona.com\/de\/wp-json\/wp\/v2\/comments?post=1482"}],"version-history":[{"count":13,"href":"https:\/\/www.academia-barcelona.com\/de\/wp-json\/wp\/v2\/pages\/1482\/revisions"}],"predecessor-version":[{"id":9686,"href":"https:\/\/www.academia-barcelona.com\/de\/wp-json\/wp\/v2\/pages\/1482\/revisions\/9686"}],"wp:attachment":[{"href":"https:\/\/www.academia-barcelona.com\/de\/wp-json\/wp\/v2\/media?parent=1482"}],"curies":[{"name":"wp","href":"https:\/\/api.w.org\/{rel}","templated":true}]}}