{"id":12724,"date":"2020-12-11T05:26:07","date_gmt":"2020-12-11T05:26:07","guid":{"rendered":"https:\/\/www.academia-barcelona.com\/?page_id=12724"},"modified":"2020-12-11T05:26:40","modified_gmt":"2020-12-11T05:26:40","slug":"deutsch-intensivkurs","status":"publish","type":"page","link":"https:\/\/www.academia-barcelona.com\/de\/deutschkurse-in-barcelona\/deutsch-intensivkurs\/","title":{"rendered":"Deutsch Intensivkurs"},"content":{"rendered":"<h1>Deutsch Intensivkurs in Barcelona &#8211; Deutschkurs f\u00fcr Anf\u00e4nger und Fortgeschrittene<\/h1>\n<p>Sie m\u00f6chten sich \u00fcber schnelle Fortschritte beim Deutsch lernen freuen? Dann besuchen Sie einen Intensivkurs in der Sprachschule Barcelona!<\/p>\n<p>Mit unseren erfahrenen Lehrkr\u00e4ften \u2013 allesamt Deutsch Muttersprachler \u2013 lernen Sie Grammatik und Satzstrukturen systematisch und gew\u00f6hnen sich sofort die richtige Aussprache an.<\/p>\n<p>Durch die kleinen Gruppen mit maximal sechs Teilnehmern steigern wir die Effizienz. So k\u00f6nnen die Teilnehmer das Sprechen \u00fcben, und der Lehrer kann jedem Einzelnen Aufmerksamkeit schenken.<\/p>\n<a href=\"https:\/\/www.academia-barcelona.com\/de\/kontakt\/\"><img decoding=\"async\" class=\"alignnone size-full wp-image-12614\" src=\"https:\/\/www.academia-barcelona.com\/wp-content\/uploads\/2020\/10\/anfrage-sprachkurs-barcelona.png\" alt=\"Anfrage Sprachkurs Barcelona\" width=\"291\" height=\"70\" \/><\/a>\n<h2>F\u00fcr wen ist ein Intensivkurs zum Deutsch lernen geeignet?<\/h2>\n<p>Ein Intensivkurs ist f\u00fcr alle geeignet, die sich mehrere Wochen lang intensiv der neuen Sprache widmen und ihre F\u00e4higkeiten im H\u00f6ren, Lesen, Schreiben und Sprechen verbessern m\u00f6chten. Daf\u00fcr sollten Sie t\u00e4glich von 9 bis 12.00 Uhr Zeit haben. Auch Hausaufgaben geh\u00f6ren dazu.<\/p>\n<p>Die Belohnung f\u00fcr so viel Engagement l\u00e4sst nicht lange auf sich warten. Wenn Sie z.B. bei Null anfangen, werden Sie schon nach einem Monat im A1 Intensivkurs in der Lage sein, einfache Gespr\u00e4che auf Deutsch zu f\u00fchren.<\/p>\n<a href=\"https:\/\/www.academia-barcelona.com\/wp-content\/uploads\/2020\/12\/deutsch-intensivkurs-barcelona.jpg\"><img decoding=\"async\" class=\"alignnone size-medium wp-image-12725\" src=\"https:\/\/www.academia-barcelona.com\/wp-content\/uploads\/2020\/12\/deutsch-intensivkurs-barcelona-300x201.jpg\" alt=\"Deutsch Intensivkurs in Barcelona\" width=\"300\" height=\"201\" srcset=\"https:\/\/www.academia-barcelona.com\/wp-content\/uploads\/2020\/12\/deutsch-intensivkurs-barcelona-300x201.jpg 300w, https:\/\/www.academia-barcelona.com\/wp-content\/uploads\/2020\/12\/deutsch-intensivkurs-barcelona.jpg 344w\" sizes=\"(max-width: 300px) 100vw, 300px\" \/><\/a>\n<h2>Wie lange dauert ein Intensivkurs Deutsch?<\/h2>\n<p>Der Europ\u00e4ische Referenzrahmen unterteilt die Niveaustufen des Sprachenlernens in A1, A2, B1, B2, C1, und C2. Mit der Hilfestellung unserer sympathischen Lehrkr\u00e4fte erklimmen Sie auf dieser\u201eLeiter\u201c schnell und sicher die jeweils n\u00e4chste Stufe.<\/p>\n<p>Die Sprachniveaus A1 und A2 zu erreichen, dauert in unseren Intensivkursen nur je einen Monat. Um die Stufen B1, B2, C1 und C2 komplett abzuschlie\u00dfen, planen wir jeweils zwei Monate ein. Falls Sie weniger Zeit haben, k\u00f6nnen sie aber auch wochenweise in einen unserer Intensivkurse einsteigen.<br \/>\n<iframe src=\"https:\/\/www.youtube.com\/embed\/54-5aCU96MM\" width=\"560\" height=\"315\" frameborder=\"0\" allowfullscreen=\"allowfullscreen\"><\/iframe><\/p>\n<h2>Termine und Preise<\/h2>\n<p>Bei uns starten jeden Monat neue Intensivkurse auf allen Niveaustufen! Schreiben Sie uns eine E-Mail! Wir teilen Ihnen mit, wann der n\u00e4chste beginnt. Die Uhrzeiten sind wie folgt:<\/p>\n<p>Bei 4-6 Teilnehmern: Montag bis Freitag 9 bis 12.00 Uhr.<\/p>\n<p>Bei 2-3 Teilnehmern: Montag bis Freitag 9 bis 10.30 Uhr.<\/p>\n<p>Intensivkurs-Preise:<\/p>\n<p>1 Woche 149\u20ac<\/p>\n<p>2 Wochen 269\u20ac<\/p>\n<p>3 Wochen 359\u20ac<\/p>\n<p>4 Wochen 449\u20ac<\/p>\n<a href=\"https:\/\/www.academia-barcelona.com\/de\/anmeldung\/\"><img decoding=\"async\" class=\"alignnone size-medium wp-image-12626\" src=\"https:\/\/www.academia-barcelona.com\/wp-content\/uploads\/2020\/10\/anmeldung-sprachkurs-barcelona-300x76.png\" alt=\"Anmeldung Sprachkurs Barcelona\" width=\"300\" height=\"76\" srcset=\"https:\/\/www.academia-barcelona.com\/wp-content\/uploads\/2020\/10\/anmeldung-sprachkurs-barcelona-300x76.png 300w, https:\/\/www.academia-barcelona.com\/wp-content\/uploads\/2020\/10\/anmeldung-sprachkurs-barcelona.png 306w\" sizes=\"(max-width: 300px) 100vw, 300px\" \/><\/a>\n<h2>In welchen Kurs soll ich einsteigen?<\/h2>\n<p>Wenn Sie noch nie zuvor Deutsch gelernt haben, ist es eine klare Sache: Sie beginnen bei uns im A1 Anf\u00e4ngerkurs. Wenn Sie schon Vorkenntnisse haben, jedoch nicht genau wissen, auf welchem Niveau Sie stehen, empfehlen wir Ihnen, den Einstufungstest auf unserer Webseite zu machen (<a href=\"https:\/\/www.academia-barcelona.com\/test-nivel-de-idiomas\/\">https:\/\/www.academia-barcelona.com\/test-nivel-de-aleman\/<\/a>). Das Ergebnis zeigt uns, welche Gruppe die Richtige f\u00fcr Sie ist. Der Kurs baut dann genau auf Ihren Vorkenntnissen auf.<\/p>\n<h2>Und was ist, wenn mir der Kurs nicht gef\u00e4llt?<\/h2>\n<p>Unsere Lehrkr\u00e4fte sind sympathische, hilfsbereite Menschen mit einem Hochschulabschluss oder einem speziellen Lehrer-Zertifikat, die genau wissen, wie sie einen abwechslungsreichen Unterricht gestalten. Damit Sie sich davon selbst \u00fcberzeugen k\u00f6nnen, beginnen unsere Intensivkurse mit einer kostenlosen Probestunde. Sollten Sie w\u00e4hrend der ersten Stunde feststellen, dass Ihnen der Lehrer und sein Unterrichtsstil nicht zusagen, zahlen wir Ihnen Ihre komplette Kursgeb\u00fchr zur\u00fcck. Es fallen dann keine Kosten f\u00fcr Sie an.<\/p>\n","protected":false},"excerpt":{"rendered":"<p>Deutsch Intensivkurs in Barcelona &#8211; Deutschkurs f\u00fcr Anf\u00e4nger und Fortgeschrittene Sie m\u00f6chten sich \u00fcber schnelle Fortschritte beim Deutsch lernen freuen? Dann besuchen Sie einen Intensivkurs in der Sprachschule Barcelona! Mit unseren erfahrenen Lehrkr\u00e4ften \u2013 allesamt Deutsch Muttersprachler \u2013 lernen Sie Grammatik und Satzstrukturen systematisch und gew\u00f6hnen sich sofort die richtige Aussprache an. Durch die kleinen&hellip; <a class=\"read-more\" href=\"https:\/\/www.academia-barcelona.com\/de\/deutschkurse-in-barcelona\/deutsch-intensivkurs\/\" title=\"Read Deutsch Intensivkurs\">Read more &raquo;<\/a><\/p>\n","protected":false},"author":5,"featured_media":0,"parent":12705,"menu_order":0,"comment_status":"closed","ping_status":"closed","template":"","meta":{"footnotes":""},"class_list":["post-12724","page","type-page","status-publish","hentry"],"yoast_head":"<!-- This site is optimized with the Yoast SEO plugin v27.1.1 - https:\/\/yoast.com\/product\/yoast-seo-wordpress\/ -->\n<title>Deutsch Intensivkurs in Barcelona - Preise und Termine<\/title>\n<meta name=\"description\" content=\"Deutsch Intensivkurse in Barcelona in Kleingruppen und mit erfahrenen Muttersprachlern. Alle Niveaus von A1 bis C2.\" \/>\n<meta name=\"robots\" content=\"index, follow, max-snippet:-1, max-image-preview:large, max-video-preview:-1\" \/>\n<link rel=\"canonical\" href=\"https:\/\/www.academia-barcelona.com\/de\/deutschkurse-in-barcelona\/deutsch-intensivkurs\/\" \/>\n<meta property=\"og:locale\" content=\"de_DE\" \/>\n<meta property=\"og:type\" content=\"article\" \/>\n<meta property=\"og:title\" content=\"Deutsch Intensivkurs in Barcelona - Preise und Termine\" \/>\n<meta property=\"og:description\" content=\"Deutsch Intensivkurse in Barcelona in Kleingruppen und mit erfahrenen Muttersprachlern. Alle Niveaus von A1 bis C2.\" \/>\n<meta property=\"og:url\" content=\"https:\/\/www.academia-barcelona.com\/de\/deutschkurse-in-barcelona\/deutsch-intensivkurs\/\" \/>\n<meta property=\"article:modified_time\" content=\"2020-12-11T05:26:40+00:00\" \/>\n<meta property=\"og:image\" content=\"https:\/\/www.academia-barcelona.com\/wp-content\/uploads\/2020\/10\/anfrage-sprachkurs-barcelona.png\" \/>\n<meta name=\"twitter:card\" content=\"summary_large_image\" \/>\n<meta name=\"twitter:label1\" content=\"Gesch\u00e4tzte Lesezeit\" \/>\n\t<meta name=\"twitter:data1\" content=\"2\u00a0Minuten\" \/>\n<script type=\"application\/ld+json\" class=\"yoast-schema-graph\">{\"@context\":\"https:\/\/schema.org\",\"@graph\":[{\"@type\":\"WebPage\",\"@id\":\"https:\/\/www.academia-barcelona.com\/de\/deutschkurse-in-barcelona\/deutsch-intensivkurs\/\",\"url\":\"https:\/\/www.academia-barcelona.com\/de\/deutschkurse-in-barcelona\/deutsch-intensivkurs\/\",\"name\":\"Deutsch Intensivkurs in Barcelona - Preise und Termine\",\"isPartOf\":{\"@id\":\"https:\/\/www.academia-barcelona.com\/#website\"},\"primaryImageOfPage\":{\"@id\":\"https:\/\/www.academia-barcelona.com\/de\/deutschkurse-in-barcelona\/deutsch-intensivkurs\/#primaryimage\"},\"image\":{\"@id\":\"https:\/\/www.academia-barcelona.com\/de\/deutschkurse-in-barcelona\/deutsch-intensivkurs\/#primaryimage\"},\"thumbnailUrl\":\"https:\/\/www.academia-barcelona.com\/wp-content\/uploads\/2020\/10\/anfrage-sprachkurs-barcelona.png\",\"datePublished\":\"2020-12-11T05:26:07+00:00\",\"dateModified\":\"2020-12-11T05:26:40+00:00\",\"description\":\"Deutsch Intensivkurse in Barcelona in Kleingruppen und mit erfahrenen Muttersprachlern. Alle Niveaus von A1 bis C2.\",\"breadcrumb\":{\"@id\":\"https:\/\/www.academia-barcelona.com\/de\/deutschkurse-in-barcelona\/deutsch-intensivkurs\/#breadcrumb\"},\"inLanguage\":\"de\",\"potentialAction\":[{\"@type\":\"ReadAction\",\"target\":[\"https:\/\/www.academia-barcelona.com\/de\/deutschkurse-in-barcelona\/deutsch-intensivkurs\/\"]}]},{\"@type\":\"ImageObject\",\"inLanguage\":\"de\",\"@id\":\"https:\/\/www.academia-barcelona.com\/de\/deutschkurse-in-barcelona\/deutsch-intensivkurs\/#primaryimage\",\"url\":\"https:\/\/www.academia-barcelona.com\/wp-content\/uploads\/2020\/10\/anfrage-sprachkurs-barcelona.png\",\"contentUrl\":\"https:\/\/www.academia-barcelona.com\/wp-content\/uploads\/2020\/10\/anfrage-sprachkurs-barcelona.png\"},{\"@type\":\"BreadcrumbList\",\"@id\":\"https:\/\/www.academia-barcelona.com\/de\/deutschkurse-in-barcelona\/deutsch-intensivkurs\/#breadcrumb\",\"itemListElement\":[{\"@type\":\"ListItem\",\"position\":1,\"name\":\"Deutschkurse in Barcelona\",\"item\":\"https:\/\/www.academia-barcelona.com\/de\/deutschkurse-in-barcelona\/\"},{\"@type\":\"ListItem\",\"position\":2,\"name\":\"Deutsch Intensivkurs\"}]},{\"@type\":\"WebSite\",\"@id\":\"https:\/\/www.academia-barcelona.com\/#website\",\"url\":\"https:\/\/www.academia-barcelona.com\/\",\"name\":\"\",\"description\":\"\",\"potentialAction\":[{\"@type\":\"SearchAction\",\"target\":{\"@type\":\"EntryPoint\",\"urlTemplate\":\"https:\/\/www.academia-barcelona.com\/?s={search_term_string}\"},\"query-input\":{\"@type\":\"PropertyValueSpecification\",\"valueRequired\":true,\"valueName\":\"search_term_string\"}}],\"inLanguage\":\"de\"}]}<\/script>\n<!-- \/ Yoast SEO plugin. -->","yoast_head_json":{"title":"Deutsch Intensivkurs in Barcelona - Preise und Termine","description":"Deutsch Intensivkurse in Barcelona in Kleingruppen und mit erfahrenen Muttersprachlern. Alle Niveaus von A1 bis C2.","robots":{"index":"index","follow":"follow","max-snippet":"max-snippet:-1","max-image-preview":"max-image-preview:large","max-video-preview":"max-video-preview:-1"},"canonical":"https:\/\/www.academia-barcelona.com\/de\/deutschkurse-in-barcelona\/deutsch-intensivkurs\/","og_locale":"de_DE","og_type":"article","og_title":"Deutsch Intensivkurs in Barcelona - Preise und Termine","og_description":"Deutsch Intensivkurse in Barcelona in Kleingruppen und mit erfahrenen Muttersprachlern. Alle Niveaus von A1 bis C2.","og_url":"https:\/\/www.academia-barcelona.com\/de\/deutschkurse-in-barcelona\/deutsch-intensivkurs\/","article_modified_time":"2020-12-11T05:26:40+00:00","og_image":[{"url":"https:\/\/www.academia-barcelona.com\/wp-content\/uploads\/2020\/10\/anfrage-sprachkurs-barcelona.png","type":"","width":"","height":""}],"twitter_card":"summary_large_image","twitter_misc":{"Gesch\u00e4tzte Lesezeit":"2\u00a0Minuten"},"schema":{"@context":"https:\/\/schema.org","@graph":[{"@type":"WebPage","@id":"https:\/\/www.academia-barcelona.com\/de\/deutschkurse-in-barcelona\/deutsch-intensivkurs\/","url":"https:\/\/www.academia-barcelona.com\/de\/deutschkurse-in-barcelona\/deutsch-intensivkurs\/","name":"Deutsch Intensivkurs in Barcelona - Preise und Termine","isPartOf":{"@id":"https:\/\/www.academia-barcelona.com\/#website"},"primaryImageOfPage":{"@id":"https:\/\/www.academia-barcelona.com\/de\/deutschkurse-in-barcelona\/deutsch-intensivkurs\/#primaryimage"},"image":{"@id":"https:\/\/www.academia-barcelona.com\/de\/deutschkurse-in-barcelona\/deutsch-intensivkurs\/#primaryimage"},"thumbnailUrl":"https:\/\/www.academia-barcelona.com\/wp-content\/uploads\/2020\/10\/anfrage-sprachkurs-barcelona.png","datePublished":"2020-12-11T05:26:07+00:00","dateModified":"2020-12-11T05:26:40+00:00","description":"Deutsch Intensivkurse in Barcelona in Kleingruppen und mit erfahrenen Muttersprachlern. Alle Niveaus von A1 bis C2.","breadcrumb":{"@id":"https:\/\/www.academia-barcelona.com\/de\/deutschkurse-in-barcelona\/deutsch-intensivkurs\/#breadcrumb"},"inLanguage":"de","potentialAction":[{"@type":"ReadAction","target":["https:\/\/www.academia-barcelona.com\/de\/deutschkurse-in-barcelona\/deutsch-intensivkurs\/"]}]},{"@type":"ImageObject","inLanguage":"de","@id":"https:\/\/www.academia-barcelona.com\/de\/deutschkurse-in-barcelona\/deutsch-intensivkurs\/#primaryimage","url":"https:\/\/www.academia-barcelona.com\/wp-content\/uploads\/2020\/10\/anfrage-sprachkurs-barcelona.png","contentUrl":"https:\/\/www.academia-barcelona.com\/wp-content\/uploads\/2020\/10\/anfrage-sprachkurs-barcelona.png"},{"@type":"BreadcrumbList","@id":"https:\/\/www.academia-barcelona.com\/de\/deutschkurse-in-barcelona\/deutsch-intensivkurs\/#breadcrumb","itemListElement":[{"@type":"ListItem","position":1,"name":"Deutschkurse in Barcelona","item":"https:\/\/www.academia-barcelona.com\/de\/deutschkurse-in-barcelona\/"},{"@type":"ListItem","position":2,"name":"Deutsch Intensivkurs"}]},{"@type":"WebSite","@id":"https:\/\/www.academia-barcelona.com\/#website","url":"https:\/\/www.academia-barcelona.com\/","name":"","description":"","potentialAction":[{"@type":"SearchAction","target":{"@type":"EntryPoint","urlTemplate":"https:\/\/www.academia-barcelona.com\/?s={search_term_string}"},"query-input":{"@type":"PropertyValueSpecification","valueRequired":true,"valueName":"search_term_string"}}],"inLanguage":"de"}]}},"_links":{"self":[{"href":"https:\/\/www.academia-barcelona.com\/de\/wp-json\/wp\/v2\/pages\/12724","targetHints":{"allow":["GET"]}}],"collection":[{"href":"https:\/\/www.academia-barcelona.com\/de\/wp-json\/wp\/v2\/pages"}],"about":[{"href":"https:\/\/www.academia-barcelona.com\/de\/wp-json\/wp\/v2\/types\/page"}],"author":[{"embeddable":true,"href":"https:\/\/www.academia-barcelona.com\/de\/wp-json\/wp\/v2\/users\/5"}],"replies":[{"embeddable":true,"href":"https:\/\/www.academia-barcelona.com\/de\/wp-json\/wp\/v2\/comments?post=12724"}],"version-history":[{"count":2,"href":"https:\/\/www.academia-barcelona.com\/de\/wp-json\/wp\/v2\/pages\/12724\/revisions"}],"predecessor-version":[{"id":12738,"href":"https:\/\/www.academia-barcelona.com\/de\/wp-json\/wp\/v2\/pages\/12724\/revisions\/12738"}],"up":[{"embeddable":true,"href":"https:\/\/www.academia-barcelona.com\/de\/wp-json\/wp\/v2\/pages\/12705"}],"wp:attachment":[{"href":"https:\/\/www.academia-barcelona.com\/de\/wp-json\/wp\/v2\/media?parent=12724"}],"curies":[{"name":"wp","href":"https:\/\/api.w.org\/{rel}","templated":true}]}}