{"id":12705,"date":"2020-11-19T04:32:04","date_gmt":"2020-11-19T04:32:04","guid":{"rendered":"https:\/\/www.academia-barcelona.com\/?page_id=12705"},"modified":"2021-11-03T08:53:52","modified_gmt":"2021-11-03T08:53:52","slug":"deutschkurse-in-barcelona","status":"publish","type":"page","link":"https:\/\/www.academia-barcelona.com\/de\/deutschkurse-in-barcelona\/","title":{"rendered":"Deutschkurse in Barcelona"},"content":{"rendered":"<h1>Deutschkurse in Barcelona &#8211; Deutsch lernen &#8211; Sprachschule<\/h1>\n<p>In der Academia Barcelona lernen Sie Deutsch von qualifizierten Muttersprachlern, in Kleingruppen von maximal 6 Personen und mit einer kostenlosen Probestunde.<\/p>\n<p>Sie m\u00f6chten in Deutschland studieren oder arbeiten? Dann sollten Sie schon jetzt beginnen, Deutsch zu lernen!<\/p>\n<p>Die Academia Barcelona ist Teil der Sprachschule Aktiv Gruppe aus Deutschland, die Filialen in allen gro\u00dfen deutschen St\u00e4dten hat. Folglich sind wir auf Deutschunterricht spezialisiert. Wir bieten Deutschkurse von der Grundstufe A1 bis zum fortgeschrittenen, akademischen Niveau C2 an. Durch unser Netzwerk k\u00f6nnen wir Ihnen auch einen Sprachkurs in Ihrer Wunschstadt in Deutschland anbieten und Sie dabei unterst\u00fctzen, auch direkt vor Ort Deutsch zu lernen.<\/p>\n<p>Sie m\u00f6chten genau die Sprachkenntnisse erwerben, die f\u00fcr Ihren Beruf erforderlich sind? Sie m\u00f6chten sich gezielt auf den TestDaF oder eine Telc Sprachpr\u00fcfung vorbereiten? Wir finden den richtigen Kurs und den richtigen Lehrer f\u00fcr Sie. Unsere Dozenten bieten Ihnen abwechslungsreiche Lernmaterialien, richten sich nach Ihrem pers\u00f6nlichen Wissensstand und motivieren Sie, von Anfang an Deutsch zu sprechen.<\/p>\n<p>&nbsp;<\/p>\n<img decoding=\"async\" class=\"alignnone wp-image-12706 size-full\" src=\"https:\/\/www.academia-barcelona.com\/wp-content\/uploads\/2020\/11\/deutschkurse-barcelona.jpg\" alt=\"Deutschkurse in Barcelona - Sprachschule - Deutsch lernen\" width=\"1024\" height=\"373\" srcset=\"https:\/\/www.academia-barcelona.com\/wp-content\/uploads\/2020\/11\/deutschkurse-barcelona.jpg 1024w, https:\/\/www.academia-barcelona.com\/wp-content\/uploads\/2020\/11\/deutschkurse-barcelona-300x109.jpg 300w, https:\/\/www.academia-barcelona.com\/wp-content\/uploads\/2020\/11\/deutschkurse-barcelona-768x280.jpg 768w\" sizes=\"(max-width: 1024px) 100vw, 1024px\" \/>\n<h2>Deutschkurs in Barcelona f\u00fcr alle Sprachniveaus \u2013 A1, A2, B1, B2, C1, C2<\/h2>\n<p>Sie m\u00f6chten oder m\u00fcssen schnell Deutsch lernen? Dann sind unsere Intensivkurse in kleinen Gruppen das Richtige f\u00fcr Sie.<\/p>\n<p>Wenn man sich intensiv auf eine neue Sprache einl\u00e4sst und t\u00e4glich mehrere Stunden \u00fcbt, kann man die Erfolge schon nach Kurzem sehen. Nach nur einem Monat in unserem A1 Intensivkurs k\u00f6nnen Sie einfache Gespr\u00e4che auf Deutsch f\u00fchren. So macht das Lernen Spa\u00df!<\/p>\n<p>Unsere Intensivkurse richten sich nach dem Europ\u00e4ischen Referenzrahmen f\u00fcr Sprachen, sind also in die Stufen A1, A2, B1, B2, C1 und C2 unterteilt. Ihr Vorteil: sie lernen strukturiert und wissen immer genau, auf welchem Level Sie stehen.<\/p>\n<a href=\"https:\/\/www.academia-barcelona.com\/de\/kontakt\/\"><img decoding=\"async\" class=\"alignnone\" src=\"https:\/\/www.academia-barcelona.com\/wp-content\/uploads\/2020\/10\/anfrage-sprachkurs-barcelona.png\" alt=\"Anfrage Sprachkurs Barcelona\" width=\"291\" height=\"70\" \/><\/a>\n<h2>Deutschkurse mit qualifizierten Muttersprachlern<\/h2>\n<p>Eine Fremdsprache ernsthaft lernen, bedeutet, sie mit Muttersprachlern lernen. Nur Muttersprachler sind mit allen Nuancen dieser Sprache vertraut und haben eine absolut authentische Aussprache.<\/p>\n<p>Aber wenn jemand Deutsch als Muttersprache spricht, hei\u00dft das noch l\u00e4ngst nicht, dass er Deutsch unterrichten kann. Deshalb arbeiten wir ausschlie\u00dflich mit Lehrkr\u00e4ften, die einen Hochschulabschluss oder eine spezielle Ausbildung als Deutschlehrer haben. Nur professionelle Lehrer kennen die besten Lernmaterialien und k\u00f6nnen Ihnen Tricks zeigen, mit denen Sie sich die Strukturen der Grammatik leichter merken und typische Fehler vermeiden.<\/p>\n<p>Aber unsere Lehrer sind nicht nur kompetent, sie sind auch kommunikativ und sympathisch. Deshalb sind in unseren Kursen Spa\u00df und eine angenehme Lern-Atmosph\u00e4re garantiert.<\/p>\n<h2>Deutsch lernen in kleinen Gruppen<\/h2>\n<p><iframe src=\"https:\/\/www.youtube.com\/embed\/54-5aCU96MM\" width=\"560\" height=\"315\" frameborder=\"0\" allowfullscreen=\"allowfullscreen\"><\/iframe><br \/>\nF\u00fcr den Lernerfolg spielt die Gr\u00f6\u00dfe der Gruppe eine entscheidende Rolle. In gro\u00dfen Gruppen kann man das Sprechen nicht gut \u00fcben, denn wenn ein Sch\u00fcler spricht und z.B. elf Sch\u00fcler zuh\u00f6ren m\u00fcssen, dann f\u00fchlt sich der Eine unter Druck und die Elf langweilen sich. Deshalb ist in unseren Intensivkursen die Gruppengr\u00f6\u00dfe auf maximal sechs Personen limitiert. So entsteht eine gute Gruppendynamik, der Lehrer kann die Aussprache korrigieren und individuell auf Ihre St\u00e4rken und Schw\u00e4chen eingehen.<\/p>\n<h2>Deutsch Sprachschule in Barcelona &#8211; Ihre Vorteile<\/h2>\n<p>Jeder Tag Ihres Deutsch Intensivkurses in der Sprachschule Barcelona ist ein ausgewogener Mix: Sie sprechen Deutsch, machen \u00dcbungen zu Grammatik, H\u00f6rverstehen, Lesen und Schreiben, damit Sie auf allen Ebenen Fortschritte machen.<\/p>\n<p>Der Schwerpunkt liegt bei uns aber auf dem Sprechen. Spontanes Sprechen in einer Fremdsprache ist das Schwierigste und zugleich das, was man in der Alltagskommunikation am n\u00f6tigsten braucht.<\/p>\n<p>Fangen Sie gar nicht erst an, zu zweifeln, ob Sie schon sprechen k\u00f6nnen! Fangen Sie lieber ab der ersten Stunde an, es zu \u00fcben!<\/p>\n<p>Um Sie zu motivieren, sprechen unsere Dozenten mit Ihnen w\u00e4hrend des Unterrichts soweit als m\u00f6glich nur Deutsch. Sie werden sich wundern, wie schnell Sie alles verstehen!<\/p>\n<h2>Schnell Deutsch lernen \u2013 Ablauf unserer Intensivkurse<\/h2>\n<p>Die Sprachniveaus A1 und A2 des Europ\u00e4ischen Referenzrahmens f\u00fcr Sprachen zu erreichen, dauert in unseren Intensivkursen nur jeweils einen Monat. Falls Sie weniger Zeit haben, k\u00f6nnen sie auch wochenweise in einen unserer laufenden Intensivkurse einsteigen!<\/p>\n<h2>Preise unserer Deutschkurse<\/h2>\n<p><strong>Deutsch Intensivkurse:<\/strong> 5 Tage pro Woche mit 20 Unterrichtseinheiten \u00e0 45 Minuten<\/p>\n<p><strong>Kursbeginn:<\/strong> immer am ersten Montag des Monats beginnen neue Kurse in allen Niveaus<\/p>\n<p><strong>Kursdauer<\/strong>: 4 Wochen<\/p>\n<p><strong>Termine: <\/strong>Montag bis Freitag 9 bis 12.00 Uhr<\/p>\n<p><strong>Preis:<\/strong> 449\u20ac<\/p>\n<a href=\"https:\/\/www.academia-barcelona.com\/de\/anmeldung\/\"><img decoding=\"async\" src=\"https:\/\/www.academia-barcelona.com\/wp-content\/uploads\/2020\/10\/anmeldung-sprachkurs-barcelona-300x76.png\" alt=\"Anmeldung Sprachkurs Barcelona\" \/><\/a>\n<h2>Ideal f\u00fcr Berufst\u00e4tige &#8211; unsere Deutsch Abendkurse<\/h2>\n<p><strong>Deutsch Abendkurs: <\/strong>2 Abende pro Woche, 4 Unterrichtseinheiten \u00e0 45 Minuten pro Woche<\/p>\n<p><strong>Kursdauer: <\/strong>6 Wochen<\/p>\n<p><strong>Termine:\u00a0<\/strong>Montag und Mittwoch \/ Dienstag und Donnerstag 18.30 bis 20.00 Uhr<\/p>\n<p><strong>Beginn:<\/strong> Bei uns beginnen regelm\u00e4\u00dfig neue Abendkurse. In vielen F\u00e4llen k\u00f6nnen Sie aber auch in einen laufenden Kurs einsteigen. Kontaktieren Sie uns! Wir stellen sicher, dass Sie sobald wie m\u00f6glich mit Ihrem Kurs beginnen k\u00f6nnen.<\/p>\n<p><strong>Preis:<\/strong> 259\u20ac<\/p>\n<a href=\"https:\/\/www.academia-barcelona.com\/de\/anmeldung\/\"><img decoding=\"async\" src=\"https:\/\/www.academia-barcelona.com\/wp-content\/uploads\/2020\/10\/anmeldung-sprachkurs-barcelona-300x76.png\" alt=\"Anmeldung Sprachkurs Barcelona\" \/><\/a>\n<h2>Den richtigen Deutschkurs finden mit unserem Einstufungstest<\/h2>\n<p>Sie haben bereits Deutschkenntnisse, wissen aber nicht genau, auf welchem Niveau Sie stehen? Unser kostenloser, unverbindlicher <a href=\"https:\/\/www.academia-barcelona.com\/test-nivel-de-idiomas\/\">Einstufungstest<\/a> hilft! F\u00fcllen Sie Ihn bequem online auf unserer Webseite aus! Das Ergebnis zeigt uns, ob sie auf dem Level A1, A2, B1, B2, C1 oder C2 stehengeblieben sind. So k\u00f6nnen wir den richtigen Kurs f\u00fcr Sie ausw\u00e4hlen, was essenziell ist. Denn wenn Sie von vornherein im richtigen Kurs starten, sparen Sie sowohl Geld als auch Zeit.<\/p>\n<h2>Schlie\u00dfen Sie Ihren Deutschkurs mit einem Zertifikat ab<\/h2>\n<p>Am Ende Ihres Deutschkurses, bekommen Sie von uns ein Zertifikat, das Ihre Teilnahme best\u00e4tigt. Unsere Intensivkurse sind auch eine optimale Vorbereitung auf Sprachpr\u00fcfungen wie Telc oder TestDaF. Sprechen Sie Ihre Lehrkraft an, wenn Sie planen, eine solche Pr\u00fcfung abzulegen. Sie erkl\u00e4rt Ihnen gern, worauf es bei der Pr\u00fcfung ankommt, und bringt Ihnen Material zur Vorbereitung mit.<\/p>\n","protected":false},"excerpt":{"rendered":"<p>Deutschkurse in Barcelona &#8211; Deutsch lernen &#8211; Sprachschule In der Academia Barcelona lernen Sie Deutsch von qualifizierten Muttersprachlern, in Kleingruppen von maximal 6 Personen und mit einer kostenlosen Probestunde. Sie m\u00f6chten in Deutschland studieren oder arbeiten? Dann sollten Sie schon jetzt beginnen, Deutsch zu lernen! Die Academia Barcelona ist Teil der Sprachschule Aktiv Gruppe aus&hellip; <a class=\"read-more\" href=\"https:\/\/www.academia-barcelona.com\/de\/deutschkurse-in-barcelona\/\" title=\"Read Deutschkurse in Barcelona\">Read more &raquo;<\/a><\/p>\n","protected":false},"author":5,"featured_media":0,"parent":0,"menu_order":0,"comment_status":"closed","ping_status":"closed","template":"","meta":{"footnotes":""},"class_list":["post-12705","page","type-page","status-publish","hentry"],"yoast_head":"<!-- This site is optimized with the Yoast SEO plugin v27.1.1 - https:\/\/yoast.com\/product\/yoast-seo-wordpress\/ -->\n<title>Deutschkurse in Barcelona - Deutsch lernen - Sprachschule<\/title>\n<meta name=\"description\" content=\"Deutschkurse in Barcelona A1, A2, B1, B2, C1, C2. Die beste Sprachschule f\u00fcr Deutsch lernen in Barcelona. JETZT INFORMIEREN!\" \/>\n<meta name=\"robots\" content=\"index, follow, max-snippet:-1, max-image-preview:large, max-video-preview:-1\" \/>\n<link rel=\"canonical\" href=\"https:\/\/www.academia-barcelona.com\/de\/deutschkurse-in-barcelona\/\" \/>\n<meta property=\"og:locale\" content=\"de_DE\" \/>\n<meta property=\"og:type\" content=\"article\" \/>\n<meta property=\"og:title\" content=\"Deutschkurse in Barcelona - Deutsch lernen - Sprachschule\" \/>\n<meta property=\"og:description\" content=\"Deutschkurse in Barcelona A1, A2, B1, B2, C1, C2. Die beste Sprachschule f\u00fcr Deutsch lernen in Barcelona. JETZT INFORMIEREN!\" \/>\n<meta property=\"og:url\" content=\"https:\/\/www.academia-barcelona.com\/de\/deutschkurse-in-barcelona\/\" \/>\n<meta property=\"article:modified_time\" content=\"2021-11-03T08:53:52+00:00\" \/>\n<meta property=\"og:image\" content=\"https:\/\/www.academia-barcelona.com\/wp-content\/uploads\/2020\/11\/deutschkurse-barcelona.jpg\" \/>\n<meta name=\"twitter:card\" content=\"summary_large_image\" \/>\n<meta name=\"twitter:label1\" content=\"Gesch\u00e4tzte Lesezeit\" \/>\n\t<meta name=\"twitter:data1\" content=\"5\u00a0Minuten\" \/>\n<script type=\"application\/ld+json\" class=\"yoast-schema-graph\">{\"@context\":\"https:\/\/schema.org\",\"@graph\":[{\"@type\":\"WebPage\",\"@id\":\"https:\/\/www.academia-barcelona.com\/de\/deutschkurse-in-barcelona\/\",\"url\":\"https:\/\/www.academia-barcelona.com\/de\/deutschkurse-in-barcelona\/\",\"name\":\"Deutschkurse in Barcelona - Deutsch lernen - Sprachschule\",\"isPartOf\":{\"@id\":\"https:\/\/www.academia-barcelona.com\/#website\"},\"primaryImageOfPage\":{\"@id\":\"https:\/\/www.academia-barcelona.com\/de\/deutschkurse-in-barcelona\/#primaryimage\"},\"image\":{\"@id\":\"https:\/\/www.academia-barcelona.com\/de\/deutschkurse-in-barcelona\/#primaryimage\"},\"thumbnailUrl\":\"https:\/\/www.academia-barcelona.com\/wp-content\/uploads\/2020\/11\/deutschkurse-barcelona.jpg\",\"datePublished\":\"2020-11-19T04:32:04+00:00\",\"dateModified\":\"2021-11-03T08:53:52+00:00\",\"description\":\"Deutschkurse in Barcelona A1, A2, B1, B2, C1, C2. Die beste Sprachschule f\u00fcr Deutsch lernen in Barcelona. JETZT INFORMIEREN!\",\"inLanguage\":\"de\",\"potentialAction\":[{\"@type\":\"ReadAction\",\"target\":[\"https:\/\/www.academia-barcelona.com\/de\/deutschkurse-in-barcelona\/\"]}]},{\"@type\":\"ImageObject\",\"inLanguage\":\"de\",\"@id\":\"https:\/\/www.academia-barcelona.com\/de\/deutschkurse-in-barcelona\/#primaryimage\",\"url\":\"https:\/\/www.academia-barcelona.com\/wp-content\/uploads\/2020\/11\/deutschkurse-barcelona.jpg\",\"contentUrl\":\"https:\/\/www.academia-barcelona.com\/wp-content\/uploads\/2020\/11\/deutschkurse-barcelona.jpg\"},{\"@type\":\"WebSite\",\"@id\":\"https:\/\/www.academia-barcelona.com\/#website\",\"url\":\"https:\/\/www.academia-barcelona.com\/\",\"name\":\"\",\"description\":\"\",\"potentialAction\":[{\"@type\":\"SearchAction\",\"target\":{\"@type\":\"EntryPoint\",\"urlTemplate\":\"https:\/\/www.academia-barcelona.com\/?s={search_term_string}\"},\"query-input\":{\"@type\":\"PropertyValueSpecification\",\"valueRequired\":true,\"valueName\":\"search_term_string\"}}],\"inLanguage\":\"de\"}]}<\/script>\n<!-- \/ Yoast SEO plugin. -->","yoast_head_json":{"title":"Deutschkurse in Barcelona - Deutsch lernen - Sprachschule","description":"Deutschkurse in Barcelona A1, A2, B1, B2, C1, C2. Die beste Sprachschule f\u00fcr Deutsch lernen in Barcelona. JETZT INFORMIEREN!","robots":{"index":"index","follow":"follow","max-snippet":"max-snippet:-1","max-image-preview":"max-image-preview:large","max-video-preview":"max-video-preview:-1"},"canonical":"https:\/\/www.academia-barcelona.com\/de\/deutschkurse-in-barcelona\/","og_locale":"de_DE","og_type":"article","og_title":"Deutschkurse in Barcelona - Deutsch lernen - Sprachschule","og_description":"Deutschkurse in Barcelona A1, A2, B1, B2, C1, C2. Die beste Sprachschule f\u00fcr Deutsch lernen in Barcelona. JETZT INFORMIEREN!","og_url":"https:\/\/www.academia-barcelona.com\/de\/deutschkurse-in-barcelona\/","article_modified_time":"2021-11-03T08:53:52+00:00","og_image":[{"url":"https:\/\/www.academia-barcelona.com\/wp-content\/uploads\/2020\/11\/deutschkurse-barcelona.jpg","type":"","width":"","height":""}],"twitter_card":"summary_large_image","twitter_misc":{"Gesch\u00e4tzte Lesezeit":"5\u00a0Minuten"},"schema":{"@context":"https:\/\/schema.org","@graph":[{"@type":"WebPage","@id":"https:\/\/www.academia-barcelona.com\/de\/deutschkurse-in-barcelona\/","url":"https:\/\/www.academia-barcelona.com\/de\/deutschkurse-in-barcelona\/","name":"Deutschkurse in Barcelona - Deutsch lernen - Sprachschule","isPartOf":{"@id":"https:\/\/www.academia-barcelona.com\/#website"},"primaryImageOfPage":{"@id":"https:\/\/www.academia-barcelona.com\/de\/deutschkurse-in-barcelona\/#primaryimage"},"image":{"@id":"https:\/\/www.academia-barcelona.com\/de\/deutschkurse-in-barcelona\/#primaryimage"},"thumbnailUrl":"https:\/\/www.academia-barcelona.com\/wp-content\/uploads\/2020\/11\/deutschkurse-barcelona.jpg","datePublished":"2020-11-19T04:32:04+00:00","dateModified":"2021-11-03T08:53:52+00:00","description":"Deutschkurse in Barcelona A1, A2, B1, B2, C1, C2. Die beste Sprachschule f\u00fcr Deutsch lernen in Barcelona. JETZT INFORMIEREN!","inLanguage":"de","potentialAction":[{"@type":"ReadAction","target":["https:\/\/www.academia-barcelona.com\/de\/deutschkurse-in-barcelona\/"]}]},{"@type":"ImageObject","inLanguage":"de","@id":"https:\/\/www.academia-barcelona.com\/de\/deutschkurse-in-barcelona\/#primaryimage","url":"https:\/\/www.academia-barcelona.com\/wp-content\/uploads\/2020\/11\/deutschkurse-barcelona.jpg","contentUrl":"https:\/\/www.academia-barcelona.com\/wp-content\/uploads\/2020\/11\/deutschkurse-barcelona.jpg"},{"@type":"WebSite","@id":"https:\/\/www.academia-barcelona.com\/#website","url":"https:\/\/www.academia-barcelona.com\/","name":"","description":"","potentialAction":[{"@type":"SearchAction","target":{"@type":"EntryPoint","urlTemplate":"https:\/\/www.academia-barcelona.com\/?s={search_term_string}"},"query-input":{"@type":"PropertyValueSpecification","valueRequired":true,"valueName":"search_term_string"}}],"inLanguage":"de"}]}},"_links":{"self":[{"href":"https:\/\/www.academia-barcelona.com\/de\/wp-json\/wp\/v2\/pages\/12705","targetHints":{"allow":["GET"]}}],"collection":[{"href":"https:\/\/www.academia-barcelona.com\/de\/wp-json\/wp\/v2\/pages"}],"about":[{"href":"https:\/\/www.academia-barcelona.com\/de\/wp-json\/wp\/v2\/types\/page"}],"author":[{"embeddable":true,"href":"https:\/\/www.academia-barcelona.com\/de\/wp-json\/wp\/v2\/users\/5"}],"replies":[{"embeddable":true,"href":"https:\/\/www.academia-barcelona.com\/de\/wp-json\/wp\/v2\/comments?post=12705"}],"version-history":[{"count":9,"href":"https:\/\/www.academia-barcelona.com\/de\/wp-json\/wp\/v2\/pages\/12705\/revisions"}],"predecessor-version":[{"id":13693,"href":"https:\/\/www.academia-barcelona.com\/de\/wp-json\/wp\/v2\/pages\/12705\/revisions\/13693"}],"wp:attachment":[{"href":"https:\/\/www.academia-barcelona.com\/de\/wp-json\/wp\/v2\/media?parent=12705"}],"curies":[{"name":"wp","href":"https:\/\/api.w.org\/{rel}","templated":true}]}}