{"id":12689,"date":"2020-11-12T05:13:12","date_gmt":"2020-11-12T05:13:12","guid":{"rendered":"https:\/\/www.academia-barcelona.com\/?page_id=12689"},"modified":"2021-07-06T14:18:43","modified_gmt":"2021-07-06T14:18:43","slug":"deutschkurs-fuer-aerzte-und-mediziner","status":"publish","type":"page","link":"https:\/\/www.academia-barcelona.com\/de\/deutschkurs-fuer-aerzte-und-mediziner\/","title":{"rendered":"Deutschkurs f\u00fcr \u00c4rzte und Mediziner"},"content":{"rendered":"<h1>Deutschkurs f\u00fcr \u00c4rzte und Mediziner &#8211; Vorbereitung auf die Fachsprachenpr\u00fcfung<\/h1>\n<p>Wer als Arzt eine Berufszulassung in Deutschland beantragen m\u00f6chte, muss eine Fachsprachenpr\u00fcfung ablegen. Gefordert werden allgemeine Deutschkenntnisse auf dem Niveau B2 und fachspezifische Sprechfertigkeiten der Stufe C1. Wir von der Sprachschule Barcelona bereiten Sie auf diese Pr\u00fcfung vor \u2013 in unseren Deutschkursen f\u00fcr \u00c4rzte und Mediziner.<\/p>\n<a href=\"https:\/\/www.academia-barcelona.com\/de\/kontakt\/\"><img decoding=\"async\" class=\"alignnone size-full wp-image-12614\" src=\"https:\/\/www.academia-barcelona.com\/wp-content\/uploads\/2020\/10\/anfrage-sprachkurs-barcelona.png\" alt=\"Anfrage Sprachkurs Barcelona\" width=\"291\" height=\"70\" \/><\/a>\n<h2>Die Fachsprachenpr\u00fcfung f\u00fcr Mediziner<\/h2>\n<p>In der Fachsprachenpr\u00fcfung werden m\u00fcndliche F\u00e4higkeiten gepr\u00fcft, wie z.B. ein Dialog zwischen Arzt und Patient oder zwischen Arzt und Arzt, aber auch schriftliche F\u00e4higkeiten, die die medizinische Dokumentation betreffen. Die Pr\u00fcfung wird durch die Landes\u00e4rztekammern abgenommen und ist je nach Bundesland ein wenig unterschiedlich. Unsere geschulten Mitarbeiter erkl\u00e4ren Ihnen gern die Details.<\/p>\n<a href=\"https:\/\/www.academia-barcelona.com\/wp-content\/uploads\/2020\/11\/deutschkurs-fuer-aerrzte-und-mediziner-in-barcelona.jpg\"><img decoding=\"async\" class=\"alignnone size-medium wp-image-12690\" src=\"https:\/\/www.academia-barcelona.com\/wp-content\/uploads\/2020\/11\/deutschkurs-fuer-aerrzte-und-mediziner-in-barcelona-300x201.jpg\" alt=\"Deutschkurse f\u00fcr \u00c4rzte und Mediziner in Barcelona\" width=\"300\" height=\"201\" srcset=\"https:\/\/www.academia-barcelona.com\/wp-content\/uploads\/2020\/11\/deutschkurs-fuer-aerrzte-und-mediziner-in-barcelona-300x201.jpg 300w, https:\/\/www.academia-barcelona.com\/wp-content\/uploads\/2020\/11\/deutschkurs-fuer-aerrzte-und-mediziner-in-barcelona.jpg 344w\" sizes=\"(max-width: 300px) 100vw, 300px\" \/><\/a>\n<h2>Vorbereitung auf die Fachsprachenpr\u00fcfung \u2013 Termine und Ablauf<\/h2>\n<p>Ein Vorbereitungkurs f\u00fcr \u00c4rzte und Mediziner umfasst bei uns 80 Unterrichtseinheiten. Er findet 4 Wochen lang: montags bis freitags von 9.00 &#8211; 12.00 Uhr statt \u2013 aktuell als Onlinekurs. Wie Sie in den Kurs einsteigen, h\u00e4ngt von Ihren sprachlichen Vorkenntnissen ab.<\/p>\n<p>Wenn Sie die B2 Pr\u00fcfung bereits bestanden haben, wird Ihnen dieser Kurs als Vorbereitung auf die Fachsprachenpr\u00fcfung reichen.<\/p>\n<p>Wenn Sie die B1-Deutsch-Pr\u00fcfung bestanden haben, beginnen Sie bei uns im Intensivkurs B2, der montags bis freitags von 9 bis 12 Uhr stattfindet. Nach 4 Wochen k\u00f6nnen Sie den fachspezifischen Pr\u00fcfungsvorbereitungskurs besuchen. So k\u00f6nnen Sie nach zwei Monaten intensiven Lernens sowohl die B2 Pr\u00fcfung als auch die Fachsprachenpr\u00fcfung f\u00fcr Mediziner ablegen.<\/p>\n<h2>Sprachkurse f\u00fcr \u00c4rzte und Mediziner \u2013 Inhalt der Kurse<\/h2>\n<p>In den Fachsprachenkursen unserer Sprachschule Barcelona lernen Sie das medizinische Vokabular und die Redemittel, die Sie in der Arztpraxis oder im Krankenhaus ben\u00f6tigen. In praxisnahen Rollenspielen \u00fcben unsere akademisch ausgebildeten Lehrer mit Ihnen, wie Sie eine Anamnese durchf\u00fchren, medizinische Berichte verfassen und sich mit Kollegen professionell austauschen.<\/p>\n<p>Arzt in Deutschland zu sein bedeutet heutzutage aber auch, mit B\u00fcrokratie konfrontiert zu sein. Wir erkl\u00e4ren Ihnen das deutsche Kassenarztsystem und die Grundlagen der Abrechnung, die f\u00fcr Sie als Arzt unverzichtbar sind.<\/p>\n<h2>Privatkurse f\u00fcr die Fachsprachenpr\u00fcfung<\/h2>\n<p>Wenn Sie keine Zeit haben, an unseren Intensivkursen teilzunehmen, bereiten wir Sie auch gern im Rahmen eines Privatkurses auf die Fachsprachenpr\u00fcfung vor \u2013 online oder in Form eines Pr\u00e4senzkurses. Einen Privatkurs besuchen Sie normalerweise allein, bei uns haben Sie aber auch die M\u00f6glichkeit, sich zu zweit einen Lehrer zu teilen. Schreiben Sie uns eine E-Mail \u2013 wir machen Ihnen gern ein Angebot \u00fcber Einzelstunden f\u00fcr medizinische Fachsprache, angepasst an Ihren Terminplan.<\/p>\n<p><strong>Preise f\u00fcr Privatunterricht:<\/strong><\/p>\n<p>Je mehr Unterrichtseinheiten Sie buchen, desto g\u00fcnstiger!<\/p>\n<ul>\n<li>Ab 10 Unterrichtseinheiten: 40 Euro pro UE<\/li>\n<li>Ab 20 Unterrichtseinheiten: 38 Euro pro UE<\/li>\n<li>Ab 30 Unterrichtseinheiten: 36 Euro pro UE<\/li>\n<\/ul>\n<a href=\"https:\/\/www.academia-barcelona.com\/de\/anmeldung\/\"><img decoding=\"async\" class=\"alignnone size-medium wp-image-12626\" src=\"https:\/\/www.academia-barcelona.com\/wp-content\/uploads\/2020\/10\/anmeldung-sprachkurs-barcelona-300x76.png\" alt=\"Anmeldung Sprachkurs Barcelona\" width=\"300\" height=\"76\" srcset=\"https:\/\/www.academia-barcelona.com\/wp-content\/uploads\/2020\/10\/anmeldung-sprachkurs-barcelona-300x76.png 300w, https:\/\/www.academia-barcelona.com\/wp-content\/uploads\/2020\/10\/anmeldung-sprachkurs-barcelona.png 306w\" sizes=\"(max-width: 300px) 100vw, 300px\" \/><\/a>\n<ul>\n<li style=\"list-style-type: none;\">\n<ul>\n<li style=\"list-style-type: none;\"><\/li>\n<\/ul>\n<\/li>\n<\/ul>\n<h2>Deutschkurse f\u00fcr die Fachsprachenpr\u00fcfung \u2013 Ihre Lehrkr\u00e4fte<\/h2>\n<p>Alle Deutschlehrer der Sprachschule Barcelona sind Deutsch Muttersprachler, die \u00fcber einen Hochschulabschluss und reichlich Unterrichtserfahrung verf\u00fcgen. Die Vorbereitungskurse f\u00fcr \u00c4rzte werden von unseren erfahrensten Lehrkr\u00e4ften geleitet, die in der medizinischen Terminologie geschult sind und die Anforderungen der Fachsprachenpr\u00fcfung genau kennen.<\/p>\n<h2>Vorbereitungskurse f\u00fcr \u00c4rzte und Mediziner \u2013 unsere Preise<\/h2>\n<ul>\n<li><strong>Kursbeginn:<\/strong> immer am ersten Montag des Monats<\/li>\n<li><strong>Dauer:<\/strong> 4 Wochen<\/li>\n<li><strong>Sprachniveau:<\/strong> C1<\/li>\n<li><strong>Termine:<\/strong> Montag bis Freitag von 9:00 bis 12:00 Uhr<\/li>\n<li><strong>Preis:<\/strong> 499\u20ac<\/li>\n<\/ul>\n<a href=\"https:\/\/www.academia-barcelona.com\/de\/anmeldung\/\"><img decoding=\"async\" class=\"alignnone size-medium wp-image-12626\" src=\"https:\/\/www.academia-barcelona.com\/wp-content\/uploads\/2020\/10\/anmeldung-sprachkurs-barcelona-300x76.png\" alt=\"Anmeldung Sprachkurs Barcelona\" width=\"300\" height=\"76\" srcset=\"https:\/\/www.academia-barcelona.com\/wp-content\/uploads\/2020\/10\/anmeldung-sprachkurs-barcelona-300x76.png 300w, https:\/\/www.academia-barcelona.com\/wp-content\/uploads\/2020\/10\/anmeldung-sprachkurs-barcelona.png 306w\" sizes=\"(max-width: 300px) 100vw, 300px\" \/><\/a>\n","protected":false},"excerpt":{"rendered":"<p>Deutschkurs f\u00fcr \u00c4rzte und Mediziner &#8211; Vorbereitung auf die Fachsprachenpr\u00fcfung Wer als Arzt eine Berufszulassung in Deutschland beantragen m\u00f6chte, muss eine Fachsprachenpr\u00fcfung ablegen. Gefordert werden allgemeine Deutschkenntnisse auf dem Niveau B2 und fachspezifische Sprechfertigkeiten der Stufe C1. Wir von der Sprachschule Barcelona bereiten Sie auf diese Pr\u00fcfung vor \u2013 in unseren Deutschkursen f\u00fcr \u00c4rzte und&hellip; <a class=\"read-more\" href=\"https:\/\/www.academia-barcelona.com\/de\/deutschkurs-fuer-aerzte-und-mediziner\/\" title=\"Read Deutschkurs f\u00fcr \u00c4rzte und Mediziner\">Read more &raquo;<\/a><\/p>\n","protected":false},"author":5,"featured_media":0,"parent":0,"menu_order":0,"comment_status":"closed","ping_status":"closed","template":"","meta":{"footnotes":""},"class_list":["post-12689","page","type-page","status-publish","hentry"],"yoast_head":"<!-- This site is optimized with the Yoast SEO plugin v27.1.1 - https:\/\/yoast.com\/product\/yoast-seo-wordpress\/ -->\n<title>Deutschkurs f\u00fcr \u00c4rzte &amp; Mediziner in Barcelona - Fachsprachenpr\u00fcfung<\/title>\n<meta name=\"description\" content=\"Deutschkurs f\u00fcr \u00c4rzte und Mediziner in Barcelona. Professionelle Vorbereitung auf die Fachsprachenpr\u00fcfung. Preise &amp; Termine.\" \/>\n<meta name=\"robots\" content=\"index, follow, max-snippet:-1, max-image-preview:large, max-video-preview:-1\" \/>\n<link rel=\"canonical\" href=\"https:\/\/www.academia-barcelona.com\/de\/deutschkurs-fuer-aerzte-und-mediziner\/\" \/>\n<meta property=\"og:locale\" content=\"de_DE\" \/>\n<meta property=\"og:type\" content=\"article\" \/>\n<meta property=\"og:title\" content=\"Deutschkurs f\u00fcr \u00c4rzte &amp; Mediziner in Barcelona - Fachsprachenpr\u00fcfung\" \/>\n<meta property=\"og:description\" content=\"Deutschkurs f\u00fcr \u00c4rzte und Mediziner in Barcelona. Professionelle Vorbereitung auf die Fachsprachenpr\u00fcfung. Preise &amp; Termine.\" \/>\n<meta property=\"og:url\" content=\"https:\/\/www.academia-barcelona.com\/de\/deutschkurs-fuer-aerzte-und-mediziner\/\" \/>\n<meta property=\"article:modified_time\" content=\"2021-07-06T14:18:43+00:00\" \/>\n<meta property=\"og:image\" content=\"https:\/\/www.academia-barcelona.com\/wp-content\/uploads\/2020\/10\/anfrage-sprachkurs-barcelona.png\" \/>\n<meta name=\"twitter:card\" content=\"summary_large_image\" \/>\n<meta name=\"twitter:label1\" content=\"Gesch\u00e4tzte Lesezeit\" \/>\n\t<meta name=\"twitter:data1\" content=\"3\u00a0Minuten\" \/>\n<script type=\"application\/ld+json\" class=\"yoast-schema-graph\">{\"@context\":\"https:\/\/schema.org\",\"@graph\":[{\"@type\":\"WebPage\",\"@id\":\"https:\/\/www.academia-barcelona.com\/de\/deutschkurs-fuer-aerzte-und-mediziner\/\",\"url\":\"https:\/\/www.academia-barcelona.com\/de\/deutschkurs-fuer-aerzte-und-mediziner\/\",\"name\":\"Deutschkurs f\u00fcr \u00c4rzte & Mediziner in Barcelona - Fachsprachenpr\u00fcfung\",\"isPartOf\":{\"@id\":\"https:\/\/www.academia-barcelona.com\/#website\"},\"primaryImageOfPage\":{\"@id\":\"https:\/\/www.academia-barcelona.com\/de\/deutschkurs-fuer-aerzte-und-mediziner\/#primaryimage\"},\"image\":{\"@id\":\"https:\/\/www.academia-barcelona.com\/de\/deutschkurs-fuer-aerzte-und-mediziner\/#primaryimage\"},\"thumbnailUrl\":\"https:\/\/www.academia-barcelona.com\/wp-content\/uploads\/2020\/10\/anfrage-sprachkurs-barcelona.png\",\"datePublished\":\"2020-11-12T05:13:12+00:00\",\"dateModified\":\"2021-07-06T14:18:43+00:00\",\"description\":\"Deutschkurs f\u00fcr \u00c4rzte und Mediziner in Barcelona. Professionelle Vorbereitung auf die Fachsprachenpr\u00fcfung. Preise & Termine.\",\"inLanguage\":\"de\",\"potentialAction\":[{\"@type\":\"ReadAction\",\"target\":[\"https:\/\/www.academia-barcelona.com\/de\/deutschkurs-fuer-aerzte-und-mediziner\/\"]}]},{\"@type\":\"ImageObject\",\"inLanguage\":\"de\",\"@id\":\"https:\/\/www.academia-barcelona.com\/de\/deutschkurs-fuer-aerzte-und-mediziner\/#primaryimage\",\"url\":\"https:\/\/www.academia-barcelona.com\/wp-content\/uploads\/2020\/10\/anfrage-sprachkurs-barcelona.png\",\"contentUrl\":\"https:\/\/www.academia-barcelona.com\/wp-content\/uploads\/2020\/10\/anfrage-sprachkurs-barcelona.png\"},{\"@type\":\"WebSite\",\"@id\":\"https:\/\/www.academia-barcelona.com\/#website\",\"url\":\"https:\/\/www.academia-barcelona.com\/\",\"name\":\"\",\"description\":\"\",\"potentialAction\":[{\"@type\":\"SearchAction\",\"target\":{\"@type\":\"EntryPoint\",\"urlTemplate\":\"https:\/\/www.academia-barcelona.com\/?s={search_term_string}\"},\"query-input\":{\"@type\":\"PropertyValueSpecification\",\"valueRequired\":true,\"valueName\":\"search_term_string\"}}],\"inLanguage\":\"de\"}]}<\/script>\n<!-- \/ Yoast SEO plugin. -->","yoast_head_json":{"title":"Deutschkurs f\u00fcr \u00c4rzte & Mediziner in Barcelona - Fachsprachenpr\u00fcfung","description":"Deutschkurs f\u00fcr \u00c4rzte und Mediziner in Barcelona. Professionelle Vorbereitung auf die Fachsprachenpr\u00fcfung. Preise & Termine.","robots":{"index":"index","follow":"follow","max-snippet":"max-snippet:-1","max-image-preview":"max-image-preview:large","max-video-preview":"max-video-preview:-1"},"canonical":"https:\/\/www.academia-barcelona.com\/de\/deutschkurs-fuer-aerzte-und-mediziner\/","og_locale":"de_DE","og_type":"article","og_title":"Deutschkurs f\u00fcr \u00c4rzte & Mediziner in Barcelona - Fachsprachenpr\u00fcfung","og_description":"Deutschkurs f\u00fcr \u00c4rzte und Mediziner in Barcelona. Professionelle Vorbereitung auf die Fachsprachenpr\u00fcfung. Preise & Termine.","og_url":"https:\/\/www.academia-barcelona.com\/de\/deutschkurs-fuer-aerzte-und-mediziner\/","article_modified_time":"2021-07-06T14:18:43+00:00","og_image":[{"url":"https:\/\/www.academia-barcelona.com\/wp-content\/uploads\/2020\/10\/anfrage-sprachkurs-barcelona.png","type":"","width":"","height":""}],"twitter_card":"summary_large_image","twitter_misc":{"Gesch\u00e4tzte Lesezeit":"3\u00a0Minuten"},"schema":{"@context":"https:\/\/schema.org","@graph":[{"@type":"WebPage","@id":"https:\/\/www.academia-barcelona.com\/de\/deutschkurs-fuer-aerzte-und-mediziner\/","url":"https:\/\/www.academia-barcelona.com\/de\/deutschkurs-fuer-aerzte-und-mediziner\/","name":"Deutschkurs f\u00fcr \u00c4rzte & Mediziner in Barcelona - Fachsprachenpr\u00fcfung","isPartOf":{"@id":"https:\/\/www.academia-barcelona.com\/#website"},"primaryImageOfPage":{"@id":"https:\/\/www.academia-barcelona.com\/de\/deutschkurs-fuer-aerzte-und-mediziner\/#primaryimage"},"image":{"@id":"https:\/\/www.academia-barcelona.com\/de\/deutschkurs-fuer-aerzte-und-mediziner\/#primaryimage"},"thumbnailUrl":"https:\/\/www.academia-barcelona.com\/wp-content\/uploads\/2020\/10\/anfrage-sprachkurs-barcelona.png","datePublished":"2020-11-12T05:13:12+00:00","dateModified":"2021-07-06T14:18:43+00:00","description":"Deutschkurs f\u00fcr \u00c4rzte und Mediziner in Barcelona. Professionelle Vorbereitung auf die Fachsprachenpr\u00fcfung. Preise & Termine.","inLanguage":"de","potentialAction":[{"@type":"ReadAction","target":["https:\/\/www.academia-barcelona.com\/de\/deutschkurs-fuer-aerzte-und-mediziner\/"]}]},{"@type":"ImageObject","inLanguage":"de","@id":"https:\/\/www.academia-barcelona.com\/de\/deutschkurs-fuer-aerzte-und-mediziner\/#primaryimage","url":"https:\/\/www.academia-barcelona.com\/wp-content\/uploads\/2020\/10\/anfrage-sprachkurs-barcelona.png","contentUrl":"https:\/\/www.academia-barcelona.com\/wp-content\/uploads\/2020\/10\/anfrage-sprachkurs-barcelona.png"},{"@type":"WebSite","@id":"https:\/\/www.academia-barcelona.com\/#website","url":"https:\/\/www.academia-barcelona.com\/","name":"","description":"","potentialAction":[{"@type":"SearchAction","target":{"@type":"EntryPoint","urlTemplate":"https:\/\/www.academia-barcelona.com\/?s={search_term_string}"},"query-input":{"@type":"PropertyValueSpecification","valueRequired":true,"valueName":"search_term_string"}}],"inLanguage":"de"}]}},"_links":{"self":[{"href":"https:\/\/www.academia-barcelona.com\/de\/wp-json\/wp\/v2\/pages\/12689","targetHints":{"allow":["GET"]}}],"collection":[{"href":"https:\/\/www.academia-barcelona.com\/de\/wp-json\/wp\/v2\/pages"}],"about":[{"href":"https:\/\/www.academia-barcelona.com\/de\/wp-json\/wp\/v2\/types\/page"}],"author":[{"embeddable":true,"href":"https:\/\/www.academia-barcelona.com\/de\/wp-json\/wp\/v2\/users\/5"}],"replies":[{"embeddable":true,"href":"https:\/\/www.academia-barcelona.com\/de\/wp-json\/wp\/v2\/comments?post=12689"}],"version-history":[{"count":3,"href":"https:\/\/www.academia-barcelona.com\/de\/wp-json\/wp\/v2\/pages\/12689\/revisions"}],"predecessor-version":[{"id":13559,"href":"https:\/\/www.academia-barcelona.com\/de\/wp-json\/wp\/v2\/pages\/12689\/revisions\/13559"}],"wp:attachment":[{"href":"https:\/\/www.academia-barcelona.com\/de\/wp-json\/wp\/v2\/media?parent=12689"}],"curies":[{"name":"wp","href":"https:\/\/api.w.org\/{rel}","templated":true}]}}