{"id":12662,"date":"2020-11-03T17:47:37","date_gmt":"2020-11-03T17:47:37","guid":{"rendered":"https:\/\/www.academia-barcelona.com\/?page_id=12662"},"modified":"2021-11-04T20:10:03","modified_gmt":"2021-11-04T20:10:03","slug":"deutschkurse-fuer-pflegekraefte-in-barcelona","status":"publish","type":"page","link":"https:\/\/www.academia-barcelona.com\/de\/deutschkurse-fuer-pflegekraefte-in-barcelona\/","title":{"rendered":"Deutschkurse f\u00fcr Pflegekr\u00e4fte und Krankenschwestern"},"content":{"rendered":"<h1>Deutschkurse f\u00fcr Pflegekr\u00e4fte und Krankenschwestern in Barcelona<\/h1>\n<p>In Deutschland herrscht ein Mangel an Alten- und Krankenpflegern. Als ausgebildete Krankenschwester oder Pflegekraft aus Spanien, haben Sie deshalb beste Chancen auf einen sicheren Job in Deutschland. Allerdings m\u00fcssen Sie, um die Berufsanerkennung zu bekommen, Deutschkenntnisse nachweisen, die dem Sprachniveau B2 entsprechen oder gleich die Spezial-Pr\u00fcfung \u201etelc Deutsch B1\/B2 Pflege\u201c absolvieren. In unseren Deutschkursen f\u00fcr Pflegekr\u00e4fte, die aktuell als Onlinekurse durchgef\u00fchrt werden, bereiten wir Sie auf diese Pr\u00fcfung vor. Au\u00dferdem geben Ihnen unsere speziell ausgebildeten Mitarbeiter gern Auskunft \u00fcber das Verfahren der Berufsanerkennung in Deutschland.<\/p>\n<a href=\"https:\/\/www.academia-barcelona.com\/de\/kontakt\/\"><img decoding=\"async\" class=\"alignnone size-full wp-image-12614\" src=\"https:\/\/www.academia-barcelona.com\/wp-content\/uploads\/2020\/10\/anfrage-sprachkurs-barcelona.png\" alt=\"Anfrage Sprachkurs Barcelona\" width=\"291\" height=\"70\" \/><\/a>\n<h2>Deutschkurse f\u00fcr Pflegekr\u00e4fte in Barcelona \u2013 Termine, Ablauf, Preise<\/h2>\n<p>Die Voraussetzung, um spezifische Sprachkenntnisse f\u00fcr einen Pflegeberuf zu erwerben, sind gute allgemeine Deutschkenntnisse auf mindestens Niveau A2. Wir haben f\u00fcr Pflegekr\u00e4fte und Krankenschwestern spezielle Kurse entwickelt. Sie steigen in das Sprachniveau B1 ein und lernen zun\u00e4chst Grammatik und \u00fcben intensiv das Sprechen, Lesen und H\u00f6rverstehen. Zus\u00e4tzlich wird\u00a0 fachspezifisches Vokabular unterrichtet und Sie gehen im Sprachkurs detailliert auf die sprachlichen Herausforderungen im Krankenhaus oder Pflegeheim ein.<\/p>\n<p>Da unsere Sprachschule in Barcelona aufgrund des Coronavirus geschlossen ist, finden aktuell alle unsere Kurse als Online-Kurse statt.<\/p>\n<ul>\n<li><strong>Kursbeginn:<\/strong> immer am ersten Montag des Monats<\/li>\n<li><strong>Dauer:<\/strong> 4 Wochen<\/li>\n<li><strong>Sprachniveau:<\/strong> B1<\/li>\n<li><strong>Termine:<\/strong> Montag bis Freitag von 9:00 bis 12:00 Uhr<\/li>\n<li><strong>Preis:<\/strong> 499\u20ac<\/li>\n<\/ul>\n<a href=\"https:\/\/www.academia-barcelona.com\/de\/anmeldung\/\"><img decoding=\"async\" class=\"alignnone size-medium wp-image-12626\" src=\"https:\/\/www.academia-barcelona.com\/wp-content\/uploads\/2020\/10\/anmeldung-sprachkurs-barcelona-300x76.png\" alt=\"Anmeldung Sprachkurs Barcelona\" width=\"300\" height=\"76\" srcset=\"https:\/\/www.academia-barcelona.com\/wp-content\/uploads\/2020\/10\/anmeldung-sprachkurs-barcelona-300x76.png 300w, https:\/\/www.academia-barcelona.com\/wp-content\/uploads\/2020\/10\/anmeldung-sprachkurs-barcelona.png 306w\" sizes=\"(max-width: 300px) 100vw, 300px\" \/><\/a>\n<h2>Testen Sie Ihre Sprachkenntnisse!<\/h2>\n<p>Wenn Sie zum ersten Mal Deutsch lernen, werden Sie in einem Intensivkurs A1 starten. Wenn sie bereits Vorkenntnisse haben, Ihr genaues Niveau aber nicht kennen, dann k\u00f6nnen Sie auf unserer Webseite einen kostenlosen <a href=\"https:\/\/www.academia-barcelona.com\/test-nivel-de-idiomas\/\">Einstufungstest<\/a> machen. Das Ergebnis zeigt uns, ob Sie f\u00fcr den speziellen Kurs f\u00fcr Krankenschwestern und Pflegekr\u00e4fte vorbereitet sind. Bei uns finden Sie immer den passenden Sprachkurs: in einem Intensivkurs k\u00f6nnen wir Sie schnell und gezielt sprachlich auf Ihren Pflegeberuf trainieren.<\/p>\n<a href=\"https:\/\/www.academia-barcelona.com\/wp-content\/uploads\/2020\/11\/deutschkurse-fuer-pflegekraefte-barcelona.jpg\"><img decoding=\"async\" class=\"alignnone wp-image-12663 size-full\" src=\"https:\/\/www.academia-barcelona.com\/wp-content\/uploads\/2020\/11\/deutschkurse-fuer-pflegekraefte-barcelona.jpg\" alt=\"Deutschkurse f\u00fcr Pflegekr\u00e4fte in Barcelona\" width=\"500\" height=\"375\" srcset=\"https:\/\/www.academia-barcelona.com\/wp-content\/uploads\/2020\/11\/deutschkurse-fuer-pflegekraefte-barcelona.jpg 500w, https:\/\/www.academia-barcelona.com\/wp-content\/uploads\/2020\/11\/deutschkurse-fuer-pflegekraefte-barcelona-300x225.jpg 300w, https:\/\/www.academia-barcelona.com\/wp-content\/uploads\/2020\/11\/deutschkurse-fuer-pflegekraefte-barcelona-283x212.jpg 283w\" sizes=\"(max-width: 500px) 100vw, 500px\" \/><\/a>\n<h2>Sprachlich fit f\u00fcr den Pflegeberuf \u2013 das lernen Sie in unseren Kursen<\/h2>\n<p>In Ihrem Intensivkurs werden Sie alles lernen, was Sie brauchen, um sich sicher auf Deutsch zu verst\u00e4ndigen. In den fachspezifischen Vorbereitungskursen lernen Sie dar\u00fcber hinaus den medizinischen Wortschatz, den Sie als Altenpfleger, Krankenpfleger oder Krankenschwester brauchen. Unsere speziell geschulten Lehrkr\u00e4fte \u00fcben mit Ihnen Dialoge, die an den Pflegealltag angelehnt sind, z.B. Gespr\u00e4che mit Patienten und deren Verwandten oder mit \u00c4rzten. Doch in einem Pflegeberuf ist nat\u00fcrlich auch der Schriftverkehr wichtig. Sie lernen das F\u00fchren von Protokollen sowie korrekte Anamnesen und \u00dcbergaben.<br \/>\n<iframe src=\"https:\/\/www.youtube.com\/embed\/54-5aCU96MM\" width=\"560\" height=\"315\" frameborder=\"0\" allowfullscreen=\"allowfullscreen\"><\/iframe><\/p>\n<h2>Unsere Deutschlehrer sind f\u00fcr den Bereich Pflege geschult<\/h2>\n<p>Alle unsere Deutschlehrer und -lehrerinnen sind sympathische Deutsch Muttersprachler mit jahrelanger p\u00e4dagogischer Erfahrung. Bevor sie die fachspezifischen Kurse f\u00fcr Medizin und Pflege leiten, werden sie zudem besonders geschult. Sie kennen sich also mit der medizinischen Terminologie aus und garantieren einen Unterricht, der sich auf Ihren Fachbereich bezieht, der effektiv ist und Spa\u00df macht.<\/p>\n","protected":false},"excerpt":{"rendered":"<p>Deutschkurse f\u00fcr Pflegekr\u00e4fte und Krankenschwestern in Barcelona In Deutschland herrscht ein Mangel an Alten- und Krankenpflegern. Als ausgebildete Krankenschwester oder Pflegekraft aus Spanien, haben Sie deshalb beste Chancen auf einen sicheren Job in Deutschland. Allerdings m\u00fcssen Sie, um die Berufsanerkennung zu bekommen, Deutschkenntnisse nachweisen, die dem Sprachniveau B2 entsprechen oder gleich die Spezial-Pr\u00fcfung \u201etelc Deutsch&hellip; <a class=\"read-more\" href=\"https:\/\/www.academia-barcelona.com\/de\/deutschkurse-fuer-pflegekraefte-in-barcelona\/\" title=\"Read Deutschkurse f\u00fcr Pflegekr\u00e4fte und Krankenschwestern\">Read more &raquo;<\/a><\/p>\n","protected":false},"author":5,"featured_media":0,"parent":0,"menu_order":0,"comment_status":"closed","ping_status":"closed","template":"","meta":{"footnotes":""},"class_list":["post-12662","page","type-page","status-publish","hentry"],"yoast_head":"<!-- This site is optimized with the Yoast SEO plugin v27.1.1 - https:\/\/yoast.com\/product\/yoast-seo-wordpress\/ -->\n<title>Deutschkurse f\u00fcr Pflegekr\u00e4fte in Barcelona - Sprachkurs<\/title>\n<meta name=\"description\" content=\"Deutschkurse f\u00fcr Pflegekr\u00e4fte in Barcelona mit kostenloser Probestunde. Jeden Monat neue Kurse. Alle Sprachniveaus von A1 bis C2.\" \/>\n<meta name=\"robots\" content=\"index, follow, max-snippet:-1, max-image-preview:large, max-video-preview:-1\" \/>\n<link rel=\"canonical\" href=\"https:\/\/www.academia-barcelona.com\/de\/deutschkurse-fuer-pflegekraefte-in-barcelona\/\" \/>\n<meta property=\"og:locale\" content=\"de_DE\" \/>\n<meta property=\"og:type\" content=\"article\" \/>\n<meta property=\"og:title\" content=\"Deutschkurse f\u00fcr Pflegekr\u00e4fte in Barcelona - Sprachkurs\" \/>\n<meta property=\"og:description\" content=\"Deutschkurse f\u00fcr Pflegekr\u00e4fte in Barcelona mit kostenloser Probestunde. Jeden Monat neue Kurse. Alle Sprachniveaus von A1 bis C2.\" \/>\n<meta property=\"og:url\" content=\"https:\/\/www.academia-barcelona.com\/de\/deutschkurse-fuer-pflegekraefte-in-barcelona\/\" \/>\n<meta property=\"article:modified_time\" content=\"2021-11-04T20:10:03+00:00\" \/>\n<meta property=\"og:image\" content=\"https:\/\/www.academia-barcelona.com\/wp-content\/uploads\/2020\/10\/anfrage-sprachkurs-barcelona.png\" \/>\n<meta name=\"twitter:card\" content=\"summary_large_image\" \/>\n<meta name=\"twitter:label1\" content=\"Gesch\u00e4tzte Lesezeit\" \/>\n\t<meta name=\"twitter:data1\" content=\"3\u00a0Minuten\" \/>\n<script type=\"application\/ld+json\" class=\"yoast-schema-graph\">{\"@context\":\"https:\/\/schema.org\",\"@graph\":[{\"@type\":\"WebPage\",\"@id\":\"https:\/\/www.academia-barcelona.com\/de\/deutschkurse-fuer-pflegekraefte-in-barcelona\/\",\"url\":\"https:\/\/www.academia-barcelona.com\/de\/deutschkurse-fuer-pflegekraefte-in-barcelona\/\",\"name\":\"Deutschkurse f\u00fcr Pflegekr\u00e4fte in Barcelona - Sprachkurs\",\"isPartOf\":{\"@id\":\"https:\/\/www.academia-barcelona.com\/#website\"},\"primaryImageOfPage\":{\"@id\":\"https:\/\/www.academia-barcelona.com\/de\/deutschkurse-fuer-pflegekraefte-in-barcelona\/#primaryimage\"},\"image\":{\"@id\":\"https:\/\/www.academia-barcelona.com\/de\/deutschkurse-fuer-pflegekraefte-in-barcelona\/#primaryimage\"},\"thumbnailUrl\":\"https:\/\/www.academia-barcelona.com\/wp-content\/uploads\/2020\/10\/anfrage-sprachkurs-barcelona.png\",\"datePublished\":\"2020-11-03T17:47:37+00:00\",\"dateModified\":\"2021-11-04T20:10:03+00:00\",\"description\":\"Deutschkurse f\u00fcr Pflegekr\u00e4fte in Barcelona mit kostenloser Probestunde. Jeden Monat neue Kurse. Alle Sprachniveaus von A1 bis C2.\",\"inLanguage\":\"de\",\"potentialAction\":[{\"@type\":\"ReadAction\",\"target\":[\"https:\/\/www.academia-barcelona.com\/de\/deutschkurse-fuer-pflegekraefte-in-barcelona\/\"]}]},{\"@type\":\"ImageObject\",\"inLanguage\":\"de\",\"@id\":\"https:\/\/www.academia-barcelona.com\/de\/deutschkurse-fuer-pflegekraefte-in-barcelona\/#primaryimage\",\"url\":\"https:\/\/www.academia-barcelona.com\/wp-content\/uploads\/2020\/10\/anfrage-sprachkurs-barcelona.png\",\"contentUrl\":\"https:\/\/www.academia-barcelona.com\/wp-content\/uploads\/2020\/10\/anfrage-sprachkurs-barcelona.png\"},{\"@type\":\"WebSite\",\"@id\":\"https:\/\/www.academia-barcelona.com\/#website\",\"url\":\"https:\/\/www.academia-barcelona.com\/\",\"name\":\"\",\"description\":\"\",\"potentialAction\":[{\"@type\":\"SearchAction\",\"target\":{\"@type\":\"EntryPoint\",\"urlTemplate\":\"https:\/\/www.academia-barcelona.com\/?s={search_term_string}\"},\"query-input\":{\"@type\":\"PropertyValueSpecification\",\"valueRequired\":true,\"valueName\":\"search_term_string\"}}],\"inLanguage\":\"de\"}]}<\/script>\n<!-- \/ Yoast SEO plugin. -->","yoast_head_json":{"title":"Deutschkurse f\u00fcr Pflegekr\u00e4fte in Barcelona - Sprachkurs","description":"Deutschkurse f\u00fcr Pflegekr\u00e4fte in Barcelona mit kostenloser Probestunde. Jeden Monat neue Kurse. Alle Sprachniveaus von A1 bis C2.","robots":{"index":"index","follow":"follow","max-snippet":"max-snippet:-1","max-image-preview":"max-image-preview:large","max-video-preview":"max-video-preview:-1"},"canonical":"https:\/\/www.academia-barcelona.com\/de\/deutschkurse-fuer-pflegekraefte-in-barcelona\/","og_locale":"de_DE","og_type":"article","og_title":"Deutschkurse f\u00fcr Pflegekr\u00e4fte in Barcelona - Sprachkurs","og_description":"Deutschkurse f\u00fcr Pflegekr\u00e4fte in Barcelona mit kostenloser Probestunde. Jeden Monat neue Kurse. Alle Sprachniveaus von A1 bis C2.","og_url":"https:\/\/www.academia-barcelona.com\/de\/deutschkurse-fuer-pflegekraefte-in-barcelona\/","article_modified_time":"2021-11-04T20:10:03+00:00","og_image":[{"url":"https:\/\/www.academia-barcelona.com\/wp-content\/uploads\/2020\/10\/anfrage-sprachkurs-barcelona.png","type":"","width":"","height":""}],"twitter_card":"summary_large_image","twitter_misc":{"Gesch\u00e4tzte Lesezeit":"3\u00a0Minuten"},"schema":{"@context":"https:\/\/schema.org","@graph":[{"@type":"WebPage","@id":"https:\/\/www.academia-barcelona.com\/de\/deutschkurse-fuer-pflegekraefte-in-barcelona\/","url":"https:\/\/www.academia-barcelona.com\/de\/deutschkurse-fuer-pflegekraefte-in-barcelona\/","name":"Deutschkurse f\u00fcr Pflegekr\u00e4fte in Barcelona - Sprachkurs","isPartOf":{"@id":"https:\/\/www.academia-barcelona.com\/#website"},"primaryImageOfPage":{"@id":"https:\/\/www.academia-barcelona.com\/de\/deutschkurse-fuer-pflegekraefte-in-barcelona\/#primaryimage"},"image":{"@id":"https:\/\/www.academia-barcelona.com\/de\/deutschkurse-fuer-pflegekraefte-in-barcelona\/#primaryimage"},"thumbnailUrl":"https:\/\/www.academia-barcelona.com\/wp-content\/uploads\/2020\/10\/anfrage-sprachkurs-barcelona.png","datePublished":"2020-11-03T17:47:37+00:00","dateModified":"2021-11-04T20:10:03+00:00","description":"Deutschkurse f\u00fcr Pflegekr\u00e4fte in Barcelona mit kostenloser Probestunde. Jeden Monat neue Kurse. Alle Sprachniveaus von A1 bis C2.","inLanguage":"de","potentialAction":[{"@type":"ReadAction","target":["https:\/\/www.academia-barcelona.com\/de\/deutschkurse-fuer-pflegekraefte-in-barcelona\/"]}]},{"@type":"ImageObject","inLanguage":"de","@id":"https:\/\/www.academia-barcelona.com\/de\/deutschkurse-fuer-pflegekraefte-in-barcelona\/#primaryimage","url":"https:\/\/www.academia-barcelona.com\/wp-content\/uploads\/2020\/10\/anfrage-sprachkurs-barcelona.png","contentUrl":"https:\/\/www.academia-barcelona.com\/wp-content\/uploads\/2020\/10\/anfrage-sprachkurs-barcelona.png"},{"@type":"WebSite","@id":"https:\/\/www.academia-barcelona.com\/#website","url":"https:\/\/www.academia-barcelona.com\/","name":"","description":"","potentialAction":[{"@type":"SearchAction","target":{"@type":"EntryPoint","urlTemplate":"https:\/\/www.academia-barcelona.com\/?s={search_term_string}"},"query-input":{"@type":"PropertyValueSpecification","valueRequired":true,"valueName":"search_term_string"}}],"inLanguage":"de"}]}},"_links":{"self":[{"href":"https:\/\/www.academia-barcelona.com\/de\/wp-json\/wp\/v2\/pages\/12662","targetHints":{"allow":["GET"]}}],"collection":[{"href":"https:\/\/www.academia-barcelona.com\/de\/wp-json\/wp\/v2\/pages"}],"about":[{"href":"https:\/\/www.academia-barcelona.com\/de\/wp-json\/wp\/v2\/types\/page"}],"author":[{"embeddable":true,"href":"https:\/\/www.academia-barcelona.com\/de\/wp-json\/wp\/v2\/users\/5"}],"replies":[{"embeddable":true,"href":"https:\/\/www.academia-barcelona.com\/de\/wp-json\/wp\/v2\/comments?post=12662"}],"version-history":[{"count":8,"href":"https:\/\/www.academia-barcelona.com\/de\/wp-json\/wp\/v2\/pages\/12662\/revisions"}],"predecessor-version":[{"id":13732,"href":"https:\/\/www.academia-barcelona.com\/de\/wp-json\/wp\/v2\/pages\/12662\/revisions\/13732"}],"wp:attachment":[{"href":"https:\/\/www.academia-barcelona.com\/de\/wp-json\/wp\/v2\/media?parent=12662"}],"curies":[{"name":"wp","href":"https:\/\/api.w.org\/{rel}","templated":true}]}}