{"id":12641,"date":"2020-10-30T06:19:26","date_gmt":"2020-10-30T06:19:26","guid":{"rendered":"https:\/\/www.academia-barcelona.com\/?page_id=12641"},"modified":"2021-07-06T13:34:29","modified_gmt":"2021-07-06T13:34:29","slug":"online-deutschkurse","status":"publish","type":"page","link":"https:\/\/www.academia-barcelona.com\/de\/online-deutschkurse\/","title":{"rendered":"Online Deutschkurse"},"content":{"rendered":"<h1>Online Deutschkurse f\u00fcr Anf\u00e4nger &amp; Fortgeschrittene (A1-C2)<\/h1>\n<p>Wir von der Academia de Idiomas Barcelona bieten Online Deutschunterricht f\u00fcr alle Sprachniveaus an (A1, A2, B1, B2, C1, C2). W\u00e4hlen Sie zwischen Gruppenkursen und Privatunterricht und nutzen Sie die M\u00f6glichkeit einer kostenlosen Probestunde! Auch Firmenkurse k\u00f6nnen wir online abhalten \u2013 ma\u00dfgeschneidert f\u00fcr Ihr Unternehmen.<\/p>\n<a href=\"https:\/\/www.academia-barcelona.com\/de\/kontakt\/\"><img decoding=\"async\" class=\"alignnone size-full wp-image-12614\" src=\"https:\/\/www.academia-barcelona.com\/wp-content\/uploads\/2020\/10\/anfrage-sprachkurs-barcelona.png\" alt=\"Anfrage Sprachkurs Barcelona\" width=\"291\" height=\"70\" \/><\/a>\n<p>&nbsp;<\/p>\n<p><iframe src=\"https:\/\/www.youtube.com\/embed\/54-5aCU96MM\" width=\"560\" height=\"315\" frameborder=\"0\" allowfullscreen=\"allowfullscreen\"><\/iframe><\/p>\n<h2>Die Vorteile unserer Online Deutschkurse<\/h2>\n<p>Deutsch online zu lernen hat viele Vorz\u00fcge, in erster Linie die Flexibilit\u00e4t. Sie nehmen einfach von dort aus am Unterricht teil, wo Sie gerade sind \u2013 zu Hause auf dem Sofa, im B\u00fcro oder auf Reisen. So verpassen Sie keine Unterrichtsstunde. Und Sie sparen Zeit, denn Sie brauchen nicht durch die Stadt zur Sprachschule zu fahren. Stattdessen klappen Sie einfach Ihren Laptop auf, \u00f6ffnen Sie Skype, Zoom oder Google Meet, und schon befinden Sie sich im virtuellen Klassenraum mit ihrem muttersprachlichen Trainer, der echten, interaktiven Deutschunterricht abh\u00e4lt. Sogar ein Tablet oder ein Smartphone mit integrierter Kamera reichen daf\u00fcr aus.<\/p>\n<a href=\"https:\/\/www.academia-barcelona.com\/wp-content\/uploads\/2020\/10\/deutsch-onlinekurse.png\"><img decoding=\"async\" class=\"alignnone wp-image-12642 size-large\" src=\"https:\/\/www.academia-barcelona.com\/wp-content\/uploads\/2020\/10\/deutsch-onlinekurse-1024x512.png\" alt=\"Deutsch Onlinekurse - A1 bis C2\" width=\"1024\" height=\"512\" srcset=\"https:\/\/www.academia-barcelona.com\/wp-content\/uploads\/2020\/10\/deutsch-onlinekurse-1024x512.png 1024w, https:\/\/www.academia-barcelona.com\/wp-content\/uploads\/2020\/10\/deutsch-onlinekurse-300x150.png 300w, https:\/\/www.academia-barcelona.com\/wp-content\/uploads\/2020\/10\/deutsch-onlinekurse-768x384.png 768w, https:\/\/www.academia-barcelona.com\/wp-content\/uploads\/2020\/10\/deutsch-onlinekurse.png 1160w\" sizes=\"(max-width: 1024px) 100vw, 1024px\" \/><\/a>\n<h2>Online Einzelunterricht Deutsch<\/h2>\n<p>Sie w\u00fcnschen sich eine exklusive Betreuung durch Ihren Deutschlehrer, einen Kurs, der nur auf Ihre pers\u00f6nlichen Bed\u00fcrfnisse zugeschnitten ist?<\/p>\n<p>Dann ist Online Privatunterricht das Richtige f\u00fcr Sie. Die Kurstermine k\u00f6nnen Sie frei w\u00e4hlen. Sie entscheiden, ob Sie Ihren Lehrer lieber vormittags, nachmittags oder am Abend im Videoroom treffen m\u00f6chten.<\/p>\n<p>Und Sie haben die M\u00f6glichkeit, zu entscheiden, was Sie lernen m\u00f6chten. Vielleicht m\u00f6chten Sie sich ganz aufs Sprechen konzentrieren oder genau die Deutschkenntnisse erwerben, die f\u00fcr Ihren Beruf wichtig sind? Lassen Sie es Ihren Lehrer wissen! Er konzipiert den Unterricht so, dass Sie Ihr pers\u00f6nliches Lernziel schnellstm\u00f6glich erreichen.<\/p>\n<p><strong>Preise:<\/strong> <strong>Je mehr Unterrichtseinheiten Sie buchen, desto g\u00fcnstiger der Preis!<\/strong><\/p>\n<ul>\n<li style=\"list-style-type: none;\">\n<ul>\n<li style=\"list-style-type: none;\">\n<ul>\n<li>Ab 10 Unterrichtseinheiten: 40 Euro pro UE<\/li>\n<li>Ab 20 Unterrichtseinheiten: 38 Euro pro UE<\/li>\n<li>Ab 30 Unterrichtseinheiten: 36 Euro pro UE<\/li>\n<\/ul>\n<\/li>\n<\/ul>\n<\/li>\n<\/ul>\n<p>Sie k\u00f6nnen mit 2 weiteren Personen zum selben Preis am Kurs teilnehmen und so noch mehr sparen!<\/p>\n<a href=\"https:\/\/www.academia-barcelona.com\/de\/anmeldung\/\"><img decoding=\"async\" class=\"alignnone size-medium wp-image-12626\" src=\"https:\/\/www.academia-barcelona.com\/wp-content\/uploads\/2020\/10\/anmeldung-sprachkurs-barcelona-300x76.png\" alt=\"Anmeldung Sprachkurs Barcelona\" width=\"300\" height=\"76\" srcset=\"https:\/\/www.academia-barcelona.com\/wp-content\/uploads\/2020\/10\/anmeldung-sprachkurs-barcelona-300x76.png 300w, https:\/\/www.academia-barcelona.com\/wp-content\/uploads\/2020\/10\/anmeldung-sprachkurs-barcelona.png 306w\" sizes=\"(max-width: 300px) 100vw, 300px\" \/><\/a>\n<h2>Online Gruppenkurse Deutsch \u2013 A1, A2, B1, B2, C1, C2<\/h2>\n<p>Haben Sie Interesse an einem Deutsch Abendkurs, zweimal pro Woche? Oder m\u00f6chten Sie lieber an einem Intensivkurse teilnehmen, der t\u00e4glich stattfindet?<\/p>\n<p>Egal welchen von unseren dynamischen Gruppenkursen Sie w\u00e4hlen \u2013 sie werden Spa\u00df haben und viel lernen! Und der besondere Vorteil am Online-Format: Die Gr\u00f6\u00dfe der Gruppen ist auf sechs Teilnehmer beschr\u00e4nkt. Sehr oft sind es sogar nur vier Teilnehmer. So kann der Lehrer online mit der Gruppe kommunizieren, aber auch individuell auf jeden Einzelnen eingehen.<\/p>\n<p>In einem Gruppenkurs kann man gute Fortschritte machen, wenn der Kurs weder zu schwer noch zu leicht ist. Wenn Sie zum ersten Mal Deutschunterricht nehmen, beginnen Sie im A1 Kurs. Wenn Sie schon Vorkenntnisse haben, laden wir Sie ein, unseren gratis Online-Einstufungstest auszuf\u00fcllen. Er zeigt uns, auf welchem Niveau Sie stehen, sodass wir gleich wissen, welcher Folgekurs f\u00fcr Sie passend ist.<\/p>\n<h2>Deutsch Firmenkurse Online<\/h2>\n<p>Auch Deutschkurse f\u00fcr Firmen k\u00f6nnen wir online organisieren. Wenn Sie bei uns einen Firmenkurs buchen, konzipieren wir die Inhalte des Kurses ganz individuell f\u00fcr Ihr Unternehmen. Sie teilen uns mit, wieviele Mitarbeiter Sie schulen lassen m\u00f6chten und welche Unterrichtstage und Uhrzeiten Sie w\u00fcnschen. Wir organisieren den Deutschkurs so, dass er sich perfekt in den Arbeitsablauf Ihrer Firma einf\u00fcgt. Wir erstellen Ihnen gerne ein individuelles Angebot!<\/p>\n<h2>Online Deutschkurse &#8211; Preise und Termine<\/h2>\n<p>Bei uns beginnen immer am Monatsanfang neue Sprachkurse. In vielen F\u00e4llen k\u00f6nnen Sie aber auch in einen laufenden Kurs einsteigen.<\/p>\n<p>Kontaktieren Sie uns unter <a href=\"mailto:barcelona@sprachschule-aktiv.de\">barcelona@sprachschule-aktiv.de<\/a> oder +49 151 16474670 &#8211; wir beraten Sie gerne.<\/p>\n<p><strong>\u00a0\u00a0 Deutsch Intensivkurs online:<\/strong> 5 Tage pro Woche mit 20 Unterrichtseinheiten \u00e0 45 Minuten.<\/p>\n<ul>\n<li><strong>Kursdauer<\/strong>: 4 Wochen<\/li>\n<li><strong>Termine: <\/strong>Montag bis Freitag 9 bis 12.00 Uhr<\/li>\n<li><strong>Beginn:<\/strong> Unsere Intensivkurse beginnen immer am Monatsanfang. Wenn Sie weniger als einen Monat Zeit haben, k\u00f6nnen Sie aber auch in einen laufenden Kurs einsteigen.<\/li>\n<li><strong>Preis:<\/strong> 449\u20ac<\/li>\n<\/ul>\n<a href=\"https:\/\/www.academia-barcelona.com\/de\/anmeldung\/\"><img decoding=\"async\" class=\"alignnone size-medium wp-image-12626\" src=\"https:\/\/www.academia-barcelona.com\/wp-content\/uploads\/2020\/10\/anmeldung-sprachkurs-barcelona-300x76.png\" alt=\"Anmeldung Sprachkurs Barcelona\" width=\"300\" height=\"76\" srcset=\"https:\/\/www.academia-barcelona.com\/wp-content\/uploads\/2020\/10\/anmeldung-sprachkurs-barcelona-300x76.png 300w, https:\/\/www.academia-barcelona.com\/wp-content\/uploads\/2020\/10\/anmeldung-sprachkurs-barcelona.png 306w\" sizes=\"(max-width: 300px) 100vw, 300px\" \/><\/a>\n<p><strong>\u00a0\u00a0 Deutsch Abendkurs &#8220;Classic&#8221; online: <\/strong>2 Abende pro Woche, 4 Unterrichtseinheiten \u00e0 45 Minuten pro Woche<\/p>\n<ul>\n<li><strong>Kursdauer: <\/strong>6 Wochen<\/li>\n<li><strong>Termine: <\/strong>Montag und Mittwoch \/ Dienstag und Donnerstag 18.30 bis 20.00 Uhr<\/li>\n<li><strong>Beginn:<\/strong> Bei uns beginnen regelm\u00e4\u00dfig neue Abendkurse. In vielen F\u00e4llen k\u00f6nnen Sie aber auch in einen laufenden Kurs einsteigen.<\/li>\n<li><strong>Preis:<\/strong> 259\u20ac<\/li>\n<\/ul>\n<a href=\"https:\/\/www.academia-barcelona.com\/de\/anmeldung\/\"><img decoding=\"async\" class=\"alignnone size-medium wp-image-12626\" src=\"https:\/\/www.academia-barcelona.com\/wp-content\/uploads\/2020\/10\/anmeldung-sprachkurs-barcelona-300x76.png\" alt=\"Anmeldung Sprachkurs Barcelona\" width=\"300\" height=\"76\" srcset=\"https:\/\/www.academia-barcelona.com\/wp-content\/uploads\/2020\/10\/anmeldung-sprachkurs-barcelona-300x76.png 300w, https:\/\/www.academia-barcelona.com\/wp-content\/uploads\/2020\/10\/anmeldung-sprachkurs-barcelona.png 306w\" sizes=\"(max-width: 300px) 100vw, 300px\" \/><\/a>\n","protected":false},"excerpt":{"rendered":"<p>Online Deutschkurse f\u00fcr Anf\u00e4nger &amp; Fortgeschrittene (A1-C2) Wir von der Academia de Idiomas Barcelona bieten Online Deutschunterricht f\u00fcr alle Sprachniveaus an (A1, A2, B1, B2, C1, C2). W\u00e4hlen Sie zwischen Gruppenkursen und Privatunterricht und nutzen Sie die M\u00f6glichkeit einer kostenlosen Probestunde! Auch Firmenkurse k\u00f6nnen wir online abhalten \u2013 ma\u00dfgeschneidert f\u00fcr Ihr Unternehmen. &nbsp; Die Vorteile&hellip; <a class=\"read-more\" href=\"https:\/\/www.academia-barcelona.com\/de\/online-deutschkurse\/\" title=\"Read Online Deutschkurse\">Read more &raquo;<\/a><\/p>\n","protected":false},"author":5,"featured_media":0,"parent":0,"menu_order":0,"comment_status":"closed","ping_status":"closed","template":"","meta":{"footnotes":""},"class_list":["post-12641","page","type-page","status-publish","hentry"],"yoast_head":"<!-- This site is optimized with the Yoast SEO plugin v27.1.1 - https:\/\/yoast.com\/product\/yoast-seo-wordpress\/ -->\n<title>Online Deutschkurse - Anf\u00e4nger &amp; Fortgeschrittene (A1 - C2)<\/title>\n<meta name=\"description\" content=\"Wir von der Sprachschule Barcelona bieten Online Deutschunterricht f\u00fcr alle Sprachniveaus an (A1, A2, B1, B2, C1, C2). Gratis Probestunde!\" \/>\n<meta name=\"robots\" content=\"index, follow, max-snippet:-1, max-image-preview:large, max-video-preview:-1\" \/>\n<link rel=\"canonical\" href=\"https:\/\/www.academia-barcelona.com\/de\/online-deutschkurse\/\" \/>\n<meta property=\"og:locale\" content=\"de_DE\" \/>\n<meta property=\"og:type\" content=\"article\" \/>\n<meta property=\"og:title\" content=\"Online Deutschkurse - Anf\u00e4nger &amp; Fortgeschrittene (A1 - C2)\" \/>\n<meta property=\"og:description\" content=\"Wir von der Sprachschule Barcelona bieten Online Deutschunterricht f\u00fcr alle Sprachniveaus an (A1, A2, B1, B2, C1, C2). Gratis Probestunde!\" \/>\n<meta property=\"og:url\" content=\"https:\/\/www.academia-barcelona.com\/de\/online-deutschkurse\/\" \/>\n<meta property=\"article:modified_time\" content=\"2021-07-06T13:34:29+00:00\" \/>\n<meta property=\"og:image\" content=\"https:\/\/www.academia-barcelona.com\/wp-content\/uploads\/2020\/10\/anfrage-sprachkurs-barcelona.png\" \/>\n<meta name=\"twitter:card\" content=\"summary_large_image\" \/>\n<meta name=\"twitter:label1\" content=\"Gesch\u00e4tzte Lesezeit\" \/>\n\t<meta name=\"twitter:data1\" content=\"4\u00a0Minuten\" \/>\n<script type=\"application\/ld+json\" class=\"yoast-schema-graph\">{\"@context\":\"https:\/\/schema.org\",\"@graph\":[{\"@type\":\"WebPage\",\"@id\":\"https:\/\/www.academia-barcelona.com\/de\/online-deutschkurse\/\",\"url\":\"https:\/\/www.academia-barcelona.com\/de\/online-deutschkurse\/\",\"name\":\"Online Deutschkurse - Anf\u00e4nger & Fortgeschrittene (A1 - C2)\",\"isPartOf\":{\"@id\":\"https:\/\/www.academia-barcelona.com\/#website\"},\"primaryImageOfPage\":{\"@id\":\"https:\/\/www.academia-barcelona.com\/de\/online-deutschkurse\/#primaryimage\"},\"image\":{\"@id\":\"https:\/\/www.academia-barcelona.com\/de\/online-deutschkurse\/#primaryimage\"},\"thumbnailUrl\":\"https:\/\/www.academia-barcelona.com\/wp-content\/uploads\/2020\/10\/anfrage-sprachkurs-barcelona.png\",\"datePublished\":\"2020-10-30T06:19:26+00:00\",\"dateModified\":\"2021-07-06T13:34:29+00:00\",\"description\":\"Wir von der Sprachschule Barcelona bieten Online Deutschunterricht f\u00fcr alle Sprachniveaus an (A1, A2, B1, B2, C1, C2). Gratis Probestunde!\",\"inLanguage\":\"de\",\"potentialAction\":[{\"@type\":\"ReadAction\",\"target\":[\"https:\/\/www.academia-barcelona.com\/de\/online-deutschkurse\/\"]}]},{\"@type\":\"ImageObject\",\"inLanguage\":\"de\",\"@id\":\"https:\/\/www.academia-barcelona.com\/de\/online-deutschkurse\/#primaryimage\",\"url\":\"https:\/\/www.academia-barcelona.com\/wp-content\/uploads\/2020\/10\/anfrage-sprachkurs-barcelona.png\",\"contentUrl\":\"https:\/\/www.academia-barcelona.com\/wp-content\/uploads\/2020\/10\/anfrage-sprachkurs-barcelona.png\"},{\"@type\":\"WebSite\",\"@id\":\"https:\/\/www.academia-barcelona.com\/#website\",\"url\":\"https:\/\/www.academia-barcelona.com\/\",\"name\":\"\",\"description\":\"\",\"potentialAction\":[{\"@type\":\"SearchAction\",\"target\":{\"@type\":\"EntryPoint\",\"urlTemplate\":\"https:\/\/www.academia-barcelona.com\/?s={search_term_string}\"},\"query-input\":{\"@type\":\"PropertyValueSpecification\",\"valueRequired\":true,\"valueName\":\"search_term_string\"}}],\"inLanguage\":\"de\"}]}<\/script>\n<!-- \/ Yoast SEO plugin. -->","yoast_head_json":{"title":"Online Deutschkurse - Anf\u00e4nger & Fortgeschrittene (A1 - C2)","description":"Wir von der Sprachschule Barcelona bieten Online Deutschunterricht f\u00fcr alle Sprachniveaus an (A1, A2, B1, B2, C1, C2). Gratis Probestunde!","robots":{"index":"index","follow":"follow","max-snippet":"max-snippet:-1","max-image-preview":"max-image-preview:large","max-video-preview":"max-video-preview:-1"},"canonical":"https:\/\/www.academia-barcelona.com\/de\/online-deutschkurse\/","og_locale":"de_DE","og_type":"article","og_title":"Online Deutschkurse - Anf\u00e4nger & Fortgeschrittene (A1 - C2)","og_description":"Wir von der Sprachschule Barcelona bieten Online Deutschunterricht f\u00fcr alle Sprachniveaus an (A1, A2, B1, B2, C1, C2). Gratis Probestunde!","og_url":"https:\/\/www.academia-barcelona.com\/de\/online-deutschkurse\/","article_modified_time":"2021-07-06T13:34:29+00:00","og_image":[{"url":"https:\/\/www.academia-barcelona.com\/wp-content\/uploads\/2020\/10\/anfrage-sprachkurs-barcelona.png","type":"","width":"","height":""}],"twitter_card":"summary_large_image","twitter_misc":{"Gesch\u00e4tzte Lesezeit":"4\u00a0Minuten"},"schema":{"@context":"https:\/\/schema.org","@graph":[{"@type":"WebPage","@id":"https:\/\/www.academia-barcelona.com\/de\/online-deutschkurse\/","url":"https:\/\/www.academia-barcelona.com\/de\/online-deutschkurse\/","name":"Online Deutschkurse - Anf\u00e4nger & Fortgeschrittene (A1 - C2)","isPartOf":{"@id":"https:\/\/www.academia-barcelona.com\/#website"},"primaryImageOfPage":{"@id":"https:\/\/www.academia-barcelona.com\/de\/online-deutschkurse\/#primaryimage"},"image":{"@id":"https:\/\/www.academia-barcelona.com\/de\/online-deutschkurse\/#primaryimage"},"thumbnailUrl":"https:\/\/www.academia-barcelona.com\/wp-content\/uploads\/2020\/10\/anfrage-sprachkurs-barcelona.png","datePublished":"2020-10-30T06:19:26+00:00","dateModified":"2021-07-06T13:34:29+00:00","description":"Wir von der Sprachschule Barcelona bieten Online Deutschunterricht f\u00fcr alle Sprachniveaus an (A1, A2, B1, B2, C1, C2). Gratis Probestunde!","inLanguage":"de","potentialAction":[{"@type":"ReadAction","target":["https:\/\/www.academia-barcelona.com\/de\/online-deutschkurse\/"]}]},{"@type":"ImageObject","inLanguage":"de","@id":"https:\/\/www.academia-barcelona.com\/de\/online-deutschkurse\/#primaryimage","url":"https:\/\/www.academia-barcelona.com\/wp-content\/uploads\/2020\/10\/anfrage-sprachkurs-barcelona.png","contentUrl":"https:\/\/www.academia-barcelona.com\/wp-content\/uploads\/2020\/10\/anfrage-sprachkurs-barcelona.png"},{"@type":"WebSite","@id":"https:\/\/www.academia-barcelona.com\/#website","url":"https:\/\/www.academia-barcelona.com\/","name":"","description":"","potentialAction":[{"@type":"SearchAction","target":{"@type":"EntryPoint","urlTemplate":"https:\/\/www.academia-barcelona.com\/?s={search_term_string}"},"query-input":{"@type":"PropertyValueSpecification","valueRequired":true,"valueName":"search_term_string"}}],"inLanguage":"de"}]}},"_links":{"self":[{"href":"https:\/\/www.academia-barcelona.com\/de\/wp-json\/wp\/v2\/pages\/12641","targetHints":{"allow":["GET"]}}],"collection":[{"href":"https:\/\/www.academia-barcelona.com\/de\/wp-json\/wp\/v2\/pages"}],"about":[{"href":"https:\/\/www.academia-barcelona.com\/de\/wp-json\/wp\/v2\/types\/page"}],"author":[{"embeddable":true,"href":"https:\/\/www.academia-barcelona.com\/de\/wp-json\/wp\/v2\/users\/5"}],"replies":[{"embeddable":true,"href":"https:\/\/www.academia-barcelona.com\/de\/wp-json\/wp\/v2\/comments?post=12641"}],"version-history":[{"count":21,"href":"https:\/\/www.academia-barcelona.com\/de\/wp-json\/wp\/v2\/pages\/12641\/revisions"}],"predecessor-version":[{"id":13555,"href":"https:\/\/www.academia-barcelona.com\/de\/wp-json\/wp\/v2\/pages\/12641\/revisions\/13555"}],"wp:attachment":[{"href":"https:\/\/www.academia-barcelona.com\/de\/wp-json\/wp\/v2\/media?parent=12641"}],"curies":[{"name":"wp","href":"https:\/\/api.w.org\/{rel}","templated":true}]}}