{"id":12433,"date":"2020-10-30T06:03:14","date_gmt":"2020-10-30T06:03:14","guid":{"rendered":"https:\/\/www.academia-barcelona.com\/?page_id=12433"},"modified":"2021-11-03T08:54:36","modified_gmt":"2021-11-03T08:54:36","slug":"sprachen-online-lernen","status":"publish","type":"page","link":"https:\/\/www.academia-barcelona.com\/de\/sprachen-online-lernen\/","title":{"rendered":"Sprachen online lernen"},"content":{"rendered":"<h1>Sprachen online lernen mit der Sprachschule Barcelona<\/h1>\n<p>M\u00f6chten Sie schnell und effektiv Deutsch lernen oder Ihre Englischkenntnisse verbessern? Vielleicht haben Sie sich schon ein Grammatikbuch gekauft oder ein Online-Lernprogramm ausprobiert? Das ist gut. Aber ein kompetenter muttersprachlicher Lehrer ist besser! Wir bieten Onlinekurse f\u00fcr Deutsch, Englisch, Spanisch, Italienisch, Russisch, Japanisch, Koreanisch oder Chinesisch an. Von zu Hause aus k\u00f6nnen Sie ganz bequem zum Beispiel an einem lebendigen Gruppenkurs Deutsch f\u00fcr Anf\u00e4nger teilnehmen oder Ihr Business English in unseren ma\u00dfgeschneiderten Kursen verbessern.<\/p>\n<a href=\"https:\/\/www.academia-barcelona.com\/wp-content\/uploads\/2020\/10\/sprachen-online-lernen.jpg\"><img decoding=\"async\" class=\"alignnone wp-image-12602 size-full\" src=\"https:\/\/www.academia-barcelona.com\/wp-content\/uploads\/2020\/10\/sprachen-online-lernen.jpg\" alt=\"Sprachen online lernen mit der Sprachschule Barcelona\" width=\"723\" height=\"479\" srcset=\"https:\/\/www.academia-barcelona.com\/wp-content\/uploads\/2020\/10\/sprachen-online-lernen.jpg 723w, https:\/\/www.academia-barcelona.com\/wp-content\/uploads\/2020\/10\/sprachen-online-lernen-300x199.jpg 300w\" sizes=\"(max-width: 723px) 100vw, 723px\" \/><\/a>\n<h2>Deutsch Onlinekurse f\u00fcr Anf\u00e4nger und Fortgeschrittene<\/h2>\n<p>In unseren beliebten Deutsch Einzelstunden lernen Sie mit maximaler Effizienz Deutsch \u2013 in Unterrichtsstunden, die genau auf Ihre Bed\u00fcrfnisse zugeschnitten sind.<\/p>\n<p>Daneben bieten wir soweit als m\u00f6glich auch alle unsere anderen Kursformate online an. Bei uns k\u00f6nnen Sie Deutschkurse f\u00fcr Anf\u00e4nger oder f\u00fcr Fortgeschrittene online besuchen. Wenn Sie schnell Deutsch lernen m\u00f6chten, ist ein Deutsch Intensivkurs das Richtige f\u00fcr Sie. Wer ein kleineres Budget oder weniger Zeit hat, kann einen Deutsch Abendkurs w\u00e4hlen. Klicken Sie sich durch unsere Kursformate oder schreiben Sie uns eine <a href=\"mailto:barcelona@sprachschule-aktiv.de\">E-Mail<\/a>! Wir beraten Sie gern.<\/p>\n<a href=\"https:\/\/www.academia-barcelona.com\/de\/kontakt\/\"><img decoding=\"async\" class=\"alignnone size-full wp-image-12614\" src=\"https:\/\/www.academia-barcelona.com\/wp-content\/uploads\/2020\/10\/anfrage-sprachkurs-barcelona.png\" alt=\"Anfrage Sprachkurs Barcelona\" width=\"291\" height=\"70\" \/><\/a>\n<h2>Englisch Onlinekurse f\u00fcr Anf\u00e4nger und Fortgeschrittene \u2013 Niveau A1, A2, B1, B2, C1, C2<\/h2>\n<p>Die meisten von uns haben eine pers\u00f6nlich To-do-Liste, auf der unter anderem steht \u201emein Englisch verbessern\u201c. Jetzt, wo wir aufgrund der Corona-Ma\u00dfnahmen mehr Zeit zu Hause verbringen, ist der perfekte Zeitpunkt, um diesen guten Vorsatz in die Tat umzusetzen! Wir unterst\u00fctzen Sie dabei mit unseren online Englischkursen.<\/p>\n<p>Vielleicht m\u00f6chten sie Ihre Englisch Grundkenntnisse auffrischen, um mit Menschen aus aller Welt zu kommunizieren? Oder Sie m\u00f6chten endlich den Sprung von Ihrem passablen Schul-Englisch zum perfektem Oxford-English schaffen? M\u00f6chten Sie mit souver\u00e4nem Business-English punkten? Dann schreiben Sie uns! Wir haben den perfekten Gruppenkurs f\u00fcr Sie oder vermitteln Ihnen Englisch Einzelunterricht mit unseren hochqualifizierten muttersprachlichen Englischlehrern!<br \/>\n<iframe src=\"https:\/\/www.youtube.com\/embed\/54-5aCU96MM\" width=\"560\" height=\"315\" frameborder=\"0\" allowfullscreen=\"allowfullscreen\"><\/iframe><\/p>\n<h2>Andere Fremdsprachen online lernen<\/h2>\n<p>Haben Sie sich vorgenommen, Franz\u00f6sisch oder Italienisch zu lernen? Oder m\u00f6chten Sie vielleicht eine exotischere Sprache wie Rum\u00e4nisch, Persisch, Nepalesisch oder Japanisch online lernen? Dank unseres gro\u00dfen Netzwerkes ist es uns m\u00f6glich, f\u00fcr fast jede Sprache einen passenden, kompetenten Sprachlehrer zu finden. Schreiben Sie uns, welche Sprache Sie lernen m\u00f6chten, dann planen wir gemeinsam Ihren Online-Unterricht!<\/p>\n<h2>Onlinekurse in allen Sprachen &#8211; Preise und Anmeldung<\/h2>\n<p>Die Online-Gruppenkurse sind offene, fortlaufende Kurse und haben 2-8 Teilnehmer. F\u00fcr alle Kurse wird eine kostenlose Probestunde angeboten.<\/p>\n<h3>Intensivkurs online<\/h3>\n<ul>\n<li><strong>Stundenplan:<\/strong> Montag &#8211; Freitag | 9:00 &#8211; 12:00 Uhr<\/li>\n<li><strong>Starttermine:<\/strong> am ersten Montag des Monats (alle Niveaus)<\/li>\n<li>4 Unterrichtseinheiten pro Tag | 20 Unterrichtseinheiten pro Woche | 80 Unterrichtseinheiten gesamt<\/li>\n<li><strong>Dauer:<\/strong> 4 Wochen<\/li>\n<li><strong>Kosten:<\/strong> 449\u20ac<\/li>\n<\/ul>\n<a href=\"https:\/\/www.academia-barcelona.com\/de\/anmeldung\/\"><img decoding=\"async\" class=\"alignnone size-medium wp-image-12626\" src=\"https:\/\/www.academia-barcelona.com\/wp-content\/uploads\/2020\/10\/anmeldung-sprachkurs-barcelona-300x76.png\" alt=\"Anmeldung Sprachkurs Barcelona\" width=\"300\" height=\"76\" srcset=\"https:\/\/www.academia-barcelona.com\/wp-content\/uploads\/2020\/10\/anmeldung-sprachkurs-barcelona-300x76.png 300w, https:\/\/www.academia-barcelona.com\/wp-content\/uploads\/2020\/10\/anmeldung-sprachkurs-barcelona.png 306w\" sizes=\"(max-width: 300px) 100vw, 300px\" \/><\/a>\n<h3>Abendkurs online<\/h3>\n<ul>\n<li><strong>Stundenplan:<\/strong> 1-2 mal pro Woche | je 90 Minuten | ab 18:00 Uhr<\/li>\n<li><strong>Wochentage:<\/strong> je nach Sprache und Niveau | Montag &#8211; Freitag<\/li>\n<li><strong>Starttermine:<\/strong> monatlich neue Kurse in allen Niveaus zum Monatsanfang<\/li>\n<li>2 Unterrichtseinheiten pro Termin | 24 Unterrichtseinheiten gesamt<\/li>\n<li><strong>Dauer: <\/strong>6 &#8211; 12 Wochen<\/li>\n<li><strong>Kosten:<\/strong> 259\u20ac<\/li>\n<\/ul>\n<a href=\"https:\/\/www.academia-barcelona.com\/de\/anmeldung\/\"><img decoding=\"async\" class=\"alignnone size-medium wp-image-12626\" src=\"https:\/\/www.academia-barcelona.com\/wp-content\/uploads\/2020\/10\/anmeldung-sprachkurs-barcelona-300x76.png\" alt=\"Anmeldung Sprachkurs Barcelona\" width=\"300\" height=\"76\" srcset=\"https:\/\/www.academia-barcelona.com\/wp-content\/uploads\/2020\/10\/anmeldung-sprachkurs-barcelona-300x76.png 300w, https:\/\/www.academia-barcelona.com\/wp-content\/uploads\/2020\/10\/anmeldung-sprachkurs-barcelona.png 306w\" sizes=\"(max-width: 300px) 100vw, 300px\" \/><\/a>\n<h3>Einzelunterricht online<\/h3>\n<ul>\n<li><strong>Termine:<\/strong> flexibel, nach Ihren W\u00fcnschen<\/li>\n<li><strong>Preise: Je mehr Unterrichtseinheiten Sie buchen, desto g\u00fcnstiger der Preis!<\/strong><\/li>\n<li>Ab 10 Unterrichtseinheiten: 40 Euro pro UE<\/li>\n<li>Ab 20 Unterrichtseinheiten: 38 Euro pro UE<\/li>\n<li>Ab 30 Unterrichtseinheiten: 36 Euro pro UE<\/li>\n<li style=\"list-style-type: none;\">\n<ul>\n<li style=\"list-style-type: none;\"><\/li>\n<\/ul>\n<\/li>\n<\/ul>\n<a href=\"https:\/\/www.academia-barcelona.com\/de\/anmeldung\/\"><img decoding=\"async\" class=\"alignnone size-medium wp-image-12626\" src=\"https:\/\/www.academia-barcelona.com\/wp-content\/uploads\/2020\/10\/anmeldung-sprachkurs-barcelona-300x76.png\" alt=\"Anmeldung Sprachkurs Barcelona\" width=\"300\" height=\"76\" srcset=\"https:\/\/www.academia-barcelona.com\/wp-content\/uploads\/2020\/10\/anmeldung-sprachkurs-barcelona-300x76.png 300w, https:\/\/www.academia-barcelona.com\/wp-content\/uploads\/2020\/10\/anmeldung-sprachkurs-barcelona.png 306w\" sizes=\"(max-width: 300px) 100vw, 300px\" \/><\/a>\n<p>&nbsp;<\/p>\n","protected":false},"excerpt":{"rendered":"<p>Sprachen online lernen mit der Sprachschule Barcelona M\u00f6chten Sie schnell und effektiv Deutsch lernen oder Ihre Englischkenntnisse verbessern? Vielleicht haben Sie sich schon ein Grammatikbuch gekauft oder ein Online-Lernprogramm ausprobiert? Das ist gut. Aber ein kompetenter muttersprachlicher Lehrer ist besser! Wir bieten Onlinekurse f\u00fcr Deutsch, Englisch, Spanisch, Italienisch, Russisch, Japanisch, Koreanisch oder Chinesisch an. Von&hellip; <a class=\"read-more\" href=\"https:\/\/www.academia-barcelona.com\/de\/sprachen-online-lernen\/\" title=\"Read Sprachen online lernen\">Read more &raquo;<\/a><\/p>\n","protected":false},"author":5,"featured_media":0,"parent":0,"menu_order":0,"comment_status":"closed","ping_status":"closed","template":"","meta":{"footnotes":""},"class_list":["post-12433","page","type-page","status-publish","hentry"],"yoast_head":"<!-- This site is optimized with the Yoast SEO plugin v27.1.1 - https:\/\/yoast.com\/product\/yoast-seo-wordpress\/ -->\n<title>Sprachen online lernen mit der Sprachschule Barcelona<\/title>\n<meta name=\"description\" content=\"Onlinekurse mit der Sprachschule Barcelona f\u00fcr Deutsch, Englisch, Spanisch, Italienisch, Japanisch, Chineisch, Koreanisch...\" \/>\n<meta name=\"robots\" content=\"index, follow, max-snippet:-1, max-image-preview:large, max-video-preview:-1\" \/>\n<link rel=\"canonical\" href=\"https:\/\/www.academia-barcelona.com\/de\/sprachen-online-lernen\/\" \/>\n<meta property=\"og:locale\" content=\"de_DE\" \/>\n<meta property=\"og:type\" content=\"article\" \/>\n<meta property=\"og:title\" content=\"Sprachen online lernen mit der Sprachschule Barcelona\" \/>\n<meta property=\"og:description\" content=\"Onlinekurse mit der Sprachschule Barcelona f\u00fcr Deutsch, Englisch, Spanisch, Italienisch, Japanisch, Chineisch, Koreanisch...\" \/>\n<meta property=\"og:url\" content=\"https:\/\/www.academia-barcelona.com\/de\/sprachen-online-lernen\/\" \/>\n<meta property=\"article:modified_time\" content=\"2021-11-03T08:54:36+00:00\" \/>\n<meta property=\"og:image\" content=\"https:\/\/www.academia-barcelona.com\/wp-content\/uploads\/2020\/10\/sprachen-online-lernen.jpg\" \/>\n<meta name=\"twitter:card\" content=\"summary_large_image\" \/>\n<meta name=\"twitter:label1\" content=\"Gesch\u00e4tzte Lesezeit\" \/>\n\t<meta name=\"twitter:data1\" content=\"4\u00a0Minuten\" \/>\n<script type=\"application\/ld+json\" class=\"yoast-schema-graph\">{\"@context\":\"https:\/\/schema.org\",\"@graph\":[{\"@type\":\"WebPage\",\"@id\":\"https:\/\/www.academia-barcelona.com\/de\/sprachen-online-lernen\/\",\"url\":\"https:\/\/www.academia-barcelona.com\/de\/sprachen-online-lernen\/\",\"name\":\"Sprachen online lernen mit der Sprachschule Barcelona\",\"isPartOf\":{\"@id\":\"https:\/\/www.academia-barcelona.com\/#website\"},\"primaryImageOfPage\":{\"@id\":\"https:\/\/www.academia-barcelona.com\/de\/sprachen-online-lernen\/#primaryimage\"},\"image\":{\"@id\":\"https:\/\/www.academia-barcelona.com\/de\/sprachen-online-lernen\/#primaryimage\"},\"thumbnailUrl\":\"https:\/\/www.academia-barcelona.com\/wp-content\/uploads\/2020\/10\/sprachen-online-lernen.jpg\",\"datePublished\":\"2020-10-30T06:03:14+00:00\",\"dateModified\":\"2021-11-03T08:54:36+00:00\",\"description\":\"Onlinekurse mit der Sprachschule Barcelona f\u00fcr Deutsch, Englisch, Spanisch, Italienisch, Japanisch, Chineisch, Koreanisch...\",\"inLanguage\":\"de\",\"potentialAction\":[{\"@type\":\"ReadAction\",\"target\":[\"https:\/\/www.academia-barcelona.com\/de\/sprachen-online-lernen\/\"]}]},{\"@type\":\"ImageObject\",\"inLanguage\":\"de\",\"@id\":\"https:\/\/www.academia-barcelona.com\/de\/sprachen-online-lernen\/#primaryimage\",\"url\":\"https:\/\/www.academia-barcelona.com\/wp-content\/uploads\/2020\/10\/sprachen-online-lernen.jpg\",\"contentUrl\":\"https:\/\/www.academia-barcelona.com\/wp-content\/uploads\/2020\/10\/sprachen-online-lernen.jpg\"},{\"@type\":\"WebSite\",\"@id\":\"https:\/\/www.academia-barcelona.com\/#website\",\"url\":\"https:\/\/www.academia-barcelona.com\/\",\"name\":\"\",\"description\":\"\",\"potentialAction\":[{\"@type\":\"SearchAction\",\"target\":{\"@type\":\"EntryPoint\",\"urlTemplate\":\"https:\/\/www.academia-barcelona.com\/?s={search_term_string}\"},\"query-input\":{\"@type\":\"PropertyValueSpecification\",\"valueRequired\":true,\"valueName\":\"search_term_string\"}}],\"inLanguage\":\"de\"}]}<\/script>\n<!-- \/ Yoast SEO plugin. -->","yoast_head_json":{"title":"Sprachen online lernen mit der Sprachschule Barcelona","description":"Onlinekurse mit der Sprachschule Barcelona f\u00fcr Deutsch, Englisch, Spanisch, Italienisch, Japanisch, Chineisch, Koreanisch...","robots":{"index":"index","follow":"follow","max-snippet":"max-snippet:-1","max-image-preview":"max-image-preview:large","max-video-preview":"max-video-preview:-1"},"canonical":"https:\/\/www.academia-barcelona.com\/de\/sprachen-online-lernen\/","og_locale":"de_DE","og_type":"article","og_title":"Sprachen online lernen mit der Sprachschule Barcelona","og_description":"Onlinekurse mit der Sprachschule Barcelona f\u00fcr Deutsch, Englisch, Spanisch, Italienisch, Japanisch, Chineisch, Koreanisch...","og_url":"https:\/\/www.academia-barcelona.com\/de\/sprachen-online-lernen\/","article_modified_time":"2021-11-03T08:54:36+00:00","og_image":[{"url":"https:\/\/www.academia-barcelona.com\/wp-content\/uploads\/2020\/10\/sprachen-online-lernen.jpg","type":"","width":"","height":""}],"twitter_card":"summary_large_image","twitter_misc":{"Gesch\u00e4tzte Lesezeit":"4\u00a0Minuten"},"schema":{"@context":"https:\/\/schema.org","@graph":[{"@type":"WebPage","@id":"https:\/\/www.academia-barcelona.com\/de\/sprachen-online-lernen\/","url":"https:\/\/www.academia-barcelona.com\/de\/sprachen-online-lernen\/","name":"Sprachen online lernen mit der Sprachschule Barcelona","isPartOf":{"@id":"https:\/\/www.academia-barcelona.com\/#website"},"primaryImageOfPage":{"@id":"https:\/\/www.academia-barcelona.com\/de\/sprachen-online-lernen\/#primaryimage"},"image":{"@id":"https:\/\/www.academia-barcelona.com\/de\/sprachen-online-lernen\/#primaryimage"},"thumbnailUrl":"https:\/\/www.academia-barcelona.com\/wp-content\/uploads\/2020\/10\/sprachen-online-lernen.jpg","datePublished":"2020-10-30T06:03:14+00:00","dateModified":"2021-11-03T08:54:36+00:00","description":"Onlinekurse mit der Sprachschule Barcelona f\u00fcr Deutsch, Englisch, Spanisch, Italienisch, Japanisch, Chineisch, Koreanisch...","inLanguage":"de","potentialAction":[{"@type":"ReadAction","target":["https:\/\/www.academia-barcelona.com\/de\/sprachen-online-lernen\/"]}]},{"@type":"ImageObject","inLanguage":"de","@id":"https:\/\/www.academia-barcelona.com\/de\/sprachen-online-lernen\/#primaryimage","url":"https:\/\/www.academia-barcelona.com\/wp-content\/uploads\/2020\/10\/sprachen-online-lernen.jpg","contentUrl":"https:\/\/www.academia-barcelona.com\/wp-content\/uploads\/2020\/10\/sprachen-online-lernen.jpg"},{"@type":"WebSite","@id":"https:\/\/www.academia-barcelona.com\/#website","url":"https:\/\/www.academia-barcelona.com\/","name":"","description":"","potentialAction":[{"@type":"SearchAction","target":{"@type":"EntryPoint","urlTemplate":"https:\/\/www.academia-barcelona.com\/?s={search_term_string}"},"query-input":{"@type":"PropertyValueSpecification","valueRequired":true,"valueName":"search_term_string"}}],"inLanguage":"de"}]}},"_links":{"self":[{"href":"https:\/\/www.academia-barcelona.com\/de\/wp-json\/wp\/v2\/pages\/12433","targetHints":{"allow":["GET"]}}],"collection":[{"href":"https:\/\/www.academia-barcelona.com\/de\/wp-json\/wp\/v2\/pages"}],"about":[{"href":"https:\/\/www.academia-barcelona.com\/de\/wp-json\/wp\/v2\/types\/page"}],"author":[{"embeddable":true,"href":"https:\/\/www.academia-barcelona.com\/de\/wp-json\/wp\/v2\/users\/5"}],"replies":[{"embeddable":true,"href":"https:\/\/www.academia-barcelona.com\/de\/wp-json\/wp\/v2\/comments?post=12433"}],"version-history":[{"count":7,"href":"https:\/\/www.academia-barcelona.com\/de\/wp-json\/wp\/v2\/pages\/12433\/revisions"}],"predecessor-version":[{"id":13694,"href":"https:\/\/www.academia-barcelona.com\/de\/wp-json\/wp\/v2\/pages\/12433\/revisions\/13694"}],"wp:attachment":[{"href":"https:\/\/www.academia-barcelona.com\/de\/wp-json\/wp\/v2\/media?parent=12433"}],"curies":[{"name":"wp","href":"https:\/\/api.w.org\/{rel}","templated":true}]}}