{"id":11783,"date":"2019-09-04T15:13:10","date_gmt":"2019-09-04T15:13:10","guid":{"rendered":"https:\/\/www.academia-barcelona.com\/?page_id=11783"},"modified":"2021-11-08T07:22:20","modified_gmt":"2021-11-08T07:22:20","slug":"partnerlinks","status":"publish","type":"page","link":"https:\/\/www.academia-barcelona.com\/de\/partnerlinks\/","title":{"rendered":"Partnerlinks"},"content":{"rendered":"<h1>Interessante Links f\u00fcr Sprachen lernen und Sprachschulen<\/h1>\n<p>hier eine Liste f\u00fcr unsere Kursteilnehmer von Partner-Sprachschulen in Deutschland, in \u00d6sterreich, in der Schweiz und in Spanien:<\/p>\n<ul>\n<li style=\"list-style-type: none;\">\n<ul>\n<li><a href=\"https:\/\/www.sprachschule-aktiv-passau.de\/es\/\" target=\"_blank\" rel=\"noopener noreferrer\">Sprachschule Aktiv Passau<\/a>: Cursos de alem\u00e1n en Passau para principiantes y avanzados.<\/li>\n<li><a href=\"https:\/\/www.sprachschule-aktiv-muenchen.de\/es\/\">Sprachschule Aktiv M\u00fcnchen:<\/a> Cursos de al\u00e9man en Munich.<\/li>\n<li><a href=\"https:\/\/www.sprachschule-aktiv-wien.at\/\" target=\"_blank\" rel=\"noopener noreferrer\">Sprachschule Aktiv Wien<\/a>: Deutsch, Englisch, Spanisch, Italienisch, Franz\u00f6sisch, Russisch, Slowakisch, Polnisch, Chinesisch und Japanisch lernen in Wien.<\/li>\n<li><a href=\"https:\/\/www.sprachschule-aktiv-hamburg.de\/deutsch-lernen\/\" target=\"_blank\" rel=\"noopener noreferrer\">Deutsch lernen in Hamburg<\/a> in der Sprachschule Aktiv &#8211; Deutschkurse f\u00fcr Anf\u00e4nger und Fortgeschrittene.<\/li>\n<li><a href=\"https:\/\/www.sprachschule-aktiv.de\/wo-kann-ich-deutsch-lernen-in-deutschland\/\" target=\"_blank\" rel=\"noopener noreferrer\">Deutsch lernen in Deutschland<\/a> &#8211; Deutsch Sprachschulen in Deutschland finden &#8211; Deutschkurse Intensiv ab 289 \u20ac pro Monat!<\/li>\n<li><a href=\"https:\/\/www.sprachschule-aktiv-duesseldorf.de\/\" target=\"_blank\" rel=\"noopener noreferrer\">Sprachschule Aktiv D\u00fcsseldorf<\/a>: Deutsch und Fremdsprachen lernen mit Muttersprachlern.<\/li>\n<li><a href=\"https:\/\/www.sprachschule-aktiv-bremen.de\/deutsch-lernen\/\" target=\"_blank\" rel=\"noopener noreferrer\">Deutsch lernen in Bremen<\/a> &#8211; Sprachschule f\u00fcr Deutschkurse A1 bis C2.<\/li>\n<li><a href=\"https:\/\/www.sprachschule-aktiv.ch\/deutsch-lernen-zuerich\/\" target=\"_blank\" rel=\"noopener noreferrer\">Deutsch lernen in Z\u00fcrich<\/a> &#8211; Deutschkurse f\u00fcr Anf\u00e4nger und Fortgeschrittene.<\/li>\n<li><a href=\"https:\/\/www.sprachschule-aktiv-koeln.de\/\" target=\"_blank\" rel=\"noopener noreferrer\">Sprachschule Aktiv K\u00f6ln<\/a> &#8211; Mehr als 51 Sprachen lernen mit erfahrenen Muttersprachlern!<\/li>\n<li><a href=\"https:\/\/www.firmen-sprachkurse.de\/\" target=\"_blank\" rel=\"noopener noreferrer\">Firmen-Sprachkurse:<\/a> Firmenkurse f\u00fcr Deutsch und Fremdsprachen.<\/li>\n<li><a href=\"https:\/\/www.sprachschule-aktiv-passau.de\/onlinekurse-fuer-deutsch-und-fremdsprachen\/\" target=\"_blank\" rel=\"noopener noreferrer\">Online Deutschkurse<\/a> f\u00fcr Anf\u00e4nger und Fortgeschrittene f\u00fcr alle Sprachniveaus.<\/li>\n<\/ul>\n<\/li>\n<\/ul>\n","protected":false},"excerpt":{"rendered":"<p>Interessante Links f\u00fcr Sprachen lernen und Sprachschulen hier eine Liste f\u00fcr unsere Kursteilnehmer von Partner-Sprachschulen in Deutschland, in \u00d6sterreich, in der Schweiz und in Spanien: Sprachschule Aktiv Passau: Cursos de alem\u00e1n en Passau para principiantes y avanzados. Sprachschule Aktiv M\u00fcnchen: Cursos de al\u00e9man en Munich. Sprachschule Aktiv Wien: Deutsch, Englisch, Spanisch, Italienisch, Franz\u00f6sisch, Russisch, Slowakisch,&hellip; <a class=\"read-more\" href=\"https:\/\/www.academia-barcelona.com\/de\/partnerlinks\/\" title=\"Read Partnerlinks\">Read more &raquo;<\/a><\/p>\n","protected":false},"author":3,"featured_media":0,"parent":0,"menu_order":0,"comment_status":"closed","ping_status":"closed","template":"","meta":{"footnotes":""},"class_list":["post-11783","page","type-page","status-publish","hentry"],"yoast_head":"<!-- This site is optimized with the Yoast SEO plugin v27.1.1 - https:\/\/yoast.com\/product\/yoast-seo-wordpress\/ -->\n<title>Interessante Links f\u00fcr Sprachen lernen und Sprachschulen<\/title>\n<meta name=\"description\" content=\"In dieser Seite finden Sie interessante Links f\u00fcr Sprachen lernen und Partner Sprachschulen in Spanien, Deutschland, \u00d6sterreich und in der Schweiz.\" \/>\n<meta name=\"robots\" content=\"index, follow, max-snippet:-1, max-image-preview:large, max-video-preview:-1\" \/>\n<link rel=\"canonical\" href=\"https:\/\/www.academia-barcelona.com\/de\/partnerlinks\/\" \/>\n<meta property=\"og:locale\" content=\"de_DE\" \/>\n<meta property=\"og:type\" content=\"article\" \/>\n<meta property=\"og:title\" content=\"Interessante Links f\u00fcr Sprachen lernen und Sprachschulen\" \/>\n<meta property=\"og:description\" content=\"In dieser Seite finden Sie interessante Links f\u00fcr Sprachen lernen und Partner Sprachschulen in Spanien, Deutschland, \u00d6sterreich und in der Schweiz.\" \/>\n<meta property=\"og:url\" content=\"https:\/\/www.academia-barcelona.com\/de\/partnerlinks\/\" \/>\n<meta property=\"article:modified_time\" content=\"2021-11-08T07:22:20+00:00\" \/>\n<meta name=\"twitter:card\" content=\"summary_large_image\" \/>\n<meta name=\"twitter:label1\" content=\"Gesch\u00e4tzte Lesezeit\" \/>\n\t<meta name=\"twitter:data1\" content=\"1\u00a0Minute\" \/>\n<script type=\"application\/ld+json\" class=\"yoast-schema-graph\">{\"@context\":\"https:\/\/schema.org\",\"@graph\":[{\"@type\":\"WebPage\",\"@id\":\"https:\/\/www.academia-barcelona.com\/de\/partnerlinks\/\",\"url\":\"https:\/\/www.academia-barcelona.com\/de\/partnerlinks\/\",\"name\":\"Interessante Links f\u00fcr Sprachen lernen und Sprachschulen\",\"isPartOf\":{\"@id\":\"https:\/\/www.academia-barcelona.com\/#website\"},\"datePublished\":\"2019-09-04T15:13:10+00:00\",\"dateModified\":\"2021-11-08T07:22:20+00:00\",\"description\":\"In dieser Seite finden Sie interessante Links f\u00fcr Sprachen lernen und Partner Sprachschulen in Spanien, Deutschland, \u00d6sterreich und in der Schweiz.\",\"inLanguage\":\"de\",\"potentialAction\":[{\"@type\":\"ReadAction\",\"target\":[\"https:\/\/www.academia-barcelona.com\/de\/partnerlinks\/\"]}]},{\"@type\":\"WebSite\",\"@id\":\"https:\/\/www.academia-barcelona.com\/#website\",\"url\":\"https:\/\/www.academia-barcelona.com\/\",\"name\":\"\",\"description\":\"\",\"potentialAction\":[{\"@type\":\"SearchAction\",\"target\":{\"@type\":\"EntryPoint\",\"urlTemplate\":\"https:\/\/www.academia-barcelona.com\/?s={search_term_string}\"},\"query-input\":{\"@type\":\"PropertyValueSpecification\",\"valueRequired\":true,\"valueName\":\"search_term_string\"}}],\"inLanguage\":\"de\"}]}<\/script>\n<!-- \/ Yoast SEO plugin. -->","yoast_head_json":{"title":"Interessante Links f\u00fcr Sprachen lernen und Sprachschulen","description":"In dieser Seite finden Sie interessante Links f\u00fcr Sprachen lernen und Partner Sprachschulen in Spanien, Deutschland, \u00d6sterreich und in der Schweiz.","robots":{"index":"index","follow":"follow","max-snippet":"max-snippet:-1","max-image-preview":"max-image-preview:large","max-video-preview":"max-video-preview:-1"},"canonical":"https:\/\/www.academia-barcelona.com\/de\/partnerlinks\/","og_locale":"de_DE","og_type":"article","og_title":"Interessante Links f\u00fcr Sprachen lernen und Sprachschulen","og_description":"In dieser Seite finden Sie interessante Links f\u00fcr Sprachen lernen und Partner Sprachschulen in Spanien, Deutschland, \u00d6sterreich und in der Schweiz.","og_url":"https:\/\/www.academia-barcelona.com\/de\/partnerlinks\/","article_modified_time":"2021-11-08T07:22:20+00:00","twitter_card":"summary_large_image","twitter_misc":{"Gesch\u00e4tzte Lesezeit":"1\u00a0Minute"},"schema":{"@context":"https:\/\/schema.org","@graph":[{"@type":"WebPage","@id":"https:\/\/www.academia-barcelona.com\/de\/partnerlinks\/","url":"https:\/\/www.academia-barcelona.com\/de\/partnerlinks\/","name":"Interessante Links f\u00fcr Sprachen lernen und Sprachschulen","isPartOf":{"@id":"https:\/\/www.academia-barcelona.com\/#website"},"datePublished":"2019-09-04T15:13:10+00:00","dateModified":"2021-11-08T07:22:20+00:00","description":"In dieser Seite finden Sie interessante Links f\u00fcr Sprachen lernen und Partner Sprachschulen in Spanien, Deutschland, \u00d6sterreich und in der Schweiz.","inLanguage":"de","potentialAction":[{"@type":"ReadAction","target":["https:\/\/www.academia-barcelona.com\/de\/partnerlinks\/"]}]},{"@type":"WebSite","@id":"https:\/\/www.academia-barcelona.com\/#website","url":"https:\/\/www.academia-barcelona.com\/","name":"","description":"","potentialAction":[{"@type":"SearchAction","target":{"@type":"EntryPoint","urlTemplate":"https:\/\/www.academia-barcelona.com\/?s={search_term_string}"},"query-input":{"@type":"PropertyValueSpecification","valueRequired":true,"valueName":"search_term_string"}}],"inLanguage":"de"}]}},"_links":{"self":[{"href":"https:\/\/www.academia-barcelona.com\/de\/wp-json\/wp\/v2\/pages\/11783","targetHints":{"allow":["GET"]}}],"collection":[{"href":"https:\/\/www.academia-barcelona.com\/de\/wp-json\/wp\/v2\/pages"}],"about":[{"href":"https:\/\/www.academia-barcelona.com\/de\/wp-json\/wp\/v2\/types\/page"}],"author":[{"embeddable":true,"href":"https:\/\/www.academia-barcelona.com\/de\/wp-json\/wp\/v2\/users\/3"}],"replies":[{"embeddable":true,"href":"https:\/\/www.academia-barcelona.com\/de\/wp-json\/wp\/v2\/comments?post=11783"}],"version-history":[{"count":7,"href":"https:\/\/www.academia-barcelona.com\/de\/wp-json\/wp\/v2\/pages\/11783\/revisions"}],"predecessor-version":[{"id":12189,"href":"https:\/\/www.academia-barcelona.com\/de\/wp-json\/wp\/v2\/pages\/11783\/revisions\/12189"}],"wp:attachment":[{"href":"https:\/\/www.academia-barcelona.com\/de\/wp-json\/wp\/v2\/media?parent=11783"}],"curies":[{"name":"wp","href":"https:\/\/api.w.org\/{rel}","templated":true}]}}