{"id":10040,"date":"2018-02-27T12:16:36","date_gmt":"2018-02-27T12:16:36","guid":{"rendered":"https:\/\/www.academia-barcelona.com\/?page_id=10040"},"modified":"2021-11-08T07:29:23","modified_gmt":"2021-11-08T07:29:23","slug":"spanischkurs-mit-unterkunft-in-barcelona","status":"publish","type":"page","link":"https:\/\/www.academia-barcelona.com\/de\/spanischkurs-mit-unterkunft-in-barcelona\/","title":{"rendered":"Spanischkurs mit Unterkunft in Barcelona"},"content":{"rendered":"<p>[vc_row][vc_column][vc_column_text]<\/p>\n<h1>Spanischkurs mit Unterkunft in Barcelona &#8211; WG oder Gastfamilien<\/h1>\n<p>Sie machen einen Sprachkurs, einen Erasmus Aufenthalt oder ein Praktikum in Barcelona und ben\u00f6tigen eine passende Unterkunft? Unsere Sprachschule Clase Barcelona Language School bietet die M\u00f6glichkeit alle Arten von Unterkunft f\u00fcr Sie mit zu buchen. Gerne k\u00fcmmern wir uns darum ein Hotel, Hostal, eine Gastfamilie oder ein Zimmer in einer Wohngemeinschaft zu organisieren.<\/p>\n<p>Teilen Sie uns einfach mit, welche Art der Unterbringung in Barcelona Sie bevorzugen und wir senden Ihnen umgehend ein unverbindliches Angebot mit den aktuellen Preisen.<\/p>\n<p>Alle Unterk\u00fcnfte sind maximal 30 Minuten von unserer Schule entfernt und entweder zu Fu\u00df, mit Bus oder Bahn gut erreichbar.<\/p>\n<a href=\"https:\/\/www.academia-barcelona.com\/de\/spanischkurse\/spanisch-intensivkurs\/\"><img decoding=\"async\" class=\"alignnone wp-image-13636 size-full\" src=\"https:\/\/www.academia-barcelona.com\/wp-content\/uploads\/2021\/11\/unsere-spanischkurse-in-barcelona.jpg\" alt=\"Unsere Spanischkurse in Barcelona - Academia Barcelona\" width=\"350\" height=\"418\" srcset=\"https:\/\/www.academia-barcelona.com\/wp-content\/uploads\/2021\/11\/unsere-spanischkurse-in-barcelona.jpg 350w, https:\/\/www.academia-barcelona.com\/wp-content\/uploads\/2021\/11\/unsere-spanischkurse-in-barcelona-251x300.jpg 251w\" sizes=\"(max-width: 350px) 100vw, 350px\" \/><\/a>\n<h2>Gastfamilien in Barcelona finden<\/h2>\n<p>Die Unterbringung in einer spanischen Gastfamilie bietet Ihnen die M\u00f6glichkeit das Leben der Spanier direkt kennen zu lernen. Sie haben die M\u00f6glichkeit mit der Familie zu essen, sich auszutauschen und\u00a0 Tipps zu Barcelona von Ihnen zu holen. Die Beste M\u00f6glichkeit das erlernte Spanisch direkt anzuwenden!<br \/>\nUnsere Gastfamilien sind aufgeschlossen und freuen sich \u00fcber den Kontakt mit Sch\u00fclern.<\/p>\n<ul>\n<li>Einzel- und Doppelzimmer verf\u00fcgbar (optional mit Fr\u00fchst\u00fcck oder HP)<\/li>\n<li>Eigener Schl\u00fcssel<\/li>\n<li>K\u00fcche zur Mitbenutzung<\/li>\n<li>Internet und Nebenkosten immer inklusive<\/li>\n<li><strong>Preise<\/strong> ab 210\u20ac\/Woche oder 650\u20ac\/Monat<\/li>\n<\/ul>\n<a href=\"https:\/\/www.academia-barcelona.com\/de\/kontakt\/\"><img decoding=\"async\" class=\"alignnone size-full wp-image-10292\" src=\"https:\/\/www.academia-barcelona.com\/wp-content\/uploads\/2018\/05\/Anfrage-Spanisch-lernen-Barcelona.png\" alt=\"Spanischkurs mit Unterkunft in Barcelona\" width=\"291\" height=\"70\" \/><\/a>\n<h2>Wohngemeinschaften in Barcelona gesucht? &#8211; Jetzt die perfekte WG finden!<\/h2>\n<p>Sollten Sie bevorzugen mit gleichaltrigen Sch\u00fclern in einer Wohngemeinschaft unterzukommen, bieten wir Ihnen gerne die M\u00f6glichkeit ein Einzel- oder Doppelzimmer in einer WG zu buchen. Alle Wohnungen sind mit Wohnzimmer, Bad und K\u00fcche ausgestattet und verf\u00fcgen \u00fcber Internetanschluss.<\/p>\n<ul>\n<li>Einzel- und Doppelzimmer verf\u00fcgbar<\/li>\n<li>Eigener Schl\u00fcssel<\/li>\n<li>Gemeinschaftliches Wohnzimmer und K\u00fcche<\/li>\n<li>Internet und Nebenkosten immer inklusive<\/li>\n<li><strong>Preise<\/strong> ab 165\u20ac\/Woche oder 550\u20ac\/Monat<\/li>\n<\/ul>\n<a href=\"https:\/\/www.academia-barcelona.com\/de\/kontakt\/\"><img decoding=\"async\" class=\"alignnone size-full wp-image-10292\" src=\"https:\/\/www.academia-barcelona.com\/wp-content\/uploads\/2018\/05\/Anfrage-Spanisch-lernen-Barcelona.png\" alt=\"Spanischkurs mit Unterkunft in Barcelona\" width=\"291\" height=\"70\" \/><\/a>\n<h2>Unterkunft im Hotel oder Hostal<\/h2>\n<p>Gerne suchen wir Ihnen auf Wunsch auch ein Hotel oder Hostal in der N\u00e4he unserer Sprachschule.<br \/>\nSie k\u00f6nnen uns hierf\u00fcr Ihre Vorstellungen und Ihr Budget mitteilen und wir senden Ihnen passende Unterk\u00fcnfte in unserer N\u00e4he.<\/p>\n<h2>Unterkunft f\u00fcr Gruppen oder Schulklassen<\/h2>\n<p>F\u00fcr Gruppen bieten wir speziell die M\u00f6glichkeit ganze Wohnungen anzumieten.<br \/>\nTeilen Sie uns hierf\u00fcr einfach mit, um wie viele Teilnehmer\/Innen es sich handelt und wir senden Ihnen ein unverbindliches Angebot. Zudem besteht die M\u00f6glichkeit Sch\u00fcler und Sch\u00fclerinnen in Gastfamilien oder einem Studentenwohnheim unterzubringen.<\/p>\n<p><img decoding=\"async\" class=\"alignnone wp-image-13648 size-large\" src=\"https:\/\/www.academia-barcelona.com\/wp-content\/uploads\/2021\/11\/spanischkurs-mit-unterkunft-barcelona-1024x576.jpg\" alt=\"Spanischkurs mit Unterkunft in Barcelona\" width=\"1024\" height=\"576\" srcset=\"https:\/\/www.academia-barcelona.com\/wp-content\/uploads\/2021\/11\/spanischkurs-mit-unterkunft-barcelona-1024x576.jpg 1024w, https:\/\/www.academia-barcelona.com\/wp-content\/uploads\/2021\/11\/spanischkurs-mit-unterkunft-barcelona-300x169.jpg 300w, https:\/\/www.academia-barcelona.com\/wp-content\/uploads\/2021\/11\/spanischkurs-mit-unterkunft-barcelona-768x432.jpg 768w, https:\/\/www.academia-barcelona.com\/wp-content\/uploads\/2021\/11\/spanischkurs-mit-unterkunft-barcelona.jpg 1328w\" sizes=\"(max-width: 1024px) 100vw, 1024px\" \/>[\/vc_column_text][\/vc_column][\/vc_row]<\/p>\n","protected":false},"excerpt":{"rendered":"<p>[vc_row][vc_column][vc_column_text] Spanischkurs mit Unterkunft in Barcelona &#8211; WG oder Gastfamilien Sie machen einen Sprachkurs, einen Erasmus Aufenthalt oder ein Praktikum in Barcelona und ben\u00f6tigen eine passende Unterkunft? Unsere Sprachschule Clase Barcelona Language School bietet die M\u00f6glichkeit alle Arten von Unterkunft f\u00fcr Sie mit zu buchen. Gerne k\u00fcmmern wir uns darum ein Hotel, Hostal, eine Gastfamilie&hellip; <a class=\"read-more\" href=\"https:\/\/www.academia-barcelona.com\/de\/spanischkurs-mit-unterkunft-in-barcelona\/\" title=\"Read Spanischkurs mit Unterkunft in Barcelona\">Read more &raquo;<\/a><\/p>\n","protected":false},"author":3,"featured_media":0,"parent":0,"menu_order":0,"comment_status":"closed","ping_status":"closed","template":"","meta":{"footnotes":""},"class_list":["post-10040","page","type-page","status-publish","hentry"],"yoast_head":"<!-- This site is optimized with the Yoast SEO plugin v27.1.1 - https:\/\/yoast.com\/product\/yoast-seo-wordpress\/ -->\n<title>Spanischkurs &amp; Unterkunft in Barcelona - WG &amp; Gastfamilien<\/title>\n<meta name=\"description\" content=\"Unterkunft in Barcelona f\u00fcr Ihren Spanischkurs gesucht? Die Academia Barcelona hilft Ihnen die perfekte Unterkunft zu finden!\" \/>\n<meta name=\"robots\" content=\"index, follow, max-snippet:-1, max-image-preview:large, max-video-preview:-1\" \/>\n<link rel=\"canonical\" href=\"https:\/\/www.academia-barcelona.com\/de\/spanischkurs-mit-unterkunft-in-barcelona\/\" \/>\n<meta property=\"og:locale\" content=\"de_DE\" \/>\n<meta property=\"og:type\" content=\"article\" \/>\n<meta property=\"og:title\" content=\"Spanischkurs &amp; Unterkunft in Barcelona - WG &amp; Gastfamilien\" \/>\n<meta property=\"og:description\" content=\"Unterkunft in Barcelona f\u00fcr Ihren Spanischkurs gesucht? Die Academia Barcelona hilft Ihnen die perfekte Unterkunft zu finden!\" \/>\n<meta property=\"og:url\" content=\"https:\/\/www.academia-barcelona.com\/de\/spanischkurs-mit-unterkunft-in-barcelona\/\" \/>\n<meta property=\"article:modified_time\" content=\"2021-11-08T07:29:23+00:00\" \/>\n<meta property=\"og:image\" content=\"https:\/\/www.academia-barcelona.com\/wp-content\/uploads\/2021\/11\/unsere-spanischkurse-in-barcelona.jpg\" \/>\n<meta name=\"twitter:card\" content=\"summary_large_image\" \/>\n<meta name=\"twitter:label1\" content=\"Gesch\u00e4tzte Lesezeit\" \/>\n\t<meta name=\"twitter:data1\" content=\"3\u00a0Minuten\" \/>\n<script type=\"application\/ld+json\" class=\"yoast-schema-graph\">{\"@context\":\"https:\/\/schema.org\",\"@graph\":[{\"@type\":\"WebPage\",\"@id\":\"https:\/\/www.academia-barcelona.com\/de\/spanischkurs-mit-unterkunft-in-barcelona\/\",\"url\":\"https:\/\/www.academia-barcelona.com\/de\/spanischkurs-mit-unterkunft-in-barcelona\/\",\"name\":\"Spanischkurs & Unterkunft in Barcelona - WG & Gastfamilien\",\"isPartOf\":{\"@id\":\"https:\/\/www.academia-barcelona.com\/#website\"},\"primaryImageOfPage\":{\"@id\":\"https:\/\/www.academia-barcelona.com\/de\/spanischkurs-mit-unterkunft-in-barcelona\/#primaryimage\"},\"image\":{\"@id\":\"https:\/\/www.academia-barcelona.com\/de\/spanischkurs-mit-unterkunft-in-barcelona\/#primaryimage\"},\"thumbnailUrl\":\"https:\/\/www.academia-barcelona.com\/wp-content\/uploads\/2021\/11\/unsere-spanischkurse-in-barcelona.jpg\",\"datePublished\":\"2018-02-27T12:16:36+00:00\",\"dateModified\":\"2021-11-08T07:29:23+00:00\",\"description\":\"Unterkunft in Barcelona f\u00fcr Ihren Spanischkurs gesucht? Die Academia Barcelona hilft Ihnen die perfekte Unterkunft zu finden!\",\"inLanguage\":\"de\",\"potentialAction\":[{\"@type\":\"ReadAction\",\"target\":[\"https:\/\/www.academia-barcelona.com\/de\/spanischkurs-mit-unterkunft-in-barcelona\/\"]}]},{\"@type\":\"ImageObject\",\"inLanguage\":\"de\",\"@id\":\"https:\/\/www.academia-barcelona.com\/de\/spanischkurs-mit-unterkunft-in-barcelona\/#primaryimage\",\"url\":\"https:\/\/www.academia-barcelona.com\/wp-content\/uploads\/2021\/11\/unsere-spanischkurse-in-barcelona.jpg\",\"contentUrl\":\"https:\/\/www.academia-barcelona.com\/wp-content\/uploads\/2021\/11\/unsere-spanischkurse-in-barcelona.jpg\"},{\"@type\":\"WebSite\",\"@id\":\"https:\/\/www.academia-barcelona.com\/#website\",\"url\":\"https:\/\/www.academia-barcelona.com\/\",\"name\":\"\",\"description\":\"\",\"potentialAction\":[{\"@type\":\"SearchAction\",\"target\":{\"@type\":\"EntryPoint\",\"urlTemplate\":\"https:\/\/www.academia-barcelona.com\/?s={search_term_string}\"},\"query-input\":{\"@type\":\"PropertyValueSpecification\",\"valueRequired\":true,\"valueName\":\"search_term_string\"}}],\"inLanguage\":\"de\"}]}<\/script>\n<!-- \/ Yoast SEO plugin. -->","yoast_head_json":{"title":"Spanischkurs & Unterkunft in Barcelona - WG & Gastfamilien","description":"Unterkunft in Barcelona f\u00fcr Ihren Spanischkurs gesucht? Die Academia Barcelona hilft Ihnen die perfekte Unterkunft zu finden!","robots":{"index":"index","follow":"follow","max-snippet":"max-snippet:-1","max-image-preview":"max-image-preview:large","max-video-preview":"max-video-preview:-1"},"canonical":"https:\/\/www.academia-barcelona.com\/de\/spanischkurs-mit-unterkunft-in-barcelona\/","og_locale":"de_DE","og_type":"article","og_title":"Spanischkurs & Unterkunft in Barcelona - WG & Gastfamilien","og_description":"Unterkunft in Barcelona f\u00fcr Ihren Spanischkurs gesucht? Die Academia Barcelona hilft Ihnen die perfekte Unterkunft zu finden!","og_url":"https:\/\/www.academia-barcelona.com\/de\/spanischkurs-mit-unterkunft-in-barcelona\/","article_modified_time":"2021-11-08T07:29:23+00:00","og_image":[{"url":"https:\/\/www.academia-barcelona.com\/wp-content\/uploads\/2021\/11\/unsere-spanischkurse-in-barcelona.jpg","type":"","width":"","height":""}],"twitter_card":"summary_large_image","twitter_misc":{"Gesch\u00e4tzte Lesezeit":"3\u00a0Minuten"},"schema":{"@context":"https:\/\/schema.org","@graph":[{"@type":"WebPage","@id":"https:\/\/www.academia-barcelona.com\/de\/spanischkurs-mit-unterkunft-in-barcelona\/","url":"https:\/\/www.academia-barcelona.com\/de\/spanischkurs-mit-unterkunft-in-barcelona\/","name":"Spanischkurs & Unterkunft in Barcelona - WG & Gastfamilien","isPartOf":{"@id":"https:\/\/www.academia-barcelona.com\/#website"},"primaryImageOfPage":{"@id":"https:\/\/www.academia-barcelona.com\/de\/spanischkurs-mit-unterkunft-in-barcelona\/#primaryimage"},"image":{"@id":"https:\/\/www.academia-barcelona.com\/de\/spanischkurs-mit-unterkunft-in-barcelona\/#primaryimage"},"thumbnailUrl":"https:\/\/www.academia-barcelona.com\/wp-content\/uploads\/2021\/11\/unsere-spanischkurse-in-barcelona.jpg","datePublished":"2018-02-27T12:16:36+00:00","dateModified":"2021-11-08T07:29:23+00:00","description":"Unterkunft in Barcelona f\u00fcr Ihren Spanischkurs gesucht? Die Academia Barcelona hilft Ihnen die perfekte Unterkunft zu finden!","inLanguage":"de","potentialAction":[{"@type":"ReadAction","target":["https:\/\/www.academia-barcelona.com\/de\/spanischkurs-mit-unterkunft-in-barcelona\/"]}]},{"@type":"ImageObject","inLanguage":"de","@id":"https:\/\/www.academia-barcelona.com\/de\/spanischkurs-mit-unterkunft-in-barcelona\/#primaryimage","url":"https:\/\/www.academia-barcelona.com\/wp-content\/uploads\/2021\/11\/unsere-spanischkurse-in-barcelona.jpg","contentUrl":"https:\/\/www.academia-barcelona.com\/wp-content\/uploads\/2021\/11\/unsere-spanischkurse-in-barcelona.jpg"},{"@type":"WebSite","@id":"https:\/\/www.academia-barcelona.com\/#website","url":"https:\/\/www.academia-barcelona.com\/","name":"","description":"","potentialAction":[{"@type":"SearchAction","target":{"@type":"EntryPoint","urlTemplate":"https:\/\/www.academia-barcelona.com\/?s={search_term_string}"},"query-input":{"@type":"PropertyValueSpecification","valueRequired":true,"valueName":"search_term_string"}}],"inLanguage":"de"}]}},"_links":{"self":[{"href":"https:\/\/www.academia-barcelona.com\/de\/wp-json\/wp\/v2\/pages\/10040","targetHints":{"allow":["GET"]}}],"collection":[{"href":"https:\/\/www.academia-barcelona.com\/de\/wp-json\/wp\/v2\/pages"}],"about":[{"href":"https:\/\/www.academia-barcelona.com\/de\/wp-json\/wp\/v2\/types\/page"}],"author":[{"embeddable":true,"href":"https:\/\/www.academia-barcelona.com\/de\/wp-json\/wp\/v2\/users\/3"}],"replies":[{"embeddable":true,"href":"https:\/\/www.academia-barcelona.com\/de\/wp-json\/wp\/v2\/comments?post=10040"}],"version-history":[{"count":17,"href":"https:\/\/www.academia-barcelona.com\/de\/wp-json\/wp\/v2\/pages\/10040\/revisions"}],"predecessor-version":[{"id":13809,"href":"https:\/\/www.academia-barcelona.com\/de\/wp-json\/wp\/v2\/pages\/10040\/revisions\/13809"}],"wp:attachment":[{"href":"https:\/\/www.academia-barcelona.com\/de\/wp-json\/wp\/v2\/media?parent=10040"}],"curies":[{"name":"wp","href":"https:\/\/api.w.org\/{rel}","templated":true}]}}