{"id":9958,"date":"2017-12-21T18:06:09","date_gmt":"2017-12-21T18:06:09","guid":{"rendered":"https:\/\/www.academia-barcelona.com\/?page_id=9958"},"modified":"2021-11-04T21:57:04","modified_gmt":"2021-11-04T21:57:04","slug":"classes-reforc-escolar","status":"publish","type":"page","link":"https:\/\/www.academia-barcelona.com\/ca\/que-oferim\/classes-reforc-escolar\/","title":{"rendered":"Classes de refor\u00e7 escolar"},"content":{"rendered":"<h1 class=\"western\">Classes de refor\u00e7 escolar a Clase Barcelona<\/h1>\n<p>\u00c9s normal necessitar una mica d&#8217;ajut despr\u00e9s del cole. Amb les classes de refor\u00e7 escolar, a Clase Barcelona ajudem a nens i joves a entendre els conceptes dif\u00edcils. A m\u00e9s a m\u00e9s, ajudem als nostres alumnes a fer els deures, realitzar treballs escolars o preparar un examen. D&#8217;aquesta manera, estaran millor preparats i obtindran millors notes que sense ajut.<\/p>\n<p>L&#8217;objectiu de qualsevol estudiant a principis de curs \u00e9s aprovar i ser aplicat amb les tasques. Tanmateix, de vegades no \u00e9s f\u00e0cil mantindre el ritme. A m\u00e9s, a casa sempre hi ha distraccions (la televisi\u00f3, internet, els videojocs&#8230;) i a la nostra acad\u00e8mia poden concentrar-se.<\/p>\n<h2 class=\"western\">Professors motivats i t\u00e8cniques d&#8217;estudi<\/h2>\n<p>Els nostres professors ajuden als alumnes, no nom\u00e9s a repassar el que fan a l&#8217;escola, si no tamb\u00e9 a aprendre pel seu compte. A les classes de refor\u00e7 escolar, l&#8217;estudiant apr\u00e8n t\u00e8cniques d&#8217;estudi, concentraci\u00f3, metodologia, s\u00edntesi&#8230; El professor particular pot dedicar molt m\u00e9s temps a explicar un concepte dif\u00edcil que els professors dels grups grans al col\u00b7legi.<\/p>\n<a href=\"https:\/\/www.academia-barcelona.com\/wp-content\/uploads\/2016\/03\/tamara_clase.jpg\"><img decoding=\"async\" class=\"alignnone wp-image-2132 size-medium\" title=\"classes de refor\u00e7 escolar\" src=\"https:\/\/www.academia-barcelona.com\/wp-content\/uploads\/2016\/03\/tamara_clase-300x300.jpg\" alt=\"Classes de refor\u00e7 escolar\" width=\"300\" height=\"300\" srcset=\"https:\/\/www.academia-barcelona.com\/wp-content\/uploads\/2016\/03\/tamara_clase-300x300.jpg 300w, https:\/\/www.academia-barcelona.com\/wp-content\/uploads\/2016\/03\/tamara_clase-150x150.jpg 150w, https:\/\/www.academia-barcelona.com\/wp-content\/uploads\/2016\/03\/tamara_clase.jpg 403w\" sizes=\"(max-width: 300px) 100vw, 300px\" \/><\/a>\n<p>&nbsp;<\/p>\n<p>Segons la nostra experi\u00e8ncia, una de les coses m\u00e9s valorades pels estudiants \u00e9s poder adelantar-se a la programaci\u00f3 del curs. D&#8217;aquesta manera, quan a classe s&#8217;explica el tema seg\u00fcent, ja tenen uns conceptes previs i l&#8217;aprenentatge \u00e9s molt m\u00e9s significatiu.<\/p>\n<p>&nbsp;<\/p>\n<h2 class=\"western\">Totes les mat\u00e8ries i nivells<\/h2>\n<p>Evidentment, tots tenim facilitats en algunes mat\u00e8ries m\u00e9s que en altres. Per aix\u00f2, no importa si l&#8217;alumne necessita ajuda en matem\u00e0tiques, hist\u00f2ria, llengua o f\u00edsica. A Clase Barcelona oferim classes de refor\u00e7 escolar de totes les mat\u00e8ries. A m\u00e9s, tenim professors amb experi\u00e8ncia en classes tant de prim\u00e0ria com de secund\u00e0ria.<\/p>\n<p>Ja sigui per fer els deures i treballs escolars amb major concentraci\u00f3 i ajuda que a casa, com per entendre els conceptes dif\u00edcils que al col\u00b7legi s&#8217;expliquen gen\u00e8ricament, les nostres classes de refor\u00e7 escolar s\u00f3n una bona elecci\u00f3.<\/p>\n<p><a href=\"mailto:info@clase-barcelona.com\">Contacta amb nosaltres per m\u00e9s informaci\u00f3!<\/a><\/p>\n<p>&nbsp;<\/p>\n<p>&nbsp;<\/p>\n","protected":false},"excerpt":{"rendered":"<p>Classes de refor\u00e7 escolar a Clase Barcelona \u00c9s normal necessitar una mica d&#8217;ajut despr\u00e9s del cole. Amb les classes de refor\u00e7 escolar, a Clase Barcelona ajudem a nens i joves a entendre els conceptes dif\u00edcils. A m\u00e9s a m\u00e9s, ajudem als nostres alumnes a fer els deures, realitzar treballs escolars o preparar un examen. D&#8217;aquesta&hellip; <a class=\"read-more\" href=\"https:\/\/www.academia-barcelona.com\/ca\/que-oferim\/classes-reforc-escolar\/\" title=\"Read Classes de refor\u00e7 escolar\">Read more &raquo;<\/a><\/p>\n","protected":false},"author":3,"featured_media":0,"parent":1495,"menu_order":0,"comment_status":"closed","ping_status":"closed","template":"","meta":{"footnotes":""},"class_list":["post-9958","page","type-page","status-publish","hentry"],"yoast_head":"<!-- This site is optimized with the Yoast SEO plugin v27.1.1 - https:\/\/yoast.com\/product\/yoast-seo-wordpress\/ -->\n<title>Classes de refor\u00e7 escolar a Clase Barcelona Language School<\/title>\n<meta name=\"description\" content=\"A Clase Barcelona Language School trobar\u00e0s classes de refor\u00e7 escolar per a totes les mat\u00e8ries i nivells de prim\u00e0ria i batxillerat.\" \/>\n<meta name=\"robots\" content=\"index, follow, max-snippet:-1, max-image-preview:large, max-video-preview:-1\" \/>\n<link rel=\"canonical\" href=\"https:\/\/www.academia-barcelona.com\/ca\/que-oferim\/classes-reforc-escolar\/\" \/>\n<meta property=\"og:locale\" content=\"ca_ES\" \/>\n<meta property=\"og:type\" content=\"article\" \/>\n<meta property=\"og:title\" content=\"Classes de refor\u00e7 escolar a Clase Barcelona Language School\" \/>\n<meta property=\"og:description\" content=\"A Clase Barcelona Language School trobar\u00e0s classes de refor\u00e7 escolar per a totes les mat\u00e8ries i nivells de prim\u00e0ria i batxillerat.\" \/>\n<meta property=\"og:url\" content=\"https:\/\/www.academia-barcelona.com\/ca\/que-oferim\/classes-reforc-escolar\/\" \/>\n<meta property=\"article:modified_time\" content=\"2021-11-04T21:57:04+00:00\" \/>\n<meta property=\"og:image\" content=\"https:\/\/www.academia-barcelona.com\/wp-content\/uploads\/2016\/03\/tamara_clase-300x300.jpg\" \/>\n<meta name=\"twitter:card\" content=\"summary_large_image\" \/>\n<meta name=\"twitter:label1\" content=\"Temps estimat de lectura\" \/>\n\t<meta name=\"twitter:data1\" content=\"2 minuts\" \/>\n<script type=\"application\/ld+json\" class=\"yoast-schema-graph\">{\"@context\":\"https:\/\/schema.org\",\"@graph\":[{\"@type\":\"WebPage\",\"@id\":\"https:\/\/www.academia-barcelona.com\/ca\/que-oferim\/classes-reforc-escolar\/\",\"url\":\"https:\/\/www.academia-barcelona.com\/ca\/que-oferim\/classes-reforc-escolar\/\",\"name\":\"Classes de refor\u00e7 escolar a Clase Barcelona Language School\",\"isPartOf\":{\"@id\":\"https:\/\/www.academia-barcelona.com\/#website\"},\"primaryImageOfPage\":{\"@id\":\"https:\/\/www.academia-barcelona.com\/ca\/que-oferim\/classes-reforc-escolar\/#primaryimage\"},\"image\":{\"@id\":\"https:\/\/www.academia-barcelona.com\/ca\/que-oferim\/classes-reforc-escolar\/#primaryimage\"},\"thumbnailUrl\":\"https:\/\/www.academia-barcelona.com\/wp-content\/uploads\/2016\/03\/tamara_clase-300x300.jpg\",\"datePublished\":\"2017-12-21T18:06:09+00:00\",\"dateModified\":\"2021-11-04T21:57:04+00:00\",\"description\":\"A Clase Barcelona Language School trobar\u00e0s classes de refor\u00e7 escolar per a totes les mat\u00e8ries i nivells de prim\u00e0ria i batxillerat.\",\"breadcrumb\":{\"@id\":\"https:\/\/www.academia-barcelona.com\/ca\/que-oferim\/classes-reforc-escolar\/#breadcrumb\"},\"inLanguage\":\"ca\",\"potentialAction\":[{\"@type\":\"ReadAction\",\"target\":[\"https:\/\/www.academia-barcelona.com\/ca\/que-oferim\/classes-reforc-escolar\/\"]}]},{\"@type\":\"ImageObject\",\"inLanguage\":\"ca\",\"@id\":\"https:\/\/www.academia-barcelona.com\/ca\/que-oferim\/classes-reforc-escolar\/#primaryimage\",\"url\":\"https:\/\/www.academia-barcelona.com\/wp-content\/uploads\/2016\/03\/tamara_clase-300x300.jpg\",\"contentUrl\":\"https:\/\/www.academia-barcelona.com\/wp-content\/uploads\/2016\/03\/tamara_clase-300x300.jpg\"},{\"@type\":\"BreadcrumbList\",\"@id\":\"https:\/\/www.academia-barcelona.com\/ca\/que-oferim\/classes-reforc-escolar\/#breadcrumb\",\"itemListElement\":[{\"@type\":\"ListItem\",\"position\":1,\"name\":\"Qu\u00e8 oferim?\",\"item\":\"https:\/\/www.academia-barcelona.com\/ca\/que-oferim\/\"},{\"@type\":\"ListItem\",\"position\":2,\"name\":\"Classes de refor\u00e7 escolar\"}]},{\"@type\":\"WebSite\",\"@id\":\"https:\/\/www.academia-barcelona.com\/#website\",\"url\":\"https:\/\/www.academia-barcelona.com\/\",\"name\":\"\",\"description\":\"\",\"potentialAction\":[{\"@type\":\"SearchAction\",\"target\":{\"@type\":\"EntryPoint\",\"urlTemplate\":\"https:\/\/www.academia-barcelona.com\/?s={search_term_string}\"},\"query-input\":{\"@type\":\"PropertyValueSpecification\",\"valueRequired\":true,\"valueName\":\"search_term_string\"}}],\"inLanguage\":\"ca\"}]}<\/script>\n<!-- \/ Yoast SEO plugin. -->","yoast_head_json":{"title":"Classes de refor\u00e7 escolar a Clase Barcelona Language School","description":"A Clase Barcelona Language School trobar\u00e0s classes de refor\u00e7 escolar per a totes les mat\u00e8ries i nivells de prim\u00e0ria i batxillerat.","robots":{"index":"index","follow":"follow","max-snippet":"max-snippet:-1","max-image-preview":"max-image-preview:large","max-video-preview":"max-video-preview:-1"},"canonical":"https:\/\/www.academia-barcelona.com\/ca\/que-oferim\/classes-reforc-escolar\/","og_locale":"ca_ES","og_type":"article","og_title":"Classes de refor\u00e7 escolar a Clase Barcelona Language School","og_description":"A Clase Barcelona Language School trobar\u00e0s classes de refor\u00e7 escolar per a totes les mat\u00e8ries i nivells de prim\u00e0ria i batxillerat.","og_url":"https:\/\/www.academia-barcelona.com\/ca\/que-oferim\/classes-reforc-escolar\/","article_modified_time":"2021-11-04T21:57:04+00:00","og_image":[{"url":"https:\/\/www.academia-barcelona.com\/wp-content\/uploads\/2016\/03\/tamara_clase-300x300.jpg","type":"","width":"","height":""}],"twitter_card":"summary_large_image","twitter_misc":{"Temps estimat de lectura":"2 minuts"},"schema":{"@context":"https:\/\/schema.org","@graph":[{"@type":"WebPage","@id":"https:\/\/www.academia-barcelona.com\/ca\/que-oferim\/classes-reforc-escolar\/","url":"https:\/\/www.academia-barcelona.com\/ca\/que-oferim\/classes-reforc-escolar\/","name":"Classes de refor\u00e7 escolar a Clase Barcelona Language School","isPartOf":{"@id":"https:\/\/www.academia-barcelona.com\/#website"},"primaryImageOfPage":{"@id":"https:\/\/www.academia-barcelona.com\/ca\/que-oferim\/classes-reforc-escolar\/#primaryimage"},"image":{"@id":"https:\/\/www.academia-barcelona.com\/ca\/que-oferim\/classes-reforc-escolar\/#primaryimage"},"thumbnailUrl":"https:\/\/www.academia-barcelona.com\/wp-content\/uploads\/2016\/03\/tamara_clase-300x300.jpg","datePublished":"2017-12-21T18:06:09+00:00","dateModified":"2021-11-04T21:57:04+00:00","description":"A Clase Barcelona Language School trobar\u00e0s classes de refor\u00e7 escolar per a totes les mat\u00e8ries i nivells de prim\u00e0ria i batxillerat.","breadcrumb":{"@id":"https:\/\/www.academia-barcelona.com\/ca\/que-oferim\/classes-reforc-escolar\/#breadcrumb"},"inLanguage":"ca","potentialAction":[{"@type":"ReadAction","target":["https:\/\/www.academia-barcelona.com\/ca\/que-oferim\/classes-reforc-escolar\/"]}]},{"@type":"ImageObject","inLanguage":"ca","@id":"https:\/\/www.academia-barcelona.com\/ca\/que-oferim\/classes-reforc-escolar\/#primaryimage","url":"https:\/\/www.academia-barcelona.com\/wp-content\/uploads\/2016\/03\/tamara_clase-300x300.jpg","contentUrl":"https:\/\/www.academia-barcelona.com\/wp-content\/uploads\/2016\/03\/tamara_clase-300x300.jpg"},{"@type":"BreadcrumbList","@id":"https:\/\/www.academia-barcelona.com\/ca\/que-oferim\/classes-reforc-escolar\/#breadcrumb","itemListElement":[{"@type":"ListItem","position":1,"name":"Qu\u00e8 oferim?","item":"https:\/\/www.academia-barcelona.com\/ca\/que-oferim\/"},{"@type":"ListItem","position":2,"name":"Classes de refor\u00e7 escolar"}]},{"@type":"WebSite","@id":"https:\/\/www.academia-barcelona.com\/#website","url":"https:\/\/www.academia-barcelona.com\/","name":"","description":"","potentialAction":[{"@type":"SearchAction","target":{"@type":"EntryPoint","urlTemplate":"https:\/\/www.academia-barcelona.com\/?s={search_term_string}"},"query-input":{"@type":"PropertyValueSpecification","valueRequired":true,"valueName":"search_term_string"}}],"inLanguage":"ca"}]}},"_links":{"self":[{"href":"https:\/\/www.academia-barcelona.com\/ca\/wp-json\/wp\/v2\/pages\/9958","targetHints":{"allow":["GET"]}}],"collection":[{"href":"https:\/\/www.academia-barcelona.com\/ca\/wp-json\/wp\/v2\/pages"}],"about":[{"href":"https:\/\/www.academia-barcelona.com\/ca\/wp-json\/wp\/v2\/types\/page"}],"author":[{"embeddable":true,"href":"https:\/\/www.academia-barcelona.com\/ca\/wp-json\/wp\/v2\/users\/3"}],"replies":[{"embeddable":true,"href":"https:\/\/www.academia-barcelona.com\/ca\/wp-json\/wp\/v2\/comments?post=9958"}],"version-history":[{"count":2,"href":"https:\/\/www.academia-barcelona.com\/ca\/wp-json\/wp\/v2\/pages\/9958\/revisions"}],"predecessor-version":[{"id":13769,"href":"https:\/\/www.academia-barcelona.com\/ca\/wp-json\/wp\/v2\/pages\/9958\/revisions\/13769"}],"up":[{"embeddable":true,"href":"https:\/\/www.academia-barcelona.com\/ca\/wp-json\/wp\/v2\/pages\/1495"}],"wp:attachment":[{"href":"https:\/\/www.academia-barcelona.com\/ca\/wp-json\/wp\/v2\/media?parent=9958"}],"curies":[{"name":"wp","href":"https:\/\/api.w.org\/{rel}","templated":true}]}}