{"id":9557,"date":"2017-05-25T13:46:27","date_gmt":"2017-05-25T13:46:27","guid":{"rendered":"http:\/\/barcelona-sprachschule.de\/?page_id=9557\/"},"modified":"2017-05-25T13:46:27","modified_gmt":"2017-05-25T13:46:27","slug":"cursos-idiomes-intensius-estiu-barcelona","status":"publish","type":"page","link":"https:\/\/www.academia-barcelona.com\/ca\/cursos-idiomes-intensius-estiu-barcelona\/","title":{"rendered":"Cursos d&#8217;idiomes intensius d&#8217;estiu a Barcelona"},"content":{"rendered":"<style type=\"text\/css\">\n\t<!--\n\t\t@page { margin: 2cm }\n\t\tP { margin-bottom: 0.21cm }\n\t-->\n\t<\/style>\n<h1>Cursos d&#8217;idiomes intensius d&#8217;estiu a Barcelona<\/h1>\n<p>Cursos d&#8217;idiomes intensius d&#8217;estiu a Barcelona \u2013 Apr\u00e8n idiomes a l&#8217;estiu amb els cursos intensius de juny, juliol i agost. A l&#8217;estiu tenim cursos intensius de tots els nivells per aprendre idiomes r\u00e0pidament amb els nostres professors natius i professionals. Apr\u00e8n alemany a l&#8217;estiu de forma r\u00e0pida i efectiva a l&#8217;acad\u00e8mia d&#8217;idiomes Clase Barcelona.<\/p>\n<h2>Cursos intensius d&#8217;idiomes d&#8217;estiu. Alemany, angl\u00e8s, franc\u00e8s o itali\u00e0 per principiants i avan\u00e7ats: A1, A2, B1, B2, C1.<\/h2>\n<p>Els cursos d&#8217;idiomes intensius d&#8217;estiu t&#8217;ajudaran a aprofitar aquests mesos per aprendre idiomes de forma r\u00e0pida i efica\u00e7. Oferim cursos intensius d&#8217;estiu d&#8217;alemany per a principiants i per a alumnes amb coneixements dels seg\u00fcents nivells: A1, A2, B1, B2, C1.<br \/>\nNo importa si ets principiant o avan\u00e7at, aprofita l&#8217;estiu per estudiar alemany o qualsevol idioma a la nostra acad\u00e8mia. Amb els nostres professors natius i amb experi\u00e8ncia, grups redu\u00efts, activitats din\u00e0miques i pr\u00e0ctiques, notar\u00e0s un progr\u00e9s r\u00e0pidament. L&#8217;aprenentatge als cursos intensius d&#8217;estiu \u00e9s efica\u00e7. Els professors natius de Clase Barcelona t&#8217;ajudaran amb la seva experi\u00e8ncia a aprendre alemany a l&#8217;estiu. Aprendre alemany o qualsevol idioma als cursos intensiu d&#8217;estiu a la nostra acad\u00e8mia al centre de Barcelona.<\/p>\n","protected":false},"excerpt":{"rendered":"<p>Cursos d&#8217;idiomes intensius d&#8217;estiu a Barcelona Cursos d&#8217;idiomes intensius d&#8217;estiu a Barcelona \u2013 Apr\u00e8n idiomes a l&#8217;estiu amb els cursos intensius de juny, juliol i agost. A l&#8217;estiu tenim cursos intensius de tots els nivells per aprendre idiomes r\u00e0pidament amb els nostres professors natius i professionals. Apr\u00e8n alemany a l&#8217;estiu de forma r\u00e0pida i efectiva&hellip; <a class=\"read-more\" href=\"https:\/\/www.academia-barcelona.com\/ca\/cursos-idiomes-intensius-estiu-barcelona\/\" title=\"Read Cursos d&#8217;idiomes intensius d&#8217;estiu a Barcelona\">Read more &raquo;<\/a><\/p>\n","protected":false},"author":3,"featured_media":0,"parent":0,"menu_order":0,"comment_status":"closed","ping_status":"closed","template":"","meta":{"footnotes":""},"class_list":["post-9557","page","type-page","status-publish","hentry"],"yoast_head":"<!-- This site is optimized with the Yoast SEO plugin v27.1.1 - https:\/\/yoast.com\/product\/yoast-seo-wordpress\/ -->\n<title>Cursos d&#039;idiomes intensius d&#039;estiu a Barcelona -<\/title>\n<meta name=\"description\" content=\"Apren idiomes amb els nostres cursos intensius d&#039;alemany a l&#039;estiu a Clase Barcelona. Tamb\u00e9 oferim cursos d&#039;angl\u00e8s, franc\u00e8s, itali\u00e0...\" \/>\n<meta name=\"robots\" content=\"index, follow, max-snippet:-1, max-image-preview:large, max-video-preview:-1\" \/>\n<link rel=\"canonical\" href=\"https:\/\/www.academia-barcelona.com\/ca\/cursos-idiomes-intensius-estiu-barcelona\/\" \/>\n<meta property=\"og:locale\" content=\"ca_ES\" \/>\n<meta property=\"og:type\" content=\"article\" \/>\n<meta property=\"og:title\" content=\"Cursos d&#039;idiomes intensius d&#039;estiu a Barcelona -\" \/>\n<meta property=\"og:description\" content=\"Apren idiomes amb els nostres cursos intensius d&#039;alemany a l&#039;estiu a Clase Barcelona. Tamb\u00e9 oferim cursos d&#039;angl\u00e8s, franc\u00e8s, itali\u00e0...\" \/>\n<meta property=\"og:url\" content=\"https:\/\/www.academia-barcelona.com\/ca\/cursos-idiomes-intensius-estiu-barcelona\/\" \/>\n<meta name=\"twitter:card\" content=\"summary_large_image\" \/>\n<meta name=\"twitter:label1\" content=\"Temps estimat de lectura\" \/>\n\t<meta name=\"twitter:data1\" content=\"1 minut\" \/>\n<script type=\"application\/ld+json\" class=\"yoast-schema-graph\">{\"@context\":\"https:\/\/schema.org\",\"@graph\":[{\"@type\":\"WebPage\",\"@id\":\"https:\/\/www.academia-barcelona.com\/ca\/cursos-idiomes-intensius-estiu-barcelona\/\",\"url\":\"https:\/\/www.academia-barcelona.com\/ca\/cursos-idiomes-intensius-estiu-barcelona\/\",\"name\":\"Cursos d'idiomes intensius d'estiu a Barcelona -\",\"isPartOf\":{\"@id\":\"https:\/\/www.academia-barcelona.com\/#website\"},\"datePublished\":\"2017-05-25T13:46:27+00:00\",\"description\":\"Apren idiomes amb els nostres cursos intensius d'alemany a l'estiu a Clase Barcelona. Tamb\u00e9 oferim cursos d'angl\u00e8s, franc\u00e8s, itali\u00e0...\",\"inLanguage\":\"ca\",\"potentialAction\":[{\"@type\":\"ReadAction\",\"target\":[\"https:\/\/www.academia-barcelona.com\/ca\/cursos-idiomes-intensius-estiu-barcelona\/\"]}]},{\"@type\":\"WebSite\",\"@id\":\"https:\/\/www.academia-barcelona.com\/#website\",\"url\":\"https:\/\/www.academia-barcelona.com\/\",\"name\":\"\",\"description\":\"\",\"potentialAction\":[{\"@type\":\"SearchAction\",\"target\":{\"@type\":\"EntryPoint\",\"urlTemplate\":\"https:\/\/www.academia-barcelona.com\/?s={search_term_string}\"},\"query-input\":{\"@type\":\"PropertyValueSpecification\",\"valueRequired\":true,\"valueName\":\"search_term_string\"}}],\"inLanguage\":\"ca\"}]}<\/script>\n<!-- \/ Yoast SEO plugin. -->","yoast_head_json":{"title":"Cursos d'idiomes intensius d'estiu a Barcelona -","description":"Apren idiomes amb els nostres cursos intensius d'alemany a l'estiu a Clase Barcelona. Tamb\u00e9 oferim cursos d'angl\u00e8s, franc\u00e8s, itali\u00e0...","robots":{"index":"index","follow":"follow","max-snippet":"max-snippet:-1","max-image-preview":"max-image-preview:large","max-video-preview":"max-video-preview:-1"},"canonical":"https:\/\/www.academia-barcelona.com\/ca\/cursos-idiomes-intensius-estiu-barcelona\/","og_locale":"ca_ES","og_type":"article","og_title":"Cursos d'idiomes intensius d'estiu a Barcelona -","og_description":"Apren idiomes amb els nostres cursos intensius d'alemany a l'estiu a Clase Barcelona. Tamb\u00e9 oferim cursos d'angl\u00e8s, franc\u00e8s, itali\u00e0...","og_url":"https:\/\/www.academia-barcelona.com\/ca\/cursos-idiomes-intensius-estiu-barcelona\/","twitter_card":"summary_large_image","twitter_misc":{"Temps estimat de lectura":"1 minut"},"schema":{"@context":"https:\/\/schema.org","@graph":[{"@type":"WebPage","@id":"https:\/\/www.academia-barcelona.com\/ca\/cursos-idiomes-intensius-estiu-barcelona\/","url":"https:\/\/www.academia-barcelona.com\/ca\/cursos-idiomes-intensius-estiu-barcelona\/","name":"Cursos d'idiomes intensius d'estiu a Barcelona -","isPartOf":{"@id":"https:\/\/www.academia-barcelona.com\/#website"},"datePublished":"2017-05-25T13:46:27+00:00","description":"Apren idiomes amb els nostres cursos intensius d'alemany a l'estiu a Clase Barcelona. Tamb\u00e9 oferim cursos d'angl\u00e8s, franc\u00e8s, itali\u00e0...","inLanguage":"ca","potentialAction":[{"@type":"ReadAction","target":["https:\/\/www.academia-barcelona.com\/ca\/cursos-idiomes-intensius-estiu-barcelona\/"]}]},{"@type":"WebSite","@id":"https:\/\/www.academia-barcelona.com\/#website","url":"https:\/\/www.academia-barcelona.com\/","name":"","description":"","potentialAction":[{"@type":"SearchAction","target":{"@type":"EntryPoint","urlTemplate":"https:\/\/www.academia-barcelona.com\/?s={search_term_string}"},"query-input":{"@type":"PropertyValueSpecification","valueRequired":true,"valueName":"search_term_string"}}],"inLanguage":"ca"}]}},"_links":{"self":[{"href":"https:\/\/www.academia-barcelona.com\/ca\/wp-json\/wp\/v2\/pages\/9557","targetHints":{"allow":["GET"]}}],"collection":[{"href":"https:\/\/www.academia-barcelona.com\/ca\/wp-json\/wp\/v2\/pages"}],"about":[{"href":"https:\/\/www.academia-barcelona.com\/ca\/wp-json\/wp\/v2\/types\/page"}],"author":[{"embeddable":true,"href":"https:\/\/www.academia-barcelona.com\/ca\/wp-json\/wp\/v2\/users\/3"}],"replies":[{"embeddable":true,"href":"https:\/\/www.academia-barcelona.com\/ca\/wp-json\/wp\/v2\/comments?post=9557"}],"version-history":[{"count":1,"href":"https:\/\/www.academia-barcelona.com\/ca\/wp-json\/wp\/v2\/pages\/9557\/revisions"}],"predecessor-version":[{"id":9558,"href":"https:\/\/www.academia-barcelona.com\/ca\/wp-json\/wp\/v2\/pages\/9557\/revisions\/9558"}],"wp:attachment":[{"href":"https:\/\/www.academia-barcelona.com\/ca\/wp-json\/wp\/v2\/media?parent=9557"}],"curies":[{"name":"wp","href":"https:\/\/api.w.org\/{rel}","templated":true}]}}