{"id":9086,"date":"2017-05-08T12:11:37","date_gmt":"2017-05-08T12:11:37","guid":{"rendered":"http:\/\/barcelona-sprachschule.de\/?page_id=9086\/"},"modified":"2021-03-25T08:58:55","modified_gmt":"2021-03-25T08:58:55","slug":"classes-particulars-dalemany","status":"publish","type":"page","link":"https:\/\/www.academia-barcelona.com\/ca\/cursos-dalemany\/classes-particulars-dalemany\/","title":{"rendered":"Classes particulars d&#8217;alemany"},"content":{"rendered":"<p>[vc_row css=&#8221;.vc_custom_1494245276861{padding-bottom: 30px !important;}&#8221;][vc_column][vc_column_text]<\/p>\n<h1>Classes particulars d&#8217;alemany<\/h1>\n<p>Vols aprendre alemany a Barcelona? Les<strong> classes particulars d&#8217;alemany<\/strong> que oferim a la nostra acad\u00e8mia son una opci\u00f3 flexible i tamb\u00e9 efectiva. A Clase Barcelona Language School tenim molta experi\u00e8ncia en les classes particulars d&#8217;alemany i, a m\u00e9s, ens adaptem a les teves necessitats.<\/p>\n<p>Ja sigui perqu\u00e8 vols anar a Alemanya per treballar, o estudiar a alguna universitat, fer pr\u00e0ctiques o formaci\u00f3 dual o simplement de vacances. Potser per millorar les teves relacions comercials a Europa. O potser que el teu objectiu sigui llegir a Goethe en alemany&#8230; En qualsevol cas, amb classes particulars d&#8217;alemany podr\u00e0s organitzar el curs gaudint de la major flexibilitat horaria.<\/p>\n<p>Si vols aprendre alemany amb rapidesa o millorar el teu nivell, les classes particulars d&#8217;alemany son perfectes per a tu. D&#8217;aquesta manera, els nostres professors natius s&#8217;adapten a les teves necessitats d&#8217;aprenentatge. I, sobre tot, t&#8217;oferim flexibilitat hor\u00e0ria. Les classes particulars d&#8217;alemany s&#8217;imparteixen a la nostra acad\u00e8mia, c\u00e8ntrica i ben comunicada, donat que estem a 5 minuts de gaireb\u00e9 totes les l\u00ednies de metro, pla\u00e7a Catalunya i Passeig de Gr\u00e0cia.[\/vc_column_text][vc_row_inner][vc_column_inner width=&#8221;1\/2&#8243;][vc_column_text]Si, per altra banda, et va millor que anem a la teva pr\u00f2pia oficina o domicili particular, tamb\u00e9 ho podem organitzar. Ens pots consultar les condicions escrivint-nos un<a href=\"mailto:info@clase-barcelona.com\"> correu electr\u00f3nic<\/a>, i et farem una proposta personalitzada.<\/p>\n<p>M\u00e9s, hi ha diferents tipus de continguts espec\u00edfics: alemany per als negocis, alemany per a les vacances, cursos de conversa, etc. Mentre que els cursos en grups avancen al mateix nivell, a les classes particulars d&#8217;alemany tu marques el ritme!<\/p>\n<p>Finalment, en acabar el curs, rebr\u00e0s un certificat corresponent al Marc Com\u00fa Europeu de Refer\u00e8ncia. Per saber-ne m\u00e9s, pots consultar la <a href=\"https:\/\/www.academia-barcelona.com\/ca\/que-oferim\/la-nostra-metodologia\/\">Nostra Metodologia.<\/a>[\/vc_column_text][\/vc_column_inner][vc_column_inner width=&#8221;1\/2&#8243;][vc_single_image image=&#8221;13169&#8243; img_size=&#8221;full&#8221; alignment=&#8221;center&#8221;][\/vc_column_inner][\/vc_row_inner][\/vc_column][\/vc_row][vc_row full_width=&#8221;stretch_row&#8221; css=&#8221;.vc_custom_1494245327973{padding-top: 30px !important;padding-bottom: 30px !important;background-color: #f9f9f9 !important;}&#8221;][vc_column][vc_column_text]<\/p>\n<h2>Informaci\u00f3 pr\u00e0ctica \u201cPack 20 hores\u201c<\/h2>\n<p><strong>Modalitat:<\/strong> 20 hores de classes particulars (1 hora = 60 minuts) a consumir en un per\u00edode de 2 mesos<br \/>\n<strong>Horari:<\/strong> a triar de dilluns a divendres de 9:00 a 20:00 i dissabtes de 9:00 a 18:00.<br \/>\n<strong>Lloc:<\/strong> Clase Barcelona Language School, C\/ Pau Claris 108 1er. 1 08009 Barcelona<br \/>\n<strong>Cancel\u00b7laci\u00f3 de la classe:<\/strong> flexible, la falta d\u2019assist\u00e8ncia s\u2019ha d\u2019avisar amb 24 hores d\u2019antelaci\u00f3, per no perdre la classe i aix\u00ed poder recuperar-la segons l&#8217;horari del professor.<\/p>\n<p>Preu regular: 650\u20ac per Pack de 20 hores\u00a0 (cal consumir-les en un per\u00edode de 2 mesos)<\/p>\n<p><strong>Preu &#8220;Super Flex&#8221;: 699\u20ac per Pack de 20 hores (el per\u00edode de consum s&#8217;amplia a 3 mesos)<\/strong>[\/vc_column_text][\/vc_column][\/vc_row]<\/p>\n","protected":false},"excerpt":{"rendered":"<p>[vc_row css=&#8221;.vc_custom_1494245276861{padding-bottom: 30px !important;}&#8221;][vc_column][vc_column_text] Classes particulars d&#8217;alemany Vols aprendre alemany a Barcelona? Les classes particulars d&#8217;alemany que oferim a la nostra acad\u00e8mia son una opci\u00f3 flexible i tamb\u00e9 efectiva. A Clase Barcelona Language School tenim molta experi\u00e8ncia en les classes particulars d&#8217;alemany i, a m\u00e9s, ens adaptem a les teves necessitats. Ja sigui perqu\u00e8 vols&hellip; <a class=\"read-more\" href=\"https:\/\/www.academia-barcelona.com\/ca\/cursos-dalemany\/classes-particulars-dalemany\/\" title=\"Read Classes particulars d&#8217;alemany\">Read more &raquo;<\/a><\/p>\n","protected":false},"author":3,"featured_media":0,"parent":1383,"menu_order":0,"comment_status":"closed","ping_status":"closed","template":"","meta":{"footnotes":""},"class_list":["post-9086","page","type-page","status-publish","hentry"],"yoast_head":"<!-- This site is optimized with the Yoast SEO plugin v27.1.1 - https:\/\/yoast.com\/product\/yoast-seo-wordpress\/ -->\n<title>Classes particulars d&#039;alemany Clase Barcelona Language School<\/title>\n<meta name=\"description\" content=\"A Clase Barcelona aprendr\u00e0s r\u00e0pidament amb les classes particulars d&#039;alemany amb els nostres professors natius. Tu tries els horaris, m\u00e0xima flexibilitat.\" \/>\n<meta name=\"robots\" content=\"index, follow, max-snippet:-1, max-image-preview:large, max-video-preview:-1\" \/>\n<link rel=\"canonical\" href=\"https:\/\/www.academia-barcelona.com\/ca\/cursos-dalemany\/classes-particulars-dalemany\/\" \/>\n<meta property=\"og:locale\" content=\"ca_ES\" \/>\n<meta property=\"og:type\" content=\"article\" \/>\n<meta property=\"og:title\" content=\"Classes particulars d&#039;alemany Clase Barcelona Language School\" \/>\n<meta property=\"og:description\" content=\"A Clase Barcelona aprendr\u00e0s r\u00e0pidament amb les classes particulars d&#039;alemany amb els nostres professors natius. Tu tries els horaris, m\u00e0xima flexibilitat.\" \/>\n<meta property=\"og:url\" content=\"https:\/\/www.academia-barcelona.com\/ca\/cursos-dalemany\/classes-particulars-dalemany\/\" \/>\n<meta property=\"article:modified_time\" content=\"2021-03-25T08:58:55+00:00\" \/>\n<meta name=\"twitter:card\" content=\"summary_large_image\" \/>\n<meta name=\"twitter:label1\" content=\"Temps estimat de lectura\" \/>\n\t<meta name=\"twitter:data1\" content=\"2 minuts\" \/>\n<script type=\"application\/ld+json\" class=\"yoast-schema-graph\">{\"@context\":\"https:\/\/schema.org\",\"@graph\":[{\"@type\":\"WebPage\",\"@id\":\"https:\/\/www.academia-barcelona.com\/ca\/cursos-dalemany\/classes-particulars-dalemany\/\",\"url\":\"https:\/\/www.academia-barcelona.com\/ca\/cursos-dalemany\/classes-particulars-dalemany\/\",\"name\":\"Classes particulars d'alemany Clase Barcelona Language School\",\"isPartOf\":{\"@id\":\"https:\/\/www.academia-barcelona.com\/#website\"},\"datePublished\":\"2017-05-08T12:11:37+00:00\",\"dateModified\":\"2021-03-25T08:58:55+00:00\",\"description\":\"A Clase Barcelona aprendr\u00e0s r\u00e0pidament amb les classes particulars d'alemany amb els nostres professors natius. Tu tries els horaris, m\u00e0xima flexibilitat.\",\"breadcrumb\":{\"@id\":\"https:\/\/www.academia-barcelona.com\/ca\/cursos-dalemany\/classes-particulars-dalemany\/#breadcrumb\"},\"inLanguage\":\"ca\",\"potentialAction\":[{\"@type\":\"ReadAction\",\"target\":[\"https:\/\/www.academia-barcelona.com\/ca\/cursos-dalemany\/classes-particulars-dalemany\/\"]}]},{\"@type\":\"BreadcrumbList\",\"@id\":\"https:\/\/www.academia-barcelona.com\/ca\/cursos-dalemany\/classes-particulars-dalemany\/#breadcrumb\",\"itemListElement\":[{\"@type\":\"ListItem\",\"position\":1,\"name\":\"Cursos d\u2019alemany\",\"item\":\"https:\/\/www.academia-barcelona.com\/ca\/cursos-dalemany\/\"},{\"@type\":\"ListItem\",\"position\":2,\"name\":\"Classes particulars d&#8217;alemany\"}]},{\"@type\":\"WebSite\",\"@id\":\"https:\/\/www.academia-barcelona.com\/#website\",\"url\":\"https:\/\/www.academia-barcelona.com\/\",\"name\":\"\",\"description\":\"\",\"potentialAction\":[{\"@type\":\"SearchAction\",\"target\":{\"@type\":\"EntryPoint\",\"urlTemplate\":\"https:\/\/www.academia-barcelona.com\/?s={search_term_string}\"},\"query-input\":{\"@type\":\"PropertyValueSpecification\",\"valueRequired\":true,\"valueName\":\"search_term_string\"}}],\"inLanguage\":\"ca\"}]}<\/script>\n<!-- \/ Yoast SEO plugin. -->","yoast_head_json":{"title":"Classes particulars d'alemany Clase Barcelona Language School","description":"A Clase Barcelona aprendr\u00e0s r\u00e0pidament amb les classes particulars d'alemany amb els nostres professors natius. Tu tries els horaris, m\u00e0xima flexibilitat.","robots":{"index":"index","follow":"follow","max-snippet":"max-snippet:-1","max-image-preview":"max-image-preview:large","max-video-preview":"max-video-preview:-1"},"canonical":"https:\/\/www.academia-barcelona.com\/ca\/cursos-dalemany\/classes-particulars-dalemany\/","og_locale":"ca_ES","og_type":"article","og_title":"Classes particulars d'alemany Clase Barcelona Language School","og_description":"A Clase Barcelona aprendr\u00e0s r\u00e0pidament amb les classes particulars d'alemany amb els nostres professors natius. Tu tries els horaris, m\u00e0xima flexibilitat.","og_url":"https:\/\/www.academia-barcelona.com\/ca\/cursos-dalemany\/classes-particulars-dalemany\/","article_modified_time":"2021-03-25T08:58:55+00:00","twitter_card":"summary_large_image","twitter_misc":{"Temps estimat de lectura":"2 minuts"},"schema":{"@context":"https:\/\/schema.org","@graph":[{"@type":"WebPage","@id":"https:\/\/www.academia-barcelona.com\/ca\/cursos-dalemany\/classes-particulars-dalemany\/","url":"https:\/\/www.academia-barcelona.com\/ca\/cursos-dalemany\/classes-particulars-dalemany\/","name":"Classes particulars d'alemany Clase Barcelona Language School","isPartOf":{"@id":"https:\/\/www.academia-barcelona.com\/#website"},"datePublished":"2017-05-08T12:11:37+00:00","dateModified":"2021-03-25T08:58:55+00:00","description":"A Clase Barcelona aprendr\u00e0s r\u00e0pidament amb les classes particulars d'alemany amb els nostres professors natius. Tu tries els horaris, m\u00e0xima flexibilitat.","breadcrumb":{"@id":"https:\/\/www.academia-barcelona.com\/ca\/cursos-dalemany\/classes-particulars-dalemany\/#breadcrumb"},"inLanguage":"ca","potentialAction":[{"@type":"ReadAction","target":["https:\/\/www.academia-barcelona.com\/ca\/cursos-dalemany\/classes-particulars-dalemany\/"]}]},{"@type":"BreadcrumbList","@id":"https:\/\/www.academia-barcelona.com\/ca\/cursos-dalemany\/classes-particulars-dalemany\/#breadcrumb","itemListElement":[{"@type":"ListItem","position":1,"name":"Cursos d\u2019alemany","item":"https:\/\/www.academia-barcelona.com\/ca\/cursos-dalemany\/"},{"@type":"ListItem","position":2,"name":"Classes particulars d&#8217;alemany"}]},{"@type":"WebSite","@id":"https:\/\/www.academia-barcelona.com\/#website","url":"https:\/\/www.academia-barcelona.com\/","name":"","description":"","potentialAction":[{"@type":"SearchAction","target":{"@type":"EntryPoint","urlTemplate":"https:\/\/www.academia-barcelona.com\/?s={search_term_string}"},"query-input":{"@type":"PropertyValueSpecification","valueRequired":true,"valueName":"search_term_string"}}],"inLanguage":"ca"}]}},"_links":{"self":[{"href":"https:\/\/www.academia-barcelona.com\/ca\/wp-json\/wp\/v2\/pages\/9086","targetHints":{"allow":["GET"]}}],"collection":[{"href":"https:\/\/www.academia-barcelona.com\/ca\/wp-json\/wp\/v2\/pages"}],"about":[{"href":"https:\/\/www.academia-barcelona.com\/ca\/wp-json\/wp\/v2\/types\/page"}],"author":[{"embeddable":true,"href":"https:\/\/www.academia-barcelona.com\/ca\/wp-json\/wp\/v2\/users\/3"}],"replies":[{"embeddable":true,"href":"https:\/\/www.academia-barcelona.com\/ca\/wp-json\/wp\/v2\/comments?post=9086"}],"version-history":[{"count":16,"href":"https:\/\/www.academia-barcelona.com\/ca\/wp-json\/wp\/v2\/pages\/9086\/revisions"}],"predecessor-version":[{"id":9865,"href":"https:\/\/www.academia-barcelona.com\/ca\/wp-json\/wp\/v2\/pages\/9086\/revisions\/9865"}],"up":[{"embeddable":true,"href":"https:\/\/www.academia-barcelona.com\/ca\/wp-json\/wp\/v2\/pages\/1383"}],"wp:attachment":[{"href":"https:\/\/www.academia-barcelona.com\/ca\/wp-json\/wp\/v2\/media?parent=9086"}],"curies":[{"name":"wp","href":"https:\/\/api.w.org\/{rel}","templated":true}]}}