{"id":9068,"date":"2017-05-08T12:03:58","date_gmt":"2017-05-08T12:03:58","guid":{"rendered":"http:\/\/barcelona-sprachschule.de\/?page_id=9068\/"},"modified":"2019-02-22T15:57:37","modified_gmt":"2019-02-22T15:57:37","slug":"curs-dalemany-parella","status":"publish","type":"page","link":"https:\/\/www.academia-barcelona.com\/ca\/cursos-dalemany\/curs-dalemany-parella\/","title":{"rendered":"Curs d\u2019alemany en parella"},"content":{"rendered":"<p>[vc_row css=&#8221;.vc_custom_1494244708438{padding-bottom: 30px !important;}&#8221;][vc_column][vc_column_text]<\/p>\n<h1>Curs d&#8217;alemany en parella<\/h1>\n<p>[\/vc_column_text][vc_row_inner][vc_column_inner width=&#8221;1\/2&#8243;][vc_single_image image=&#8221;9055&#8243; img_size=&#8221;full&#8221; alignment=&#8221;center&#8221;][\/vc_column_inner][vc_column_inner width=&#8221;1\/2&#8243;][vc_column_text]El curs d&#8217;alemany en parella s&#8217;adapta a la vostra agenda i les vostres necessitats. D&#8217;aquesta manera, el teu company i tu podreu aprendre junts de manera personalitzada i concentrar-vos a millorar all\u00f2 que necessiteu. A m\u00e9s a m\u00e9s, amb el curs d&#8217;alemany amb parella l&#8217;aprenentatge \u00e9s colaboratiu. \u00c9s molt divertit fer classe i poder practicar la part oral de l&#8217;alemany, amb alg\u00fa! Segons els nostres alumnes, aquest tipus de curs tamb\u00e9 \u00e9s molt m\u00e9s intensiu. Aix\u00f2 \u00e9s donat a que el professor s&#8217;enfoca a les teves necessitats. Tamb\u00e9 el temari, la metodologia, el vocabulari i la gram\u00e0tica. Per exemple, si necessiteu aprendre alemany per als negocis, els estudis o per viure a Alemania.<\/p>\n<p>Avui en dia el mercat laboral es mou en un panorama internacional, i fa que sobretot parlar idiomes estrangers sigui altament important. El fet de parlar i entendre alemany fa que la mobilitat laboral dins d&#8217;Europa sigui possible en molts camps: enginyeria, sanitat, turisme, formaci\u00f3 professional&#8230; Alemanya, Su\u00efssa i \u00c0ustria son destinacions molt interessants per a professionals amb idiomes i ganes de viure una experi\u00e8ncia a un altre pa\u00eds.<\/p>\n<p>Aprendre alemany en parella \u00e9s divertit, ja que permet multitud d&#8217;activitats interactives, jocs, di\u00e0legs, exercicis orals i escrits. Els nostres professors natius i formats a la doc\u00e8ncia de l&#8217;alemany com a llengua estrangera plantejaran el curs a la vostra mesura. Per saber-ne m\u00e9s, pots consultar la Nostra Metodologia.<\/p>\n<p>A m\u00e9s dels avantatges d&#8217;aprendre en parella, aquest curs us permet triar l&#8217;horari que us vagi millor. Fins i tot al migdia, o els caps de setmana! Per aprendre, amb el curs d&#8217;alemany en parella no nom\u00e9s aprofitareu el temps, sino que us divertireu amb l&#8217;idioma. Vine amb el teu amic, novia, fill, germ\u00e0, mare, company de feina&#8230; <a href=\"mailto:info@clase-barcelona.es\">Consulta amb nosaltres els nostres descomptes i ofertes especials!<\/a>[\/vc_column_text][\/vc_column_inner][\/vc_row_inner][\/vc_column][\/vc_row][vc_row full_width=&#8221;stretch_row&#8221; css=&#8221;.vc_custom_1494244916626{padding-top: 30px !important;padding-bottom: 30px !important;background-color: #f9f9f9 !important;}&#8221;][vc_column][vc_column_text]<\/p>\n<h2>Informaci\u00f3 pr\u00e0ctica<\/h2>\n<p>Horari: flexible, a triar.<\/p>\n<p>De dilluns a divendres, de 9:00 a 21:00, dissabtes de 10:00 a 18:00.<br \/>\nProfessors natius<\/p>\n<p>Posibilitat de cancelaci\u00f3 o canvi, si ens avises amb 24 hores d&#8217;antelaci\u00f3<br \/>\nPreus:<a href=\"https:\/\/www.academia-barcelona.com\/ca\/preu\/\"> consulta aqu\u00ed els nostres preus.<\/a><br \/>\nMatricula: <a href=\"mailto:info@clase-barcelona.es\">contacta amb nosaltres<\/a> per organitzar el vostre curs d&#8217;alemany en parella.[\/vc_column_text][\/vc_column][\/vc_row]<\/p>\n","protected":false},"excerpt":{"rendered":"<p>[vc_row css=&#8221;.vc_custom_1494244708438{padding-bottom: 30px !important;}&#8221;][vc_column][vc_column_text] Curs d&#8217;alemany en parella [\/vc_column_text][vc_row_inner][vc_column_inner width=&#8221;1\/2&#8243;][vc_single_image image=&#8221;9055&#8243; img_size=&#8221;full&#8221; alignment=&#8221;center&#8221;][\/vc_column_inner][vc_column_inner width=&#8221;1\/2&#8243;][vc_column_text]El curs d&#8217;alemany en parella s&#8217;adapta a la vostra agenda i les vostres necessitats. D&#8217;aquesta manera, el teu company i tu podreu aprendre junts de manera personalitzada i concentrar-vos a millorar all\u00f2 que necessiteu. A m\u00e9s a m\u00e9s, amb el curs d&#8217;alemany&hellip; <a class=\"read-more\" href=\"https:\/\/www.academia-barcelona.com\/ca\/cursos-dalemany\/curs-dalemany-parella\/\" title=\"Read Curs d\u2019alemany en parella\">Read more &raquo;<\/a><\/p>\n","protected":false},"author":3,"featured_media":0,"parent":1383,"menu_order":0,"comment_status":"closed","ping_status":"closed","template":"","meta":{"footnotes":""},"class_list":["post-9068","page","type-page","status-publish","hentry"],"yoast_head":"<!-- This site is optimized with the Yoast SEO plugin v27.1.1 - https:\/\/yoast.com\/product\/yoast-seo-wordpress\/ -->\n<title>El curs d&#039;alemany en parella s&#039;adapta a la vostra agenda<\/title>\n<meta name=\"description\" content=\"El curs d&#039;alemany en parella s&#039;adapta a la vostra agenda i les vostres necessitats. Tu i el teu company podreu aprendre junts de manera semi-personalitzada\" \/>\n<meta name=\"robots\" content=\"index, follow, max-snippet:-1, max-image-preview:large, max-video-preview:-1\" \/>\n<link rel=\"canonical\" href=\"https:\/\/www.academia-barcelona.com\/ca\/cursos-dalemany\/curs-dalemany-parella\/\" \/>\n<meta property=\"og:locale\" content=\"ca_ES\" \/>\n<meta property=\"og:type\" content=\"article\" \/>\n<meta property=\"og:title\" content=\"El curs d&#039;alemany en parella s&#039;adapta a la vostra agenda\" \/>\n<meta property=\"og:description\" content=\"El curs d&#039;alemany en parella s&#039;adapta a la vostra agenda i les vostres necessitats. Tu i el teu company podreu aprendre junts de manera semi-personalitzada\" \/>\n<meta property=\"og:url\" content=\"https:\/\/www.academia-barcelona.com\/ca\/cursos-dalemany\/curs-dalemany-parella\/\" \/>\n<meta property=\"article:modified_time\" content=\"2019-02-22T15:57:37+00:00\" \/>\n<meta name=\"twitter:card\" content=\"summary_large_image\" \/>\n<meta name=\"twitter:label1\" content=\"Temps estimat de lectura\" \/>\n\t<meta name=\"twitter:data1\" content=\"2 minuts\" \/>\n<script type=\"application\/ld+json\" class=\"yoast-schema-graph\">{\"@context\":\"https:\/\/schema.org\",\"@graph\":[{\"@type\":\"WebPage\",\"@id\":\"https:\/\/www.academia-barcelona.com\/ca\/cursos-dalemany\/curs-dalemany-parella\/\",\"url\":\"https:\/\/www.academia-barcelona.com\/ca\/cursos-dalemany\/curs-dalemany-parella\/\",\"name\":\"El curs d'alemany en parella s'adapta a la vostra agenda\",\"isPartOf\":{\"@id\":\"https:\/\/www.academia-barcelona.com\/#website\"},\"datePublished\":\"2017-05-08T12:03:58+00:00\",\"dateModified\":\"2019-02-22T15:57:37+00:00\",\"description\":\"El curs d'alemany en parella s'adapta a la vostra agenda i les vostres necessitats. Tu i el teu company podreu aprendre junts de manera semi-personalitzada\",\"breadcrumb\":{\"@id\":\"https:\/\/www.academia-barcelona.com\/ca\/cursos-dalemany\/curs-dalemany-parella\/#breadcrumb\"},\"inLanguage\":\"ca\",\"potentialAction\":[{\"@type\":\"ReadAction\",\"target\":[\"https:\/\/www.academia-barcelona.com\/ca\/cursos-dalemany\/curs-dalemany-parella\/\"]}]},{\"@type\":\"BreadcrumbList\",\"@id\":\"https:\/\/www.academia-barcelona.com\/ca\/cursos-dalemany\/curs-dalemany-parella\/#breadcrumb\",\"itemListElement\":[{\"@type\":\"ListItem\",\"position\":1,\"name\":\"Cursos d\u2019alemany\",\"item\":\"https:\/\/www.academia-barcelona.com\/ca\/cursos-dalemany\/\"},{\"@type\":\"ListItem\",\"position\":2,\"name\":\"Curs d\u2019alemany en parella\"}]},{\"@type\":\"WebSite\",\"@id\":\"https:\/\/www.academia-barcelona.com\/#website\",\"url\":\"https:\/\/www.academia-barcelona.com\/\",\"name\":\"\",\"description\":\"\",\"potentialAction\":[{\"@type\":\"SearchAction\",\"target\":{\"@type\":\"EntryPoint\",\"urlTemplate\":\"https:\/\/www.academia-barcelona.com\/?s={search_term_string}\"},\"query-input\":{\"@type\":\"PropertyValueSpecification\",\"valueRequired\":true,\"valueName\":\"search_term_string\"}}],\"inLanguage\":\"ca\"}]}<\/script>\n<!-- \/ Yoast SEO plugin. -->","yoast_head_json":{"title":"El curs d'alemany en parella s'adapta a la vostra agenda","description":"El curs d'alemany en parella s'adapta a la vostra agenda i les vostres necessitats. Tu i el teu company podreu aprendre junts de manera semi-personalitzada","robots":{"index":"index","follow":"follow","max-snippet":"max-snippet:-1","max-image-preview":"max-image-preview:large","max-video-preview":"max-video-preview:-1"},"canonical":"https:\/\/www.academia-barcelona.com\/ca\/cursos-dalemany\/curs-dalemany-parella\/","og_locale":"ca_ES","og_type":"article","og_title":"El curs d'alemany en parella s'adapta a la vostra agenda","og_description":"El curs d'alemany en parella s'adapta a la vostra agenda i les vostres necessitats. Tu i el teu company podreu aprendre junts de manera semi-personalitzada","og_url":"https:\/\/www.academia-barcelona.com\/ca\/cursos-dalemany\/curs-dalemany-parella\/","article_modified_time":"2019-02-22T15:57:37+00:00","twitter_card":"summary_large_image","twitter_misc":{"Temps estimat de lectura":"2 minuts"},"schema":{"@context":"https:\/\/schema.org","@graph":[{"@type":"WebPage","@id":"https:\/\/www.academia-barcelona.com\/ca\/cursos-dalemany\/curs-dalemany-parella\/","url":"https:\/\/www.academia-barcelona.com\/ca\/cursos-dalemany\/curs-dalemany-parella\/","name":"El curs d'alemany en parella s'adapta a la vostra agenda","isPartOf":{"@id":"https:\/\/www.academia-barcelona.com\/#website"},"datePublished":"2017-05-08T12:03:58+00:00","dateModified":"2019-02-22T15:57:37+00:00","description":"El curs d'alemany en parella s'adapta a la vostra agenda i les vostres necessitats. Tu i el teu company podreu aprendre junts de manera semi-personalitzada","breadcrumb":{"@id":"https:\/\/www.academia-barcelona.com\/ca\/cursos-dalemany\/curs-dalemany-parella\/#breadcrumb"},"inLanguage":"ca","potentialAction":[{"@type":"ReadAction","target":["https:\/\/www.academia-barcelona.com\/ca\/cursos-dalemany\/curs-dalemany-parella\/"]}]},{"@type":"BreadcrumbList","@id":"https:\/\/www.academia-barcelona.com\/ca\/cursos-dalemany\/curs-dalemany-parella\/#breadcrumb","itemListElement":[{"@type":"ListItem","position":1,"name":"Cursos d\u2019alemany","item":"https:\/\/www.academia-barcelona.com\/ca\/cursos-dalemany\/"},{"@type":"ListItem","position":2,"name":"Curs d\u2019alemany en parella"}]},{"@type":"WebSite","@id":"https:\/\/www.academia-barcelona.com\/#website","url":"https:\/\/www.academia-barcelona.com\/","name":"","description":"","potentialAction":[{"@type":"SearchAction","target":{"@type":"EntryPoint","urlTemplate":"https:\/\/www.academia-barcelona.com\/?s={search_term_string}"},"query-input":{"@type":"PropertyValueSpecification","valueRequired":true,"valueName":"search_term_string"}}],"inLanguage":"ca"}]}},"_links":{"self":[{"href":"https:\/\/www.academia-barcelona.com\/ca\/wp-json\/wp\/v2\/pages\/9068","targetHints":{"allow":["GET"]}}],"collection":[{"href":"https:\/\/www.academia-barcelona.com\/ca\/wp-json\/wp\/v2\/pages"}],"about":[{"href":"https:\/\/www.academia-barcelona.com\/ca\/wp-json\/wp\/v2\/types\/page"}],"author":[{"embeddable":true,"href":"https:\/\/www.academia-barcelona.com\/ca\/wp-json\/wp\/v2\/users\/3"}],"replies":[{"embeddable":true,"href":"https:\/\/www.academia-barcelona.com\/ca\/wp-json\/wp\/v2\/comments?post=9068"}],"version-history":[{"count":5,"href":"https:\/\/www.academia-barcelona.com\/ca\/wp-json\/wp\/v2\/pages\/9068\/revisions"}],"predecessor-version":[{"id":11138,"href":"https:\/\/www.academia-barcelona.com\/ca\/wp-json\/wp\/v2\/pages\/9068\/revisions\/11138"}],"up":[{"embeddable":true,"href":"https:\/\/www.academia-barcelona.com\/ca\/wp-json\/wp\/v2\/pages\/1383"}],"wp:attachment":[{"href":"https:\/\/www.academia-barcelona.com\/ca\/wp-json\/wp\/v2\/media?parent=9068"}],"curies":[{"name":"wp","href":"https:\/\/api.w.org\/{rel}","templated":true}]}}