{"id":9052,"date":"2017-05-08T11:57:39","date_gmt":"2017-05-08T11:57:39","guid":{"rendered":"http:\/\/barcelona-sprachschule.de\/?page_id=9052\/"},"modified":"2018-10-01T17:20:20","modified_gmt":"2018-10-01T17:20:20","slug":"curs-dalemany-extensiu","status":"publish","type":"page","link":"https:\/\/www.academia-barcelona.com\/ca\/cursos-dalemany\/curs-dalemany-extensiu\/","title":{"rendered":"Curs d\u2019alemany extensiu"},"content":{"rendered":"<p>[vc_row css=&#8221;.vc_custom_1494244490671{padding-bottom: 30px !important;}&#8221;][vc_column][vc_column_text]<\/p>\n<h1>Cursos d&#8217;alemany extensiu<\/h1>\n<p>Poc temps per estudiar? Amb el nostre<strong> curs d&#8217;alemany extensiu<\/strong> podr\u00e0s compaginar les classes amb els teus estudis o feina. A Clase Barcelona Language School ens marquem com a objectiu que els nostres alumnes aprenguin a comunicar-se en alemany a les situacions reals del dia a dia, a expressar les seves necessitats i desitjos m\u00e9s b\u00e0sics, i que a m\u00e9s a m\u00e9s adquireixen una base gramatical i entenguin la informaci\u00f3 b\u00e0sica a una conversa amb una persona de parla alemanya. El nostre curs extensiu d&#8217;alemany et permet estudiar la llengua durant alguns mesos, sense presa, per tal de poder adquirir el nivell correctament. Si tens pensat anar a viure a Alemanya (ja sigui per feina, estudis universitaris, amics o fam\u00edlia) i disposes d&#8217;alguns mesos i poc temps, el curs extensiu d&#8217;alemany \u00e9s ideal per a tu.<\/p>\n<p>Els nostres cursos es basen en el Marc Com\u00fa Europeu de Refer\u00e8ncia per a les Lleng\u00fces (pots consultar la <a href=\"https:\/\/www.academia-barcelona.com\/ca\/que-oferim\/la-nostra-metodologia\/\">Nostra Metodologia<\/a>).<\/p>\n<p>Al final del curs en grup, l&#8217;alumne ser\u00e0 capa\u00e7 d&#8217;entendre frases senzilles i expressions quotidianes en alemany que responguin a necessitats concretes: presentar-se a un mateix i a la resta, plantejar preguntes i respondre-les sobre informaci\u00f3 b\u00e0sica de contacte, amics, fam\u00edlia, gustos, etc.<\/p>\n<p>En aquest curs es practiquen en grups redu\u00efts les quatre destreses ling\u00fc\u00edstiques: comprensi\u00f3 auditiva, comprensi\u00f3 lectora, interacci\u00f3 oral i interacci\u00f3 escrita. A m\u00e9s a m\u00e9s, els nostres <strong>professors natius i qualificats<\/strong> estan pendents de l&#8217;evoluci\u00f3 de cadasc\u00fa. Per aix\u00f2, el curs extensiu d&#8217;alemany proporciona contacte setmanal i regular amb l&#8217;idioma, a m\u00e9s de fer els deures entre classe i classe.<\/p>\n<p>Ens vols con\u00e8ixer millor? Visita la nostra <a href=\"https:\/\/www.academia-barcelona.com\/galeria-de-fotos\/\">Galeria de Fotos! <\/a>[\/vc_column_text][\/vc_column][\/vc_row][vc_row full_width=&#8221;stretch_row&#8221; css=&#8221;.vc_custom_1494244538100{padding-top: 30px !important;padding-bottom: 30px !important;background-color: #f9f9f9 !important;}&#8221;][vc_column][vc_column_text]<\/p>\n<h2>Informaci\u00f3 pr\u00e0ctica<\/h2>\n<p>Modalitat: classes dos dies a la setmana de 1.5 hores<\/p>\n<p>3 hores a la setmana en total.<\/p>\n<p>Horari: matins o tardes (entre les 9:00 i les 20:30 hores).<\/p>\n<p>Propera data d&#8217;inici: cada setmana nous cursos. Informa&#8217;t de les properes dates a la nostra<a href=\"https:\/\/www.academia-barcelona.com\/ca\/oferta-del-mes\/\"> Oferta del mes<\/a>.<\/p>\n<p>Preu: 149- al mes.[\/vc_column_text][\/vc_column][\/vc_row]<\/p>\n","protected":false},"excerpt":{"rendered":"<p>[vc_row css=&#8221;.vc_custom_1494244490671{padding-bottom: 30px !important;}&#8221;][vc_column][vc_column_text] Cursos d&#8217;alemany extensiu Poc temps per estudiar? Amb el nostre curs d&#8217;alemany extensiu podr\u00e0s compaginar les classes amb els teus estudis o feina. A Clase Barcelona Language School ens marquem com a objectiu que els nostres alumnes aprenguin a comunicar-se en alemany a les situacions reals del dia a dia, a&hellip; <a class=\"read-more\" href=\"https:\/\/www.academia-barcelona.com\/ca\/cursos-dalemany\/curs-dalemany-extensiu\/\" title=\"Read Curs d\u2019alemany extensiu\">Read more &raquo;<\/a><\/p>\n","protected":false},"author":3,"featured_media":0,"parent":1383,"menu_order":0,"comment_status":"closed","ping_status":"closed","template":"","meta":{"footnotes":""},"class_list":["post-9052","page","type-page","status-publish","hentry"],"yoast_head":"<!-- This site is optimized with the Yoast SEO plugin v27.1.1 - https:\/\/yoast.com\/product\/yoast-seo-wordpress\/ -->\n<title>Curs d&#039;alemany extensiu Clase Barcelona Language School<\/title>\n<meta name=\"description\" content=\"El curs d&#039;alemany extensiu de Clase Barcelona Language School et proporciona un contacte setmanal amb la llengua, classes divertides i professors natius.\" \/>\n<meta name=\"robots\" content=\"index, follow, max-snippet:-1, max-image-preview:large, max-video-preview:-1\" \/>\n<link rel=\"canonical\" href=\"https:\/\/www.academia-barcelona.com\/ca\/cursos-dalemany\/curs-dalemany-extensiu\/\" \/>\n<meta property=\"og:locale\" content=\"ca_ES\" \/>\n<meta property=\"og:type\" content=\"article\" \/>\n<meta property=\"og:title\" content=\"Curs d&#039;alemany extensiu Clase Barcelona Language School\" \/>\n<meta property=\"og:description\" content=\"El curs d&#039;alemany extensiu de Clase Barcelona Language School et proporciona un contacte setmanal amb la llengua, classes divertides i professors natius.\" \/>\n<meta property=\"og:url\" content=\"https:\/\/www.academia-barcelona.com\/ca\/cursos-dalemany\/curs-dalemany-extensiu\/\" \/>\n<meta property=\"article:modified_time\" content=\"2018-10-01T17:20:20+00:00\" \/>\n<meta name=\"twitter:card\" content=\"summary_large_image\" \/>\n<meta name=\"twitter:label1\" content=\"Temps estimat de lectura\" \/>\n\t<meta name=\"twitter:data1\" content=\"2 minuts\" \/>\n<script type=\"application\/ld+json\" class=\"yoast-schema-graph\">{\"@context\":\"https:\/\/schema.org\",\"@graph\":[{\"@type\":\"WebPage\",\"@id\":\"https:\/\/www.academia-barcelona.com\/ca\/cursos-dalemany\/curs-dalemany-extensiu\/\",\"url\":\"https:\/\/www.academia-barcelona.com\/ca\/cursos-dalemany\/curs-dalemany-extensiu\/\",\"name\":\"Curs d'alemany extensiu Clase Barcelona Language School\",\"isPartOf\":{\"@id\":\"https:\/\/www.academia-barcelona.com\/#website\"},\"datePublished\":\"2017-05-08T11:57:39+00:00\",\"dateModified\":\"2018-10-01T17:20:20+00:00\",\"description\":\"El curs d'alemany extensiu de Clase Barcelona Language School et proporciona un contacte setmanal amb la llengua, classes divertides i professors natius.\",\"breadcrumb\":{\"@id\":\"https:\/\/www.academia-barcelona.com\/ca\/cursos-dalemany\/curs-dalemany-extensiu\/#breadcrumb\"},\"inLanguage\":\"ca\",\"potentialAction\":[{\"@type\":\"ReadAction\",\"target\":[\"https:\/\/www.academia-barcelona.com\/ca\/cursos-dalemany\/curs-dalemany-extensiu\/\"]}]},{\"@type\":\"BreadcrumbList\",\"@id\":\"https:\/\/www.academia-barcelona.com\/ca\/cursos-dalemany\/curs-dalemany-extensiu\/#breadcrumb\",\"itemListElement\":[{\"@type\":\"ListItem\",\"position\":1,\"name\":\"Cursos d\u2019alemany\",\"item\":\"https:\/\/www.academia-barcelona.com\/ca\/cursos-dalemany\/\"},{\"@type\":\"ListItem\",\"position\":2,\"name\":\"Curs d\u2019alemany extensiu\"}]},{\"@type\":\"WebSite\",\"@id\":\"https:\/\/www.academia-barcelona.com\/#website\",\"url\":\"https:\/\/www.academia-barcelona.com\/\",\"name\":\"\",\"description\":\"\",\"potentialAction\":[{\"@type\":\"SearchAction\",\"target\":{\"@type\":\"EntryPoint\",\"urlTemplate\":\"https:\/\/www.academia-barcelona.com\/?s={search_term_string}\"},\"query-input\":{\"@type\":\"PropertyValueSpecification\",\"valueRequired\":true,\"valueName\":\"search_term_string\"}}],\"inLanguage\":\"ca\"}]}<\/script>\n<!-- \/ Yoast SEO plugin. -->","yoast_head_json":{"title":"Curs d'alemany extensiu Clase Barcelona Language School","description":"El curs d'alemany extensiu de Clase Barcelona Language School et proporciona un contacte setmanal amb la llengua, classes divertides i professors natius.","robots":{"index":"index","follow":"follow","max-snippet":"max-snippet:-1","max-image-preview":"max-image-preview:large","max-video-preview":"max-video-preview:-1"},"canonical":"https:\/\/www.academia-barcelona.com\/ca\/cursos-dalemany\/curs-dalemany-extensiu\/","og_locale":"ca_ES","og_type":"article","og_title":"Curs d'alemany extensiu Clase Barcelona Language School","og_description":"El curs d'alemany extensiu de Clase Barcelona Language School et proporciona un contacte setmanal amb la llengua, classes divertides i professors natius.","og_url":"https:\/\/www.academia-barcelona.com\/ca\/cursos-dalemany\/curs-dalemany-extensiu\/","article_modified_time":"2018-10-01T17:20:20+00:00","twitter_card":"summary_large_image","twitter_misc":{"Temps estimat de lectura":"2 minuts"},"schema":{"@context":"https:\/\/schema.org","@graph":[{"@type":"WebPage","@id":"https:\/\/www.academia-barcelona.com\/ca\/cursos-dalemany\/curs-dalemany-extensiu\/","url":"https:\/\/www.academia-barcelona.com\/ca\/cursos-dalemany\/curs-dalemany-extensiu\/","name":"Curs d'alemany extensiu Clase Barcelona Language School","isPartOf":{"@id":"https:\/\/www.academia-barcelona.com\/#website"},"datePublished":"2017-05-08T11:57:39+00:00","dateModified":"2018-10-01T17:20:20+00:00","description":"El curs d'alemany extensiu de Clase Barcelona Language School et proporciona un contacte setmanal amb la llengua, classes divertides i professors natius.","breadcrumb":{"@id":"https:\/\/www.academia-barcelona.com\/ca\/cursos-dalemany\/curs-dalemany-extensiu\/#breadcrumb"},"inLanguage":"ca","potentialAction":[{"@type":"ReadAction","target":["https:\/\/www.academia-barcelona.com\/ca\/cursos-dalemany\/curs-dalemany-extensiu\/"]}]},{"@type":"BreadcrumbList","@id":"https:\/\/www.academia-barcelona.com\/ca\/cursos-dalemany\/curs-dalemany-extensiu\/#breadcrumb","itemListElement":[{"@type":"ListItem","position":1,"name":"Cursos d\u2019alemany","item":"https:\/\/www.academia-barcelona.com\/ca\/cursos-dalemany\/"},{"@type":"ListItem","position":2,"name":"Curs d\u2019alemany extensiu"}]},{"@type":"WebSite","@id":"https:\/\/www.academia-barcelona.com\/#website","url":"https:\/\/www.academia-barcelona.com\/","name":"","description":"","potentialAction":[{"@type":"SearchAction","target":{"@type":"EntryPoint","urlTemplate":"https:\/\/www.academia-barcelona.com\/?s={search_term_string}"},"query-input":{"@type":"PropertyValueSpecification","valueRequired":true,"valueName":"search_term_string"}}],"inLanguage":"ca"}]}},"_links":{"self":[{"href":"https:\/\/www.academia-barcelona.com\/ca\/wp-json\/wp\/v2\/pages\/9052","targetHints":{"allow":["GET"]}}],"collection":[{"href":"https:\/\/www.academia-barcelona.com\/ca\/wp-json\/wp\/v2\/pages"}],"about":[{"href":"https:\/\/www.academia-barcelona.com\/ca\/wp-json\/wp\/v2\/types\/page"}],"author":[{"embeddable":true,"href":"https:\/\/www.academia-barcelona.com\/ca\/wp-json\/wp\/v2\/users\/3"}],"replies":[{"embeddable":true,"href":"https:\/\/www.academia-barcelona.com\/ca\/wp-json\/wp\/v2\/comments?post=9052"}],"version-history":[{"count":9,"href":"https:\/\/www.academia-barcelona.com\/ca\/wp-json\/wp\/v2\/pages\/9052\/revisions"}],"predecessor-version":[{"id":10641,"href":"https:\/\/www.academia-barcelona.com\/ca\/wp-json\/wp\/v2\/pages\/9052\/revisions\/10641"}],"up":[{"embeddable":true,"href":"https:\/\/www.academia-barcelona.com\/ca\/wp-json\/wp\/v2\/pages\/1383"}],"wp:attachment":[{"href":"https:\/\/www.academia-barcelona.com\/ca\/wp-json\/wp\/v2\/media?parent=9052"}],"curies":[{"name":"wp","href":"https:\/\/api.w.org\/{rel}","templated":true}]}}