{"id":9042,"date":"2017-05-08T09:38:07","date_gmt":"2017-05-08T09:38:07","guid":{"rendered":"http:\/\/barcelona-sprachschule.de\/?page_id=9042\/"},"modified":"2017-12-15T15:58:07","modified_gmt":"2017-12-15T15:58:07","slug":"classes-particulars-didiomes","status":"publish","type":"page","link":"https:\/\/www.academia-barcelona.com\/ca\/cursos-didiomes\/classes-particulars-didiomes\/","title":{"rendered":"Classes Particulars"},"content":{"rendered":"<p>[vc_row css=&#8221;.vc_custom_1494236081487{padding-bottom: 30px !important;}&#8221;][vc_column][vc_column_text]<\/p>\n<h1>Classes particulars d&#8217;idiomes<\/h1>\n<p>Les classes particulars d&#8217;idiomes s\u00f3n l&#8217;opci\u00f3 m\u00e9s indicada quan tens poc temps per aprendre un idioma. El professor es centra en acomplir el teu objectiu, per tant, aprendr\u00e0s millor i al teu ritme. A m\u00e9s, si t&#8217;has de preparar per a un examen oficial, les classes particulars d&#8217;idiomes tamb\u00e9 s\u00f3n eficaces. Les classes particulars amb els nostres professors natius s&#8217;ajusten al teu ritme, l&#8217;horari i freq\u00fc\u00e8ncia.<\/p>\n<p>Els m\u00e9s notable dels avantatges que t&#8217;ofereixen les classes particulars d&#8217;idiomes \u00e9s la personalitzaci\u00f3. De manera que pots personalitzar all\u00f2 que aprens i millorar all\u00f2 que et cal. Potser mantenir una conversa, o superar un examen oficial o una entrevista de feina, millorar la comprensi\u00f3 oral o probablement perfeccionar la pronunciaci\u00f3, etc.<\/p>\n<p>La nostra acad\u00e8mia t\u00e9 una gran experi\u00e8ncia en aquest camp i t&#8217;ofereix classes particulars d&#8217;idiomes, com ara angl\u00e8s, alemany, franc\u00e8s o altres idiomes. <a href=\"mailto:info@clase-barcelona.es\">Consulta amb nosaltres<\/a> si tens qualsevol dubte, t&#8217;atendrem amb molt de gust.<\/p>\n<p>Generalment les classes s&#8217;imparteixen a la nostra acad\u00e8mia, ubicada al centre de Barcelona, molt a prop de Passeig de Gr\u00e0cia. Tanmateix, tamb\u00e9 us oferim la possibilitat de que un dels nostres professors es desplaci al teu domicili o la teva oficina. Pots consultar els <a href=\"https:\/\/www.academia-barcelona.com\/ca\/preu\/\">preus <\/a>de cada modalitat.[\/vc_column_text][\/vc_column][\/vc_row][vc_row full_width=&#8221;stretch_row&#8221; css=&#8221;.vc_custom_1494236092258{padding-top: 30px !important;padding-bottom: 30px !important;background-color: #f9f9f9 !important;}&#8221;][vc_column][vc_column_text]<\/p>\n<h2>Classes particulars d&#8217;idiomes a domicili<\/h2>\n<p>Si et resulta m\u00e9s c\u00f2mode, o no tens gaire temps per venir, et proporcionem un professor que es despla\u00e7a al teu domicili.\u00a0 Per tant pots triar els dies i horaris com t&#8217;estimis m\u00e9s. M\u00e9s aviat, et recomanarem la millor opci\u00f3 en funci\u00f3 de la teva disponibilitat.<\/p>\n<p>Sobretot cal dir que oferim servei a tota Barcelona i tamb\u00e9 a l&#8217;\u00e0rea metropolitana (Sant Cugat, Hospitalet de Llobregat, Badalona&#8230;). Consulta els nostres <a href=\"https:\/\/www.academia-barcelona.com\/ca\/preu\/\">preus.<\/a><\/p>\n<p>Els nostres professors natius imparteixen les classes particulars a domicili amb la mateixa metodologia i el mateix entusiasme que a la nostra acad\u00e8mia. Tamb\u00e9 \u00e9s una bona opci\u00f3, malgrat tenir poc temps, poder aprendre idiomes a casa o a la oficina.[\/vc_column_text][\/vc_column][\/vc_row][vc_row full_width=&#8221;stretch_row&#8221; css=&#8221;.vc_custom_1494236109752{padding-top: 30px !important;padding-bottom: 30px !important;}&#8221;][vc_column][vc_column_text]<\/p>\n<h2>Informaci\u00f3 pr\u00e0ctica<\/h2>\n<p>Les classes particulars a domicili inclouen:<\/p>\n<ul>\n<li>Despla\u00e7ament del professor al domicili<\/li>\n<li>Fotocopies i material did\u00e0ctic complementari<\/li>\n<li>Assessorament, catalogaci\u00f3 al nivell corresponent i avaluaci\u00f3<\/li>\n<li>Totes les nostres ofertes son flexibles en funci\u00f3 a les necessitats de l\u2019alumne.<\/li>\n<li>Certificat del curs: Al finalitzar el curs rebr\u00e0s un certificat del teu nivell, segons correspongui al Marc Com\u00fa Europeu de Refer\u00e8ncia per a les Lleng\u00fces.<\/li>\n<\/ul>\n<p>[\/vc_column_text][\/vc_column][\/vc_row]<\/p>\n","protected":false},"excerpt":{"rendered":"<p>[vc_row css=&#8221;.vc_custom_1494236081487{padding-bottom: 30px !important;}&#8221;][vc_column][vc_column_text] Classes particulars d&#8217;idiomes Les classes particulars d&#8217;idiomes s\u00f3n l&#8217;opci\u00f3 m\u00e9s indicada quan tens poc temps per aprendre un idioma. El professor es centra en acomplir el teu objectiu, per tant, aprendr\u00e0s millor i al teu ritme. A m\u00e9s, si t&#8217;has de preparar per a un examen oficial, les classes particulars d&#8217;idiomes&hellip; <a class=\"read-more\" href=\"https:\/\/www.academia-barcelona.com\/ca\/cursos-didiomes\/classes-particulars-didiomes\/\" title=\"Read Classes Particulars\">Read more &raquo;<\/a><\/p>\n","protected":false},"author":3,"featured_media":0,"parent":1381,"menu_order":0,"comment_status":"closed","ping_status":"closed","template":"","meta":{"footnotes":""},"class_list":["post-9042","page","type-page","status-publish","hentry"],"yoast_head":"<!-- This site is optimized with the Yoast SEO plugin v27.1.1 - https:\/\/yoast.com\/product\/yoast-seo-wordpress\/ -->\n<title>Classes particulars d&#039;idiomes a Clase Barcelona Language School<\/title>\n<meta name=\"description\" content=\"Les nostres classes particulars d&#039;idiomes et faciliten l&#039;aprenentatge d&#039;alemany, angl\u00e8s o franc\u00e8s, amb flexibilitat horaria total.\" \/>\n<meta name=\"robots\" content=\"index, follow, max-snippet:-1, max-image-preview:large, max-video-preview:-1\" \/>\n<link rel=\"canonical\" href=\"https:\/\/www.academia-barcelona.com\/ca\/cursos-didiomes\/classes-particulars-didiomes\/\" \/>\n<meta property=\"og:locale\" content=\"ca_ES\" \/>\n<meta property=\"og:type\" content=\"article\" \/>\n<meta property=\"og:title\" content=\"Classes particulars d&#039;idiomes a Clase Barcelona Language School\" \/>\n<meta property=\"og:description\" content=\"Les nostres classes particulars d&#039;idiomes et faciliten l&#039;aprenentatge d&#039;alemany, angl\u00e8s o franc\u00e8s, amb flexibilitat horaria total.\" \/>\n<meta property=\"og:url\" content=\"https:\/\/www.academia-barcelona.com\/ca\/cursos-didiomes\/classes-particulars-didiomes\/\" \/>\n<meta property=\"article:modified_time\" content=\"2017-12-15T15:58:07+00:00\" \/>\n<meta name=\"twitter:card\" content=\"summary_large_image\" \/>\n<meta name=\"twitter:label1\" content=\"Temps estimat de lectura\" \/>\n\t<meta name=\"twitter:data1\" content=\"2 minuts\" \/>\n<script type=\"application\/ld+json\" class=\"yoast-schema-graph\">{\"@context\":\"https:\/\/schema.org\",\"@graph\":[{\"@type\":\"WebPage\",\"@id\":\"https:\/\/www.academia-barcelona.com\/ca\/cursos-didiomes\/classes-particulars-didiomes\/\",\"url\":\"https:\/\/www.academia-barcelona.com\/ca\/cursos-didiomes\/classes-particulars-didiomes\/\",\"name\":\"Classes particulars d'idiomes a Clase Barcelona Language School\",\"isPartOf\":{\"@id\":\"https:\/\/www.academia-barcelona.com\/#website\"},\"datePublished\":\"2017-05-08T09:38:07+00:00\",\"dateModified\":\"2017-12-15T15:58:07+00:00\",\"description\":\"Les nostres classes particulars d'idiomes et faciliten l'aprenentatge d'alemany, angl\u00e8s o franc\u00e8s, amb flexibilitat horaria total.\",\"breadcrumb\":{\"@id\":\"https:\/\/www.academia-barcelona.com\/ca\/cursos-didiomes\/classes-particulars-didiomes\/#breadcrumb\"},\"inLanguage\":\"ca\",\"potentialAction\":[{\"@type\":\"ReadAction\",\"target\":[\"https:\/\/www.academia-barcelona.com\/ca\/cursos-didiomes\/classes-particulars-didiomes\/\"]}]},{\"@type\":\"BreadcrumbList\",\"@id\":\"https:\/\/www.academia-barcelona.com\/ca\/cursos-didiomes\/classes-particulars-didiomes\/#breadcrumb\",\"itemListElement\":[{\"@type\":\"ListItem\",\"position\":1,\"name\":\"Cursos d\u2019idiomes\",\"item\":\"https:\/\/www.academia-barcelona.com\/ca\/cursos-didiomes\/\"},{\"@type\":\"ListItem\",\"position\":2,\"name\":\"Classes Particulars\"}]},{\"@type\":\"WebSite\",\"@id\":\"https:\/\/www.academia-barcelona.com\/#website\",\"url\":\"https:\/\/www.academia-barcelona.com\/\",\"name\":\"\",\"description\":\"\",\"potentialAction\":[{\"@type\":\"SearchAction\",\"target\":{\"@type\":\"EntryPoint\",\"urlTemplate\":\"https:\/\/www.academia-barcelona.com\/?s={search_term_string}\"},\"query-input\":{\"@type\":\"PropertyValueSpecification\",\"valueRequired\":true,\"valueName\":\"search_term_string\"}}],\"inLanguage\":\"ca\"}]}<\/script>\n<!-- \/ Yoast SEO plugin. -->","yoast_head_json":{"title":"Classes particulars d'idiomes a Clase Barcelona Language School","description":"Les nostres classes particulars d'idiomes et faciliten l'aprenentatge d'alemany, angl\u00e8s o franc\u00e8s, amb flexibilitat horaria total.","robots":{"index":"index","follow":"follow","max-snippet":"max-snippet:-1","max-image-preview":"max-image-preview:large","max-video-preview":"max-video-preview:-1"},"canonical":"https:\/\/www.academia-barcelona.com\/ca\/cursos-didiomes\/classes-particulars-didiomes\/","og_locale":"ca_ES","og_type":"article","og_title":"Classes particulars d'idiomes a Clase Barcelona Language School","og_description":"Les nostres classes particulars d'idiomes et faciliten l'aprenentatge d'alemany, angl\u00e8s o franc\u00e8s, amb flexibilitat horaria total.","og_url":"https:\/\/www.academia-barcelona.com\/ca\/cursos-didiomes\/classes-particulars-didiomes\/","article_modified_time":"2017-12-15T15:58:07+00:00","twitter_card":"summary_large_image","twitter_misc":{"Temps estimat de lectura":"2 minuts"},"schema":{"@context":"https:\/\/schema.org","@graph":[{"@type":"WebPage","@id":"https:\/\/www.academia-barcelona.com\/ca\/cursos-didiomes\/classes-particulars-didiomes\/","url":"https:\/\/www.academia-barcelona.com\/ca\/cursos-didiomes\/classes-particulars-didiomes\/","name":"Classes particulars d'idiomes a Clase Barcelona Language School","isPartOf":{"@id":"https:\/\/www.academia-barcelona.com\/#website"},"datePublished":"2017-05-08T09:38:07+00:00","dateModified":"2017-12-15T15:58:07+00:00","description":"Les nostres classes particulars d'idiomes et faciliten l'aprenentatge d'alemany, angl\u00e8s o franc\u00e8s, amb flexibilitat horaria total.","breadcrumb":{"@id":"https:\/\/www.academia-barcelona.com\/ca\/cursos-didiomes\/classes-particulars-didiomes\/#breadcrumb"},"inLanguage":"ca","potentialAction":[{"@type":"ReadAction","target":["https:\/\/www.academia-barcelona.com\/ca\/cursos-didiomes\/classes-particulars-didiomes\/"]}]},{"@type":"BreadcrumbList","@id":"https:\/\/www.academia-barcelona.com\/ca\/cursos-didiomes\/classes-particulars-didiomes\/#breadcrumb","itemListElement":[{"@type":"ListItem","position":1,"name":"Cursos d\u2019idiomes","item":"https:\/\/www.academia-barcelona.com\/ca\/cursos-didiomes\/"},{"@type":"ListItem","position":2,"name":"Classes Particulars"}]},{"@type":"WebSite","@id":"https:\/\/www.academia-barcelona.com\/#website","url":"https:\/\/www.academia-barcelona.com\/","name":"","description":"","potentialAction":[{"@type":"SearchAction","target":{"@type":"EntryPoint","urlTemplate":"https:\/\/www.academia-barcelona.com\/?s={search_term_string}"},"query-input":{"@type":"PropertyValueSpecification","valueRequired":true,"valueName":"search_term_string"}}],"inLanguage":"ca"}]}},"_links":{"self":[{"href":"https:\/\/www.academia-barcelona.com\/ca\/wp-json\/wp\/v2\/pages\/9042","targetHints":{"allow":["GET"]}}],"collection":[{"href":"https:\/\/www.academia-barcelona.com\/ca\/wp-json\/wp\/v2\/pages"}],"about":[{"href":"https:\/\/www.academia-barcelona.com\/ca\/wp-json\/wp\/v2\/types\/page"}],"author":[{"embeddable":true,"href":"https:\/\/www.academia-barcelona.com\/ca\/wp-json\/wp\/v2\/users\/3"}],"replies":[{"embeddable":true,"href":"https:\/\/www.academia-barcelona.com\/ca\/wp-json\/wp\/v2\/comments?post=9042"}],"version-history":[{"count":6,"href":"https:\/\/www.academia-barcelona.com\/ca\/wp-json\/wp\/v2\/pages\/9042\/revisions"}],"predecessor-version":[{"id":9896,"href":"https:\/\/www.academia-barcelona.com\/ca\/wp-json\/wp\/v2\/pages\/9042\/revisions\/9896"}],"up":[{"embeddable":true,"href":"https:\/\/www.academia-barcelona.com\/ca\/wp-json\/wp\/v2\/pages\/1381"}],"wp:attachment":[{"href":"https:\/\/www.academia-barcelona.com\/ca\/wp-json\/wp\/v2\/media?parent=9042"}],"curies":[{"name":"wp","href":"https:\/\/api.w.org\/{rel}","templated":true}]}}