{"id":9037,"date":"2017-05-08T09:32:55","date_gmt":"2017-05-08T09:32:55","guid":{"rendered":"http:\/\/barcelona-sprachschule.de\/?page_id=9037\/"},"modified":"2017-09-25T12:38:14","modified_gmt":"2017-09-25T12:38:14","slug":"cursos-de-frances","status":"publish","type":"page","link":"https:\/\/www.academia-barcelona.com\/ca\/cursos-didiomes\/cursos-de-frances\/","title":{"rendered":"Cursos de franc\u00e8s"},"content":{"rendered":"<p>[vc_row css=&#8221;.vc_custom_1494235994994{padding-bottom: 50px !important;}&#8221;][vc_column][vc_column_text]<\/p>\n<h1>Cursos de franc\u00e8s a la nostra escola d\u2019idiomes<\/h1>\n<p>[\/vc_column_text][vc_row_inner][vc_column_inner width=&#8221;1\/2&#8243;][vc_single_image image=&#8221;2917&#8243; img_size=&#8221;full&#8221; alignment=&#8221;center&#8221; style=&#8221;vc_box_outline&#8221;][\/vc_column_inner][vc_column_inner width=&#8221;1\/2&#8243;][vc_column_text]Cursos de franc\u00e8s a la nostra escola d\u2019idiomes. Avui en dia el franc\u00e8s \u00e9s un dels idiomes m\u00e9s importants del m\u00f3n. Aqui us presentem els nostres cursos de franc\u00e8s, vine a aprendre franc\u00e8s amb els nostres professors natius!<\/p>\n<ul>\n<li><a href=\"https:\/\/www.academia-barcelona.com\/ca\/cursos-dalemany\/curs-intensiu-dalemany\/\">Curs intensiu de franc\u00e8s<\/a><\/li>\n<li>Curs de franc\u00e8s en grup<\/li>\n<li><a title=\"Cursos particulares de franc\u00e9s\" href=\"https:\/\/www.academia-barcelona.com\/ca\/cursos-dalemany\/classes-particulars-dalemany\/\" target=\"_blank\" rel=\"noopener noreferrer\">Classes particulars de franc\u00e8s<\/a><\/li>\n<li><a title=\"Cursos de franc\u00e9s en parejas\" href=\"https:\/\/www.academia-barcelona.com\/ca\/cursos-dalemany\/curs-dalemany-parella\/\" target=\"_blank\" rel=\"noopener noreferrer\">Curs de franc\u00e8s en parella<\/a><\/li>\n<li><a title=\"Curso de conversaci\u00f3n en franc\u00e9s\" href=\"https:\/\/www.academia-barcelona.com\/ca\/cursos-dalemany\/curs-de-conversa-en-alemany\/\" target=\"_blank\" rel=\"noopener noreferrer\">Curs de conversa en franc\u00e8s<\/a><\/li>\n<\/ul>\n<p>[\/vc_column_text][vc_column_text]Tria el curs que s\u2019adapti m\u00e9s a les teves necessitats i objectius, o consulta amb nosaltres quina \u00e9s la millor opci\u00f3 per aprendre franc\u00e8s. A Clase Barcelona Language School som flexibles i t\u2019oferim cursos personalitzats, amb varietat d\u2019horaris per triar, professors natius, metodologia basada en la comunicaci\u00f3 i sempre seguint els est\u00e0ndars del Marc Europeu de Refer\u00e8ncia per a les Lleng\u00fces.[\/vc_column_text][\/vc_column_inner][\/vc_row_inner][\/vc_column][\/vc_row]<\/p>\n","protected":false},"excerpt":{"rendered":"<p>[vc_row css=&#8221;.vc_custom_1494235994994{padding-bottom: 50px !important;}&#8221;][vc_column][vc_column_text] Cursos de franc\u00e8s a la nostra escola d\u2019idiomes [\/vc_column_text][vc_row_inner][vc_column_inner width=&#8221;1\/2&#8243;][vc_single_image image=&#8221;2917&#8243; img_size=&#8221;full&#8221; alignment=&#8221;center&#8221; style=&#8221;vc_box_outline&#8221;][\/vc_column_inner][vc_column_inner width=&#8221;1\/2&#8243;][vc_column_text]Cursos de franc\u00e8s a la nostra escola d\u2019idiomes. Avui en dia el franc\u00e8s \u00e9s un dels idiomes m\u00e9s importants del m\u00f3n. Aqui us presentem els nostres cursos de franc\u00e8s, vine a aprendre franc\u00e8s amb els nostres professors&hellip; <a class=\"read-more\" href=\"https:\/\/www.academia-barcelona.com\/ca\/cursos-didiomes\/cursos-de-frances\/\" title=\"Read Cursos de franc\u00e8s\">Read more &raquo;<\/a><\/p>\n","protected":false},"author":3,"featured_media":0,"parent":1381,"menu_order":0,"comment_status":"closed","ping_status":"closed","template":"","meta":{"footnotes":""},"class_list":["post-9037","page","type-page","status-publish","hentry"],"yoast_head":"<!-- This site is optimized with the Yoast SEO plugin v27.1.1 - https:\/\/yoast.com\/product\/yoast-seo-wordpress\/ -->\n<title>Cursos de franc\u00e8s Clase Barcelona Language School<\/title>\n<meta name=\"description\" content=\"A Clase Barcelona Language School trobar\u00e0s cursos de franc\u00e8s de diferents nivells i amb flexibilitat d&#039;horaris i professors natius.\" \/>\n<meta name=\"robots\" content=\"index, follow, max-snippet:-1, max-image-preview:large, max-video-preview:-1\" \/>\n<link rel=\"canonical\" href=\"https:\/\/www.academia-barcelona.com\/ca\/cursos-didiomes\/cursos-de-frances\/\" \/>\n<meta property=\"og:locale\" content=\"ca_ES\" \/>\n<meta property=\"og:type\" content=\"article\" \/>\n<meta property=\"og:title\" content=\"Cursos de franc\u00e8s Clase Barcelona Language School\" \/>\n<meta property=\"og:description\" content=\"A Clase Barcelona Language School trobar\u00e0s cursos de franc\u00e8s de diferents nivells i amb flexibilitat d&#039;horaris i professors natius.\" \/>\n<meta property=\"og:url\" content=\"https:\/\/www.academia-barcelona.com\/ca\/cursos-didiomes\/cursos-de-frances\/\" \/>\n<meta property=\"article:modified_time\" content=\"2017-09-25T12:38:14+00:00\" \/>\n<meta name=\"twitter:card\" content=\"summary_large_image\" \/>\n<meta name=\"twitter:label1\" content=\"Temps estimat de lectura\" \/>\n\t<meta name=\"twitter:data1\" content=\"1 minut\" \/>\n<script type=\"application\/ld+json\" class=\"yoast-schema-graph\">{\"@context\":\"https:\/\/schema.org\",\"@graph\":[{\"@type\":\"WebPage\",\"@id\":\"https:\/\/www.academia-barcelona.com\/ca\/cursos-didiomes\/cursos-de-frances\/\",\"url\":\"https:\/\/www.academia-barcelona.com\/ca\/cursos-didiomes\/cursos-de-frances\/\",\"name\":\"Cursos de franc\u00e8s Clase Barcelona Language School\",\"isPartOf\":{\"@id\":\"https:\/\/www.academia-barcelona.com\/#website\"},\"datePublished\":\"2017-05-08T09:32:55+00:00\",\"dateModified\":\"2017-09-25T12:38:14+00:00\",\"description\":\"A Clase Barcelona Language School trobar\u00e0s cursos de franc\u00e8s de diferents nivells i amb flexibilitat d'horaris i professors natius.\",\"breadcrumb\":{\"@id\":\"https:\/\/www.academia-barcelona.com\/ca\/cursos-didiomes\/cursos-de-frances\/#breadcrumb\"},\"inLanguage\":\"ca\",\"potentialAction\":[{\"@type\":\"ReadAction\",\"target\":[\"https:\/\/www.academia-barcelona.com\/ca\/cursos-didiomes\/cursos-de-frances\/\"]}]},{\"@type\":\"BreadcrumbList\",\"@id\":\"https:\/\/www.academia-barcelona.com\/ca\/cursos-didiomes\/cursos-de-frances\/#breadcrumb\",\"itemListElement\":[{\"@type\":\"ListItem\",\"position\":1,\"name\":\"Cursos d\u2019idiomes\",\"item\":\"https:\/\/www.academia-barcelona.com\/ca\/cursos-didiomes\/\"},{\"@type\":\"ListItem\",\"position\":2,\"name\":\"Cursos de franc\u00e8s\"}]},{\"@type\":\"WebSite\",\"@id\":\"https:\/\/www.academia-barcelona.com\/#website\",\"url\":\"https:\/\/www.academia-barcelona.com\/\",\"name\":\"\",\"description\":\"\",\"potentialAction\":[{\"@type\":\"SearchAction\",\"target\":{\"@type\":\"EntryPoint\",\"urlTemplate\":\"https:\/\/www.academia-barcelona.com\/?s={search_term_string}\"},\"query-input\":{\"@type\":\"PropertyValueSpecification\",\"valueRequired\":true,\"valueName\":\"search_term_string\"}}],\"inLanguage\":\"ca\"}]}<\/script>\n<!-- \/ Yoast SEO plugin. -->","yoast_head_json":{"title":"Cursos de franc\u00e8s Clase Barcelona Language School","description":"A Clase Barcelona Language School trobar\u00e0s cursos de franc\u00e8s de diferents nivells i amb flexibilitat d'horaris i professors natius.","robots":{"index":"index","follow":"follow","max-snippet":"max-snippet:-1","max-image-preview":"max-image-preview:large","max-video-preview":"max-video-preview:-1"},"canonical":"https:\/\/www.academia-barcelona.com\/ca\/cursos-didiomes\/cursos-de-frances\/","og_locale":"ca_ES","og_type":"article","og_title":"Cursos de franc\u00e8s Clase Barcelona Language School","og_description":"A Clase Barcelona Language School trobar\u00e0s cursos de franc\u00e8s de diferents nivells i amb flexibilitat d'horaris i professors natius.","og_url":"https:\/\/www.academia-barcelona.com\/ca\/cursos-didiomes\/cursos-de-frances\/","article_modified_time":"2017-09-25T12:38:14+00:00","twitter_card":"summary_large_image","twitter_misc":{"Temps estimat de lectura":"1 minut"},"schema":{"@context":"https:\/\/schema.org","@graph":[{"@type":"WebPage","@id":"https:\/\/www.academia-barcelona.com\/ca\/cursos-didiomes\/cursos-de-frances\/","url":"https:\/\/www.academia-barcelona.com\/ca\/cursos-didiomes\/cursos-de-frances\/","name":"Cursos de franc\u00e8s Clase Barcelona Language School","isPartOf":{"@id":"https:\/\/www.academia-barcelona.com\/#website"},"datePublished":"2017-05-08T09:32:55+00:00","dateModified":"2017-09-25T12:38:14+00:00","description":"A Clase Barcelona Language School trobar\u00e0s cursos de franc\u00e8s de diferents nivells i amb flexibilitat d'horaris i professors natius.","breadcrumb":{"@id":"https:\/\/www.academia-barcelona.com\/ca\/cursos-didiomes\/cursos-de-frances\/#breadcrumb"},"inLanguage":"ca","potentialAction":[{"@type":"ReadAction","target":["https:\/\/www.academia-barcelona.com\/ca\/cursos-didiomes\/cursos-de-frances\/"]}]},{"@type":"BreadcrumbList","@id":"https:\/\/www.academia-barcelona.com\/ca\/cursos-didiomes\/cursos-de-frances\/#breadcrumb","itemListElement":[{"@type":"ListItem","position":1,"name":"Cursos d\u2019idiomes","item":"https:\/\/www.academia-barcelona.com\/ca\/cursos-didiomes\/"},{"@type":"ListItem","position":2,"name":"Cursos de franc\u00e8s"}]},{"@type":"WebSite","@id":"https:\/\/www.academia-barcelona.com\/#website","url":"https:\/\/www.academia-barcelona.com\/","name":"","description":"","potentialAction":[{"@type":"SearchAction","target":{"@type":"EntryPoint","urlTemplate":"https:\/\/www.academia-barcelona.com\/?s={search_term_string}"},"query-input":{"@type":"PropertyValueSpecification","valueRequired":true,"valueName":"search_term_string"}}],"inLanguage":"ca"}]}},"_links":{"self":[{"href":"https:\/\/www.academia-barcelona.com\/ca\/wp-json\/wp\/v2\/pages\/9037","targetHints":{"allow":["GET"]}}],"collection":[{"href":"https:\/\/www.academia-barcelona.com\/ca\/wp-json\/wp\/v2\/pages"}],"about":[{"href":"https:\/\/www.academia-barcelona.com\/ca\/wp-json\/wp\/v2\/types\/page"}],"author":[{"embeddable":true,"href":"https:\/\/www.academia-barcelona.com\/ca\/wp-json\/wp\/v2\/users\/3"}],"replies":[{"embeddable":true,"href":"https:\/\/www.academia-barcelona.com\/ca\/wp-json\/wp\/v2\/comments?post=9037"}],"version-history":[{"count":3,"href":"https:\/\/www.academia-barcelona.com\/ca\/wp-json\/wp\/v2\/pages\/9037\/revisions"}],"predecessor-version":[{"id":9703,"href":"https:\/\/www.academia-barcelona.com\/ca\/wp-json\/wp\/v2\/pages\/9037\/revisions\/9703"}],"up":[{"embeddable":true,"href":"https:\/\/www.academia-barcelona.com\/ca\/wp-json\/wp\/v2\/pages\/1381"}],"wp:attachment":[{"href":"https:\/\/www.academia-barcelona.com\/ca\/wp-json\/wp\/v2\/media?parent=9037"}],"curies":[{"name":"wp","href":"https:\/\/api.w.org\/{rel}","templated":true}]}}