{"id":9028,"date":"2017-05-08T09:27:02","date_gmt":"2017-05-08T09:27:02","guid":{"rendered":"http:\/\/barcelona-sprachschule.de\/?page_id=9028\/"},"modified":"2021-11-03T09:02:12","modified_gmt":"2021-11-03T09:02:12","slug":"classes-particulars-de-frances","status":"publish","type":"page","link":"https:\/\/www.academia-barcelona.com\/ca\/cursos-didiomes\/classes-particulars-de-frances\/","title":{"rendered":"Classes particulars de franc\u00e8s"},"content":{"rendered":"<p>[vc_row css=&#8221;.vc_custom_1635930091921{margin-top: 25px !important;padding-bottom: 30px !important;}&#8221;][vc_column][vc_column_text]<\/p>\n<h1>Classes particulars de franc\u00e8s<\/h1>\n<p>Vols aprendre o millorar el teu franc\u00e8s a Barcelona? Amb les classes particulars de franc\u00e8s podr\u00e0s aprendre al teu ritme. En primer lloc, tries l&#8217;horari que et va millor. En segon lloc, el professor focalitzar\u00e0 els teus esfor\u00e7os a millorar all\u00f2 que necessites.[\/vc_column_text][vc_row_inner][vc_column_inner width=&#8221;1\/2&#8243;][vc_single_image image=&#8221;2911&#8243; img_size=&#8221;full&#8221; alignment=&#8221;center&#8221; style=&#8221;vc_box_outline&#8221;][\/vc_column_inner][vc_column_inner width=&#8221;1\/2&#8243;][vc_column_text]<\/p>\n<h2>On vulguis, quan vulguis<\/h2>\n<p>Les classes particulars de franc\u00e8s s&#8217;imparteixen on vulguis: a la nostra acad\u00e8mia -situada al cor de l&#8217;Eixample-, a la teva oficina o a domicili. De manera que no cal despla\u00e7aments per aprendre idiomes. Ja sigui per feina, si et dediques al sector tur\u00edstic, comercial o de negocis internacionals, per plaer, o per tal de viatjar a Fran\u00e7a, les classes particulars de franc\u00e8s t&#8217;ajudaran a assolir el teu objectiu.<\/p>\n<h2>Professors natius<\/h2>\n<p>L&#8217;aprenentatge amb les classes particulars de franc\u00e8s \u00e9s fluid, personalitzat i complet. D&#8217;aquesta manera, els professors natius tenen en comte les teves necessitats espec\u00edfiques adaptant aix\u00ed el tipus de curs: franc\u00e8s dels negocis, franc\u00e8s per a les vacances, preparaci\u00f3 d&#8217;examens oficials, franc\u00e8s per al turisme, conversa, etc. Si vols saber-ne m\u00e9s, consulta la <a href=\"https:\/\/www.academia-barcelona.com\/ca\/que-oferim\/la-nostra-metodologia\/\">Nostra Metodologia<\/a>.<\/p>\n<p>Finalment, i com tots els nostres cursos, les classes particulars de franc\u00e8s et permeten obtenir un certificat corresponent al Marc Com\u00fa Europeu de Refer\u00e8ncia per a les Lleng\u00fces amb el nivell que hagis assolit.[\/vc_column_text][\/vc_column_inner][\/vc_row_inner][vc_column_text]Un dels avantatges fonamentals de les classes particulars \u00e9s, a m\u00e9s de la flexibilitat hor\u00e0ria, l&#8217;adaptaci\u00f3 al ritme d&#8217;aprenentatge de l&#8217;alumne, a m\u00e9s de enfocar-nos a assolir l&#8217;objectiu.<\/p>\n<ul>\n<li>El preu de les classes particulars de franc\u00e8s inclou:<\/li>\n<li>Fotoc\u00f2pies i altre material educatiu.<\/li>\n<li>Assesoria i classificaci\u00f3 al nivell corresponent.<\/li>\n<li>Tutoria constant durant el curs (personal i virtual).<\/li>\n<li>Classes personalitzades i adaptades a la necessitat de l&#8217;estudiant.<\/li>\n<li>Informaci\u00f3 pr\u00e0ctica sobre Fran\u00e7a, la seva cultura, normes socials i d&#8217;educaci\u00f3.<\/li>\n<\/ul>\n<p>[\/vc_column_text][\/vc_column][\/vc_row][vc_row full_width=&#8221;stretch_row&#8221; css=&#8221;.vc_custom_1494235443033{padding-top: 30px !important;padding-bottom: 30px !important;background-color: #f9f9f9 !important;}&#8221;][vc_column][vc_column_text]<strong>Modalitat:<\/strong>\u00a020 hores de classes particulars (1 hora = 60 minuts) a consumir en un per\u00edode de 2 mesos<br \/>\n<strong>Horari:<\/strong>\u00a0a triar de dilluns a divendres de 9:00 a 20:00 i dissabtes de 9:00 a 18:00.<br \/>\n<strong>Lloc:<\/strong>\u00a0Clase Barcelona Language School, C\/ Pau Claris 108 1er. 1 08009 Barcelona<br \/>\n<strong>Cancel\u00b7laci\u00f3 de la classe:<\/strong>\u00a0flexible, per no perdre la classe, la falta d\u2019assist\u00e8ncia s\u2019ha d\u2019avisar amb 24 hores d\u2019antelaci\u00f3.<\/p>\n<p>Preu regular: 599\u20ac per Pack de 20 hores\u00a0 (a consumir en un per\u00edode de 2 mesos)<\/p>\n<p><strong>Preu \u201cSuper Flex\u201d: 699\u20ac per Pack de 20 hores (el per\u00edode de consumo s\u2019amplia a 3 mesos)<\/strong>[\/vc_column_text][\/vc_column][\/vc_row]<\/p>\n","protected":false},"excerpt":{"rendered":"<p>[vc_row css=&#8221;.vc_custom_1635930091921{margin-top: 25px !important;padding-bottom: 30px !important;}&#8221;][vc_column][vc_column_text] Classes particulars de franc\u00e8s Vols aprendre o millorar el teu franc\u00e8s a Barcelona? Amb les classes particulars de franc\u00e8s podr\u00e0s aprendre al teu ritme. En primer lloc, tries l&#8217;horari que et va millor. En segon lloc, el professor focalitzar\u00e0 els teus esfor\u00e7os a millorar all\u00f2 que necessites.[\/vc_column_text][vc_row_inner][vc_column_inner width=&#8221;1\/2&#8243;][vc_single_image image=&#8221;2911&#8243;&hellip; <a class=\"read-more\" href=\"https:\/\/www.academia-barcelona.com\/ca\/cursos-didiomes\/classes-particulars-de-frances\/\" title=\"Read Classes particulars de franc\u00e8s\">Read more &raquo;<\/a><\/p>\n","protected":false},"author":3,"featured_media":0,"parent":1381,"menu_order":0,"comment_status":"closed","ping_status":"closed","template":"","meta":{"footnotes":""},"class_list":["post-9028","page","type-page","status-publish","hentry"],"yoast_head":"<!-- This site is optimized with the Yoast SEO plugin v27.1.1 - https:\/\/yoast.com\/product\/yoast-seo-wordpress\/ -->\n<title>Classes particulars de franc\u00e8s Clase Barcelona Language School<\/title>\n<meta name=\"description\" content=\"Un dels avantatges fonamentals de lesclasses particulars de franc\u00e8s \u00e9s, a m\u00e9s de la flexibilitat hor\u00e0ria, l\u2019adaptaci\u00f3 al ritme d\u2019aprenentatge de l\u2019alumne.\" \/>\n<meta name=\"robots\" content=\"index, follow, max-snippet:-1, max-image-preview:large, max-video-preview:-1\" \/>\n<link rel=\"canonical\" href=\"https:\/\/www.academia-barcelona.com\/ca\/cursos-didiomes\/classes-particulars-de-frances\/\" \/>\n<meta property=\"og:locale\" content=\"ca_ES\" \/>\n<meta property=\"og:type\" content=\"article\" \/>\n<meta property=\"og:title\" content=\"Classes particulars de franc\u00e8s Clase Barcelona Language School\" \/>\n<meta property=\"og:description\" content=\"Un dels avantatges fonamentals de lesclasses particulars de franc\u00e8s \u00e9s, a m\u00e9s de la flexibilitat hor\u00e0ria, l\u2019adaptaci\u00f3 al ritme d\u2019aprenentatge de l\u2019alumne.\" \/>\n<meta property=\"og:url\" content=\"https:\/\/www.academia-barcelona.com\/ca\/cursos-didiomes\/classes-particulars-de-frances\/\" \/>\n<meta property=\"article:modified_time\" content=\"2021-11-03T09:02:12+00:00\" \/>\n<meta name=\"twitter:card\" content=\"summary_large_image\" \/>\n<meta name=\"twitter:label1\" content=\"Temps estimat de lectura\" \/>\n\t<meta name=\"twitter:data1\" content=\"2 minuts\" \/>\n<script type=\"application\/ld+json\" class=\"yoast-schema-graph\">{\"@context\":\"https:\/\/schema.org\",\"@graph\":[{\"@type\":\"WebPage\",\"@id\":\"https:\/\/www.academia-barcelona.com\/ca\/cursos-didiomes\/classes-particulars-de-frances\/\",\"url\":\"https:\/\/www.academia-barcelona.com\/ca\/cursos-didiomes\/classes-particulars-de-frances\/\",\"name\":\"Classes particulars de franc\u00e8s Clase Barcelona Language School\",\"isPartOf\":{\"@id\":\"https:\/\/www.academia-barcelona.com\/#website\"},\"datePublished\":\"2017-05-08T09:27:02+00:00\",\"dateModified\":\"2021-11-03T09:02:12+00:00\",\"description\":\"Un dels avantatges fonamentals de lesclasses particulars de franc\u00e8s \u00e9s, a m\u00e9s de la flexibilitat hor\u00e0ria, l\u2019adaptaci\u00f3 al ritme d\u2019aprenentatge de l\u2019alumne.\",\"breadcrumb\":{\"@id\":\"https:\/\/www.academia-barcelona.com\/ca\/cursos-didiomes\/classes-particulars-de-frances\/#breadcrumb\"},\"inLanguage\":\"ca\",\"potentialAction\":[{\"@type\":\"ReadAction\",\"target\":[\"https:\/\/www.academia-barcelona.com\/ca\/cursos-didiomes\/classes-particulars-de-frances\/\"]}]},{\"@type\":\"BreadcrumbList\",\"@id\":\"https:\/\/www.academia-barcelona.com\/ca\/cursos-didiomes\/classes-particulars-de-frances\/#breadcrumb\",\"itemListElement\":[{\"@type\":\"ListItem\",\"position\":1,\"name\":\"Cursos d\u2019idiomes\",\"item\":\"https:\/\/www.academia-barcelona.com\/ca\/cursos-didiomes\/\"},{\"@type\":\"ListItem\",\"position\":2,\"name\":\"Classes particulars de franc\u00e8s\"}]},{\"@type\":\"WebSite\",\"@id\":\"https:\/\/www.academia-barcelona.com\/#website\",\"url\":\"https:\/\/www.academia-barcelona.com\/\",\"name\":\"\",\"description\":\"\",\"potentialAction\":[{\"@type\":\"SearchAction\",\"target\":{\"@type\":\"EntryPoint\",\"urlTemplate\":\"https:\/\/www.academia-barcelona.com\/?s={search_term_string}\"},\"query-input\":{\"@type\":\"PropertyValueSpecification\",\"valueRequired\":true,\"valueName\":\"search_term_string\"}}],\"inLanguage\":\"ca\"}]}<\/script>\n<!-- \/ Yoast SEO plugin. -->","yoast_head_json":{"title":"Classes particulars de franc\u00e8s Clase Barcelona Language School","description":"Un dels avantatges fonamentals de lesclasses particulars de franc\u00e8s \u00e9s, a m\u00e9s de la flexibilitat hor\u00e0ria, l\u2019adaptaci\u00f3 al ritme d\u2019aprenentatge de l\u2019alumne.","robots":{"index":"index","follow":"follow","max-snippet":"max-snippet:-1","max-image-preview":"max-image-preview:large","max-video-preview":"max-video-preview:-1"},"canonical":"https:\/\/www.academia-barcelona.com\/ca\/cursos-didiomes\/classes-particulars-de-frances\/","og_locale":"ca_ES","og_type":"article","og_title":"Classes particulars de franc\u00e8s Clase Barcelona Language School","og_description":"Un dels avantatges fonamentals de lesclasses particulars de franc\u00e8s \u00e9s, a m\u00e9s de la flexibilitat hor\u00e0ria, l\u2019adaptaci\u00f3 al ritme d\u2019aprenentatge de l\u2019alumne.","og_url":"https:\/\/www.academia-barcelona.com\/ca\/cursos-didiomes\/classes-particulars-de-frances\/","article_modified_time":"2021-11-03T09:02:12+00:00","twitter_card":"summary_large_image","twitter_misc":{"Temps estimat de lectura":"2 minuts"},"schema":{"@context":"https:\/\/schema.org","@graph":[{"@type":"WebPage","@id":"https:\/\/www.academia-barcelona.com\/ca\/cursos-didiomes\/classes-particulars-de-frances\/","url":"https:\/\/www.academia-barcelona.com\/ca\/cursos-didiomes\/classes-particulars-de-frances\/","name":"Classes particulars de franc\u00e8s Clase Barcelona Language School","isPartOf":{"@id":"https:\/\/www.academia-barcelona.com\/#website"},"datePublished":"2017-05-08T09:27:02+00:00","dateModified":"2021-11-03T09:02:12+00:00","description":"Un dels avantatges fonamentals de lesclasses particulars de franc\u00e8s \u00e9s, a m\u00e9s de la flexibilitat hor\u00e0ria, l\u2019adaptaci\u00f3 al ritme d\u2019aprenentatge de l\u2019alumne.","breadcrumb":{"@id":"https:\/\/www.academia-barcelona.com\/ca\/cursos-didiomes\/classes-particulars-de-frances\/#breadcrumb"},"inLanguage":"ca","potentialAction":[{"@type":"ReadAction","target":["https:\/\/www.academia-barcelona.com\/ca\/cursos-didiomes\/classes-particulars-de-frances\/"]}]},{"@type":"BreadcrumbList","@id":"https:\/\/www.academia-barcelona.com\/ca\/cursos-didiomes\/classes-particulars-de-frances\/#breadcrumb","itemListElement":[{"@type":"ListItem","position":1,"name":"Cursos d\u2019idiomes","item":"https:\/\/www.academia-barcelona.com\/ca\/cursos-didiomes\/"},{"@type":"ListItem","position":2,"name":"Classes particulars de franc\u00e8s"}]},{"@type":"WebSite","@id":"https:\/\/www.academia-barcelona.com\/#website","url":"https:\/\/www.academia-barcelona.com\/","name":"","description":"","potentialAction":[{"@type":"SearchAction","target":{"@type":"EntryPoint","urlTemplate":"https:\/\/www.academia-barcelona.com\/?s={search_term_string}"},"query-input":{"@type":"PropertyValueSpecification","valueRequired":true,"valueName":"search_term_string"}}],"inLanguage":"ca"}]}},"_links":{"self":[{"href":"https:\/\/www.academia-barcelona.com\/ca\/wp-json\/wp\/v2\/pages\/9028","targetHints":{"allow":["GET"]}}],"collection":[{"href":"https:\/\/www.academia-barcelona.com\/ca\/wp-json\/wp\/v2\/pages"}],"about":[{"href":"https:\/\/www.academia-barcelona.com\/ca\/wp-json\/wp\/v2\/types\/page"}],"author":[{"embeddable":true,"href":"https:\/\/www.academia-barcelona.com\/ca\/wp-json\/wp\/v2\/users\/3"}],"replies":[{"embeddable":true,"href":"https:\/\/www.academia-barcelona.com\/ca\/wp-json\/wp\/v2\/comments?post=9028"}],"version-history":[{"count":7,"href":"https:\/\/www.academia-barcelona.com\/ca\/wp-json\/wp\/v2\/pages\/9028\/revisions"}],"predecessor-version":[{"id":13703,"href":"https:\/\/www.academia-barcelona.com\/ca\/wp-json\/wp\/v2\/pages\/9028\/revisions\/13703"}],"up":[{"embeddable":true,"href":"https:\/\/www.academia-barcelona.com\/ca\/wp-json\/wp\/v2\/pages\/1381"}],"wp:attachment":[{"href":"https:\/\/www.academia-barcelona.com\/ca\/wp-json\/wp\/v2\/media?parent=9028"}],"curies":[{"name":"wp","href":"https:\/\/api.w.org\/{rel}","templated":true}]}}