{"id":9018,"date":"2017-05-08T09:13:53","date_gmt":"2017-05-08T09:13:53","guid":{"rendered":"http:\/\/barcelona-sprachschule.de\/?page_id=9018\/"},"modified":"2017-10-13T12:04:26","modified_gmt":"2017-10-13T12:04:26","slug":"curs-de-frances-en-parella","status":"publish","type":"page","link":"https:\/\/www.academia-barcelona.com\/ca\/cursos-didiomes\/curs-de-frances-en-parella\/","title":{"rendered":"Curs de franc\u00e8s en parella"},"content":{"rendered":"<p>[vc_row css=&#8221;.vc_custom_1494234452664{padding-bottom: 30px !important;}&#8221;][vc_column][vc_column_text]<\/p>\n<h1>Cursos de franc\u00e8s en parella<\/h1>\n<p>[\/vc_column_text][vc_row_inner][vc_column_inner width=&#8221;1\/2&#8243;][vc_single_image image=&#8221;3966&#8243; img_size=&#8221;full&#8221; alignment=&#8221;center&#8221; style=&#8221;vc_box_outline&#8221;][\/vc_column_inner][vc_column_inner width=&#8221;1\/2&#8243;][vc_column_text]Curs de franc\u00e8s en parella CBLS Clase Barcelona Language School. El nostre curs de franc\u00e8s en parella s\u2019adapta als vostres horaris, objectius i necessitats. Pots venir amb el teu company o companya per aprendre a parlar franc\u00e8s de manera semi-personalitzada i concentrar-vos en all\u00f2 que necessiteu millorar. Cursant el curs de franc\u00e8s en parella, l\u2019aprenentatge \u00e9s colaboratiu i s\u2019adapta al vostre ritme, donat que el professor prepara els temes, metodologia, vocabulari i gram\u00e0tica enfocats als vostres interessos personals i concrets. Per exemple, si necessiteu millorar la pronunciaci\u00f3, o voleu aprendre franc\u00e8s per al turisme, els estudis, la feina o si us voleu anar a viure a Fran\u00e7a.<\/p>\n<p>Les classes de franc\u00e8s en parella s\u00f3n divertides i permeten realitzar multitud de jocs interactius, di\u00e0legs, activitats orals i escrites. Els nostres professors natius i formats a la doc\u00e8ncia del franc\u00e8s com a llengua estrangera enfocaran les classes a la vostra mesura, ritme d\u2019aprenentatge i necessitats concretes. Per saber m\u00e9s, pots consultar la Nostra Metodologia.[\/vc_column_text][\/vc_column_inner][\/vc_row_inner][vc_column_text]A m\u00e9s dels avantatges de l\u2019aprenentatge en parella (com ara la personalitzaci\u00f3, l\u2019aprenentatge r\u00e0pid i entretingut), el curs de franc\u00e8s en parella us permet triar en quin horari us va millor. Els caps de setmana, o els migdies, tamb\u00e9 inclosos! Si voleu aprendre franc\u00e8s o millorar-lo, amb un curs en parella aprofitareu al m\u00e0xim el temps i us divertireu amb l\u2019idioma. Vine amb la teva amiga, parella, filla, germana, pare, o companya de feina.<\/p>\n<p>Des de l\u2019organitzaci\u00f3 de Clase Barcelona ens adaptem a la teva agenda i a les teves necessitats. Tu decideixes quan, quant de temps i on assistir al curs amb el teu company. Consulta amb nosaltres la possibilitat de realitzar classes a domicili o a la teva oficina.[\/vc_column_text][\/vc_column][\/vc_row][vc_row full_width=&#8221;stretch_row&#8221; css=&#8221;.vc_custom_1494234586940{padding-top: 30px !important;padding-bottom: 30px !important;background-color: #f9f9f9 !important;}&#8221;][vc_column][vc_column_text]<\/p>\n<h2>Horari a elegir (matins, migdies, tardes o caps de setmana)<\/h2>\n<p>Professors natius.<\/p>\n<p>Preu: <a href=\"https:\/\/www.academia-barcelona.com\/ca\/preu\/\">consulta aqu\u00ed els preus del curs en parella<\/a>.<\/p>\n<p>Matr\u00edcula: <a href=\"mailto:info@clase-barcelona.es\">contacta amb nosaltres per m\u00e9s informaci\u00f3<\/a>.[\/vc_column_text][\/vc_column][\/vc_row]<\/p>\n","protected":false},"excerpt":{"rendered":"<p>[vc_row css=&#8221;.vc_custom_1494234452664{padding-bottom: 30px !important;}&#8221;][vc_column][vc_column_text] Cursos de franc\u00e8s en parella [\/vc_column_text][vc_row_inner][vc_column_inner width=&#8221;1\/2&#8243;][vc_single_image image=&#8221;3966&#8243; img_size=&#8221;full&#8221; alignment=&#8221;center&#8221; style=&#8221;vc_box_outline&#8221;][\/vc_column_inner][vc_column_inner width=&#8221;1\/2&#8243;][vc_column_text]Curs de franc\u00e8s en parella CBLS Clase Barcelona Language School. El nostre curs de franc\u00e8s en parella s\u2019adapta als vostres horaris, objectius i necessitats. Pots venir amb el teu company o companya per aprendre a parlar franc\u00e8s de manera semi-personalitzada&hellip; <a class=\"read-more\" href=\"https:\/\/www.academia-barcelona.com\/ca\/cursos-didiomes\/curs-de-frances-en-parella\/\" title=\"Read Curs de franc\u00e8s en parella\">Read more &raquo;<\/a><\/p>\n","protected":false},"author":3,"featured_media":0,"parent":1381,"menu_order":0,"comment_status":"closed","ping_status":"closed","template":"","meta":{"footnotes":""},"class_list":["post-9018","page","type-page","status-publish","hentry"],"yoast_head":"<!-- This site is optimized with the Yoast SEO plugin v27.1.1 - https:\/\/yoast.com\/product\/yoast-seo-wordpress\/ -->\n<title>Curs de franc\u00e8s en parella CBLS Clase Barcelona Language School<\/title>\n<meta name=\"description\" content=\"Les classes de franc\u00e8s en parella s\u00f3n divertides i permeten realitzar multitud de jocs interactius, di\u00e0legs, activitats orals i escrites.\" \/>\n<meta name=\"robots\" content=\"index, follow, max-snippet:-1, max-image-preview:large, max-video-preview:-1\" \/>\n<link rel=\"canonical\" href=\"https:\/\/www.academia-barcelona.com\/ca\/cursos-didiomes\/curs-de-frances-en-parella\/\" \/>\n<meta property=\"og:locale\" content=\"ca_ES\" \/>\n<meta property=\"og:type\" content=\"article\" \/>\n<meta property=\"og:title\" content=\"Curs de franc\u00e8s en parella CBLS Clase Barcelona Language School\" \/>\n<meta property=\"og:description\" content=\"Les classes de franc\u00e8s en parella s\u00f3n divertides i permeten realitzar multitud de jocs interactius, di\u00e0legs, activitats orals i escrites.\" \/>\n<meta property=\"og:url\" content=\"https:\/\/www.academia-barcelona.com\/ca\/cursos-didiomes\/curs-de-frances-en-parella\/\" \/>\n<meta property=\"article:modified_time\" content=\"2017-10-13T12:04:26+00:00\" \/>\n<meta name=\"twitter:card\" content=\"summary_large_image\" \/>\n<meta name=\"twitter:label1\" content=\"Temps estimat de lectura\" \/>\n\t<meta name=\"twitter:data1\" content=\"2 minuts\" \/>\n<script type=\"application\/ld+json\" class=\"yoast-schema-graph\">{\"@context\":\"https:\/\/schema.org\",\"@graph\":[{\"@type\":\"WebPage\",\"@id\":\"https:\/\/www.academia-barcelona.com\/ca\/cursos-didiomes\/curs-de-frances-en-parella\/\",\"url\":\"https:\/\/www.academia-barcelona.com\/ca\/cursos-didiomes\/curs-de-frances-en-parella\/\",\"name\":\"Curs de franc\u00e8s en parella CBLS Clase Barcelona Language School\",\"isPartOf\":{\"@id\":\"https:\/\/www.academia-barcelona.com\/#website\"},\"datePublished\":\"2017-05-08T09:13:53+00:00\",\"dateModified\":\"2017-10-13T12:04:26+00:00\",\"description\":\"Les classes de franc\u00e8s en parella s\u00f3n divertides i permeten realitzar multitud de jocs interactius, di\u00e0legs, activitats orals i escrites.\",\"breadcrumb\":{\"@id\":\"https:\/\/www.academia-barcelona.com\/ca\/cursos-didiomes\/curs-de-frances-en-parella\/#breadcrumb\"},\"inLanguage\":\"ca\",\"potentialAction\":[{\"@type\":\"ReadAction\",\"target\":[\"https:\/\/www.academia-barcelona.com\/ca\/cursos-didiomes\/curs-de-frances-en-parella\/\"]}]},{\"@type\":\"BreadcrumbList\",\"@id\":\"https:\/\/www.academia-barcelona.com\/ca\/cursos-didiomes\/curs-de-frances-en-parella\/#breadcrumb\",\"itemListElement\":[{\"@type\":\"ListItem\",\"position\":1,\"name\":\"Cursos d\u2019idiomes\",\"item\":\"https:\/\/www.academia-barcelona.com\/ca\/cursos-didiomes\/\"},{\"@type\":\"ListItem\",\"position\":2,\"name\":\"Curs de franc\u00e8s en parella\"}]},{\"@type\":\"WebSite\",\"@id\":\"https:\/\/www.academia-barcelona.com\/#website\",\"url\":\"https:\/\/www.academia-barcelona.com\/\",\"name\":\"\",\"description\":\"\",\"potentialAction\":[{\"@type\":\"SearchAction\",\"target\":{\"@type\":\"EntryPoint\",\"urlTemplate\":\"https:\/\/www.academia-barcelona.com\/?s={search_term_string}\"},\"query-input\":{\"@type\":\"PropertyValueSpecification\",\"valueRequired\":true,\"valueName\":\"search_term_string\"}}],\"inLanguage\":\"ca\"}]}<\/script>\n<!-- \/ Yoast SEO plugin. -->","yoast_head_json":{"title":"Curs de franc\u00e8s en parella CBLS Clase Barcelona Language School","description":"Les classes de franc\u00e8s en parella s\u00f3n divertides i permeten realitzar multitud de jocs interactius, di\u00e0legs, activitats orals i escrites.","robots":{"index":"index","follow":"follow","max-snippet":"max-snippet:-1","max-image-preview":"max-image-preview:large","max-video-preview":"max-video-preview:-1"},"canonical":"https:\/\/www.academia-barcelona.com\/ca\/cursos-didiomes\/curs-de-frances-en-parella\/","og_locale":"ca_ES","og_type":"article","og_title":"Curs de franc\u00e8s en parella CBLS Clase Barcelona Language School","og_description":"Les classes de franc\u00e8s en parella s\u00f3n divertides i permeten realitzar multitud de jocs interactius, di\u00e0legs, activitats orals i escrites.","og_url":"https:\/\/www.academia-barcelona.com\/ca\/cursos-didiomes\/curs-de-frances-en-parella\/","article_modified_time":"2017-10-13T12:04:26+00:00","twitter_card":"summary_large_image","twitter_misc":{"Temps estimat de lectura":"2 minuts"},"schema":{"@context":"https:\/\/schema.org","@graph":[{"@type":"WebPage","@id":"https:\/\/www.academia-barcelona.com\/ca\/cursos-didiomes\/curs-de-frances-en-parella\/","url":"https:\/\/www.academia-barcelona.com\/ca\/cursos-didiomes\/curs-de-frances-en-parella\/","name":"Curs de franc\u00e8s en parella CBLS Clase Barcelona Language School","isPartOf":{"@id":"https:\/\/www.academia-barcelona.com\/#website"},"datePublished":"2017-05-08T09:13:53+00:00","dateModified":"2017-10-13T12:04:26+00:00","description":"Les classes de franc\u00e8s en parella s\u00f3n divertides i permeten realitzar multitud de jocs interactius, di\u00e0legs, activitats orals i escrites.","breadcrumb":{"@id":"https:\/\/www.academia-barcelona.com\/ca\/cursos-didiomes\/curs-de-frances-en-parella\/#breadcrumb"},"inLanguage":"ca","potentialAction":[{"@type":"ReadAction","target":["https:\/\/www.academia-barcelona.com\/ca\/cursos-didiomes\/curs-de-frances-en-parella\/"]}]},{"@type":"BreadcrumbList","@id":"https:\/\/www.academia-barcelona.com\/ca\/cursos-didiomes\/curs-de-frances-en-parella\/#breadcrumb","itemListElement":[{"@type":"ListItem","position":1,"name":"Cursos d\u2019idiomes","item":"https:\/\/www.academia-barcelona.com\/ca\/cursos-didiomes\/"},{"@type":"ListItem","position":2,"name":"Curs de franc\u00e8s en parella"}]},{"@type":"WebSite","@id":"https:\/\/www.academia-barcelona.com\/#website","url":"https:\/\/www.academia-barcelona.com\/","name":"","description":"","potentialAction":[{"@type":"SearchAction","target":{"@type":"EntryPoint","urlTemplate":"https:\/\/www.academia-barcelona.com\/?s={search_term_string}"},"query-input":{"@type":"PropertyValueSpecification","valueRequired":true,"valueName":"search_term_string"}}],"inLanguage":"ca"}]}},"_links":{"self":[{"href":"https:\/\/www.academia-barcelona.com\/ca\/wp-json\/wp\/v2\/pages\/9018","targetHints":{"allow":["GET"]}}],"collection":[{"href":"https:\/\/www.academia-barcelona.com\/ca\/wp-json\/wp\/v2\/pages"}],"about":[{"href":"https:\/\/www.academia-barcelona.com\/ca\/wp-json\/wp\/v2\/types\/page"}],"author":[{"embeddable":true,"href":"https:\/\/www.academia-barcelona.com\/ca\/wp-json\/wp\/v2\/users\/3"}],"replies":[{"embeddable":true,"href":"https:\/\/www.academia-barcelona.com\/ca\/wp-json\/wp\/v2\/comments?post=9018"}],"version-history":[{"count":2,"href":"https:\/\/www.academia-barcelona.com\/ca\/wp-json\/wp\/v2\/pages\/9018\/revisions"}],"predecessor-version":[{"id":9804,"href":"https:\/\/www.academia-barcelona.com\/ca\/wp-json\/wp\/v2\/pages\/9018\/revisions\/9804"}],"up":[{"embeddable":true,"href":"https:\/\/www.academia-barcelona.com\/ca\/wp-json\/wp\/v2\/pages\/1381"}],"wp:attachment":[{"href":"https:\/\/www.academia-barcelona.com\/ca\/wp-json\/wp\/v2\/media?parent=9018"}],"curies":[{"name":"wp","href":"https:\/\/api.w.org\/{rel}","templated":true}]}}