{"id":9010,"date":"2017-05-08T09:06:33","date_gmt":"2017-05-08T09:06:33","guid":{"rendered":"http:\/\/barcelona-sprachschule.de\/?page_id=9010\/"},"modified":"2017-05-08T09:06:33","modified_gmt":"2017-05-08T09:06:33","slug":"curs-de-frances-extensiu","status":"publish","type":"page","link":"https:\/\/www.academia-barcelona.com\/ca\/cursos-didiomes\/curs-de-frances-extensiu\/","title":{"rendered":"Curs de franc\u00e8s extensiu"},"content":{"rendered":"<p>[vc_row css=&#8221;.vc_custom_1494234188438{padding-bottom: 30px !important;}&#8221;][vc_column][vc_column_text]<\/p>\n<h1>Curs de franc\u00e8s extensiu<\/h1>\n<p>El nostre curs de franc\u00e8s extensiu t\u00e9 com a objectiu que els alumnes aprenguin al seu ritme a parlar amb flu\u00efdesa. El franc\u00e8s \u00e9s una de les lleng\u00fces m\u00e9s importants del m\u00f3n i d\u2019Europa, i les estrangeres valoren cada cop m\u00e9s que els empleats parlin idiomes. Ja sigui per motius laborals, en diferents sectors empresarials, hostaleria, turisme, viatges, o b\u00e9 per motius de plaer, aprendre franc\u00e8s obre noves portes.<\/p>\n<p>Aquest curs es dirigeix a aquells que volen desenvolupar-se en franc\u00e8s en les situacions reals del dia a dia, a expressar les necessitats i desitjos m\u00e9s b\u00e0sics. A m\u00e9s a m\u00e9s, els alumnes adquiriran una base gramatical per tal d\u2019entendre la informaci\u00f3 b\u00e0sica en una conversa amb un natiu.<\/p>\n<p>Els nivells dels nostres cursos es basen al Marc Com\u00fa Europeu de Refer\u00e8ncia per a les Lleng\u00fces (pots consultar la Nostra Metodologia).<\/p>\n<p>Al final del curs de franc\u00e8s extensiu, l\u2019alumne ser\u00e0 capa\u00e7 d\u2019entendre frases senzilles i expressions quotidianes per poder, entre altres destreses, presentar-se a si mateix i als altres, plantejar preguntes i respondre-les sobre informaci\u00f3 b\u00e0sica de contacte, amics, fam\u00edlia, gustos, etc.[\/vc_column_text][\/vc_column][\/vc_row][vc_row full_width=&#8221;stretch_row&#8221; css=&#8221;.vc_custom_1494234229440{padding-top: 30px !important;padding-bottom: 30px !important;background-color: #f9f9f9 !important;}&#8221;][vc_column][vc_column_text]<\/p>\n<h2>Horari: matins o tardes (entre les 9:00 i les 20:00)<\/h2>\n<p>Freq\u00fc\u00e8ncia: un hora i mitja de classe al dia (1 hora = 60 minuts), dos dies a la setmana.<\/p>\n<p>Pr\u00f2ximes dates d&#8217;inici: <a href=\"mailto:info@clase-barcelona.es\">consulta amb nosaltres.<\/a><\/p>\n<p>Duraci\u00f3: m\u00ednim 4 setmanes.<\/p>\n<p>Preu: segons nivells, consulta aqu\u00ed.<\/p>\n<p>Nivells: A1, A2, B1, B2, C1.[\/vc_column_text][\/vc_column][\/vc_row]<\/p>\n","protected":false},"excerpt":{"rendered":"<p>[vc_row css=&#8221;.vc_custom_1494234188438{padding-bottom: 30px !important;}&#8221;][vc_column][vc_column_text] Curs de franc\u00e8s extensiu El nostre curs de franc\u00e8s extensiu t\u00e9 com a objectiu que els alumnes aprenguin al seu ritme a parlar amb flu\u00efdesa. El franc\u00e8s \u00e9s una de les lleng\u00fces m\u00e9s importants del m\u00f3n i d\u2019Europa, i les estrangeres valoren cada cop m\u00e9s que els empleats parlin idiomes. Ja&hellip; <a class=\"read-more\" href=\"https:\/\/www.academia-barcelona.com\/ca\/cursos-didiomes\/curs-de-frances-extensiu\/\" title=\"Read Curs de franc\u00e8s extensiu\">Read more &raquo;<\/a><\/p>\n","protected":false},"author":3,"featured_media":0,"parent":1381,"menu_order":0,"comment_status":"closed","ping_status":"closed","template":"","meta":{"footnotes":""},"class_list":["post-9010","page","type-page","status-publish","hentry"],"yoast_head":"<!-- This site is optimized with the Yoast SEO plugin v27.1.1 - https:\/\/yoast.com\/product\/yoast-seo-wordpress\/ -->\n<title>Curs de franc\u00e8s extensiu CBLS Clase Barcelona<\/title>\n<meta name=\"description\" content=\"Aquest curs es dirigeix a aquells que volen desenvolupar-se en franc\u00e8s en les situacions reals del dia a dia, a expressar les necessitats.\" \/>\n<meta name=\"robots\" content=\"index, follow, max-snippet:-1, max-image-preview:large, max-video-preview:-1\" \/>\n<link rel=\"canonical\" href=\"https:\/\/www.academia-barcelona.com\/ca\/cursos-didiomes\/curs-de-frances-extensiu\/\" \/>\n<meta property=\"og:locale\" content=\"ca_ES\" \/>\n<meta property=\"og:type\" content=\"article\" \/>\n<meta property=\"og:title\" content=\"Curs de franc\u00e8s extensiu CBLS Clase Barcelona\" \/>\n<meta property=\"og:description\" content=\"Aquest curs es dirigeix a aquells que volen desenvolupar-se en franc\u00e8s en les situacions reals del dia a dia, a expressar les necessitats.\" \/>\n<meta property=\"og:url\" content=\"https:\/\/www.academia-barcelona.com\/ca\/cursos-didiomes\/curs-de-frances-extensiu\/\" \/>\n<meta name=\"twitter:card\" content=\"summary_large_image\" \/>\n<meta name=\"twitter:label1\" content=\"Temps estimat de lectura\" \/>\n\t<meta name=\"twitter:data1\" content=\"2 minuts\" \/>\n<script type=\"application\/ld+json\" class=\"yoast-schema-graph\">{\"@context\":\"https:\/\/schema.org\",\"@graph\":[{\"@type\":\"WebPage\",\"@id\":\"https:\/\/www.academia-barcelona.com\/ca\/cursos-didiomes\/curs-de-frances-extensiu\/\",\"url\":\"https:\/\/www.academia-barcelona.com\/ca\/cursos-didiomes\/curs-de-frances-extensiu\/\",\"name\":\"Curs de franc\u00e8s extensiu CBLS Clase Barcelona\",\"isPartOf\":{\"@id\":\"https:\/\/www.academia-barcelona.com\/#website\"},\"datePublished\":\"2017-05-08T09:06:33+00:00\",\"description\":\"Aquest curs es dirigeix a aquells que volen desenvolupar-se en franc\u00e8s en les situacions reals del dia a dia, a expressar les necessitats.\",\"breadcrumb\":{\"@id\":\"https:\/\/www.academia-barcelona.com\/ca\/cursos-didiomes\/curs-de-frances-extensiu\/#breadcrumb\"},\"inLanguage\":\"ca\",\"potentialAction\":[{\"@type\":\"ReadAction\",\"target\":[\"https:\/\/www.academia-barcelona.com\/ca\/cursos-didiomes\/curs-de-frances-extensiu\/\"]}]},{\"@type\":\"BreadcrumbList\",\"@id\":\"https:\/\/www.academia-barcelona.com\/ca\/cursos-didiomes\/curs-de-frances-extensiu\/#breadcrumb\",\"itemListElement\":[{\"@type\":\"ListItem\",\"position\":1,\"name\":\"Cursos d\u2019idiomes\",\"item\":\"https:\/\/www.academia-barcelona.com\/ca\/cursos-didiomes\/\"},{\"@type\":\"ListItem\",\"position\":2,\"name\":\"Curs de franc\u00e8s extensiu\"}]},{\"@type\":\"WebSite\",\"@id\":\"https:\/\/www.academia-barcelona.com\/#website\",\"url\":\"https:\/\/www.academia-barcelona.com\/\",\"name\":\"\",\"description\":\"\",\"potentialAction\":[{\"@type\":\"SearchAction\",\"target\":{\"@type\":\"EntryPoint\",\"urlTemplate\":\"https:\/\/www.academia-barcelona.com\/?s={search_term_string}\"},\"query-input\":{\"@type\":\"PropertyValueSpecification\",\"valueRequired\":true,\"valueName\":\"search_term_string\"}}],\"inLanguage\":\"ca\"}]}<\/script>\n<!-- \/ Yoast SEO plugin. -->","yoast_head_json":{"title":"Curs de franc\u00e8s extensiu CBLS Clase Barcelona","description":"Aquest curs es dirigeix a aquells que volen desenvolupar-se en franc\u00e8s en les situacions reals del dia a dia, a expressar les necessitats.","robots":{"index":"index","follow":"follow","max-snippet":"max-snippet:-1","max-image-preview":"max-image-preview:large","max-video-preview":"max-video-preview:-1"},"canonical":"https:\/\/www.academia-barcelona.com\/ca\/cursos-didiomes\/curs-de-frances-extensiu\/","og_locale":"ca_ES","og_type":"article","og_title":"Curs de franc\u00e8s extensiu CBLS Clase Barcelona","og_description":"Aquest curs es dirigeix a aquells que volen desenvolupar-se en franc\u00e8s en les situacions reals del dia a dia, a expressar les necessitats.","og_url":"https:\/\/www.academia-barcelona.com\/ca\/cursos-didiomes\/curs-de-frances-extensiu\/","twitter_card":"summary_large_image","twitter_misc":{"Temps estimat de lectura":"2 minuts"},"schema":{"@context":"https:\/\/schema.org","@graph":[{"@type":"WebPage","@id":"https:\/\/www.academia-barcelona.com\/ca\/cursos-didiomes\/curs-de-frances-extensiu\/","url":"https:\/\/www.academia-barcelona.com\/ca\/cursos-didiomes\/curs-de-frances-extensiu\/","name":"Curs de franc\u00e8s extensiu CBLS Clase Barcelona","isPartOf":{"@id":"https:\/\/www.academia-barcelona.com\/#website"},"datePublished":"2017-05-08T09:06:33+00:00","description":"Aquest curs es dirigeix a aquells que volen desenvolupar-se en franc\u00e8s en les situacions reals del dia a dia, a expressar les necessitats.","breadcrumb":{"@id":"https:\/\/www.academia-barcelona.com\/ca\/cursos-didiomes\/curs-de-frances-extensiu\/#breadcrumb"},"inLanguage":"ca","potentialAction":[{"@type":"ReadAction","target":["https:\/\/www.academia-barcelona.com\/ca\/cursos-didiomes\/curs-de-frances-extensiu\/"]}]},{"@type":"BreadcrumbList","@id":"https:\/\/www.academia-barcelona.com\/ca\/cursos-didiomes\/curs-de-frances-extensiu\/#breadcrumb","itemListElement":[{"@type":"ListItem","position":1,"name":"Cursos d\u2019idiomes","item":"https:\/\/www.academia-barcelona.com\/ca\/cursos-didiomes\/"},{"@type":"ListItem","position":2,"name":"Curs de franc\u00e8s extensiu"}]},{"@type":"WebSite","@id":"https:\/\/www.academia-barcelona.com\/#website","url":"https:\/\/www.academia-barcelona.com\/","name":"","description":"","potentialAction":[{"@type":"SearchAction","target":{"@type":"EntryPoint","urlTemplate":"https:\/\/www.academia-barcelona.com\/?s={search_term_string}"},"query-input":{"@type":"PropertyValueSpecification","valueRequired":true,"valueName":"search_term_string"}}],"inLanguage":"ca"}]}},"_links":{"self":[{"href":"https:\/\/www.academia-barcelona.com\/ca\/wp-json\/wp\/v2\/pages\/9010","targetHints":{"allow":["GET"]}}],"collection":[{"href":"https:\/\/www.academia-barcelona.com\/ca\/wp-json\/wp\/v2\/pages"}],"about":[{"href":"https:\/\/www.academia-barcelona.com\/ca\/wp-json\/wp\/v2\/types\/page"}],"author":[{"embeddable":true,"href":"https:\/\/www.academia-barcelona.com\/ca\/wp-json\/wp\/v2\/users\/3"}],"replies":[{"embeddable":true,"href":"https:\/\/www.academia-barcelona.com\/ca\/wp-json\/wp\/v2\/comments?post=9010"}],"version-history":[{"count":1,"href":"https:\/\/www.academia-barcelona.com\/ca\/wp-json\/wp\/v2\/pages\/9010\/revisions"}],"predecessor-version":[{"id":9011,"href":"https:\/\/www.academia-barcelona.com\/ca\/wp-json\/wp\/v2\/pages\/9010\/revisions\/9011"}],"up":[{"embeddable":true,"href":"https:\/\/www.academia-barcelona.com\/ca\/wp-json\/wp\/v2\/pages\/1381"}],"wp:attachment":[{"href":"https:\/\/www.academia-barcelona.com\/ca\/wp-json\/wp\/v2\/media?parent=9010"}],"curies":[{"name":"wp","href":"https:\/\/api.w.org\/{rel}","templated":true}]}}