{"id":9006,"date":"2017-05-08T09:01:48","date_gmt":"2017-05-08T09:01:48","guid":{"rendered":"http:\/\/barcelona-sprachschule.de\/?page_id=9006\/"},"modified":"2017-10-13T12:04:49","modified_gmt":"2017-10-13T12:04:49","slug":"curs-intensiu-de-frances","status":"publish","type":"page","link":"https:\/\/www.academia-barcelona.com\/ca\/cursos-didiomes\/curs-intensiu-de-frances\/","title":{"rendered":"Curs intensiu de franc\u00e8s"},"content":{"rendered":"<p>[vc_row css=&#8221;.vc_custom_1494233771353{padding-bottom: 30px !important;}&#8221;][vc_column][vc_column_text]<\/p>\n<h1>Curs intensiu de franc\u00e8s<\/h1>\n<p>Curs intensiu de franc\u00e8s CBLS Clase Barcelona Language School. L\u2019objectiu del curs intensiu de franc\u00e8s \u00e9s aconseguir que l\u2019alumne pugui entendre di\u00e0legs, converses quotidianes i situacions de feina a bon ritme per tal de poder aprendre a comunicar-se en franc\u00e8s el m\u00e9s r\u00e0pidament possible. Es dirigeix a aquelles persones que vulguin aprendre franc\u00e8s a curt termini. Les relacions comercials, tur\u00edstiques i econ\u00f2miques amb Fran\u00e7a fan que moltes empreses demanden empleats amb alt nivell de franc\u00e8s. La nostra experi\u00e8ncia fa que desenvolupem la planificaci\u00f3 del curs amb aquests objectius en ment, i fent que l\u2019alumne sigui capa\u00e7 d\u2019entendre i participar en diferents situacions comunicatives en franc\u00e8s. Si vols con\u00e8ixer millor la nostra forma d\u2019ensenyar, fes una ullada a la Nostra Metodologia.<\/p>\n<p>Vols aprendre r\u00e0pidament? Dedicar-li temps a adquirir els coneixements b\u00e0sics, o perfeccionar el teu nivell? Ja sigui per motius laborals, acad\u00e8mics, perqu\u00e8 vas a viure a Fran\u00e7a o hi vas de vacances, vols fer un erasmus o t\u2019agrada simplement aprendre idiomes, si vols assolir un nivell amb rapidesa, aquesta \u00e9s la teva millor opci\u00f3. Avan\u00e7a amb el nostre curs intensiu de franc\u00e8s!<\/p>\n<p>Els nostres professors de franc\u00e8s s\u00f3n natius i estan qualificats, formats en l\u2019ensenyan\u00e7a del franc\u00e8s com a llengua estrangera.[\/vc_column_text][\/vc_column][\/vc_row][vc_row full_width=&#8221;stretch_row&#8221; css=&#8221;.vc_custom_1494233870030{padding-top: 30px !important;padding-bottom: 30px !important;background-color: #f9f9f9 !important;}&#8221;][vc_column][vc_column_text]<\/p>\n<h2>De dilluns a divendres<\/h2>\n<p>Horaris entre les 9:00 i les 19:00 (depen del nivell).<\/p>\n<p>Els cursos intensius de franc\u00e8s consisteixen en 7,5 hores (60 minuts) de classe setmanals (1,5 hores al dia).<\/p>\n<p>Propera data d\u2019inici: consulta amb nosaltres.<\/p>\n<p>Duraci\u00f3: a partir d\u2019una setmana.<\/p>\n<p>Preu: consulta els nostres preus[\/vc_column_text][\/vc_column][\/vc_row]<\/p>\n","protected":false},"excerpt":{"rendered":"<p>[vc_row css=&#8221;.vc_custom_1494233771353{padding-bottom: 30px !important;}&#8221;][vc_column][vc_column_text] Curs intensiu de franc\u00e8s Curs intensiu de franc\u00e8s CBLS Clase Barcelona Language School. L\u2019objectiu del curs intensiu de franc\u00e8s \u00e9s aconseguir que l\u2019alumne pugui entendre di\u00e0legs, converses quotidianes i situacions de feina a bon ritme per tal de poder aprendre a comunicar-se en franc\u00e8s el m\u00e9s r\u00e0pidament possible. Es dirigeix a&hellip; <a class=\"read-more\" href=\"https:\/\/www.academia-barcelona.com\/ca\/cursos-didiomes\/curs-intensiu-de-frances\/\" title=\"Read Curs intensiu de franc\u00e8s\">Read more &raquo;<\/a><\/p>\n","protected":false},"author":3,"featured_media":0,"parent":1381,"menu_order":0,"comment_status":"closed","ping_status":"closed","template":"","meta":{"footnotes":""},"class_list":["post-9006","page","type-page","status-publish","hentry"],"yoast_head":"<!-- This site is optimized with the Yoast SEO plugin v27.1.1 - https:\/\/yoast.com\/product\/yoast-seo-wordpress\/ -->\n<title>Curs intensiu de franc\u00e8s CBLS Clase Barcelona Language School<\/title>\n<meta name=\"description\" content=\"Inscriu-te en els nostres cursos d&#039;alemany a Barcelona. Apr\u00e8n alemany de forma r\u00e0pida i senzilla. Tots els nivells. Estudia amb professors qualificats.\" \/>\n<meta name=\"robots\" content=\"index, follow, max-snippet:-1, max-image-preview:large, max-video-preview:-1\" \/>\n<link rel=\"canonical\" href=\"https:\/\/www.academia-barcelona.com\/ca\/cursos-didiomes\/curs-intensiu-de-frances\/\" \/>\n<meta property=\"og:locale\" content=\"ca_ES\" \/>\n<meta property=\"og:type\" content=\"article\" \/>\n<meta property=\"og:title\" content=\"Curs intensiu de franc\u00e8s CBLS Clase Barcelona Language School\" \/>\n<meta property=\"og:description\" content=\"Inscriu-te en els nostres cursos d&#039;alemany a Barcelona. Apr\u00e8n alemany de forma r\u00e0pida i senzilla. Tots els nivells. Estudia amb professors qualificats.\" \/>\n<meta property=\"og:url\" content=\"https:\/\/www.academia-barcelona.com\/ca\/cursos-didiomes\/curs-intensiu-de-frances\/\" \/>\n<meta property=\"article:modified_time\" content=\"2017-10-13T12:04:49+00:00\" \/>\n<meta name=\"twitter:card\" content=\"summary_large_image\" \/>\n<meta name=\"twitter:label1\" content=\"Temps estimat de lectura\" \/>\n\t<meta name=\"twitter:data1\" content=\"2 minuts\" \/>\n<script type=\"application\/ld+json\" class=\"yoast-schema-graph\">{\"@context\":\"https:\/\/schema.org\",\"@graph\":[{\"@type\":\"WebPage\",\"@id\":\"https:\/\/www.academia-barcelona.com\/ca\/cursos-didiomes\/curs-intensiu-de-frances\/\",\"url\":\"https:\/\/www.academia-barcelona.com\/ca\/cursos-didiomes\/curs-intensiu-de-frances\/\",\"name\":\"Curs intensiu de franc\u00e8s CBLS Clase Barcelona Language School\",\"isPartOf\":{\"@id\":\"https:\/\/www.academia-barcelona.com\/#website\"},\"datePublished\":\"2017-05-08T09:01:48+00:00\",\"dateModified\":\"2017-10-13T12:04:49+00:00\",\"description\":\"Inscriu-te en els nostres cursos d'alemany a Barcelona. Apr\u00e8n alemany de forma r\u00e0pida i senzilla. Tots els nivells. Estudia amb professors qualificats.\",\"breadcrumb\":{\"@id\":\"https:\/\/www.academia-barcelona.com\/ca\/cursos-didiomes\/curs-intensiu-de-frances\/#breadcrumb\"},\"inLanguage\":\"ca\",\"potentialAction\":[{\"@type\":\"ReadAction\",\"target\":[\"https:\/\/www.academia-barcelona.com\/ca\/cursos-didiomes\/curs-intensiu-de-frances\/\"]}]},{\"@type\":\"BreadcrumbList\",\"@id\":\"https:\/\/www.academia-barcelona.com\/ca\/cursos-didiomes\/curs-intensiu-de-frances\/#breadcrumb\",\"itemListElement\":[{\"@type\":\"ListItem\",\"position\":1,\"name\":\"Cursos d\u2019idiomes\",\"item\":\"https:\/\/www.academia-barcelona.com\/ca\/cursos-didiomes\/\"},{\"@type\":\"ListItem\",\"position\":2,\"name\":\"Curs intensiu de franc\u00e8s\"}]},{\"@type\":\"WebSite\",\"@id\":\"https:\/\/www.academia-barcelona.com\/#website\",\"url\":\"https:\/\/www.academia-barcelona.com\/\",\"name\":\"\",\"description\":\"\",\"potentialAction\":[{\"@type\":\"SearchAction\",\"target\":{\"@type\":\"EntryPoint\",\"urlTemplate\":\"https:\/\/www.academia-barcelona.com\/?s={search_term_string}\"},\"query-input\":{\"@type\":\"PropertyValueSpecification\",\"valueRequired\":true,\"valueName\":\"search_term_string\"}}],\"inLanguage\":\"ca\"}]}<\/script>\n<!-- \/ Yoast SEO plugin. -->","yoast_head_json":{"title":"Curs intensiu de franc\u00e8s CBLS Clase Barcelona Language School","description":"Inscriu-te en els nostres cursos d'alemany a Barcelona. Apr\u00e8n alemany de forma r\u00e0pida i senzilla. Tots els nivells. Estudia amb professors qualificats.","robots":{"index":"index","follow":"follow","max-snippet":"max-snippet:-1","max-image-preview":"max-image-preview:large","max-video-preview":"max-video-preview:-1"},"canonical":"https:\/\/www.academia-barcelona.com\/ca\/cursos-didiomes\/curs-intensiu-de-frances\/","og_locale":"ca_ES","og_type":"article","og_title":"Curs intensiu de franc\u00e8s CBLS Clase Barcelona Language School","og_description":"Inscriu-te en els nostres cursos d'alemany a Barcelona. Apr\u00e8n alemany de forma r\u00e0pida i senzilla. Tots els nivells. Estudia amb professors qualificats.","og_url":"https:\/\/www.academia-barcelona.com\/ca\/cursos-didiomes\/curs-intensiu-de-frances\/","article_modified_time":"2017-10-13T12:04:49+00:00","twitter_card":"summary_large_image","twitter_misc":{"Temps estimat de lectura":"2 minuts"},"schema":{"@context":"https:\/\/schema.org","@graph":[{"@type":"WebPage","@id":"https:\/\/www.academia-barcelona.com\/ca\/cursos-didiomes\/curs-intensiu-de-frances\/","url":"https:\/\/www.academia-barcelona.com\/ca\/cursos-didiomes\/curs-intensiu-de-frances\/","name":"Curs intensiu de franc\u00e8s CBLS Clase Barcelona Language School","isPartOf":{"@id":"https:\/\/www.academia-barcelona.com\/#website"},"datePublished":"2017-05-08T09:01:48+00:00","dateModified":"2017-10-13T12:04:49+00:00","description":"Inscriu-te en els nostres cursos d'alemany a Barcelona. Apr\u00e8n alemany de forma r\u00e0pida i senzilla. Tots els nivells. Estudia amb professors qualificats.","breadcrumb":{"@id":"https:\/\/www.academia-barcelona.com\/ca\/cursos-didiomes\/curs-intensiu-de-frances\/#breadcrumb"},"inLanguage":"ca","potentialAction":[{"@type":"ReadAction","target":["https:\/\/www.academia-barcelona.com\/ca\/cursos-didiomes\/curs-intensiu-de-frances\/"]}]},{"@type":"BreadcrumbList","@id":"https:\/\/www.academia-barcelona.com\/ca\/cursos-didiomes\/curs-intensiu-de-frances\/#breadcrumb","itemListElement":[{"@type":"ListItem","position":1,"name":"Cursos d\u2019idiomes","item":"https:\/\/www.academia-barcelona.com\/ca\/cursos-didiomes\/"},{"@type":"ListItem","position":2,"name":"Curs intensiu de franc\u00e8s"}]},{"@type":"WebSite","@id":"https:\/\/www.academia-barcelona.com\/#website","url":"https:\/\/www.academia-barcelona.com\/","name":"","description":"","potentialAction":[{"@type":"SearchAction","target":{"@type":"EntryPoint","urlTemplate":"https:\/\/www.academia-barcelona.com\/?s={search_term_string}"},"query-input":{"@type":"PropertyValueSpecification","valueRequired":true,"valueName":"search_term_string"}}],"inLanguage":"ca"}]}},"_links":{"self":[{"href":"https:\/\/www.academia-barcelona.com\/ca\/wp-json\/wp\/v2\/pages\/9006","targetHints":{"allow":["GET"]}}],"collection":[{"href":"https:\/\/www.academia-barcelona.com\/ca\/wp-json\/wp\/v2\/pages"}],"about":[{"href":"https:\/\/www.academia-barcelona.com\/ca\/wp-json\/wp\/v2\/types\/page"}],"author":[{"embeddable":true,"href":"https:\/\/www.academia-barcelona.com\/ca\/wp-json\/wp\/v2\/users\/3"}],"replies":[{"embeddable":true,"href":"https:\/\/www.academia-barcelona.com\/ca\/wp-json\/wp\/v2\/comments?post=9006"}],"version-history":[{"count":2,"href":"https:\/\/www.academia-barcelona.com\/ca\/wp-json\/wp\/v2\/pages\/9006\/revisions"}],"predecessor-version":[{"id":9805,"href":"https:\/\/www.academia-barcelona.com\/ca\/wp-json\/wp\/v2\/pages\/9006\/revisions\/9805"}],"up":[{"embeddable":true,"href":"https:\/\/www.academia-barcelona.com\/ca\/wp-json\/wp\/v2\/pages\/1381"}],"wp:attachment":[{"href":"https:\/\/www.academia-barcelona.com\/ca\/wp-json\/wp\/v2\/media?parent=9006"}],"curies":[{"name":"wp","href":"https:\/\/api.w.org\/{rel}","templated":true}]}}