{"id":9002,"date":"2017-05-08T08:55:11","date_gmt":"2017-05-08T08:55:11","guid":{"rendered":"http:\/\/barcelona-sprachschule.de\/?page_id=9002\/"},"modified":"2018-10-02T14:44:56","modified_gmt":"2018-10-02T14:44:56","slug":"classes-particulars-dangles","status":"publish","type":"page","link":"https:\/\/www.academia-barcelona.com\/ca\/cursos-didiomes\/cursos-dangles\/classes-particulars-dangles\/","title":{"rendered":"Classes particulars d&#8217;angl\u00e8s"},"content":{"rendered":"<p>[vc_row css=&#8221;.vc_custom_1494233392401{padding-bottom: 30px !important;}&#8221;][vc_column][vc_column_text]<\/p>\n<h1>Classes particulars d&#8217;angl\u00e8s<\/h1>\n<p>[\/vc_column_text][vc_row_inner][vc_column_inner width=&#8221;1\/2&#8243;][vc_single_image image=&#8221;2534&#8243; img_size=&#8221;full&#8221; alignment=&#8221;center&#8221; style=&#8221;vc_box_outline&#8221;][\/vc_column_inner][vc_column_inner width=&#8221;1\/2&#8243;][vc_column_text]A Clase Barcelona Language School t&#8217;oferim classes particulars d&#8217;angl\u00e8s amb els nostres professors natius i amb experi\u00e8ncia. Per tant, aprendr\u00e0s el mateix que en un curs en grup, per\u00f2 en menys temps! D&#8217;aquesta manera, les classes particulars d&#8217;angl\u00e8s s\u00f3n l&#8217;opci\u00f3 m\u00e9s recomanada si necessites flexibilitat hor\u00e0ria i aprenentatge personalitzat.<\/p>\n<p>Gaireb\u00e9 tothom necessita millorar l&#8217;angl\u00e8s, per\u00f2 moltes vegades no tenim temps. Probablement \u00e9s el teu cas, no creus que caldria comen\u00e7ar ja? Malgrat els horaris de feina intensos, amb les classes particulars d&#8217;angl\u00e8s tindr\u00e0s flexibilitat i efic\u00e0cia totals.<\/p>\n<p>Ja sigui a la nostra acad\u00e8mia o a la teva empresa, aprendre amb un professor particular sempre \u00e9s m\u00e9s efectiu. De manera que no cal despla\u00e7ar-te per millorar l&#8217;angl\u00e8s. Potser necessites angl\u00e8s de negocis, o angl\u00e8s per a les vacances, o possiblement millorar la pronunciaci\u00f3.<\/p>\n<p>Per tal de con\u00e8ixer m\u00e9s les condicions dels cursos, consulta els nostres <a href=\"https:\/\/www.academia-barcelona.com\/ca\/preu\/\">Preus.<\/a><\/p>\n<p>A m\u00e9s a m\u00e9s, quan acabis el teu curs tindr\u00e0s un certificat corresponent al Marc Com\u00fa Europeu de Referencia per a les Lleng\u00fces!<\/p>\n<h3>Professors natius i &#8216;coaches&#8217;<\/h3>\n<p>Aprendre amb les classes particulars d&#8217;angl\u00e8s \u00e9s un proc\u00e9s personalitzat, on el teu professor t&#8217;estimula a que, a m\u00e9s de la gram\u00e0tica, tamb\u00e9 et comuniques fluidament. Els nostres alumnes agraeixen especialment que els professors s\u00f3n, a m\u00e9s a m\u00e9s, com un &#8216;coach&#8217; que els ajuda a perdre la por a parlar l&#8217;idioma. Si vols saber-ne m\u00e9s, pots consultar la <a href=\"https:\/\/www.academia-barcelona.com\/ca\/que-oferim\/la-nostra-metodologia\/\">Nostra Metodologia<\/a>.<\/p>\n<h2>Informaci\u00f3 pr\u00e0ctica \u201cPack 20 hores\u201c<\/h2>\n<p><strong>Modalitat:<\/strong>\u00a020 hores de classes particulars (1 hora = 60 minuts) a consumir en un per\u00edode de 2 mesos<br \/>\n<strong>Horari:<\/strong>\u00a0a triar de dilluns a divendres de 9:00 a 20:00 i dissabtes de 9:00 a 18:00.<br \/>\n<strong>Lloc:<\/strong>\u00a0Clase Barcelona Language School, C\/ Pau Claris 108 1er. 1 08009 Barcelona<br \/>\n<strong>Cancel\u00b7laci\u00f3 de la classe:<\/strong>\u00a0flexible, tanmateix per no perdre la classe, la falta d\u2019assist\u00e8ncia s\u2019ha d\u2019avisar amb 24 hores d\u2019antelaci\u00f3.<\/p>\n<p>Preu regular: 599\u20ac per Pack de 20 hores\u00a0 (a consumir en un per\u00edode de 2 mesos)<\/p>\n<p><strong>Preu \u201cSuper Flex\u201d: 699\u20ac per Pack de 20 hores (el per\u00edode de consumo s\u2019amplia a 3 mesos)<\/strong>[\/vc_column_text][\/vc_column_inner][\/vc_row_inner][\/vc_column][\/vc_row]<\/p>\n","protected":false},"excerpt":{"rendered":"<p>[vc_row css=&#8221;.vc_custom_1494233392401{padding-bottom: 30px !important;}&#8221;][vc_column][vc_column_text] Classes particulars d&#8217;angl\u00e8s [\/vc_column_text][vc_row_inner][vc_column_inner width=&#8221;1\/2&#8243;][vc_single_image image=&#8221;2534&#8243; img_size=&#8221;full&#8221; alignment=&#8221;center&#8221; style=&#8221;vc_box_outline&#8221;][\/vc_column_inner][vc_column_inner width=&#8221;1\/2&#8243;][vc_column_text]A Clase Barcelona Language School t&#8217;oferim classes particulars d&#8217;angl\u00e8s amb els nostres professors natius i amb experi\u00e8ncia. Per tant, aprendr\u00e0s el mateix que en un curs en grup, per\u00f2 en menys temps! D&#8217;aquesta manera, les classes particulars d&#8217;angl\u00e8s s\u00f3n l&#8217;opci\u00f3 m\u00e9s recomanada&hellip; <a class=\"read-more\" href=\"https:\/\/www.academia-barcelona.com\/ca\/cursos-didiomes\/cursos-dangles\/classes-particulars-dangles\/\" title=\"Read Classes particulars d&#8217;angl\u00e8s\">Read more &raquo;<\/a><\/p>\n","protected":false},"author":3,"featured_media":0,"parent":1410,"menu_order":0,"comment_status":"closed","ping_status":"closed","template":"","meta":{"footnotes":""},"class_list":["post-9002","page","type-page","status-publish","hentry"],"yoast_head":"<!-- This site is optimized with the Yoast SEO plugin v27.1.1 - https:\/\/yoast.com\/product\/yoast-seo-wordpress\/ -->\n<title>Classes particulars d&#039;angl\u00e8s a Clase Barcelona Language School<\/title>\n<meta name=\"description\" content=\"Les classes particulars d&#039;angl\u00e8s s&#039;adapten a la teva disponibilitat hor\u00e0ria i al teu ritme d&#039;aprenentatge. Professors natius i classes pr\u00e0ctiques!\" \/>\n<meta name=\"robots\" content=\"index, follow, max-snippet:-1, max-image-preview:large, max-video-preview:-1\" \/>\n<link rel=\"canonical\" href=\"https:\/\/www.academia-barcelona.com\/ca\/cursos-didiomes\/cursos-dangles\/classes-particulars-dangles\/\" \/>\n<meta property=\"og:locale\" content=\"ca_ES\" \/>\n<meta property=\"og:type\" content=\"article\" \/>\n<meta property=\"og:title\" content=\"Classes particulars d&#039;angl\u00e8s a Clase Barcelona Language School\" \/>\n<meta property=\"og:description\" content=\"Les classes particulars d&#039;angl\u00e8s s&#039;adapten a la teva disponibilitat hor\u00e0ria i al teu ritme d&#039;aprenentatge. Professors natius i classes pr\u00e0ctiques!\" \/>\n<meta property=\"og:url\" content=\"https:\/\/www.academia-barcelona.com\/ca\/cursos-didiomes\/cursos-dangles\/classes-particulars-dangles\/\" \/>\n<meta property=\"article:modified_time\" content=\"2018-10-02T14:44:56+00:00\" \/>\n<meta name=\"twitter:card\" content=\"summary_large_image\" \/>\n<meta name=\"twitter:label1\" content=\"Temps estimat de lectura\" \/>\n\t<meta name=\"twitter:data1\" content=\"2 minuts\" \/>\n<script type=\"application\/ld+json\" class=\"yoast-schema-graph\">{\"@context\":\"https:\/\/schema.org\",\"@graph\":[{\"@type\":\"WebPage\",\"@id\":\"https:\/\/www.academia-barcelona.com\/ca\/cursos-didiomes\/cursos-dangles\/classes-particulars-dangles\/\",\"url\":\"https:\/\/www.academia-barcelona.com\/ca\/cursos-didiomes\/cursos-dangles\/classes-particulars-dangles\/\",\"name\":\"Classes particulars d'angl\u00e8s a Clase Barcelona Language School\",\"isPartOf\":{\"@id\":\"https:\/\/www.academia-barcelona.com\/#website\"},\"datePublished\":\"2017-05-08T08:55:11+00:00\",\"dateModified\":\"2018-10-02T14:44:56+00:00\",\"description\":\"Les classes particulars d'angl\u00e8s s'adapten a la teva disponibilitat hor\u00e0ria i al teu ritme d'aprenentatge. Professors natius i classes pr\u00e0ctiques!\",\"breadcrumb\":{\"@id\":\"https:\/\/www.academia-barcelona.com\/ca\/cursos-didiomes\/cursos-dangles\/classes-particulars-dangles\/#breadcrumb\"},\"inLanguage\":\"ca\",\"potentialAction\":[{\"@type\":\"ReadAction\",\"target\":[\"https:\/\/www.academia-barcelona.com\/ca\/cursos-didiomes\/cursos-dangles\/classes-particulars-dangles\/\"]}]},{\"@type\":\"BreadcrumbList\",\"@id\":\"https:\/\/www.academia-barcelona.com\/ca\/cursos-didiomes\/cursos-dangles\/classes-particulars-dangles\/#breadcrumb\",\"itemListElement\":[{\"@type\":\"ListItem\",\"position\":1,\"name\":\"Cursos d\u2019idiomes\",\"item\":\"https:\/\/www.academia-barcelona.com\/ca\/cursos-didiomes\/\"},{\"@type\":\"ListItem\",\"position\":2,\"name\":\"Cursos d\u2019angl\u00e8s\",\"item\":\"https:\/\/www.academia-barcelona.com\/ca\/cursos-didiomes\/cursos-dangles\/\"},{\"@type\":\"ListItem\",\"position\":3,\"name\":\"Classes particulars d&#8217;angl\u00e8s\"}]},{\"@type\":\"WebSite\",\"@id\":\"https:\/\/www.academia-barcelona.com\/#website\",\"url\":\"https:\/\/www.academia-barcelona.com\/\",\"name\":\"\",\"description\":\"\",\"potentialAction\":[{\"@type\":\"SearchAction\",\"target\":{\"@type\":\"EntryPoint\",\"urlTemplate\":\"https:\/\/www.academia-barcelona.com\/?s={search_term_string}\"},\"query-input\":{\"@type\":\"PropertyValueSpecification\",\"valueRequired\":true,\"valueName\":\"search_term_string\"}}],\"inLanguage\":\"ca\"}]}<\/script>\n<!-- \/ Yoast SEO plugin. -->","yoast_head_json":{"title":"Classes particulars d'angl\u00e8s a Clase Barcelona Language School","description":"Les classes particulars d'angl\u00e8s s'adapten a la teva disponibilitat hor\u00e0ria i al teu ritme d'aprenentatge. Professors natius i classes pr\u00e0ctiques!","robots":{"index":"index","follow":"follow","max-snippet":"max-snippet:-1","max-image-preview":"max-image-preview:large","max-video-preview":"max-video-preview:-1"},"canonical":"https:\/\/www.academia-barcelona.com\/ca\/cursos-didiomes\/cursos-dangles\/classes-particulars-dangles\/","og_locale":"ca_ES","og_type":"article","og_title":"Classes particulars d'angl\u00e8s a Clase Barcelona Language School","og_description":"Les classes particulars d'angl\u00e8s s'adapten a la teva disponibilitat hor\u00e0ria i al teu ritme d'aprenentatge. Professors natius i classes pr\u00e0ctiques!","og_url":"https:\/\/www.academia-barcelona.com\/ca\/cursos-didiomes\/cursos-dangles\/classes-particulars-dangles\/","article_modified_time":"2018-10-02T14:44:56+00:00","twitter_card":"summary_large_image","twitter_misc":{"Temps estimat de lectura":"2 minuts"},"schema":{"@context":"https:\/\/schema.org","@graph":[{"@type":"WebPage","@id":"https:\/\/www.academia-barcelona.com\/ca\/cursos-didiomes\/cursos-dangles\/classes-particulars-dangles\/","url":"https:\/\/www.academia-barcelona.com\/ca\/cursos-didiomes\/cursos-dangles\/classes-particulars-dangles\/","name":"Classes particulars d'angl\u00e8s a Clase Barcelona Language School","isPartOf":{"@id":"https:\/\/www.academia-barcelona.com\/#website"},"datePublished":"2017-05-08T08:55:11+00:00","dateModified":"2018-10-02T14:44:56+00:00","description":"Les classes particulars d'angl\u00e8s s'adapten a la teva disponibilitat hor\u00e0ria i al teu ritme d'aprenentatge. Professors natius i classes pr\u00e0ctiques!","breadcrumb":{"@id":"https:\/\/www.academia-barcelona.com\/ca\/cursos-didiomes\/cursos-dangles\/classes-particulars-dangles\/#breadcrumb"},"inLanguage":"ca","potentialAction":[{"@type":"ReadAction","target":["https:\/\/www.academia-barcelona.com\/ca\/cursos-didiomes\/cursos-dangles\/classes-particulars-dangles\/"]}]},{"@type":"BreadcrumbList","@id":"https:\/\/www.academia-barcelona.com\/ca\/cursos-didiomes\/cursos-dangles\/classes-particulars-dangles\/#breadcrumb","itemListElement":[{"@type":"ListItem","position":1,"name":"Cursos d\u2019idiomes","item":"https:\/\/www.academia-barcelona.com\/ca\/cursos-didiomes\/"},{"@type":"ListItem","position":2,"name":"Cursos d\u2019angl\u00e8s","item":"https:\/\/www.academia-barcelona.com\/ca\/cursos-didiomes\/cursos-dangles\/"},{"@type":"ListItem","position":3,"name":"Classes particulars d&#8217;angl\u00e8s"}]},{"@type":"WebSite","@id":"https:\/\/www.academia-barcelona.com\/#website","url":"https:\/\/www.academia-barcelona.com\/","name":"","description":"","potentialAction":[{"@type":"SearchAction","target":{"@type":"EntryPoint","urlTemplate":"https:\/\/www.academia-barcelona.com\/?s={search_term_string}"},"query-input":{"@type":"PropertyValueSpecification","valueRequired":true,"valueName":"search_term_string"}}],"inLanguage":"ca"}]}},"_links":{"self":[{"href":"https:\/\/www.academia-barcelona.com\/ca\/wp-json\/wp\/v2\/pages\/9002","targetHints":{"allow":["GET"]}}],"collection":[{"href":"https:\/\/www.academia-barcelona.com\/ca\/wp-json\/wp\/v2\/pages"}],"about":[{"href":"https:\/\/www.academia-barcelona.com\/ca\/wp-json\/wp\/v2\/types\/page"}],"author":[{"embeddable":true,"href":"https:\/\/www.academia-barcelona.com\/ca\/wp-json\/wp\/v2\/users\/3"}],"replies":[{"embeddable":true,"href":"https:\/\/www.academia-barcelona.com\/ca\/wp-json\/wp\/v2\/comments?post=9002"}],"version-history":[{"count":8,"href":"https:\/\/www.academia-barcelona.com\/ca\/wp-json\/wp\/v2\/pages\/9002\/revisions"}],"predecessor-version":[{"id":10654,"href":"https:\/\/www.academia-barcelona.com\/ca\/wp-json\/wp\/v2\/pages\/9002\/revisions\/10654"}],"up":[{"embeddable":true,"href":"https:\/\/www.academia-barcelona.com\/ca\/wp-json\/wp\/v2\/pages\/1410"}],"wp:attachment":[{"href":"https:\/\/www.academia-barcelona.com\/ca\/wp-json\/wp\/v2\/media?parent=9002"}],"curies":[{"name":"wp","href":"https:\/\/api.w.org\/{rel}","templated":true}]}}